{"id":1858,"date":"2022-03-04T17:30:41","date_gmt":"2022-03-05T01:30:41","guid":{"rendered":"https:\/\/dev.neilmed.com\/cl\/?page_id=1858"},"modified":"2022-03-04T17:30:41","modified_gmt":"2022-03-05T01:30:41","slug":"profesionales-medicos-y-farmaceuticos","status":"publish","type":"page","link":"https:\/\/www.neilmed.com\/cl\/profesionales-medicos-y-farmaceuticos\/","title":{"rendered":"Profesionales M\u00e9dicos Y Farmac\u00e9uticos"},"content":{"rendered":"\n\n\t<span><span><a href=\"https:\/\/www.neilmed.com\/cl\/\">Home<\/a><\/span><\/span>\n<h2>\n\t\tEXCLUSIVE INFORMATION FOR MEDICAL PROFESSIONALS &amp; PHARMACISTS\n\t<\/h2>\n<h2>\n\t\tM\u00c9DICOS\n\t<\/h2>\n<h2>\n\t\tFARMAC\u00c9UTICOS\n\t<\/h2>\n<h2>\n\t\tAPLICACI\u00d3N DE ENTRENAMIENTO DE PRODUCTOS NEILMED\n\t<\/h2>\n<h2>\n\t\tM\u00c9DICOS\n\t<\/h2>\n<h2>\n\t\tFARMAC\u00c9UTICOS\n\t<\/h2>\n\t\t<h3>Respira f\u00e1cilmente y vuelve a sentir esa agradable sensaci\u00f3n de nariz &#8220;despejada&#8221;<\/h3>\n\t\t\t<a href=\"https:\/\/webstore.neilmed.com\/cl\/\" target=\"_self\" role=\"button\" rel=\"noopener\">\n\t\t\t\t\t\t\tOrdene Ahora\n\t\t\t<\/a>\n\t\t\t\t<img decoding=\"async\" src=\"https:\/\/www.neilmed.com\/cl\/wp-content\/uploads\/sites\/15\/2022\/04\/mail-icon-newsletter.svg\" alt=\"mail-icon-newsletter\" title=\"mail-icon-newsletter\" \/>\n\t<p>En la lista de correos NeilMed para estar al dia en Literatura Medica y Ofertas Promocionales<\/p>\n\t\n          \n      <button type=\"submit\" name=\"commit\" id=\"Subscribe\">\n        Subscribe\n        Go\n      <\/button>\n\n","protected":false},"excerpt":{"rendered":"<p>EXCLUSIVE INFORMATION FOR MEDICAL PROFESSIONALS &amp; PHARMACISTS M\u00c9DICOS FARMAC\u00c9UTICOS APLICACI\u00d3N DE ENTRENAMIENTO DE PRODUCTOS NEILMED M\u00c9DICOS FARMAC\u00c9UTICOS Respira f\u00e1cilmente y vuelve a sentir esa agradable sensaci\u00f3n de nariz &#8220;despejada&#8221; Ordene Ahora En la lista de correos NeilMed para estar al dia en Literatura Medica y Ofertas Promocionales Subscribe Go<\/p>\n","protected":false},"author":1,"featured_media":0,"parent":0,"menu_order":0,"comment_status":"closed","ping_status":"closed","template":"","meta":{"_acf_changed":false,"inline_featured_image":false,"footnotes":""},"categories":[],"tags":[],"class_list":["post-1858","page","type-page","status-publish","hentry"],"yoast_head":"<!-- This site is optimized with the Yoast SEO Premium plugin v27.2 (Yoast SEO v27.3) - https:\/\/yoast.com\/product\/yoast-seo-premium-wordpress\/ -->\n<title>Profesionales M\u00e9dicos Y Farmac\u00e9uticos - NeilMed Pharmaceuticals - Chile<\/title>\n<meta name=\"description\" content=\"Profesionales M\u00e9dicos Y Farmac\u00e9uticos\" \/>\n<meta name=\"robots\" content=\"index, follow, max-snippet:-1, max-image-preview:large, max-video-preview:-1\" \/>\n<link rel=\"canonical\" href=\"https:\/\/www.neilmed.com\/cl\/profesionales-medicos-y-farmaceuticos\/\" \/>\n<meta property=\"og:locale\" content=\"es_ES\" \/>\n<meta property=\"og:type\" content=\"article\" \/>\n<meta property=\"og:title\" content=\"Profesionales M\u00e9dicos Y Farmac\u00e9uticos\" \/>\n<meta property=\"og:description\" content=\"Profesionales M\u00e9dicos Y Farmac\u00e9uticos\" \/>\n<meta property=\"og:url\" content=\"https:\/\/www.neilmed.com\/cl\/profesionales-medicos-y-farmaceuticos\/\" \/>\n<meta property=\"og:site_name\" content=\"NeilMed Pharmaceuticals - Chile\" \/>\n<meta property=\"og:image\" content=\"https:\/\/www.neilmed.com\/cl\/wp-content\/uploads\/sites\/15\/2022\/04\/mail-icon-newsletter.svg\" \/>\n<meta name=\"twitter:card\" content=\"summary_large_image\" \/>\n<script type=\"application\/ld+json\" class=\"yoast-schema-graph\">{\"@context\":\"https:\\\/\\\/schema.org\",\"@graph\":[{\"@type\":\"WebPage\",\"@id\":\"https:\\\/\\\/www.neilmed.com\\\/cl\\\/profesionales-medicos-y-farmaceuticos\\\/\",\"url\":\"https:\\\/\\\/www.neilmed.com\\\/cl\\\/profesionales-medicos-y-farmaceuticos\\\/\",\"name\":\"Profesionales M\u00e9dicos Y Farmac\u00e9uticos - NeilMed Pharmaceuticals - Chile\",\"isPartOf\":{\"@id\":\"https:\\\/\\\/www.neilmed.com\\\/cl\\\/#website\"},\"primaryImageOfPage\":{\"@id\":\"https:\\\/\\\/www.neilmed.com\\\/cl\\\/profesionales-medicos-y-farmaceuticos\\\/#primaryimage\"},\"image\":{\"@id\":\"https:\\\/\\\/www.neilmed.com\\\/cl\\\/profesionales-medicos-y-farmaceuticos\\\/#primaryimage\"},\"thumbnailUrl\":\"https:\\\/\\\/www.neilmed.com\\\/cl\\\/wp-content\\\/uploads\\\/sites\\\/15\\\/2022\\\/04\\\/mail-icon-newsletter.svg\",\"datePublished\":\"2022-03-05T01:30:41+00:00\",\"description\":\"Profesionales M\u00e9dicos Y Farmac\u00e9uticos\",\"breadcrumb\":{\"@id\":\"https:\\\/\\\/www.neilmed.com\\\/cl\\\/profesionales-medicos-y-farmaceuticos\\\/#breadcrumb\"},\"inLanguage\":\"es-CL\",\"potentialAction\":[{\"@type\":\"ReadAction\",\"target\":[\"https:\\\/\\\/www.neilmed.com\\\/cl\\\/profesionales-medicos-y-farmaceuticos\\\/\"]}]},{\"@type\":\"ImageObject\",\"inLanguage\":\"es-CL\",\"@id\":\"https:\\\/\\\/www.neilmed.com\\\/cl\\\/profesionales-medicos-y-farmaceuticos\\\/#primaryimage\",\"url\":\"https:\\\/\\\/www.neilmed.com\\\/cl\\\/wp-content\\\/uploads\\\/sites\\\/15\\\/2022\\\/04\\\/mail-icon-newsletter.svg\",\"contentUrl\":\"https:\\\/\\\/www.neilmed.com\\\/cl\\\/wp-content\\\/uploads\\\/sites\\\/15\\\/2022\\\/04\\\/mail-icon-newsletter.svg\"},{\"@type\":\"BreadcrumbList\",\"@id\":\"https:\\\/\\\/www.neilmed.com\\\/cl\\\/profesionales-medicos-y-farmaceuticos\\\/#breadcrumb\",\"itemListElement\":[{\"@type\":\"ListItem\",\"position\":1,\"name\":\"Home\",\"item\":\"https:\\\/\\\/www.neilmed.com\\\/cl\\\/\"},{\"@type\":\"ListItem\",\"position\":2,\"name\":\"Profesionales M\u00e9dicos Y Farmac\u00e9uticos\"}]},{\"@type\":\"WebSite\",\"@id\":\"https:\\\/\\\/www.neilmed.com\\\/cl\\\/#website\",\"url\":\"https:\\\/\\\/www.neilmed.com\\\/cl\\\/\",\"name\":\"NeilMed Pharmaceuticals - Chile\",\"description\":\"NeilMed Pharmaceuticals: world leader in nasal saline irrigation system | Sinus Rinse | Neti Pot | Nasal Irrigation\",\"potentialAction\":[{\"@type\":\"SearchAction\",\"target\":{\"@type\":\"EntryPoint\",\"urlTemplate\":\"https:\\\/\\\/www.neilmed.com\\\/cl\\\/?s={search_term_string}\"},\"query-input\":{\"@type\":\"PropertyValueSpecification\",\"valueRequired\":true,\"valueName\":\"search_term_string\"}}],\"inLanguage\":\"es-CL\"}]}<\/script>\n<!-- \/ Yoast SEO Premium plugin. -->","yoast_head_json":{"title":"Profesionales M\u00e9dicos Y Farmac\u00e9uticos - NeilMed Pharmaceuticals - Chile","description":"Profesionales M\u00e9dicos Y Farmac\u00e9uticos","robots":{"index":"index","follow":"follow","max-snippet":"max-snippet:-1","max-image-preview":"max-image-preview:large","max-video-preview":"max-video-preview:-1"},"canonical":"https:\/\/www.neilmed.com\/cl\/profesionales-medicos-y-farmaceuticos\/","og_locale":"es_ES","og_type":"article","og_title":"Profesionales M\u00e9dicos Y Farmac\u00e9uticos","og_description":"Profesionales M\u00e9dicos Y Farmac\u00e9uticos","og_url":"https:\/\/www.neilmed.com\/cl\/profesionales-medicos-y-farmaceuticos\/","og_site_name":"NeilMed Pharmaceuticals - Chile","og_image":[{"url":"https:\/\/www.neilmed.com\/cl\/wp-content\/uploads\/sites\/15\/2022\/04\/mail-icon-newsletter.svg","type":"","width":"","height":""}],"twitter_card":"summary_large_image","schema":{"@context":"https:\/\/schema.org","@graph":[{"@type":"WebPage","@id":"https:\/\/www.neilmed.com\/cl\/profesionales-medicos-y-farmaceuticos\/","url":"https:\/\/www.neilmed.com\/cl\/profesionales-medicos-y-farmaceuticos\/","name":"Profesionales M\u00e9dicos Y Farmac\u00e9uticos - NeilMed Pharmaceuticals - Chile","isPartOf":{"@id":"https:\/\/www.neilmed.com\/cl\/#website"},"primaryImageOfPage":{"@id":"https:\/\/www.neilmed.com\/cl\/profesionales-medicos-y-farmaceuticos\/#primaryimage"},"image":{"@id":"https:\/\/www.neilmed.com\/cl\/profesionales-medicos-y-farmaceuticos\/#primaryimage"},"thumbnailUrl":"https:\/\/www.neilmed.com\/cl\/wp-content\/uploads\/sites\/15\/2022\/04\/mail-icon-newsletter.svg","datePublished":"2022-03-05T01:30:41+00:00","description":"Profesionales M\u00e9dicos Y Farmac\u00e9uticos","breadcrumb":{"@id":"https:\/\/www.neilmed.com\/cl\/profesionales-medicos-y-farmaceuticos\/#breadcrumb"},"inLanguage":"es-CL","potentialAction":[{"@type":"ReadAction","target":["https:\/\/www.neilmed.com\/cl\/profesionales-medicos-y-farmaceuticos\/"]}]},{"@type":"ImageObject","inLanguage":"es-CL","@id":"https:\/\/www.neilmed.com\/cl\/profesionales-medicos-y-farmaceuticos\/#primaryimage","url":"https:\/\/www.neilmed.com\/cl\/wp-content\/uploads\/sites\/15\/2022\/04\/mail-icon-newsletter.svg","contentUrl":"https:\/\/www.neilmed.com\/cl\/wp-content\/uploads\/sites\/15\/2022\/04\/mail-icon-newsletter.svg"},{"@type":"BreadcrumbList","@id":"https:\/\/www.neilmed.com\/cl\/profesionales-medicos-y-farmaceuticos\/#breadcrumb","itemListElement":[{"@type":"ListItem","position":1,"name":"Home","item":"https:\/\/www.neilmed.com\/cl\/"},{"@type":"ListItem","position":2,"name":"Profesionales M\u00e9dicos Y Farmac\u00e9uticos"}]},{"@type":"WebSite","@id":"https:\/\/www.neilmed.com\/cl\/#website","url":"https:\/\/www.neilmed.com\/cl\/","name":"NeilMed Pharmaceuticals - Chile","description":"NeilMed Pharmaceuticals: world leader in nasal saline irrigation system | Sinus Rinse | Neti Pot | Nasal Irrigation","potentialAction":[{"@type":"SearchAction","target":{"@type":"EntryPoint","urlTemplate":"https:\/\/www.neilmed.com\/cl\/?s={search_term_string}"},"query-input":{"@type":"PropertyValueSpecification","valueRequired":true,"valueName":"search_term_string"}}],"inLanguage":"es-CL"}]}},"acf":[],"_links":{"self":[{"href":"https:\/\/www.neilmed.com\/cl\/wp-json\/wp\/v2\/pages\/1858","targetHints":{"allow":["GET"]}}],"collection":[{"href":"https:\/\/www.neilmed.com\/cl\/wp-json\/wp\/v2\/pages"}],"about":[{"href":"https:\/\/www.neilmed.com\/cl\/wp-json\/wp\/v2\/types\/page"}],"author":[{"embeddable":true,"href":"https:\/\/www.neilmed.com\/cl\/wp-json\/wp\/v2\/users\/1"}],"replies":[{"embeddable":true,"href":"https:\/\/www.neilmed.com\/cl\/wp-json\/wp\/v2\/comments?post=1858"}],"version-history":[{"count":0,"href":"https:\/\/www.neilmed.com\/cl\/wp-json\/wp\/v2\/pages\/1858\/revisions"}],"wp:attachment":[{"href":"https:\/\/www.neilmed.com\/cl\/wp-json\/wp\/v2\/media?parent=1858"}],"wp:term":[{"taxonomy":"category","embeddable":true,"href":"https:\/\/www.neilmed.com\/cl\/wp-json\/wp\/v2\/categories?post=1858"},{"taxonomy":"post_tag","embeddable":true,"href":"https:\/\/www.neilmed.com\/cl\/wp-json\/wp\/v2\/tags?post=1858"}],"curies":[{"name":"wp","href":"https:\/\/api.w.org\/{rel}","templated":true}]}}