{"id":3409,"date":"2022-04-14T16:46:31","date_gmt":"2022-04-14T23:46:31","guid":{"rendered":"https:\/\/dev.neilmed.com\/can\/?page_id=3409"},"modified":"2024-04-03T12:39:49","modified_gmt":"2024-04-03T19:39:49","slug":"product-training","status":"publish","type":"page","link":"https:\/\/www.neilmed.com\/cr\/product-training\/","title":{"rendered":"Product Training"},"content":{"rendered":"\n\n\t<p>Use our NeilMed<sup>&reg;<\/sup>  Product Training Applications Below<\/p>\n\t\t\t\t<img loading=\"lazy\" decoding=\"async\" src=\"https:\/\/www.neilmed.com\/can\/wp-content\/uploads\/sites\/4\/2022\/03\/ask-a-doctor-300x300.jpeg\" alt=\"Ask A Doctor\" itemprop=\"image\" height=\"300\" width=\"300\" title=\"Ask A Doctor\" onerror=\"this.style.display='none'\"  \/>\n<h2>\n\t\tPhysicians\n\t<\/h2>\n\t<ul>\n<li><a href=\"https:\/\/training.neilmed.com\/ControlP\/data\/view.php?id=10486\" target=\"_blank\" rel=\"noopener\">Cuidado Nasal<\/a><\/li>\n<li><a href=\"https:\/\/training.neilmed.com\/ControlP\/data\/view.php?id=11459\" target=\"_blank\" rel=\"noopener\">Cuidado De O\u00eddos<\/a><\/li>\n<li><a href=\"https:\/\/training.neilmed.com\/ControlP\/data\/view.php?id=12352\" target=\"_blank\" rel=\"noopener\">Beb\u00e9s &amp; Ni\u00f1os<\/a><\/li>\n<\/ul>\n\t\t\t\t<img loading=\"lazy\" decoding=\"async\" src=\"https:\/\/www.neilmed.com\/can\/wp-content\/uploads\/sites\/4\/2022\/04\/rx-300x300.jpeg\" alt=\"Etiqueta tipo app azul simbolo RX\" itemprop=\"image\" height=\"300\" width=\"300\" title=\"Etiqueta tipo app azul simbolo RX\" onerror=\"this.style.display='none'\"  \/>\n<h2>\n\t\tPharmacists\n\t<\/h2>\n\t<ul>\n<li><a href=\"https:\/\/training.neilmed.com\/ControlP\/data\/view.php?id=10486\" target=\"_blank\" rel=\"noopener\">Cuidado Nasal<\/a><\/li>\n<li><a href=\"https:\/\/training.neilmed.com\/ControlP\/data\/view.php?id=11459\" target=\"_blank\" rel=\"noopener\">Cuidado De O\u00eddos<\/a><\/li>\n<li><a href=\"https:\/\/training.neilmed.com\/ControlP\/data\/view.php?id=12352\" target=\"_blank\" rel=\"noopener\">Beb\u00e9s &amp; Ni\u00f1os<\/a><\/li>\n<\/ul>\n\n","protected":false},"excerpt":{"rendered":"<p>Use our NeilMed&reg; Product Training Applications Below Physicians Cuidado Nasal Cuidado De O\u00eddos Beb\u00e9s &amp; Ni\u00f1os Pharmacists Cuidado Nasal Cuidado De O\u00eddos Beb\u00e9s &amp; Ni\u00f1os<\/p>\n","protected":false},"author":1,"featured_media":0,"parent":0,"menu_order":0,"comment_status":"closed","ping_status":"closed","template":"","meta":{"_acf_changed":false,"inline_featured_image":false,"footnotes":""},"categories":[7],"tags":[],"class_list":["post-3409","page","type-page","status-publish","hentry","category-product-information"],"yoast_head":"<!-- This site is optimized with the Yoast SEO Premium plugin v27.2 (Yoast SEO v27.3) - https:\/\/yoast.com\/product\/yoast-seo-premium-wordpress\/ -->\n<title>Product Training - NeilMed Pharmaceuticals - Costa Rica<\/title>\n<meta name=\"description\" content=\"Have questions about how to use our products? Click here to use our product training applications for nasal irrigation and more!\" \/>\n<meta name=\"robots\" content=\"index, follow, max-snippet:-1, max-image-preview:large, max-video-preview:-1\" \/>\n<link rel=\"canonical\" href=\"https:\/\/www.neilmed.com\/cr\/product-training\/\" \/>\n<meta property=\"og:locale\" content=\"es_ES\" \/>\n<meta property=\"og:type\" content=\"article\" \/>\n<meta property=\"og:title\" content=\"Product Training\" \/>\n<meta property=\"og:description\" content=\"Have questions about how to use our products? Click here to use our product training applications for nasal irrigation and more!\" \/>\n<meta property=\"og:url\" content=\"https:\/\/www.neilmed.com\/cr\/product-training\/\" \/>\n<meta property=\"og:site_name\" content=\"NeilMed Pharmaceuticals - Costa Rica\" \/>\n<meta property=\"article:modified_time\" content=\"2024-04-03T19:39:49+00:00\" \/>\n<meta property=\"og:image\" content=\"https:\/\/www.neilmed.com\/can\/wp-content\/uploads\/sites\/4\/2022\/03\/ask-a-doctor-300x300.jpeg\" \/>\n<meta name=\"twitter:card\" content=\"summary_large_image\" \/>\n<meta name=\"twitter:label1\" content=\"Tiempo estimado de lectura\" \/>\n\t<meta name=\"twitter:data1\" content=\"1 minuto\" \/>\n<script type=\"application\/ld+json\" class=\"yoast-schema-graph\">{\"@context\":\"https:\\\/\\\/schema.org\",\"@graph\":[{\"@type\":\"WebPage\",\"@id\":\"https:\\\/\\\/www.neilmed.com\\\/cr\\\/product-training\\\/\",\"url\":\"https:\\\/\\\/www.neilmed.com\\\/cr\\\/product-training\\\/\",\"name\":\"Product Training - NeilMed Pharmaceuticals - Costa Rica\",\"isPartOf\":{\"@id\":\"https:\\\/\\\/www.neilmed.com\\\/cr\\\/#website\"},\"primaryImageOfPage\":{\"@id\":\"https:\\\/\\\/www.neilmed.com\\\/cr\\\/product-training\\\/#primaryimage\"},\"image\":{\"@id\":\"https:\\\/\\\/www.neilmed.com\\\/cr\\\/product-training\\\/#primaryimage\"},\"thumbnailUrl\":\"https:\\\/\\\/www.neilmed.com\\\/can\\\/wp-content\\\/uploads\\\/sites\\\/4\\\/2022\\\/03\\\/ask-a-doctor-300x300.jpeg\",\"datePublished\":\"2022-04-14T23:46:31+00:00\",\"dateModified\":\"2024-04-03T19:39:49+00:00\",\"description\":\"Have questions about how to use our products? Click here to use our product training applications for nasal irrigation and more!\",\"breadcrumb\":{\"@id\":\"https:\\\/\\\/www.neilmed.com\\\/cr\\\/product-training\\\/#breadcrumb\"},\"inLanguage\":\"es-CL\",\"potentialAction\":[{\"@type\":\"ReadAction\",\"target\":[\"https:\\\/\\\/www.neilmed.com\\\/cr\\\/product-training\\\/\"]}]},{\"@type\":\"ImageObject\",\"inLanguage\":\"es-CL\",\"@id\":\"https:\\\/\\\/www.neilmed.com\\\/cr\\\/product-training\\\/#primaryimage\",\"url\":\"https:\\\/\\\/www.neilmed.com\\\/can\\\/wp-content\\\/uploads\\\/sites\\\/4\\\/2022\\\/03\\\/ask-a-doctor-300x300.jpeg\",\"contentUrl\":\"https:\\\/\\\/www.neilmed.com\\\/can\\\/wp-content\\\/uploads\\\/sites\\\/4\\\/2022\\\/03\\\/ask-a-doctor-300x300.jpeg\"},{\"@type\":\"BreadcrumbList\",\"@id\":\"https:\\\/\\\/www.neilmed.com\\\/cr\\\/product-training\\\/#breadcrumb\",\"itemListElement\":[{\"@type\":\"ListItem\",\"position\":1,\"name\":\"Home\",\"item\":\"https:\\\/\\\/www.neilmed.com\\\/cr\\\/\"},{\"@type\":\"ListItem\",\"position\":2,\"name\":\"Product Training\"}]},{\"@type\":\"WebSite\",\"@id\":\"https:\\\/\\\/www.neilmed.com\\\/cr\\\/#website\",\"url\":\"https:\\\/\\\/www.neilmed.com\\\/cr\\\/\",\"name\":\"NeilMed Pharmaceuticals - Costa Rica\",\"description\":\"NeilMed Pharmaceuticals: world leader in nasal saline irrigation system | Sinus Rinse | Neti Pot | Nasal Irrigation\",\"potentialAction\":[{\"@type\":\"SearchAction\",\"target\":{\"@type\":\"EntryPoint\",\"urlTemplate\":\"https:\\\/\\\/www.neilmed.com\\\/cr\\\/?s={search_term_string}\"},\"query-input\":{\"@type\":\"PropertyValueSpecification\",\"valueRequired\":true,\"valueName\":\"search_term_string\"}}],\"inLanguage\":\"es-CL\"}]}<\/script>\n<!-- \/ Yoast SEO Premium plugin. -->","yoast_head_json":{"title":"Product Training - NeilMed Pharmaceuticals - Costa Rica","description":"Have questions about how to use our products? Click here to use our product training applications for nasal irrigation and more!","robots":{"index":"index","follow":"follow","max-snippet":"max-snippet:-1","max-image-preview":"max-image-preview:large","max-video-preview":"max-video-preview:-1"},"canonical":"https:\/\/www.neilmed.com\/cr\/product-training\/","og_locale":"es_ES","og_type":"article","og_title":"Product Training","og_description":"Have questions about how to use our products? Click here to use our product training applications for nasal irrigation and more!","og_url":"https:\/\/www.neilmed.com\/cr\/product-training\/","og_site_name":"NeilMed Pharmaceuticals - Costa Rica","article_modified_time":"2024-04-03T19:39:49+00:00","og_image":[{"url":"https:\/\/www.neilmed.com\/can\/wp-content\/uploads\/sites\/4\/2022\/03\/ask-a-doctor-300x300.jpeg","type":"","width":"","height":""}],"twitter_card":"summary_large_image","twitter_misc":{"Tiempo estimado de lectura":"1 minuto"},"schema":{"@context":"https:\/\/schema.org","@graph":[{"@type":"WebPage","@id":"https:\/\/www.neilmed.com\/cr\/product-training\/","url":"https:\/\/www.neilmed.com\/cr\/product-training\/","name":"Product Training - NeilMed Pharmaceuticals - Costa Rica","isPartOf":{"@id":"https:\/\/www.neilmed.com\/cr\/#website"},"primaryImageOfPage":{"@id":"https:\/\/www.neilmed.com\/cr\/product-training\/#primaryimage"},"image":{"@id":"https:\/\/www.neilmed.com\/cr\/product-training\/#primaryimage"},"thumbnailUrl":"https:\/\/www.neilmed.com\/can\/wp-content\/uploads\/sites\/4\/2022\/03\/ask-a-doctor-300x300.jpeg","datePublished":"2022-04-14T23:46:31+00:00","dateModified":"2024-04-03T19:39:49+00:00","description":"Have questions about how to use our products? Click here to use our product training applications for nasal irrigation and more!","breadcrumb":{"@id":"https:\/\/www.neilmed.com\/cr\/product-training\/#breadcrumb"},"inLanguage":"es-CL","potentialAction":[{"@type":"ReadAction","target":["https:\/\/www.neilmed.com\/cr\/product-training\/"]}]},{"@type":"ImageObject","inLanguage":"es-CL","@id":"https:\/\/www.neilmed.com\/cr\/product-training\/#primaryimage","url":"https:\/\/www.neilmed.com\/can\/wp-content\/uploads\/sites\/4\/2022\/03\/ask-a-doctor-300x300.jpeg","contentUrl":"https:\/\/www.neilmed.com\/can\/wp-content\/uploads\/sites\/4\/2022\/03\/ask-a-doctor-300x300.jpeg"},{"@type":"BreadcrumbList","@id":"https:\/\/www.neilmed.com\/cr\/product-training\/#breadcrumb","itemListElement":[{"@type":"ListItem","position":1,"name":"Home","item":"https:\/\/www.neilmed.com\/cr\/"},{"@type":"ListItem","position":2,"name":"Product Training"}]},{"@type":"WebSite","@id":"https:\/\/www.neilmed.com\/cr\/#website","url":"https:\/\/www.neilmed.com\/cr\/","name":"NeilMed Pharmaceuticals - Costa Rica","description":"NeilMed Pharmaceuticals: world leader in nasal saline irrigation system | Sinus Rinse | Neti Pot | Nasal Irrigation","potentialAction":[{"@type":"SearchAction","target":{"@type":"EntryPoint","urlTemplate":"https:\/\/www.neilmed.com\/cr\/?s={search_term_string}"},"query-input":{"@type":"PropertyValueSpecification","valueRequired":true,"valueName":"search_term_string"}}],"inLanguage":"es-CL"}]}},"acf":[],"_links":{"self":[{"href":"https:\/\/www.neilmed.com\/cr\/wp-json\/wp\/v2\/pages\/3409","targetHints":{"allow":["GET"]}}],"collection":[{"href":"https:\/\/www.neilmed.com\/cr\/wp-json\/wp\/v2\/pages"}],"about":[{"href":"https:\/\/www.neilmed.com\/cr\/wp-json\/wp\/v2\/types\/page"}],"author":[{"embeddable":true,"href":"https:\/\/www.neilmed.com\/cr\/wp-json\/wp\/v2\/users\/1"}],"replies":[{"embeddable":true,"href":"https:\/\/www.neilmed.com\/cr\/wp-json\/wp\/v2\/comments?post=3409"}],"version-history":[{"count":2,"href":"https:\/\/www.neilmed.com\/cr\/wp-json\/wp\/v2\/pages\/3409\/revisions"}],"predecessor-version":[{"id":4742,"href":"https:\/\/www.neilmed.com\/cr\/wp-json\/wp\/v2\/pages\/3409\/revisions\/4742"}],"wp:attachment":[{"href":"https:\/\/www.neilmed.com\/cr\/wp-json\/wp\/v2\/media?parent=3409"}],"wp:term":[{"taxonomy":"category","embeddable":true,"href":"https:\/\/www.neilmed.com\/cr\/wp-json\/wp\/v2\/categories?post=3409"},{"taxonomy":"post_tag","embeddable":true,"href":"https:\/\/www.neilmed.com\/cr\/wp-json\/wp\/v2\/tags?post=3409"}],"curies":[{"name":"wp","href":"https:\/\/api.w.org\/{rel}","templated":true}]}}