{"id":198,"date":"2022-02-17T14:47:31","date_gmt":"2022-02-17T22:47:31","guid":{"rendered":"https:\/\/dev.neilmed.com\/cl\/?page_id=198"},"modified":"2024-01-04T19:41:12","modified_gmt":"2024-01-04T17:41:12","slug":"politica-de-devolucion","status":"publish","type":"page","link":"https:\/\/www.neilmed.com\/es\/politica-de-devolucion\/","title":{"rendered":"Pol\u00edtica De Devoluci\u00f3n"},"content":{"rendered":"\n\n\t<span><span><a href=\"https:\/\/www.neilmed.com\/es\/\">Inicio<\/a><\/span><\/span>\n\t<h2><strong>Gracias por comprar SINUS RINSE<sup>TM<\/sup><\/strong><\/h2>\n<p>Si alguno de los componentes del kit no se encuentra o est\u00e1 da\u00f1ado, por favor no realizar la devoluci\u00f3n en el lugar de compra. Enviar un correo electr\u00f3nico a <a href=\"mailto:infospain@neilmed.com\">infospain@neilmed.com<\/a> o llame a nuestro servicio del cliente al +34 91 062 43 90 o si lo prefiere p\u00f3ngase en contacto con nuestro distribuidor en Espa\u00f1a: Secuoya Medical, S.L.U. C\/ Constituci\u00f3n, 76 08860 Sant Fel\u00edu de Llobregat Barcelona en <a href=\"mailto:info@secuoyamedical.com\">info@secuoyamedical.com<\/a> o llamando al +34 93 016 95 37.<\/p>\nLe enviaremos los reemplazos GRATIS si realiza la llamada dentro de los 10 d\u00edas despu\u00e9s de la compra con acuse del recibo.<br \/>\nSi necesita un reembolso, por favor env\u00edenos el producto y su recibo original dentro de los 90 d\u00edas de la compra. Le devolveremos la cantidad original de facturaci\u00f3n ( menos gastos de env\u00edo y manipulaci\u00f3n costo).\n\t\t\t\t<img loading=\"lazy\" decoding=\"async\" src=\"https:\/\/www.neilmed.com\/es\/wp-content\/uploads\/sites\/25\/2022\/03\/neilmed-LG_SR_TM.svg\" alt=\"NeilMed&amp;reg; Logo\" itemprop=\"image\" height=\"0\" width=\"0\" title=\"neilmed-LG_SR_TM\" onerror=\"this.style.display='none'\"  \/>\n\t<p>L\u00edder en el Mundo en Lavados Nasales de Alto Volumen y Baja Presi\u00f3n<\/p>\n\t<p>Respira f\u00e1cilmente y vuelve a sentir esa agradable sensaci\u00f3n de nariz \u00abdespejada\u00bb<\/p>\n\t\t\t\t<img loading=\"lazy\" decoding=\"async\" src=\"https:\/\/www.neilmed.com\/es\/wp-content\/uploads\/sites\/25\/2022\/04\/mail-icon-newsletter.svg\" alt=\"mail-icon-newsletter\" itemprop=\"image\" height=\"0\" width=\"0\" title=\"mail-icon-newsletter\" onerror=\"this.style.display='none'\"  \/>\n\t<p>En la lista de correos NeilMed para estar al dia en Literatura Medica y Ofertas Promocionales<\/p>\n\t<form method=\"post\" action=\"\/es\/newsletter-sign-up\/\" id=\"ContactFooter\">\n          <input type=\"email\" autocomplete=\"email\" placeholder=\"tu e-mail\"\/>\n      <button type=\"submit\" name=\"commit\" id=\"Subscribe\">\n        SUSCRIBIRSE\n        Go\n      <\/button><\/form>\n\n","protected":false},"excerpt":{"rendered":"<p>Gracias por comprar SINUS RINSETM Si alguno de los componentes del kit no se encuentra o est\u00e1 da\u00f1ado, por favor no realizar la devoluci\u00f3n en el lugar de compra. Enviar un correo electr\u00f3nico a infospain@neilmed.com o llame a nuestro servicio del cliente al +34 91 062 43 90 o si lo prefiere p\u00f3ngase en contacto&hellip;<\/p>\n","protected":false},"author":1,"featured_media":1597,"parent":0,"menu_order":18,"comment_status":"closed","ping_status":"closed","template":"","meta":{"_acf_changed":false,"inline_featured_image":false,"footnotes":""},"categories":[],"tags":[],"class_list":["post-198","page","type-page","status-publish","has-post-thumbnail","hentry"],"yoast_head":"<!-- This site is optimized with the Yoast SEO Premium plugin v27.4 (Yoast SEO v27.4) - https:\/\/yoast.com\/product\/yoast-seo-premium-wordpress\/ -->\n<title>Pol\u00edtica De Devoluci\u00f3n - NeilMed\u00ae Pharmaceuticals - Spain<\/title>\n<meta name=\"description\" content=\"Pol\u00edtica De Devoluci\u00f3n\" \/>\n<meta name=\"robots\" content=\"index, follow, max-snippet:-1, max-image-preview:large, max-video-preview:-1\" \/>\n<link rel=\"canonical\" href=\"https:\/\/www.neilmed.com\/es\/politica-de-devolucion\/\" \/>\n<meta property=\"og:locale\" content=\"es_ES\" \/>\n<meta property=\"og:type\" content=\"article\" \/>\n<meta property=\"og:title\" content=\"Pol\u00edtica De Devoluci\u00f3n\" \/>\n<meta property=\"og:description\" content=\"Pol\u00edtica De Devoluci\u00f3n\" \/>\n<meta property=\"og:url\" content=\"https:\/\/www.neilmed.com\/es\/politica-de-devolucion\/\" \/>\n<meta property=\"og:site_name\" content=\"NeilMed\u00ae Pharmaceuticals - Spain\" \/>\n<meta property=\"article:modified_time\" content=\"2024-01-04T17:41:12+00:00\" \/>\n<meta property=\"og:image\" content=\"https:\/\/www.neilmed.com\/es\/wp-content\/uploads\/sites\/25\/2022\/03\/AdobeStock_308286950-scaled.jpeg\" \/>\n\t<meta property=\"og:image:width\" content=\"2560\" \/>\n\t<meta property=\"og:image:height\" content=\"960\" \/>\n\t<meta property=\"og:image:type\" content=\"image\/jpeg\" \/>\n<meta name=\"twitter:card\" content=\"summary_large_image\" \/>\n<meta name=\"twitter:label1\" content=\"Tiempo de lectura\" \/>\n\t<meta name=\"twitter:data1\" content=\"1 minuto\" \/>\n<script type=\"application\/ld+json\" class=\"yoast-schema-graph\">{\"@context\":\"https:\\\/\\\/schema.org\",\"@graph\":[{\"@type\":\"WebPage\",\"@id\":\"https:\\\/\\\/www.neilmed.com\\\/es\\\/politica-de-devolucion\\\/\",\"url\":\"https:\\\/\\\/www.neilmed.com\\\/es\\\/politica-de-devolucion\\\/\",\"name\":\"Pol\u00edtica De Devoluci\u00f3n - NeilMed\u00ae Pharmaceuticals - Spain\",\"isPartOf\":{\"@id\":\"https:\\\/\\\/www.neilmed.com\\\/es\\\/#website\"},\"primaryImageOfPage\":{\"@id\":\"https:\\\/\\\/www.neilmed.com\\\/es\\\/politica-de-devolucion\\\/#primaryimage\"},\"image\":{\"@id\":\"https:\\\/\\\/www.neilmed.com\\\/es\\\/politica-de-devolucion\\\/#primaryimage\"},\"thumbnailUrl\":\"https:\\\/\\\/www.neilmed.com\\\/es\\\/wp-content\\\/uploads\\\/sites\\\/25\\\/2022\\\/03\\\/AdobeStock_308286950-scaled.jpeg\",\"datePublished\":\"2022-02-17T22:47:31+00:00\",\"dateModified\":\"2024-01-04T17:41:12+00:00\",\"description\":\"Pol\u00edtica De Devoluci\u00f3n\",\"breadcrumb\":{\"@id\":\"https:\\\/\\\/www.neilmed.com\\\/es\\\/politica-de-devolucion\\\/#breadcrumb\"},\"inLanguage\":\"es\",\"potentialAction\":[{\"@type\":\"ReadAction\",\"target\":[\"https:\\\/\\\/www.neilmed.com\\\/es\\\/politica-de-devolucion\\\/\"]}]},{\"@type\":\"ImageObject\",\"inLanguage\":\"es\",\"@id\":\"https:\\\/\\\/www.neilmed.com\\\/es\\\/politica-de-devolucion\\\/#primaryimage\",\"url\":\"https:\\\/\\\/www.neilmed.com\\\/es\\\/wp-content\\\/uploads\\\/sites\\\/25\\\/2022\\\/03\\\/AdobeStock_308286950-scaled.jpeg\",\"contentUrl\":\"https:\\\/\\\/www.neilmed.com\\\/es\\\/wp-content\\\/uploads\\\/sites\\\/25\\\/2022\\\/03\\\/AdobeStock_308286950-scaled.jpeg\",\"width\":2560,\"height\":960,\"caption\":\"Business woman working on modern computer banner or panorama. Person buying online at internet. Laptop focused on keyboard detail with blur hand. copy space for text.\"},{\"@type\":\"BreadcrumbList\",\"@id\":\"https:\\\/\\\/www.neilmed.com\\\/es\\\/politica-de-devolucion\\\/#breadcrumb\",\"itemListElement\":[{\"@type\":\"ListItem\",\"position\":1,\"name\":\"Inicio\",\"item\":\"https:\\\/\\\/www.neilmed.com\\\/es\\\/\"},{\"@type\":\"ListItem\",\"position\":2,\"name\":\"Pol\u00edtica De Devoluci\u00f3n\"}]},{\"@type\":\"WebSite\",\"@id\":\"https:\\\/\\\/www.neilmed.com\\\/es\\\/#website\",\"url\":\"https:\\\/\\\/www.neilmed.com\\\/es\\\/\",\"name\":\"NeilMed\u00ae Pharmaceuticals - Spain\",\"description\":\"NeilMed Pharmaceuticals: world leader in nasal saline irrigation system | Sinus Rinse | Neti Pot | Nasal Irrigation\",\"potentialAction\":[{\"@type\":\"SearchAction\",\"target\":{\"@type\":\"EntryPoint\",\"urlTemplate\":\"https:\\\/\\\/www.neilmed.com\\\/es\\\/?s={search_term_string}\"},\"query-input\":{\"@type\":\"PropertyValueSpecification\",\"valueRequired\":true,\"valueName\":\"search_term_string\"}}],\"inLanguage\":\"es\"}]}<\/script>\n<!-- \/ Yoast SEO Premium plugin. -->","yoast_head_json":{"title":"Pol\u00edtica De Devoluci\u00f3n - NeilMed\u00ae Pharmaceuticals - Spain","description":"Pol\u00edtica De Devoluci\u00f3n","robots":{"index":"index","follow":"follow","max-snippet":"max-snippet:-1","max-image-preview":"max-image-preview:large","max-video-preview":"max-video-preview:-1"},"canonical":"https:\/\/www.neilmed.com\/es\/politica-de-devolucion\/","og_locale":"es_ES","og_type":"article","og_title":"Pol\u00edtica De Devoluci\u00f3n","og_description":"Pol\u00edtica De Devoluci\u00f3n","og_url":"https:\/\/www.neilmed.com\/es\/politica-de-devolucion\/","og_site_name":"NeilMed\u00ae Pharmaceuticals - Spain","article_modified_time":"2024-01-04T17:41:12+00:00","og_image":[{"width":2560,"height":960,"url":"https:\/\/www.neilmed.com\/es\/wp-content\/uploads\/sites\/25\/2022\/03\/AdobeStock_308286950-scaled.jpeg","type":"image\/jpeg"}],"twitter_card":"summary_large_image","twitter_misc":{"Tiempo de lectura":"1 minuto"},"schema":{"@context":"https:\/\/schema.org","@graph":[{"@type":"WebPage","@id":"https:\/\/www.neilmed.com\/es\/politica-de-devolucion\/","url":"https:\/\/www.neilmed.com\/es\/politica-de-devolucion\/","name":"Pol\u00edtica De Devoluci\u00f3n - NeilMed\u00ae Pharmaceuticals - Spain","isPartOf":{"@id":"https:\/\/www.neilmed.com\/es\/#website"},"primaryImageOfPage":{"@id":"https:\/\/www.neilmed.com\/es\/politica-de-devolucion\/#primaryimage"},"image":{"@id":"https:\/\/www.neilmed.com\/es\/politica-de-devolucion\/#primaryimage"},"thumbnailUrl":"https:\/\/www.neilmed.com\/es\/wp-content\/uploads\/sites\/25\/2022\/03\/AdobeStock_308286950-scaled.jpeg","datePublished":"2022-02-17T22:47:31+00:00","dateModified":"2024-01-04T17:41:12+00:00","description":"Pol\u00edtica De Devoluci\u00f3n","breadcrumb":{"@id":"https:\/\/www.neilmed.com\/es\/politica-de-devolucion\/#breadcrumb"},"inLanguage":"es","potentialAction":[{"@type":"ReadAction","target":["https:\/\/www.neilmed.com\/es\/politica-de-devolucion\/"]}]},{"@type":"ImageObject","inLanguage":"es","@id":"https:\/\/www.neilmed.com\/es\/politica-de-devolucion\/#primaryimage","url":"https:\/\/www.neilmed.com\/es\/wp-content\/uploads\/sites\/25\/2022\/03\/AdobeStock_308286950-scaled.jpeg","contentUrl":"https:\/\/www.neilmed.com\/es\/wp-content\/uploads\/sites\/25\/2022\/03\/AdobeStock_308286950-scaled.jpeg","width":2560,"height":960,"caption":"Business woman working on modern computer banner or panorama. Person buying online at internet. Laptop focused on keyboard detail with blur hand. copy space for text."},{"@type":"BreadcrumbList","@id":"https:\/\/www.neilmed.com\/es\/politica-de-devolucion\/#breadcrumb","itemListElement":[{"@type":"ListItem","position":1,"name":"Inicio","item":"https:\/\/www.neilmed.com\/es\/"},{"@type":"ListItem","position":2,"name":"Pol\u00edtica De Devoluci\u00f3n"}]},{"@type":"WebSite","@id":"https:\/\/www.neilmed.com\/es\/#website","url":"https:\/\/www.neilmed.com\/es\/","name":"NeilMed\u00ae Pharmaceuticals - Spain","description":"NeilMed Pharmaceuticals: world leader in nasal saline irrigation system | Sinus Rinse | Neti Pot | Nasal Irrigation","potentialAction":[{"@type":"SearchAction","target":{"@type":"EntryPoint","urlTemplate":"https:\/\/www.neilmed.com\/es\/?s={search_term_string}"},"query-input":{"@type":"PropertyValueSpecification","valueRequired":true,"valueName":"search_term_string"}}],"inLanguage":"es"}]}},"acf":[],"_links":{"self":[{"href":"https:\/\/www.neilmed.com\/es\/wp-json\/wp\/v2\/pages\/198","targetHints":{"allow":["GET"]}}],"collection":[{"href":"https:\/\/www.neilmed.com\/es\/wp-json\/wp\/v2\/pages"}],"about":[{"href":"https:\/\/www.neilmed.com\/es\/wp-json\/wp\/v2\/types\/page"}],"author":[{"embeddable":true,"href":"https:\/\/www.neilmed.com\/es\/wp-json\/wp\/v2\/users\/1"}],"replies":[{"embeddable":true,"href":"https:\/\/www.neilmed.com\/es\/wp-json\/wp\/v2\/comments?post=198"}],"version-history":[{"count":2,"href":"https:\/\/www.neilmed.com\/es\/wp-json\/wp\/v2\/pages\/198\/revisions"}],"predecessor-version":[{"id":6108,"href":"https:\/\/www.neilmed.com\/es\/wp-json\/wp\/v2\/pages\/198\/revisions\/6108"}],"wp:featuredmedia":[{"embeddable":true,"href":"https:\/\/www.neilmed.com\/es\/wp-json\/wp\/v2\/media\/1597"}],"wp:attachment":[{"href":"https:\/\/www.neilmed.com\/es\/wp-json\/wp\/v2\/media?parent=198"}],"wp:term":[{"taxonomy":"category","embeddable":true,"href":"https:\/\/www.neilmed.com\/es\/wp-json\/wp\/v2\/categories?post=198"},{"taxonomy":"post_tag","embeddable":true,"href":"https:\/\/www.neilmed.com\/es\/wp-json\/wp\/v2\/tags?post=198"}],"curies":[{"name":"wp","href":"https:\/\/api.w.org\/{rel}","templated":true}]}}