{"id":247,"date":"2022-02-17T16:42:04","date_gmt":"2022-02-18T00:42:04","guid":{"rendered":"https:\/\/dev.neilmed.com\/cl\/?page_id=247"},"modified":"2023-12-22T21:13:29","modified_gmt":"2023-12-22T19:13:29","slug":"quienes-somos","status":"publish","type":"page","link":"https:\/\/www.neilmed.com\/es\/quienes-somos\/","title":{"rendered":"Qui\u00e9nes Somos"},"content":{"rendered":"\n\n\t<span><span><a href=\"https:\/\/www.neilmed.com\/es\/\">Inicio<\/a><\/span><\/span>\n\t\t\t\t<img loading=\"lazy\" decoding=\"async\" src=\"https:\/\/www.neilmed.com\/es\/wp-content\/uploads\/sites\/25\/2022\/03\/neilmed-LG_SR_TM.svg\" alt=\"NeilMed&amp;reg; Logo\" itemprop=\"image\" height=\"0\" width=\"0\" title=\"neilmed-LG_SR_TM\" onerror=\"this.style.display='none'\"  \/>\n\t<p>L\u00edder en el Mundo en Lavados Nasales de Alto Volumen y Baja Presi\u00f3n<\/p>\n<h2>\n\t\t Perfil Compa\u00f1\u00eda:\n\t<\/h2>\n\t<p>Ketan C. Mehta, MD y Nina Mehta, fundaron NeilMed\u00ae Pharmaceuticals, Inc. en enero de 2000 desde la consulta del Dr. Mehta, y en un breve lapso de 12 a\u00f1os, creci\u00f3 hasta 300 empleados. NeilMed\u00ae es el mayor fabricante y proveedor de sistemas de irrigaci\u00f3n nasal de gran volumen (LVLP) de baja presi\u00f3n en el mundo. La marca de productos NeilMed ayuda a aliviar los s\u00edntomas comunes de los senos nasales de una forma sencilla, segura, eficaz y asequible. La compa\u00f1\u00eda suministra millones de productos a los usuarios finales, a trav\u00e9s de diversos canales comerciales. La casa matriz NeilMed y su planta de fabricaci\u00f3n se encuentran en Santa Rosa, California, USA. Adem\u00e1s, cuenta con oficinas y almacenes en diferentes pa\u00edses del mundo como; Canad\u00e1, Australia, Nueva Zelanda, Reino Unido, Alemania, Malasia, Singapur y la India. En la actualidad se est\u00e1n llevando a cabo expansiones en el sudeste de Asia, Europa, y Am\u00e9rica del Sur. NeilMed abastece a decenas de distribuidores en varios pa\u00edses. El modelo \u00fanico de negocio ha sido de integraci\u00f3n vertical muy estricta para lograr una ejecuci\u00f3n precisa y r\u00e1pida a todo nivel. NeilMed se enorgullece en ser parte de la peque\u00f1a comunidad de Santa Rosa, ubicado en el coraz\u00f3n del Condado de Sonoma, zona de vinos al norte de California.<\/p>\n<p>Los principales productos son NeilMed SINUS RINSE\u2122 y NeilMed\u00ae NasaFlo Neti Pot, los cuales est\u00e1n disponibles en la mayor\u00eda de locales comerciales en EE.UU., Canad\u00e1 y varios otros pa\u00edses. NeilMed cuenta en la actualidad con m\u00e1s de 22 diferentes productos para el cuidado y los senos nasales, y todos los productos son OTC (sin prescripci\u00f3n m\u00e9dica). Con un peque\u00f1o equipo altamente dedicado y comprometido; y un liderazgo en su grupo de trabajo, NeilMed contin\u00faa formulando ideas innovadoras para el mercado. Entre sus planes de diversificaci\u00f3n se incluyen la introducci\u00f3n de dispositivos quir\u00fargicos para hospitales y salas de emergencia. NeilMed apoya la investigaci\u00f3n m\u00e9dica en varios pa\u00edses y cree en el excelente servicio al cliente las 24 horas, ayudando a las comunidades locales, donando en tiempos de desastres naturales, y educar a los profesionales de la salud y los consumidores.<\/p>\n<p>La misi\u00f3n de la empresa es la seguridad, productos asequibles, y la eficacia para sustentar el crecimiento a largo plazo, creando sistemas de lavado nasal sin f\u00e1rmacos para millones de consumidores en todo el mundo.<\/p>\n<p><strong>Declaraci\u00f3n de Calidad<\/strong><\/p>\n<p>NeilMed\u00ae es la marca #1 en Norteam\u00e9rica en dispositivos de irrigaci\u00f3n nasal salinos de alto volumen. Nuestro objetivo es garantizar la m\u00e1xima calidad, seguridad, eficacia y facilidad de uso de nuestros dispositivos a un precio asequible. Estamos muy comprometidos con el cumplimiento de las normas regulatorias, el cliente y los est\u00e1ndares de calidad para lograr crecientes niveles de satisfacci\u00f3n del cliente.<\/p>\n<p>NeilMed\u00ae se enorgullece de la calidad de sus productos, y valora la satisfacci\u00f3n del cliente.\u00a0 Apoyamos las investigaciones m\u00e9dicas en varios centros m\u00e9dicos universitarios. Puedo asegurarle que quedar\u00e1 muy satisfecho con la marca de productos NeilMed\u00ae, y nuestro servicio al cliente.<\/p>\n\t<h3>Informaci\u00f3n de la Compa\u00f1\u00eda:<\/h3>\n<p><strong>Casa Matriz<\/strong><br \/>601 Aviation Blvd.,<br \/>Santa Rosa, California 95403<br \/>USA<br \/>Toll Free (USA &amp; Canada only):<strong> <a href=\"tel:877-477-8633\">+1 877 477 8633<\/a><\/strong><br \/>Tel: <strong><a href=\"tel:707-525-3784\">+1 707 525 3784<\/a><\/strong><br \/>Fax: +1 707 525 3785<br \/>Email:\u00a0<strong><a href=\"mailto:questions@neilmed.com\">questions@neilmed.com<\/a><\/strong><\/p>\n<p>Presidente:\u00a0<strong>Nina Mehta<\/strong><br \/>CEO:\u00a0<strong>Dr. Ketan C. Mehta , MD<\/strong><\/p>\n\t<h3>Oficinas Internacionales<\/h3>\n<p>US, Canad\u00e1, Australia, Nueva Zelanda, Reino Unido, Alemania, Irlanda, Singapur, Jap\u00f3n, Costa Rica, e India<\/p>\n\t<h3>Mayoristas Disponibles<\/h3>\n<p>McKesson, Cardinal, AmerisourceBergen, Unichem, AAH, United Drug, Cahill May Roberts, API, Sigma, Keysun<\/p>\n\t<h3>Distribuci\u00f3n Internacional<\/h3>\n\t<h4>Europa<\/h4>\nReino Unido<br \/>\nIrlanda<br \/>\nPolonia<br \/>\nHungr\u00eda<br \/>\nGrecia<br \/>\nAlemania Importador EU<br \/>\nNoruega<br \/>\nDinamarca<br \/>\nRumania<br \/>\nEspa\u00f1a\n\t<h4>Asia Pacifico<\/h4>\n<p>Australia<br \/>Nueva Zelanda<br \/>Singapur<br \/>Malasia<\/p>\n\t<h4>Otros Mercados<\/h4>\nChile<br \/>\nPanam\u00e1<br \/>\nL\u00edbano<br \/>\nMongolia<br \/>\nHonduras<br \/>\nTrinidad &amp; Tobago<br \/>\nCosta Rica<br \/>\nFilipinas\n\t<p>Respira f\u00e1cilmente y vuelve a sentir esa agradable sensaci\u00f3n de nariz \u00abdespejada\u00bb<\/p>\n\t\t\t\t<img loading=\"lazy\" decoding=\"async\" src=\"https:\/\/www.neilmed.com\/es\/wp-content\/uploads\/sites\/25\/2022\/04\/mail-icon-newsletter.svg\" alt=\"mail-icon-newsletter\" itemprop=\"image\" height=\"0\" width=\"0\" title=\"mail-icon-newsletter\" onerror=\"this.style.display='none'\"  \/>\n\t<p>En la lista de correos NeilMed para estar al dia en Literatura Medica y Ofertas Promocionales<\/p>\n\t<form method=\"post\" action=\"\/ve\/newsletter-sign-up\/\" id=\"ContactFooter\">\n          <input type=\"email\" autocomplete=\"email\" placeholder=\"Your email\"\/>\n      <button type=\"submit\" name=\"commit\" id=\"Subscribe\">\n        Subscribe\n        Go\n      <\/button><\/form>\n\n","protected":false},"excerpt":{"rendered":"<p>L\u00edder en el Mundo en Lavados Nasales de Alto Volumen y Baja Presi\u00f3n Perfil Compa\u00f1\u00eda: Ketan C. Mehta, MD y Nina Mehta, fundaron NeilMed\u00ae Pharmaceuticals, Inc. en enero de 2000 desde la consulta del Dr. Mehta, y en un breve lapso de 12 a\u00f1os, creci\u00f3 hasta 300 empleados. NeilMed\u00ae es el mayor fabricante y proveedor&hellip;<\/p>\n","protected":false},"author":1,"featured_media":2422,"parent":0,"menu_order":1,"comment_status":"closed","ping_status":"closed","template":"","meta":{"_acf_changed":false,"inline_featured_image":false,"footnotes":""},"categories":[],"tags":[],"class_list":["post-247","page","type-page","status-publish","has-post-thumbnail","hentry"],"yoast_head":"<!-- This site is optimized with the Yoast SEO Premium plugin v27.4 (Yoast SEO v27.4) - https:\/\/yoast.com\/product\/yoast-seo-premium-wordpress\/ -->\n<title>Qui\u00e9nes Somos - NeilMed\u00ae Pharmaceuticals - Spain<\/title>\n<meta name=\"description\" content=\"Learn more about NeilMed&reg;. The world&#039;s largest manufacturer and supplier of Large Volume Low Pressure saline nasal irrigation systems.\" \/>\n<meta name=\"robots\" content=\"index, follow, max-snippet:-1, max-image-preview:large, max-video-preview:-1\" \/>\n<link rel=\"canonical\" href=\"https:\/\/www.neilmed.com\/es\/quienes-somos\/\" \/>\n<meta property=\"og:locale\" content=\"es_ES\" \/>\n<meta property=\"og:type\" content=\"article\" \/>\n<meta property=\"og:title\" content=\"Qui\u00e9nes Somos\" \/>\n<meta property=\"og:description\" content=\"Learn more about NeilMed&reg;. The world&#039;s largest manufacturer and supplier of Large Volume Low Pressure saline nasal irrigation systems.\" \/>\n<meta property=\"og:url\" content=\"https:\/\/www.neilmed.com\/es\/quienes-somos\/\" \/>\n<meta property=\"og:site_name\" content=\"NeilMed\u00ae Pharmaceuticals - Spain\" \/>\n<meta property=\"article:modified_time\" content=\"2023-12-22T19:13:29+00:00\" \/>\n<meta property=\"og:image\" content=\"https:\/\/www.neilmed.com\/es\/wp-content\/uploads\/sites\/25\/2022\/03\/nm-logo.jpg\" \/>\n\t<meta property=\"og:image:width\" content=\"241\" \/>\n\t<meta property=\"og:image:height\" content=\"200\" \/>\n\t<meta property=\"og:image:type\" content=\"image\/jpeg\" \/>\n<meta name=\"twitter:card\" content=\"summary_large_image\" \/>\n<meta name=\"twitter:label1\" content=\"Tiempo de lectura\" \/>\n\t<meta name=\"twitter:data1\" content=\"3 minutos\" \/>\n<script type=\"application\/ld+json\" class=\"yoast-schema-graph\">{\"@context\":\"https:\\\/\\\/schema.org\",\"@graph\":[{\"@type\":\"WebPage\",\"@id\":\"https:\\\/\\\/www.neilmed.com\\\/es\\\/quienes-somos\\\/\",\"url\":\"https:\\\/\\\/www.neilmed.com\\\/es\\\/quienes-somos\\\/\",\"name\":\"Qui\u00e9nes Somos - NeilMed\u00ae Pharmaceuticals - Spain\",\"isPartOf\":{\"@id\":\"https:\\\/\\\/www.neilmed.com\\\/es\\\/#website\"},\"primaryImageOfPage\":{\"@id\":\"https:\\\/\\\/www.neilmed.com\\\/es\\\/quienes-somos\\\/#primaryimage\"},\"image\":{\"@id\":\"https:\\\/\\\/www.neilmed.com\\\/es\\\/quienes-somos\\\/#primaryimage\"},\"thumbnailUrl\":\"https:\\\/\\\/www.neilmed.com\\\/es\\\/wp-content\\\/uploads\\\/sites\\\/25\\\/2022\\\/03\\\/nm-logo.jpg\",\"datePublished\":\"2022-02-18T00:42:04+00:00\",\"dateModified\":\"2023-12-22T19:13:29+00:00\",\"description\":\"Learn more about NeilMed&reg;. The world's largest manufacturer and supplier of Large Volume Low Pressure saline nasal irrigation systems.\",\"breadcrumb\":{\"@id\":\"https:\\\/\\\/www.neilmed.com\\\/es\\\/quienes-somos\\\/#breadcrumb\"},\"inLanguage\":\"es\",\"potentialAction\":[{\"@type\":\"ReadAction\",\"target\":[\"https:\\\/\\\/www.neilmed.com\\\/es\\\/quienes-somos\\\/\"]}]},{\"@type\":\"ImageObject\",\"inLanguage\":\"es\",\"@id\":\"https:\\\/\\\/www.neilmed.com\\\/es\\\/quienes-somos\\\/#primaryimage\",\"url\":\"https:\\\/\\\/www.neilmed.com\\\/es\\\/wp-content\\\/uploads\\\/sites\\\/25\\\/2022\\\/03\\\/nm-logo.jpg\",\"contentUrl\":\"https:\\\/\\\/www.neilmed.com\\\/es\\\/wp-content\\\/uploads\\\/sites\\\/25\\\/2022\\\/03\\\/nm-logo.jpg\",\"width\":241,\"height\":200},{\"@type\":\"BreadcrumbList\",\"@id\":\"https:\\\/\\\/www.neilmed.com\\\/es\\\/quienes-somos\\\/#breadcrumb\",\"itemListElement\":[{\"@type\":\"ListItem\",\"position\":1,\"name\":\"Inicio\",\"item\":\"https:\\\/\\\/www.neilmed.com\\\/es\\\/\"},{\"@type\":\"ListItem\",\"position\":2,\"name\":\"Qui\u00e9nes Somos\"}]},{\"@type\":\"WebSite\",\"@id\":\"https:\\\/\\\/www.neilmed.com\\\/es\\\/#website\",\"url\":\"https:\\\/\\\/www.neilmed.com\\\/es\\\/\",\"name\":\"NeilMed\u00ae Pharmaceuticals - Spain\",\"description\":\"NeilMed Pharmaceuticals: world leader in nasal saline irrigation system | Sinus Rinse | Neti Pot | Nasal Irrigation\",\"potentialAction\":[{\"@type\":\"SearchAction\",\"target\":{\"@type\":\"EntryPoint\",\"urlTemplate\":\"https:\\\/\\\/www.neilmed.com\\\/es\\\/?s={search_term_string}\"},\"query-input\":{\"@type\":\"PropertyValueSpecification\",\"valueRequired\":true,\"valueName\":\"search_term_string\"}}],\"inLanguage\":\"es\"}]}<\/script>\n<!-- \/ Yoast SEO Premium plugin. -->","yoast_head_json":{"title":"Qui\u00e9nes Somos - NeilMed\u00ae Pharmaceuticals - Spain","description":"Learn more about NeilMed&reg;. The world's largest manufacturer and supplier of Large Volume Low Pressure saline nasal irrigation systems.","robots":{"index":"index","follow":"follow","max-snippet":"max-snippet:-1","max-image-preview":"max-image-preview:large","max-video-preview":"max-video-preview:-1"},"canonical":"https:\/\/www.neilmed.com\/es\/quienes-somos\/","og_locale":"es_ES","og_type":"article","og_title":"Qui\u00e9nes Somos","og_description":"Learn more about NeilMed&reg;. The world's largest manufacturer and supplier of Large Volume Low Pressure saline nasal irrigation systems.","og_url":"https:\/\/www.neilmed.com\/es\/quienes-somos\/","og_site_name":"NeilMed\u00ae Pharmaceuticals - Spain","article_modified_time":"2023-12-22T19:13:29+00:00","og_image":[{"width":241,"height":200,"url":"https:\/\/www.neilmed.com\/es\/wp-content\/uploads\/sites\/25\/2022\/03\/nm-logo.jpg","type":"image\/jpeg"}],"twitter_card":"summary_large_image","twitter_misc":{"Tiempo de lectura":"3 minutos"},"schema":{"@context":"https:\/\/schema.org","@graph":[{"@type":"WebPage","@id":"https:\/\/www.neilmed.com\/es\/quienes-somos\/","url":"https:\/\/www.neilmed.com\/es\/quienes-somos\/","name":"Qui\u00e9nes Somos - NeilMed\u00ae Pharmaceuticals - Spain","isPartOf":{"@id":"https:\/\/www.neilmed.com\/es\/#website"},"primaryImageOfPage":{"@id":"https:\/\/www.neilmed.com\/es\/quienes-somos\/#primaryimage"},"image":{"@id":"https:\/\/www.neilmed.com\/es\/quienes-somos\/#primaryimage"},"thumbnailUrl":"https:\/\/www.neilmed.com\/es\/wp-content\/uploads\/sites\/25\/2022\/03\/nm-logo.jpg","datePublished":"2022-02-18T00:42:04+00:00","dateModified":"2023-12-22T19:13:29+00:00","description":"Learn more about NeilMed&reg;. The world's largest manufacturer and supplier of Large Volume Low Pressure saline nasal irrigation systems.","breadcrumb":{"@id":"https:\/\/www.neilmed.com\/es\/quienes-somos\/#breadcrumb"},"inLanguage":"es","potentialAction":[{"@type":"ReadAction","target":["https:\/\/www.neilmed.com\/es\/quienes-somos\/"]}]},{"@type":"ImageObject","inLanguage":"es","@id":"https:\/\/www.neilmed.com\/es\/quienes-somos\/#primaryimage","url":"https:\/\/www.neilmed.com\/es\/wp-content\/uploads\/sites\/25\/2022\/03\/nm-logo.jpg","contentUrl":"https:\/\/www.neilmed.com\/es\/wp-content\/uploads\/sites\/25\/2022\/03\/nm-logo.jpg","width":241,"height":200},{"@type":"BreadcrumbList","@id":"https:\/\/www.neilmed.com\/es\/quienes-somos\/#breadcrumb","itemListElement":[{"@type":"ListItem","position":1,"name":"Inicio","item":"https:\/\/www.neilmed.com\/es\/"},{"@type":"ListItem","position":2,"name":"Qui\u00e9nes Somos"}]},{"@type":"WebSite","@id":"https:\/\/www.neilmed.com\/es\/#website","url":"https:\/\/www.neilmed.com\/es\/","name":"NeilMed\u00ae Pharmaceuticals - Spain","description":"NeilMed Pharmaceuticals: world leader in nasal saline irrigation system | Sinus Rinse | Neti Pot | Nasal Irrigation","potentialAction":[{"@type":"SearchAction","target":{"@type":"EntryPoint","urlTemplate":"https:\/\/www.neilmed.com\/es\/?s={search_term_string}"},"query-input":{"@type":"PropertyValueSpecification","valueRequired":true,"valueName":"search_term_string"}}],"inLanguage":"es"}]}},"acf":[],"_links":{"self":[{"href":"https:\/\/www.neilmed.com\/es\/wp-json\/wp\/v2\/pages\/247","targetHints":{"allow":["GET"]}}],"collection":[{"href":"https:\/\/www.neilmed.com\/es\/wp-json\/wp\/v2\/pages"}],"about":[{"href":"https:\/\/www.neilmed.com\/es\/wp-json\/wp\/v2\/types\/page"}],"author":[{"embeddable":true,"href":"https:\/\/www.neilmed.com\/es\/wp-json\/wp\/v2\/users\/1"}],"replies":[{"embeddable":true,"href":"https:\/\/www.neilmed.com\/es\/wp-json\/wp\/v2\/comments?post=247"}],"version-history":[{"count":5,"href":"https:\/\/www.neilmed.com\/es\/wp-json\/wp\/v2\/pages\/247\/revisions"}],"predecessor-version":[{"id":6087,"href":"https:\/\/www.neilmed.com\/es\/wp-json\/wp\/v2\/pages\/247\/revisions\/6087"}],"wp:featuredmedia":[{"embeddable":true,"href":"https:\/\/www.neilmed.com\/es\/wp-json\/wp\/v2\/media\/2422"}],"wp:attachment":[{"href":"https:\/\/www.neilmed.com\/es\/wp-json\/wp\/v2\/media?parent=247"}],"wp:term":[{"taxonomy":"category","embeddable":true,"href":"https:\/\/www.neilmed.com\/es\/wp-json\/wp\/v2\/categories?post=247"},{"taxonomy":"post_tag","embeddable":true,"href":"https:\/\/www.neilmed.com\/es\/wp-json\/wp\/v2\/tags?post=247"}],"curies":[{"name":"wp","href":"https:\/\/api.w.org\/{rel}","templated":true}]}}