{"id":6062,"date":"2023-12-21T22:00:22","date_gmt":"2023-12-21T20:00:22","guid":{"rendered":"https:\/\/www.neilmed.com\/es\/?page_id=6062"},"modified":"2024-02-23T00:26:58","modified_gmt":"2024-02-22T22:26:58","slug":"eventos-y-congresos","status":"publish","type":"page","link":"https:\/\/www.neilmed.com\/es\/eventos-y-congresos\/","title":{"rendered":"Eventos y Congresos"},"content":{"rendered":"\n<h1>\n\t\tEN CONSTRUCCI\u00d3N\n\t<\/h1>\n<h1>\n\t\tPr\u00f3ximos congresos donde nos podr\u00e1s encontrar en Espa\u00f1a, te esperamos.\n\t<\/h1>\n\t<table border=\"1\" width=\"1200\">\n<tbody>\n<tr>\n<th scope=\"col\">Nombre del congreso<\/th>\n<th scope=\"col\">Especialidad<\/th>\n<th scope=\"col\">Ciudad<\/th>\n<th scope=\"col\">Fechas<\/th>\n<\/tr>\n\n<\/tbody>\n<\/table>\n\n","protected":false},"excerpt":{"rendered":"<p>EN CONSTRUCCI\u00d3N Pr\u00f3ximos congresos donde nos podr\u00e1s encontrar en Espa\u00f1a, te esperamos. Nombre del congreso Especialidad Ciudad Fechas<\/p>\n","protected":false},"author":1,"featured_media":0,"parent":0,"menu_order":0,"comment_status":"closed","ping_status":"closed","template":"","meta":{"_acf_changed":false,"inline_featured_image":false,"footnotes":""},"categories":[],"tags":[],"class_list":["post-6062","page","type-page","status-publish","hentry"],"yoast_head":"<!-- This site is optimized with the Yoast SEO Premium plugin v27.4 (Yoast SEO v27.4) - https:\/\/yoast.com\/product\/yoast-seo-premium-wordpress\/ -->\n<title>Eventos y Congresos - NeilMed\u00ae Pharmaceuticals - Spain<\/title>\n<meta name=\"robots\" content=\"index, follow, max-snippet:-1, max-image-preview:large, max-video-preview:-1\" \/>\n<link rel=\"canonical\" href=\"https:\/\/www.neilmed.com\/es\/eventos-y-congresos\/\" \/>\n<meta property=\"og:locale\" content=\"es_ES\" \/>\n<meta property=\"og:type\" content=\"article\" \/>\n<meta property=\"og:title\" content=\"Eventos y Congresos\" \/>\n<meta property=\"og:description\" content=\"EN CONSTRUCCI\u00d3N Pr\u00f3ximos congresos donde nos podr\u00e1s encontrar en Espa\u00f1a, te esperamos. Nombre del congreso Especialidad Ciudad Fechas\" \/>\n<meta property=\"og:url\" content=\"https:\/\/www.neilmed.com\/es\/eventos-y-congresos\/\" \/>\n<meta property=\"og:site_name\" content=\"NeilMed\u00ae Pharmaceuticals - Spain\" \/>\n<meta property=\"article:modified_time\" content=\"2024-02-22T22:26:58+00:00\" \/>\n<meta name=\"twitter:card\" content=\"summary_large_image\" \/>\n<meta name=\"twitter:label1\" content=\"Tiempo de lectura\" \/>\n\t<meta name=\"twitter:data1\" content=\"1 minuto\" \/>\n<script type=\"application\/ld+json\" class=\"yoast-schema-graph\">{\"@context\":\"https:\\\/\\\/schema.org\",\"@graph\":[{\"@type\":\"WebPage\",\"@id\":\"https:\\\/\\\/www.neilmed.com\\\/es\\\/eventos-y-congresos\\\/\",\"url\":\"https:\\\/\\\/www.neilmed.com\\\/es\\\/eventos-y-congresos\\\/\",\"name\":\"Eventos y Congresos - NeilMed\u00ae Pharmaceuticals - Spain\",\"isPartOf\":{\"@id\":\"https:\\\/\\\/www.neilmed.com\\\/es\\\/#website\"},\"datePublished\":\"2023-12-21T20:00:22+00:00\",\"dateModified\":\"2024-02-22T22:26:58+00:00\",\"breadcrumb\":{\"@id\":\"https:\\\/\\\/www.neilmed.com\\\/es\\\/eventos-y-congresos\\\/#breadcrumb\"},\"inLanguage\":\"es\",\"potentialAction\":[{\"@type\":\"ReadAction\",\"target\":[\"https:\\\/\\\/www.neilmed.com\\\/es\\\/eventos-y-congresos\\\/\"]}]},{\"@type\":\"BreadcrumbList\",\"@id\":\"https:\\\/\\\/www.neilmed.com\\\/es\\\/eventos-y-congresos\\\/#breadcrumb\",\"itemListElement\":[{\"@type\":\"ListItem\",\"position\":1,\"name\":\"Inicio\",\"item\":\"https:\\\/\\\/www.neilmed.com\\\/es\\\/\"},{\"@type\":\"ListItem\",\"position\":2,\"name\":\"Eventos y Congresos\"}]},{\"@type\":\"WebSite\",\"@id\":\"https:\\\/\\\/www.neilmed.com\\\/es\\\/#website\",\"url\":\"https:\\\/\\\/www.neilmed.com\\\/es\\\/\",\"name\":\"NeilMed\u00ae Pharmaceuticals - Spain\",\"description\":\"NeilMed Pharmaceuticals: world leader in nasal saline irrigation system | Sinus Rinse | Neti Pot | Nasal Irrigation\",\"potentialAction\":[{\"@type\":\"SearchAction\",\"target\":{\"@type\":\"EntryPoint\",\"urlTemplate\":\"https:\\\/\\\/www.neilmed.com\\\/es\\\/?s={search_term_string}\"},\"query-input\":{\"@type\":\"PropertyValueSpecification\",\"valueRequired\":true,\"valueName\":\"search_term_string\"}}],\"inLanguage\":\"es\"}]}<\/script>\n<!-- \/ Yoast SEO Premium plugin. -->","yoast_head_json":{"title":"Eventos y Congresos - NeilMed\u00ae Pharmaceuticals - Spain","robots":{"index":"index","follow":"follow","max-snippet":"max-snippet:-1","max-image-preview":"max-image-preview:large","max-video-preview":"max-video-preview:-1"},"canonical":"https:\/\/www.neilmed.com\/es\/eventos-y-congresos\/","og_locale":"es_ES","og_type":"article","og_title":"Eventos y Congresos","og_description":"EN CONSTRUCCI\u00d3N Pr\u00f3ximos congresos donde nos podr\u00e1s encontrar en Espa\u00f1a, te esperamos. Nombre del congreso Especialidad Ciudad Fechas","og_url":"https:\/\/www.neilmed.com\/es\/eventos-y-congresos\/","og_site_name":"NeilMed\u00ae Pharmaceuticals - Spain","article_modified_time":"2024-02-22T22:26:58+00:00","twitter_card":"summary_large_image","twitter_misc":{"Tiempo de lectura":"1 minuto"},"schema":{"@context":"https:\/\/schema.org","@graph":[{"@type":"WebPage","@id":"https:\/\/www.neilmed.com\/es\/eventos-y-congresos\/","url":"https:\/\/www.neilmed.com\/es\/eventos-y-congresos\/","name":"Eventos y Congresos - NeilMed\u00ae Pharmaceuticals - Spain","isPartOf":{"@id":"https:\/\/www.neilmed.com\/es\/#website"},"datePublished":"2023-12-21T20:00:22+00:00","dateModified":"2024-02-22T22:26:58+00:00","breadcrumb":{"@id":"https:\/\/www.neilmed.com\/es\/eventos-y-congresos\/#breadcrumb"},"inLanguage":"es","potentialAction":[{"@type":"ReadAction","target":["https:\/\/www.neilmed.com\/es\/eventos-y-congresos\/"]}]},{"@type":"BreadcrumbList","@id":"https:\/\/www.neilmed.com\/es\/eventos-y-congresos\/#breadcrumb","itemListElement":[{"@type":"ListItem","position":1,"name":"Inicio","item":"https:\/\/www.neilmed.com\/es\/"},{"@type":"ListItem","position":2,"name":"Eventos y Congresos"}]},{"@type":"WebSite","@id":"https:\/\/www.neilmed.com\/es\/#website","url":"https:\/\/www.neilmed.com\/es\/","name":"NeilMed\u00ae Pharmaceuticals - Spain","description":"NeilMed Pharmaceuticals: world leader in nasal saline irrigation system | Sinus Rinse | Neti Pot | Nasal Irrigation","potentialAction":[{"@type":"SearchAction","target":{"@type":"EntryPoint","urlTemplate":"https:\/\/www.neilmed.com\/es\/?s={search_term_string}"},"query-input":{"@type":"PropertyValueSpecification","valueRequired":true,"valueName":"search_term_string"}}],"inLanguage":"es"}]}},"acf":[],"_links":{"self":[{"href":"https:\/\/www.neilmed.com\/es\/wp-json\/wp\/v2\/pages\/6062","targetHints":{"allow":["GET"]}}],"collection":[{"href":"https:\/\/www.neilmed.com\/es\/wp-json\/wp\/v2\/pages"}],"about":[{"href":"https:\/\/www.neilmed.com\/es\/wp-json\/wp\/v2\/types\/page"}],"author":[{"embeddable":true,"href":"https:\/\/www.neilmed.com\/es\/wp-json\/wp\/v2\/users\/1"}],"replies":[{"embeddable":true,"href":"https:\/\/www.neilmed.com\/es\/wp-json\/wp\/v2\/comments?post=6062"}],"version-history":[{"count":25,"href":"https:\/\/www.neilmed.com\/es\/wp-json\/wp\/v2\/pages\/6062\/revisions"}],"predecessor-version":[{"id":6161,"href":"https:\/\/www.neilmed.com\/es\/wp-json\/wp\/v2\/pages\/6062\/revisions\/6161"}],"wp:attachment":[{"href":"https:\/\/www.neilmed.com\/es\/wp-json\/wp\/v2\/media?parent=6062"}],"wp:term":[{"taxonomy":"category","embeddable":true,"href":"https:\/\/www.neilmed.com\/es\/wp-json\/wp\/v2\/categories?post=6062"},{"taxonomy":"post_tag","embeddable":true,"href":"https:\/\/www.neilmed.com\/es\/wp-json\/wp\/v2\/tags?post=6062"}],"curies":[{"name":"wp","href":"https:\/\/api.w.org\/{rel}","templated":true}]}}