{"id":1858,"date":"2022-03-04T17:30:41","date_gmt":"2022-03-05T01:30:41","guid":{"rendered":"https:\/\/dev.neilmed.com\/cl\/?page_id=1858"},"modified":"2025-07-24T20:09:43","modified_gmt":"2025-07-24T18:09:43","slug":"professionnels-medicaux-et-pharmaciens","status":"publish","type":"page","link":"https:\/\/www.neilmed.com\/fr\/professionnels-medicaux-et-pharmaciens\/","title":{"rendered":"Professionnels M\u00e9dicaux et Pharmaciens"},"content":{"rendered":"\n\n\t<span><span><a href=\"https:\/\/www.neilmed.com\/fr\/\">Accueil<\/a><\/span><\/span>\n\t\t\t<a href=\"https:\/\/www.neilmed.com\/fr\/informacion-exclusiva-para-medicos\/\" target=\"_self\">\n\t\t\t\t\t\t\tinformation \u00e0 destination des m\u00e9decins\n\t\t\t<\/a>\n\t\t\t<a href=\"https:\/\/www.neilmed.com\/fr\/informacion-exclusiva-para-farmaceuticos\/\" target=\"_self\">\n\t\t\t\t\t\t\tinformation \u00e0 destination des pharmaciens\n\t\t\t<\/a>\n\t\t<h3>Un Nez Sain, une Vie \u00c9panouie <\/h3>\n\t\t\t<a href=\"https:\/\/shopeu.neilmed.com\" target=\"_self\">\n\t\t\t\t\t\t\tCOMMANDEZ MAINTENANT\n\t\t\t<\/a>\n\t\t\t\t<img loading=\"lazy\" decoding=\"async\" src=\"https:\/\/www.neilmed.com\/fr\/wp-content\/uploads\/sites\/27\/2022\/04\/mail-icon-newsletter.svg\" alt=\"mail-icon-newsletter\" itemprop=\"image\" height=\"0\" width=\"0\" title=\"mail-icon-newsletter\" onerror=\"this.style.display='none'\"  \/>\n\t<p>En la lista de correos NeilMed para estar al dia en Literatura Medica y Ofertas Promocionales<\/p>\n\t<form method=\"post\" action=\"\/ve\/newsletter-sign-up\/\" id=\"ContactFooter\">\n          <input type=\"email\" autocomplete=\"email\" placeholder=\"Your email\"\/>\n      <button type=\"submit\" name=\"commit\" id=\"Subscribe\">\n        Subscribe\n        Go\n      <\/button><\/form>\n\n","protected":false},"excerpt":{"rendered":"<p>information \u00e0 destination des m\u00e9decins information \u00e0 destination des pharmaciens Un Nez Sain, une Vie \u00c9panouie COMMANDEZ MAINTENANT En la lista de correos NeilMed para estar al dia en Literatura Medica y Ofertas Promocionales Subscribe Go<\/p>\n","protected":false},"author":1,"featured_media":0,"parent":0,"menu_order":0,"comment_status":"closed","ping_status":"closed","template":"","meta":{"_acf_changed":false,"inline_featured_image":false,"footnotes":""},"categories":[],"tags":[],"class_list":["post-1858","page","type-page","status-publish","hentry"],"yoast_head":"<!-- This site is optimized with the Yoast SEO Premium plugin v27.4 (Yoast SEO v27.5) - https:\/\/yoast.com\/product\/yoast-seo-premium-wordpress\/ -->\n<title>Professionnels M\u00e9dicaux et Pharmaciens - NeilMed\u00ae Pharmaceuticals - France<\/title>\n<meta name=\"description\" content=\"Profesionales M\u00e9dicos Y Farmac\u00e9uticos\" \/>\n<meta name=\"robots\" content=\"index, follow, max-snippet:-1, max-image-preview:large, max-video-preview:-1\" \/>\n<link rel=\"canonical\" href=\"https:\/\/www.neilmed.com\/fr\/professionnels-medicaux-et-pharmaciens\/\" \/>\n<meta property=\"og:locale\" content=\"fr_FR\" \/>\n<meta property=\"og:type\" content=\"article\" \/>\n<meta property=\"og:title\" content=\"Professionnels M\u00e9dicaux et Pharmaciens\" \/>\n<meta property=\"og:description\" content=\"Profesionales M\u00e9dicos Y Farmac\u00e9uticos\" \/>\n<meta property=\"og:url\" content=\"https:\/\/www.neilmed.com\/fr\/professionnels-medicaux-et-pharmaciens\/\" \/>\n<meta property=\"og:site_name\" content=\"NeilMed\u00ae Pharmaceuticals - France\" \/>\n<meta property=\"article:modified_time\" content=\"2025-07-24T18:09:43+00:00\" \/>\n<meta property=\"og:image\" content=\"https:\/\/www.neilmed.com\/fr\/wp-content\/uploads\/sites\/27\/2022\/04\/mail-icon-newsletter.svg\" \/>\n<meta name=\"twitter:card\" content=\"summary_large_image\" \/>\n<meta name=\"twitter:label1\" content=\"Dur\u00e9e de lecture estim\u00e9e\" \/>\n\t<meta name=\"twitter:data1\" content=\"1 minute\" \/>\n<script type=\"application\/ld+json\" class=\"yoast-schema-graph\">{\"@context\":\"https:\\\/\\\/schema.org\",\"@graph\":[{\"@type\":\"WebPage\",\"@id\":\"https:\\\/\\\/www.neilmed.com\\\/fr\\\/professionnels-medicaux-et-pharmaciens\\\/\",\"url\":\"https:\\\/\\\/www.neilmed.com\\\/fr\\\/professionnels-medicaux-et-pharmaciens\\\/\",\"name\":\"Professionnels M\u00e9dicaux et Pharmaciens - NeilMed\u00ae Pharmaceuticals - France\",\"isPartOf\":{\"@id\":\"https:\\\/\\\/www.neilmed.com\\\/fr\\\/#website\"},\"primaryImageOfPage\":{\"@id\":\"https:\\\/\\\/www.neilmed.com\\\/fr\\\/professionnels-medicaux-et-pharmaciens\\\/#primaryimage\"},\"image\":{\"@id\":\"https:\\\/\\\/www.neilmed.com\\\/fr\\\/professionnels-medicaux-et-pharmaciens\\\/#primaryimage\"},\"thumbnailUrl\":\"https:\\\/\\\/www.neilmed.com\\\/fr\\\/wp-content\\\/uploads\\\/sites\\\/27\\\/2022\\\/04\\\/mail-icon-newsletter.svg\",\"datePublished\":\"2022-03-05T01:30:41+00:00\",\"dateModified\":\"2025-07-24T18:09:43+00:00\",\"description\":\"Profesionales M\u00e9dicos Y Farmac\u00e9uticos\",\"breadcrumb\":{\"@id\":\"https:\\\/\\\/www.neilmed.com\\\/fr\\\/professionnels-medicaux-et-pharmaciens\\\/#breadcrumb\"},\"inLanguage\":\"fr-FR\",\"potentialAction\":[{\"@type\":\"ReadAction\",\"target\":[\"https:\\\/\\\/www.neilmed.com\\\/fr\\\/professionnels-medicaux-et-pharmaciens\\\/\"]}]},{\"@type\":\"ImageObject\",\"inLanguage\":\"fr-FR\",\"@id\":\"https:\\\/\\\/www.neilmed.com\\\/fr\\\/professionnels-medicaux-et-pharmaciens\\\/#primaryimage\",\"url\":\"https:\\\/\\\/www.neilmed.com\\\/fr\\\/wp-content\\\/uploads\\\/sites\\\/27\\\/2022\\\/04\\\/mail-icon-newsletter.svg\",\"contentUrl\":\"https:\\\/\\\/www.neilmed.com\\\/fr\\\/wp-content\\\/uploads\\\/sites\\\/27\\\/2022\\\/04\\\/mail-icon-newsletter.svg\"},{\"@type\":\"BreadcrumbList\",\"@id\":\"https:\\\/\\\/www.neilmed.com\\\/fr\\\/professionnels-medicaux-et-pharmaciens\\\/#breadcrumb\",\"itemListElement\":[{\"@type\":\"ListItem\",\"position\":1,\"name\":\"Accueil\",\"item\":\"https:\\\/\\\/www.neilmed.com\\\/fr\\\/\"},{\"@type\":\"ListItem\",\"position\":2,\"name\":\"Professionnels M\u00e9dicaux et Pharmaciens\"}]},{\"@type\":\"WebSite\",\"@id\":\"https:\\\/\\\/www.neilmed.com\\\/fr\\\/#website\",\"url\":\"https:\\\/\\\/www.neilmed.com\\\/fr\\\/\",\"name\":\"NeilMed\u00ae Pharmaceuticals - France\",\"description\":\"NeilMed Pharmaceuticals: world leader in nasal saline irrigation system | Sinus Rinse | Neti Pot | Nasal Irrigation\",\"potentialAction\":[{\"@type\":\"SearchAction\",\"target\":{\"@type\":\"EntryPoint\",\"urlTemplate\":\"https:\\\/\\\/www.neilmed.com\\\/fr\\\/?s={search_term_string}\"},\"query-input\":{\"@type\":\"PropertyValueSpecification\",\"valueRequired\":true,\"valueName\":\"search_term_string\"}}],\"inLanguage\":\"fr-FR\"}]}<\/script>\n<!-- \/ Yoast SEO Premium plugin. -->","yoast_head_json":{"title":"Professionnels M\u00e9dicaux et Pharmaciens - NeilMed\u00ae Pharmaceuticals - France","description":"Profesionales M\u00e9dicos Y Farmac\u00e9uticos","robots":{"index":"index","follow":"follow","max-snippet":"max-snippet:-1","max-image-preview":"max-image-preview:large","max-video-preview":"max-video-preview:-1"},"canonical":"https:\/\/www.neilmed.com\/fr\/professionnels-medicaux-et-pharmaciens\/","og_locale":"fr_FR","og_type":"article","og_title":"Professionnels M\u00e9dicaux et Pharmaciens","og_description":"Profesionales M\u00e9dicos Y Farmac\u00e9uticos","og_url":"https:\/\/www.neilmed.com\/fr\/professionnels-medicaux-et-pharmaciens\/","og_site_name":"NeilMed\u00ae Pharmaceuticals - France","article_modified_time":"2025-07-24T18:09:43+00:00","og_image":[{"url":"https:\/\/www.neilmed.com\/fr\/wp-content\/uploads\/sites\/27\/2022\/04\/mail-icon-newsletter.svg","type":"","width":"","height":""}],"twitter_card":"summary_large_image","twitter_misc":{"Dur\u00e9e de lecture estim\u00e9e":"1 minute"},"schema":{"@context":"https:\/\/schema.org","@graph":[{"@type":"WebPage","@id":"https:\/\/www.neilmed.com\/fr\/professionnels-medicaux-et-pharmaciens\/","url":"https:\/\/www.neilmed.com\/fr\/professionnels-medicaux-et-pharmaciens\/","name":"Professionnels M\u00e9dicaux et Pharmaciens - NeilMed\u00ae Pharmaceuticals - France","isPartOf":{"@id":"https:\/\/www.neilmed.com\/fr\/#website"},"primaryImageOfPage":{"@id":"https:\/\/www.neilmed.com\/fr\/professionnels-medicaux-et-pharmaciens\/#primaryimage"},"image":{"@id":"https:\/\/www.neilmed.com\/fr\/professionnels-medicaux-et-pharmaciens\/#primaryimage"},"thumbnailUrl":"https:\/\/www.neilmed.com\/fr\/wp-content\/uploads\/sites\/27\/2022\/04\/mail-icon-newsletter.svg","datePublished":"2022-03-05T01:30:41+00:00","dateModified":"2025-07-24T18:09:43+00:00","description":"Profesionales M\u00e9dicos Y Farmac\u00e9uticos","breadcrumb":{"@id":"https:\/\/www.neilmed.com\/fr\/professionnels-medicaux-et-pharmaciens\/#breadcrumb"},"inLanguage":"fr-FR","potentialAction":[{"@type":"ReadAction","target":["https:\/\/www.neilmed.com\/fr\/professionnels-medicaux-et-pharmaciens\/"]}]},{"@type":"ImageObject","inLanguage":"fr-FR","@id":"https:\/\/www.neilmed.com\/fr\/professionnels-medicaux-et-pharmaciens\/#primaryimage","url":"https:\/\/www.neilmed.com\/fr\/wp-content\/uploads\/sites\/27\/2022\/04\/mail-icon-newsletter.svg","contentUrl":"https:\/\/www.neilmed.com\/fr\/wp-content\/uploads\/sites\/27\/2022\/04\/mail-icon-newsletter.svg"},{"@type":"BreadcrumbList","@id":"https:\/\/www.neilmed.com\/fr\/professionnels-medicaux-et-pharmaciens\/#breadcrumb","itemListElement":[{"@type":"ListItem","position":1,"name":"Accueil","item":"https:\/\/www.neilmed.com\/fr\/"},{"@type":"ListItem","position":2,"name":"Professionnels M\u00e9dicaux et Pharmaciens"}]},{"@type":"WebSite","@id":"https:\/\/www.neilmed.com\/fr\/#website","url":"https:\/\/www.neilmed.com\/fr\/","name":"NeilMed\u00ae Pharmaceuticals - France","description":"NeilMed Pharmaceuticals: world leader in nasal saline irrigation system | Sinus Rinse | Neti Pot | Nasal Irrigation","potentialAction":[{"@type":"SearchAction","target":{"@type":"EntryPoint","urlTemplate":"https:\/\/www.neilmed.com\/fr\/?s={search_term_string}"},"query-input":{"@type":"PropertyValueSpecification","valueRequired":true,"valueName":"search_term_string"}}],"inLanguage":"fr-FR"}]}},"acf":[],"_links":{"self":[{"href":"https:\/\/www.neilmed.com\/fr\/wp-json\/wp\/v2\/pages\/1858","targetHints":{"allow":["GET"]}}],"collection":[{"href":"https:\/\/www.neilmed.com\/fr\/wp-json\/wp\/v2\/pages"}],"about":[{"href":"https:\/\/www.neilmed.com\/fr\/wp-json\/wp\/v2\/types\/page"}],"author":[{"embeddable":true,"href":"https:\/\/www.neilmed.com\/fr\/wp-json\/wp\/v2\/users\/1"}],"replies":[{"embeddable":true,"href":"https:\/\/www.neilmed.com\/fr\/wp-json\/wp\/v2\/comments?post=1858"}],"version-history":[{"count":11,"href":"https:\/\/www.neilmed.com\/fr\/wp-json\/wp\/v2\/pages\/1858\/revisions"}],"predecessor-version":[{"id":4705,"href":"https:\/\/www.neilmed.com\/fr\/wp-json\/wp\/v2\/pages\/1858\/revisions\/4705"}],"wp:attachment":[{"href":"https:\/\/www.neilmed.com\/fr\/wp-json\/wp\/v2\/media?parent=1858"}],"wp:term":[{"taxonomy":"category","embeddable":true,"href":"https:\/\/www.neilmed.com\/fr\/wp-json\/wp\/v2\/categories?post=1858"},{"taxonomy":"post_tag","embeddable":true,"href":"https:\/\/www.neilmed.com\/fr\/wp-json\/wp\/v2\/tags?post=1858"}],"curies":[{"name":"wp","href":"https:\/\/api.w.org\/{rel}","templated":true}]}}