{"id":190,"date":"2022-02-17T14:45:43","date_gmt":"2022-02-17T22:45:43","guid":{"rendered":"https:\/\/dev.neilmed.com\/cl\/?page_id=190"},"modified":"2025-07-24T20:39:45","modified_gmt":"2025-07-24T18:39:45","slug":"nous-contacter","status":"publish","type":"page","link":"https:\/\/www.neilmed.com\/fr\/nous-contacter\/","title":{"rendered":"Nous Contacter"},"content":{"rendered":"\n\n\t<span><span><a href=\"https:\/\/www.neilmed.com\/fr\/\">Accueil<\/a><\/span><\/span>\n\t<p><a href=\"#contact-us\">Contactez-nous ci-dessous:<\/a><\/p>\n\t<iframe src=\"https:\/\/www.google.com\/maps\/embed\/v1\/place?q=C%2FGabrielGarc%C3%ADa+M%C3%A1rquez%2C+4+20232+Las+Rozas+de+Madrid+Espa%C3%B1a&#038;key=AIzaSyD09zQ9PNDNNy9TadMuzRV_UsPUoWKntt8\" aria-hidden=\"true\"><\/iframe>\n<h2>\n\t\tBUREAU LOCAL\n\t<\/h2>\n\t\tNeilmed France &#8211; Spaces Op\u00e9ra Garnier<br \/>\n7 rue Meyerbeer, Paris, 75009 &#8211; France\n\t\t<p><a href=\"mailto:info.fr@neilmed.com\">info.fr@neilmed.com<\/a><\/p>\n<h2>\n\t\tRESTEZ CONNECT\u00c9\n\t<\/h2>\n\t<p><strong>NeilMed<sup>\u00ae<\/sup><\/strong> s&rsquo;engage \u00e0 vous offrir le meilleur niveau de soutien. Nous vous facilitons l&rsquo;obtention de r\u00e9ponses \u00e0 toutes vos questions concernant l&rsquo;irrigation nasale, la sant\u00e9 nasale ou les produits NeilMed\u00ae. Nous proposons plusieurs moyens pour obtenir de l&rsquo;aide ou nous laisser vos commentaires. S\u00e9lectionnez votre forme de communication pr\u00e9f\u00e9r\u00e9e ci-dessous.<\/p>\n<strong>1. FAQ<\/strong><br \/>\nVisitez notre page FAQ pour les r\u00e9ponses aux questions que nous recevons le plus fr\u00e9quemment. <a href=\"https:\/\/www.neilmed.com\/fr\/faqs\/\">Cliquez ici<\/a>.<br \/>\n<strong>2. T\u00e9l\u00e9phone<\/strong><br \/>\nAppelez-nous gratuitement pour parler directement avec un repr\u00e9sentant du service client\u00e8le au 1-877-477-8633. Notre centre de vente et de support client est disponible pour vous 24 heures sur 24, 7 jours sur 7.<br \/>\n<strong>3. Formulaire de contact <\/strong><br \/>\nRemplissez le formulaire ci-dessous et nous vous r\u00e9pondrons par e-mail. Le temps de r\u00e9ponse est g\u00e9n\u00e9ralement de deux jours ouvrables ou moins.<br \/>\n<strong>4. Email<\/strong><br \/>\nPr\u00e9f\u00e9rez-vous l&#8217;email ou souhaitez-vous nous laisser un commentaire ou un t\u00e9moignage ? Nous appr\u00e9cions vos retours. Envoyez-nous un email \u00e0: <a href=\"mailto:questions@neilmed.com\">questions@neilmed.com<\/a>.\n<p><strong>Si vous avez des questions ou des commentaires, veuillez remplir le formulaire ci-dessous et nous l&rsquo;envoyer.<\/strong><\/p>\n\t\t\t\t<img loading=\"lazy\" decoding=\"async\" src=\"https:\/\/www.neilmed.com\/fr\/wp-content\/uploads\/sites\/27\/2022\/03\/neilmed-tagline.svg\" alt=\"NeilMed&amp;reg; - World Leader in Large Volume &amp; Low Pressure&amp;trade; Saline Nasal Irrigation\" itemprop=\"image\" height=\"0\" width=\"0\" title=\"neilmed-tagline\" onerror=\"this.style.display='none'\"  \/>\n\t\t<h3>Un Nez Sain, une Vie \u00c9panouie <\/h3>\n\t\t\t<a href=\"https:\/\/shopeu.neilmed.com\" target=\"_self\">\n\t\t\t\t\t\t\tCOMMANDEZ MAINTENANT\n\t\t\t<\/a>\n\t\t\t\t<img loading=\"lazy\" decoding=\"async\" src=\"https:\/\/www.neilmed.com\/fr\/wp-content\/uploads\/sites\/27\/2022\/04\/mail-icon-newsletter.svg\" alt=\"mail-icon-newsletter\" itemprop=\"image\" height=\"0\" width=\"0\" title=\"mail-icon-newsletter\" onerror=\"this.style.display='none'\"  \/>\n\t<p>Inscrivez-vous \u00e0 notre newsletter<\/p>\n<p>Rejoignez notre liste de diffusion pour \u00eatre tenu inform\u00e9 des derni\u00e8res offres sp\u00e9ciales, promotions, articles m\u00e9dicaux et publications.<\/p>\n\t<form method=\"post\" action=\"\/fr\/newsletter-sign-up\/\" id=\"ContactFooter\">\n          <input type=\"email\" autocomplete=\"email\" placeholder=\"Your email\"\/>\n      <button type=\"submit\" name=\"commit\" id=\"Subscribe\">\n        Subscribe\n        Go\n      <\/button><\/form>\n\n","protected":false},"excerpt":{"rendered":"<p>Contactez-nous ci-dessous: BUREAU LOCAL Neilmed France &#8211; Spaces Op\u00e9ra Garnier 7 rue Meyerbeer, Paris, 75009 &#8211; France info.fr@neilmed.com RESTEZ CONNECT\u00c9 NeilMed\u00ae s&rsquo;engage \u00e0 vous offrir le meilleur niveau de soutien. Nous vous facilitons l&rsquo;obtention de r\u00e9ponses \u00e0 toutes vos questions concernant l&rsquo;irrigation nasale, la sant\u00e9 nasale ou les produits NeilMed\u00ae. Nous proposons plusieurs moyens pour&hellip;<\/p>\n","protected":false},"author":1,"featured_media":2422,"parent":0,"menu_order":14,"comment_status":"closed","ping_status":"closed","template":"","meta":{"_acf_changed":false,"inline_featured_image":false,"footnotes":""},"categories":[],"tags":[],"class_list":["post-190","page","type-page","status-publish","has-post-thumbnail","hentry"],"yoast_head":"<!-- This site is optimized with the Yoast SEO Premium plugin v27.4 (Yoast SEO v27.5) - https:\/\/yoast.com\/product\/yoast-seo-premium-wordpress\/ -->\n<title>Nous Contacter - NeilMed\u00ae Pharmaceuticals - France<\/title>\n<meta name=\"description\" content=\"Nous Contacter\" \/>\n<meta name=\"robots\" content=\"index, follow, max-snippet:-1, max-image-preview:large, max-video-preview:-1\" \/>\n<link rel=\"canonical\" href=\"https:\/\/www.neilmed.com\/fr\/nous-contacter\/\" \/>\n<meta property=\"og:locale\" content=\"fr_FR\" \/>\n<meta property=\"og:type\" content=\"article\" \/>\n<meta property=\"og:title\" content=\"Nous Contacter\" \/>\n<meta property=\"og:description\" content=\"Nous Contacter\" \/>\n<meta property=\"og:url\" content=\"https:\/\/www.neilmed.com\/fr\/nous-contacter\/\" \/>\n<meta property=\"og:site_name\" content=\"NeilMed\u00ae Pharmaceuticals - France\" \/>\n<meta property=\"article:modified_time\" content=\"2025-07-24T18:39:45+00:00\" \/>\n<meta property=\"og:image\" content=\"https:\/\/www.neilmed.com\/fr\/wp-content\/uploads\/sites\/27\/2022\/03\/nm-logo.jpg\" \/>\n\t<meta property=\"og:image:width\" content=\"241\" \/>\n\t<meta property=\"og:image:height\" content=\"200\" \/>\n\t<meta property=\"og:image:type\" content=\"image\/jpeg\" \/>\n<meta name=\"twitter:card\" content=\"summary_large_image\" \/>\n<meta name=\"twitter:label1\" content=\"Dur\u00e9e de lecture estim\u00e9e\" \/>\n\t<meta name=\"twitter:data1\" content=\"2 minutes\" \/>\n<script type=\"application\/ld+json\" class=\"yoast-schema-graph\">{\"@context\":\"https:\\\/\\\/schema.org\",\"@graph\":[{\"@type\":\"WebPage\",\"@id\":\"https:\\\/\\\/www.neilmed.com\\\/fr\\\/nous-contacter\\\/\",\"url\":\"https:\\\/\\\/www.neilmed.com\\\/fr\\\/nous-contacter\\\/\",\"name\":\"Nous Contacter - NeilMed\u00ae Pharmaceuticals - France\",\"isPartOf\":{\"@id\":\"https:\\\/\\\/www.neilmed.com\\\/fr\\\/#website\"},\"primaryImageOfPage\":{\"@id\":\"https:\\\/\\\/www.neilmed.com\\\/fr\\\/nous-contacter\\\/#primaryimage\"},\"image\":{\"@id\":\"https:\\\/\\\/www.neilmed.com\\\/fr\\\/nous-contacter\\\/#primaryimage\"},\"thumbnailUrl\":\"https:\\\/\\\/www.neilmed.com\\\/fr\\\/wp-content\\\/uploads\\\/sites\\\/27\\\/2022\\\/03\\\/nm-logo.jpg\",\"datePublished\":\"2022-02-17T22:45:43+00:00\",\"dateModified\":\"2025-07-24T18:39:45+00:00\",\"description\":\"Nous Contacter\",\"breadcrumb\":{\"@id\":\"https:\\\/\\\/www.neilmed.com\\\/fr\\\/nous-contacter\\\/#breadcrumb\"},\"inLanguage\":\"fr-FR\",\"potentialAction\":[{\"@type\":\"ReadAction\",\"target\":[\"https:\\\/\\\/www.neilmed.com\\\/fr\\\/nous-contacter\\\/\"]}]},{\"@type\":\"ImageObject\",\"inLanguage\":\"fr-FR\",\"@id\":\"https:\\\/\\\/www.neilmed.com\\\/fr\\\/nous-contacter\\\/#primaryimage\",\"url\":\"https:\\\/\\\/www.neilmed.com\\\/fr\\\/wp-content\\\/uploads\\\/sites\\\/27\\\/2022\\\/03\\\/nm-logo.jpg\",\"contentUrl\":\"https:\\\/\\\/www.neilmed.com\\\/fr\\\/wp-content\\\/uploads\\\/sites\\\/27\\\/2022\\\/03\\\/nm-logo.jpg\",\"width\":241,\"height\":200},{\"@type\":\"BreadcrumbList\",\"@id\":\"https:\\\/\\\/www.neilmed.com\\\/fr\\\/nous-contacter\\\/#breadcrumb\",\"itemListElement\":[{\"@type\":\"ListItem\",\"position\":1,\"name\":\"Accueil\",\"item\":\"https:\\\/\\\/www.neilmed.com\\\/fr\\\/\"},{\"@type\":\"ListItem\",\"position\":2,\"name\":\"Nous Contacter\"}]},{\"@type\":\"WebSite\",\"@id\":\"https:\\\/\\\/www.neilmed.com\\\/fr\\\/#website\",\"url\":\"https:\\\/\\\/www.neilmed.com\\\/fr\\\/\",\"name\":\"NeilMed\u00ae Pharmaceuticals - France\",\"description\":\"NeilMed Pharmaceuticals: world leader in nasal saline irrigation system | Sinus Rinse | Neti Pot | Nasal Irrigation\",\"potentialAction\":[{\"@type\":\"SearchAction\",\"target\":{\"@type\":\"EntryPoint\",\"urlTemplate\":\"https:\\\/\\\/www.neilmed.com\\\/fr\\\/?s={search_term_string}\"},\"query-input\":{\"@type\":\"PropertyValueSpecification\",\"valueRequired\":true,\"valueName\":\"search_term_string\"}}],\"inLanguage\":\"fr-FR\"}]}<\/script>\n<!-- \/ Yoast SEO Premium plugin. -->","yoast_head_json":{"title":"Nous Contacter - NeilMed\u00ae Pharmaceuticals - France","description":"Nous Contacter","robots":{"index":"index","follow":"follow","max-snippet":"max-snippet:-1","max-image-preview":"max-image-preview:large","max-video-preview":"max-video-preview:-1"},"canonical":"https:\/\/www.neilmed.com\/fr\/nous-contacter\/","og_locale":"fr_FR","og_type":"article","og_title":"Nous Contacter","og_description":"Nous Contacter","og_url":"https:\/\/www.neilmed.com\/fr\/nous-contacter\/","og_site_name":"NeilMed\u00ae Pharmaceuticals - France","article_modified_time":"2025-07-24T18:39:45+00:00","og_image":[{"width":241,"height":200,"url":"https:\/\/www.neilmed.com\/fr\/wp-content\/uploads\/sites\/27\/2022\/03\/nm-logo.jpg","type":"image\/jpeg"}],"twitter_card":"summary_large_image","twitter_misc":{"Dur\u00e9e de lecture estim\u00e9e":"2 minutes"},"schema":{"@context":"https:\/\/schema.org","@graph":[{"@type":"WebPage","@id":"https:\/\/www.neilmed.com\/fr\/nous-contacter\/","url":"https:\/\/www.neilmed.com\/fr\/nous-contacter\/","name":"Nous Contacter - NeilMed\u00ae Pharmaceuticals - France","isPartOf":{"@id":"https:\/\/www.neilmed.com\/fr\/#website"},"primaryImageOfPage":{"@id":"https:\/\/www.neilmed.com\/fr\/nous-contacter\/#primaryimage"},"image":{"@id":"https:\/\/www.neilmed.com\/fr\/nous-contacter\/#primaryimage"},"thumbnailUrl":"https:\/\/www.neilmed.com\/fr\/wp-content\/uploads\/sites\/27\/2022\/03\/nm-logo.jpg","datePublished":"2022-02-17T22:45:43+00:00","dateModified":"2025-07-24T18:39:45+00:00","description":"Nous Contacter","breadcrumb":{"@id":"https:\/\/www.neilmed.com\/fr\/nous-contacter\/#breadcrumb"},"inLanguage":"fr-FR","potentialAction":[{"@type":"ReadAction","target":["https:\/\/www.neilmed.com\/fr\/nous-contacter\/"]}]},{"@type":"ImageObject","inLanguage":"fr-FR","@id":"https:\/\/www.neilmed.com\/fr\/nous-contacter\/#primaryimage","url":"https:\/\/www.neilmed.com\/fr\/wp-content\/uploads\/sites\/27\/2022\/03\/nm-logo.jpg","contentUrl":"https:\/\/www.neilmed.com\/fr\/wp-content\/uploads\/sites\/27\/2022\/03\/nm-logo.jpg","width":241,"height":200},{"@type":"BreadcrumbList","@id":"https:\/\/www.neilmed.com\/fr\/nous-contacter\/#breadcrumb","itemListElement":[{"@type":"ListItem","position":1,"name":"Accueil","item":"https:\/\/www.neilmed.com\/fr\/"},{"@type":"ListItem","position":2,"name":"Nous Contacter"}]},{"@type":"WebSite","@id":"https:\/\/www.neilmed.com\/fr\/#website","url":"https:\/\/www.neilmed.com\/fr\/","name":"NeilMed\u00ae Pharmaceuticals - France","description":"NeilMed Pharmaceuticals: world leader in nasal saline irrigation system | Sinus Rinse | Neti Pot | Nasal Irrigation","potentialAction":[{"@type":"SearchAction","target":{"@type":"EntryPoint","urlTemplate":"https:\/\/www.neilmed.com\/fr\/?s={search_term_string}"},"query-input":{"@type":"PropertyValueSpecification","valueRequired":true,"valueName":"search_term_string"}}],"inLanguage":"fr-FR"}]}},"acf":[],"_links":{"self":[{"href":"https:\/\/www.neilmed.com\/fr\/wp-json\/wp\/v2\/pages\/190","targetHints":{"allow":["GET"]}}],"collection":[{"href":"https:\/\/www.neilmed.com\/fr\/wp-json\/wp\/v2\/pages"}],"about":[{"href":"https:\/\/www.neilmed.com\/fr\/wp-json\/wp\/v2\/types\/page"}],"author":[{"embeddable":true,"href":"https:\/\/www.neilmed.com\/fr\/wp-json\/wp\/v2\/users\/1"}],"replies":[{"embeddable":true,"href":"https:\/\/www.neilmed.com\/fr\/wp-json\/wp\/v2\/comments?post=190"}],"version-history":[{"count":13,"href":"https:\/\/www.neilmed.com\/fr\/wp-json\/wp\/v2\/pages\/190\/revisions"}],"predecessor-version":[{"id":4710,"href":"https:\/\/www.neilmed.com\/fr\/wp-json\/wp\/v2\/pages\/190\/revisions\/4710"}],"wp:featuredmedia":[{"embeddable":true,"href":"https:\/\/www.neilmed.com\/fr\/wp-json\/wp\/v2\/media\/2422"}],"wp:attachment":[{"href":"https:\/\/www.neilmed.com\/fr\/wp-json\/wp\/v2\/media?parent=190"}],"wp:term":[{"taxonomy":"category","embeddable":true,"href":"https:\/\/www.neilmed.com\/fr\/wp-json\/wp\/v2\/categories?post=190"},{"taxonomy":"post_tag","embeddable":true,"href":"https:\/\/www.neilmed.com\/fr\/wp-json\/wp\/v2\/tags?post=190"}],"curies":[{"name":"wp","href":"https:\/\/api.w.org\/{rel}","templated":true}]}}