{"id":192,"date":"2022-02-17T14:46:40","date_gmt":"2022-02-17T22:46:40","guid":{"rendered":"https:\/\/dev.neilmed.com\/cl\/?page_id=192"},"modified":"2024-04-30T23:31:31","modified_gmt":"2024-04-30T21:31:31","slug":"avertissement-de-neilmed","status":"publish","type":"page","link":"https:\/\/www.neilmed.com\/fr\/avertissement-de-neilmed\/","title":{"rendered":"Avertissement de NeilMed\u00ae"},"content":{"rendered":"\n\n\t<span><span><a href=\"https:\/\/www.neilmed.com\/fr\/\">Accueil<\/a><\/span><\/span>\n\t<h2><strong>Avertissement de NeilMed\u00ae<\/strong><\/h2>\n<p>Le contenu du site web de NeilMed\u00ae, tel que le texte, les graphiques, les images et les informations obtenues aupr\u00e8s des fournisseurs de licences de NeilMed\u00ae, ainsi que tout autre mat\u00e9riel contenu sur le site web de NeilMed\u00ae (le \u00ab\u00a0Contenu\u00a0\u00bb), est fourni \u00e0 des fins d&rsquo;information uniquement. Le Contenu n&rsquo;a pas pour but de se substituer \u00e0 un avis m\u00e9dical professionnel, \u00e0 un diagnostic, ou \u00e0 un traitement m\u00e9dical. Nous vous encourageons vivement \u00e0 consulter votre m\u00e9decin ou un autre professionnel de la sant\u00e9 qualifi\u00e9 pour toute question que vous pourriez avoir concernant une condition m\u00e9dicale. Ne n\u00e9gligez jamais un avis m\u00e9dical professionnel ni ne retardez la recherche de soins m\u00e9dicaux en raison de ce que vous avez lu sur le site web de NeilMed\u00ae.<\/p>\n<p>En cas de situation d&rsquo;urgence m\u00e9dicale, nous vous recommandons de contacter imm\u00e9diatement votre m\u00e9decin traitant ou le 15 (SAMU) en France. Vous pouvez \u00e9galement composer un num\u00e9ro de t\u00e9l\u00e9phone d&rsquo;urgence fourni par votre compagnie de t\u00e9l\u00e9phone locale ou par des organismes gouvernementaux. NeilMed\u00ae ne recommande ni n&rsquo;approuve aucun test, m\u00e9decin, produit, proc\u00e9dure, avis, ou autre information qui pourrait \u00eatre mentionn\u00e9 sur le site web. Faire confiance \u00e0 toute information fournie par NeilMed\u00ae, les employ\u00e9s de NeilMed\u00ae, d&rsquo;autres personnes invit\u00e9es sur le site par NeilMed\u00ae, ou d&rsquo;autres visiteurs du site, se fait enti\u00e8rement \u00e0 vos propres risques.<\/p>\n\t\t\t\t<img loading=\"lazy\" decoding=\"async\" src=\"https:\/\/www.neilmed.com\/fr\/wp-content\/uploads\/sites\/27\/2022\/03\/neilmed-LG_SR_TM.svg\" alt=\"NeilMed&amp;reg; Logo\" itemprop=\"image\" height=\"0\" width=\"0\" title=\"neilmed-LG_SR_TM\" onerror=\"this.style.display='none'\"  \/>\n\t\t<h3>Un Nez Sain, une Vie \u00c9panouie <\/h3>\n\t\t\t<a href=\"\" target=\"_self\" rel=\"noopener\">\n\t\t\t\t\t\t\tCOMMANDER MAINTENANT\n\t\t\t<\/a>\n\t\t\t\t<img loading=\"lazy\" decoding=\"async\" src=\"https:\/\/www.neilmed.com\/fr\/wp-content\/uploads\/sites\/27\/2022\/04\/mail-icon-newsletter.svg\" alt=\"mail-icon-newsletter\" itemprop=\"image\" height=\"0\" width=\"0\" title=\"mail-icon-newsletter\" onerror=\"this.style.display='none'\"  \/>\n\t<p><strong>Newsletter Subscription <\/strong><\/p>\n<p>Restez Connect\u00e9 avec NeilMed\u00ae Inscrivez-vous \u00e0 notre newsletter pour recevoir des mises \u00e0 jour sur nos offres sp\u00e9ciales, des informations m\u00e9dicales et plus encore.<\/p>\n\t<form method=\"post\" action=\"\/fr\/newsletter-sign-up\/\" id=\"ContactFooter\">\n          <input type=\"email\" autocomplete=\"email\" placeholder=\"Your email\"\/>\n      <button type=\"submit\" name=\"commit\" id=\"Subscribe\">\n        Subscribe\n        Go\n      <\/button><\/form>\n\n","protected":false},"excerpt":{"rendered":"<p>Avertissement de NeilMed\u00ae Le contenu du site web de NeilMed\u00ae, tel que le texte, les graphiques, les images et les informations obtenues aupr\u00e8s des fournisseurs de licences de NeilMed\u00ae, ainsi que tout autre mat\u00e9riel contenu sur le site web de NeilMed\u00ae (le \u00ab\u00a0Contenu\u00a0\u00bb), est fourni \u00e0 des fins d&rsquo;information uniquement. Le Contenu n&rsquo;a pas pour&hellip;<\/p>\n","protected":false},"author":1,"featured_media":1597,"parent":0,"menu_order":15,"comment_status":"closed","ping_status":"closed","template":"","meta":{"_acf_changed":false,"inline_featured_image":false,"footnotes":""},"categories":[],"tags":[],"class_list":["post-192","page","type-page","status-publish","has-post-thumbnail","hentry"],"yoast_head":"<!-- This site is optimized with the Yoast SEO Premium plugin v27.4 (Yoast SEO v27.5) - https:\/\/yoast.com\/product\/yoast-seo-premium-wordpress\/ -->\n<title>Avertissement de NeilMed\u00ae - NeilMed\u00ae Pharmaceuticals - France<\/title>\n<meta name=\"description\" content=\"Avertissement de NeilMed\u00ae\" \/>\n<meta name=\"robots\" content=\"index, follow, max-snippet:-1, max-image-preview:large, max-video-preview:-1\" \/>\n<link rel=\"canonical\" href=\"https:\/\/www.neilmed.com\/fr\/avertissement-de-neilmed\/\" \/>\n<meta property=\"og:locale\" content=\"fr_FR\" \/>\n<meta property=\"og:type\" content=\"article\" \/>\n<meta property=\"og:title\" content=\"Avertissement de NeilMed\u00ae\" \/>\n<meta property=\"og:description\" content=\"Avertissement de NeilMed\u00ae\" \/>\n<meta property=\"og:url\" content=\"https:\/\/www.neilmed.com\/fr\/avertissement-de-neilmed\/\" \/>\n<meta property=\"og:site_name\" content=\"NeilMed\u00ae Pharmaceuticals - France\" \/>\n<meta property=\"article:modified_time\" content=\"2024-04-30T21:31:31+00:00\" \/>\n<meta property=\"og:image\" content=\"https:\/\/www.neilmed.com\/fr\/wp-content\/uploads\/sites\/27\/2022\/03\/AdobeStock_308286950-scaled.jpeg\" \/>\n\t<meta property=\"og:image:width\" content=\"2560\" \/>\n\t<meta property=\"og:image:height\" content=\"960\" \/>\n\t<meta property=\"og:image:type\" content=\"image\/jpeg\" \/>\n<meta name=\"twitter:card\" content=\"summary_large_image\" \/>\n<meta name=\"twitter:label1\" content=\"Dur\u00e9e de lecture estim\u00e9e\" \/>\n\t<meta name=\"twitter:data1\" content=\"2 minutes\" \/>\n<script type=\"application\/ld+json\" class=\"yoast-schema-graph\">{\"@context\":\"https:\\\/\\\/schema.org\",\"@graph\":[{\"@type\":\"WebPage\",\"@id\":\"https:\\\/\\\/www.neilmed.com\\\/fr\\\/avertissement-de-neilmed\\\/\",\"url\":\"https:\\\/\\\/www.neilmed.com\\\/fr\\\/avertissement-de-neilmed\\\/\",\"name\":\"Avertissement de NeilMed\u00ae - NeilMed\u00ae Pharmaceuticals - France\",\"isPartOf\":{\"@id\":\"https:\\\/\\\/www.neilmed.com\\\/fr\\\/#website\"},\"primaryImageOfPage\":{\"@id\":\"https:\\\/\\\/www.neilmed.com\\\/fr\\\/avertissement-de-neilmed\\\/#primaryimage\"},\"image\":{\"@id\":\"https:\\\/\\\/www.neilmed.com\\\/fr\\\/avertissement-de-neilmed\\\/#primaryimage\"},\"thumbnailUrl\":\"https:\\\/\\\/www.neilmed.com\\\/fr\\\/wp-content\\\/uploads\\\/sites\\\/27\\\/2022\\\/03\\\/AdobeStock_308286950-scaled.jpeg\",\"datePublished\":\"2022-02-17T22:46:40+00:00\",\"dateModified\":\"2024-04-30T21:31:31+00:00\",\"description\":\"Avertissement de NeilMed\u00ae\",\"breadcrumb\":{\"@id\":\"https:\\\/\\\/www.neilmed.com\\\/fr\\\/avertissement-de-neilmed\\\/#breadcrumb\"},\"inLanguage\":\"fr-FR\",\"potentialAction\":[{\"@type\":\"ReadAction\",\"target\":[\"https:\\\/\\\/www.neilmed.com\\\/fr\\\/avertissement-de-neilmed\\\/\"]}]},{\"@type\":\"ImageObject\",\"inLanguage\":\"fr-FR\",\"@id\":\"https:\\\/\\\/www.neilmed.com\\\/fr\\\/avertissement-de-neilmed\\\/#primaryimage\",\"url\":\"https:\\\/\\\/www.neilmed.com\\\/fr\\\/wp-content\\\/uploads\\\/sites\\\/27\\\/2022\\\/03\\\/AdobeStock_308286950-scaled.jpeg\",\"contentUrl\":\"https:\\\/\\\/www.neilmed.com\\\/fr\\\/wp-content\\\/uploads\\\/sites\\\/27\\\/2022\\\/03\\\/AdobeStock_308286950-scaled.jpeg\",\"width\":2560,\"height\":960,\"caption\":\"Business woman working on modern computer banner or panorama. Person buying online at internet. Laptop focused on keyboard detail with blur hand. copy space for text.\"},{\"@type\":\"BreadcrumbList\",\"@id\":\"https:\\\/\\\/www.neilmed.com\\\/fr\\\/avertissement-de-neilmed\\\/#breadcrumb\",\"itemListElement\":[{\"@type\":\"ListItem\",\"position\":1,\"name\":\"Accueil\",\"item\":\"https:\\\/\\\/www.neilmed.com\\\/fr\\\/\"},{\"@type\":\"ListItem\",\"position\":2,\"name\":\"Avertissement de NeilMed\u00ae\"}]},{\"@type\":\"WebSite\",\"@id\":\"https:\\\/\\\/www.neilmed.com\\\/fr\\\/#website\",\"url\":\"https:\\\/\\\/www.neilmed.com\\\/fr\\\/\",\"name\":\"NeilMed\u00ae Pharmaceuticals - France\",\"description\":\"NeilMed Pharmaceuticals: world leader in nasal saline irrigation system | Sinus Rinse | Neti Pot | Nasal Irrigation\",\"potentialAction\":[{\"@type\":\"SearchAction\",\"target\":{\"@type\":\"EntryPoint\",\"urlTemplate\":\"https:\\\/\\\/www.neilmed.com\\\/fr\\\/?s={search_term_string}\"},\"query-input\":{\"@type\":\"PropertyValueSpecification\",\"valueRequired\":true,\"valueName\":\"search_term_string\"}}],\"inLanguage\":\"fr-FR\"}]}<\/script>\n<!-- \/ Yoast SEO Premium plugin. -->","yoast_head_json":{"title":"Avertissement de NeilMed\u00ae - NeilMed\u00ae Pharmaceuticals - France","description":"Avertissement de NeilMed\u00ae","robots":{"index":"index","follow":"follow","max-snippet":"max-snippet:-1","max-image-preview":"max-image-preview:large","max-video-preview":"max-video-preview:-1"},"canonical":"https:\/\/www.neilmed.com\/fr\/avertissement-de-neilmed\/","og_locale":"fr_FR","og_type":"article","og_title":"Avertissement de NeilMed\u00ae","og_description":"Avertissement de NeilMed\u00ae","og_url":"https:\/\/www.neilmed.com\/fr\/avertissement-de-neilmed\/","og_site_name":"NeilMed\u00ae Pharmaceuticals - France","article_modified_time":"2024-04-30T21:31:31+00:00","og_image":[{"width":2560,"height":960,"url":"https:\/\/www.neilmed.com\/fr\/wp-content\/uploads\/sites\/27\/2022\/03\/AdobeStock_308286950-scaled.jpeg","type":"image\/jpeg"}],"twitter_card":"summary_large_image","twitter_misc":{"Dur\u00e9e de lecture estim\u00e9e":"2 minutes"},"schema":{"@context":"https:\/\/schema.org","@graph":[{"@type":"WebPage","@id":"https:\/\/www.neilmed.com\/fr\/avertissement-de-neilmed\/","url":"https:\/\/www.neilmed.com\/fr\/avertissement-de-neilmed\/","name":"Avertissement de NeilMed\u00ae - NeilMed\u00ae Pharmaceuticals - France","isPartOf":{"@id":"https:\/\/www.neilmed.com\/fr\/#website"},"primaryImageOfPage":{"@id":"https:\/\/www.neilmed.com\/fr\/avertissement-de-neilmed\/#primaryimage"},"image":{"@id":"https:\/\/www.neilmed.com\/fr\/avertissement-de-neilmed\/#primaryimage"},"thumbnailUrl":"https:\/\/www.neilmed.com\/fr\/wp-content\/uploads\/sites\/27\/2022\/03\/AdobeStock_308286950-scaled.jpeg","datePublished":"2022-02-17T22:46:40+00:00","dateModified":"2024-04-30T21:31:31+00:00","description":"Avertissement de NeilMed\u00ae","breadcrumb":{"@id":"https:\/\/www.neilmed.com\/fr\/avertissement-de-neilmed\/#breadcrumb"},"inLanguage":"fr-FR","potentialAction":[{"@type":"ReadAction","target":["https:\/\/www.neilmed.com\/fr\/avertissement-de-neilmed\/"]}]},{"@type":"ImageObject","inLanguage":"fr-FR","@id":"https:\/\/www.neilmed.com\/fr\/avertissement-de-neilmed\/#primaryimage","url":"https:\/\/www.neilmed.com\/fr\/wp-content\/uploads\/sites\/27\/2022\/03\/AdobeStock_308286950-scaled.jpeg","contentUrl":"https:\/\/www.neilmed.com\/fr\/wp-content\/uploads\/sites\/27\/2022\/03\/AdobeStock_308286950-scaled.jpeg","width":2560,"height":960,"caption":"Business woman working on modern computer banner or panorama. Person buying online at internet. Laptop focused on keyboard detail with blur hand. copy space for text."},{"@type":"BreadcrumbList","@id":"https:\/\/www.neilmed.com\/fr\/avertissement-de-neilmed\/#breadcrumb","itemListElement":[{"@type":"ListItem","position":1,"name":"Accueil","item":"https:\/\/www.neilmed.com\/fr\/"},{"@type":"ListItem","position":2,"name":"Avertissement de NeilMed\u00ae"}]},{"@type":"WebSite","@id":"https:\/\/www.neilmed.com\/fr\/#website","url":"https:\/\/www.neilmed.com\/fr\/","name":"NeilMed\u00ae Pharmaceuticals - France","description":"NeilMed Pharmaceuticals: world leader in nasal saline irrigation system | Sinus Rinse | Neti Pot | Nasal Irrigation","potentialAction":[{"@type":"SearchAction","target":{"@type":"EntryPoint","urlTemplate":"https:\/\/www.neilmed.com\/fr\/?s={search_term_string}"},"query-input":{"@type":"PropertyValueSpecification","valueRequired":true,"valueName":"search_term_string"}}],"inLanguage":"fr-FR"}]}},"acf":[],"_links":{"self":[{"href":"https:\/\/www.neilmed.com\/fr\/wp-json\/wp\/v2\/pages\/192","targetHints":{"allow":["GET"]}}],"collection":[{"href":"https:\/\/www.neilmed.com\/fr\/wp-json\/wp\/v2\/pages"}],"about":[{"href":"https:\/\/www.neilmed.com\/fr\/wp-json\/wp\/v2\/types\/page"}],"author":[{"embeddable":true,"href":"https:\/\/www.neilmed.com\/fr\/wp-json\/wp\/v2\/users\/1"}],"replies":[{"embeddable":true,"href":"https:\/\/www.neilmed.com\/fr\/wp-json\/wp\/v2\/comments?post=192"}],"version-history":[{"count":3,"href":"https:\/\/www.neilmed.com\/fr\/wp-json\/wp\/v2\/pages\/192\/revisions"}],"predecessor-version":[{"id":4560,"href":"https:\/\/www.neilmed.com\/fr\/wp-json\/wp\/v2\/pages\/192\/revisions\/4560"}],"wp:featuredmedia":[{"embeddable":true,"href":"https:\/\/www.neilmed.com\/fr\/wp-json\/wp\/v2\/media\/1597"}],"wp:attachment":[{"href":"https:\/\/www.neilmed.com\/fr\/wp-json\/wp\/v2\/media?parent=192"}],"wp:term":[{"taxonomy":"category","embeddable":true,"href":"https:\/\/www.neilmed.com\/fr\/wp-json\/wp\/v2\/categories?post=192"},{"taxonomy":"post_tag","embeddable":true,"href":"https:\/\/www.neilmed.com\/fr\/wp-json\/wp\/v2\/tags?post=192"}],"curies":[{"name":"wp","href":"https:\/\/api.w.org\/{rel}","templated":true}]}}