{"id":198,"date":"2022-02-17T14:47:31","date_gmt":"2022-02-17T22:47:31","guid":{"rendered":"https:\/\/dev.neilmed.com\/cl\/?page_id=198"},"modified":"2024-04-30T23:30:31","modified_gmt":"2024-04-30T21:30:31","slug":"politique-de-retour-de-neilmed","status":"publish","type":"page","link":"https:\/\/www.neilmed.com\/fr\/politique-de-retour-de-neilmed\/","title":{"rendered":"Politique de Retour de NeilMed\u00ae"},"content":{"rendered":"\n\n\t<span><span><a href=\"https:\/\/www.neilmed.com\/fr\/\">Accueil<\/a><\/span><\/span>\n\t<h2><strong>Politique de Retour de NeilMed\u00ae<\/strong><\/h2>\n<p>Nous vous remercions d&rsquo;avoir achet\u00e9 des produits NeilMed\u00ae. Si un composant du kit est manquant OU endommag\u00e9, veuillez ne pas le retourner au lieu d&rsquo;achat. Contactez-nous plut\u00f4t par e-mail \u00e0 questions@neilmed.com ou appelez nous au +33 (0) 623 155 807. Nous vous enverrons gratuitement un remplacement si vous nous contactez dans les 10 jours suivant l&rsquo;achat ou la r\u00e9ception du produit.<\/p>\n<p>Si vous souhaitez un remboursement, veuillez nous renvoyer le produit et votre re\u00e7u original dans les 90 jours suivant l&rsquo;achat. Nous vous rembourserons le montant factur\u00e9 \u00e0 l&rsquo;origine (moins les frais de port et de manutention).<\/p>\n\t\t\t\t<img loading=\"lazy\" decoding=\"async\" src=\"https:\/\/www.neilmed.com\/fr\/wp-content\/uploads\/sites\/27\/2022\/03\/neilmed-LG_SR_TM.svg\" alt=\"NeilMed&amp;reg; Logo\" itemprop=\"image\" height=\"0\" width=\"0\" title=\"neilmed-LG_SR_TM\" onerror=\"this.style.display='none'\"  \/>\n\t\t<h3>Un Nez Sain, une Vie \u00c9panouie <\/h3>\n\t\t\t<a href=\"\" target=\"_self\" rel=\"noopener\">\n\t\t\t\t\t\t\tCOMMANDER MAINTENANT\n\t\t\t<\/a>\n\t\t\t\t<img loading=\"lazy\" decoding=\"async\" src=\"https:\/\/www.neilmed.com\/fr\/wp-content\/uploads\/sites\/27\/2022\/04\/mail-icon-newsletter.svg\" alt=\"mail-icon-newsletter\" itemprop=\"image\" height=\"0\" width=\"0\" title=\"mail-icon-newsletter\" onerror=\"this.style.display='none'\"  \/>\n\t<p><strong>Newsletter Subscription <\/strong><\/p>\n<p>Restez Connect\u00e9 avec NeilMed\u00ae Inscrivez-vous \u00e0 notre newsletter pour recevoir des mises \u00e0 jour sur nos offres sp\u00e9ciales, des informations m\u00e9dicales et plus encore.<\/p>\n\t<form method=\"post\" action=\"\/fr\/newsletter-sign-up\/\" id=\"ContactFooter\">\n          <input type=\"email\" autocomplete=\"email\" placeholder=\"Your email\"\/>\n      <button type=\"submit\" name=\"commit\" id=\"Subscribe\">\n        Subscribe\n        Go\n      <\/button><\/form>\n\n","protected":false},"excerpt":{"rendered":"<p>Politique de Retour de NeilMed\u00ae Nous vous remercions d&rsquo;avoir achet\u00e9 des produits NeilMed\u00ae. Si un composant du kit est manquant OU endommag\u00e9, veuillez ne pas le retourner au lieu d&rsquo;achat. Contactez-nous plut\u00f4t par e-mail \u00e0 questions@neilmed.com ou appelez nous au +33 (0) 623 155 807. Nous vous enverrons gratuitement un remplacement si vous nous contactez&hellip;<\/p>\n","protected":false},"author":1,"featured_media":1597,"parent":0,"menu_order":18,"comment_status":"closed","ping_status":"closed","template":"","meta":{"_acf_changed":false,"inline_featured_image":false,"footnotes":""},"categories":[],"tags":[],"class_list":["post-198","page","type-page","status-publish","has-post-thumbnail","hentry"],"yoast_head":"<!-- This site is optimized with the Yoast SEO Premium plugin v27.4 (Yoast SEO v27.5) - https:\/\/yoast.com\/product\/yoast-seo-premium-wordpress\/ -->\n<title>Politique de Retour de NeilMed\u00ae - NeilMed\u00ae Pharmaceuticals - France<\/title>\n<meta name=\"description\" content=\"Pol\u00edtica De Devoluci\u00f3nPolitique de Retour de NeilMed\u00ae\" \/>\n<meta name=\"robots\" content=\"index, follow, max-snippet:-1, max-image-preview:large, max-video-preview:-1\" \/>\n<link rel=\"canonical\" href=\"https:\/\/www.neilmed.com\/fr\/politique-de-retour-de-neilmed\/\" \/>\n<meta property=\"og:locale\" content=\"fr_FR\" \/>\n<meta property=\"og:type\" content=\"article\" \/>\n<meta property=\"og:title\" content=\"Politique de Retour de NeilMed\u00ae\" \/>\n<meta property=\"og:description\" content=\"Pol\u00edtica De Devoluci\u00f3nPolitique de Retour de NeilMed\u00ae\" \/>\n<meta property=\"og:url\" content=\"https:\/\/www.neilmed.com\/fr\/politique-de-retour-de-neilmed\/\" \/>\n<meta property=\"og:site_name\" content=\"NeilMed\u00ae Pharmaceuticals - France\" \/>\n<meta property=\"article:modified_time\" content=\"2024-04-30T21:30:31+00:00\" \/>\n<meta property=\"og:image\" content=\"https:\/\/www.neilmed.com\/fr\/wp-content\/uploads\/sites\/27\/2022\/03\/AdobeStock_308286950-scaled.jpeg\" \/>\n\t<meta property=\"og:image:width\" content=\"2560\" \/>\n\t<meta property=\"og:image:height\" content=\"960\" \/>\n\t<meta property=\"og:image:type\" content=\"image\/jpeg\" \/>\n<meta name=\"twitter:card\" content=\"summary_large_image\" \/>\n<meta name=\"twitter:label1\" content=\"Dur\u00e9e de lecture estim\u00e9e\" \/>\n\t<meta name=\"twitter:data1\" content=\"2 minutes\" \/>\n<script type=\"application\/ld+json\" class=\"yoast-schema-graph\">{\"@context\":\"https:\\\/\\\/schema.org\",\"@graph\":[{\"@type\":\"WebPage\",\"@id\":\"https:\\\/\\\/www.neilmed.com\\\/fr\\\/politique-de-retour-de-neilmed\\\/\",\"url\":\"https:\\\/\\\/www.neilmed.com\\\/fr\\\/politique-de-retour-de-neilmed\\\/\",\"name\":\"Politique de Retour de NeilMed\u00ae - NeilMed\u00ae Pharmaceuticals - France\",\"isPartOf\":{\"@id\":\"https:\\\/\\\/www.neilmed.com\\\/fr\\\/#website\"},\"primaryImageOfPage\":{\"@id\":\"https:\\\/\\\/www.neilmed.com\\\/fr\\\/politique-de-retour-de-neilmed\\\/#primaryimage\"},\"image\":{\"@id\":\"https:\\\/\\\/www.neilmed.com\\\/fr\\\/politique-de-retour-de-neilmed\\\/#primaryimage\"},\"thumbnailUrl\":\"https:\\\/\\\/www.neilmed.com\\\/fr\\\/wp-content\\\/uploads\\\/sites\\\/27\\\/2022\\\/03\\\/AdobeStock_308286950-scaled.jpeg\",\"datePublished\":\"2022-02-17T22:47:31+00:00\",\"dateModified\":\"2024-04-30T21:30:31+00:00\",\"description\":\"Pol\u00edtica De Devoluci\u00f3nPolitique de Retour de NeilMed\u00ae\",\"breadcrumb\":{\"@id\":\"https:\\\/\\\/www.neilmed.com\\\/fr\\\/politique-de-retour-de-neilmed\\\/#breadcrumb\"},\"inLanguage\":\"fr-FR\",\"potentialAction\":[{\"@type\":\"ReadAction\",\"target\":[\"https:\\\/\\\/www.neilmed.com\\\/fr\\\/politique-de-retour-de-neilmed\\\/\"]}]},{\"@type\":\"ImageObject\",\"inLanguage\":\"fr-FR\",\"@id\":\"https:\\\/\\\/www.neilmed.com\\\/fr\\\/politique-de-retour-de-neilmed\\\/#primaryimage\",\"url\":\"https:\\\/\\\/www.neilmed.com\\\/fr\\\/wp-content\\\/uploads\\\/sites\\\/27\\\/2022\\\/03\\\/AdobeStock_308286950-scaled.jpeg\",\"contentUrl\":\"https:\\\/\\\/www.neilmed.com\\\/fr\\\/wp-content\\\/uploads\\\/sites\\\/27\\\/2022\\\/03\\\/AdobeStock_308286950-scaled.jpeg\",\"width\":2560,\"height\":960,\"caption\":\"Business woman working on modern computer banner or panorama. Person buying online at internet. Laptop focused on keyboard detail with blur hand. copy space for text.\"},{\"@type\":\"BreadcrumbList\",\"@id\":\"https:\\\/\\\/www.neilmed.com\\\/fr\\\/politique-de-retour-de-neilmed\\\/#breadcrumb\",\"itemListElement\":[{\"@type\":\"ListItem\",\"position\":1,\"name\":\"Accueil\",\"item\":\"https:\\\/\\\/www.neilmed.com\\\/fr\\\/\"},{\"@type\":\"ListItem\",\"position\":2,\"name\":\"Politique de Retour de NeilMed\u00ae\"}]},{\"@type\":\"WebSite\",\"@id\":\"https:\\\/\\\/www.neilmed.com\\\/fr\\\/#website\",\"url\":\"https:\\\/\\\/www.neilmed.com\\\/fr\\\/\",\"name\":\"NeilMed\u00ae Pharmaceuticals - France\",\"description\":\"NeilMed Pharmaceuticals: world leader in nasal saline irrigation system | Sinus Rinse | Neti Pot | Nasal Irrigation\",\"potentialAction\":[{\"@type\":\"SearchAction\",\"target\":{\"@type\":\"EntryPoint\",\"urlTemplate\":\"https:\\\/\\\/www.neilmed.com\\\/fr\\\/?s={search_term_string}\"},\"query-input\":{\"@type\":\"PropertyValueSpecification\",\"valueRequired\":true,\"valueName\":\"search_term_string\"}}],\"inLanguage\":\"fr-FR\"}]}<\/script>\n<!-- \/ Yoast SEO Premium plugin. -->","yoast_head_json":{"title":"Politique de Retour de NeilMed\u00ae - NeilMed\u00ae Pharmaceuticals - France","description":"Pol\u00edtica De Devoluci\u00f3nPolitique de Retour de NeilMed\u00ae","robots":{"index":"index","follow":"follow","max-snippet":"max-snippet:-1","max-image-preview":"max-image-preview:large","max-video-preview":"max-video-preview:-1"},"canonical":"https:\/\/www.neilmed.com\/fr\/politique-de-retour-de-neilmed\/","og_locale":"fr_FR","og_type":"article","og_title":"Politique de Retour de NeilMed\u00ae","og_description":"Pol\u00edtica De Devoluci\u00f3nPolitique de Retour de NeilMed\u00ae","og_url":"https:\/\/www.neilmed.com\/fr\/politique-de-retour-de-neilmed\/","og_site_name":"NeilMed\u00ae Pharmaceuticals - France","article_modified_time":"2024-04-30T21:30:31+00:00","og_image":[{"width":2560,"height":960,"url":"https:\/\/www.neilmed.com\/fr\/wp-content\/uploads\/sites\/27\/2022\/03\/AdobeStock_308286950-scaled.jpeg","type":"image\/jpeg"}],"twitter_card":"summary_large_image","twitter_misc":{"Dur\u00e9e de lecture estim\u00e9e":"2 minutes"},"schema":{"@context":"https:\/\/schema.org","@graph":[{"@type":"WebPage","@id":"https:\/\/www.neilmed.com\/fr\/politique-de-retour-de-neilmed\/","url":"https:\/\/www.neilmed.com\/fr\/politique-de-retour-de-neilmed\/","name":"Politique de Retour de NeilMed\u00ae - NeilMed\u00ae Pharmaceuticals - France","isPartOf":{"@id":"https:\/\/www.neilmed.com\/fr\/#website"},"primaryImageOfPage":{"@id":"https:\/\/www.neilmed.com\/fr\/politique-de-retour-de-neilmed\/#primaryimage"},"image":{"@id":"https:\/\/www.neilmed.com\/fr\/politique-de-retour-de-neilmed\/#primaryimage"},"thumbnailUrl":"https:\/\/www.neilmed.com\/fr\/wp-content\/uploads\/sites\/27\/2022\/03\/AdobeStock_308286950-scaled.jpeg","datePublished":"2022-02-17T22:47:31+00:00","dateModified":"2024-04-30T21:30:31+00:00","description":"Pol\u00edtica De Devoluci\u00f3nPolitique de Retour de NeilMed\u00ae","breadcrumb":{"@id":"https:\/\/www.neilmed.com\/fr\/politique-de-retour-de-neilmed\/#breadcrumb"},"inLanguage":"fr-FR","potentialAction":[{"@type":"ReadAction","target":["https:\/\/www.neilmed.com\/fr\/politique-de-retour-de-neilmed\/"]}]},{"@type":"ImageObject","inLanguage":"fr-FR","@id":"https:\/\/www.neilmed.com\/fr\/politique-de-retour-de-neilmed\/#primaryimage","url":"https:\/\/www.neilmed.com\/fr\/wp-content\/uploads\/sites\/27\/2022\/03\/AdobeStock_308286950-scaled.jpeg","contentUrl":"https:\/\/www.neilmed.com\/fr\/wp-content\/uploads\/sites\/27\/2022\/03\/AdobeStock_308286950-scaled.jpeg","width":2560,"height":960,"caption":"Business woman working on modern computer banner or panorama. Person buying online at internet. Laptop focused on keyboard detail with blur hand. copy space for text."},{"@type":"BreadcrumbList","@id":"https:\/\/www.neilmed.com\/fr\/politique-de-retour-de-neilmed\/#breadcrumb","itemListElement":[{"@type":"ListItem","position":1,"name":"Accueil","item":"https:\/\/www.neilmed.com\/fr\/"},{"@type":"ListItem","position":2,"name":"Politique de Retour de NeilMed\u00ae"}]},{"@type":"WebSite","@id":"https:\/\/www.neilmed.com\/fr\/#website","url":"https:\/\/www.neilmed.com\/fr\/","name":"NeilMed\u00ae Pharmaceuticals - France","description":"NeilMed Pharmaceuticals: world leader in nasal saline irrigation system | Sinus Rinse | Neti Pot | Nasal Irrigation","potentialAction":[{"@type":"SearchAction","target":{"@type":"EntryPoint","urlTemplate":"https:\/\/www.neilmed.com\/fr\/?s={search_term_string}"},"query-input":{"@type":"PropertyValueSpecification","valueRequired":true,"valueName":"search_term_string"}}],"inLanguage":"fr-FR"}]}},"acf":[],"_links":{"self":[{"href":"https:\/\/www.neilmed.com\/fr\/wp-json\/wp\/v2\/pages\/198","targetHints":{"allow":["GET"]}}],"collection":[{"href":"https:\/\/www.neilmed.com\/fr\/wp-json\/wp\/v2\/pages"}],"about":[{"href":"https:\/\/www.neilmed.com\/fr\/wp-json\/wp\/v2\/types\/page"}],"author":[{"embeddable":true,"href":"https:\/\/www.neilmed.com\/fr\/wp-json\/wp\/v2\/users\/1"}],"replies":[{"embeddable":true,"href":"https:\/\/www.neilmed.com\/fr\/wp-json\/wp\/v2\/comments?post=198"}],"version-history":[{"count":5,"href":"https:\/\/www.neilmed.com\/fr\/wp-json\/wp\/v2\/pages\/198\/revisions"}],"predecessor-version":[{"id":4559,"href":"https:\/\/www.neilmed.com\/fr\/wp-json\/wp\/v2\/pages\/198\/revisions\/4559"}],"wp:featuredmedia":[{"embeddable":true,"href":"https:\/\/www.neilmed.com\/fr\/wp-json\/wp\/v2\/media\/1597"}],"wp:attachment":[{"href":"https:\/\/www.neilmed.com\/fr\/wp-json\/wp\/v2\/media?parent=198"}],"wp:term":[{"taxonomy":"category","embeddable":true,"href":"https:\/\/www.neilmed.com\/fr\/wp-json\/wp\/v2\/categories?post=198"},{"taxonomy":"post_tag","embeddable":true,"href":"https:\/\/www.neilmed.com\/fr\/wp-json\/wp\/v2\/tags?post=198"}],"curies":[{"name":"wp","href":"https:\/\/api.w.org\/{rel}","templated":true}]}}