{"id":200,"date":"2022-02-17T14:47:53","date_gmt":"2022-02-17T22:47:53","guid":{"rendered":"https:\/\/dev.neilmed.com\/cl\/?page_id=200"},"modified":"2024-04-30T23:33:22","modified_gmt":"2024-04-30T21:33:22","slug":"garantie-neilmed","status":"publish","type":"page","link":"https:\/\/www.neilmed.com\/fr\/garantie-neilmed\/","title":{"rendered":"Garantie NeilMed\u00ae"},"content":{"rendered":"\n\n\t<span><span><a href=\"https:\/\/www.neilmed.com\/fr\/\">Accueil<\/a><\/span><\/span>\n\t<h2><strong>Garantie NeilMed\u00ae<\/strong><\/h2>\n<p><em><strong>REMBOURSEMENT INT\u00c9GRAL GARANTI PENDANT 90 JOURS. <\/strong><\/em><\/p>\n<p>Veuillez retourner le produit dans les 90 jours suivant l&rsquo;achat. Vous devez \u00e9crire votre motif de retour et renvoyer tous les articles non utilis\u00e9s \u00e0 notre entrepot de Ratingen en Allemagne. Nous rembourserons le montant factur\u00e9, moins les frais de port et de manutention.<\/p>\n<p>Si des composants du kit sont manquants OU endommag\u00e9s, veuillez ne pas le retourner au lieu d&rsquo;achat. Contactez-nous plut\u00f4t par e-mail \u00e0 <a href=\"mailto:questions@neilmed.com\">questions@neilmed.com<\/a> ou appelez-nous au +33 (0) 623 155 807. Nous vous enverrons gratuitement de nouveaux produits.<\/p>\n\t\t\t\t<img loading=\"lazy\" decoding=\"async\" src=\"https:\/\/www.neilmed.com\/fr\/wp-content\/uploads\/sites\/27\/2022\/03\/neilmed-LG_SR_TM.svg\" alt=\"NeilMed&amp;reg; Logo\" itemprop=\"image\" height=\"0\" width=\"0\" title=\"neilmed-LG_SR_TM\" onerror=\"this.style.display='none'\"  \/>\n\t\t<h3>Un Nez Sain, une Vie \u00c9panouie <\/h3>\n\t\t\t<a href=\"\" target=\"_self\" rel=\"noopener\">\n\t\t\t\t\t\t\tCOMMANDER MAINTENANT\n\t\t\t<\/a>\n\t\t\t\t<img loading=\"lazy\" decoding=\"async\" src=\"https:\/\/www.neilmed.com\/fr\/wp-content\/uploads\/sites\/27\/2022\/04\/mail-icon-newsletter.svg\" alt=\"mail-icon-newsletter\" itemprop=\"image\" height=\"0\" width=\"0\" title=\"mail-icon-newsletter\" onerror=\"this.style.display='none'\"  \/>\n\t<p>En la lista de correos NeilMed para estar al dia en Literatura Medica y Ofertas Promocionales<\/p>\n\t<form method=\"post\" action=\"\/ve\/newsletter-sign-up\/\" id=\"ContactFooter\">\n          <input type=\"email\" autocomplete=\"email\" placeholder=\"Your email\"\/>\n      <button type=\"submit\" name=\"commit\" id=\"Subscribe\">\n        Subscribe\n        Go\n      <\/button><\/form>\n\n","protected":false},"excerpt":{"rendered":"<p>Garantie NeilMed\u00ae REMBOURSEMENT INT\u00c9GRAL GARANTI PENDANT 90 JOURS. Veuillez retourner le produit dans les 90 jours suivant l&rsquo;achat. Vous devez \u00e9crire votre motif de retour et renvoyer tous les articles non utilis\u00e9s \u00e0 notre entrepot de Ratingen en Allemagne. Nous rembourserons le montant factur\u00e9, moins les frais de port et de manutention. Si des composants&hellip;<\/p>\n","protected":false},"author":1,"featured_media":1490,"parent":0,"menu_order":19,"comment_status":"closed","ping_status":"closed","template":"","meta":{"_acf_changed":false,"inline_featured_image":false,"footnotes":""},"categories":[],"tags":[],"class_list":["post-200","page","type-page","status-publish","has-post-thumbnail","hentry"],"yoast_head":"<!-- This site is optimized with the Yoast SEO Premium plugin v27.4 (Yoast SEO v27.5) - https:\/\/yoast.com\/product\/yoast-seo-premium-wordpress\/ -->\n<title>Garantie NeilMed\u00ae - NeilMed\u00ae Pharmaceuticals - France<\/title>\n<meta name=\"description\" content=\"Garant\u00edaGarantie NeilMed\u00ae\" \/>\n<meta name=\"robots\" content=\"index, follow, max-snippet:-1, max-image-preview:large, max-video-preview:-1\" \/>\n<link rel=\"canonical\" href=\"https:\/\/www.neilmed.com\/fr\/garantie-neilmed\/\" \/>\n<meta property=\"og:locale\" content=\"fr_FR\" \/>\n<meta property=\"og:type\" content=\"article\" \/>\n<meta property=\"og:title\" content=\"Garantie NeilMed\u00ae\" \/>\n<meta property=\"og:description\" content=\"Garant\u00edaGarantie NeilMed\u00ae\" \/>\n<meta property=\"og:url\" content=\"https:\/\/www.neilmed.com\/fr\/garantie-neilmed\/\" \/>\n<meta property=\"og:site_name\" content=\"NeilMed\u00ae Pharmaceuticals - France\" \/>\n<meta property=\"article:modified_time\" content=\"2024-04-30T21:33:22+00:00\" \/>\n<meta property=\"og:image\" content=\"https:\/\/www.neilmed.com\/fr\/wp-content\/uploads\/sites\/27\/2022\/03\/doctors-scaled.jpeg\" \/>\n\t<meta property=\"og:image:width\" content=\"2560\" \/>\n\t<meta property=\"og:image:height\" content=\"896\" \/>\n\t<meta property=\"og:image:type\" content=\"image\/jpeg\" \/>\n<meta name=\"twitter:card\" content=\"summary_large_image\" \/>\n<meta name=\"twitter:label1\" content=\"Dur\u00e9e de lecture estim\u00e9e\" \/>\n\t<meta name=\"twitter:data1\" content=\"2 minutes\" \/>\n<script type=\"application\/ld+json\" class=\"yoast-schema-graph\">{\"@context\":\"https:\\\/\\\/schema.org\",\"@graph\":[{\"@type\":\"WebPage\",\"@id\":\"https:\\\/\\\/www.neilmed.com\\\/fr\\\/garantie-neilmed\\\/\",\"url\":\"https:\\\/\\\/www.neilmed.com\\\/fr\\\/garantie-neilmed\\\/\",\"name\":\"Garantie NeilMed\u00ae - NeilMed\u00ae Pharmaceuticals - France\",\"isPartOf\":{\"@id\":\"https:\\\/\\\/www.neilmed.com\\\/fr\\\/#website\"},\"primaryImageOfPage\":{\"@id\":\"https:\\\/\\\/www.neilmed.com\\\/fr\\\/garantie-neilmed\\\/#primaryimage\"},\"image\":{\"@id\":\"https:\\\/\\\/www.neilmed.com\\\/fr\\\/garantie-neilmed\\\/#primaryimage\"},\"thumbnailUrl\":\"https:\\\/\\\/www.neilmed.com\\\/fr\\\/wp-content\\\/uploads\\\/sites\\\/27\\\/2022\\\/03\\\/doctors-scaled.jpeg\",\"datePublished\":\"2022-02-17T22:47:53+00:00\",\"dateModified\":\"2024-04-30T21:33:22+00:00\",\"description\":\"Garant\u00edaGarantie NeilMed\u00ae\",\"breadcrumb\":{\"@id\":\"https:\\\/\\\/www.neilmed.com\\\/fr\\\/garantie-neilmed\\\/#breadcrumb\"},\"inLanguage\":\"fr-FR\",\"potentialAction\":[{\"@type\":\"ReadAction\",\"target\":[\"https:\\\/\\\/www.neilmed.com\\\/fr\\\/garantie-neilmed\\\/\"]}]},{\"@type\":\"ImageObject\",\"inLanguage\":\"fr-FR\",\"@id\":\"https:\\\/\\\/www.neilmed.com\\\/fr\\\/garantie-neilmed\\\/#primaryimage\",\"url\":\"https:\\\/\\\/www.neilmed.com\\\/fr\\\/wp-content\\\/uploads\\\/sites\\\/27\\\/2022\\\/03\\\/doctors-scaled.jpeg\",\"contentUrl\":\"https:\\\/\\\/www.neilmed.com\\\/fr\\\/wp-content\\\/uploads\\\/sites\\\/27\\\/2022\\\/03\\\/doctors-scaled.jpeg\",\"width\":2560,\"height\":896,\"caption\":\"Doctors\"},{\"@type\":\"BreadcrumbList\",\"@id\":\"https:\\\/\\\/www.neilmed.com\\\/fr\\\/garantie-neilmed\\\/#breadcrumb\",\"itemListElement\":[{\"@type\":\"ListItem\",\"position\":1,\"name\":\"Accueil\",\"item\":\"https:\\\/\\\/www.neilmed.com\\\/fr\\\/\"},{\"@type\":\"ListItem\",\"position\":2,\"name\":\"Garantie NeilMed\u00ae\"}]},{\"@type\":\"WebSite\",\"@id\":\"https:\\\/\\\/www.neilmed.com\\\/fr\\\/#website\",\"url\":\"https:\\\/\\\/www.neilmed.com\\\/fr\\\/\",\"name\":\"NeilMed\u00ae Pharmaceuticals - France\",\"description\":\"NeilMed Pharmaceuticals: world leader in nasal saline irrigation system | Sinus Rinse | Neti Pot | Nasal Irrigation\",\"potentialAction\":[{\"@type\":\"SearchAction\",\"target\":{\"@type\":\"EntryPoint\",\"urlTemplate\":\"https:\\\/\\\/www.neilmed.com\\\/fr\\\/?s={search_term_string}\"},\"query-input\":{\"@type\":\"PropertyValueSpecification\",\"valueRequired\":true,\"valueName\":\"search_term_string\"}}],\"inLanguage\":\"fr-FR\"}]}<\/script>\n<!-- \/ Yoast SEO Premium plugin. -->","yoast_head_json":{"title":"Garantie NeilMed\u00ae - NeilMed\u00ae Pharmaceuticals - France","description":"Garant\u00edaGarantie NeilMed\u00ae","robots":{"index":"index","follow":"follow","max-snippet":"max-snippet:-1","max-image-preview":"max-image-preview:large","max-video-preview":"max-video-preview:-1"},"canonical":"https:\/\/www.neilmed.com\/fr\/garantie-neilmed\/","og_locale":"fr_FR","og_type":"article","og_title":"Garantie NeilMed\u00ae","og_description":"Garant\u00edaGarantie NeilMed\u00ae","og_url":"https:\/\/www.neilmed.com\/fr\/garantie-neilmed\/","og_site_name":"NeilMed\u00ae Pharmaceuticals - France","article_modified_time":"2024-04-30T21:33:22+00:00","og_image":[{"width":2560,"height":896,"url":"https:\/\/www.neilmed.com\/fr\/wp-content\/uploads\/sites\/27\/2022\/03\/doctors-scaled.jpeg","type":"image\/jpeg"}],"twitter_card":"summary_large_image","twitter_misc":{"Dur\u00e9e de lecture estim\u00e9e":"2 minutes"},"schema":{"@context":"https:\/\/schema.org","@graph":[{"@type":"WebPage","@id":"https:\/\/www.neilmed.com\/fr\/garantie-neilmed\/","url":"https:\/\/www.neilmed.com\/fr\/garantie-neilmed\/","name":"Garantie NeilMed\u00ae - NeilMed\u00ae Pharmaceuticals - France","isPartOf":{"@id":"https:\/\/www.neilmed.com\/fr\/#website"},"primaryImageOfPage":{"@id":"https:\/\/www.neilmed.com\/fr\/garantie-neilmed\/#primaryimage"},"image":{"@id":"https:\/\/www.neilmed.com\/fr\/garantie-neilmed\/#primaryimage"},"thumbnailUrl":"https:\/\/www.neilmed.com\/fr\/wp-content\/uploads\/sites\/27\/2022\/03\/doctors-scaled.jpeg","datePublished":"2022-02-17T22:47:53+00:00","dateModified":"2024-04-30T21:33:22+00:00","description":"Garant\u00edaGarantie NeilMed\u00ae","breadcrumb":{"@id":"https:\/\/www.neilmed.com\/fr\/garantie-neilmed\/#breadcrumb"},"inLanguage":"fr-FR","potentialAction":[{"@type":"ReadAction","target":["https:\/\/www.neilmed.com\/fr\/garantie-neilmed\/"]}]},{"@type":"ImageObject","inLanguage":"fr-FR","@id":"https:\/\/www.neilmed.com\/fr\/garantie-neilmed\/#primaryimage","url":"https:\/\/www.neilmed.com\/fr\/wp-content\/uploads\/sites\/27\/2022\/03\/doctors-scaled.jpeg","contentUrl":"https:\/\/www.neilmed.com\/fr\/wp-content\/uploads\/sites\/27\/2022\/03\/doctors-scaled.jpeg","width":2560,"height":896,"caption":"Doctors"},{"@type":"BreadcrumbList","@id":"https:\/\/www.neilmed.com\/fr\/garantie-neilmed\/#breadcrumb","itemListElement":[{"@type":"ListItem","position":1,"name":"Accueil","item":"https:\/\/www.neilmed.com\/fr\/"},{"@type":"ListItem","position":2,"name":"Garantie NeilMed\u00ae"}]},{"@type":"WebSite","@id":"https:\/\/www.neilmed.com\/fr\/#website","url":"https:\/\/www.neilmed.com\/fr\/","name":"NeilMed\u00ae Pharmaceuticals - France","description":"NeilMed Pharmaceuticals: world leader in nasal saline irrigation system | Sinus Rinse | Neti Pot | Nasal Irrigation","potentialAction":[{"@type":"SearchAction","target":{"@type":"EntryPoint","urlTemplate":"https:\/\/www.neilmed.com\/fr\/?s={search_term_string}"},"query-input":{"@type":"PropertyValueSpecification","valueRequired":true,"valueName":"search_term_string"}}],"inLanguage":"fr-FR"}]}},"acf":[],"_links":{"self":[{"href":"https:\/\/www.neilmed.com\/fr\/wp-json\/wp\/v2\/pages\/200","targetHints":{"allow":["GET"]}}],"collection":[{"href":"https:\/\/www.neilmed.com\/fr\/wp-json\/wp\/v2\/pages"}],"about":[{"href":"https:\/\/www.neilmed.com\/fr\/wp-json\/wp\/v2\/types\/page"}],"author":[{"embeddable":true,"href":"https:\/\/www.neilmed.com\/fr\/wp-json\/wp\/v2\/users\/1"}],"replies":[{"embeddable":true,"href":"https:\/\/www.neilmed.com\/fr\/wp-json\/wp\/v2\/comments?post=200"}],"version-history":[{"count":3,"href":"https:\/\/www.neilmed.com\/fr\/wp-json\/wp\/v2\/pages\/200\/revisions"}],"predecessor-version":[{"id":4561,"href":"https:\/\/www.neilmed.com\/fr\/wp-json\/wp\/v2\/pages\/200\/revisions\/4561"}],"wp:featuredmedia":[{"embeddable":true,"href":"https:\/\/www.neilmed.com\/fr\/wp-json\/wp\/v2\/media\/1490"}],"wp:attachment":[{"href":"https:\/\/www.neilmed.com\/fr\/wp-json\/wp\/v2\/media?parent=200"}],"wp:term":[{"taxonomy":"category","embeddable":true,"href":"https:\/\/www.neilmed.com\/fr\/wp-json\/wp\/v2\/categories?post=200"},{"taxonomy":"post_tag","embeddable":true,"href":"https:\/\/www.neilmed.com\/fr\/wp-json\/wp\/v2\/tags?post=200"}],"curies":[{"name":"wp","href":"https:\/\/api.w.org\/{rel}","templated":true}]}}