{"id":247,"date":"2022-02-17T16:42:04","date_gmt":"2022-02-18T00:42:04","guid":{"rendered":"https:\/\/dev.neilmed.com\/cl\/?page_id=247"},"modified":"2025-07-24T20:27:02","modified_gmt":"2025-07-24T18:27:02","slug":"a-propos","status":"publish","type":"page","link":"https:\/\/www.neilmed.com\/fr\/a-propos\/","title":{"rendered":"\u00c0 propos"},"content":{"rendered":"\n\n\t<span><span><a href=\"https:\/\/www.neilmed.com\/fr\/\">Accueil<\/a><\/span><\/span>\n\t\t\t\t<img loading=\"lazy\" decoding=\"async\" src=\"https:\/\/www.neilmed.com\/fr\/wp-content\/uploads\/sites\/27\/2022\/03\/neilmed-tagline.svg\" alt=\"NeilMed&amp;reg; - World Leader in Large Volume &amp; Low Pressure&amp;trade; Saline Nasal Irrigation\" itemprop=\"image\" height=\"0\" width=\"0\" title=\"neilmed-tagline\" onerror=\"this.style.display='none'\"  \/>\n<h2>\n\t\tPROFIL DE L&rsquo;ENTREPRISE\n\t<\/h2>\n\t<p>Ketan C. Mehta, MD, et Nina Mehta, ont fond\u00e9 NeilMed\u00ae Pharmaceuticals, Inc. en janvier 2000 depuis le cabinet m\u00e9dical du Dr. Mehta. En peu de temps, nous comptons plus de 500 employ\u00e9s. NeilMed\u00ae est le plus grand fabricant et fournisseur de syst\u00e8mes d&rsquo;irrigation nasale saline LVLP (Large Volume Low Pressure) au monde.<\/p>\n<p>La marque NeilMed\u00ae propose des produits qui aident \u00e0 soulager les sympt\u00f4mes nasaux et sinusaux courants de mani\u00e8re simple, s\u00fbre, efficace et abordable. La soci\u00e9t\u00e9 fournit des millions de produits aux utilisateurs finaux par divers canaux de distribution. Notre si\u00e8ge social et notre usine de fabrication sont bas\u00e9s \u00e0 Santa Rosa, Californie, \u00c9tats-Unis. En plus de notre si\u00e8ge aux \u00c9tats-Unis, nous fournissons \u00e9galement des produits et avons des bureaux dans plusieurs pays \u00e0 travers le monde. Notre mod\u00e8le commercial unique est une int\u00e9gration verticale tr\u00e8s stricte, pour une pr\u00e9cision et une ex\u00e9cution rapide \u00e0 tous les niveaux. NeilMed\u00ae est fier de faire partie de la petite communaut\u00e9 de Santa Rosa, situ\u00e9e au c\u0153ur de la r\u00e9gion viticole du comt\u00e9 de Sonoma, dans le nord de la Californie.<\/p>\n<p>Nos produits phares sont NeilMed\u00ae SINUS RINSE\u2122 et NeilMed\u00ae NasaFlo\u00ae Neti Pot. Ces produits sont disponibles dans la plupart des magasins aux \u00c9tats-Unis, au Canada et dans plusieurs autres pays du monde. Il existe actuellement plus de 40 produits diff\u00e9rents pour le soin nasal et sinusal, tous en vente libre (OTC). Avec une \u00e9quipe extr\u00eamement d\u00e9vou\u00e9e de dirigeants loyaux et travailleurs, NeilMed\u00ae continue de formuler des id\u00e9es innovantes pour le march\u00e9. Les plans de diversification suppl\u00e9mentaires incluent l&rsquo;introduction de dispositifs chirurgicaux pour les h\u00f4pitaux et les salles d&rsquo;urgence. NeilMed\u00ae soutient la recherche m\u00e9dicale dans plusieurs pays et \u00e9duque les professionnels de la sant\u00e9 et les consommateurs. Nous croyons en un excellent service client 24 heures sur 24, en aidant les communaut\u00e9s locales et en faisant des dons en cas de catastrophes naturelles.<\/p>\n<h2>\n\t\tNOTRE MISSION\n\t<\/h2>\n\t<p>La mission de notre entreprise est la s\u00e9curit\u00e9 et l&rsquo;abordabilit\u00e9 pour soutenir une croissance \u00e0 long terme, en cr\u00e9ant des produits de soins nasaux\/sinusaux sans m\u00e9dicaments et efficaces pour des millions de consommateurs dans le monde entier.<\/p>\n\t<h3><strong>INFORMATIONS SUR L&rsquo;ENTREPRISE<\/strong>:<\/h3>\n<strong>Si\u00e8ge social <\/strong><br \/>\n601 Aviation Blvd.,<br \/>\nSanta Rosa, California 95403<br \/>\n\u00c9tats-Unis<br \/>\nNum\u00e9ro vert (\u00c9tats-Unis et Canada uniquement):<strong> <a href=\"tel:877-477-8633\">+1 877 477 8633<\/a><\/strong><br \/>\nT\u00e9l: <strong><a href=\"tel:707-525-3784\">+1 707 525 3784<\/a><\/strong><br \/>\nFax: +1 707 525 3785<br \/>\nEmail:\u00a0<strong><a href=\"mailto:questions@neilmed.com\">questions@neilmed.com<\/a><\/strong>\nPr\u00e9sidente: <strong>Nina Mehta<\/strong><br \/>\nFondateur et PDG: <strong>Dr. Ketan C. Mehta , MD<\/strong>\n\t<h3><strong>BUREAUX ET SOCI\u00c9T\u00c9S ENREGISTR\u00c9S <\/strong><\/h3>\n<p>\u00c9tats-Unis, Canada, Australie, Nouvelle-Z\u00e9lande, Royaume-Uni, Irlande, Singapour, Japon, Chile, Costa Rica, Inde, Allemagne<\/p>\n\t<h3><strong>DISPONIBILIT\u00c9 GROSSISTE<\/strong><\/h3>\n<p>Alliance Healthcare, McKesson, Cardinal, AmerisourceBergen, Unichem, AAH, United Drug, Cahill May Roberts, API, Sigma, Keysun<\/p>\n\t<h3><strong>DISTRIBUTION MONDIALE<\/strong><\/h3>\n\t<h4>Europe<\/h4>\nRoyaume-Uni<br \/>\nIrlande<br \/>\nPologne<br \/>\nHongrie<br \/>\nGr\u00e8ce<br \/>\nAllemagne<br \/>\nNorv\u00e8ge<br \/>\nDanemark<br \/>\nRoumanie\n\t<h4>Asie-Pacifique <\/h4>\nAustralie<br \/>\nNouvelle-Z\u00e9lande<br \/>\nSingapour<br \/>\nMalaisie<br \/>\nMongolie<br \/>\nJapon<br \/>\nPhilippines<br \/>\nVietnam<br \/>\nLiban<br \/>\nHong Kong\n\t<h4>Autres internationaux<\/h4>\nChili<br \/>\nColombie<br \/>\nPanama<br \/>\nCosta Rica<br \/>\nHonduras<br \/>\nTrinit\u00e9-et-Tobago\n\t\t<h3>Un Nez Sain, une Vie \u00c9panouie <\/h3>\n\t\t\t<a href=\"https:\/\/shopeu.neilmed.com\" target=\"_self\">\n\t\t\t\t\t\t\tCOMMANDEZ MAINTENANT\n\t\t\t<\/a>\n\t\t\t\t<img loading=\"lazy\" decoding=\"async\" src=\"https:\/\/www.neilmed.com\/fr\/wp-content\/uploads\/sites\/27\/2022\/04\/mail-icon-newsletter.svg\" alt=\"mail-icon-newsletter\" itemprop=\"image\" height=\"0\" width=\"0\" title=\"mail-icon-newsletter\" onerror=\"this.style.display='none'\"  \/>\n\t<p>En la lista de correos NeilMed para estar al dia en Literatura Medica y Ofertas Promocionales<\/p>\n\t<form method=\"post\" action=\"\/ve\/newsletter-sign-up\/\" id=\"ContactFooter\">\n          <input type=\"email\" autocomplete=\"email\" placeholder=\"Your email\"\/>\n      <button type=\"submit\" name=\"commit\" id=\"Subscribe\">\n        Subscribe\n        Go\n      <\/button><\/form>\n\n","protected":false},"excerpt":{"rendered":"<p>PROFIL DE L&rsquo;ENTREPRISE Ketan C. Mehta, MD, et Nina Mehta, ont fond\u00e9 NeilMed\u00ae Pharmaceuticals, Inc. en janvier 2000 depuis le cabinet m\u00e9dical du Dr. Mehta. En peu de temps, nous comptons plus de 500 employ\u00e9s. NeilMed\u00ae est le plus grand fabricant et fournisseur de syst\u00e8mes d&rsquo;irrigation nasale saline LVLP (Large Volume Low Pressure) au monde.&hellip;<\/p>\n","protected":false},"author":1,"featured_media":2422,"parent":0,"menu_order":1,"comment_status":"closed","ping_status":"closed","template":"","meta":{"_acf_changed":false,"inline_featured_image":false,"footnotes":""},"categories":[],"tags":[],"class_list":["post-247","page","type-page","status-publish","has-post-thumbnail","hentry"],"yoast_head":"<!-- This site is optimized with the Yoast SEO Premium plugin v27.4 (Yoast SEO v27.5) - https:\/\/yoast.com\/product\/yoast-seo-premium-wordpress\/ -->\n<title>\u00c0 propos - NeilMed\u00ae Pharmaceuticals - France<\/title>\n<meta name=\"description\" content=\"Learn more about NeilMed\u00ae. The world&#039;s largest manufacturer and supplier of Large Volume Low Pressure saline nasal irrigation systems.\" \/>\n<meta name=\"robots\" content=\"index, follow, max-snippet:-1, max-image-preview:large, max-video-preview:-1\" \/>\n<link rel=\"canonical\" href=\"https:\/\/www.neilmed.com\/fr\/a-propos\/\" \/>\n<meta property=\"og:locale\" content=\"fr_FR\" \/>\n<meta property=\"og:type\" content=\"article\" \/>\n<meta property=\"og:title\" content=\"\u00c0 propos\" \/>\n<meta property=\"og:description\" content=\"Learn more about NeilMed\u00ae. The world&#039;s largest manufacturer and supplier of Large Volume Low Pressure saline nasal irrigation systems.\" \/>\n<meta property=\"og:url\" content=\"https:\/\/www.neilmed.com\/fr\/a-propos\/\" \/>\n<meta property=\"og:site_name\" content=\"NeilMed\u00ae Pharmaceuticals - France\" \/>\n<meta property=\"article:modified_time\" content=\"2025-07-24T18:27:02+00:00\" \/>\n<meta property=\"og:image\" content=\"https:\/\/www.neilmed.com\/fr\/wp-content\/uploads\/sites\/27\/2022\/03\/nm-logo.jpg\" \/>\n\t<meta property=\"og:image:width\" content=\"241\" \/>\n\t<meta property=\"og:image:height\" content=\"200\" \/>\n\t<meta property=\"og:image:type\" content=\"image\/jpeg\" \/>\n<meta name=\"twitter:card\" content=\"summary_large_image\" \/>\n<meta name=\"twitter:label1\" content=\"Dur\u00e9e de lecture estim\u00e9e\" \/>\n\t<meta name=\"twitter:data1\" content=\"4 minutes\" \/>\n<script type=\"application\/ld+json\" class=\"yoast-schema-graph\">{\"@context\":\"https:\\\/\\\/schema.org\",\"@graph\":[{\"@type\":\"WebPage\",\"@id\":\"https:\\\/\\\/www.neilmed.com\\\/fr\\\/a-propos\\\/\",\"url\":\"https:\\\/\\\/www.neilmed.com\\\/fr\\\/a-propos\\\/\",\"name\":\"\u00c0 propos - NeilMed\u00ae Pharmaceuticals - France\",\"isPartOf\":{\"@id\":\"https:\\\/\\\/www.neilmed.com\\\/fr\\\/#website\"},\"primaryImageOfPage\":{\"@id\":\"https:\\\/\\\/www.neilmed.com\\\/fr\\\/a-propos\\\/#primaryimage\"},\"image\":{\"@id\":\"https:\\\/\\\/www.neilmed.com\\\/fr\\\/a-propos\\\/#primaryimage\"},\"thumbnailUrl\":\"https:\\\/\\\/www.neilmed.com\\\/fr\\\/wp-content\\\/uploads\\\/sites\\\/27\\\/2022\\\/03\\\/nm-logo.jpg\",\"datePublished\":\"2022-02-18T00:42:04+00:00\",\"dateModified\":\"2025-07-24T18:27:02+00:00\",\"description\":\"Learn more about NeilMed\u00ae. The world's largest manufacturer and supplier of Large Volume Low Pressure saline nasal irrigation systems.\",\"breadcrumb\":{\"@id\":\"https:\\\/\\\/www.neilmed.com\\\/fr\\\/a-propos\\\/#breadcrumb\"},\"inLanguage\":\"fr-FR\",\"potentialAction\":[{\"@type\":\"ReadAction\",\"target\":[\"https:\\\/\\\/www.neilmed.com\\\/fr\\\/a-propos\\\/\"]}]},{\"@type\":\"ImageObject\",\"inLanguage\":\"fr-FR\",\"@id\":\"https:\\\/\\\/www.neilmed.com\\\/fr\\\/a-propos\\\/#primaryimage\",\"url\":\"https:\\\/\\\/www.neilmed.com\\\/fr\\\/wp-content\\\/uploads\\\/sites\\\/27\\\/2022\\\/03\\\/nm-logo.jpg\",\"contentUrl\":\"https:\\\/\\\/www.neilmed.com\\\/fr\\\/wp-content\\\/uploads\\\/sites\\\/27\\\/2022\\\/03\\\/nm-logo.jpg\",\"width\":241,\"height\":200},{\"@type\":\"BreadcrumbList\",\"@id\":\"https:\\\/\\\/www.neilmed.com\\\/fr\\\/a-propos\\\/#breadcrumb\",\"itemListElement\":[{\"@type\":\"ListItem\",\"position\":1,\"name\":\"Accueil\",\"item\":\"https:\\\/\\\/www.neilmed.com\\\/fr\\\/\"},{\"@type\":\"ListItem\",\"position\":2,\"name\":\"\u00c0 propos\"}]},{\"@type\":\"WebSite\",\"@id\":\"https:\\\/\\\/www.neilmed.com\\\/fr\\\/#website\",\"url\":\"https:\\\/\\\/www.neilmed.com\\\/fr\\\/\",\"name\":\"NeilMed\u00ae Pharmaceuticals - France\",\"description\":\"NeilMed Pharmaceuticals: world leader in nasal saline irrigation system | Sinus Rinse | Neti Pot | Nasal Irrigation\",\"potentialAction\":[{\"@type\":\"SearchAction\",\"target\":{\"@type\":\"EntryPoint\",\"urlTemplate\":\"https:\\\/\\\/www.neilmed.com\\\/fr\\\/?s={search_term_string}\"},\"query-input\":{\"@type\":\"PropertyValueSpecification\",\"valueRequired\":true,\"valueName\":\"search_term_string\"}}],\"inLanguage\":\"fr-FR\"}]}<\/script>\n<!-- \/ Yoast SEO Premium plugin. -->","yoast_head_json":{"title":"\u00c0 propos - NeilMed\u00ae Pharmaceuticals - France","description":"Learn more about NeilMed\u00ae. The world's largest manufacturer and supplier of Large Volume Low Pressure saline nasal irrigation systems.","robots":{"index":"index","follow":"follow","max-snippet":"max-snippet:-1","max-image-preview":"max-image-preview:large","max-video-preview":"max-video-preview:-1"},"canonical":"https:\/\/www.neilmed.com\/fr\/a-propos\/","og_locale":"fr_FR","og_type":"article","og_title":"\u00c0 propos","og_description":"Learn more about NeilMed\u00ae. The world's largest manufacturer and supplier of Large Volume Low Pressure saline nasal irrigation systems.","og_url":"https:\/\/www.neilmed.com\/fr\/a-propos\/","og_site_name":"NeilMed\u00ae Pharmaceuticals - France","article_modified_time":"2025-07-24T18:27:02+00:00","og_image":[{"width":241,"height":200,"url":"https:\/\/www.neilmed.com\/fr\/wp-content\/uploads\/sites\/27\/2022\/03\/nm-logo.jpg","type":"image\/jpeg"}],"twitter_card":"summary_large_image","twitter_misc":{"Dur\u00e9e de lecture estim\u00e9e":"4 minutes"},"schema":{"@context":"https:\/\/schema.org","@graph":[{"@type":"WebPage","@id":"https:\/\/www.neilmed.com\/fr\/a-propos\/","url":"https:\/\/www.neilmed.com\/fr\/a-propos\/","name":"\u00c0 propos - NeilMed\u00ae Pharmaceuticals - France","isPartOf":{"@id":"https:\/\/www.neilmed.com\/fr\/#website"},"primaryImageOfPage":{"@id":"https:\/\/www.neilmed.com\/fr\/a-propos\/#primaryimage"},"image":{"@id":"https:\/\/www.neilmed.com\/fr\/a-propos\/#primaryimage"},"thumbnailUrl":"https:\/\/www.neilmed.com\/fr\/wp-content\/uploads\/sites\/27\/2022\/03\/nm-logo.jpg","datePublished":"2022-02-18T00:42:04+00:00","dateModified":"2025-07-24T18:27:02+00:00","description":"Learn more about NeilMed\u00ae. The world's largest manufacturer and supplier of Large Volume Low Pressure saline nasal irrigation systems.","breadcrumb":{"@id":"https:\/\/www.neilmed.com\/fr\/a-propos\/#breadcrumb"},"inLanguage":"fr-FR","potentialAction":[{"@type":"ReadAction","target":["https:\/\/www.neilmed.com\/fr\/a-propos\/"]}]},{"@type":"ImageObject","inLanguage":"fr-FR","@id":"https:\/\/www.neilmed.com\/fr\/a-propos\/#primaryimage","url":"https:\/\/www.neilmed.com\/fr\/wp-content\/uploads\/sites\/27\/2022\/03\/nm-logo.jpg","contentUrl":"https:\/\/www.neilmed.com\/fr\/wp-content\/uploads\/sites\/27\/2022\/03\/nm-logo.jpg","width":241,"height":200},{"@type":"BreadcrumbList","@id":"https:\/\/www.neilmed.com\/fr\/a-propos\/#breadcrumb","itemListElement":[{"@type":"ListItem","position":1,"name":"Accueil","item":"https:\/\/www.neilmed.com\/fr\/"},{"@type":"ListItem","position":2,"name":"\u00c0 propos"}]},{"@type":"WebSite","@id":"https:\/\/www.neilmed.com\/fr\/#website","url":"https:\/\/www.neilmed.com\/fr\/","name":"NeilMed\u00ae Pharmaceuticals - France","description":"NeilMed Pharmaceuticals: world leader in nasal saline irrigation system | Sinus Rinse | Neti Pot | Nasal Irrigation","potentialAction":[{"@type":"SearchAction","target":{"@type":"EntryPoint","urlTemplate":"https:\/\/www.neilmed.com\/fr\/?s={search_term_string}"},"query-input":{"@type":"PropertyValueSpecification","valueRequired":true,"valueName":"search_term_string"}}],"inLanguage":"fr-FR"}]}},"acf":[],"_links":{"self":[{"href":"https:\/\/www.neilmed.com\/fr\/wp-json\/wp\/v2\/pages\/247","targetHints":{"allow":["GET"]}}],"collection":[{"href":"https:\/\/www.neilmed.com\/fr\/wp-json\/wp\/v2\/pages"}],"about":[{"href":"https:\/\/www.neilmed.com\/fr\/wp-json\/wp\/v2\/types\/page"}],"author":[{"embeddable":true,"href":"https:\/\/www.neilmed.com\/fr\/wp-json\/wp\/v2\/users\/1"}],"replies":[{"embeddable":true,"href":"https:\/\/www.neilmed.com\/fr\/wp-json\/wp\/v2\/comments?post=247"}],"version-history":[{"count":8,"href":"https:\/\/www.neilmed.com\/fr\/wp-json\/wp\/v2\/pages\/247\/revisions"}],"predecessor-version":[{"id":4709,"href":"https:\/\/www.neilmed.com\/fr\/wp-json\/wp\/v2\/pages\/247\/revisions\/4709"}],"wp:featuredmedia":[{"embeddable":true,"href":"https:\/\/www.neilmed.com\/fr\/wp-json\/wp\/v2\/media\/2422"}],"wp:attachment":[{"href":"https:\/\/www.neilmed.com\/fr\/wp-json\/wp\/v2\/media?parent=247"}],"wp:term":[{"taxonomy":"category","embeddable":true,"href":"https:\/\/www.neilmed.com\/fr\/wp-json\/wp\/v2\/categories?post=247"},{"taxonomy":"post_tag","embeddable":true,"href":"https:\/\/www.neilmed.com\/fr\/wp-json\/wp\/v2\/tags?post=247"}],"curies":[{"name":"wp","href":"https:\/\/api.w.org\/{rel}","templated":true}]}}