{"id":7,"date":"2022-02-17T09:06:02","date_gmt":"2022-02-17T17:06:02","guid":{"rendered":"https:\/\/dev.neilmed.com\/cl\/?page_id=7"},"modified":"2025-03-27T20:38:12","modified_gmt":"2025-03-27T19:38:12","slug":"home","status":"publish","type":"page","link":"https:\/\/www.neilmed.com\/fr\/","title":{"rendered":"Accueil"},"content":{"rendered":"\n\n\t\n\t\t\t<!-- START Home Page Slider REVOLUTION SLIDER 6.7.18 --><p class=\"rs-p-wp-fix\"><\/p>\n\t\t\t<rs-module-wrap id=\"rev_slider_2_1_wrapper\" data-source=\"gallery\" style=\"visibility:hidden;background:transparent;padding:0;margin:0px auto;margin-top:0;margin-bottom:0;\">\n\t\t\t\t<rs-module id=\"rev_slider_2_1\" style=\"\" data-version=\"6.7.18\">\n\t\t\t\t\t<rs-slides style=\"overflow: hidden; position: absolute;\">\n\t\t\t\t\t\t<rs-slide style=\"position: absolute;\" data-key=\"rs-12\" data-title=\"Slide\" data-anim=\"adpr:false;\" data-in=\"o:0;\" data-out=\"a:false;\">\n\t\t\t\t\t\t\t<img decoding=\"async\" src=\"\/\/www.neilmed.com\/fr\/wp-content\/plugins\/revslider\/sr6\/assets\/assets\/dummy.png\" alt=\"\" title=\"MainProducts_Spain\" width=\"2000\" height=\"650\" class=\"rev-slidebg tp-rs-img rs-lazyload\" data-lazyload=\"\/\/www.neilmed.com\/es\/wp-content\/uploads\/sites\/25\/2023\/06\/MainProducts_Spain.jpg\" data-no-retina>\n<!--\n\t\t\t\t\t\t\t--><rs-layer\n\t\t\t\t\t\t\t\tid=\"slider-2-slide-12-layer-8\" \n\t\t\t\t\t\t\t\tdata-type=\"text\"\n\t\t\t\t\t\t\t\tdata-color=\"#00529c\"\n\t\t\t\t\t\t\t\tdata-rsp_ch=\"on\"\n\t\t\t\t\t\t\t\tdata-xy=\"x:c;y:133px;\"\n\t\t\t\t\t\t\t\tdata-text=\"w:normal;s:26;a:center;\"\n\t\t\t\t\t\t\t\tdata-dim=\"w:1368px;h:82px;\"\n\t\t\t\t\t\t\t\tdata-basealign=\"slide\"\n\t\t\t\t\t\t\t\tdata-frame_0=\"y:50;\"\n\t\t\t\t\t\t\t\tdata-frame_1=\"st:600;sp:1200;sR:1100;\"\n\t\t\t\t\t\t\t\tdata-frame_999=\"o:0;st:w;sR:6700;\"\n\t\t\t\t\t\t\t\tstyle=\"z-index:9;font-family:'Roboto';\"\n\t\t\t\t\t\t\t><span class=\"second-tagline\">#1 Recommand\u00e9 par les m\u00e9decins comme PREMI\u00c8RE LIGNE DE TRAITEMENT en Am\u00e9rique du Nord <\/span> \n\t\t\t\t\t\t\t<\/rs-layer><!--\n\n\t\t\t\t\t\t\t--><rs-layer\n\t\t\t\t\t\t\t\tid=\"slider-2-slide-12-layer-9\" \n\t\t\t\t\t\t\t\tdata-type=\"text\"\n\t\t\t\t\t\t\t\tdata-color=\"#00529c\"\n\t\t\t\t\t\t\t\tdata-rsp_ch=\"on\"\n\t\t\t\t\t\t\t\tdata-xy=\"x:c;y:187px;\"\n\t\t\t\t\t\t\t\tdata-text=\"w:normal;s:40;l:28;a:center;\"\n\t\t\t\t\t\t\t\tdata-dim=\"w:981px;h:85px;\"\n\t\t\t\t\t\t\t\tdata-basealign=\"slide\"\n\t\t\t\t\t\t\t\tdata-frame_0=\"y:50;\"\n\t\t\t\t\t\t\t\tdata-frame_1=\"st:1000;sp:1200;sR:1600;\"\n\t\t\t\t\t\t\t\tdata-frame_999=\"o:0;st:w;sR:6200;\"\n\t\t\t\t\t\t\t\tstyle=\"z-index:10;font-family:'Roboto';\"\n\t\t\t\t\t\t\t>Nez &bullet; Sinus &bullet; Allergies &bullet; Rhume &bullet; Rhinite allergique  \n\t\t\t\t\t\t\t<\/rs-layer><!--\n\n\t\t\t\t\t\t\t--><rs-layer\n\t\t\t\t\t\t\t\tid=\"slider-2-slide-12-layer-14\" \n\t\t\t\t\t\t\t\tdata-type=\"text\"\n\t\t\t\t\t\t\t\tdata-color=\"#00529c\"\n\t\t\t\t\t\t\t\tdata-rsp_ch=\"on\"\n\t\t\t\t\t\t\t\tdata-xy=\"x:c;y:49px;\"\n\t\t\t\t\t\t\t\tdata-text=\"w:normal;s:60;fw:700;a:center;\"\n\t\t\t\t\t\t\t\tdata-dim=\"w:1631px;h:125px;\"\n\t\t\t\t\t\t\t\tdata-frame_0=\"y:100%;\"\n\t\t\t\t\t\t\t\tdata-frame_0_mask=\"u:t;\"\n\t\t\t\t\t\t\t\tdata-frame_1=\"y:15px;st:200;sp:1200;sR:700;\"\n\t\t\t\t\t\t\t\tdata-frame_1_mask=\"u:t;\"\n\t\t\t\t\t\t\t\tdata-frame_999=\"o:0;st:w;sR:7100;\"\n\t\t\t\t\t\t\t\tstyle=\"z-index:5;font-family:'Roboto';\"\n\t\t\t\t\t\t\t>Leader des produits de soins et hygi\u00e8ne nasal en vente libre \n\t\t\t\t\t\t\t<\/rs-layer><!--\n-->\t\t\t\t\t<\/rs-slide>\n\t\t\t\t\t<\/rs-slides>\n\t\t\t\t<\/rs-module>\n\t\t\t\t<script>\n\t\t\t\t\tsetREVStartSize({c: 'rev_slider_2_1',rl:[1240,1024,778,480],el:[630],gw:[2000],gh:[630],type:'standard',justify:'',layout:'fullwidth',mh:\"0\"});if (window.RS_MODULES!==undefined && window.RS_MODULES.modules!==undefined && window.RS_MODULES.modules[\"revslider21\"]!==undefined) {window.RS_MODULES.modules[\"revslider21\"].once = false;window.revapi2 = undefined;if (window.RS_MODULES.checkMinimal!==undefined) window.RS_MODULES.checkMinimal()}\n\t\t\t\t<\/script>\n\t\t\t<\/rs-module-wrap>\n\t\t\t<!-- END REVOLUTION SLIDER -->\n\n\t<h2>S\u00c9CURIT\u00c9 \u2022 SIMPLICIT\u00c9 \u2022 EFFICACIT\u00c9 \u2022 ACCESSIBILIT\u00c9<\/h2>\n\t<p>Chez <strong>NeilMed<\/strong><sup>\u00ae<\/sup>, nous r\u00e9inventons les soins nasaux. Leader incontest\u00e9 dans le domaine des solutions naturelles et sans m\u00e9dicaments pour le nez, nous sommes anim\u00e9s par une passion : offrir une respiration ais\u00e9e et saine. Notre \u00e9quipe, riche de sa diversit\u00e9 et de son expertise, s&rsquo;engage \u00e0 vous apporter des solutions innovantes et fiables pour un bien-\u00eatre respiratoire optimal.<\/p>\n\t\t<h3>Un Nez Sain, une Vie \u00c9panouie <\/h3>\n\t\t\t<a href=\"https:\/\/shopeu.neilmed.com\" target=\"_self\">\n\t\t\t\t\t\t\tCOMMANDEZ MAINTENANT\n\t\t\t<\/a>\n\t\t\t\t<img loading=\"lazy\" decoding=\"async\" src=\"https:\/\/www.neilmed.com\/fr\/wp-content\/uploads\/sites\/27\/2022\/04\/mail-icon-newsletter.svg\" alt=\"mail-icon-newsletter\" itemprop=\"image\" height=\"0\" width=\"0\" title=\"mail-icon-newsletter\" onerror=\"this.style.display='none'\"  \/>\n\t<p>Inscrivez-vous \u00e0 notre newsletter<\/p>\n<p>Rejoignez notre liste de diffusion pour \u00eatre tenu inform\u00e9 des derni\u00e8res offres sp\u00e9ciales, promotions, articles m\u00e9dicaux et publications.<\/p>\n\t<form method=\"post\" action=\"\/fr\/newsletter-sign-up\/\" id=\"ContactFooter\">\n          <input type=\"email\" autocomplete=\"email\" placeholder=\"Your email\"\/>\n      <button type=\"submit\" name=\"commit\" id=\"Subscribe\">\n        Subscribe\n        Go\n      <\/button><\/form>\n\n","protected":false},"excerpt":{"rendered":"<p>S\u00c9CURIT\u00c9 \u2022 SIMPLICIT\u00c9 \u2022 EFFICACIT\u00c9 \u2022 ACCESSIBILIT\u00c9 Chez NeilMed\u00ae, nous r\u00e9inventons les soins nasaux. Leader incontest\u00e9 dans le domaine des solutions naturelles et sans m\u00e9dicaments pour le nez, nous sommes anim\u00e9s par une passion : offrir une respiration ais\u00e9e et saine. Notre \u00e9quipe, riche de sa diversit\u00e9 et de son expertise, s&rsquo;engage \u00e0 vous apporter&hellip;<\/p>\n","protected":false},"author":1,"featured_media":3886,"parent":0,"menu_order":0,"comment_status":"closed","ping_status":"closed","template":"","meta":{"_acf_changed":false,"inline_featured_image":false,"footnotes":""},"categories":[],"tags":[],"class_list":["post-7","page","type-page","status-publish","has-post-thumbnail","hentry"],"yoast_head":"<!-- This site is optimized with the Yoast SEO Premium plugin v27.4 (Yoast SEO v27.5) - https:\/\/yoast.com\/product\/yoast-seo-premium-wordpress\/ -->\n<title>NeilMed\u00ae Pharmaceuticals - Get That Clean Nose Feeling Today!<\/title>\n<meta name=\"description\" content=\"At NeilMed\u00ae Pharmaceuticals, our goal is to create safe, effective, simple and affordable products for nasal and sinus care.\" \/>\n<meta name=\"robots\" content=\"index, follow, max-snippet:-1, max-image-preview:large, max-video-preview:-1\" \/>\n<link rel=\"canonical\" href=\"https:\/\/www.neilmed.com\/fr\/\" \/>\n<meta property=\"og:locale\" content=\"fr_FR\" \/>\n<meta property=\"og:type\" content=\"article\" \/>\n<meta property=\"og:title\" content=\"Accueil\" \/>\n<meta property=\"og:description\" content=\"At NeilMed\u00ae Pharmaceuticals, our goal is to create safe, effective, simple and affordable products for nasal and sinus care.\" \/>\n<meta property=\"og:url\" content=\"https:\/\/www.neilmed.com\/fr\/\" \/>\n<meta property=\"og:site_name\" content=\"NeilMed\u00ae Pharmaceuticals - France\" \/>\n<meta property=\"article:modified_time\" content=\"2025-03-27T19:38:12+00:00\" \/>\n<meta property=\"og:image\" content=\"https:\/\/www.neilmed.com\/fr\/wp-content\/uploads\/sites\/27\/2022\/03\/cropped-NM-favicon.png\" \/>\n\t<meta property=\"og:image:width\" content=\"512\" \/>\n\t<meta property=\"og:image:height\" content=\"512\" \/>\n\t<meta property=\"og:image:type\" content=\"image\/png\" \/>\n<meta name=\"twitter:card\" content=\"summary_large_image\" \/>\n<meta name=\"twitter:label1\" content=\"Dur\u00e9e de lecture estim\u00e9e\" \/>\n\t<meta name=\"twitter:data1\" content=\"2 minutes\" \/>\n<script type=\"application\/ld+json\" class=\"yoast-schema-graph\">{\"@context\":\"https:\\\/\\\/schema.org\",\"@graph\":[{\"@type\":\"WebPage\",\"@id\":\"https:\\\/\\\/www.neilmed.com\\\/fr\\\/\",\"url\":\"https:\\\/\\\/www.neilmed.com\\\/fr\\\/\",\"name\":\"NeilMed\u00ae Pharmaceuticals - Get That Clean Nose Feeling Today!\",\"isPartOf\":{\"@id\":\"https:\\\/\\\/www.neilmed.com\\\/fr\\\/#website\"},\"primaryImageOfPage\":{\"@id\":\"https:\\\/\\\/www.neilmed.com\\\/fr\\\/#primaryimage\"},\"image\":{\"@id\":\"https:\\\/\\\/www.neilmed.com\\\/fr\\\/#primaryimage\"},\"thumbnailUrl\":\"https:\\\/\\\/www.neilmed.com\\\/fr\\\/wp-content\\\/uploads\\\/sites\\\/27\\\/2022\\\/03\\\/cropped-NM-favicon.png\",\"datePublished\":\"2022-02-17T17:06:02+00:00\",\"dateModified\":\"2025-03-27T19:38:12+00:00\",\"description\":\"At NeilMed\u00ae Pharmaceuticals, our goal is to create safe, effective, simple and affordable products for nasal and sinus care.\",\"breadcrumb\":{\"@id\":\"https:\\\/\\\/www.neilmed.com\\\/fr\\\/#breadcrumb\"},\"inLanguage\":\"fr-FR\",\"potentialAction\":[{\"@type\":\"ReadAction\",\"target\":[\"https:\\\/\\\/www.neilmed.com\\\/fr\\\/\"]}]},{\"@type\":\"ImageObject\",\"inLanguage\":\"fr-FR\",\"@id\":\"https:\\\/\\\/www.neilmed.com\\\/fr\\\/#primaryimage\",\"url\":\"https:\\\/\\\/www.neilmed.com\\\/fr\\\/wp-content\\\/uploads\\\/sites\\\/27\\\/2022\\\/03\\\/cropped-NM-favicon.png\",\"contentUrl\":\"https:\\\/\\\/www.neilmed.com\\\/fr\\\/wp-content\\\/uploads\\\/sites\\\/27\\\/2022\\\/03\\\/cropped-NM-favicon.png\",\"width\":512,\"height\":512},{\"@type\":\"BreadcrumbList\",\"@id\":\"https:\\\/\\\/www.neilmed.com\\\/fr\\\/#breadcrumb\",\"itemListElement\":[{\"@type\":\"ListItem\",\"position\":1,\"name\":\"Accueil\",\"item\":\"https:\\\/\\\/www.neilmed.com\\\/fr\\\/\"},{\"@type\":\"ListItem\",\"position\":2,\"name\":\"ACCUEIL\"}]},{\"@type\":\"WebSite\",\"@id\":\"https:\\\/\\\/www.neilmed.com\\\/fr\\\/#website\",\"url\":\"https:\\\/\\\/www.neilmed.com\\\/fr\\\/\",\"name\":\"NeilMed\u00ae Pharmaceuticals - France\",\"description\":\"NeilMed Pharmaceuticals: world leader in nasal saline irrigation system | Sinus Rinse | Neti Pot | Nasal Irrigation\",\"potentialAction\":[{\"@type\":\"SearchAction\",\"target\":{\"@type\":\"EntryPoint\",\"urlTemplate\":\"https:\\\/\\\/www.neilmed.com\\\/fr\\\/?s={search_term_string}\"},\"query-input\":{\"@type\":\"PropertyValueSpecification\",\"valueRequired\":true,\"valueName\":\"search_term_string\"}}],\"inLanguage\":\"fr-FR\"}]}<\/script>\n<!-- \/ Yoast SEO Premium plugin. -->","yoast_head_json":{"title":"NeilMed\u00ae Pharmaceuticals - Get That Clean Nose Feeling Today!","description":"At NeilMed\u00ae Pharmaceuticals, our goal is to create safe, effective, simple and affordable products for nasal and sinus care.","robots":{"index":"index","follow":"follow","max-snippet":"max-snippet:-1","max-image-preview":"max-image-preview:large","max-video-preview":"max-video-preview:-1"},"canonical":"https:\/\/www.neilmed.com\/fr\/","og_locale":"fr_FR","og_type":"article","og_title":"Accueil","og_description":"At NeilMed\u00ae Pharmaceuticals, our goal is to create safe, effective, simple and affordable products for nasal and sinus care.","og_url":"https:\/\/www.neilmed.com\/fr\/","og_site_name":"NeilMed\u00ae Pharmaceuticals - France","article_modified_time":"2025-03-27T19:38:12+00:00","og_image":[{"width":512,"height":512,"url":"https:\/\/www.neilmed.com\/fr\/wp-content\/uploads\/sites\/27\/2022\/03\/cropped-NM-favicon.png","type":"image\/png"}],"twitter_card":"summary_large_image","twitter_misc":{"Dur\u00e9e de lecture estim\u00e9e":"2 minutes"},"schema":{"@context":"https:\/\/schema.org","@graph":[{"@type":"WebPage","@id":"https:\/\/www.neilmed.com\/fr\/","url":"https:\/\/www.neilmed.com\/fr\/","name":"NeilMed\u00ae Pharmaceuticals - Get That Clean Nose Feeling Today!","isPartOf":{"@id":"https:\/\/www.neilmed.com\/fr\/#website"},"primaryImageOfPage":{"@id":"https:\/\/www.neilmed.com\/fr\/#primaryimage"},"image":{"@id":"https:\/\/www.neilmed.com\/fr\/#primaryimage"},"thumbnailUrl":"https:\/\/www.neilmed.com\/fr\/wp-content\/uploads\/sites\/27\/2022\/03\/cropped-NM-favicon.png","datePublished":"2022-02-17T17:06:02+00:00","dateModified":"2025-03-27T19:38:12+00:00","description":"At NeilMed\u00ae Pharmaceuticals, our goal is to create safe, effective, simple and affordable products for nasal and sinus care.","breadcrumb":{"@id":"https:\/\/www.neilmed.com\/fr\/#breadcrumb"},"inLanguage":"fr-FR","potentialAction":[{"@type":"ReadAction","target":["https:\/\/www.neilmed.com\/fr\/"]}]},{"@type":"ImageObject","inLanguage":"fr-FR","@id":"https:\/\/www.neilmed.com\/fr\/#primaryimage","url":"https:\/\/www.neilmed.com\/fr\/wp-content\/uploads\/sites\/27\/2022\/03\/cropped-NM-favicon.png","contentUrl":"https:\/\/www.neilmed.com\/fr\/wp-content\/uploads\/sites\/27\/2022\/03\/cropped-NM-favicon.png","width":512,"height":512},{"@type":"BreadcrumbList","@id":"https:\/\/www.neilmed.com\/fr\/#breadcrumb","itemListElement":[{"@type":"ListItem","position":1,"name":"Accueil","item":"https:\/\/www.neilmed.com\/fr\/"},{"@type":"ListItem","position":2,"name":"ACCUEIL"}]},{"@type":"WebSite","@id":"https:\/\/www.neilmed.com\/fr\/#website","url":"https:\/\/www.neilmed.com\/fr\/","name":"NeilMed\u00ae Pharmaceuticals - France","description":"NeilMed Pharmaceuticals: world leader in nasal saline irrigation system | Sinus Rinse | Neti Pot | Nasal Irrigation","potentialAction":[{"@type":"SearchAction","target":{"@type":"EntryPoint","urlTemplate":"https:\/\/www.neilmed.com\/fr\/?s={search_term_string}"},"query-input":{"@type":"PropertyValueSpecification","valueRequired":true,"valueName":"search_term_string"}}],"inLanguage":"fr-FR"}]}},"acf":[],"_links":{"self":[{"href":"https:\/\/www.neilmed.com\/fr\/wp-json\/wp\/v2\/pages\/7","targetHints":{"allow":["GET"]}}],"collection":[{"href":"https:\/\/www.neilmed.com\/fr\/wp-json\/wp\/v2\/pages"}],"about":[{"href":"https:\/\/www.neilmed.com\/fr\/wp-json\/wp\/v2\/types\/page"}],"author":[{"embeddable":true,"href":"https:\/\/www.neilmed.com\/fr\/wp-json\/wp\/v2\/users\/1"}],"replies":[{"embeddable":true,"href":"https:\/\/www.neilmed.com\/fr\/wp-json\/wp\/v2\/comments?post=7"}],"version-history":[{"count":4,"href":"https:\/\/www.neilmed.com\/fr\/wp-json\/wp\/v2\/pages\/7\/revisions"}],"predecessor-version":[{"id":4699,"href":"https:\/\/www.neilmed.com\/fr\/wp-json\/wp\/v2\/pages\/7\/revisions\/4699"}],"wp:featuredmedia":[{"embeddable":true,"href":"https:\/\/www.neilmed.com\/fr\/wp-json\/wp\/v2\/media\/3886"}],"wp:attachment":[{"href":"https:\/\/www.neilmed.com\/fr\/wp-json\/wp\/v2\/media?parent=7"}],"wp:term":[{"taxonomy":"category","embeddable":true,"href":"https:\/\/www.neilmed.com\/fr\/wp-json\/wp\/v2\/categories?post=7"},{"taxonomy":"post_tag","embeddable":true,"href":"https:\/\/www.neilmed.com\/fr\/wp-json\/wp\/v2\/tags?post=7"}],"curies":[{"name":"wp","href":"https:\/\/api.w.org\/{rel}","templated":true}]}}