{"id":190,"date":"2022-02-17T14:45:43","date_gmt":"2022-02-17T22:45:43","guid":{"rendered":"https:\/\/dev.neilmed.com\/fra\/?page_id=190"},"modified":"2022-02-17T14:45:43","modified_gmt":"2022-02-17T22:45:43","slug":"nous-contacter","status":"publish","type":"page","link":"https:\/\/www.neilmed.com\/fra\/nous-contacter\/","title":{"rendered":"Nous contacter"},"content":{"rendered":"\n\n\t<span><span><a href=\"https:\/\/www.neilmed.com\/fra\/\">Home<\/a><\/span><\/span>\n\t<p><a href=\"#contact-us\">Nous Contacter:<\/a><\/p>\n\t\n<h2>\n\t\tBUREAU LOCAL\n\t<\/h2>\n\t\t\t\t\n\t\t\t1300 Rodick Rd, Unit A<br \/>\nMarkham (Ontario) L3R 6G8\n\t\t\t\t\n\t\t\t<p><a href=\"mailto:questions@neilmed.com\">questions@neilmed.com<\/a><\/p>\n\t\t\t\t\n\t\t\tSans frais: <a href=\"tel:1-877-477-8633\">1 877 477 8633<\/a><br \/>\nT\u00e9l\u00e9phone: <a href=\"tel:1-905-480-0202\">+1 905 480-0202<\/a><br \/>\nT\u00e9l\u00e9copieur: +1 905 480-0201\n<h2>\n\t\tRESTER EN CONTACT\n\t<\/h2>\n\t<p><strong>NeilMed<sup>&reg;<\/sup><\/strong> s&rsquo;engage \u00e0 vous offrir le plus haut niveau de soutien. Nous faisons en sorte que vous puissiez obtenir facilement des r\u00e9ponses \u00e0 toutes vos questions sur l&rsquo;irrigation nasale, la sant\u00e9 des sinus ou du nez et les produits NeilMed. Nous vous offrons plusieurs moyens d&rsquo;obtenir de l&rsquo;aide ou de nous laisser vos commentaires. S\u00e9lectionnez votre moyen de communication pr\u00e9f\u00e9r\u00e9 ci-dessous.<\/p>\n<strong>1. FAQ<\/strong><br \/>\nVisitez notre page de FAQ pour obtenir les r\u00e9ponses aux questions les plus fr\u00e9quemment pos\u00e9es. <a href=\"https:\/\/www.neilmed.com\/fra\/faqs\/\">Cliquer ici<\/a>.<br \/>\n<strong>2. Consulter un m\u00e9decin<\/strong><br \/>\nVisitez notre page Consulter un m\u00e9decin pour lire les r\u00e9ponses aux questions que des clients comme vous ont d\u00e9j\u00e0 pos\u00e9es. Vous pouvez aussi poser votre propre question; nous vous r\u00e9pondrons dans un \u00e0 deux jours ouvrables. Le Dr Mehta lui-m\u00eame r\u00e9pond personnellement \u00e0 toutes les questions. <a href=\"https:\/\/askdr.neilmed.com\/\">Cliquer ici<\/a>.<br \/>\n<strong>3. T\u00e9l\u00e9phone<\/strong><br \/>\nAppelez sans frais pour parler directement avec un repr\u00e9sentant du service \u00e0 la client\u00e8le au <a href=\"tel:877-477-8633\">1-877-477-8633<\/a>. Notre centre de vente et du service \u00e0 la client\u00e8le est \u00e0 votre disposition 24 heures par jour, 7 jours par semaine.<br \/>\n<strong>4. Formulaire de contact<\/strong><br \/>\nRemplissez le formulaire ci-dessous et nous vous r\u00e9pondrons par courriel. Le d\u00e9lai de r\u00e9ponse est g\u00e9n\u00e9ralement de deux jours ouvrables ou moins.<br \/>\n<strong>5. Courriel<\/strong><br \/>\nVous pr\u00e9f\u00e9rez envoyer un courriel ou souhaitez nous laisser un commentaire ou un t\u00e9moignage? Vos commentaires sont les bienvenus. Envoyez-nous un courriel \u00e0 <a href=\"mailto:questions@neilmed.com\">questions@neilmed.com<\/a>.\n<p><strong>Si vous avez des questions ou des commentaires, veuillez remplir le formulaire ci-dessous et nous le faire parvenir.<\/strong><\/p>\n\t\t\t\t<img decoding=\"async\" src=\"https:\/\/www.neilmed.com\/fra\/wp-content\/uploads\/sites\/11\/2022\/03\/neilmed-tagline.svg\" alt=\"NeilMed&reg; - World Leader in Large Volume &amp; Low Pressure&trade; Saline Nasal Irrigation\" title=\"neilmed-tagline\" \/>\n\t\t<h3>Respirez ais\u00e9ment gr\u00e2ce \u00e0 un nez bien d\u00e9gag\u00e9 et \u00ab retrouvez cette sensation de nez d\u00e9gag\u00e9 \u00bb<\/h3>\n\t\t\t<a href=\"https:\/\/shop.neilmed.com\/\" target=\"_self\" role=\"button\" rel=\"noopener\">\n\t\t\t\t\t\t\tCOMMANDER MAINTENANT\n\t\t\t<\/a>\n\t\t\t\t<img decoding=\"async\" src=\"https:\/\/www.neilmed.com\/fra\/wp-content\/uploads\/sites\/11\/2022\/04\/mail-icon-newsletter.svg\" alt=\"mail-icon-newsletter\" title=\"mail-icon-newsletter\" \/>\n\tInscrivez-vous \u00e0 notre newsletter\n\t<p>Inscrivez-vous \u00e0 notre liste de distribution pour vous tenir au courant des derni\u00e8res nouvelles sur les offres sp\u00e9ciales, les promotions, la litt\u00e9rature m\u00e9dicale et les publications.<\/p>\n\t\n          \n      <button type=\"submit\" name=\"commit\" id=\"Subscribe\">\n        S&rsquo;inscrire\n        Go\n      <\/button>\n\n","protected":false},"excerpt":{"rendered":"<p>Nous Contacter: BUREAU LOCAL 1300 Rodick Rd, Unit A Markham (Ontario) L3R 6G8 questions@neilmed.com Sans frais: 1 877 477 8633 T\u00e9l\u00e9phone: +1 905 480-0202 T\u00e9l\u00e9copieur: +1 905 480-0201 RESTER EN CONTACT NeilMed&reg; s&rsquo;engage \u00e0 vous offrir le plus haut niveau de soutien. Nous faisons en sorte que vous puissiez obtenir facilement des r\u00e9ponses \u00e0 toutes&hellip;<\/p>\n","protected":false},"author":1,"featured_media":2422,"parent":0,"menu_order":14,"comment_status":"closed","ping_status":"closed","template":"","meta":{"_acf_changed":false,"inline_featured_image":false,"footnotes":""},"categories":[5,13,17],"tags":[],"class_list":["post-190","page","type-page","status-publish","has-post-thumbnail","hentry","category-a-propos-de-neilmed","category-important-links","category-nous-contacter"],"yoast_head":"<!-- This site is optimized with the Yoast SEO Premium plugin v27.2 (Yoast SEO v27.3) - https:\/\/yoast.com\/product\/yoast-seo-premium-wordpress\/ -->\n<title>Nous contacter - NeilMed Pharmaceuticals - French Canadian<\/title>\n<meta name=\"description\" content=\"Contact Us! We&#039;re available 24\/7 to answer any questions you may have. You can reach us on social media too!\" \/>\n<meta name=\"robots\" content=\"index, follow, max-snippet:-1, max-image-preview:large, max-video-preview:-1\" \/>\n<link rel=\"canonical\" href=\"https:\/\/www.neilmed.com\/fra\/nous-contacter\/\" \/>\n<meta property=\"og:locale\" content=\"fr_CA\" \/>\n<meta property=\"og:type\" content=\"article\" \/>\n<meta property=\"og:title\" content=\"Nous contacter\" \/>\n<meta property=\"og:description\" content=\"Contact Us! We&#039;re available 24\/7 to answer any questions you may have. You can reach us on social media too!\" \/>\n<meta property=\"og:url\" content=\"https:\/\/www.neilmed.com\/fra\/nous-contacter\/\" \/>\n<meta property=\"og:site_name\" content=\"NeilMed Pharmaceuticals - French Canadian\" \/>\n<meta property=\"og:image\" content=\"https:\/\/www.neilmed.com\/fra\/wp-content\/uploads\/sites\/11\/2022\/03\/nm-logo.jpg\" \/>\n\t<meta property=\"og:image:width\" content=\"241\" \/>\n\t<meta property=\"og:image:height\" content=\"200\" \/>\n\t<meta property=\"og:image:type\" content=\"image\/jpeg\" \/>\n<meta name=\"twitter:card\" content=\"summary_large_image\" \/>\n<meta name=\"twitter:label1\" content=\"Estimation du temps de lecture\" \/>\n\t<meta name=\"twitter:data1\" content=\"2 minutes\" \/>\n<script type=\"application\/ld+json\" class=\"yoast-schema-graph\">{\"@context\":\"https:\\\/\\\/schema.org\",\"@graph\":[{\"@type\":\"WebPage\",\"@id\":\"https:\\\/\\\/www.neilmed.com\\\/fra\\\/nous-contacter\\\/\",\"url\":\"https:\\\/\\\/www.neilmed.com\\\/fra\\\/nous-contacter\\\/\",\"name\":\"Nous contacter - NeilMed Pharmaceuticals - French Canadian\",\"isPartOf\":{\"@id\":\"https:\\\/\\\/www.neilmed.com\\\/fra\\\/#website\"},\"primaryImageOfPage\":{\"@id\":\"https:\\\/\\\/www.neilmed.com\\\/fra\\\/nous-contacter\\\/#primaryimage\"},\"image\":{\"@id\":\"https:\\\/\\\/www.neilmed.com\\\/fra\\\/nous-contacter\\\/#primaryimage\"},\"thumbnailUrl\":\"https:\\\/\\\/www.neilmed.com\\\/fra\\\/wp-content\\\/uploads\\\/sites\\\/11\\\/2022\\\/03\\\/nm-logo.jpg\",\"datePublished\":\"2022-02-17T22:45:43+00:00\",\"description\":\"Contact Us! We're available 24\\\/7 to answer any questions you may have. You can reach us on social media too!\",\"breadcrumb\":{\"@id\":\"https:\\\/\\\/www.neilmed.com\\\/fra\\\/nous-contacter\\\/#breadcrumb\"},\"inLanguage\":\"fr-CA\",\"potentialAction\":[{\"@type\":\"ReadAction\",\"target\":[\"https:\\\/\\\/www.neilmed.com\\\/fra\\\/nous-contacter\\\/\"]}]},{\"@type\":\"ImageObject\",\"inLanguage\":\"fr-CA\",\"@id\":\"https:\\\/\\\/www.neilmed.com\\\/fra\\\/nous-contacter\\\/#primaryimage\",\"url\":\"https:\\\/\\\/www.neilmed.com\\\/fra\\\/wp-content\\\/uploads\\\/sites\\\/11\\\/2022\\\/03\\\/nm-logo.jpg\",\"contentUrl\":\"https:\\\/\\\/www.neilmed.com\\\/fra\\\/wp-content\\\/uploads\\\/sites\\\/11\\\/2022\\\/03\\\/nm-logo.jpg\",\"width\":241,\"height\":200},{\"@type\":\"BreadcrumbList\",\"@id\":\"https:\\\/\\\/www.neilmed.com\\\/fra\\\/nous-contacter\\\/#breadcrumb\",\"itemListElement\":[{\"@type\":\"ListItem\",\"position\":1,\"name\":\"Home\",\"item\":\"https:\\\/\\\/www.neilmed.com\\\/fra\\\/\"},{\"@type\":\"ListItem\",\"position\":2,\"name\":\"Nous contacter\"}]},{\"@type\":\"WebSite\",\"@id\":\"https:\\\/\\\/www.neilmed.com\\\/fra\\\/#website\",\"url\":\"https:\\\/\\\/www.neilmed.com\\\/fra\\\/\",\"name\":\"NeilMed Pharmaceuticals - French Canadian\",\"description\":\"NeilMed Pharmaceuticals: world leader in nasal saline irrigation system | Sinus Rinse | Neti Pot | Nasal Irrigation\",\"potentialAction\":[{\"@type\":\"SearchAction\",\"target\":{\"@type\":\"EntryPoint\",\"urlTemplate\":\"https:\\\/\\\/www.neilmed.com\\\/fra\\\/?s={search_term_string}\"},\"query-input\":{\"@type\":\"PropertyValueSpecification\",\"valueRequired\":true,\"valueName\":\"search_term_string\"}}],\"inLanguage\":\"fr-CA\"}]}<\/script>\n<!-- \/ Yoast SEO Premium plugin. -->","yoast_head_json":{"title":"Nous contacter - NeilMed Pharmaceuticals - French Canadian","description":"Contact Us! We're available 24\/7 to answer any questions you may have. You can reach us on social media too!","robots":{"index":"index","follow":"follow","max-snippet":"max-snippet:-1","max-image-preview":"max-image-preview:large","max-video-preview":"max-video-preview:-1"},"canonical":"https:\/\/www.neilmed.com\/fra\/nous-contacter\/","og_locale":"fr_CA","og_type":"article","og_title":"Nous contacter","og_description":"Contact Us! We're available 24\/7 to answer any questions you may have. You can reach us on social media too!","og_url":"https:\/\/www.neilmed.com\/fra\/nous-contacter\/","og_site_name":"NeilMed Pharmaceuticals - French Canadian","og_image":[{"width":241,"height":200,"url":"https:\/\/www.neilmed.com\/fra\/wp-content\/uploads\/sites\/11\/2022\/03\/nm-logo.jpg","type":"image\/jpeg"}],"twitter_card":"summary_large_image","twitter_misc":{"Estimation du temps de lecture":"2 minutes"},"schema":{"@context":"https:\/\/schema.org","@graph":[{"@type":"WebPage","@id":"https:\/\/www.neilmed.com\/fra\/nous-contacter\/","url":"https:\/\/www.neilmed.com\/fra\/nous-contacter\/","name":"Nous contacter - NeilMed Pharmaceuticals - French Canadian","isPartOf":{"@id":"https:\/\/www.neilmed.com\/fra\/#website"},"primaryImageOfPage":{"@id":"https:\/\/www.neilmed.com\/fra\/nous-contacter\/#primaryimage"},"image":{"@id":"https:\/\/www.neilmed.com\/fra\/nous-contacter\/#primaryimage"},"thumbnailUrl":"https:\/\/www.neilmed.com\/fra\/wp-content\/uploads\/sites\/11\/2022\/03\/nm-logo.jpg","datePublished":"2022-02-17T22:45:43+00:00","description":"Contact Us! We're available 24\/7 to answer any questions you may have. You can reach us on social media too!","breadcrumb":{"@id":"https:\/\/www.neilmed.com\/fra\/nous-contacter\/#breadcrumb"},"inLanguage":"fr-CA","potentialAction":[{"@type":"ReadAction","target":["https:\/\/www.neilmed.com\/fra\/nous-contacter\/"]}]},{"@type":"ImageObject","inLanguage":"fr-CA","@id":"https:\/\/www.neilmed.com\/fra\/nous-contacter\/#primaryimage","url":"https:\/\/www.neilmed.com\/fra\/wp-content\/uploads\/sites\/11\/2022\/03\/nm-logo.jpg","contentUrl":"https:\/\/www.neilmed.com\/fra\/wp-content\/uploads\/sites\/11\/2022\/03\/nm-logo.jpg","width":241,"height":200},{"@type":"BreadcrumbList","@id":"https:\/\/www.neilmed.com\/fra\/nous-contacter\/#breadcrumb","itemListElement":[{"@type":"ListItem","position":1,"name":"Home","item":"https:\/\/www.neilmed.com\/fra\/"},{"@type":"ListItem","position":2,"name":"Nous contacter"}]},{"@type":"WebSite","@id":"https:\/\/www.neilmed.com\/fra\/#website","url":"https:\/\/www.neilmed.com\/fra\/","name":"NeilMed Pharmaceuticals - French Canadian","description":"NeilMed Pharmaceuticals: world leader in nasal saline irrigation system | Sinus Rinse | Neti Pot | Nasal Irrigation","potentialAction":[{"@type":"SearchAction","target":{"@type":"EntryPoint","urlTemplate":"https:\/\/www.neilmed.com\/fra\/?s={search_term_string}"},"query-input":{"@type":"PropertyValueSpecification","valueRequired":true,"valueName":"search_term_string"}}],"inLanguage":"fr-CA"}]}},"acf":[],"_links":{"self":[{"href":"https:\/\/www.neilmed.com\/fra\/wp-json\/wp\/v2\/pages\/190","targetHints":{"allow":["GET"]}}],"collection":[{"href":"https:\/\/www.neilmed.com\/fra\/wp-json\/wp\/v2\/pages"}],"about":[{"href":"https:\/\/www.neilmed.com\/fra\/wp-json\/wp\/v2\/types\/page"}],"author":[{"embeddable":true,"href":"https:\/\/www.neilmed.com\/fra\/wp-json\/wp\/v2\/users\/1"}],"replies":[{"embeddable":true,"href":"https:\/\/www.neilmed.com\/fra\/wp-json\/wp\/v2\/comments?post=190"}],"version-history":[{"count":0,"href":"https:\/\/www.neilmed.com\/fra\/wp-json\/wp\/v2\/pages\/190\/revisions"}],"wp:featuredmedia":[{"embeddable":true,"href":"https:\/\/www.neilmed.com\/fra\/wp-json\/wp\/v2\/media\/2422"}],"wp:attachment":[{"href":"https:\/\/www.neilmed.com\/fra\/wp-json\/wp\/v2\/media?parent=190"}],"wp:term":[{"taxonomy":"category","embeddable":true,"href":"https:\/\/www.neilmed.com\/fra\/wp-json\/wp\/v2\/categories?post=190"},{"taxonomy":"post_tag","embeddable":true,"href":"https:\/\/www.neilmed.com\/fra\/wp-json\/wp\/v2\/tags?post=190"}],"curies":[{"name":"wp","href":"https:\/\/api.w.org\/{rel}","templated":true}]}}