{"id":250,"date":"2022-02-17T16:42:37","date_gmt":"2022-02-18T00:42:37","guid":{"rendered":"https:\/\/dev.neilmed.com\/fra\/?page_id=250"},"modified":"2022-02-17T16:42:37","modified_gmt":"2022-02-18T00:42:37","slug":"valeurs-fondamentales","status":"publish","type":"page","link":"https:\/\/www.neilmed.com\/fra\/valeurs-fondamentales\/","title":{"rendered":"Valeurs fondamentales"},"content":{"rendered":"\r\n<h1>\r\n\t\tValeurs Fondamentales De NeilMed\r\n\t<\/h1>\r\n\t<span><span><a href=\"https:\/\/www.neilmed.com\/fra\/\">Home<\/a><\/span><\/span>\r\n\t\t\t\t<img decoding=\"async\" src=\"https:\/\/www.neilmed.com\/fra\/wp-content\/uploads\/sites\/11\/2022\/03\/neilmed-tagline.svg\" alt=\"NeilMed&reg; - World Leader in Large Volume &amp; Low Pressure&trade; Saline Nasal Irrigation\" title=\"neilmed-tagline\" \/>\r\n<h2>\r\n\t\tLES VALEURS FONDAMENTALES DE NEILMED<sup>&reg;<\/sup>\r\n\t<\/h2>\r\n\t<ul>\r\n<li>Am\u00e9liorer la sant\u00e9 personnelle des individus dans le monde entier tout en construisant une entreprise et une culture l\u00e9gendaires.<\/li>\r\n<li>Persistance Nous adoptons une attitude positive et dynamique pour faire avancer les choses, quels que soient les obstacles.<\/li>\r\n<li>Prise de risque Nous prenons des risques calcul\u00e9s en tant qu&rsquo;entrepreneurs pour acc\u00e9l\u00e9rer la croissance de nos activit\u00e9s.<\/li>\r\n<li>Am\u00e9liorer la qualit\u00e9 Nous travaillons de mani\u00e8re proactive et continue pour am\u00e9liorer nos produits.<\/li>\r\n<li>Service \u00e0 la client\u00e8le Nous nous soucions passionn\u00e9ment de nos clients et les gardons toujours \u00e0 l&rsquo;esprit dans notre prise de d\u00e9cision.<\/li>\r\n<li>Innovation Nous recherchons continuellement des moyens de cr\u00e9er un avantage concurrentiel et d&rsquo;am\u00e9liorer l&rsquo;efficacit\u00e9 gr\u00e2ce \u00e0 l&rsquo;innovation.<\/li>\r\n<li>Communication ouverte Nous sommes honn\u00eates et sinc\u00e8res les uns envers les autres pour faciliter la circulation de l&rsquo;information et maintenir une communication ouverte.<\/li>\r\n<li>Responsabilit\u00e9 Nous sommes personnellement responsables de nos engagements, qui se traduisent \u00e0 la fois par des r\u00e9compenses et des cons\u00e9quences.<\/li>\r\n<\/ul>\r\n<h2>\r\n\t\t\u00c9NONC\u00c9 DE QUALIT\u00c9\r\n\t<\/h2>\r\n\t<p>NeilMed<sup>&reg;<\/sup> est la premi\u00e8re marque nord-am\u00e9ricaine de dispositifs d&rsquo;irrigation nasale par administration de solution saline \u00e0 grand volume. Notre objectif est de garantir le niveau de qualit\u00e9, de s\u00e9curit\u00e9, d&rsquo;efficacit\u00e9 et de facilit\u00e9 d&rsquo;utilisation le plus \u00e9lev\u00e9 possible pour nos dispositifs, \u00e0 un prix abordable. Nous avons pris l&rsquo;engagement solennel de nous conformer aux normes applicables, que ce soit sur le plan des exigences r\u00e9glementaires, des attentes de nos clients ou de la qualit\u00e9, et d&rsquo;atteindre des niveaux de satisfaction de la client\u00e8le de plus en plus \u00e9lev\u00e9s.<\/p>\r\n<p>NeilMed&reg; est fi\u00e8re de la qualit\u00e9 de ses produits, et accorde une grande importance \u00e0 la satisfaction de ses clients. Nous avons pour politique de vous offrir une garantie de remboursement int\u00e9gral dans les 90 jours si, pour quelque raison que ce soit, vous n&rsquo;\u00eates pas satisfaits. Aujourd&rsquo;hui, nous accordons notre soutien aux recherches m\u00e9dicales qui se poursuivent dans plusieurs centres universitaires. Je tiens \u00e0 vous assurer que vous serez hautement satis\udbc0\udcd2faits des produits portant la marque NeilMed&reg; et du service que nous offrons \u00e0 notre client\u00e8le.<\/p>\r\n\t\t<h3>Respirez ais\u00e9ment gr\u00e2ce \u00e0 un nez bien d\u00e9gag\u00e9 et \u00ab retrouvez cette sensation de nez d\u00e9gag\u00e9 \u00bb<\/h3>\r\n\t\t\t<a href=\"https:\/\/shop.neilmed.com\/\" target=\"_self\" role=\"button\" rel=\"noopener\">\r\n\t\t\t\t\t\t\tCOMMANDER MAINTENANT\r\n\t\t\t<\/a>\r\n\t\t\t\t<img decoding=\"async\" src=\"https:\/\/www.neilmed.com\/fra\/wp-content\/uploads\/sites\/11\/2022\/04\/mail-icon-newsletter.svg\" alt=\"mail-icon-newsletter\" title=\"mail-icon-newsletter\" \/>\r\n\tInscrivez-vous \u00e0 notre newsletter\r\n\t<p>Inscrivez-vous \u00e0 notre liste de distribution pour vous tenir au courant des derni\u00e8res nouvelles sur les offres sp\u00e9ciales, les promotions, la litt\u00e9rature m\u00e9dicale et les publications.<\/p>\r\n\t\r\n          \r\n      <button type=\"submit\" name=\"commit\" id=\"Subscribe\">\r\n        S&rsquo;inscrire\r\n        Go\r\n      <\/button>\r\n\r\n","protected":false},"excerpt":{"rendered":"<p>Valeurs Fondamentales De NeilMed LES VALEURS FONDAMENTALES DE NEILMED&reg; Am\u00e9liorer la sant\u00e9 personnelle des individus dans le monde entier tout en construisant une entreprise et une culture l\u00e9gendaires. Persistance Nous adoptons une attitude positive et dynamique pour faire avancer les choses, quels que soient les obstacles. Prise de risque Nous prenons des risques calcul\u00e9s en&hellip;<\/p>\n","protected":false},"author":1,"featured_media":2422,"parent":0,"menu_order":2,"comment_status":"closed","ping_status":"closed","template":"","meta":{"_acf_changed":false,"inline_featured_image":false,"footnotes":""},"categories":[5],"tags":[],"class_list":["post-250","page","type-page","status-publish","has-post-thumbnail","hentry","category-a-propos-de-neilmed"],"yoast_head":"<!-- This site is optimized with the Yoast SEO Premium plugin v27.2 (Yoast SEO v27.3) - https:\/\/yoast.com\/product\/yoast-seo-premium-wordpress\/ -->\n<title>Valeurs fondamentales - NeilMed Pharmaceuticals - French Canadian<\/title>\n<meta name=\"description\" content=\"NeilMed&reg; Core Values - To improve the personal health of individuals worldwide while building a legendary company and culture.\" \/>\n<meta name=\"robots\" content=\"index, follow, max-snippet:-1, max-image-preview:large, max-video-preview:-1\" \/>\n<link rel=\"canonical\" href=\"https:\/\/www.neilmed.com\/fra\/valeurs-fondamentales\/\" \/>\n<meta property=\"og:locale\" content=\"fr_CA\" \/>\n<meta property=\"og:type\" content=\"article\" \/>\n<meta property=\"og:title\" content=\"Valeurs fondamentales\" \/>\n<meta property=\"og:description\" content=\"NeilMed&reg; Core Values - To improve the personal health of individuals worldwide while building a legendary company and culture.\" \/>\n<meta property=\"og:url\" content=\"https:\/\/www.neilmed.com\/fra\/valeurs-fondamentales\/\" \/>\n<meta property=\"og:site_name\" content=\"NeilMed Pharmaceuticals - French Canadian\" \/>\n<meta property=\"og:image\" content=\"https:\/\/www.neilmed.com\/fra\/wp-content\/uploads\/sites\/11\/2022\/03\/nm-logo.jpg\" \/>\n\t<meta property=\"og:image:width\" content=\"241\" \/>\n\t<meta property=\"og:image:height\" content=\"200\" \/>\n\t<meta property=\"og:image:type\" content=\"image\/jpeg\" \/>\n<meta name=\"twitter:card\" content=\"summary_large_image\" \/>\n<meta name=\"twitter:label1\" content=\"Estimation du temps de lecture\" \/>\n\t<meta name=\"twitter:data1\" content=\"2 minutes\" \/>\n<script type=\"application\/ld+json\" class=\"yoast-schema-graph\">{\"@context\":\"https:\\\/\\\/schema.org\",\"@graph\":[{\"@type\":\"WebPage\",\"@id\":\"https:\\\/\\\/www.neilmed.com\\\/fra\\\/valeurs-fondamentales\\\/\",\"url\":\"https:\\\/\\\/www.neilmed.com\\\/fra\\\/valeurs-fondamentales\\\/\",\"name\":\"Valeurs fondamentales - NeilMed Pharmaceuticals - French Canadian\",\"isPartOf\":{\"@id\":\"https:\\\/\\\/www.neilmed.com\\\/fra\\\/#website\"},\"primaryImageOfPage\":{\"@id\":\"https:\\\/\\\/www.neilmed.com\\\/fra\\\/valeurs-fondamentales\\\/#primaryimage\"},\"image\":{\"@id\":\"https:\\\/\\\/www.neilmed.com\\\/fra\\\/valeurs-fondamentales\\\/#primaryimage\"},\"thumbnailUrl\":\"https:\\\/\\\/www.neilmed.com\\\/fra\\\/wp-content\\\/uploads\\\/sites\\\/11\\\/2022\\\/03\\\/nm-logo.jpg\",\"datePublished\":\"2022-02-18T00:42:37+00:00\",\"description\":\"NeilMed&reg; Core Values - To improve the personal health of individuals worldwide while building a legendary company and culture.\",\"breadcrumb\":{\"@id\":\"https:\\\/\\\/www.neilmed.com\\\/fra\\\/valeurs-fondamentales\\\/#breadcrumb\"},\"inLanguage\":\"fr-CA\",\"potentialAction\":[{\"@type\":\"ReadAction\",\"target\":[\"https:\\\/\\\/www.neilmed.com\\\/fra\\\/valeurs-fondamentales\\\/\"]}]},{\"@type\":\"ImageObject\",\"inLanguage\":\"fr-CA\",\"@id\":\"https:\\\/\\\/www.neilmed.com\\\/fra\\\/valeurs-fondamentales\\\/#primaryimage\",\"url\":\"https:\\\/\\\/www.neilmed.com\\\/fra\\\/wp-content\\\/uploads\\\/sites\\\/11\\\/2022\\\/03\\\/nm-logo.jpg\",\"contentUrl\":\"https:\\\/\\\/www.neilmed.com\\\/fra\\\/wp-content\\\/uploads\\\/sites\\\/11\\\/2022\\\/03\\\/nm-logo.jpg\",\"width\":241,\"height\":200},{\"@type\":\"BreadcrumbList\",\"@id\":\"https:\\\/\\\/www.neilmed.com\\\/fra\\\/valeurs-fondamentales\\\/#breadcrumb\",\"itemListElement\":[{\"@type\":\"ListItem\",\"position\":1,\"name\":\"Home\",\"item\":\"https:\\\/\\\/www.neilmed.com\\\/fra\\\/\"},{\"@type\":\"ListItem\",\"position\":2,\"name\":\"Valeurs fondamentales\"}]},{\"@type\":\"WebSite\",\"@id\":\"https:\\\/\\\/www.neilmed.com\\\/fra\\\/#website\",\"url\":\"https:\\\/\\\/www.neilmed.com\\\/fra\\\/\",\"name\":\"NeilMed Pharmaceuticals - French Canadian\",\"description\":\"NeilMed Pharmaceuticals: world leader in nasal saline irrigation system | Sinus Rinse | Neti Pot | Nasal Irrigation\",\"potentialAction\":[{\"@type\":\"SearchAction\",\"target\":{\"@type\":\"EntryPoint\",\"urlTemplate\":\"https:\\\/\\\/www.neilmed.com\\\/fra\\\/?s={search_term_string}\"},\"query-input\":{\"@type\":\"PropertyValueSpecification\",\"valueRequired\":true,\"valueName\":\"search_term_string\"}}],\"inLanguage\":\"fr-CA\"}]}<\/script>\n<!-- \/ Yoast SEO Premium plugin. -->","yoast_head_json":{"title":"Valeurs fondamentales - NeilMed Pharmaceuticals - French Canadian","description":"NeilMed&reg; Core Values - To improve the personal health of individuals worldwide while building a legendary company and culture.","robots":{"index":"index","follow":"follow","max-snippet":"max-snippet:-1","max-image-preview":"max-image-preview:large","max-video-preview":"max-video-preview:-1"},"canonical":"https:\/\/www.neilmed.com\/fra\/valeurs-fondamentales\/","og_locale":"fr_CA","og_type":"article","og_title":"Valeurs fondamentales","og_description":"NeilMed&reg; Core Values - To improve the personal health of individuals worldwide while building a legendary company and culture.","og_url":"https:\/\/www.neilmed.com\/fra\/valeurs-fondamentales\/","og_site_name":"NeilMed Pharmaceuticals - French Canadian","og_image":[{"width":241,"height":200,"url":"https:\/\/www.neilmed.com\/fra\/wp-content\/uploads\/sites\/11\/2022\/03\/nm-logo.jpg","type":"image\/jpeg"}],"twitter_card":"summary_large_image","twitter_misc":{"Estimation du temps de lecture":"2 minutes"},"schema":{"@context":"https:\/\/schema.org","@graph":[{"@type":"WebPage","@id":"https:\/\/www.neilmed.com\/fra\/valeurs-fondamentales\/","url":"https:\/\/www.neilmed.com\/fra\/valeurs-fondamentales\/","name":"Valeurs fondamentales - NeilMed Pharmaceuticals - French Canadian","isPartOf":{"@id":"https:\/\/www.neilmed.com\/fra\/#website"},"primaryImageOfPage":{"@id":"https:\/\/www.neilmed.com\/fra\/valeurs-fondamentales\/#primaryimage"},"image":{"@id":"https:\/\/www.neilmed.com\/fra\/valeurs-fondamentales\/#primaryimage"},"thumbnailUrl":"https:\/\/www.neilmed.com\/fra\/wp-content\/uploads\/sites\/11\/2022\/03\/nm-logo.jpg","datePublished":"2022-02-18T00:42:37+00:00","description":"NeilMed&reg; Core Values - To improve the personal health of individuals worldwide while building a legendary company and culture.","breadcrumb":{"@id":"https:\/\/www.neilmed.com\/fra\/valeurs-fondamentales\/#breadcrumb"},"inLanguage":"fr-CA","potentialAction":[{"@type":"ReadAction","target":["https:\/\/www.neilmed.com\/fra\/valeurs-fondamentales\/"]}]},{"@type":"ImageObject","inLanguage":"fr-CA","@id":"https:\/\/www.neilmed.com\/fra\/valeurs-fondamentales\/#primaryimage","url":"https:\/\/www.neilmed.com\/fra\/wp-content\/uploads\/sites\/11\/2022\/03\/nm-logo.jpg","contentUrl":"https:\/\/www.neilmed.com\/fra\/wp-content\/uploads\/sites\/11\/2022\/03\/nm-logo.jpg","width":241,"height":200},{"@type":"BreadcrumbList","@id":"https:\/\/www.neilmed.com\/fra\/valeurs-fondamentales\/#breadcrumb","itemListElement":[{"@type":"ListItem","position":1,"name":"Home","item":"https:\/\/www.neilmed.com\/fra\/"},{"@type":"ListItem","position":2,"name":"Valeurs fondamentales"}]},{"@type":"WebSite","@id":"https:\/\/www.neilmed.com\/fra\/#website","url":"https:\/\/www.neilmed.com\/fra\/","name":"NeilMed Pharmaceuticals - French Canadian","description":"NeilMed Pharmaceuticals: world leader in nasal saline irrigation system | Sinus Rinse | Neti Pot | Nasal Irrigation","potentialAction":[{"@type":"SearchAction","target":{"@type":"EntryPoint","urlTemplate":"https:\/\/www.neilmed.com\/fra\/?s={search_term_string}"},"query-input":{"@type":"PropertyValueSpecification","valueRequired":true,"valueName":"search_term_string"}}],"inLanguage":"fr-CA"}]}},"acf":[],"_links":{"self":[{"href":"https:\/\/www.neilmed.com\/fra\/wp-json\/wp\/v2\/pages\/250","targetHints":{"allow":["GET"]}}],"collection":[{"href":"https:\/\/www.neilmed.com\/fra\/wp-json\/wp\/v2\/pages"}],"about":[{"href":"https:\/\/www.neilmed.com\/fra\/wp-json\/wp\/v2\/types\/page"}],"author":[{"embeddable":true,"href":"https:\/\/www.neilmed.com\/fra\/wp-json\/wp\/v2\/users\/1"}],"replies":[{"embeddable":true,"href":"https:\/\/www.neilmed.com\/fra\/wp-json\/wp\/v2\/comments?post=250"}],"version-history":[{"count":0,"href":"https:\/\/www.neilmed.com\/fra\/wp-json\/wp\/v2\/pages\/250\/revisions"}],"wp:featuredmedia":[{"embeddable":true,"href":"https:\/\/www.neilmed.com\/fra\/wp-json\/wp\/v2\/media\/2422"}],"wp:attachment":[{"href":"https:\/\/www.neilmed.com\/fra\/wp-json\/wp\/v2\/media?parent=250"}],"wp:term":[{"taxonomy":"category","embeddable":true,"href":"https:\/\/www.neilmed.com\/fra\/wp-json\/wp\/v2\/categories?post=250"},{"taxonomy":"post_tag","embeddable":true,"href":"https:\/\/www.neilmed.com\/fra\/wp-json\/wp\/v2\/tags?post=250"}],"curies":[{"name":"wp","href":"https:\/\/api.w.org\/{rel}","templated":true}]}}