{"id":253,"date":"2022-02-17T16:43:30","date_gmt":"2022-02-18T00:43:30","guid":{"rendered":"https:\/\/dev.neilmed.com\/fra\/?page_id=253"},"modified":"2022-02-17T16:43:30","modified_gmt":"2022-02-18T00:43:30","slug":"liens-externes","status":"publish","type":"page","link":"https:\/\/www.neilmed.com\/fra\/liens-externes\/","title":{"rendered":"Liens externes"},"content":{"rendered":"\r\n<h1>\r\n\t\tLiens Externes\r\n\t<\/h1>\r\n\t<span><span><a href=\"https:\/\/www.neilmed.com\/fra\/\">Home<\/a><\/span><\/span>\r\n<h2>\r\n\t\tClick on the external links below to learn more:\r\n\t<\/h2>\r\n\t<ul>\r\n<li>\r\n<h3>Learn about common indoor allergens and the best approach for limiting irritation.<\/h3>\r\n<a href=\"https:\/\/www.aaaai.org\/tools-for-the-public\/conditions-library\/allergies\/indoor-allergens-ttr\" target=\"_blank\" rel=\"noopener\">https:\/\/www.aaaai.org\/tools-for-the-public\/conditions-library\/allergies\/indoor-allergens-ttr<\/a><\/li>\r\n<li>\r\n<h3>Often, people believe they&rsquo;ve caught a \u00ab\u00a0bug,\u00a0\u00bb but they&rsquo;re actually dealing with allergies. This article discusses the most common offenders and how to combat them.<\/h3>\r\n<a href=\"https:\/\/www.treeremoval.com\/tree-pollen-and-other-common-allergies\/\" target=\"_blank\" rel=\"noopener\">https:\/\/www.treeremoval.com\/tree-pollen-and-other-common-allergies\/<\/a><\/li>\r\n<li>\r\n<h3>When you&rsquo;ve got the sniffles and a sore throat, it can be hard to diagnose the cause. Understanding the differences between a cold, the flu and allergies will help you choose the best treatment.<\/h3>\r\n<a href=\"https:\/\/newsinhealth.nih.gov\/issue\/oct2014\/feature2\" target=\"_blank\" rel=\"noopener\">https:\/\/newsinhealth.nih.gov\/issue\/oct2014\/feature2<\/a><\/li>\r\n<li>\r\n<h3>Dealing with acute sinusitis<\/h3>\r\n<a href=\"https:\/\/www.gulf-times.com\/health\/234\/details\/376476\/dealing-with-acute-sinusitis\" target=\"_blank\" rel=\"noopener\">https:\/\/www.gulf-times.com\/health\/234\/details\/376476\/dealing-with-acute-sinusitis<\/a><\/li>\r\n<li>\r\n<h3>The Winter Season and Sinusitis<\/h3>\r\n<a href=\"https:\/\/omtimes.com\/2013\/12\/winter-season-sinusitis\/\" target=\"_blank\" rel=\"noopener\">https:\/\/omtimes.com\/2013\/12\/winter-season-sinusitis\/<\/a><\/li>\r\n<li>\r\n<h3>The Most Dangerous Mistake You Can Make During Flu Season<\/h3>\r\n<a href=\"https:\/\/www.rand.org\/blog\/2013\/10\/the-most-dangerous-mistake-you-can-make-during-flu.html\" target=\"_blank\" rel=\"noopener\">https:\/\/www.rand.org\/blog\/2013\/10\/the-most-dangerous-mistake-you-can-make-during-flu.html<\/a><\/li>\r\n<li>\r\n<h3>What&rsquo;s the difference between fall and spring allergies?<\/h3>\r\n<a href=\"https:\/\/www.metro.us\/whats-the-difference-between-fall-and-spring-allergies\/\" target=\"_blank\" rel=\"noopener\">https:\/\/www.metro.us\/whats-the-difference-between-fall-and-spring-allergies\/<\/a><\/li>\r\n<li>\r\n<h3>How to Avoid Cold and Flu Germs on Airplanes<\/h3>\r\n<a href=\"https:\/\/blog.atlastravelweb.com\/air-travel\/avoid-cold-flu-germs-airplanes\/\" target=\"_blank\" rel=\"noopener\">https:\/\/blog.atlastravelweb.com\/air-travel\/avoid-cold-flu-germs-airplanes\/<\/a><\/li>\r\n<li>\r\n<h3>Have you rinsed your Sinuses? (video\/poll)<\/h3>\r\n<a href=\"https:\/\/98country.com\/have-you-rinsed-your-sinuses-videopoll\/\" target=\"_blank\" rel=\"noopener\">https:\/\/98country.com\/have-you-rinsed-your-sinuses-videopoll\/<\/a><\/li>\r\n<li>\r\n<h3>UNC gift eases soldiers&rsquo; sinus woes<\/h3>\r\n<a href=\"https:\/\/www.wral.com\/unc-gift-eases-soldiers-sinus-woes\/11818263\/\" target=\"_blank\" rel=\"noopener\">https:\/\/www.wral.com\/unc-gift-eases-soldiers-sinus-woes\/11818263\/<\/a><\/li>\r\n<li>\r\n<h3>Fend Off Sniffles: How to Keep Your Sinuses Moist<\/h3>\r\n<a href=\"https:\/\/www.bottomlinepublications.com\/content\/article\/health-a-healing\/fend-off-sniffles-how-to-keep-your-sinuses-mois\" target=\"_blank\" rel=\"noopener\">https:\/\/www.bottomlinepublications.com\/content\/article\/health-a-healing\/fend-off-sniffles-how-to-keep-your-sinuses-mois<\/a><\/li>\r\n<li>\r\n<h3>Why people swear by the neti pot<\/h3>\r\n<a href=\"https:\/\/www.cnn.com\/2010\/HEALTH\/04\/15\/neti.pot.allergies.sinus\/index.html?iref=allsearch\" target=\"_blank\" rel=\"noopener\">https:\/\/www.cnn.com\/2010\/HEALTH\/04\/15\/neti.pot.allergies.sinus\/index.html?iref=allsearch<\/a><\/li>\r\n<li>\r\n<h3>Sinusitis: NeilMed and ALKALOL sinus relief products, reviewed.<\/h3>\r\n<a href=\"https:\/\/www.productreviewratings.com\/2008\/12\/neilmed-sinus-rinse\/\" target=\"_blank\" rel=\"noopener\">https:\/\/www.productreviewratings.com\/2008\/12\/neilmed-sinus-rinse\/<\/a><\/li>\r\n<li>\r\n<h3>Shooting salt water up my nose everyday &amp; feeling good!<\/h3>\r\n<a href=\"https:\/\/scubaboard.com\/community\/threads\/shooting-salt-water-up-my-nose-everyday-feeling-good-anybody-else-doing-this.207029\/\" target=\"_blank\" rel=\"noopener\">https:\/\/scubaboard.com\/community\/threads\/shooting-salt-water-up-my-nose-everyday-feeling-good-anybody-else-doing-this.207029\/<\/a><\/li>\r\n<\/ul>\r\n\t\t<h3>Respirez ais\u00e9ment gr\u00e2ce \u00e0 un nez bien d\u00e9gag\u00e9 et \u00ab retrouvez cette sensation de nez d\u00e9gag\u00e9 \u00bb<\/h3>\r\n\t\t\t<a href=\"https:\/\/shop.neilmed.com\/\" target=\"_self\" role=\"button\" rel=\"noopener\">\r\n\t\t\t\t\t\t\tCOMMANDER MAINTENANT\r\n\t\t\t<\/a>\r\n\t\t\t\t<img decoding=\"async\" src=\"https:\/\/www.neilmed.com\/fra\/wp-content\/uploads\/sites\/11\/2022\/04\/mail-icon-newsletter.svg\" alt=\"mail-icon-newsletter\" title=\"mail-icon-newsletter\" \/>\r\n\tInscrivez-vous \u00e0 notre newsletter\r\n\t<p>Inscrivez-vous \u00e0 notre liste de distribution pour vous tenir au courant des derni\u00e8res nouvelles sur les offres sp\u00e9ciales, les promotions, la litt\u00e9rature m\u00e9dicale et les publications.<\/p>\r\n\t\r\n          \r\n      <button type=\"submit\" name=\"commit\" id=\"Subscribe\">\r\n        S&rsquo;inscrire\r\n        Go\r\n      <\/button>\r\n\r\n","protected":false},"excerpt":{"rendered":"<p>Liens Externes Click on the external links below to learn more: Learn about common indoor allergens and the best approach for limiting irritation. https:\/\/www.aaaai.org\/tools-for-the-public\/conditions-library\/allergies\/indoor-allergens-ttr Often, people believe they&rsquo;ve caught a \u00ab\u00a0bug,\u00a0\u00bb but they&rsquo;re actually dealing with allergies. This article discusses the most common offenders and how to combat them. https:\/\/www.treeremoval.com\/tree-pollen-and-other-common-allergies\/ When you&rsquo;ve got the sniffles&hellip;<\/p>\n","protected":false},"author":1,"featured_media":1597,"parent":0,"menu_order":3,"comment_status":"closed","ping_status":"closed","template":"","meta":{"_acf_changed":false,"inline_featured_image":false,"footnotes":""},"categories":[5],"tags":[],"class_list":["post-253","page","type-page","status-publish","has-post-thumbnail","hentry","category-a-propos-de-neilmed"],"yoast_head":"<!-- This site is optimized with the Yoast SEO Premium plugin v27.2 (Yoast SEO v27.3) - https:\/\/yoast.com\/product\/yoast-seo-premium-wordpress\/ -->\n<title>Liens externes - NeilMed Pharmaceuticals - French Canadian<\/title>\n<meta name=\"description\" content=\"External Links. Click on the links to explore: Learn more about common indoor allergens and the best approach for limiting irritation.\" \/>\n<meta name=\"robots\" content=\"index, follow, max-snippet:-1, max-image-preview:large, max-video-preview:-1\" \/>\n<link rel=\"canonical\" href=\"https:\/\/www.neilmed.com\/fra\/liens-externes\/\" \/>\n<meta property=\"og:locale\" content=\"fr_CA\" \/>\n<meta property=\"og:type\" content=\"article\" \/>\n<meta property=\"og:title\" content=\"Liens externes\" \/>\n<meta property=\"og:description\" content=\"External Links. Click on the links to explore: Learn more about common indoor allergens and the best approach for limiting irritation.\" \/>\n<meta property=\"og:url\" content=\"https:\/\/www.neilmed.com\/fra\/liens-externes\/\" \/>\n<meta property=\"og:site_name\" content=\"NeilMed Pharmaceuticals - French Canadian\" \/>\n<meta property=\"og:image\" content=\"https:\/\/www.neilmed.com\/fra\/wp-content\/uploads\/sites\/11\/2022\/03\/AdobeStock_308286950-scaled.jpeg\" \/>\n\t<meta property=\"og:image:width\" content=\"2560\" \/>\n\t<meta property=\"og:image:height\" content=\"960\" \/>\n\t<meta property=\"og:image:type\" content=\"image\/jpeg\" \/>\n<meta name=\"twitter:card\" content=\"summary_large_image\" \/>\n<meta name=\"twitter:label1\" content=\"Estimation du temps de lecture\" \/>\n\t<meta name=\"twitter:data1\" content=\"2 minutes\" \/>\n<script type=\"application\/ld+json\" class=\"yoast-schema-graph\">{\"@context\":\"https:\\\/\\\/schema.org\",\"@graph\":[{\"@type\":\"WebPage\",\"@id\":\"https:\\\/\\\/www.neilmed.com\\\/fra\\\/liens-externes\\\/\",\"url\":\"https:\\\/\\\/www.neilmed.com\\\/fra\\\/liens-externes\\\/\",\"name\":\"Liens externes - NeilMed Pharmaceuticals - French Canadian\",\"isPartOf\":{\"@id\":\"https:\\\/\\\/www.neilmed.com\\\/fra\\\/#website\"},\"primaryImageOfPage\":{\"@id\":\"https:\\\/\\\/www.neilmed.com\\\/fra\\\/liens-externes\\\/#primaryimage\"},\"image\":{\"@id\":\"https:\\\/\\\/www.neilmed.com\\\/fra\\\/liens-externes\\\/#primaryimage\"},\"thumbnailUrl\":\"https:\\\/\\\/www.neilmed.com\\\/fra\\\/wp-content\\\/uploads\\\/sites\\\/11\\\/2022\\\/03\\\/AdobeStock_308286950-scaled.jpeg\",\"datePublished\":\"2022-02-18T00:43:30+00:00\",\"description\":\"External Links. Click on the links to explore: Learn more about common indoor allergens and the best approach for limiting irritation.\",\"breadcrumb\":{\"@id\":\"https:\\\/\\\/www.neilmed.com\\\/fra\\\/liens-externes\\\/#breadcrumb\"},\"inLanguage\":\"fr-CA\",\"potentialAction\":[{\"@type\":\"ReadAction\",\"target\":[\"https:\\\/\\\/www.neilmed.com\\\/fra\\\/liens-externes\\\/\"]}]},{\"@type\":\"ImageObject\",\"inLanguage\":\"fr-CA\",\"@id\":\"https:\\\/\\\/www.neilmed.com\\\/fra\\\/liens-externes\\\/#primaryimage\",\"url\":\"https:\\\/\\\/www.neilmed.com\\\/fra\\\/wp-content\\\/uploads\\\/sites\\\/11\\\/2022\\\/03\\\/AdobeStock_308286950-scaled.jpeg\",\"contentUrl\":\"https:\\\/\\\/www.neilmed.com\\\/fra\\\/wp-content\\\/uploads\\\/sites\\\/11\\\/2022\\\/03\\\/AdobeStock_308286950-scaled.jpeg\",\"width\":2560,\"height\":960,\"caption\":\"Business woman working on modern computer banner or panorama. Person buying online at internet. Laptop focused on keyboard detail with blur hand. copy space for text.\"},{\"@type\":\"BreadcrumbList\",\"@id\":\"https:\\\/\\\/www.neilmed.com\\\/fra\\\/liens-externes\\\/#breadcrumb\",\"itemListElement\":[{\"@type\":\"ListItem\",\"position\":1,\"name\":\"Home\",\"item\":\"https:\\\/\\\/www.neilmed.com\\\/fra\\\/\"},{\"@type\":\"ListItem\",\"position\":2,\"name\":\"Liens externes\"}]},{\"@type\":\"WebSite\",\"@id\":\"https:\\\/\\\/www.neilmed.com\\\/fra\\\/#website\",\"url\":\"https:\\\/\\\/www.neilmed.com\\\/fra\\\/\",\"name\":\"NeilMed Pharmaceuticals - French Canadian\",\"description\":\"NeilMed Pharmaceuticals: world leader in nasal saline irrigation system | Sinus Rinse | Neti Pot | Nasal Irrigation\",\"potentialAction\":[{\"@type\":\"SearchAction\",\"target\":{\"@type\":\"EntryPoint\",\"urlTemplate\":\"https:\\\/\\\/www.neilmed.com\\\/fra\\\/?s={search_term_string}\"},\"query-input\":{\"@type\":\"PropertyValueSpecification\",\"valueRequired\":true,\"valueName\":\"search_term_string\"}}],\"inLanguage\":\"fr-CA\"}]}<\/script>\n<!-- \/ Yoast SEO Premium plugin. -->","yoast_head_json":{"title":"Liens externes - NeilMed Pharmaceuticals - French Canadian","description":"External Links. Click on the links to explore: Learn more about common indoor allergens and the best approach for limiting irritation.","robots":{"index":"index","follow":"follow","max-snippet":"max-snippet:-1","max-image-preview":"max-image-preview:large","max-video-preview":"max-video-preview:-1"},"canonical":"https:\/\/www.neilmed.com\/fra\/liens-externes\/","og_locale":"fr_CA","og_type":"article","og_title":"Liens externes","og_description":"External Links. Click on the links to explore: Learn more about common indoor allergens and the best approach for limiting irritation.","og_url":"https:\/\/www.neilmed.com\/fra\/liens-externes\/","og_site_name":"NeilMed Pharmaceuticals - French Canadian","og_image":[{"width":2560,"height":960,"url":"https:\/\/www.neilmed.com\/fra\/wp-content\/uploads\/sites\/11\/2022\/03\/AdobeStock_308286950-scaled.jpeg","type":"image\/jpeg"}],"twitter_card":"summary_large_image","twitter_misc":{"Estimation du temps de lecture":"2 minutes"},"schema":{"@context":"https:\/\/schema.org","@graph":[{"@type":"WebPage","@id":"https:\/\/www.neilmed.com\/fra\/liens-externes\/","url":"https:\/\/www.neilmed.com\/fra\/liens-externes\/","name":"Liens externes - NeilMed Pharmaceuticals - French Canadian","isPartOf":{"@id":"https:\/\/www.neilmed.com\/fra\/#website"},"primaryImageOfPage":{"@id":"https:\/\/www.neilmed.com\/fra\/liens-externes\/#primaryimage"},"image":{"@id":"https:\/\/www.neilmed.com\/fra\/liens-externes\/#primaryimage"},"thumbnailUrl":"https:\/\/www.neilmed.com\/fra\/wp-content\/uploads\/sites\/11\/2022\/03\/AdobeStock_308286950-scaled.jpeg","datePublished":"2022-02-18T00:43:30+00:00","description":"External Links. Click on the links to explore: Learn more about common indoor allergens and the best approach for limiting irritation.","breadcrumb":{"@id":"https:\/\/www.neilmed.com\/fra\/liens-externes\/#breadcrumb"},"inLanguage":"fr-CA","potentialAction":[{"@type":"ReadAction","target":["https:\/\/www.neilmed.com\/fra\/liens-externes\/"]}]},{"@type":"ImageObject","inLanguage":"fr-CA","@id":"https:\/\/www.neilmed.com\/fra\/liens-externes\/#primaryimage","url":"https:\/\/www.neilmed.com\/fra\/wp-content\/uploads\/sites\/11\/2022\/03\/AdobeStock_308286950-scaled.jpeg","contentUrl":"https:\/\/www.neilmed.com\/fra\/wp-content\/uploads\/sites\/11\/2022\/03\/AdobeStock_308286950-scaled.jpeg","width":2560,"height":960,"caption":"Business woman working on modern computer banner or panorama. Person buying online at internet. Laptop focused on keyboard detail with blur hand. copy space for text."},{"@type":"BreadcrumbList","@id":"https:\/\/www.neilmed.com\/fra\/liens-externes\/#breadcrumb","itemListElement":[{"@type":"ListItem","position":1,"name":"Home","item":"https:\/\/www.neilmed.com\/fra\/"},{"@type":"ListItem","position":2,"name":"Liens externes"}]},{"@type":"WebSite","@id":"https:\/\/www.neilmed.com\/fra\/#website","url":"https:\/\/www.neilmed.com\/fra\/","name":"NeilMed Pharmaceuticals - French Canadian","description":"NeilMed Pharmaceuticals: world leader in nasal saline irrigation system | Sinus Rinse | Neti Pot | Nasal Irrigation","potentialAction":[{"@type":"SearchAction","target":{"@type":"EntryPoint","urlTemplate":"https:\/\/www.neilmed.com\/fra\/?s={search_term_string}"},"query-input":{"@type":"PropertyValueSpecification","valueRequired":true,"valueName":"search_term_string"}}],"inLanguage":"fr-CA"}]}},"acf":[],"_links":{"self":[{"href":"https:\/\/www.neilmed.com\/fra\/wp-json\/wp\/v2\/pages\/253","targetHints":{"allow":["GET"]}}],"collection":[{"href":"https:\/\/www.neilmed.com\/fra\/wp-json\/wp\/v2\/pages"}],"about":[{"href":"https:\/\/www.neilmed.com\/fra\/wp-json\/wp\/v2\/types\/page"}],"author":[{"embeddable":true,"href":"https:\/\/www.neilmed.com\/fra\/wp-json\/wp\/v2\/users\/1"}],"replies":[{"embeddable":true,"href":"https:\/\/www.neilmed.com\/fra\/wp-json\/wp\/v2\/comments?post=253"}],"version-history":[{"count":0,"href":"https:\/\/www.neilmed.com\/fra\/wp-json\/wp\/v2\/pages\/253\/revisions"}],"wp:featuredmedia":[{"embeddable":true,"href":"https:\/\/www.neilmed.com\/fra\/wp-json\/wp\/v2\/media\/1597"}],"wp:attachment":[{"href":"https:\/\/www.neilmed.com\/fra\/wp-json\/wp\/v2\/media?parent=253"}],"wp:term":[{"taxonomy":"category","embeddable":true,"href":"https:\/\/www.neilmed.com\/fra\/wp-json\/wp\/v2\/categories?post=253"},{"taxonomy":"post_tag","embeddable":true,"href":"https:\/\/www.neilmed.com\/fra\/wp-json\/wp\/v2\/tags?post=253"}],"curies":[{"name":"wp","href":"https:\/\/api.w.org\/{rel}","templated":true}]}}