{"id":30,"date":"2022-02-17T10:07:08","date_gmt":"2022-02-17T18:07:08","guid":{"rendered":"https:\/\/dev.neilmed.com\/fra\/?page_id=30"},"modified":"2022-02-17T10:07:08","modified_gmt":"2022-02-17T18:07:08","slug":"acheter-localement","status":"publish","type":"page","link":"https:\/\/www.neilmed.com\/fra\/acheter-localement\/","title":{"rendered":"Acheter Localement"},"content":{"rendered":"\n\n\t<span><span><a href=\"https:\/\/www.neilmed.com\/fra\/\">Home<\/a><\/span><\/span>\n\t\t\t\t<img decoding=\"async\" src=\"https:\/\/www.neilmed.com\/fra\/wp-content\/uploads\/sites\/11\/2022\/03\/neilmed-tagline.svg\" alt=\"NeilMed&reg; - World Leader in Large Volume &amp; Low Pressure&trade; Saline Nasal Irrigation\" title=\"neilmed-tagline\" \/>\n\t\t\t\t\t\t\t\t<a href=\"https:\/\/storelocator.neilmed.com\/\" target=\"_self\" rel=\"noopener\">\n\t\t\t\t\t\t<\/a>\n\t<h2><a href=\"https:\/\/storelocator.neilmed.com\/\" target=\"_self\" rel=\"noopener\">Localisateur de Magasin<\/a><\/h2>\t\t\n\t\t\t<a href=\"https:\/\/storelocator.neilmed.com\/\" target=\"_self\" rel=\"noopener\">Localiser les magasins pr\u00e8s de votre code postal<\/a>\t\t\n\t\t\t\t\t\t\t\t<a href=\"https:\/\/www.neilmed.com\/pdf\/distributor\/dist_usa.pdf\" target=\"_self\" rel=\"noopener\">\n\t\t\t\t\t\t<\/a>\n\t<h2><a href=\"https:\/\/www.neilmed.com\/pdf\/distributor\/dist_usa.pdf\" target=\"_self\" rel=\"noopener\">Commande Sp\u00e9ciale<\/a><\/h2>\t\t\n\t\t\t<a href=\"https:\/\/www.neilmed.com\/pdf\/distributor\/dist_usa.pdf\" target=\"_self\" rel=\"noopener\">Cliquer ici pour passer une commande sp\u00e9ciale<\/a>\t\t\n\t\t\t\t\t\t\t\t<a href=\"https:\/\/shop.neilmed.com\/collections\" target=\"_self\" rel=\"noopener\">\n\t\t\t\t\t\t<\/a>\n\t<h2><a href=\"https:\/\/shop.neilmed.com\/collections\" target=\"_self\" rel=\"noopener\">Boutique en Ligne<\/a><\/h2>\t\t\n\t\t\t<a href=\"https:\/\/shop.neilmed.com\/collections\" target=\"_self\" rel=\"noopener\">commander en ligne dans notre boutique en ligne<\/a>\t\t\n\t\t<h3>Respirez ais\u00e9ment gr\u00e2ce \u00e0 un nez bien d\u00e9gag\u00e9 et \u00ab retrouvez cette sensation de nez d\u00e9gag\u00e9 \u00bb<\/h3>\n\t\t\t<a href=\"https:\/\/shop.neilmed.com\/\" target=\"_self\" role=\"button\" rel=\"noopener\">\n\t\t\t\t\t\t\tCOMMANDER MAINTENANT\n\t\t\t<\/a>\n\t\t\t\t<img decoding=\"async\" src=\"https:\/\/www.neilmed.com\/fra\/wp-content\/uploads\/sites\/11\/2022\/04\/mail-icon-newsletter.svg\" alt=\"mail-icon-newsletter\" title=\"mail-icon-newsletter\" \/>\n\tInscrivez-vous \u00e0 notre newsletter\n\t<p>Inscrivez-vous \u00e0 notre liste de distribution pour vous tenir au courant des derni\u00e8res nouvelles sur les offres sp\u00e9ciales, les promotions, la litt\u00e9rature m\u00e9dicale et les publications.<\/p>\n\t\n          \n      <button type=\"submit\" name=\"commit\" id=\"Subscribe\">\n        S&rsquo;inscrire\n        Go\n      <\/button>\n\n","protected":false},"excerpt":{"rendered":"<p>Localisateur de Magasin Localiser les magasins pr\u00e8s de votre code postal Commande Sp\u00e9ciale Cliquer ici pour passer une commande sp\u00e9ciale Boutique en Ligne commander en ligne dans notre boutique en ligne Respirez ais\u00e9ment gr\u00e2ce \u00e0 un nez bien d\u00e9gag\u00e9 et \u00ab retrouvez cette sensation de nez d\u00e9gag\u00e9 \u00bb COMMANDER MAINTENANT Inscrivez-vous \u00e0 notre newsletter Inscrivez-vous&hellip;<\/p>\n","protected":false},"author":1,"featured_media":2320,"parent":0,"menu_order":12,"comment_status":"closed","ping_status":"closed","template":"","meta":{"_acf_changed":false,"inline_featured_image":false,"footnotes":""},"categories":[4,7],"tags":[],"class_list":["post-30","page","type-page","status-publish","has-post-thumbnail","hentry","category-produits","category-renseignements-sur-les-produits"],"yoast_head":"<!-- This site is optimized with the Yoast SEO Premium plugin v27.2 (Yoast SEO v27.3) - https:\/\/yoast.com\/product\/yoast-seo-premium-wordpress\/ -->\n<title>Acheter Localement - NeilMed Pharmaceuticals - French Canadian<\/title>\n<meta name=\"description\" content=\"Buy NeilMed&reg; products locally. Use our store locator to find the nearest NeilMed&reg; retailer in your area today.\" \/>\n<meta name=\"robots\" content=\"index, follow, max-snippet:-1, max-image-preview:large, max-video-preview:-1\" \/>\n<link rel=\"canonical\" href=\"https:\/\/www.neilmed.com\/fra\/acheter-localement\/\" \/>\n<meta property=\"og:locale\" content=\"fr_CA\" \/>\n<meta property=\"og:type\" content=\"article\" \/>\n<meta property=\"og:title\" content=\"Acheter Localement\" \/>\n<meta property=\"og:description\" content=\"Buy NeilMed&reg; products locally. Use our store locator to find the nearest NeilMed&reg; retailer in your area today.\" \/>\n<meta property=\"og:url\" content=\"https:\/\/www.neilmed.com\/fra\/acheter-localement\/\" \/>\n<meta property=\"og:site_name\" content=\"NeilMed Pharmaceuticals - French Canadian\" \/>\n<meta property=\"og:image\" content=\"https:\/\/www.neilmed.com\/fra\/wp-content\/uploads\/sites\/11\/2022\/03\/pharmacy-scaled.jpeg\" \/>\n\t<meta property=\"og:image:width\" content=\"2560\" \/>\n\t<meta property=\"og:image:height\" content=\"828\" \/>\n\t<meta property=\"og:image:type\" content=\"image\/jpeg\" \/>\n<meta name=\"twitter:card\" content=\"summary_large_image\" \/>\n<script type=\"application\/ld+json\" class=\"yoast-schema-graph\">{\"@context\":\"https:\\\/\\\/schema.org\",\"@graph\":[{\"@type\":\"WebPage\",\"@id\":\"https:\\\/\\\/www.neilmed.com\\\/fra\\\/acheter-localement\\\/\",\"url\":\"https:\\\/\\\/www.neilmed.com\\\/fra\\\/acheter-localement\\\/\",\"name\":\"Acheter Localement - NeilMed Pharmaceuticals - French Canadian\",\"isPartOf\":{\"@id\":\"https:\\\/\\\/www.neilmed.com\\\/fra\\\/#website\"},\"primaryImageOfPage\":{\"@id\":\"https:\\\/\\\/www.neilmed.com\\\/fra\\\/acheter-localement\\\/#primaryimage\"},\"image\":{\"@id\":\"https:\\\/\\\/www.neilmed.com\\\/fra\\\/acheter-localement\\\/#primaryimage\"},\"thumbnailUrl\":\"https:\\\/\\\/www.neilmed.com\\\/fra\\\/wp-content\\\/uploads\\\/sites\\\/11\\\/2022\\\/03\\\/pharmacy-scaled.jpeg\",\"datePublished\":\"2022-02-17T18:07:08+00:00\",\"description\":\"Buy NeilMed&reg; products locally. Use our store locator to find the nearest NeilMed&reg; retailer in your area today.\",\"breadcrumb\":{\"@id\":\"https:\\\/\\\/www.neilmed.com\\\/fra\\\/acheter-localement\\\/#breadcrumb\"},\"inLanguage\":\"fr-CA\",\"potentialAction\":[{\"@type\":\"ReadAction\",\"target\":[\"https:\\\/\\\/www.neilmed.com\\\/fra\\\/acheter-localement\\\/\"]}]},{\"@type\":\"ImageObject\",\"inLanguage\":\"fr-CA\",\"@id\":\"https:\\\/\\\/www.neilmed.com\\\/fra\\\/acheter-localement\\\/#primaryimage\",\"url\":\"https:\\\/\\\/www.neilmed.com\\\/fra\\\/wp-content\\\/uploads\\\/sites\\\/11\\\/2022\\\/03\\\/pharmacy-scaled.jpeg\",\"contentUrl\":\"https:\\\/\\\/www.neilmed.com\\\/fra\\\/wp-content\\\/uploads\\\/sites\\\/11\\\/2022\\\/03\\\/pharmacy-scaled.jpeg\",\"width\":2560,\"height\":828,\"caption\":\"Male pharmacist sitting at table with tablet computer in pharmacy office. Medical healthcare staff and drugstore business.\"},{\"@type\":\"BreadcrumbList\",\"@id\":\"https:\\\/\\\/www.neilmed.com\\\/fra\\\/acheter-localement\\\/#breadcrumb\",\"itemListElement\":[{\"@type\":\"ListItem\",\"position\":1,\"name\":\"Home\",\"item\":\"https:\\\/\\\/www.neilmed.com\\\/fra\\\/\"},{\"@type\":\"ListItem\",\"position\":2,\"name\":\"Acheter Localement\"}]},{\"@type\":\"WebSite\",\"@id\":\"https:\\\/\\\/www.neilmed.com\\\/fra\\\/#website\",\"url\":\"https:\\\/\\\/www.neilmed.com\\\/fra\\\/\",\"name\":\"NeilMed Pharmaceuticals - French Canadian\",\"description\":\"NeilMed Pharmaceuticals: world leader in nasal saline irrigation system | Sinus Rinse | Neti Pot | Nasal Irrigation\",\"potentialAction\":[{\"@type\":\"SearchAction\",\"target\":{\"@type\":\"EntryPoint\",\"urlTemplate\":\"https:\\\/\\\/www.neilmed.com\\\/fra\\\/?s={search_term_string}\"},\"query-input\":{\"@type\":\"PropertyValueSpecification\",\"valueRequired\":true,\"valueName\":\"search_term_string\"}}],\"inLanguage\":\"fr-CA\"}]}<\/script>\n<!-- \/ Yoast SEO Premium plugin. -->","yoast_head_json":{"title":"Acheter Localement - NeilMed Pharmaceuticals - French Canadian","description":"Buy NeilMed&reg; products locally. Use our store locator to find the nearest NeilMed&reg; retailer in your area today.","robots":{"index":"index","follow":"follow","max-snippet":"max-snippet:-1","max-image-preview":"max-image-preview:large","max-video-preview":"max-video-preview:-1"},"canonical":"https:\/\/www.neilmed.com\/fra\/acheter-localement\/","og_locale":"fr_CA","og_type":"article","og_title":"Acheter Localement","og_description":"Buy NeilMed&reg; products locally. Use our store locator to find the nearest NeilMed&reg; retailer in your area today.","og_url":"https:\/\/www.neilmed.com\/fra\/acheter-localement\/","og_site_name":"NeilMed Pharmaceuticals - French Canadian","og_image":[{"width":2560,"height":828,"url":"https:\/\/www.neilmed.com\/fra\/wp-content\/uploads\/sites\/11\/2022\/03\/pharmacy-scaled.jpeg","type":"image\/jpeg"}],"twitter_card":"summary_large_image","schema":{"@context":"https:\/\/schema.org","@graph":[{"@type":"WebPage","@id":"https:\/\/www.neilmed.com\/fra\/acheter-localement\/","url":"https:\/\/www.neilmed.com\/fra\/acheter-localement\/","name":"Acheter Localement - NeilMed Pharmaceuticals - French Canadian","isPartOf":{"@id":"https:\/\/www.neilmed.com\/fra\/#website"},"primaryImageOfPage":{"@id":"https:\/\/www.neilmed.com\/fra\/acheter-localement\/#primaryimage"},"image":{"@id":"https:\/\/www.neilmed.com\/fra\/acheter-localement\/#primaryimage"},"thumbnailUrl":"https:\/\/www.neilmed.com\/fra\/wp-content\/uploads\/sites\/11\/2022\/03\/pharmacy-scaled.jpeg","datePublished":"2022-02-17T18:07:08+00:00","description":"Buy NeilMed&reg; products locally. Use our store locator to find the nearest NeilMed&reg; retailer in your area today.","breadcrumb":{"@id":"https:\/\/www.neilmed.com\/fra\/acheter-localement\/#breadcrumb"},"inLanguage":"fr-CA","potentialAction":[{"@type":"ReadAction","target":["https:\/\/www.neilmed.com\/fra\/acheter-localement\/"]}]},{"@type":"ImageObject","inLanguage":"fr-CA","@id":"https:\/\/www.neilmed.com\/fra\/acheter-localement\/#primaryimage","url":"https:\/\/www.neilmed.com\/fra\/wp-content\/uploads\/sites\/11\/2022\/03\/pharmacy-scaled.jpeg","contentUrl":"https:\/\/www.neilmed.com\/fra\/wp-content\/uploads\/sites\/11\/2022\/03\/pharmacy-scaled.jpeg","width":2560,"height":828,"caption":"Male pharmacist sitting at table with tablet computer in pharmacy office. Medical healthcare staff and drugstore business."},{"@type":"BreadcrumbList","@id":"https:\/\/www.neilmed.com\/fra\/acheter-localement\/#breadcrumb","itemListElement":[{"@type":"ListItem","position":1,"name":"Home","item":"https:\/\/www.neilmed.com\/fra\/"},{"@type":"ListItem","position":2,"name":"Acheter Localement"}]},{"@type":"WebSite","@id":"https:\/\/www.neilmed.com\/fra\/#website","url":"https:\/\/www.neilmed.com\/fra\/","name":"NeilMed Pharmaceuticals - French Canadian","description":"NeilMed Pharmaceuticals: world leader in nasal saline irrigation system | Sinus Rinse | Neti Pot | Nasal Irrigation","potentialAction":[{"@type":"SearchAction","target":{"@type":"EntryPoint","urlTemplate":"https:\/\/www.neilmed.com\/fra\/?s={search_term_string}"},"query-input":{"@type":"PropertyValueSpecification","valueRequired":true,"valueName":"search_term_string"}}],"inLanguage":"fr-CA"}]}},"acf":[],"_links":{"self":[{"href":"https:\/\/www.neilmed.com\/fra\/wp-json\/wp\/v2\/pages\/30","targetHints":{"allow":["GET"]}}],"collection":[{"href":"https:\/\/www.neilmed.com\/fra\/wp-json\/wp\/v2\/pages"}],"about":[{"href":"https:\/\/www.neilmed.com\/fra\/wp-json\/wp\/v2\/types\/page"}],"author":[{"embeddable":true,"href":"https:\/\/www.neilmed.com\/fra\/wp-json\/wp\/v2\/users\/1"}],"replies":[{"embeddable":true,"href":"https:\/\/www.neilmed.com\/fra\/wp-json\/wp\/v2\/comments?post=30"}],"version-history":[{"count":0,"href":"https:\/\/www.neilmed.com\/fra\/wp-json\/wp\/v2\/pages\/30\/revisions"}],"wp:featuredmedia":[{"embeddable":true,"href":"https:\/\/www.neilmed.com\/fra\/wp-json\/wp\/v2\/media\/2320"}],"wp:attachment":[{"href":"https:\/\/www.neilmed.com\/fra\/wp-json\/wp\/v2\/media?parent=30"}],"wp:term":[{"taxonomy":"category","embeddable":true,"href":"https:\/\/www.neilmed.com\/fra\/wp-json\/wp\/v2\/categories?post=30"},{"taxonomy":"post_tag","embeddable":true,"href":"https:\/\/www.neilmed.com\/fra\/wp-json\/wp\/v2\/tags?post=30"}],"curies":[{"name":"wp","href":"https:\/\/api.w.org\/{rel}","templated":true}]}}