{"id":34,"date":"2022-02-17T10:07:54","date_gmt":"2022-02-17T15:07:54","guid":{"rendered":"https:\/\/dev.neilmed.com\/fra\/?page_id=34"},"modified":"2022-08-17T17:56:08","modified_gmt":"2022-08-17T21:56:08","slug":"telecharger-la-brochure","status":"publish","type":"page","link":"https:\/\/www.neilmed.com\/fra\/telecharger-la-brochure\/","title":{"rendered":"T\u00e9l\u00e9charger la brochure"},"content":{"rendered":"\n\n\t<span><span><a href=\"https:\/\/www.neilmed.com\/fra\/\">Home<\/a><\/span><\/span>\n\t<p>Please Fill Out and Submit the Form Below to Receive<br \/>the Download Brochure Link in Your Email Inbox<\/p>\n\t\t\t\t<img decoding=\"async\" src=\"https:\/\/www.neilmed.com\/fra\/wp-content\/uploads\/sites\/11\/2022\/03\/neilmed-tagline.svg\" alt=\"NeilMed&amp;reg; - World Leader in Large Volume &amp; Low Pressure&amp;trade; Saline Nasal Irrigation\" itemprop=\"image\" title=\"neilmed-tagline\" onerror=\"this.style.display='none'\"  \/>\n\t\t<h3>Respirez ais\u00e9ment gr\u00e2ce \u00e0 un nez bien d\u00e9gag\u00e9 et \u00ab retrouvez cette sensation de nez d\u00e9gag\u00e9 \u00bb<\/h3>\n\t\t\t<a href=\"https:\/\/www.neilmed.com\/fra\/order-now\/\" target=\"_self\" role=\"button\" rel=\"noopener\">\n\t\t\t\t\t\t\tCOMMANDER MAINTENANT\n\t\t\t<\/a>\n\t\t\t\t<img decoding=\"async\" src=\"https:\/\/www.neilmed.com\/fra\/wp-content\/uploads\/sites\/11\/2022\/04\/mail-icon-newsletter.svg\" alt=\"mail-icon-newsletter\" itemprop=\"image\" title=\"mail-icon-newsletter\" onerror=\"this.style.display='none'\"  \/>\n\tInscrivez-vous \u00e0 notre newsletter\n\t<p>Inscrivez-vous \u00e0 notre liste de distribution pour vous tenir au courant des derni\u00e8res nouvelles sur les offres sp\u00e9ciales, les promotions, la litt\u00e9rature m\u00e9dicale et les publications.<\/p>\n\t<form method=\"post\" action=\"\/fra\/newsletter-sign-up\/\" id=\"ContactFooter\">\n          <input type=\"email\" autocomplete=\"email\" placeholder=\"Your email\"\/>\n      <button type=\"submit\" name=\"commit\" id=\"Subscribe\">\n        S&rsquo;inscrire\n        Go\n      <\/button><\/form>\n\n","protected":false},"excerpt":{"rendered":"<p>Request a Brochure Here!<\/p>\n","protected":false},"author":1,"featured_media":1597,"parent":0,"menu_order":14,"comment_status":"closed","ping_status":"closed","template":"","meta":{"_acf_changed":false,"inline_featured_image":false,"footnotes":""},"categories":[4,7],"tags":[],"class_list":["post-34","page","type-page","status-publish","has-post-thumbnail","hentry","category-produits","category-renseignements-sur-les-produits"],"yoast_head":"<!-- This site is optimized with the Yoast SEO Premium plugin v27.2 (Yoast SEO v27.3) - https:\/\/yoast.com\/product\/yoast-seo-premium-wordpress\/ -->\n<title>T\u00e9l\u00e9charger la brochure - NeilMed Pharmaceuticals - French Canadian<\/title>\n<meta name=\"description\" content=\"Download the NeilMed&reg; brochure which is filled with product information, answers to frequently asked questions and more!\" \/>\n<meta name=\"robots\" content=\"index, follow, max-snippet:-1, max-image-preview:large, max-video-preview:-1\" \/>\n<link rel=\"canonical\" href=\"https:\/\/www.neilmed.com\/fra\/telecharger-la-brochure\/\" \/>\n<meta property=\"og:locale\" content=\"fr_CA\" \/>\n<meta property=\"og:type\" content=\"article\" \/>\n<meta property=\"og:title\" content=\"T\u00e9l\u00e9charger la brochure\" \/>\n<meta property=\"og:description\" content=\"Download the NeilMed&reg; brochure which is filled with product information, answers to frequently asked questions and more!\" \/>\n<meta property=\"og:url\" content=\"https:\/\/www.neilmed.com\/fra\/telecharger-la-brochure\/\" \/>\n<meta property=\"og:site_name\" content=\"NeilMed Pharmaceuticals - French Canadian\" \/>\n<meta property=\"article:modified_time\" content=\"2022-08-17T21:56:08+00:00\" \/>\n<meta property=\"og:image\" content=\"https:\/\/www.neilmed.com\/fra\/wp-content\/uploads\/sites\/11\/2022\/03\/AdobeStock_308286950-scaled.jpeg\" \/>\n\t<meta property=\"og:image:width\" content=\"2560\" \/>\n\t<meta property=\"og:image:height\" content=\"960\" \/>\n\t<meta property=\"og:image:type\" content=\"image\/jpeg\" \/>\n<meta name=\"twitter:card\" content=\"summary_large_image\" \/>\n<script type=\"application\/ld+json\" class=\"yoast-schema-graph\">{\"@context\":\"https:\\\/\\\/schema.org\",\"@graph\":[{\"@type\":\"WebPage\",\"@id\":\"https:\\\/\\\/www.neilmed.com\\\/fra\\\/telecharger-la-brochure\\\/\",\"url\":\"https:\\\/\\\/www.neilmed.com\\\/fra\\\/telecharger-la-brochure\\\/\",\"name\":\"T\u00e9l\u00e9charger la brochure - NeilMed Pharmaceuticals - French Canadian\",\"isPartOf\":{\"@id\":\"https:\\\/\\\/www.neilmed.com\\\/fra\\\/#website\"},\"primaryImageOfPage\":{\"@id\":\"https:\\\/\\\/www.neilmed.com\\\/fra\\\/telecharger-la-brochure\\\/#primaryimage\"},\"image\":{\"@id\":\"https:\\\/\\\/www.neilmed.com\\\/fra\\\/telecharger-la-brochure\\\/#primaryimage\"},\"thumbnailUrl\":\"https:\\\/\\\/www.neilmed.com\\\/fra\\\/wp-content\\\/uploads\\\/sites\\\/11\\\/2022\\\/03\\\/AdobeStock_308286950-scaled.jpeg\",\"datePublished\":\"2022-02-17T15:07:54+00:00\",\"dateModified\":\"2022-08-17T21:56:08+00:00\",\"description\":\"Download the NeilMed&reg; brochure which is filled with product information, answers to frequently asked questions and more!\",\"breadcrumb\":{\"@id\":\"https:\\\/\\\/www.neilmed.com\\\/fra\\\/telecharger-la-brochure\\\/#breadcrumb\"},\"inLanguage\":\"fr-CA\",\"potentialAction\":[{\"@type\":\"ReadAction\",\"target\":[\"https:\\\/\\\/www.neilmed.com\\\/fra\\\/telecharger-la-brochure\\\/\"]}]},{\"@type\":\"ImageObject\",\"inLanguage\":\"fr-CA\",\"@id\":\"https:\\\/\\\/www.neilmed.com\\\/fra\\\/telecharger-la-brochure\\\/#primaryimage\",\"url\":\"https:\\\/\\\/www.neilmed.com\\\/fra\\\/wp-content\\\/uploads\\\/sites\\\/11\\\/2022\\\/03\\\/AdobeStock_308286950-scaled.jpeg\",\"contentUrl\":\"https:\\\/\\\/www.neilmed.com\\\/fra\\\/wp-content\\\/uploads\\\/sites\\\/11\\\/2022\\\/03\\\/AdobeStock_308286950-scaled.jpeg\",\"width\":2560,\"height\":960,\"caption\":\"Business woman working on modern computer banner or panorama. Person buying online at internet. Laptop focused on keyboard detail with blur hand. copy space for text.\"},{\"@type\":\"BreadcrumbList\",\"@id\":\"https:\\\/\\\/www.neilmed.com\\\/fra\\\/telecharger-la-brochure\\\/#breadcrumb\",\"itemListElement\":[{\"@type\":\"ListItem\",\"position\":1,\"name\":\"Home\",\"item\":\"https:\\\/\\\/www.neilmed.com\\\/fra\\\/\"},{\"@type\":\"ListItem\",\"position\":2,\"name\":\"T\u00e9l\u00e9charger la brochure\"}]},{\"@type\":\"WebSite\",\"@id\":\"https:\\\/\\\/www.neilmed.com\\\/fra\\\/#website\",\"url\":\"https:\\\/\\\/www.neilmed.com\\\/fra\\\/\",\"name\":\"NeilMed Pharmaceuticals - French Canadian\",\"description\":\"NeilMed Pharmaceuticals: world leader in nasal saline irrigation system | Sinus Rinse | Neti Pot | Nasal Irrigation\",\"potentialAction\":[{\"@type\":\"SearchAction\",\"target\":{\"@type\":\"EntryPoint\",\"urlTemplate\":\"https:\\\/\\\/www.neilmed.com\\\/fra\\\/?s={search_term_string}\"},\"query-input\":{\"@type\":\"PropertyValueSpecification\",\"valueRequired\":true,\"valueName\":\"search_term_string\"}}],\"inLanguage\":\"fr-CA\"}]}<\/script>\n<!-- \/ Yoast SEO Premium plugin. -->","yoast_head_json":{"title":"T\u00e9l\u00e9charger la brochure - NeilMed Pharmaceuticals - French Canadian","description":"Download the NeilMed&reg; brochure which is filled with product information, answers to frequently asked questions and more!","robots":{"index":"index","follow":"follow","max-snippet":"max-snippet:-1","max-image-preview":"max-image-preview:large","max-video-preview":"max-video-preview:-1"},"canonical":"https:\/\/www.neilmed.com\/fra\/telecharger-la-brochure\/","og_locale":"fr_CA","og_type":"article","og_title":"T\u00e9l\u00e9charger la brochure","og_description":"Download the NeilMed&reg; brochure which is filled with product information, answers to frequently asked questions and more!","og_url":"https:\/\/www.neilmed.com\/fra\/telecharger-la-brochure\/","og_site_name":"NeilMed Pharmaceuticals - French Canadian","article_modified_time":"2022-08-17T21:56:08+00:00","og_image":[{"width":2560,"height":960,"url":"https:\/\/www.neilmed.com\/fra\/wp-content\/uploads\/sites\/11\/2022\/03\/AdobeStock_308286950-scaled.jpeg","type":"image\/jpeg"}],"twitter_card":"summary_large_image","schema":{"@context":"https:\/\/schema.org","@graph":[{"@type":"WebPage","@id":"https:\/\/www.neilmed.com\/fra\/telecharger-la-brochure\/","url":"https:\/\/www.neilmed.com\/fra\/telecharger-la-brochure\/","name":"T\u00e9l\u00e9charger la brochure - NeilMed Pharmaceuticals - French Canadian","isPartOf":{"@id":"https:\/\/www.neilmed.com\/fra\/#website"},"primaryImageOfPage":{"@id":"https:\/\/www.neilmed.com\/fra\/telecharger-la-brochure\/#primaryimage"},"image":{"@id":"https:\/\/www.neilmed.com\/fra\/telecharger-la-brochure\/#primaryimage"},"thumbnailUrl":"https:\/\/www.neilmed.com\/fra\/wp-content\/uploads\/sites\/11\/2022\/03\/AdobeStock_308286950-scaled.jpeg","datePublished":"2022-02-17T15:07:54+00:00","dateModified":"2022-08-17T21:56:08+00:00","description":"Download the NeilMed&reg; brochure which is filled with product information, answers to frequently asked questions and more!","breadcrumb":{"@id":"https:\/\/www.neilmed.com\/fra\/telecharger-la-brochure\/#breadcrumb"},"inLanguage":"fr-CA","potentialAction":[{"@type":"ReadAction","target":["https:\/\/www.neilmed.com\/fra\/telecharger-la-brochure\/"]}]},{"@type":"ImageObject","inLanguage":"fr-CA","@id":"https:\/\/www.neilmed.com\/fra\/telecharger-la-brochure\/#primaryimage","url":"https:\/\/www.neilmed.com\/fra\/wp-content\/uploads\/sites\/11\/2022\/03\/AdobeStock_308286950-scaled.jpeg","contentUrl":"https:\/\/www.neilmed.com\/fra\/wp-content\/uploads\/sites\/11\/2022\/03\/AdobeStock_308286950-scaled.jpeg","width":2560,"height":960,"caption":"Business woman working on modern computer banner or panorama. Person buying online at internet. Laptop focused on keyboard detail with blur hand. copy space for text."},{"@type":"BreadcrumbList","@id":"https:\/\/www.neilmed.com\/fra\/telecharger-la-brochure\/#breadcrumb","itemListElement":[{"@type":"ListItem","position":1,"name":"Home","item":"https:\/\/www.neilmed.com\/fra\/"},{"@type":"ListItem","position":2,"name":"T\u00e9l\u00e9charger la brochure"}]},{"@type":"WebSite","@id":"https:\/\/www.neilmed.com\/fra\/#website","url":"https:\/\/www.neilmed.com\/fra\/","name":"NeilMed Pharmaceuticals - French Canadian","description":"NeilMed Pharmaceuticals: world leader in nasal saline irrigation system | Sinus Rinse | Neti Pot | Nasal Irrigation","potentialAction":[{"@type":"SearchAction","target":{"@type":"EntryPoint","urlTemplate":"https:\/\/www.neilmed.com\/fra\/?s={search_term_string}"},"query-input":{"@type":"PropertyValueSpecification","valueRequired":true,"valueName":"search_term_string"}}],"inLanguage":"fr-CA"}]}},"acf":[],"_links":{"self":[{"href":"https:\/\/www.neilmed.com\/fra\/wp-json\/wp\/v2\/pages\/34","targetHints":{"allow":["GET"]}}],"collection":[{"href":"https:\/\/www.neilmed.com\/fra\/wp-json\/wp\/v2\/pages"}],"about":[{"href":"https:\/\/www.neilmed.com\/fra\/wp-json\/wp\/v2\/types\/page"}],"author":[{"embeddable":true,"href":"https:\/\/www.neilmed.com\/fra\/wp-json\/wp\/v2\/users\/1"}],"replies":[{"embeddable":true,"href":"https:\/\/www.neilmed.com\/fra\/wp-json\/wp\/v2\/comments?post=34"}],"version-history":[{"count":1,"href":"https:\/\/www.neilmed.com\/fra\/wp-json\/wp\/v2\/pages\/34\/revisions"}],"predecessor-version":[{"id":4253,"href":"https:\/\/www.neilmed.com\/fra\/wp-json\/wp\/v2\/pages\/34\/revisions\/4253"}],"wp:featuredmedia":[{"embeddable":true,"href":"https:\/\/www.neilmed.com\/fra\/wp-json\/wp\/v2\/media\/1597"}],"wp:attachment":[{"href":"https:\/\/www.neilmed.com\/fra\/wp-json\/wp\/v2\/media?parent=34"}],"wp:term":[{"taxonomy":"category","embeddable":true,"href":"https:\/\/www.neilmed.com\/fra\/wp-json\/wp\/v2\/categories?post=34"},{"taxonomy":"post_tag","embeddable":true,"href":"https:\/\/www.neilmed.com\/fra\/wp-json\/wp\/v2\/tags?post=34"}],"curies":[{"name":"wp","href":"https:\/\/api.w.org\/{rel}","templated":true}]}}