{"id":40,"date":"2022-02-17T10:09:30","date_gmt":"2022-02-17T18:09:30","guid":{"rendered":"https:\/\/dev.neilmed.com\/fra\/?page_id=40"},"modified":"2022-02-17T10:09:30","modified_gmt":"2022-02-17T18:09:30","slug":"rabais-et-coupons","status":"publish","type":"page","link":"https:\/\/www.neilmed.com\/fra\/rabais-et-coupons\/","title":{"rendered":"Rabais et coupons"},"content":{"rendered":"\n\n\t<span><span><a href=\"https:\/\/www.neilmed.com\/fra\/\">Home<\/a><\/span><\/span>\n\t<p>Fill Out the Form Below to Get Your Rebate<\/p>\n<h4>\n\t\t<a href=\"https:\/\/www.neilmed.com\/fra\/installations-mondiales\/\" title=\"Click here for mail in rebate by country\" target=\"_self\" rel=\"noopener\">\n\t\tClick here for mail in rebate by country\n\t\t<\/a>\n\t<\/h4>\n\t\t<h3>Respirez ais\u00e9ment gr\u00e2ce \u00e0 un nez bien d\u00e9gag\u00e9 et \u00ab retrouvez cette sensation de nez d\u00e9gag\u00e9 \u00bb<\/h3>\n\t\t\t<a href=\"https:\/\/www.neilmed.com\/fra\/order-now\/\" target=\"_self\" role=\"button\" rel=\"noopener\">\n\t\t\t\t\t\t\tCOMMANDER MAINTENANT\n\t\t\t<\/a>\n\t\t\t\t<img decoding=\"async\" src=\"https:\/\/www.neilmed.com\/fra\/wp-content\/uploads\/sites\/11\/2022\/04\/mail-icon-newsletter.svg\" alt=\"mail-icon-newsletter\" title=\"mail-icon-newsletter\" \/>\n\tInscrivez-vous \u00e0 notre newsletter\n\t<p>Inscrivez-vous \u00e0 notre liste de distribution pour vous tenir au courant des derni\u00e8res nouvelles sur les offres sp\u00e9ciales, les promotions, la litt\u00e9rature m\u00e9dicale et les publications.<\/p>\n\t\n          \n      <button type=\"submit\" name=\"commit\" id=\"Subscribe\">\n        S&rsquo;inscrire\n        Go\n      <\/button>\n\n","protected":false},"excerpt":{"rendered":"<p>Find Rebates and Coupons Here!<\/p>\n","protected":false},"author":1,"featured_media":2737,"parent":0,"menu_order":20,"comment_status":"closed","ping_status":"closed","template":"","meta":{"_acf_changed":false,"inline_featured_image":false,"footnotes":""},"categories":[4,7],"tags":[],"class_list":["post-40","page","type-page","status-publish","has-post-thumbnail","hentry","category-produits","category-renseignements-sur-les-produits"],"yoast_head":"<!-- This site is optimized with the Yoast SEO Premium plugin v27.2 (Yoast SEO v27.3) - https:\/\/yoast.com\/product\/yoast-seo-premium-wordpress\/ -->\n<title>Rabais et coupons - NeilMed Pharmaceuticals - French Canadian<\/title>\n<meta name=\"description\" content=\"Submit our online form to receive your rebate!\" \/>\n<meta name=\"robots\" content=\"index, follow, max-snippet:-1, max-image-preview:large, max-video-preview:-1\" \/>\n<link rel=\"canonical\" href=\"https:\/\/www.neilmed.com\/fra\/rabais-et-coupons\/\" \/>\n<meta property=\"og:locale\" content=\"fr_CA\" \/>\n<meta property=\"og:type\" content=\"article\" \/>\n<meta property=\"og:title\" content=\"Rabais et coupons\" \/>\n<meta property=\"og:description\" content=\"Submit our online form to receive your rebate!\" \/>\n<meta property=\"og:url\" content=\"https:\/\/www.neilmed.com\/fra\/rabais-et-coupons\/\" \/>\n<meta property=\"og:site_name\" content=\"NeilMed Pharmaceuticals - French Canadian\" \/>\n<meta property=\"og:image\" content=\"https:\/\/www.neilmed.com\/fra\/wp-content\/uploads\/sites\/11\/2022\/03\/piggy-bank-square.jpeg\" \/>\n\t<meta property=\"og:image:width\" content=\"2283\" \/>\n\t<meta property=\"og:image:height\" content=\"2283\" \/>\n\t<meta property=\"og:image:type\" content=\"image\/jpeg\" \/>\n<meta name=\"twitter:card\" content=\"summary_large_image\" \/>\n<script type=\"application\/ld+json\" class=\"yoast-schema-graph\">{\"@context\":\"https:\\\/\\\/schema.org\",\"@graph\":[{\"@type\":\"WebPage\",\"@id\":\"https:\\\/\\\/www.neilmed.com\\\/fra\\\/rabais-et-coupons\\\/\",\"url\":\"https:\\\/\\\/www.neilmed.com\\\/fra\\\/rabais-et-coupons\\\/\",\"name\":\"Rabais et coupons - NeilMed Pharmaceuticals - French Canadian\",\"isPartOf\":{\"@id\":\"https:\\\/\\\/www.neilmed.com\\\/fra\\\/#website\"},\"primaryImageOfPage\":{\"@id\":\"https:\\\/\\\/www.neilmed.com\\\/fra\\\/rabais-et-coupons\\\/#primaryimage\"},\"image\":{\"@id\":\"https:\\\/\\\/www.neilmed.com\\\/fra\\\/rabais-et-coupons\\\/#primaryimage\"},\"thumbnailUrl\":\"https:\\\/\\\/www.neilmed.com\\\/fra\\\/wp-content\\\/uploads\\\/sites\\\/11\\\/2022\\\/03\\\/piggy-bank-square.jpeg\",\"datePublished\":\"2022-02-17T18:09:30+00:00\",\"description\":\"Submit our online form to receive your rebate!\",\"breadcrumb\":{\"@id\":\"https:\\\/\\\/www.neilmed.com\\\/fra\\\/rabais-et-coupons\\\/#breadcrumb\"},\"inLanguage\":\"fr-CA\",\"potentialAction\":[{\"@type\":\"ReadAction\",\"target\":[\"https:\\\/\\\/www.neilmed.com\\\/fra\\\/rabais-et-coupons\\\/\"]}]},{\"@type\":\"ImageObject\",\"inLanguage\":\"fr-CA\",\"@id\":\"https:\\\/\\\/www.neilmed.com\\\/fra\\\/rabais-et-coupons\\\/#primaryimage\",\"url\":\"https:\\\/\\\/www.neilmed.com\\\/fra\\\/wp-content\\\/uploads\\\/sites\\\/11\\\/2022\\\/03\\\/piggy-bank-square.jpeg\",\"contentUrl\":\"https:\\\/\\\/www.neilmed.com\\\/fra\\\/wp-content\\\/uploads\\\/sites\\\/11\\\/2022\\\/03\\\/piggy-bank-square.jpeg\",\"width\":2283,\"height\":2283,\"caption\":\"Pink piggy bank on a blue background. Copy space for text\"},{\"@type\":\"BreadcrumbList\",\"@id\":\"https:\\\/\\\/www.neilmed.com\\\/fra\\\/rabais-et-coupons\\\/#breadcrumb\",\"itemListElement\":[{\"@type\":\"ListItem\",\"position\":1,\"name\":\"Home\",\"item\":\"https:\\\/\\\/www.neilmed.com\\\/fra\\\/\"},{\"@type\":\"ListItem\",\"position\":2,\"name\":\"Rabais et coupons\"}]},{\"@type\":\"WebSite\",\"@id\":\"https:\\\/\\\/www.neilmed.com\\\/fra\\\/#website\",\"url\":\"https:\\\/\\\/www.neilmed.com\\\/fra\\\/\",\"name\":\"NeilMed Pharmaceuticals - French Canadian\",\"description\":\"NeilMed Pharmaceuticals: world leader in nasal saline irrigation system | Sinus Rinse | Neti Pot | Nasal Irrigation\",\"potentialAction\":[{\"@type\":\"SearchAction\",\"target\":{\"@type\":\"EntryPoint\",\"urlTemplate\":\"https:\\\/\\\/www.neilmed.com\\\/fra\\\/?s={search_term_string}\"},\"query-input\":{\"@type\":\"PropertyValueSpecification\",\"valueRequired\":true,\"valueName\":\"search_term_string\"}}],\"inLanguage\":\"fr-CA\"}]}<\/script>\n<!-- \/ Yoast SEO Premium plugin. -->","yoast_head_json":{"title":"Rabais et coupons - NeilMed Pharmaceuticals - French Canadian","description":"Submit our online form to receive your rebate!","robots":{"index":"index","follow":"follow","max-snippet":"max-snippet:-1","max-image-preview":"max-image-preview:large","max-video-preview":"max-video-preview:-1"},"canonical":"https:\/\/www.neilmed.com\/fra\/rabais-et-coupons\/","og_locale":"fr_CA","og_type":"article","og_title":"Rabais et coupons","og_description":"Submit our online form to receive your rebate!","og_url":"https:\/\/www.neilmed.com\/fra\/rabais-et-coupons\/","og_site_name":"NeilMed Pharmaceuticals - French Canadian","og_image":[{"width":2283,"height":2283,"url":"https:\/\/www.neilmed.com\/fra\/wp-content\/uploads\/sites\/11\/2022\/03\/piggy-bank-square.jpeg","type":"image\/jpeg"}],"twitter_card":"summary_large_image","schema":{"@context":"https:\/\/schema.org","@graph":[{"@type":"WebPage","@id":"https:\/\/www.neilmed.com\/fra\/rabais-et-coupons\/","url":"https:\/\/www.neilmed.com\/fra\/rabais-et-coupons\/","name":"Rabais et coupons - NeilMed Pharmaceuticals - French Canadian","isPartOf":{"@id":"https:\/\/www.neilmed.com\/fra\/#website"},"primaryImageOfPage":{"@id":"https:\/\/www.neilmed.com\/fra\/rabais-et-coupons\/#primaryimage"},"image":{"@id":"https:\/\/www.neilmed.com\/fra\/rabais-et-coupons\/#primaryimage"},"thumbnailUrl":"https:\/\/www.neilmed.com\/fra\/wp-content\/uploads\/sites\/11\/2022\/03\/piggy-bank-square.jpeg","datePublished":"2022-02-17T18:09:30+00:00","description":"Submit our online form to receive your rebate!","breadcrumb":{"@id":"https:\/\/www.neilmed.com\/fra\/rabais-et-coupons\/#breadcrumb"},"inLanguage":"fr-CA","potentialAction":[{"@type":"ReadAction","target":["https:\/\/www.neilmed.com\/fra\/rabais-et-coupons\/"]}]},{"@type":"ImageObject","inLanguage":"fr-CA","@id":"https:\/\/www.neilmed.com\/fra\/rabais-et-coupons\/#primaryimage","url":"https:\/\/www.neilmed.com\/fra\/wp-content\/uploads\/sites\/11\/2022\/03\/piggy-bank-square.jpeg","contentUrl":"https:\/\/www.neilmed.com\/fra\/wp-content\/uploads\/sites\/11\/2022\/03\/piggy-bank-square.jpeg","width":2283,"height":2283,"caption":"Pink piggy bank on a blue background. Copy space for text"},{"@type":"BreadcrumbList","@id":"https:\/\/www.neilmed.com\/fra\/rabais-et-coupons\/#breadcrumb","itemListElement":[{"@type":"ListItem","position":1,"name":"Home","item":"https:\/\/www.neilmed.com\/fra\/"},{"@type":"ListItem","position":2,"name":"Rabais et coupons"}]},{"@type":"WebSite","@id":"https:\/\/www.neilmed.com\/fra\/#website","url":"https:\/\/www.neilmed.com\/fra\/","name":"NeilMed Pharmaceuticals - French Canadian","description":"NeilMed Pharmaceuticals: world leader in nasal saline irrigation system | Sinus Rinse | Neti Pot | Nasal Irrigation","potentialAction":[{"@type":"SearchAction","target":{"@type":"EntryPoint","urlTemplate":"https:\/\/www.neilmed.com\/fra\/?s={search_term_string}"},"query-input":{"@type":"PropertyValueSpecification","valueRequired":true,"valueName":"search_term_string"}}],"inLanguage":"fr-CA"}]}},"acf":[],"_links":{"self":[{"href":"https:\/\/www.neilmed.com\/fra\/wp-json\/wp\/v2\/pages\/40","targetHints":{"allow":["GET"]}}],"collection":[{"href":"https:\/\/www.neilmed.com\/fra\/wp-json\/wp\/v2\/pages"}],"about":[{"href":"https:\/\/www.neilmed.com\/fra\/wp-json\/wp\/v2\/types\/page"}],"author":[{"embeddable":true,"href":"https:\/\/www.neilmed.com\/fra\/wp-json\/wp\/v2\/users\/1"}],"replies":[{"embeddable":true,"href":"https:\/\/www.neilmed.com\/fra\/wp-json\/wp\/v2\/comments?post=40"}],"version-history":[{"count":0,"href":"https:\/\/www.neilmed.com\/fra\/wp-json\/wp\/v2\/pages\/40\/revisions"}],"wp:featuredmedia":[{"embeddable":true,"href":"https:\/\/www.neilmed.com\/fra\/wp-json\/wp\/v2\/media\/2737"}],"wp:attachment":[{"href":"https:\/\/www.neilmed.com\/fra\/wp-json\/wp\/v2\/media?parent=40"}],"wp:term":[{"taxonomy":"category","embeddable":true,"href":"https:\/\/www.neilmed.com\/fra\/wp-json\/wp\/v2\/categories?post=40"},{"taxonomy":"post_tag","embeddable":true,"href":"https:\/\/www.neilmed.com\/fra\/wp-json\/wp\/v2\/tags?post=40"}],"curies":[{"name":"wp","href":"https:\/\/api.w.org\/{rel}","templated":true}]}}