{"id":4109,"date":"2022-08-17T16:40:32","date_gmt":"2022-08-17T20:40:32","guid":{"rendered":"https:\/\/www.neilmed.com\/can\/?page_id=4109"},"modified":"2022-08-17T17:27:05","modified_gmt":"2022-08-17T21:27:05","slug":"neilmed-dans-les-medias","status":"publish","type":"page","link":"https:\/\/www.neilmed.com\/fra\/neilmed-dans-les-medias\/","title":{"rendered":"NeilMed Dans Les M\u00e9dias"},"content":{"rendered":"\n\n\t<span><span><a href=\"https:\/\/www.neilmed.com\/fra\/\">Home<\/a><\/span><\/span>\n\t\t\t\t\t\t\t\t<a href=\"https:\/\/www.neilmed.com\/fra\/neilmed-in-print\/\" target=\"_self\" rel=\"noopener\">\n\t\t\t\t\t\t<\/a>\n\t<h3><a href=\"https:\/\/www.neilmed.com\/fra\/neilmed-in-print\/\" target=\"_self\" rel=\"noopener\">PRESSE \u00c9CRITE<\/a><\/h3>\t\t\n\t\t\t<a href=\"https:\/\/www.neilmed.com\/fra\/neilmed-in-print\/\" target=\"_self\" rel=\"noopener\">D\u00e9couvrez-en plus sur NeilMed dans la presse \u00e9crite.<\/a>\t\t\n\t\t\t\t\t\t\t\t<a href=\"https:\/\/www.neilmed.com\/fra\/neilmed-on-television\/\" target=\"_self\" rel=\"noopener\">\n\t\t\t\t\t\t<\/a>\n\t<h3><a href=\"https:\/\/www.neilmed.com\/fra\/neilmed-on-television\/\" target=\"_self\" rel=\"noopener\">T\u00c9L\u00c9VISION<\/a><\/h3>\t\t\n\t\t\t<a href=\"https:\/\/www.neilmed.com\/fra\/neilmed-on-television\/\" target=\"_self\" rel=\"noopener\">D\u00e9couvrez-en plus sur NeilMed \u00e0 la t\u00e9l\u00e9vision.<\/a>\t\t\n\t\t\t\t\t\t\t\t<a href=\"https:\/\/www.neilmed.com\/fra\/neilmed-on-the-radio\/\" target=\"_self\" rel=\"noopener\">\n\t\t\t\t\t\t<\/a>\n\t<h3><a href=\"https:\/\/www.neilmed.com\/fra\/neilmed-on-the-radio\/\" target=\"_self\" rel=\"noopener\">RADIO<\/a><\/h3>\t\t\n\t\t\t<a href=\"https:\/\/www.neilmed.com\/fra\/neilmed-on-the-radio\/\" target=\"_self\" rel=\"noopener\">D\u00e9couvrez-en plus sur NeilMed \u00e0 la radio.<\/a>\t\t\n\t\t\t\t\t\t\t\t<a href=\"https:\/\/www.neilmed.com\/fra\/neilmed-on-the-web\/\" target=\"_self\" rel=\"noopener\">\n\t\t\t\t\t\t<\/a>\n\t<h3><a href=\"https:\/\/www.neilmed.com\/fra\/neilmed-on-the-web\/\" target=\"_self\" rel=\"noopener\">WEB<\/a><\/h3>\t\t\n\t\t\t<a href=\"https:\/\/www.neilmed.com\/fra\/neilmed-on-the-web\/\" target=\"_self\" rel=\"noopener\">D\u00e9couvrez-en plus sur NeilMed sur le Web.<\/a>\t\t\n\t\t<h3>Respirez ais\u00e9ment gr\u00e2ce \u00e0 un nez bien d\u00e9gag\u00e9 et \u00ab retrouvez cette sensation de nez d\u00e9gag\u00e9 \u00bb<\/h3>\n\t\t\t<a href=\"https:\/\/www.neilmed.com\/fra\/order-now\/\" target=\"_self\" role=\"button\" rel=\"noopener\">\n\t\t\t\t\t\t\tCOMMANDER MAINTENANT\n\t\t\t<\/a>\n\t\t\t\t<img decoding=\"async\" src=\"https:\/\/www.neilmed.com\/fra\/wp-content\/uploads\/sites\/11\/2022\/04\/mail-icon-newsletter.svg\" alt=\"mail-icon-newsletter\" itemprop=\"image\" title=\"mail-icon-newsletter\" onerror=\"this.style.display='none'\"  \/>\n\tInscrivez-vous \u00e0 notre newsletter\n\t<p>Inscrivez-vous \u00e0 notre liste de distribution pour vous tenir au courant des derni\u00e8res nouvelles sur les offres sp\u00e9ciales, les promotions, la litt\u00e9rature m\u00e9dicale et les publications.<\/p>\n\t<form method=\"post\" action=\"\/fra\/newsletter-sign-up\/\" id=\"ContactFooter\">\n          <input type=\"email\" autocomplete=\"email\" placeholder=\"Your email\"\/>\n      <button type=\"submit\" name=\"commit\" id=\"Subscribe\">\n        S&rsquo;inscrire\n        Go\n      <\/button><\/form>\n\n","protected":false},"excerpt":{"rendered":"<p>PRESSE \u00c9CRITE D\u00e9couvrez-en plus sur NeilMed dans la presse \u00e9crite. T\u00c9L\u00c9VISION D\u00e9couvrez-en plus sur NeilMed \u00e0 la t\u00e9l\u00e9vision. RADIO D\u00e9couvrez-en plus sur NeilMed \u00e0 la radio. WEB D\u00e9couvrez-en plus sur NeilMed sur le Web. Respirez ais\u00e9ment gr\u00e2ce \u00e0 un nez bien d\u00e9gag\u00e9 et \u00ab retrouvez cette sensation de nez d\u00e9gag\u00e9 \u00bb COMMANDER MAINTENANT Inscrivez-vous \u00e0&hellip;<\/p>\n","protected":false},"author":1,"featured_media":1636,"parent":0,"menu_order":5,"comment_status":"closed","ping_status":"closed","template":"","meta":{"_acf_changed":false,"inline_featured_image":false,"footnotes":""},"categories":[37,15],"tags":[],"class_list":["post-4109","page","type-page","status-publish","has-post-thumbnail","hentry","category-about","category-in-media"],"yoast_head":"<!-- This site is optimized with the Yoast SEO Premium plugin v27.3 (Yoast SEO v27.3) - https:\/\/yoast.com\/product\/yoast-seo-premium-wordpress\/ -->\n<title>NeilMed Dans Les M\u00e9dias - NeilMed Pharmaceuticals - French Canadian<\/title>\n<meta name=\"description\" content=\"NeilMed In Media - Read, Watch, Listen and learn about NeilMed\u00ae Pharmaceuticals and our products on the radio, television, and the web.\" \/>\n<meta name=\"robots\" content=\"index, follow, max-snippet:-1, max-image-preview:large, max-video-preview:-1\" \/>\n<link rel=\"canonical\" href=\"https:\/\/www.neilmed.com\/fra\/neilmed-dans-les-medias\/\" \/>\n<meta property=\"og:locale\" content=\"fr_CA\" \/>\n<meta property=\"og:type\" content=\"article\" \/>\n<meta property=\"og:title\" content=\"NeilMed Dans Les M\u00e9dias\" \/>\n<meta property=\"og:description\" content=\"NeilMed In Media - Read, Watch, Listen and learn about NeilMed\u00ae Pharmaceuticals and our products on the radio, television, and the web.\" \/>\n<meta property=\"og:url\" content=\"https:\/\/www.neilmed.com\/fra\/neilmed-dans-les-medias\/\" \/>\n<meta property=\"og:site_name\" content=\"NeilMed Pharmaceuticals - French Canadian\" \/>\n<meta property=\"article:modified_time\" content=\"2022-08-17T21:27:05+00:00\" \/>\n<meta property=\"og:image\" content=\"https:\/\/www.neilmed.com\/fra\/wp-content\/uploads\/sites\/11\/2022\/03\/in-media-scaled.jpeg\" \/>\n\t<meta property=\"og:image:width\" content=\"2560\" \/>\n\t<meta property=\"og:image:height\" content=\"610\" \/>\n\t<meta property=\"og:image:type\" content=\"image\/jpeg\" \/>\n<meta name=\"twitter:card\" content=\"summary_large_image\" \/>\n<meta name=\"twitter:label1\" content=\"Estimation du temps de lecture\" \/>\n\t<meta name=\"twitter:data1\" content=\"1 minute\" \/>\n<script type=\"application\/ld+json\" class=\"yoast-schema-graph\">{\"@context\":\"https:\\\/\\\/schema.org\",\"@graph\":[{\"@type\":\"WebPage\",\"@id\":\"https:\\\/\\\/www.neilmed.com\\\/fra\\\/neilmed-dans-les-medias\\\/\",\"url\":\"https:\\\/\\\/www.neilmed.com\\\/fra\\\/neilmed-dans-les-medias\\\/\",\"name\":\"NeilMed Dans Les M\u00e9dias - NeilMed Pharmaceuticals - French Canadian\",\"isPartOf\":{\"@id\":\"https:\\\/\\\/www.neilmed.com\\\/fra\\\/#website\"},\"primaryImageOfPage\":{\"@id\":\"https:\\\/\\\/www.neilmed.com\\\/fra\\\/neilmed-dans-les-medias\\\/#primaryimage\"},\"image\":{\"@id\":\"https:\\\/\\\/www.neilmed.com\\\/fra\\\/neilmed-dans-les-medias\\\/#primaryimage\"},\"thumbnailUrl\":\"https:\\\/\\\/www.neilmed.com\\\/fra\\\/wp-content\\\/uploads\\\/sites\\\/11\\\/2022\\\/03\\\/in-media-scaled.jpeg\",\"datePublished\":\"2022-08-17T20:40:32+00:00\",\"dateModified\":\"2022-08-17T21:27:05+00:00\",\"description\":\"NeilMed In Media - Read, Watch, Listen and learn about NeilMed\u00ae Pharmaceuticals and our products on the radio, television, and the web.\",\"breadcrumb\":{\"@id\":\"https:\\\/\\\/www.neilmed.com\\\/fra\\\/neilmed-dans-les-medias\\\/#breadcrumb\"},\"inLanguage\":\"fr-CA\",\"potentialAction\":[{\"@type\":\"ReadAction\",\"target\":[\"https:\\\/\\\/www.neilmed.com\\\/fra\\\/neilmed-dans-les-medias\\\/\"]}]},{\"@type\":\"ImageObject\",\"inLanguage\":\"fr-CA\",\"@id\":\"https:\\\/\\\/www.neilmed.com\\\/fra\\\/neilmed-dans-les-medias\\\/#primaryimage\",\"url\":\"https:\\\/\\\/www.neilmed.com\\\/fra\\\/wp-content\\\/uploads\\\/sites\\\/11\\\/2022\\\/03\\\/in-media-scaled.jpeg\",\"contentUrl\":\"https:\\\/\\\/www.neilmed.com\\\/fra\\\/wp-content\\\/uploads\\\/sites\\\/11\\\/2022\\\/03\\\/in-media-scaled.jpeg\",\"width\":2560,\"height\":610,\"caption\":\"NeilMed In Media\"},{\"@type\":\"BreadcrumbList\",\"@id\":\"https:\\\/\\\/www.neilmed.com\\\/fra\\\/neilmed-dans-les-medias\\\/#breadcrumb\",\"itemListElement\":[{\"@type\":\"ListItem\",\"position\":1,\"name\":\"Home\",\"item\":\"https:\\\/\\\/www.neilmed.com\\\/fra\\\/\"},{\"@type\":\"ListItem\",\"position\":2,\"name\":\"NeilMed Dans Les M\u00e9dias\"}]},{\"@type\":\"WebSite\",\"@id\":\"https:\\\/\\\/www.neilmed.com\\\/fra\\\/#website\",\"url\":\"https:\\\/\\\/www.neilmed.com\\\/fra\\\/\",\"name\":\"NeilMed Pharmaceuticals - French Canadian\",\"description\":\"NeilMed Pharmaceuticals: world leader in nasal saline irrigation system | Sinus Rinse | Neti Pot | Nasal Irrigation\",\"potentialAction\":[{\"@type\":\"SearchAction\",\"target\":{\"@type\":\"EntryPoint\",\"urlTemplate\":\"https:\\\/\\\/www.neilmed.com\\\/fra\\\/?s={search_term_string}\"},\"query-input\":{\"@type\":\"PropertyValueSpecification\",\"valueRequired\":true,\"valueName\":\"search_term_string\"}}],\"inLanguage\":\"fr-CA\"}]}<\/script>\n<!-- \/ Yoast SEO Premium plugin. -->","yoast_head_json":{"title":"NeilMed Dans Les M\u00e9dias - NeilMed Pharmaceuticals - French Canadian","description":"NeilMed In Media - Read, Watch, Listen and learn about NeilMed\u00ae Pharmaceuticals and our products on the radio, television, and the web.","robots":{"index":"index","follow":"follow","max-snippet":"max-snippet:-1","max-image-preview":"max-image-preview:large","max-video-preview":"max-video-preview:-1"},"canonical":"https:\/\/www.neilmed.com\/fra\/neilmed-dans-les-medias\/","og_locale":"fr_CA","og_type":"article","og_title":"NeilMed Dans Les M\u00e9dias","og_description":"NeilMed In Media - Read, Watch, Listen and learn about NeilMed\u00ae Pharmaceuticals and our products on the radio, television, and the web.","og_url":"https:\/\/www.neilmed.com\/fra\/neilmed-dans-les-medias\/","og_site_name":"NeilMed Pharmaceuticals - French Canadian","article_modified_time":"2022-08-17T21:27:05+00:00","og_image":[{"width":2560,"height":610,"url":"https:\/\/www.neilmed.com\/fra\/wp-content\/uploads\/sites\/11\/2022\/03\/in-media-scaled.jpeg","type":"image\/jpeg"}],"twitter_card":"summary_large_image","twitter_misc":{"Estimation du temps de lecture":"1 minute"},"schema":{"@context":"https:\/\/schema.org","@graph":[{"@type":"WebPage","@id":"https:\/\/www.neilmed.com\/fra\/neilmed-dans-les-medias\/","url":"https:\/\/www.neilmed.com\/fra\/neilmed-dans-les-medias\/","name":"NeilMed Dans Les M\u00e9dias - NeilMed Pharmaceuticals - French Canadian","isPartOf":{"@id":"https:\/\/www.neilmed.com\/fra\/#website"},"primaryImageOfPage":{"@id":"https:\/\/www.neilmed.com\/fra\/neilmed-dans-les-medias\/#primaryimage"},"image":{"@id":"https:\/\/www.neilmed.com\/fra\/neilmed-dans-les-medias\/#primaryimage"},"thumbnailUrl":"https:\/\/www.neilmed.com\/fra\/wp-content\/uploads\/sites\/11\/2022\/03\/in-media-scaled.jpeg","datePublished":"2022-08-17T20:40:32+00:00","dateModified":"2022-08-17T21:27:05+00:00","description":"NeilMed In Media - Read, Watch, Listen and learn about NeilMed\u00ae Pharmaceuticals and our products on the radio, television, and the web.","breadcrumb":{"@id":"https:\/\/www.neilmed.com\/fra\/neilmed-dans-les-medias\/#breadcrumb"},"inLanguage":"fr-CA","potentialAction":[{"@type":"ReadAction","target":["https:\/\/www.neilmed.com\/fra\/neilmed-dans-les-medias\/"]}]},{"@type":"ImageObject","inLanguage":"fr-CA","@id":"https:\/\/www.neilmed.com\/fra\/neilmed-dans-les-medias\/#primaryimage","url":"https:\/\/www.neilmed.com\/fra\/wp-content\/uploads\/sites\/11\/2022\/03\/in-media-scaled.jpeg","contentUrl":"https:\/\/www.neilmed.com\/fra\/wp-content\/uploads\/sites\/11\/2022\/03\/in-media-scaled.jpeg","width":2560,"height":610,"caption":"NeilMed In Media"},{"@type":"BreadcrumbList","@id":"https:\/\/www.neilmed.com\/fra\/neilmed-dans-les-medias\/#breadcrumb","itemListElement":[{"@type":"ListItem","position":1,"name":"Home","item":"https:\/\/www.neilmed.com\/fra\/"},{"@type":"ListItem","position":2,"name":"NeilMed Dans Les M\u00e9dias"}]},{"@type":"WebSite","@id":"https:\/\/www.neilmed.com\/fra\/#website","url":"https:\/\/www.neilmed.com\/fra\/","name":"NeilMed Pharmaceuticals - French Canadian","description":"NeilMed Pharmaceuticals: world leader in nasal saline irrigation system | Sinus Rinse | Neti Pot | Nasal Irrigation","potentialAction":[{"@type":"SearchAction","target":{"@type":"EntryPoint","urlTemplate":"https:\/\/www.neilmed.com\/fra\/?s={search_term_string}"},"query-input":{"@type":"PropertyValueSpecification","valueRequired":true,"valueName":"search_term_string"}}],"inLanguage":"fr-CA"}]}},"acf":[],"_links":{"self":[{"href":"https:\/\/www.neilmed.com\/fra\/wp-json\/wp\/v2\/pages\/4109","targetHints":{"allow":["GET"]}}],"collection":[{"href":"https:\/\/www.neilmed.com\/fra\/wp-json\/wp\/v2\/pages"}],"about":[{"href":"https:\/\/www.neilmed.com\/fra\/wp-json\/wp\/v2\/types\/page"}],"author":[{"embeddable":true,"href":"https:\/\/www.neilmed.com\/fra\/wp-json\/wp\/v2\/users\/1"}],"replies":[{"embeddable":true,"href":"https:\/\/www.neilmed.com\/fra\/wp-json\/wp\/v2\/comments?post=4109"}],"version-history":[{"count":2,"href":"https:\/\/www.neilmed.com\/fra\/wp-json\/wp\/v2\/pages\/4109\/revisions"}],"predecessor-version":[{"id":4240,"href":"https:\/\/www.neilmed.com\/fra\/wp-json\/wp\/v2\/pages\/4109\/revisions\/4240"}],"wp:featuredmedia":[{"embeddable":true,"href":"https:\/\/www.neilmed.com\/fra\/wp-json\/wp\/v2\/media\/1636"}],"wp:attachment":[{"href":"https:\/\/www.neilmed.com\/fra\/wp-json\/wp\/v2\/media?parent=4109"}],"wp:term":[{"taxonomy":"category","embeddable":true,"href":"https:\/\/www.neilmed.com\/fra\/wp-json\/wp\/v2\/categories?post=4109"},{"taxonomy":"post_tag","embeddable":true,"href":"https:\/\/www.neilmed.com\/fra\/wp-json\/wp\/v2\/tags?post=4109"}],"curies":[{"name":"wp","href":"https:\/\/api.w.org\/{rel}","templated":true}]}}