{"id":4115,"date":"2022-08-17T16:50:49","date_gmt":"2022-08-17T20:50:49","guid":{"rendered":"https:\/\/www.neilmed.com\/can\/?page_id=4115"},"modified":"2022-08-17T17:42:13","modified_gmt":"2022-08-17T21:42:13","slug":"neilmed-on-the-radio","status":"publish","type":"page","link":"https:\/\/www.neilmed.com\/fra\/neilmed-on-the-radio\/","title":{"rendered":"NeilMed On The Radio"},"content":{"rendered":"\n\n\t<span><span><a href=\"https:\/\/www.neilmed.com\/fra\/\">Home<\/a><\/span><\/span>\n\t\t<meta itemprop=\"url\" content=\"https:\/\/www.neilmed.com\/can\/wp-content\/uploads\/sites\/11\/2022\/02\/rowan_radio_Dr_Craig_Wax-1.mp3\" \/><audio class=\"wp-audio-shortcode\" id=\"audio-4115-1\" preload=\"none\" style=\"width: 100%;\" controls=\"controls\"><source type=\"audio\/mpeg\" src=\"https:\/\/www.neilmed.com\/can\/wp-content\/uploads\/sites\/11\/2022\/02\/rowan_radio_Dr_Craig_Wax-1.mp3?_=1\" \/><a href=\"https:\/\/www.neilmed.com\/can\/wp-content\/uploads\/sites\/11\/2022\/02\/rowan_radio_Dr_Craig_Wax-1.mp3\">https:\/\/www.neilmed.com\/can\/wp-content\/uploads\/sites\/11\/2022\/02\/rowan_radio_Dr_Craig_Wax-1.mp3<\/a><\/audio>\n\t\t<meta itemprop=\"url\" content=\"https:\/\/www.neilmed.com\/can\/wp-content\/uploads\/sites\/11\/2022\/02\/whco-ad.mp3\" \/><audio class=\"wp-audio-shortcode\" id=\"audio-4115-2\" preload=\"none\" style=\"width: 100%;\" controls=\"controls\"><source type=\"audio\/mpeg\" src=\"https:\/\/www.neilmed.com\/can\/wp-content\/uploads\/sites\/11\/2022\/02\/whco-ad.mp3?_=2\" \/><a href=\"https:\/\/www.neilmed.com\/can\/wp-content\/uploads\/sites\/11\/2022\/02\/whco-ad.mp3\">https:\/\/www.neilmed.com\/can\/wp-content\/uploads\/sites\/11\/2022\/02\/whco-ad.mp3<\/a><\/audio>\n\t\t<meta itemprop=\"url\" content=\"https:\/\/www.neilmed.com\/can\/wp-content\/uploads\/sites\/11\/2022\/02\/wjob.mp3\" \/><audio class=\"wp-audio-shortcode\" id=\"audio-4115-3\" preload=\"none\" style=\"width: 100%;\" controls=\"controls\"><source type=\"audio\/mpeg\" src=\"https:\/\/www.neilmed.com\/can\/wp-content\/uploads\/sites\/11\/2022\/02\/wjob.mp3?_=3\" \/><a href=\"https:\/\/www.neilmed.com\/can\/wp-content\/uploads\/sites\/11\/2022\/02\/wjob.mp3\">https:\/\/www.neilmed.com\/can\/wp-content\/uploads\/sites\/11\/2022\/02\/wjob.mp3<\/a><\/audio>\n\t\t<meta itemprop=\"url\" content=\"https:\/\/www.neilmed.com\/can\/wp-content\/uploads\/sites\/11\/2022\/02\/koa.mp3\" \/><audio class=\"wp-audio-shortcode\" id=\"audio-4115-4\" preload=\"none\" style=\"width: 100%;\" controls=\"controls\"><source type=\"audio\/mpeg\" src=\"https:\/\/www.neilmed.com\/can\/wp-content\/uploads\/sites\/11\/2022\/02\/koa.mp3?_=4\" \/><a href=\"https:\/\/www.neilmed.com\/can\/wp-content\/uploads\/sites\/11\/2022\/02\/koa.mp3\">https:\/\/www.neilmed.com\/can\/wp-content\/uploads\/sites\/11\/2022\/02\/koa.mp3<\/a><\/audio>\n\t\t<meta itemprop=\"url\" content=\"https:\/\/www.neilmed.com\/can\/wp-content\/uploads\/sites\/11\/2022\/02\/danielle.mp3\" \/><audio class=\"wp-audio-shortcode\" id=\"audio-4115-5\" preload=\"none\" style=\"width: 100%;\" controls=\"controls\"><source type=\"audio\/mpeg\" src=\"https:\/\/www.neilmed.com\/can\/wp-content\/uploads\/sites\/11\/2022\/02\/danielle.mp3?_=5\" \/><a href=\"https:\/\/www.neilmed.com\/can\/wp-content\/uploads\/sites\/11\/2022\/02\/danielle.mp3\">https:\/\/www.neilmed.com\/can\/wp-content\/uploads\/sites\/11\/2022\/02\/danielle.mp3<\/a><\/audio>\n\t\t<meta itemprop=\"url\" content=\"https:\/\/www.neilmed.com\/can\/wp-content\/uploads\/sites\/11\/2022\/02\/netipot_maxim.mp3\" \/><audio class=\"wp-audio-shortcode\" id=\"audio-4115-6\" preload=\"none\" style=\"width: 100%;\" controls=\"controls\"><source type=\"audio\/mpeg\" src=\"https:\/\/www.neilmed.com\/can\/wp-content\/uploads\/sites\/11\/2022\/02\/netipot_maxim.mp3?_=6\" \/><a href=\"https:\/\/www.neilmed.com\/can\/wp-content\/uploads\/sites\/11\/2022\/02\/netipot_maxim.mp3\">https:\/\/www.neilmed.com\/can\/wp-content\/uploads\/sites\/11\/2022\/02\/netipot_maxim.mp3<\/a><\/audio>\n\t\t<meta itemprop=\"url\" content=\"https:\/\/www.neilmed.com\/can\/wp-content\/uploads\/sites\/11\/2022\/02\/wkny-ad.mp3\" \/><audio class=\"wp-audio-shortcode\" id=\"audio-4115-7\" preload=\"none\" style=\"width: 100%;\" controls=\"controls\"><source type=\"audio\/mpeg\" src=\"https:\/\/www.neilmed.com\/can\/wp-content\/uploads\/sites\/11\/2022\/02\/wkny-ad.mp3?_=7\" \/><a href=\"https:\/\/www.neilmed.com\/can\/wp-content\/uploads\/sites\/11\/2022\/02\/wkny-ad.mp3\">https:\/\/www.neilmed.com\/can\/wp-content\/uploads\/sites\/11\/2022\/02\/wkny-ad.mp3<\/a><\/audio>\n\t\t\t\t<img loading=\"lazy\" decoding=\"async\" src=\"https:\/\/www.neilmed.com\/can\/wp-content\/uploads\/sites\/11\/2022\/02\/kane-radio-300x192.jpg\" alt=\"kane-radio\" itemprop=\"image\" height=\"192\" width=\"300\" title=\"kane-radio\" onerror=\"this.style.display='none'\"  \/>\n\t\t<meta itemprop=\"url\" content=\"https:\/\/www.neilmed.com\/can\/wp-content\/uploads\/sites\/11\/2022\/02\/kaneradio.mp3\" \/><audio class=\"wp-audio-shortcode\" id=\"audio-4115-8\" preload=\"none\" style=\"width: 100%;\" controls=\"controls\"><source type=\"audio\/mpeg\" src=\"https:\/\/www.neilmed.com\/can\/wp-content\/uploads\/sites\/11\/2022\/02\/kaneradio.mp3?_=8\" \/><a href=\"https:\/\/www.neilmed.com\/can\/wp-content\/uploads\/sites\/11\/2022\/02\/kaneradio.mp3\">https:\/\/www.neilmed.com\/can\/wp-content\/uploads\/sites\/11\/2022\/02\/kaneradio.mp3<\/a><\/audio>\n\t\t<h3>Respirez ais\u00e9ment gr\u00e2ce \u00e0 un nez bien d\u00e9gag\u00e9 et \u00ab retrouvez cette sensation de nez d\u00e9gag\u00e9 \u00bb<\/h3>\n\t\t\t<a href=\"https:\/\/www.neilmed.com\/fra\/order-now\/\" target=\"_self\" role=\"button\" rel=\"noopener\">\n\t\t\t\t\t\t\tCOMMANDER MAINTENANT\n\t\t\t<\/a>\n\t\t\t\t<img decoding=\"async\" src=\"https:\/\/www.neilmed.com\/fra\/wp-content\/uploads\/sites\/11\/2022\/04\/mail-icon-newsletter.svg\" alt=\"mail-icon-newsletter\" itemprop=\"image\" title=\"mail-icon-newsletter\" onerror=\"this.style.display='none'\"  \/>\n\tInscrivez-vous \u00e0 notre newsletter\n\t<p>Inscrivez-vous \u00e0 notre liste de distribution pour vous tenir au courant des derni\u00e8res nouvelles sur les offres sp\u00e9ciales, les promotions, la litt\u00e9rature m\u00e9dicale et les publications.<\/p>\n\t<form method=\"post\" action=\"\/fra\/newsletter-sign-up\/\" id=\"ContactFooter\">\n          <input type=\"email\" autocomplete=\"email\" placeholder=\"Your email\"\/>\n      <button type=\"submit\" name=\"commit\" id=\"Subscribe\">\n        S&rsquo;inscrire\n        Go\n      <\/button><\/form>\n\n","protected":false},"excerpt":{"rendered":"<p>Listen to NeilMed on the Radio<\/p>\n","protected":false},"author":1,"featured_media":2486,"parent":0,"menu_order":8,"comment_status":"closed","ping_status":"closed","template":"","meta":{"_acf_changed":false,"inline_featured_image":false,"footnotes":""},"categories":[],"tags":[],"class_list":["post-4115","page","type-page","status-publish","has-post-thumbnail","hentry"],"yoast_head":"<!-- This site is optimized with the Yoast SEO Premium plugin v27.3 (Yoast SEO v27.3) - https:\/\/yoast.com\/product\/yoast-seo-premium-wordpress\/ -->\n<title>NeilMed On The Radio - NeilMed Pharmaceuticals - French Canadian<\/title>\n<meta name=\"description\" content=\"NeilMed on the Radio - Listen to radio shows that talk about NeilMed&reg; Pharmaceuticals and our fantastic products!\" \/>\n<meta name=\"robots\" content=\"index, follow, max-snippet:-1, max-image-preview:large, max-video-preview:-1\" \/>\n<link rel=\"canonical\" href=\"https:\/\/www.neilmed.com\/fra\/neilmed-on-the-radio\/\" \/>\n<meta property=\"og:locale\" content=\"fr_CA\" \/>\n<meta property=\"og:type\" content=\"article\" \/>\n<meta property=\"og:title\" content=\"NeilMed On The Radio\" \/>\n<meta property=\"og:description\" content=\"NeilMed on the Radio - Listen to radio shows that talk about NeilMed&reg; Pharmaceuticals and our fantastic products!\" \/>\n<meta property=\"og:url\" content=\"https:\/\/www.neilmed.com\/fra\/neilmed-on-the-radio\/\" \/>\n<meta property=\"og:site_name\" content=\"NeilMed Pharmaceuticals - French Canadian\" \/>\n<meta property=\"article:modified_time\" content=\"2022-08-17T21:42:13+00:00\" \/>\n<meta name=\"twitter:card\" content=\"summary_large_image\" \/>\n<meta name=\"twitter:label1\" content=\"Estimation du temps de lecture\" \/>\n\t<meta name=\"twitter:data1\" content=\"1 minute\" \/>\n<script type=\"application\/ld+json\" class=\"yoast-schema-graph\">{\"@context\":\"https:\\\/\\\/schema.org\",\"@graph\":[{\"@type\":\"WebPage\",\"@id\":\"https:\\\/\\\/www.neilmed.com\\\/fra\\\/neilmed-on-the-radio\\\/\",\"url\":\"https:\\\/\\\/www.neilmed.com\\\/fra\\\/neilmed-on-the-radio\\\/\",\"name\":\"NeilMed On The Radio - NeilMed Pharmaceuticals - French Canadian\",\"isPartOf\":{\"@id\":\"https:\\\/\\\/www.neilmed.com\\\/fra\\\/#website\"},\"primaryImageOfPage\":{\"@id\":\"https:\\\/\\\/www.neilmed.com\\\/fra\\\/neilmed-on-the-radio\\\/#primaryimage\"},\"image\":{\"@id\":\"https:\\\/\\\/www.neilmed.com\\\/fra\\\/neilmed-on-the-radio\\\/#primaryimage\"},\"thumbnailUrl\":\"\",\"datePublished\":\"2022-08-17T20:50:49+00:00\",\"dateModified\":\"2022-08-17T21:42:13+00:00\",\"description\":\"NeilMed on the Radio - Listen to radio shows that talk about NeilMed&reg; Pharmaceuticals and our fantastic products!\",\"breadcrumb\":{\"@id\":\"https:\\\/\\\/www.neilmed.com\\\/fra\\\/neilmed-on-the-radio\\\/#breadcrumb\"},\"inLanguage\":\"fr-CA\",\"potentialAction\":[{\"@type\":\"ReadAction\",\"target\":[\"https:\\\/\\\/www.neilmed.com\\\/fra\\\/neilmed-on-the-radio\\\/\"]}]},{\"@type\":\"ImageObject\",\"inLanguage\":\"fr-CA\",\"@id\":\"https:\\\/\\\/www.neilmed.com\\\/fra\\\/neilmed-on-the-radio\\\/#primaryimage\",\"url\":\"\",\"contentUrl\":\"\"},{\"@type\":\"BreadcrumbList\",\"@id\":\"https:\\\/\\\/www.neilmed.com\\\/fra\\\/neilmed-on-the-radio\\\/#breadcrumb\",\"itemListElement\":[{\"@type\":\"ListItem\",\"position\":1,\"name\":\"Home\",\"item\":\"https:\\\/\\\/www.neilmed.com\\\/fra\\\/\"},{\"@type\":\"ListItem\",\"position\":2,\"name\":\"NeilMed On The Radio\"}]},{\"@type\":\"WebSite\",\"@id\":\"https:\\\/\\\/www.neilmed.com\\\/fra\\\/#website\",\"url\":\"https:\\\/\\\/www.neilmed.com\\\/fra\\\/\",\"name\":\"NeilMed Pharmaceuticals - French Canadian\",\"description\":\"NeilMed Pharmaceuticals: world leader in nasal saline irrigation system | Sinus Rinse | Neti Pot | Nasal Irrigation\",\"potentialAction\":[{\"@type\":\"SearchAction\",\"target\":{\"@type\":\"EntryPoint\",\"urlTemplate\":\"https:\\\/\\\/www.neilmed.com\\\/fra\\\/?s={search_term_string}\"},\"query-input\":{\"@type\":\"PropertyValueSpecification\",\"valueRequired\":true,\"valueName\":\"search_term_string\"}}],\"inLanguage\":\"fr-CA\"}]}<\/script>\n<!-- \/ Yoast SEO Premium plugin. -->","yoast_head_json":{"title":"NeilMed On The Radio - NeilMed Pharmaceuticals - French Canadian","description":"NeilMed on the Radio - Listen to radio shows that talk about NeilMed&reg; Pharmaceuticals and our fantastic products!","robots":{"index":"index","follow":"follow","max-snippet":"max-snippet:-1","max-image-preview":"max-image-preview:large","max-video-preview":"max-video-preview:-1"},"canonical":"https:\/\/www.neilmed.com\/fra\/neilmed-on-the-radio\/","og_locale":"fr_CA","og_type":"article","og_title":"NeilMed On The Radio","og_description":"NeilMed on the Radio - Listen to radio shows that talk about NeilMed&reg; Pharmaceuticals and our fantastic products!","og_url":"https:\/\/www.neilmed.com\/fra\/neilmed-on-the-radio\/","og_site_name":"NeilMed Pharmaceuticals - French Canadian","article_modified_time":"2022-08-17T21:42:13+00:00","twitter_card":"summary_large_image","twitter_misc":{"Estimation du temps de lecture":"1 minute"},"schema":{"@context":"https:\/\/schema.org","@graph":[{"@type":"WebPage","@id":"https:\/\/www.neilmed.com\/fra\/neilmed-on-the-radio\/","url":"https:\/\/www.neilmed.com\/fra\/neilmed-on-the-radio\/","name":"NeilMed On The Radio - NeilMed Pharmaceuticals - French Canadian","isPartOf":{"@id":"https:\/\/www.neilmed.com\/fra\/#website"},"primaryImageOfPage":{"@id":"https:\/\/www.neilmed.com\/fra\/neilmed-on-the-radio\/#primaryimage"},"image":{"@id":"https:\/\/www.neilmed.com\/fra\/neilmed-on-the-radio\/#primaryimage"},"thumbnailUrl":"","datePublished":"2022-08-17T20:50:49+00:00","dateModified":"2022-08-17T21:42:13+00:00","description":"NeilMed on the Radio - Listen to radio shows that talk about NeilMed&reg; Pharmaceuticals and our fantastic products!","breadcrumb":{"@id":"https:\/\/www.neilmed.com\/fra\/neilmed-on-the-radio\/#breadcrumb"},"inLanguage":"fr-CA","potentialAction":[{"@type":"ReadAction","target":["https:\/\/www.neilmed.com\/fra\/neilmed-on-the-radio\/"]}]},{"@type":"ImageObject","inLanguage":"fr-CA","@id":"https:\/\/www.neilmed.com\/fra\/neilmed-on-the-radio\/#primaryimage","url":"","contentUrl":""},{"@type":"BreadcrumbList","@id":"https:\/\/www.neilmed.com\/fra\/neilmed-on-the-radio\/#breadcrumb","itemListElement":[{"@type":"ListItem","position":1,"name":"Home","item":"https:\/\/www.neilmed.com\/fra\/"},{"@type":"ListItem","position":2,"name":"NeilMed On The Radio"}]},{"@type":"WebSite","@id":"https:\/\/www.neilmed.com\/fra\/#website","url":"https:\/\/www.neilmed.com\/fra\/","name":"NeilMed Pharmaceuticals - French Canadian","description":"NeilMed Pharmaceuticals: world leader in nasal saline irrigation system | Sinus Rinse | Neti Pot | Nasal Irrigation","potentialAction":[{"@type":"SearchAction","target":{"@type":"EntryPoint","urlTemplate":"https:\/\/www.neilmed.com\/fra\/?s={search_term_string}"},"query-input":{"@type":"PropertyValueSpecification","valueRequired":true,"valueName":"search_term_string"}}],"inLanguage":"fr-CA"}]}},"acf":[],"_links":{"self":[{"href":"https:\/\/www.neilmed.com\/fra\/wp-json\/wp\/v2\/pages\/4115","targetHints":{"allow":["GET"]}}],"collection":[{"href":"https:\/\/www.neilmed.com\/fra\/wp-json\/wp\/v2\/pages"}],"about":[{"href":"https:\/\/www.neilmed.com\/fra\/wp-json\/wp\/v2\/types\/page"}],"author":[{"embeddable":true,"href":"https:\/\/www.neilmed.com\/fra\/wp-json\/wp\/v2\/users\/1"}],"replies":[{"embeddable":true,"href":"https:\/\/www.neilmed.com\/fra\/wp-json\/wp\/v2\/comments?post=4115"}],"version-history":[{"count":2,"href":"https:\/\/www.neilmed.com\/fra\/wp-json\/wp\/v2\/pages\/4115\/revisions"}],"predecessor-version":[{"id":4247,"href":"https:\/\/www.neilmed.com\/fra\/wp-json\/wp\/v2\/pages\/4115\/revisions\/4247"}],"wp:featuredmedia":[{"embeddable":true,"href":"https:\/\/www.neilmed.com\/fra\/wp-json\/"}],"wp:attachment":[{"href":"https:\/\/www.neilmed.com\/fra\/wp-json\/wp\/v2\/media?parent=4115"}],"wp:term":[{"taxonomy":"category","embeddable":true,"href":"https:\/\/www.neilmed.com\/fra\/wp-json\/wp\/v2\/categories?post=4115"},{"taxonomy":"post_tag","embeddable":true,"href":"https:\/\/www.neilmed.com\/fra\/wp-json\/wp\/v2\/tags?post=4115"}],"curies":[{"name":"wp","href":"https:\/\/api.w.org\/{rel}","templated":true}]}}