{"id":4117,"date":"2022-08-17T16:52:05","date_gmt":"2022-08-17T20:52:05","guid":{"rendered":"https:\/\/www.neilmed.com\/can\/?page_id=4117"},"modified":"2022-08-17T17:41:37","modified_gmt":"2022-08-17T21:41:37","slug":"neilmed-in-print","status":"publish","type":"page","link":"https:\/\/www.neilmed.com\/fra\/neilmed-in-print\/","title":{"rendered":"NeilMed In Print"},"content":{"rendered":"\n\n\t<span><span><a href=\"https:\/\/www.neilmed.com\/fra\/\">Home<\/a><\/span><\/span>\n\t<p><a href=\"https:\/\/www.wral.com\/unc-gift-eases-soldiers-sinus-woes\/11818263\" target=\"_blank\" rel=\"noopener\"><img loading=\"lazy\" decoding=\"async\" src=\"https:\/\/www.neilmed.com\/can\/wp-content\/uploads\/sites\/11\/2022\/02\/WRAL-300x67.jpg\" alt=\"WRAL.COM\" width=\"300\" height=\"67\" \/><\/a><br \/>UNC gift eases soldiers&rsquo; sinus woes<br \/>Reporter: Allen Mask, M.D.<br \/>Web Editor: Jodi Leese Glusco<\/p>\n<p><i>November 27, 2012<\/i><\/p>\n\t\t\t<a href=\"https:\/\/www.wral.com\/unc-gift-eases-soldiers-sinus-woes\/11818263\/\" target=\"_blank\" role=\"button\" rel=\"noopener\">\n\t\t\t\t\t\t\tRead Full Article\n\t\t\t<\/a>\n\t<p><a href=\"https:\/\/www.neilmed.com\/articles\/Dallasnews1.pdf\" target=\"_blank\" rel=\"noopener\"><img loading=\"lazy\" decoding=\"async\" src=\"https:\/\/www.neilmed.com\/can\/wp-content\/uploads\/sites\/11\/2022\/02\/The_Dallas_Morning_News_Logo.jpg\" alt=\"The Dallas Morning News - NeilMed In Print\" width=\"600\" height=\"60\" \/><\/a><br \/>Tried-And-True Solutions For Bad Cold Or Flu Symptoms<br \/>By JAMIE KNODEL \/ The Dallas Morning News<\/p>\n<p><em>Monday, January 26, 2009<\/em><\/p>\n\t\t\t<a href=\"https:\/\/www.neilmed.com\/articles\/Dallasnews1.pdf\" target=\"_blank\" role=\"button\" rel=\"noopener\">\n\t\t\t\t\t\t\tRead Full Article\n\t\t\t<\/a>\n\t<p><a href=\"https:\/\/www.nytimes.com\/2008\/11\/13\/business\/smallbusiness\/13wash.html?_r=1&amp;scp=1&amp;sq=neilmed\" target=\"_blank\" rel=\"noopener\"><img loading=\"lazy\" decoding=\"async\" src=\"https:\/\/www.neilmed.com\/can\/wp-content\/uploads\/sites\/11\/2022\/02\/new-york-times-logo-2-300x46.jpg\" alt=\"The New York Times - NeilMed In Print\" width=\"300\" height=\"46\" \/><\/a><br \/>Sinus Sufferer Turns Nasal Spray Project Into Sales Leader<br \/>By MATT VILLANO<\/p>\n<p><em>November 13, 2008<\/em><\/p>\n\t\t\t<a href=\"https:\/\/www.nytimes.com\/2008\/11\/13\/business\/smallbusiness\/13wash.html?_r=1&#038;scp=1&#038;sq=neilmed\" target=\"_blank\" role=\"button\" rel=\"noopener\">\n\t\t\t\t\t\t\tRead Full Article\n\t\t\t<\/a>\n\t<p><a href=\"https:\/\/www.neilmed.com\/articles\/nyp_030209.pdf\" target=\"_blank\" rel=\"noopener\"><img loading=\"lazy\" decoding=\"async\" src=\"https:\/\/www.neilmed.com\/can\/wp-content\/uploads\/sites\/11\/2022\/02\/New_York_Post_logo-300x53.jpg\" alt=\"The New York Post - NeilMed In Print\" width=\"300\" height=\"53\" \/><\/a><br \/>COLD WAR! &#8211; THE TRUTH BEHIND HOME COLD CURES; REVEALED: THE HARD COLD TRUTHS<br \/>Author: MARINA VATAJ<\/p>\n<p><em>February 3, 2009<\/em><\/p>\n\t\t\t<a href=\"https:\/\/www.neilmed.com\/articles\/nyp_030209.pdf\" target=\"_blank\" role=\"button\" rel=\"noopener\">\n\t\t\t\t\t\t\tRead Full Article\n\t\t\t<\/a>\n\t<p><a href=\"https:\/\/www.pressdemocrat.com\/article\/news\/oprah-effect-web-generate-sales-surge-for-sr-up-and-comers-sinus-remedy\/\" target=\"_blank\" rel=\"noopener\"><img loading=\"lazy\" decoding=\"async\" src=\"https:\/\/www.neilmed.com\/can\/wp-content\/uploads\/sites\/11\/2022\/02\/pd-logo-300x31.jpg\" alt=\"The Press Democrat - NeilMed In Print\" width=\"300\" height=\"31\" \/><\/a><br \/>NeilMed makes its mark<br \/>&lsquo;Oprah effect,&rsquo; Web generate sales surge for SR up-and-comer&rsquo;s sinus remedy<\/p>\n<p><em>May 25, 2008<\/em><\/p>\n\t\t\t<a href=\"https:\/\/www.pressdemocrat.com\/article\/news\/oprah-effect-web-generate-sales-surge-for-sr-up-and-comers-sinus-remedy\/\" target=\"_blank\" role=\"button\" rel=\"noopener\">\n\t\t\t\t\t\t\tRead Full Article\n\t\t\t<\/a>\n\t\t<h3>Respirez ais\u00e9ment gr\u00e2ce \u00e0 un nez bien d\u00e9gag\u00e9 et \u00ab retrouvez cette sensation de nez d\u00e9gag\u00e9 \u00bb<\/h3>\n\t\t\t<a href=\"https:\/\/www.neilmed.com\/fra\/order-now\/\" target=\"_self\" role=\"button\" rel=\"noopener\">\n\t\t\t\t\t\t\tCOMMANDER MAINTENANT\n\t\t\t<\/a>\n\t\t\t\t<img decoding=\"async\" src=\"https:\/\/www.neilmed.com\/fra\/wp-content\/uploads\/sites\/11\/2022\/04\/mail-icon-newsletter.svg\" alt=\"mail-icon-newsletter\" itemprop=\"image\" title=\"mail-icon-newsletter\" onerror=\"this.style.display='none'\"  \/>\n\tInscrivez-vous \u00e0 notre newsletter\n\t<p>Inscrivez-vous \u00e0 notre liste de distribution pour vous tenir au courant des derni\u00e8res nouvelles sur les offres sp\u00e9ciales, les promotions, la litt\u00e9rature m\u00e9dicale et les publications.<\/p>\n\t<form method=\"post\" action=\"\/fra\/newsletter-sign-up\/\" id=\"ContactFooter\">\n          <input type=\"email\" autocomplete=\"email\" placeholder=\"Your email\"\/>\n      <button type=\"submit\" name=\"commit\" id=\"Subscribe\">\n        S&rsquo;inscrire\n        Go\n      <\/button><\/form>\n\n","protected":false},"excerpt":{"rendered":"<p>Read About NeilMed in Print<\/p>\n","protected":false},"author":1,"featured_media":1636,"parent":0,"menu_order":6,"comment_status":"closed","ping_status":"closed","template":"","meta":{"_acf_changed":false,"inline_featured_image":false,"footnotes":""},"categories":[],"tags":[],"class_list":["post-4117","page","type-page","status-publish","has-post-thumbnail","hentry"],"yoast_head":"<!-- This site is optimized with the Yoast SEO Premium plugin v27.3 (Yoast SEO v27.3) - https:\/\/yoast.com\/product\/yoast-seo-premium-wordpress\/ -->\n<title>NeilMed In Print - NeilMed Pharmaceuticals - French Canadian<\/title>\n<meta name=\"description\" content=\"NeilMed In Print - Read published news articles that talk about NeilMed&reg; Pharmaceuticals and our fantastic products!\" \/>\n<meta name=\"robots\" content=\"index, follow, max-snippet:-1, max-image-preview:large, max-video-preview:-1\" \/>\n<link rel=\"canonical\" href=\"https:\/\/www.neilmed.com\/fra\/neilmed-in-print\/\" \/>\n<meta property=\"og:locale\" content=\"fr_CA\" \/>\n<meta property=\"og:type\" content=\"article\" \/>\n<meta property=\"og:title\" content=\"NeilMed In Print\" \/>\n<meta property=\"og:description\" content=\"NeilMed In Print - Read published news articles that talk about NeilMed&reg; Pharmaceuticals and our fantastic products!\" \/>\n<meta property=\"og:url\" content=\"https:\/\/www.neilmed.com\/fra\/neilmed-in-print\/\" \/>\n<meta property=\"og:site_name\" content=\"NeilMed Pharmaceuticals - French Canadian\" \/>\n<meta property=\"article:modified_time\" content=\"2022-08-17T21:41:37+00:00\" \/>\n<meta property=\"og:image\" content=\"https:\/\/www.neilmed.com\/fra\/wp-content\/uploads\/sites\/11\/2022\/03\/in-media-scaled.jpeg\" \/>\n\t<meta property=\"og:image:width\" content=\"2560\" \/>\n\t<meta property=\"og:image:height\" content=\"610\" \/>\n\t<meta property=\"og:image:type\" content=\"image\/jpeg\" \/>\n<meta name=\"twitter:card\" content=\"summary_large_image\" \/>\n<meta name=\"twitter:label1\" content=\"Estimation du temps de lecture\" \/>\n\t<meta name=\"twitter:data1\" content=\"1 minute\" \/>\n<script type=\"application\/ld+json\" class=\"yoast-schema-graph\">{\"@context\":\"https:\\\/\\\/schema.org\",\"@graph\":[{\"@type\":\"WebPage\",\"@id\":\"https:\\\/\\\/www.neilmed.com\\\/fra\\\/neilmed-in-print\\\/\",\"url\":\"https:\\\/\\\/www.neilmed.com\\\/fra\\\/neilmed-in-print\\\/\",\"name\":\"NeilMed In Print - NeilMed Pharmaceuticals - French Canadian\",\"isPartOf\":{\"@id\":\"https:\\\/\\\/www.neilmed.com\\\/fra\\\/#website\"},\"primaryImageOfPage\":{\"@id\":\"https:\\\/\\\/www.neilmed.com\\\/fra\\\/neilmed-in-print\\\/#primaryimage\"},\"image\":{\"@id\":\"https:\\\/\\\/www.neilmed.com\\\/fra\\\/neilmed-in-print\\\/#primaryimage\"},\"thumbnailUrl\":\"https:\\\/\\\/www.neilmed.com\\\/fra\\\/wp-content\\\/uploads\\\/sites\\\/11\\\/2022\\\/03\\\/in-media-scaled.jpeg\",\"datePublished\":\"2022-08-17T20:52:05+00:00\",\"dateModified\":\"2022-08-17T21:41:37+00:00\",\"description\":\"NeilMed In Print - Read published news articles that talk about NeilMed&reg; Pharmaceuticals and our fantastic products!\",\"breadcrumb\":{\"@id\":\"https:\\\/\\\/www.neilmed.com\\\/fra\\\/neilmed-in-print\\\/#breadcrumb\"},\"inLanguage\":\"fr-CA\",\"potentialAction\":[{\"@type\":\"ReadAction\",\"target\":[\"https:\\\/\\\/www.neilmed.com\\\/fra\\\/neilmed-in-print\\\/\"]}]},{\"@type\":\"ImageObject\",\"inLanguage\":\"fr-CA\",\"@id\":\"https:\\\/\\\/www.neilmed.com\\\/fra\\\/neilmed-in-print\\\/#primaryimage\",\"url\":\"https:\\\/\\\/www.neilmed.com\\\/fra\\\/wp-content\\\/uploads\\\/sites\\\/11\\\/2022\\\/03\\\/in-media-scaled.jpeg\",\"contentUrl\":\"https:\\\/\\\/www.neilmed.com\\\/fra\\\/wp-content\\\/uploads\\\/sites\\\/11\\\/2022\\\/03\\\/in-media-scaled.jpeg\",\"width\":2560,\"height\":610,\"caption\":\"NeilMed In Media\"},{\"@type\":\"BreadcrumbList\",\"@id\":\"https:\\\/\\\/www.neilmed.com\\\/fra\\\/neilmed-in-print\\\/#breadcrumb\",\"itemListElement\":[{\"@type\":\"ListItem\",\"position\":1,\"name\":\"Home\",\"item\":\"https:\\\/\\\/www.neilmed.com\\\/fra\\\/\"},{\"@type\":\"ListItem\",\"position\":2,\"name\":\"NeilMed In Print\"}]},{\"@type\":\"WebSite\",\"@id\":\"https:\\\/\\\/www.neilmed.com\\\/fra\\\/#website\",\"url\":\"https:\\\/\\\/www.neilmed.com\\\/fra\\\/\",\"name\":\"NeilMed Pharmaceuticals - French Canadian\",\"description\":\"NeilMed Pharmaceuticals: world leader in nasal saline irrigation system | Sinus Rinse | Neti Pot | Nasal Irrigation\",\"potentialAction\":[{\"@type\":\"SearchAction\",\"target\":{\"@type\":\"EntryPoint\",\"urlTemplate\":\"https:\\\/\\\/www.neilmed.com\\\/fra\\\/?s={search_term_string}\"},\"query-input\":{\"@type\":\"PropertyValueSpecification\",\"valueRequired\":true,\"valueName\":\"search_term_string\"}}],\"inLanguage\":\"fr-CA\"}]}<\/script>\n<!-- \/ Yoast SEO Premium plugin. -->","yoast_head_json":{"title":"NeilMed In Print - NeilMed Pharmaceuticals - French Canadian","description":"NeilMed In Print - Read published news articles that talk about NeilMed&reg; Pharmaceuticals and our fantastic products!","robots":{"index":"index","follow":"follow","max-snippet":"max-snippet:-1","max-image-preview":"max-image-preview:large","max-video-preview":"max-video-preview:-1"},"canonical":"https:\/\/www.neilmed.com\/fra\/neilmed-in-print\/","og_locale":"fr_CA","og_type":"article","og_title":"NeilMed In Print","og_description":"NeilMed In Print - Read published news articles that talk about NeilMed&reg; Pharmaceuticals and our fantastic products!","og_url":"https:\/\/www.neilmed.com\/fra\/neilmed-in-print\/","og_site_name":"NeilMed Pharmaceuticals - French Canadian","article_modified_time":"2022-08-17T21:41:37+00:00","og_image":[{"width":2560,"height":610,"url":"https:\/\/www.neilmed.com\/fra\/wp-content\/uploads\/sites\/11\/2022\/03\/in-media-scaled.jpeg","type":"image\/jpeg"}],"twitter_card":"summary_large_image","twitter_misc":{"Estimation du temps de lecture":"1 minute"},"schema":{"@context":"https:\/\/schema.org","@graph":[{"@type":"WebPage","@id":"https:\/\/www.neilmed.com\/fra\/neilmed-in-print\/","url":"https:\/\/www.neilmed.com\/fra\/neilmed-in-print\/","name":"NeilMed In Print - NeilMed Pharmaceuticals - French Canadian","isPartOf":{"@id":"https:\/\/www.neilmed.com\/fra\/#website"},"primaryImageOfPage":{"@id":"https:\/\/www.neilmed.com\/fra\/neilmed-in-print\/#primaryimage"},"image":{"@id":"https:\/\/www.neilmed.com\/fra\/neilmed-in-print\/#primaryimage"},"thumbnailUrl":"https:\/\/www.neilmed.com\/fra\/wp-content\/uploads\/sites\/11\/2022\/03\/in-media-scaled.jpeg","datePublished":"2022-08-17T20:52:05+00:00","dateModified":"2022-08-17T21:41:37+00:00","description":"NeilMed In Print - Read published news articles that talk about NeilMed&reg; Pharmaceuticals and our fantastic products!","breadcrumb":{"@id":"https:\/\/www.neilmed.com\/fra\/neilmed-in-print\/#breadcrumb"},"inLanguage":"fr-CA","potentialAction":[{"@type":"ReadAction","target":["https:\/\/www.neilmed.com\/fra\/neilmed-in-print\/"]}]},{"@type":"ImageObject","inLanguage":"fr-CA","@id":"https:\/\/www.neilmed.com\/fra\/neilmed-in-print\/#primaryimage","url":"https:\/\/www.neilmed.com\/fra\/wp-content\/uploads\/sites\/11\/2022\/03\/in-media-scaled.jpeg","contentUrl":"https:\/\/www.neilmed.com\/fra\/wp-content\/uploads\/sites\/11\/2022\/03\/in-media-scaled.jpeg","width":2560,"height":610,"caption":"NeilMed In Media"},{"@type":"BreadcrumbList","@id":"https:\/\/www.neilmed.com\/fra\/neilmed-in-print\/#breadcrumb","itemListElement":[{"@type":"ListItem","position":1,"name":"Home","item":"https:\/\/www.neilmed.com\/fra\/"},{"@type":"ListItem","position":2,"name":"NeilMed In Print"}]},{"@type":"WebSite","@id":"https:\/\/www.neilmed.com\/fra\/#website","url":"https:\/\/www.neilmed.com\/fra\/","name":"NeilMed Pharmaceuticals - French Canadian","description":"NeilMed Pharmaceuticals: world leader in nasal saline irrigation system | Sinus Rinse | Neti Pot | Nasal Irrigation","potentialAction":[{"@type":"SearchAction","target":{"@type":"EntryPoint","urlTemplate":"https:\/\/www.neilmed.com\/fra\/?s={search_term_string}"},"query-input":{"@type":"PropertyValueSpecification","valueRequired":true,"valueName":"search_term_string"}}],"inLanguage":"fr-CA"}]}},"acf":[],"_links":{"self":[{"href":"https:\/\/www.neilmed.com\/fra\/wp-json\/wp\/v2\/pages\/4117","targetHints":{"allow":["GET"]}}],"collection":[{"href":"https:\/\/www.neilmed.com\/fra\/wp-json\/wp\/v2\/pages"}],"about":[{"href":"https:\/\/www.neilmed.com\/fra\/wp-json\/wp\/v2\/types\/page"}],"author":[{"embeddable":true,"href":"https:\/\/www.neilmed.com\/fra\/wp-json\/wp\/v2\/users\/1"}],"replies":[{"embeddable":true,"href":"https:\/\/www.neilmed.com\/fra\/wp-json\/wp\/v2\/comments?post=4117"}],"version-history":[{"count":2,"href":"https:\/\/www.neilmed.com\/fra\/wp-json\/wp\/v2\/pages\/4117\/revisions"}],"predecessor-version":[{"id":4245,"href":"https:\/\/www.neilmed.com\/fra\/wp-json\/wp\/v2\/pages\/4117\/revisions\/4245"}],"wp:featuredmedia":[{"embeddable":true,"href":"https:\/\/www.neilmed.com\/fra\/wp-json\/wp\/v2\/media\/1636"}],"wp:attachment":[{"href":"https:\/\/www.neilmed.com\/fra\/wp-json\/wp\/v2\/media?parent=4117"}],"wp:term":[{"taxonomy":"category","embeddable":true,"href":"https:\/\/www.neilmed.com\/fra\/wp-json\/wp\/v2\/categories?post=4117"},{"taxonomy":"post_tag","embeddable":true,"href":"https:\/\/www.neilmed.com\/fra\/wp-json\/wp\/v2\/tags?post=4117"}],"curies":[{"name":"wp","href":"https:\/\/api.w.org\/{rel}","templated":true}]}}