{"id":4119,"date":"2022-08-17T16:52:58","date_gmt":"2022-08-17T20:52:58","guid":{"rendered":"https:\/\/www.neilmed.com\/can\/?page_id=4119"},"modified":"2023-07-25T18:42:43","modified_gmt":"2023-07-25T22:42:43","slug":"neilmed-on-the-web","status":"publish","type":"page","link":"https:\/\/www.neilmed.com\/fra\/neilmed-on-the-web\/","title":{"rendered":"NeilMed On The Web"},"content":{"rendered":"\n\n\t<span><span><a href=\"https:\/\/www.neilmed.com\/fra\/\">Home<\/a><\/span><\/span>\n\t\t\t\t<a href=\"https:\/\/www.northbaybusinessjournal.com\/article\/article\/neilmed-phamaceuticals-kicks-off-sonoma-county-expansion-as-exports-of-nasa\/\" target=\"_blank\" rel=\"noopener\" itemprop=\"url\">\n\t\t\t\t<img loading=\"lazy\" decoding=\"async\" src=\"https:\/\/www.neilmed.com\/can\/wp-content\/uploads\/sites\/11\/2022\/02\/nbbj-logo-300x46.jpg\" alt=\"nbbj-logo\" itemprop=\"image\" height=\"46\" width=\"300\" title=\"nbbj-logo\" onerror=\"this.style.display='none'\"  \/>\n\t\t\t\t<\/a>\n\t<p><i>November 9, 2021<\/i><\/p>\n<p>NeilMed Phamaceuticals kicks off Sonoma County expansion as exports of nasal care products grow<\/p>\n\t\t\t<a href=\"https:\/\/www.northbaybusinessjournal.com\/article\/article\/neilmed-phamaceuticals-kicks-off-sonoma-county-expansion-as-exports-of-nasa\/\" target=\"_blank\" rel=\"noopener\">\n\t\t\t\t\t\t\tRead More\n\t\t\t<\/a>\n\t<a href=\"https:\/\/www.usatoday.com\/story\/life\/music\/2015\/09\/04\/death-cab--cutie-ben-gibbard-tour\/71712704\/\"><\/a>\n\t<p><i>September 4th, 2015<\/i><\/p>\n<p>NeilMed NasaFlo Neti Pot is one of the 8 tour essentials for Death Cab&rsquo;s Ben Gibbard<\/p>\n\t\t\t<a href=\"https:\/\/www.usatoday.com\/story\/life\/music\/2015\/09\/04\/death-cab--cutie-ben-gibbard-tour\/71712704\/\" target=\"_blank\" rel=\"noopener\">\n\t\t\t\t\t\t\tRead More\n\t\t\t<\/a>\n\t<a href=\"https:\/\/www.inquirer.com\/health\/sinus-infections-season-sinusitis-flu-colds-treatments-surgery-saline-rinse-20191210.html\"><\/a>\n\t<p><i>December 10, 2019<\/i><\/p>\n<p>This isn&rsquo;t just flu season. For millions, it&rsquo;s also sinusitis season<\/p>\n\t\t\t<a href=\"https:\/\/www.inquirer.com\/health\/sinus-infections-season-sinusitis-flu-colds-treatments-surgery-saline-rinse-20191210.html\" target=\"_blank\" rel=\"noopener\">\n\t\t\t\t\t\t\tRead More\n\t\t\t<\/a>\n\t\t\t\t<a href=\"https:\/\/www.wral.com\/unc-gift-eases-soldiers-sinus-woes\/11818263\/\" target=\"_blank\" rel=\"noopener\" itemprop=\"url\">\n\t\t\t\t<img loading=\"lazy\" decoding=\"async\" src=\"https:\/\/www.neilmed.com\/can\/wp-content\/uploads\/sites\/11\/2022\/02\/WRAL.jpg\" alt=\"WRAL\" itemprop=\"image\" height=\"150\" width=\"671\" title=\"WRAL\" onerror=\"this.style.display='none'\"  \/>\n\t\t\t\t<\/a>\n\t<p><i>November 27, 2012<\/i><\/p>\n<p>NeilMed Supports US Troops<\/p>\n\t\t\t<a href=\"https:\/\/www.wral.com\/unc-gift-eases-soldiers-sinus-woes\/11818263\/\" target=\"_blank\" rel=\"noopener\">\n\t\t\t\t\t\t\tRead More\n\t\t\t<\/a>\n\t\t<h3>Respirez ais\u00e9ment gr\u00e2ce \u00e0 un nez bien d\u00e9gag\u00e9 et \u00ab retrouvez cette sensation de nez d\u00e9gag\u00e9 \u00bb<\/h3>\n\t\t\t<a href=\"https:\/\/www.neilmed.com\/fra\/order-now\/\" target=\"_self\" rel=\"noopener\">\n\t\t\t\t\t\t\tCOMMANDER MAINTENANT\n\t\t\t<\/a>\n\t\t\t\t<img loading=\"lazy\" decoding=\"async\" src=\"https:\/\/www.neilmed.com\/fra\/wp-content\/uploads\/sites\/11\/2022\/04\/mail-icon-newsletter.svg\" alt=\"mail-icon-newsletter\" itemprop=\"image\" height=\"0\" width=\"0\" title=\"mail-icon-newsletter\" onerror=\"this.style.display='none'\"  \/>\n\tInscrivez-vous \u00e0 notre newsletter\n\t<p>Inscrivez-vous \u00e0 notre liste de distribution pour vous tenir au courant des derni\u00e8res nouvelles sur les offres sp\u00e9ciales, les promotions, la litt\u00e9rature m\u00e9dicale et les publications.<\/p>\n\t<form method=\"post\" action=\"\/fra\/newsletter-sign-up\/\" id=\"ContactFooter\">\n          <input type=\"email\" autocomplete=\"email\" placeholder=\"Your email\"\/>\n      <button type=\"submit\" name=\"commit\" id=\"Subscribe\">\n        S&rsquo;inscrire\n        Go\n      <\/button><\/form>\n\n","protected":false},"excerpt":{"rendered":"<p>Read About NeilMed on the Web<\/p>\n","protected":false},"author":1,"featured_media":1597,"parent":0,"menu_order":9,"comment_status":"closed","ping_status":"closed","template":"","meta":{"_acf_changed":false,"inline_featured_image":false,"footnotes":""},"categories":[],"tags":[],"class_list":["post-4119","page","type-page","status-publish","has-post-thumbnail","hentry"],"yoast_head":"<!-- This site is optimized with the Yoast SEO Premium plugin v27.3 (Yoast SEO v27.3) - https:\/\/yoast.com\/product\/yoast-seo-premium-wordpress\/ -->\n<title>NeilMed On The Web - NeilMed Pharmaceuticals - French Canadian<\/title>\n<meta name=\"description\" content=\"NeilMed on the Web - Read published web articles that talk about NeilMed&reg; Pharmaceuticals and our fantastic products!\" \/>\n<meta name=\"robots\" content=\"index, follow, max-snippet:-1, max-image-preview:large, max-video-preview:-1\" \/>\n<link rel=\"canonical\" href=\"https:\/\/www.neilmed.com\/fra\/neilmed-on-the-web\/\" \/>\n<meta property=\"og:locale\" content=\"fr_CA\" \/>\n<meta property=\"og:type\" content=\"article\" \/>\n<meta property=\"og:title\" content=\"NeilMed On The Web\" \/>\n<meta property=\"og:description\" content=\"NeilMed on the Web - Read published web articles that talk about NeilMed&reg; Pharmaceuticals and our fantastic products!\" \/>\n<meta property=\"og:url\" content=\"https:\/\/www.neilmed.com\/fra\/neilmed-on-the-web\/\" \/>\n<meta property=\"og:site_name\" content=\"NeilMed Pharmaceuticals - French Canadian\" \/>\n<meta property=\"article:modified_time\" content=\"2023-07-25T22:42:43+00:00\" \/>\n<meta property=\"og:image\" content=\"https:\/\/i0.wp.com\/www.neilmed.com\/fra\/wp-content\/uploads\/sites\/11\/2022\/03\/AdobeStock_308286950-scaled.jpeg?fit=2560%2C960&ssl=1\" \/>\n\t<meta property=\"og:image:width\" content=\"2560\" \/>\n\t<meta property=\"og:image:height\" content=\"960\" \/>\n\t<meta property=\"og:image:type\" content=\"image\/jpeg\" \/>\n<meta name=\"twitter:card\" content=\"summary_large_image\" \/>\n<meta name=\"twitter:label1\" content=\"Estimation du temps de lecture\" \/>\n\t<meta name=\"twitter:data1\" content=\"1 minute\" \/>\n<script type=\"application\/ld+json\" class=\"yoast-schema-graph\">{\"@context\":\"https:\\\/\\\/schema.org\",\"@graph\":[{\"@type\":\"WebPage\",\"@id\":\"https:\\\/\\\/www.neilmed.com\\\/fra\\\/neilmed-on-the-web\\\/\",\"url\":\"https:\\\/\\\/www.neilmed.com\\\/fra\\\/neilmed-on-the-web\\\/\",\"name\":\"NeilMed On The Web - NeilMed Pharmaceuticals - French Canadian\",\"isPartOf\":{\"@id\":\"https:\\\/\\\/www.neilmed.com\\\/fra\\\/#website\"},\"primaryImageOfPage\":{\"@id\":\"https:\\\/\\\/www.neilmed.com\\\/fra\\\/neilmed-on-the-web\\\/#primaryimage\"},\"image\":{\"@id\":\"https:\\\/\\\/www.neilmed.com\\\/fra\\\/neilmed-on-the-web\\\/#primaryimage\"},\"thumbnailUrl\":\"https:\\\/\\\/www.neilmed.com\\\/fra\\\/wp-content\\\/uploads\\\/sites\\\/11\\\/2022\\\/03\\\/AdobeStock_308286950-scaled.jpeg\",\"datePublished\":\"2022-08-17T20:52:58+00:00\",\"dateModified\":\"2023-07-25T22:42:43+00:00\",\"description\":\"NeilMed on the Web - Read published web articles that talk about NeilMed&reg; Pharmaceuticals and our fantastic products!\",\"breadcrumb\":{\"@id\":\"https:\\\/\\\/www.neilmed.com\\\/fra\\\/neilmed-on-the-web\\\/#breadcrumb\"},\"inLanguage\":\"fr-CA\",\"potentialAction\":[{\"@type\":\"ReadAction\",\"target\":[\"https:\\\/\\\/www.neilmed.com\\\/fra\\\/neilmed-on-the-web\\\/\"]}]},{\"@type\":\"ImageObject\",\"inLanguage\":\"fr-CA\",\"@id\":\"https:\\\/\\\/www.neilmed.com\\\/fra\\\/neilmed-on-the-web\\\/#primaryimage\",\"url\":\"https:\\\/\\\/www.neilmed.com\\\/fra\\\/wp-content\\\/uploads\\\/sites\\\/11\\\/2022\\\/03\\\/AdobeStock_308286950-scaled.jpeg\",\"contentUrl\":\"https:\\\/\\\/www.neilmed.com\\\/fra\\\/wp-content\\\/uploads\\\/sites\\\/11\\\/2022\\\/03\\\/AdobeStock_308286950-scaled.jpeg\",\"width\":2560,\"height\":960,\"caption\":\"Business woman working on modern computer banner or panorama. Person buying online at internet. Laptop focused on keyboard detail with blur hand. copy space for text.\"},{\"@type\":\"BreadcrumbList\",\"@id\":\"https:\\\/\\\/www.neilmed.com\\\/fra\\\/neilmed-on-the-web\\\/#breadcrumb\",\"itemListElement\":[{\"@type\":\"ListItem\",\"position\":1,\"name\":\"Home\",\"item\":\"https:\\\/\\\/www.neilmed.com\\\/fra\\\/\"},{\"@type\":\"ListItem\",\"position\":2,\"name\":\"NeilMed On The Web\"}]},{\"@type\":\"WebSite\",\"@id\":\"https:\\\/\\\/www.neilmed.com\\\/fra\\\/#website\",\"url\":\"https:\\\/\\\/www.neilmed.com\\\/fra\\\/\",\"name\":\"NeilMed Pharmaceuticals - French Canadian\",\"description\":\"NeilMed Pharmaceuticals: world leader in nasal saline irrigation system | Sinus Rinse | Neti Pot | Nasal Irrigation\",\"potentialAction\":[{\"@type\":\"SearchAction\",\"target\":{\"@type\":\"EntryPoint\",\"urlTemplate\":\"https:\\\/\\\/www.neilmed.com\\\/fra\\\/?s={search_term_string}\"},\"query-input\":{\"@type\":\"PropertyValueSpecification\",\"valueRequired\":true,\"valueName\":\"search_term_string\"}}],\"inLanguage\":\"fr-CA\"}]}<\/script>\n<!-- \/ Yoast SEO Premium plugin. -->","yoast_head_json":{"title":"NeilMed On The Web - NeilMed Pharmaceuticals - French Canadian","description":"NeilMed on the Web - Read published web articles that talk about NeilMed&reg; Pharmaceuticals and our fantastic products!","robots":{"index":"index","follow":"follow","max-snippet":"max-snippet:-1","max-image-preview":"max-image-preview:large","max-video-preview":"max-video-preview:-1"},"canonical":"https:\/\/www.neilmed.com\/fra\/neilmed-on-the-web\/","og_locale":"fr_CA","og_type":"article","og_title":"NeilMed On The Web","og_description":"NeilMed on the Web - Read published web articles that talk about NeilMed&reg; Pharmaceuticals and our fantastic products!","og_url":"https:\/\/www.neilmed.com\/fra\/neilmed-on-the-web\/","og_site_name":"NeilMed Pharmaceuticals - French Canadian","article_modified_time":"2023-07-25T22:42:43+00:00","og_image":[{"width":2560,"height":960,"url":"https:\/\/i0.wp.com\/www.neilmed.com\/fra\/wp-content\/uploads\/sites\/11\/2022\/03\/AdobeStock_308286950-scaled.jpeg?fit=2560%2C960&ssl=1","type":"image\/jpeg"}],"twitter_card":"summary_large_image","twitter_misc":{"Estimation du temps de lecture":"1 minute"},"schema":{"@context":"https:\/\/schema.org","@graph":[{"@type":"WebPage","@id":"https:\/\/www.neilmed.com\/fra\/neilmed-on-the-web\/","url":"https:\/\/www.neilmed.com\/fra\/neilmed-on-the-web\/","name":"NeilMed On The Web - NeilMed Pharmaceuticals - French Canadian","isPartOf":{"@id":"https:\/\/www.neilmed.com\/fra\/#website"},"primaryImageOfPage":{"@id":"https:\/\/www.neilmed.com\/fra\/neilmed-on-the-web\/#primaryimage"},"image":{"@id":"https:\/\/www.neilmed.com\/fra\/neilmed-on-the-web\/#primaryimage"},"thumbnailUrl":"https:\/\/www.neilmed.com\/fra\/wp-content\/uploads\/sites\/11\/2022\/03\/AdobeStock_308286950-scaled.jpeg","datePublished":"2022-08-17T20:52:58+00:00","dateModified":"2023-07-25T22:42:43+00:00","description":"NeilMed on the Web - Read published web articles that talk about NeilMed&reg; Pharmaceuticals and our fantastic products!","breadcrumb":{"@id":"https:\/\/www.neilmed.com\/fra\/neilmed-on-the-web\/#breadcrumb"},"inLanguage":"fr-CA","potentialAction":[{"@type":"ReadAction","target":["https:\/\/www.neilmed.com\/fra\/neilmed-on-the-web\/"]}]},{"@type":"ImageObject","inLanguage":"fr-CA","@id":"https:\/\/www.neilmed.com\/fra\/neilmed-on-the-web\/#primaryimage","url":"https:\/\/www.neilmed.com\/fra\/wp-content\/uploads\/sites\/11\/2022\/03\/AdobeStock_308286950-scaled.jpeg","contentUrl":"https:\/\/www.neilmed.com\/fra\/wp-content\/uploads\/sites\/11\/2022\/03\/AdobeStock_308286950-scaled.jpeg","width":2560,"height":960,"caption":"Business woman working on modern computer banner or panorama. Person buying online at internet. Laptop focused on keyboard detail with blur hand. copy space for text."},{"@type":"BreadcrumbList","@id":"https:\/\/www.neilmed.com\/fra\/neilmed-on-the-web\/#breadcrumb","itemListElement":[{"@type":"ListItem","position":1,"name":"Home","item":"https:\/\/www.neilmed.com\/fra\/"},{"@type":"ListItem","position":2,"name":"NeilMed On The Web"}]},{"@type":"WebSite","@id":"https:\/\/www.neilmed.com\/fra\/#website","url":"https:\/\/www.neilmed.com\/fra\/","name":"NeilMed Pharmaceuticals - French Canadian","description":"NeilMed Pharmaceuticals: world leader in nasal saline irrigation system | Sinus Rinse | Neti Pot | Nasal Irrigation","potentialAction":[{"@type":"SearchAction","target":{"@type":"EntryPoint","urlTemplate":"https:\/\/www.neilmed.com\/fra\/?s={search_term_string}"},"query-input":{"@type":"PropertyValueSpecification","valueRequired":true,"valueName":"search_term_string"}}],"inLanguage":"fr-CA"}]}},"acf":[],"_links":{"self":[{"href":"https:\/\/www.neilmed.com\/fra\/wp-json\/wp\/v2\/pages\/4119","targetHints":{"allow":["GET"]}}],"collection":[{"href":"https:\/\/www.neilmed.com\/fra\/wp-json\/wp\/v2\/pages"}],"about":[{"href":"https:\/\/www.neilmed.com\/fra\/wp-json\/wp\/v2\/types\/page"}],"author":[{"embeddable":true,"href":"https:\/\/www.neilmed.com\/fra\/wp-json\/wp\/v2\/users\/1"}],"replies":[{"embeddable":true,"href":"https:\/\/www.neilmed.com\/fra\/wp-json\/wp\/v2\/comments?post=4119"}],"version-history":[{"count":3,"href":"https:\/\/www.neilmed.com\/fra\/wp-json\/wp\/v2\/pages\/4119\/revisions"}],"predecessor-version":[{"id":4285,"href":"https:\/\/www.neilmed.com\/fra\/wp-json\/wp\/v2\/pages\/4119\/revisions\/4285"}],"wp:featuredmedia":[{"embeddable":true,"href":"https:\/\/www.neilmed.com\/fra\/wp-json\/wp\/v2\/media\/1597"}],"wp:attachment":[{"href":"https:\/\/www.neilmed.com\/fra\/wp-json\/wp\/v2\/media?parent=4119"}],"wp:term":[{"taxonomy":"category","embeddable":true,"href":"https:\/\/www.neilmed.com\/fra\/wp-json\/wp\/v2\/categories?post=4119"},{"taxonomy":"post_tag","embeddable":true,"href":"https:\/\/www.neilmed.com\/fra\/wp-json\/wp\/v2\/tags?post=4119"}],"curies":[{"name":"wp","href":"https:\/\/api.w.org\/{rel}","templated":true}]}}