{"id":4125,"date":"2022-02-17T10:05:57","date_gmt":"2022-02-17T15:05:57","guid":{"rendered":"https:\/\/dev.neilmed.com\/fra\/?page_id=26"},"modified":"2022-09-07T12:29:16","modified_gmt":"2022-09-07T16:29:16","slug":"protocole-de-desinfection","status":"publish","type":"page","link":"https:\/\/www.neilmed.com\/fra\/protocole-de-desinfection\/","title":{"rendered":"Protocole De D\u00e9sinfection Du Pot Pour Neti NasaFlo&#174; Et Du Flacon Sinus RinseMC De NeilMed"},"content":{"rendered":"\r\n<span><span><a href=\"https:\/\/www.neilmed.com\/fra\/\">Home<\/a><\/span><\/span>\r\n<h2>Faut-il remplacer ou non le pot pour neti et le flacon pressable utilis\u00e9s pour l&rsquo;irrigation nasale?<\/h2>\r\n<p><strong>Jusqu&rsquo;\u00e0 ce que des donn\u00e9es suppl\u00e9mentaires soient disponibles, nettoyer apr\u00e8s chaque utilisation et remplacer apr\u00e8s trois mois.<\/strong><\/p>\r\n<p>Instructions pour le nettoyage et la d\u00e9sinfection du flacon Sinus RinseMC et du pot neti NasaFlo&reg; et leur utilisation dans le lave-vaisselle et le four \u00e0 micro-ondes<\/p>\r\n<p>Avant chaque utilisation, inspectez le flacon, le bouchon et le tube pour d\u00e9celer tout signe de d\u00e9coloration. En cas de d\u00e9coloration, nettoyez le flacon, le bouchon et le tube conform\u00e9ment aux pr\u00e9sentes instructions. Nous vous conseillons vivement de respecter les directives ci-dessous chaque fois que vous utilisez le produit.<\/p>\r\n<ul>\r\n<li>Rincez le capuchon, le tube et le flacon sous l&rsquo;eau courante. Remplissez le flacon d&rsquo;eau.<\/li>\r\n<li>Ajoutez une petite goutte de d\u00e9tergent \u00e0 vaisselle \u00e0 l&rsquo;int\u00e9rieur du flacon.<\/li>\r\n<li>Fixez le capuchon et le tube; placez un doigt sur l&rsquo;orifice du capuchon et secouez vigoureusement le flacon.<\/li>\r\n<li>Puis, pressez fortement le flacon pour que la solution savonneuse nettoie l&rsquo;int\u00e9rieur du tube et du capuchon; videz compl\u00e8tement le flacon.<\/li>\r\n<li>\u00c0 l&rsquo;aide d&rsquo;une brosse \u00e0 biberon et \u00e0 t\u00e9tine (disponible dans les commerces de fournitures en tout genre), r\u00e9curez soigneusement le flacon, le capuchon et le tube.<\/li>\r\n<li>Rincez soigneusement le d\u00e9tergent du flacon, du capuchon et du tube.<\/li>\r\n<\/ul>\r\n<p><strong>Q.<\/strong>\u00a0Quel type d&rsquo;eau recommandez-vous pour effectuer la douche nasale?<br \/><strong>A.<\/strong>\u00a0Nettoyez toujours vos voies nasales avec les solutions pr\u00e9par\u00e9es \u00e0 l&rsquo;aide du contenu des sachets SINUS RINSEMC de NeilMed uniquement. Nos sachets contiennent une pr\u00e9paration \u00e0 base de chlorure de sodium et de bicarbonate de sodium de qualit\u00e9 USP. Ces ingr\u00e9dients sont les plus purs que l&rsquo;on puisse trouver sur le march\u00e9 pour fabriquer le m\u00e9lange de poudre s\u00e8che. Si vous n&rsquo;utilisez que de l&rsquo;eau ordinaire, sans notre m\u00e9lange, pour vous rincer les voies nasales, vous ressentirez une sensation de br\u00fblure intense, car l&rsquo;eau ordinaire n&rsquo;est pas physiologique pour votre muqueuse nasale, m\u00eame si c&rsquo;est de l&rsquo;eau potable. De plus, pour votre s\u00e9curit\u00e9, n&rsquo;utilisez pas d&rsquo;eau du robinet pour dissoudre le m\u00e9lange, \u00e0 moins qu&rsquo;elle n&rsquo;ait \u00e9t\u00e9 pr\u00e9alablement bouillie pendant au moins cinq minutes afin de la st\u00e9riliser. Parmi les autres choix, notons l&rsquo;eau distill\u00e9e, microfiltr\u00e9e (par un filtre de 0,2 micron), fournie en bouteille destin\u00e9e \u00e0 la vente, ou, comme nous l&rsquo;avons d\u00e9j\u00e0 mentionn\u00e9, pr\u00e9alablement bouillie et refroidie jusqu&rsquo;\u00e0 ce qu&rsquo;elle soit ti\u00e8de ou ait \u00e9t\u00e9 ramen\u00e9e \u00e0 la temp\u00e9rature du corps. Vous pouvez conserver de l&rsquo;eau bouillie dans un r\u00e9cipient propre pendant sept jours ou plus si vous la gardez au r\u00e9frig\u00e9rateur. N&rsquo;utilisez pas de l&rsquo;eau non chlor\u00e9e ou non ultrafiltr\u00e9e (par un filtre de 0,2 micron) \u00e0 moins de l&rsquo;avoir pr\u00e9alablement bouillie et laiss\u00e9e refroidir jusqu&rsquo;\u00e0 ce qu&rsquo;elle soit ti\u00e8de ou ait \u00e9t\u00e9 ramen\u00e9e \u00e0 la temp\u00e9rature du corps. Ne vous rincez pas les voies nasales si elles sont compl\u00e8tement obstru\u00e9es ou si vous pr\u00e9sentez une infection ou obstruction des oreilles. Si vous avez r\u00e9cemment subi une intervention chirurgicale des oreilles ou des sinus, communiquez avec votre m\u00e9decin avant de proc\u00e9der \u00e0 la douche nasale. Si vous ressentez une pression au niveau des oreilles ou une sensation de br\u00fblure au niveau des voies nasales, cessez la douche et consultez votre m\u00e9decin pour obtenir des directives. Tenir hors de port\u00e9e des enfants. Veuillez lire et conserver cette brochure pour pouvoir consulter le mode d&#8217;emploi et d&rsquo;autres renseignements importants en cas de besoin.<\/p>\r\n<h3>Flacon pressable SINUS RINSE<sup>MC<\/sup> de NeilMed<sup>&reg;<\/sup><\/h3>\r\n<p>euillez inspecter r\u00e9guli\u00e8rement le flacon et le tube pour d\u00e9celer tout signe de d\u00e9coloration ou toute fissure. Si vous remarquez des signes de d\u00e9t\u00e9rioration ou d&rsquo;alt\u00e9ration permanente de la couleur, nettoyez le dispositif \u00e0 fond. Si la d\u00e9coloration d&rsquo;un article r\u00e9siste au nettoyage, mettez-le au rebut et achetez-en un nouveau.\u00a0<strong>Nous vous recommandons de remplacer le flacon tous les trois mois.<\/strong>\u00a0Nous vous conseillons vivement de respecter les directives ci-dessous chaque fois que vous utilisez le produit.<\/p>\r\n<ol>\r\n<li>Rincez le capuchon, le tube et le flacon sous l&rsquo;eau courante. Remplissez le flacon d&rsquo;eau distill\u00e9e, microfiltr\u00e9e (par un filtre de 0,2 micron), fournie en bouteille destin\u00e9e \u00e0 la vente, ou pr\u00e9alablement bouillie et refroidie jusqu&rsquo;\u00e0 ce qu&rsquo;elle soit ti\u00e8de ou ait \u00e9t\u00e9 ramen\u00e9e \u00e0 la temp\u00e9rature du corps.<\/li>\r\n<li>Versez quelques gouttes de d\u00e9tergent \u00e0 vaisselle ou de shampooing pour b\u00e9b\u00e9s dans le flacon.<\/li>\r\n<li>Fixez le capuchon et le tube au flacon; placez un doigt sur l&rsquo;orifice du capuchon et secouez vigoureusement le flacon.<\/li>\r\n<li>Pressez fortement le flacon pour que la solution savonneuse nettoie l&rsquo;int\u00e9rieur du tube et du capuchon. Videz compl\u00e8tement le flacon.<\/li>\r\n<li>Rincez abondamment le flacon, le capuchon et le tube pour les d\u00e9barrasser de toute trace de d\u00e9tergent, et placez les articles \u00e0 s\u00e9cher sur un morceau de papier essuie-tout propre ou utilisez plut\u00f4t le support NasaDOCk<sup>&reg;<\/sup>\u00a0ou NasaDOCk plus<sup>MC<\/sup>.<\/li>\r\n<\/ol>\r\n<p>Le support NasaDOCk<sup>&reg;<\/sup>\u00a0vous offre une fa\u00e7on simple et hygi\u00e9nique de mettre \u00e0 s\u00e9cher et d&rsquo;entreposer le flacon, le capuchon et le tube SINUS RINSE<sup>MC<\/sup>. Ce support est disponible en plusieurs options de suspension et en plusieurs couleurs. Notre tout dernier mod\u00e8le est \u00e9galement con\u00e7u pour permettre le rangement de nos sachets de pr\u00e9paration SINUS RINSEMC. Nous recommandons vivement l&rsquo;usage du support NasaDOCk<sup>&reg;<\/sup>\u00a0en tant que moyen simple et peu co\u00fbteux de mettre \u00e0 s\u00e9cher le capuchon, le tube et le flacon du syst\u00e8me SINUS RINSE<sup>MC<\/sup>.<\/p>\r\n<p><strong>Nettoyage au lave-vaisselle:<\/strong><\/p>\r\n<p>Ne vous servez pas d&rsquo;un lave-vaisselle pour nettoyer l&rsquo;int\u00e9rieur d&rsquo;un flacon. Bien que notre flacon SINUS RISEMC soit r\u00e9sistant au lave-vaisselle, il est possible que le nettoyage effectu\u00e9 avec cet appareil ne soit pas suffisant. Les jets d&rsquo;eau qui y sont produits sont incapables de p\u00e9n\u00e9trer par le col \u00e9troit du flacon, si bien que certaines surfaces \u00e0 l&rsquo;int\u00e9rieur de ce r\u00e9cipient risquent de ne pas \u00eatre impeccablement propres. Il est \u00e9galement possible de nettoyer le flacon en y versant du vinaigre blanc pur ou de l&rsquo;alcool isopropylique (\u00e0 70 %) avant de le r\u00e9curer et de le rincer de la mani\u00e8re d\u00e9crite ci-dessus.<\/p>\r\n<p><strong>D\u00e9sinfection au four \u00e0 micro-ondes:<\/strong><\/p>\r\n<p>Nettoyez le dispositif avec de l&rsquo;eau savonneuse comme indiqu\u00e9 ci-dessus, puis secouez-le pour en \u00e9vacuer\udbc0\udcd7l&rsquo;exc\u00e8s d&rsquo;eau. Placez ensuite le flacon, le capuchon et le tube dans le four \u00e0 micro-ondes pendant 60 secondes si celui-ci est d&rsquo;une puissance de 800 watts ou moins. Si la puissance est sup\u00e9rieure \u00e0 800 watts, veuillez r\u00e9duire la dur\u00e9e \u00e0 40 secondes. Cette m\u00e9thode vous permettra de d\u00e9sinfecter le dispositif conform\u00e9ment aux recommandations de NeilMed&reg;, de m\u00eame qu&rsquo;\u00e0 celles qui ont \u00e9t\u00e9 publi\u00e9es dans des revues consacr\u00e9es \u00e0 la recherche m\u00e9dicale. Si le four \u00e0 micro-ondes a \u00e9t\u00e9 utilis\u00e9 r\u00e9cemment, assurez-vous que l&rsquo;int\u00e9rieur a refroidi \u00e0 la temp\u00e9rature ambiante avant de l&rsquo;utiliser pour d\u00e9sinfecter le flacon. Les fours \u00e0 micro-ondes pr\u00e9alablement chauff\u00e9s produisent beaucoup plus d&rsquo;\u00e9nergie.<\/p>\r\n<h3>Utilisateurs de pots pour neti NasaFlo&reg; de NeilMed:<\/h3>\r\n<p>Effectuez la m\u00eame op\u00e9ration que celle d\u00e9crite ci-dessus.<\/p>\r\n<p><strong>Storage: Always store NeilMed products in a cool and dry place with adequate ventilation.<\/strong><\/p>\r\n<p>Don\u00b4t store the bottle with the cap screwed on, unless both are dry. Don\u00b4t store the wet parts in a sealed plastic bag. If you must travel before they are dry, wrap parts separately in paper towels. Hand soap or shampoo can be used for cleaning parts away from home. Don&rsquo;t place the bottle, cap and tube in boiling water because it will destroy the plastic material.<\/p>\r\n<h3>Instructions pour le nettoyage de Sinugator&reg;:<\/h3>\r\n<p>Pour nettoyer le Sinugator<sup>&reg;<\/sup>\u00a0, rincez-le avec de l&rsquo;eau courante ordinaire, essuyez-le avec une serviette propre non pelucheuse, puis laissez-le s\u00e9cher en le gardant ouvert pour que ses surfaces soient librement expos\u00e9es \u00e0 l&rsquo;air ambiant. Vous pouvez d\u00e9sinfecter l&#8217;embout de l&rsquo;irrigateur nasal, le r\u00e9servoir bleu et le tube blanc souple en les nettoyant avec de l&rsquo;eau savonneuse puis en les secouant pour en \u00e9vacuer l&rsquo;eau\udbc0\udcd7qui y subsisterait encore, avant de les placer dans un four \u00e0 micro-ondes ordinaire pendant 60 secondes.<\/p>\r\n<p>Tous les trois jours, nettoyez toutes les surfaces de l&rsquo;appareil avec de l&rsquo;eau additionn\u00e9e de quelques gouttes de d\u00e9tergent \u00e0 vaisselle pour le maintenir en \u00e9tat de propret\u00e9. Pour le dernier rin\u00e7age visant \u00e0\udbc0\udcd7 \u00e9liminer tout savon r\u00e9siduel ou toute eau courante, utilisez soit de l&rsquo;eau distill\u00e9e, soit de l&rsquo;eau microfiltr\u00e9e (par un filtre de 0,2 micron) ou de l&rsquo;eau fournie en bouteille destin\u00e9e \u00e0 la vente ou pr\u00e9alablement bouillie puis refroidie. Assurez-vous de le rincer \u00e0 grande eau chaque fois que vous proc\u00e9dez \u00e0 son nettoyage afin d&rsquo;\u00e9viter qu&rsquo;un r\u00e9sidu de d\u00e9tergent ne soit encore pr\u00e9sent.\u00a0<strong>NE METTEZ PAS<\/strong>\u00a0l&rsquo;\u00e9l\u00e9ment blanc contenant le moteur dans un four \u00e0 micro-ondes pour le d\u00e9sinfecter. Comme cet \u00e9l\u00e9ment contient des composants en acier inoxydable, il pourrait en r\u00e9sulter des d\u00e9g\u00e2ts ou un risque d&rsquo;incendie.<\/p>\r\n<h3>Principes g\u00e9n\u00e9raux d&rsquo;entretien et d&rsquo;entreposage:<\/h3>\r\n<p>Utilisez r\u00e9guli\u00e8rement un four \u00e0 micro-ondes pour d\u00e9sinfecter vos dispositifs. Rangez toujours les produits NeilMed dans un endroit frais, sec et bien a\u00e9r\u00e9. NasaDOCK&reg;<\/p>\r\n<p>Les supports NasaDOCK plusMC vous offrent une fa\u00e7on simple et hygi\u00e9nique de s\u00e9cher \u00e0 l&rsquo;air libre et d&rsquo;entreposer le flacon, le capuchon, le tube et le pot pour neti NasaFlo. Ne rangez pas le flacon avec le capuchon viss\u00e9 en place, \u00e0 moins que ces deux articles ne soient bien secs. Ne rangez pas les pi\u00e8ces dans un sac de plastique herm\u00e9tiquement ferm\u00e9 si elles sont encore humides. Si vous les emportez avant qu&rsquo;elles ne soient s\u00e8ches, emballez-les s\u00e9par\u00e9ment dans un essuie-tout en papier. Du savon pour les mains ou un shampoing peuvent \u00eatre utilis\u00e9s pour nettoyer les pi\u00e8ces de votre dispositif lorsque vous \u00eates en d\u00e9placement.<\/p>\r\n<p><\/p>\r\n<h3>Respirez ais\u00e9ment gr\u00e2ce \u00e0 un nez bien d\u00e9gag\u00e9 et \u00ab retrouvez cette sensation de nez d\u00e9gag\u00e9 \u00bb<\/h3>\r\n<p><a role=\"button\" href=\"https:\/\/shop.neilmed.com\/\" target=\"_self\" rel=\"noopener\"> COMMANDER MAINTENANT <\/a> <img decoding=\"async\" title=\"mail-icon-newsletter\" src=\"https:\/\/www.neilmed.com\/fra\/wp-content\/uploads\/sites\/11\/2022\/04\/mail-icon-newsletter.svg\" alt=\"mail-icon-newsletter\" \/> Inscrivez-vous \u00e0 notre newsletter<\/p>\r\n<p>Inscrivez-vous \u00e0 notre liste de distribution pour vous tenir au courant des derni\u00e8res nouvelles sur les offres sp\u00e9ciales, les promotions, la litt\u00e9rature m\u00e9dicale et les publications.<\/p>\r\n <button id=\"Subscribe\" name=\"commit\" type=\"submit\"> S&rsquo;inscrire Go <\/button>","protected":false},"excerpt":{"rendered":"<p>Faut-il remplacer ou non le pot pour neti et le flacon pressable utilis\u00e9s pour l&rsquo;irrigation nasale? Jusqu&rsquo;\u00e0 ce que des donn\u00e9es suppl\u00e9mentaires soient disponibles, nettoyer apr\u00e8s chaque utilisation et remplacer apr\u00e8s trois mois. Instructions pour le nettoyage et la d\u00e9sinfection du flacon Sinus RinseMC et du pot neti NasaFlo&reg; et leur utilisation dans le lave-vaisselle&hellip;<\/p>\n","protected":false},"author":1,"featured_media":1522,"parent":0,"menu_order":9,"comment_status":"closed","ping_status":"closed","template":"","meta":{"_acf_changed":false,"inline_featured_image":false,"footnotes":""},"categories":[4,7],"tags":[],"class_list":["post-4125","page","type-page","status-publish","has-post-thumbnail","hentry","category-produits","category-renseignements-sur-les-produits"],"yoast_head":"<!-- This site is optimized with the Yoast SEO Premium plugin v27.2 (Yoast SEO v27.3) - https:\/\/yoast.com\/product\/yoast-seo-premium-wordpress\/ -->\n<title>Protocole De D\u00e9sinfection Du Pot Pour Neti NasaFlo&#174; Et Du Flacon Sinus RinseMC De NeilMed - NeilMed Pharmaceuticals - French Canadian<\/title>\n<meta name=\"description\" content=\"Replace or Do Not Replace NetiPot and Squeeze Bottle used for nasal irrigation ?\" \/>\n<meta name=\"robots\" content=\"index, follow, max-snippet:-1, max-image-preview:large, max-video-preview:-1\" \/>\n<link rel=\"canonical\" href=\"https:\/\/www.neilmed.com\/fra\/protocole-de-desinfection\/\" \/>\n<meta property=\"og:locale\" content=\"fr_CA\" \/>\n<meta property=\"og:type\" content=\"article\" \/>\n<meta property=\"og:title\" content=\"Protocole De D\u00e9sinfection Du Pot Pour Neti NasaFlo&#174; Et Du Flacon Sinus RinseMC De NeilMed\" \/>\n<meta property=\"og:description\" content=\"Replace or Do Not Replace NetiPot and Squeeze Bottle used for nasal irrigation ?\" \/>\n<meta property=\"og:url\" content=\"https:\/\/www.neilmed.com\/fra\/protocole-de-desinfection\/\" \/>\n<meta property=\"og:site_name\" content=\"NeilMed Pharmaceuticals - French Canadian\" \/>\n<meta property=\"article:modified_time\" content=\"2022-09-07T16:29:16+00:00\" \/>\n<meta property=\"og:image\" content=\"https:\/\/www.neilmed.com\/fra\/wp-content\/uploads\/sites\/11\/2022\/03\/nasaflo-scaled.jpeg\" \/>\n\t<meta property=\"og:image:width\" content=\"2560\" \/>\n\t<meta property=\"og:image:height\" content=\"2560\" \/>\n\t<meta property=\"og:image:type\" content=\"image\/jpeg\" \/>\n<meta name=\"twitter:card\" content=\"summary_large_image\" \/>\n<meta name=\"twitter:label1\" content=\"Estimation du temps de lecture\" \/>\n\t<meta name=\"twitter:data1\" content=\"9 minutes\" \/>\n<script type=\"application\/ld+json\" class=\"yoast-schema-graph\">{\"@context\":\"https:\\\/\\\/schema.org\",\"@graph\":[{\"@type\":\"WebPage\",\"@id\":\"https:\\\/\\\/www.neilmed.com\\\/fra\\\/protocole-de-desinfection\\\/\",\"url\":\"https:\\\/\\\/www.neilmed.com\\\/fra\\\/protocole-de-desinfection\\\/\",\"name\":\"Protocole De D\u00e9sinfection Du Pot Pour Neti NasaFlo&#174; Et Du Flacon Sinus RinseMC De NeilMed - NeilMed Pharmaceuticals - French Canadian\",\"isPartOf\":{\"@id\":\"https:\\\/\\\/www.neilmed.com\\\/fra\\\/#website\"},\"primaryImageOfPage\":{\"@id\":\"https:\\\/\\\/www.neilmed.com\\\/fra\\\/protocole-de-desinfection\\\/#primaryimage\"},\"image\":{\"@id\":\"https:\\\/\\\/www.neilmed.com\\\/fra\\\/protocole-de-desinfection\\\/#primaryimage\"},\"thumbnailUrl\":\"https:\\\/\\\/www.neilmed.com\\\/fra\\\/wp-content\\\/uploads\\\/sites\\\/11\\\/2022\\\/03\\\/nasaflo-scaled.jpeg\",\"datePublished\":\"2022-02-17T15:05:57+00:00\",\"dateModified\":\"2022-09-07T16:29:16+00:00\",\"description\":\"Replace or Do Not Replace NetiPot and Squeeze Bottle used for nasal irrigation ?\",\"breadcrumb\":{\"@id\":\"https:\\\/\\\/www.neilmed.com\\\/fra\\\/protocole-de-desinfection\\\/#breadcrumb\"},\"inLanguage\":\"fr-CA\",\"potentialAction\":[{\"@type\":\"ReadAction\",\"target\":[\"https:\\\/\\\/www.neilmed.com\\\/fra\\\/protocole-de-desinfection\\\/\"]}]},{\"@type\":\"ImageObject\",\"inLanguage\":\"fr-CA\",\"@id\":\"https:\\\/\\\/www.neilmed.com\\\/fra\\\/protocole-de-desinfection\\\/#primaryimage\",\"url\":\"https:\\\/\\\/www.neilmed.com\\\/fra\\\/wp-content\\\/uploads\\\/sites\\\/11\\\/2022\\\/03\\\/nasaflo-scaled.jpeg\",\"contentUrl\":\"https:\\\/\\\/www.neilmed.com\\\/fra\\\/wp-content\\\/uploads\\\/sites\\\/11\\\/2022\\\/03\\\/nasaflo-scaled.jpeg\",\"width\":2560,\"height\":2560,\"caption\":\"Man at the sink with blue Neti Pot for nasal irrigation on the kitchen counter\"},{\"@type\":\"BreadcrumbList\",\"@id\":\"https:\\\/\\\/www.neilmed.com\\\/fra\\\/protocole-de-desinfection\\\/#breadcrumb\",\"itemListElement\":[{\"@type\":\"ListItem\",\"position\":1,\"name\":\"Home\",\"item\":\"https:\\\/\\\/www.neilmed.com\\\/fra\\\/\"},{\"@type\":\"ListItem\",\"position\":2,\"name\":\"Protocole De D\u00e9sinfection Du Pot Pour Neti NasaFlo&#174; Et Du Flacon Sinus RinseMC De NeilMed\"}]},{\"@type\":\"WebSite\",\"@id\":\"https:\\\/\\\/www.neilmed.com\\\/fra\\\/#website\",\"url\":\"https:\\\/\\\/www.neilmed.com\\\/fra\\\/\",\"name\":\"NeilMed Pharmaceuticals - French Canadian\",\"description\":\"NeilMed Pharmaceuticals: world leader in nasal saline irrigation system | Sinus Rinse | Neti Pot | Nasal Irrigation\",\"potentialAction\":[{\"@type\":\"SearchAction\",\"target\":{\"@type\":\"EntryPoint\",\"urlTemplate\":\"https:\\\/\\\/www.neilmed.com\\\/fra\\\/?s={search_term_string}\"},\"query-input\":{\"@type\":\"PropertyValueSpecification\",\"valueRequired\":true,\"valueName\":\"search_term_string\"}}],\"inLanguage\":\"fr-CA\"}]}<\/script>\n<!-- \/ Yoast SEO Premium plugin. -->","yoast_head_json":{"title":"Protocole De D\u00e9sinfection Du Pot Pour Neti NasaFlo&#174; Et Du Flacon Sinus RinseMC De NeilMed - NeilMed Pharmaceuticals - French Canadian","description":"Replace or Do Not Replace NetiPot and Squeeze Bottle used for nasal irrigation ?","robots":{"index":"index","follow":"follow","max-snippet":"max-snippet:-1","max-image-preview":"max-image-preview:large","max-video-preview":"max-video-preview:-1"},"canonical":"https:\/\/www.neilmed.com\/fra\/protocole-de-desinfection\/","og_locale":"fr_CA","og_type":"article","og_title":"Protocole De D\u00e9sinfection Du Pot Pour Neti NasaFlo&#174; Et Du Flacon Sinus RinseMC De NeilMed","og_description":"Replace or Do Not Replace NetiPot and Squeeze Bottle used for nasal irrigation ?","og_url":"https:\/\/www.neilmed.com\/fra\/protocole-de-desinfection\/","og_site_name":"NeilMed Pharmaceuticals - French Canadian","article_modified_time":"2022-09-07T16:29:16+00:00","og_image":[{"width":2560,"height":2560,"url":"https:\/\/www.neilmed.com\/fra\/wp-content\/uploads\/sites\/11\/2022\/03\/nasaflo-scaled.jpeg","type":"image\/jpeg"}],"twitter_card":"summary_large_image","twitter_misc":{"Estimation du temps de lecture":"9 minutes"},"schema":{"@context":"https:\/\/schema.org","@graph":[{"@type":"WebPage","@id":"https:\/\/www.neilmed.com\/fra\/protocole-de-desinfection\/","url":"https:\/\/www.neilmed.com\/fra\/protocole-de-desinfection\/","name":"Protocole De D\u00e9sinfection Du Pot Pour Neti NasaFlo&#174; Et Du Flacon Sinus RinseMC De NeilMed - NeilMed Pharmaceuticals - French Canadian","isPartOf":{"@id":"https:\/\/www.neilmed.com\/fra\/#website"},"primaryImageOfPage":{"@id":"https:\/\/www.neilmed.com\/fra\/protocole-de-desinfection\/#primaryimage"},"image":{"@id":"https:\/\/www.neilmed.com\/fra\/protocole-de-desinfection\/#primaryimage"},"thumbnailUrl":"https:\/\/www.neilmed.com\/fra\/wp-content\/uploads\/sites\/11\/2022\/03\/nasaflo-scaled.jpeg","datePublished":"2022-02-17T15:05:57+00:00","dateModified":"2022-09-07T16:29:16+00:00","description":"Replace or Do Not Replace NetiPot and Squeeze Bottle used for nasal irrigation ?","breadcrumb":{"@id":"https:\/\/www.neilmed.com\/fra\/protocole-de-desinfection\/#breadcrumb"},"inLanguage":"fr-CA","potentialAction":[{"@type":"ReadAction","target":["https:\/\/www.neilmed.com\/fra\/protocole-de-desinfection\/"]}]},{"@type":"ImageObject","inLanguage":"fr-CA","@id":"https:\/\/www.neilmed.com\/fra\/protocole-de-desinfection\/#primaryimage","url":"https:\/\/www.neilmed.com\/fra\/wp-content\/uploads\/sites\/11\/2022\/03\/nasaflo-scaled.jpeg","contentUrl":"https:\/\/www.neilmed.com\/fra\/wp-content\/uploads\/sites\/11\/2022\/03\/nasaflo-scaled.jpeg","width":2560,"height":2560,"caption":"Man at the sink with blue Neti Pot for nasal irrigation on the kitchen counter"},{"@type":"BreadcrumbList","@id":"https:\/\/www.neilmed.com\/fra\/protocole-de-desinfection\/#breadcrumb","itemListElement":[{"@type":"ListItem","position":1,"name":"Home","item":"https:\/\/www.neilmed.com\/fra\/"},{"@type":"ListItem","position":2,"name":"Protocole De D\u00e9sinfection Du Pot Pour Neti NasaFlo&#174; Et Du Flacon Sinus RinseMC De NeilMed"}]},{"@type":"WebSite","@id":"https:\/\/www.neilmed.com\/fra\/#website","url":"https:\/\/www.neilmed.com\/fra\/","name":"NeilMed Pharmaceuticals - French Canadian","description":"NeilMed Pharmaceuticals: world leader in nasal saline irrigation system | Sinus Rinse | Neti Pot | Nasal Irrigation","potentialAction":[{"@type":"SearchAction","target":{"@type":"EntryPoint","urlTemplate":"https:\/\/www.neilmed.com\/fra\/?s={search_term_string}"},"query-input":{"@type":"PropertyValueSpecification","valueRequired":true,"valueName":"search_term_string"}}],"inLanguage":"fr-CA"}]}},"acf":[],"_links":{"self":[{"href":"https:\/\/www.neilmed.com\/fra\/wp-json\/wp\/v2\/pages\/4125","targetHints":{"allow":["GET"]}}],"collection":[{"href":"https:\/\/www.neilmed.com\/fra\/wp-json\/wp\/v2\/pages"}],"about":[{"href":"https:\/\/www.neilmed.com\/fra\/wp-json\/wp\/v2\/types\/page"}],"author":[{"embeddable":true,"href":"https:\/\/www.neilmed.com\/fra\/wp-json\/wp\/v2\/users\/1"}],"replies":[{"embeddable":true,"href":"https:\/\/www.neilmed.com\/fra\/wp-json\/wp\/v2\/comments?post=4125"}],"version-history":[{"count":1,"href":"https:\/\/www.neilmed.com\/fra\/wp-json\/wp\/v2\/pages\/4125\/revisions"}],"predecessor-version":[{"id":4266,"href":"https:\/\/www.neilmed.com\/fra\/wp-json\/wp\/v2\/pages\/4125\/revisions\/4266"}],"wp:featuredmedia":[{"embeddable":true,"href":"https:\/\/www.neilmed.com\/fra\/wp-json\/wp\/v2\/media\/1522"}],"wp:attachment":[{"href":"https:\/\/www.neilmed.com\/fra\/wp-json\/wp\/v2\/media?parent=4125"}],"wp:term":[{"taxonomy":"category","embeddable":true,"href":"https:\/\/www.neilmed.com\/fra\/wp-json\/wp\/v2\/categories?post=4125"},{"taxonomy":"post_tag","embeddable":true,"href":"https:\/\/www.neilmed.com\/fra\/wp-json\/wp\/v2\/tags?post=4125"}],"curies":[{"name":"wp","href":"https:\/\/api.w.org\/{rel}","templated":true}]}}