{"id":4258,"date":"2022-08-17T20:48:53","date_gmt":"2022-08-18T00:48:53","guid":{"rendered":"https:\/\/www.neilmed.com\/can\/?page_id=4124"},"modified":"2024-02-22T18:39:38","modified_gmt":"2024-02-22T23:39:38","slug":"demande-dechantillons-destines-aux-professionnels-de-la-sante","status":"publish","type":"page","link":"https:\/\/www.neilmed.com\/fra\/demande-dechantillons-destines-aux-professionnels-de-la-sante\/","title":{"rendered":"Demande d&rsquo;\u00e9chantillons destin\u00e9s aux professionnels de la sant\u00e9"},"content":{"rendered":"\n\n\t<span><span><a href=\"https:\/\/www.neilmed.com\/fra\/\">Home<\/a><\/span><\/span>\n\t\t\t\t<img loading=\"lazy\" decoding=\"async\" src=\"https:\/\/www.neilmed.com\/fra\/wp-content\/uploads\/sites\/11\/2024\/02\/Neilmed-Products-CA-FRN.jpg\" alt=\"Neilmed-Products-CA-FRN\" itemprop=\"image\" height=\"250\" width=\"1400\" title=\"Neilmed-Products-CA-FRN\" onerror=\"this.style.display='none'\"  \/>\n\t\t\t\t<img loading=\"lazy\" decoding=\"async\" src=\"https:\/\/www.neilmed.com\/can\/wp-content\/uploads\/sites\/4\/2022\/03\/neilmed-tagline.svg\" alt=\"NeilMed&amp;reg; - World Leader in Large Volume &amp; Low Pressure&amp;trade; Saline Nasal Irrigation\" itemprop=\"image\" height=\"0\" width=\"0\" title=\"neilmed-tagline\" onerror=\"this.style.display='none'\"  \/>\n\t\t<h3>Respirez ais\u00e9ment gr\u00e2ce \u00e0 un nez bien d\u00e9gag\u00e9 et \u00ab retrouvez cette sensation de nez d\u00e9gag\u00e9 \u00bb<\/h3>\n\t\t\t<a href=\"https:\/\/www.neilmed.com\/fra\/order-now\/\" target=\"_self\" rel=\"noopener\">\n\t\t\t\t\t\t\tCOMMANDER MAINTENANT\n\t\t\t<\/a>\n\t\t\t\t<img loading=\"lazy\" decoding=\"async\" src=\"https:\/\/www.neilmed.com\/fra\/wp-content\/uploads\/sites\/11\/2022\/04\/mail-icon-newsletter.svg\" alt=\"mail-icon-newsletter\" itemprop=\"image\" height=\"0\" width=\"0\" title=\"mail-icon-newsletter\" onerror=\"this.style.display='none'\"  \/>\n\tInscrivez-vous \u00e0 notre newsletter\n\t<p>Inscrivez-vous \u00e0 notre liste de distribution pour vous tenir au courant des derni\u00e8res nouvelles sur les offres sp\u00e9ciales, les promotions, la litt\u00e9rature m\u00e9dicale et les publications.<\/p>\n\t<form method=\"post\" action=\"\/fra\/newsletter-sign-up\/\" id=\"ContactFooter\">\n          <input type=\"email\" autocomplete=\"email\" placeholder=\"Your email\"\/>\n      <button type=\"submit\" name=\"commit\" id=\"Subscribe\">\n        S&rsquo;inscrire\n        Go\n      <\/button><\/form>\n\n","protected":false},"excerpt":{"rendered":"<p>Fill out the form below to request some complimentary samples.<\/p>\n","protected":false},"author":1,"featured_media":2404,"parent":0,"menu_order":1,"comment_status":"closed","ping_status":"closed","template":"","meta":{"_acf_changed":false,"inline_featured_image":false,"footnotes":""},"categories":[23,24],"tags":[],"class_list":["post-4258","page","type-page","status-publish","has-post-thumbnail","hentry","category-medical-professionals-pharmacists","category-physicians"],"yoast_head":"<!-- This site is optimized with the Yoast SEO Premium plugin v27.2 (Yoast SEO v27.3) - https:\/\/yoast.com\/product\/yoast-seo-premium-wordpress\/ -->\n<title>Demande d&#039;\u00e9chantillons destin\u00e9s aux professionnels de la sant\u00e9 - NeilMed Pharmaceuticals - French Canadian<\/title>\n<meta name=\"description\" content=\"Fill out our physician sample request form to receive complimentary samples of our fantastic NeilMed\u00ae products!\" \/>\n<meta name=\"robots\" content=\"index, follow, max-snippet:-1, max-image-preview:large, max-video-preview:-1\" \/>\n<link rel=\"canonical\" href=\"https:\/\/www.neilmed.com\/fra\/demande-dechantillons-destines-aux-professionnels-de-la-sante\/\" \/>\n<meta property=\"og:locale\" content=\"fr_CA\" \/>\n<meta property=\"og:type\" content=\"article\" \/>\n<meta property=\"og:title\" content=\"Demande d&#039;\u00e9chantillons destin\u00e9s aux professionnels de la sant\u00e9\" \/>\n<meta property=\"og:description\" content=\"Fill out our physician sample request form to receive complimentary samples of our fantastic NeilMed\u00ae products!\" \/>\n<meta property=\"og:url\" content=\"https:\/\/www.neilmed.com\/fra\/demande-dechantillons-destines-aux-professionnels-de-la-sante\/\" \/>\n<meta property=\"og:site_name\" content=\"NeilMed Pharmaceuticals - French Canadian\" \/>\n<meta property=\"article:modified_time\" content=\"2024-02-22T23:39:38+00:00\" \/>\n<meta property=\"og:image\" content=\"https:\/\/i0.wp.com\/www.neilmed.com\/fra\/wp-content\/uploads\/sites\/11\/2022\/03\/Neilmed-Products.jpg?fit=1200%2C249&ssl=1\" \/>\n\t<meta property=\"og:image:width\" content=\"1200\" \/>\n\t<meta property=\"og:image:height\" content=\"249\" \/>\n\t<meta property=\"og:image:type\" content=\"image\/jpeg\" \/>\n<meta name=\"twitter:card\" content=\"summary_large_image\" \/>\n<meta name=\"twitter:label1\" content=\"Estimation du temps de lecture\" \/>\n\t<meta name=\"twitter:data1\" content=\"1 minute\" \/>\n<script type=\"application\/ld+json\" class=\"yoast-schema-graph\">{\"@context\":\"https:\\\/\\\/schema.org\",\"@graph\":[{\"@type\":\"WebPage\",\"@id\":\"https:\\\/\\\/www.neilmed.com\\\/fra\\\/demande-dechantillons-destines-aux-professionnels-de-la-sante\\\/\",\"url\":\"https:\\\/\\\/www.neilmed.com\\\/fra\\\/demande-dechantillons-destines-aux-professionnels-de-la-sante\\\/\",\"name\":\"Demande d'\u00e9chantillons destin\u00e9s aux professionnels de la sant\u00e9 - NeilMed Pharmaceuticals - French Canadian\",\"isPartOf\":{\"@id\":\"https:\\\/\\\/www.neilmed.com\\\/fra\\\/#website\"},\"primaryImageOfPage\":{\"@id\":\"https:\\\/\\\/www.neilmed.com\\\/fra\\\/demande-dechantillons-destines-aux-professionnels-de-la-sante\\\/#primaryimage\"},\"image\":{\"@id\":\"https:\\\/\\\/www.neilmed.com\\\/fra\\\/demande-dechantillons-destines-aux-professionnels-de-la-sante\\\/#primaryimage\"},\"thumbnailUrl\":\"https:\\\/\\\/www.neilmed.com\\\/fra\\\/wp-content\\\/uploads\\\/sites\\\/11\\\/2022\\\/03\\\/Neilmed-Products.jpg\",\"datePublished\":\"2022-08-18T00:48:53+00:00\",\"dateModified\":\"2024-02-22T23:39:38+00:00\",\"description\":\"Fill out our physician sample request form to receive complimentary samples of our fantastic NeilMed\u00ae products!\",\"breadcrumb\":{\"@id\":\"https:\\\/\\\/www.neilmed.com\\\/fra\\\/demande-dechantillons-destines-aux-professionnels-de-la-sante\\\/#breadcrumb\"},\"inLanguage\":\"fr-CA\",\"potentialAction\":[{\"@type\":\"ReadAction\",\"target\":[\"https:\\\/\\\/www.neilmed.com\\\/fra\\\/demande-dechantillons-destines-aux-professionnels-de-la-sante\\\/\"]}]},{\"@type\":\"ImageObject\",\"inLanguage\":\"fr-CA\",\"@id\":\"https:\\\/\\\/www.neilmed.com\\\/fra\\\/demande-dechantillons-destines-aux-professionnels-de-la-sante\\\/#primaryimage\",\"url\":\"https:\\\/\\\/www.neilmed.com\\\/fra\\\/wp-content\\\/uploads\\\/sites\\\/11\\\/2022\\\/03\\\/Neilmed-Products.jpg\",\"contentUrl\":\"https:\\\/\\\/www.neilmed.com\\\/fra\\\/wp-content\\\/uploads\\\/sites\\\/11\\\/2022\\\/03\\\/Neilmed-Products.jpg\",\"width\":1200,\"height\":249,\"caption\":\"NeilMed Products - Sample Request Form\"},{\"@type\":\"BreadcrumbList\",\"@id\":\"https:\\\/\\\/www.neilmed.com\\\/fra\\\/demande-dechantillons-destines-aux-professionnels-de-la-sante\\\/#breadcrumb\",\"itemListElement\":[{\"@type\":\"ListItem\",\"position\":1,\"name\":\"Home\",\"item\":\"https:\\\/\\\/www.neilmed.com\\\/fra\\\/\"},{\"@type\":\"ListItem\",\"position\":2,\"name\":\"Demande d&rsquo;\u00e9chantillons destin\u00e9s aux professionnels de la sant\u00e9\"}]},{\"@type\":\"WebSite\",\"@id\":\"https:\\\/\\\/www.neilmed.com\\\/fra\\\/#website\",\"url\":\"https:\\\/\\\/www.neilmed.com\\\/fra\\\/\",\"name\":\"NeilMed Pharmaceuticals - French Canadian\",\"description\":\"NeilMed Pharmaceuticals: world leader in nasal saline irrigation system | Sinus Rinse | Neti Pot | Nasal Irrigation\",\"potentialAction\":[{\"@type\":\"SearchAction\",\"target\":{\"@type\":\"EntryPoint\",\"urlTemplate\":\"https:\\\/\\\/www.neilmed.com\\\/fra\\\/?s={search_term_string}\"},\"query-input\":{\"@type\":\"PropertyValueSpecification\",\"valueRequired\":true,\"valueName\":\"search_term_string\"}}],\"inLanguage\":\"fr-CA\"}]}<\/script>\n<!-- \/ Yoast SEO Premium plugin. -->","yoast_head_json":{"title":"Demande d'\u00e9chantillons destin\u00e9s aux professionnels de la sant\u00e9 - NeilMed Pharmaceuticals - French Canadian","description":"Fill out our physician sample request form to receive complimentary samples of our fantastic NeilMed\u00ae products!","robots":{"index":"index","follow":"follow","max-snippet":"max-snippet:-1","max-image-preview":"max-image-preview:large","max-video-preview":"max-video-preview:-1"},"canonical":"https:\/\/www.neilmed.com\/fra\/demande-dechantillons-destines-aux-professionnels-de-la-sante\/","og_locale":"fr_CA","og_type":"article","og_title":"Demande d'\u00e9chantillons destin\u00e9s aux professionnels de la sant\u00e9","og_description":"Fill out our physician sample request form to receive complimentary samples of our fantastic NeilMed\u00ae products!","og_url":"https:\/\/www.neilmed.com\/fra\/demande-dechantillons-destines-aux-professionnels-de-la-sante\/","og_site_name":"NeilMed Pharmaceuticals - French Canadian","article_modified_time":"2024-02-22T23:39:38+00:00","og_image":[{"width":1200,"height":249,"url":"https:\/\/i0.wp.com\/www.neilmed.com\/fra\/wp-content\/uploads\/sites\/11\/2022\/03\/Neilmed-Products.jpg?fit=1200%2C249&ssl=1","type":"image\/jpeg"}],"twitter_card":"summary_large_image","twitter_misc":{"Estimation du temps de lecture":"1 minute"},"schema":{"@context":"https:\/\/schema.org","@graph":[{"@type":"WebPage","@id":"https:\/\/www.neilmed.com\/fra\/demande-dechantillons-destines-aux-professionnels-de-la-sante\/","url":"https:\/\/www.neilmed.com\/fra\/demande-dechantillons-destines-aux-professionnels-de-la-sante\/","name":"Demande d'\u00e9chantillons destin\u00e9s aux professionnels de la sant\u00e9 - NeilMed Pharmaceuticals - French Canadian","isPartOf":{"@id":"https:\/\/www.neilmed.com\/fra\/#website"},"primaryImageOfPage":{"@id":"https:\/\/www.neilmed.com\/fra\/demande-dechantillons-destines-aux-professionnels-de-la-sante\/#primaryimage"},"image":{"@id":"https:\/\/www.neilmed.com\/fra\/demande-dechantillons-destines-aux-professionnels-de-la-sante\/#primaryimage"},"thumbnailUrl":"https:\/\/www.neilmed.com\/fra\/wp-content\/uploads\/sites\/11\/2022\/03\/Neilmed-Products.jpg","datePublished":"2022-08-18T00:48:53+00:00","dateModified":"2024-02-22T23:39:38+00:00","description":"Fill out our physician sample request form to receive complimentary samples of our fantastic NeilMed\u00ae products!","breadcrumb":{"@id":"https:\/\/www.neilmed.com\/fra\/demande-dechantillons-destines-aux-professionnels-de-la-sante\/#breadcrumb"},"inLanguage":"fr-CA","potentialAction":[{"@type":"ReadAction","target":["https:\/\/www.neilmed.com\/fra\/demande-dechantillons-destines-aux-professionnels-de-la-sante\/"]}]},{"@type":"ImageObject","inLanguage":"fr-CA","@id":"https:\/\/www.neilmed.com\/fra\/demande-dechantillons-destines-aux-professionnels-de-la-sante\/#primaryimage","url":"https:\/\/www.neilmed.com\/fra\/wp-content\/uploads\/sites\/11\/2022\/03\/Neilmed-Products.jpg","contentUrl":"https:\/\/www.neilmed.com\/fra\/wp-content\/uploads\/sites\/11\/2022\/03\/Neilmed-Products.jpg","width":1200,"height":249,"caption":"NeilMed Products - Sample Request Form"},{"@type":"BreadcrumbList","@id":"https:\/\/www.neilmed.com\/fra\/demande-dechantillons-destines-aux-professionnels-de-la-sante\/#breadcrumb","itemListElement":[{"@type":"ListItem","position":1,"name":"Home","item":"https:\/\/www.neilmed.com\/fra\/"},{"@type":"ListItem","position":2,"name":"Demande d&rsquo;\u00e9chantillons destin\u00e9s aux professionnels de la sant\u00e9"}]},{"@type":"WebSite","@id":"https:\/\/www.neilmed.com\/fra\/#website","url":"https:\/\/www.neilmed.com\/fra\/","name":"NeilMed Pharmaceuticals - French Canadian","description":"NeilMed Pharmaceuticals: world leader in nasal saline irrigation system | Sinus Rinse | Neti Pot | Nasal Irrigation","potentialAction":[{"@type":"SearchAction","target":{"@type":"EntryPoint","urlTemplate":"https:\/\/www.neilmed.com\/fra\/?s={search_term_string}"},"query-input":{"@type":"PropertyValueSpecification","valueRequired":true,"valueName":"search_term_string"}}],"inLanguage":"fr-CA"}]}},"acf":[],"_links":{"self":[{"href":"https:\/\/www.neilmed.com\/fra\/wp-json\/wp\/v2\/pages\/4258","targetHints":{"allow":["GET"]}}],"collection":[{"href":"https:\/\/www.neilmed.com\/fra\/wp-json\/wp\/v2\/pages"}],"about":[{"href":"https:\/\/www.neilmed.com\/fra\/wp-json\/wp\/v2\/types\/page"}],"author":[{"embeddable":true,"href":"https:\/\/www.neilmed.com\/fra\/wp-json\/wp\/v2\/users\/1"}],"replies":[{"embeddable":true,"href":"https:\/\/www.neilmed.com\/fra\/wp-json\/wp\/v2\/comments?post=4258"}],"version-history":[{"count":3,"href":"https:\/\/www.neilmed.com\/fra\/wp-json\/wp\/v2\/pages\/4258\/revisions"}],"predecessor-version":[{"id":4510,"href":"https:\/\/www.neilmed.com\/fra\/wp-json\/wp\/v2\/pages\/4258\/revisions\/4510"}],"wp:featuredmedia":[{"embeddable":true,"href":"https:\/\/www.neilmed.com\/fra\/wp-json\/wp\/v2\/media\/2404"}],"wp:attachment":[{"href":"https:\/\/www.neilmed.com\/fra\/wp-json\/wp\/v2\/media?parent=4258"}],"wp:term":[{"taxonomy":"category","embeddable":true,"href":"https:\/\/www.neilmed.com\/fra\/wp-json\/wp\/v2\/categories?post=4258"},{"taxonomy":"post_tag","embeddable":true,"href":"https:\/\/www.neilmed.com\/fra\/wp-json\/wp\/v2\/tags?post=4258"}],"curies":[{"name":"wp","href":"https:\/\/api.w.org\/{rel}","templated":true}]}}