{"id":61,"date":"2022-02-17T10:41:13","date_gmt":"2022-02-17T18:41:13","guid":{"rendered":"https:\/\/dev.neilmed.com\/fra\/?page_id=61"},"modified":"2022-09-07T12:57:54","modified_gmt":"2022-09-07T16:57:54","slug":"ressources-sinus-et-allergies","status":"publish","type":"page","link":"https:\/\/www.neilmed.com\/fra\/ressources-sinus-et-allergies\/","title":{"rendered":"Ressources Sinus Et Allergies"},"content":{"rendered":"\n\n\t<span><span><a href=\"https:\/\/www.neilmed.com\/fra\/\">Home<\/a><\/span><\/span>\n\t\t\t\t<a href=\"#\" target=\"_self\" itemprop=\"url\" rel=\"noopener\">\n\t\t\t\t<img loading=\"lazy\" decoding=\"async\" src=\"https:\/\/www.neilmed.com\/fra\/wp-content\/uploads\/sites\/11\/2022\/03\/Human-Sinus-Anatomy-300x300.jpeg\" alt=\"Human Sinus Anatomy - Sinus &amp; Allergies\" itemprop=\"image\" height=\"300\" width=\"300\" title=\"Human Sinuses Anatomy\" onerror=\"this.style.display='none'\"  \/>\n\t\t\t\t<\/a>\n<h3><a href=\"#\" target=\"_self\" rel=\"noopener\">Sinus Anatomy<\/a><\/h3>\t\t\n\t\t\t<a href=\"#\" target=\"_self\" rel=\"noopener\"><\/a>\t\t\n\t\t\t\t<a href=\"https:\/\/www.neilmed.com\/fra\/articles-et-litterature-medicaux\/\" target=\"_self\" itemprop=\"url\" rel=\"noopener\">\n\t\t\t\t<img loading=\"lazy\" decoding=\"async\" src=\"https:\/\/www.neilmed.com\/fra\/wp-content\/uploads\/sites\/11\/2022\/03\/medical-literatures-300x300.jpeg\" alt=\"Medical Literatures\" itemprop=\"image\" height=\"300\" width=\"300\" title=\"Overhead closeup shot of open books of literature\" onerror=\"this.style.display='none'\"  \/>\n\t\t\t\t<\/a>\n<h3><a href=\"https:\/\/www.neilmed.com\/fra\/articles-et-litterature-medicaux\/\" target=\"_self\" rel=\"noopener\">Articles Et Litt\u00e9rature M\u00e9dicaux<\/a><\/h3>\t\t\n\t\t\t<a href=\"https:\/\/www.neilmed.com\/fra\/articles-et-litterature-medicaux\/\" target=\"_self\" rel=\"noopener\"><\/a>\t\t\n\t\t\t\t<a href=\"https:\/\/www.neilmed.com\/fra\/irrigation-a-grand-volume-vs-micropulverisation\/\" target=\"_self\" itemprop=\"url\" rel=\"noopener\">\n\t\t\t\t<img loading=\"lazy\" decoding=\"async\" src=\"https:\/\/www.neilmed.com\/fra\/wp-content\/uploads\/sites\/11\/2022\/03\/nasal-spray-bottle-300x300.jpeg\" alt=\"Volume Rinse Versus Nasal Spray\" itemprop=\"image\" height=\"300\" width=\"300\" title=\"nasal spray bottle in front of other bottles row, shallow depth\" onerror=\"this.style.display='none'\"  \/>\n\t\t\t\t<\/a>\n<h3><a href=\"https:\/\/www.neilmed.com\/fra\/irrigation-a-grand-volume-vs-micropulverisation\/\" target=\"_self\" rel=\"noopener\">Irrigation \u00c0 Grand Volume Vs Micropulv\u00e9risation<\/a><\/h3>\t\t\n\t\t\t<a href=\"https:\/\/www.neilmed.com\/fra\/irrigation-a-grand-volume-vs-micropulverisation\/\" target=\"_self\" rel=\"noopener\"><\/a>\t\t\n\t\t\t\t<a href=\"https:\/\/www.neilmed.com\/articles\/ppnasalirrigation.pdf\" target=\"_self\" itemprop=\"url\" rel=\"noopener\">\n\t\t\t\t<img loading=\"lazy\" decoding=\"async\" src=\"https:\/\/www.neilmed.com\/fra\/wp-content\/uploads\/sites\/11\/2022\/03\/nasaflo-300x300.jpeg\" alt=\"Principles Of Nasal Irrigation\" itemprop=\"image\" height=\"300\" width=\"300\" title=\"Man at the sink with blue Neti Pot for nasal irrigation\" onerror=\"this.style.display='none'\"  \/>\n\t\t\t\t<\/a>\n<h3><a href=\"https:\/\/www.neilmed.com\/articles\/ppnasalirrigation.pdf\" target=\"_self\" rel=\"noopener\">Principles Of Nasal Irrigation<\/a><\/h3>\t\t\n\t\t\t<a href=\"https:\/\/www.neilmed.com\/articles\/ppnasalirrigation.pdf\" target=\"_self\" rel=\"noopener\"><\/a>\t\t\n\t\t\t\t<a href=\"https:\/\/www.neilmed.com\/fra\/sinus-allergy-quiz\/\" target=\"_self\" itemprop=\"url\" rel=\"noopener\">\n\t\t\t\t<img loading=\"lazy\" decoding=\"async\" src=\"https:\/\/www.neilmed.com\/fra\/wp-content\/uploads\/sites\/11\/2022\/03\/take-the-quiz-300x300.jpg\" alt=\"Take The Quiz - Sinus &amp; Allergies\" itemprop=\"image\" height=\"300\" width=\"300\" title=\"Take The Quiz\" onerror=\"this.style.display='none'\"  \/>\n\t\t\t\t<\/a>\n<h3><a href=\"https:\/\/www.neilmed.com\/fra\/sinus-allergy-quiz\/\" target=\"_self\" rel=\"noopener\">Sinus &#038; Allergy Quiz<\/a><\/h3>\t\t\n\t\t\t<a href=\"https:\/\/www.neilmed.com\/fra\/sinus-allergy-quiz\/\" target=\"_self\" rel=\"noopener\"><\/a>\t\t\n\t\t\t\t<a href=\"https:\/\/www.neilmed.com\/fra\/blog\/\" target=\"_self\" itemprop=\"url\" rel=\"noopener\">\n\t\t\t\t<img loading=\"lazy\" decoding=\"async\" src=\"https:\/\/www.neilmed.com\/fra\/wp-content\/uploads\/sites\/11\/2022\/03\/doctors-blog-300x300.jpeg\" alt=\"NeilMed Blog - Sinus &amp; Allergies\" itemprop=\"image\" height=\"300\" width=\"300\" title=\"NeilMed Blog\" onerror=\"this.style.display='none'\"  \/>\n\t\t\t\t<\/a>\n<h3><a href=\"https:\/\/www.neilmed.com\/fra\/blog\/\" target=\"_self\" rel=\"noopener\">Blogue<\/a><\/h3>\t\t\n\t\t\t<a href=\"https:\/\/www.neilmed.com\/fra\/blog\/\" target=\"_self\" rel=\"noopener\"><\/a>\t\t\n\t\t\t\t<a href=\"https:\/\/www.neilmed.com\/fra\/telecharger-la-brochure\/\" target=\"_self\" itemprop=\"url\" rel=\"noopener\">\n\t\t\t\t<img loading=\"lazy\" decoding=\"async\" src=\"https:\/\/www.neilmed.com\/fra\/wp-content\/uploads\/sites\/11\/2022\/03\/download-button-300x300.jpeg\" alt=\"Download Our Brochure\" itemprop=\"image\" height=\"300\" width=\"300\" title=\"Download Button\" onerror=\"this.style.display='none'\"  \/>\n\t\t\t\t<\/a>\n<h3><a href=\"https:\/\/www.neilmed.com\/fra\/telecharger-la-brochure\/\" target=\"_self\" rel=\"noopener\">T\u00e9l\u00e9charger la brochure<\/a><\/h3>\t\t\n\t\t\t<a href=\"https:\/\/www.neilmed.com\/fra\/telecharger-la-brochure\/\" target=\"_self\" rel=\"noopener\"><\/a>\t\t\n\t\t\t\t<a href=\"https:\/\/askdr.neilmed.com\/\" target=\"_self\" itemprop=\"url\" rel=\"noopener\">\n\t\t\t\t<img loading=\"lazy\" decoding=\"async\" src=\"https:\/\/www.neilmed.com\/fra\/wp-content\/uploads\/sites\/11\/2022\/03\/ask-a-doctor-300x300.jpeg\" alt=\"Ask A Doctor\" itemprop=\"image\" height=\"300\" width=\"300\" title=\"Ask A Doctor\" onerror=\"this.style.display='none'\"  \/>\n\t\t\t\t<\/a>\n<h3><a href=\"https:\/\/askdr.neilmed.com\/\" target=\"_self\" rel=\"noopener\">Ask A Doctor<\/a><\/h3>\t\t\n\t\t\t<a href=\"https:\/\/askdr.neilmed.com\/\" target=\"_self\" rel=\"noopener\"><\/a>\t\t\n\t\t\t\t<a href=\"https:\/\/www.neilmed.com\/fra\/pourquoi-les-medecins-preferent-neilmed\/\" target=\"_self\" itemprop=\"url\" rel=\"noopener\">\n\t\t\t\t<img loading=\"lazy\" decoding=\"async\" src=\"https:\/\/www.neilmed.com\/fra\/wp-content\/uploads\/sites\/11\/2022\/03\/dr-stethoscope-300x300.jpeg\" alt=\"Why Doctors Prefer NeilMed\" itemprop=\"image\" height=\"300\" width=\"300\" title=\"African american medical doctor man.\" onerror=\"this.style.display='none'\"  \/>\n\t\t\t\t<\/a>\n<h3><a href=\"https:\/\/www.neilmed.com\/fra\/pourquoi-les-medecins-preferent-neilmed\/\" target=\"_self\" rel=\"noopener\">Pourquoi Les M\u00e9decins Pr\u00e9f\u00e8rent NeilMed<\/a><\/h3>\t\t\n\t\t\t<a href=\"https:\/\/www.neilmed.com\/fra\/pourquoi-les-medecins-preferent-neilmed\/\" target=\"_self\" rel=\"noopener\"><\/a>\t\t\n\t\t<h3>Respirez ais\u00e9ment gr\u00e2ce \u00e0 un nez bien d\u00e9gag\u00e9 et \u00ab retrouvez cette sensation de nez d\u00e9gag\u00e9 \u00bb<\/h3>\n\t\t\t<a href=\"https:\/\/www.neilmed.com\/fra\/order-now\/\" target=\"_self\" role=\"button\" rel=\"noopener\">\n\t\t\t\t\t\t\tCOMMANDER MAINTENANT\n\t\t\t<\/a>\n\t\t\t\t<img loading=\"lazy\" decoding=\"async\" src=\"https:\/\/www.neilmed.com\/fra\/wp-content\/uploads\/sites\/11\/2022\/04\/mail-icon-newsletter.svg\" alt=\"mail-icon-newsletter\" itemprop=\"image\" height=\"0\" width=\"0\" title=\"mail-icon-newsletter\" onerror=\"this.style.display='none'\"  \/>\n\tInscrivez-vous \u00e0 notre newsletter\n\t<p>Inscrivez-vous \u00e0 notre liste de distribution pour vous tenir au courant des derni\u00e8res nouvelles sur les offres sp\u00e9ciales, les promotions, la litt\u00e9rature m\u00e9dicale et les publications.<\/p>\n\t<form method=\"post\" action=\"\/fra\/newsletter-sign-up\/\" id=\"ContactFooter\">\n          <input type=\"email\" autocomplete=\"email\" placeholder=\"Your email\"\/>\n      <button type=\"submit\" name=\"commit\" id=\"Subscribe\">\n        S&rsquo;inscrire\n        Go\n      <\/button><\/form>\n\n","protected":false},"excerpt":{"rendered":"<p>Sinus Anatomy Articles Et Litt\u00e9rature M\u00e9dicaux Irrigation \u00c0 Grand Volume Vs Micropulv\u00e9risation Principles Of Nasal Irrigation Sinus &#038; Allergy Quiz Blogue T\u00e9l\u00e9charger la brochure Ask A Doctor Pourquoi Les M\u00e9decins Pr\u00e9f\u00e8rent NeilMed Respirez ais\u00e9ment gr\u00e2ce \u00e0 un nez bien d\u00e9gag\u00e9 et \u00ab retrouvez cette sensation de nez d\u00e9gag\u00e9 \u00bb COMMANDER MAINTENANT Inscrivez-vous \u00e0 notre newsletter&hellip;<\/p>\n","protected":false},"author":1,"featured_media":1515,"parent":0,"menu_order":0,"comment_status":"closed","ping_status":"closed","template":"","meta":{"_acf_changed":false,"inline_featured_image":false,"footnotes":""},"categories":[6],"tags":[],"class_list":["post-61","page","type-page","status-publish","has-post-thumbnail","hentry","category-sinus-allergy"],"yoast_head":"<!-- This site is optimized with the Yoast SEO Premium plugin v27.2 (Yoast SEO v27.3) - https:\/\/yoast.com\/product\/yoast-seo-premium-wordpress\/ -->\n<title>Ressources Sinus Et Allergies - NeilMed Pharmaceuticals - French Canadian<\/title>\n<meta name=\"description\" content=\"Learn more about nasal care by using our helpful tools. Ask a doctor or take the sinus &amp; allergy quiz today!\" \/>\n<meta name=\"robots\" content=\"index, follow, max-snippet:-1, max-image-preview:large, max-video-preview:-1\" \/>\n<link rel=\"canonical\" href=\"https:\/\/www.neilmed.com\/fra\/ressources-sinus-et-allergies\/\" \/>\n<meta property=\"og:locale\" content=\"fr_CA\" \/>\n<meta property=\"og:type\" content=\"article\" \/>\n<meta property=\"og:title\" content=\"Ressources Sinus Et Allergies\" \/>\n<meta property=\"og:description\" content=\"Learn more about nasal care by using our helpful tools. Ask a doctor or take the sinus &amp; allergy quiz today!\" \/>\n<meta property=\"og:url\" content=\"https:\/\/www.neilmed.com\/fra\/ressources-sinus-et-allergies\/\" \/>\n<meta property=\"og:site_name\" content=\"NeilMed Pharmaceuticals - French Canadian\" \/>\n<meta property=\"article:modified_time\" content=\"2022-09-07T16:57:54+00:00\" \/>\n<meta property=\"og:image\" content=\"https:\/\/www.neilmed.com\/fra\/wp-content\/uploads\/sites\/11\/2022\/03\/Human-Sinus-Anatomy-scaled.jpeg\" \/>\n\t<meta property=\"og:image:width\" content=\"2560\" \/>\n\t<meta property=\"og:image:height\" content=\"2560\" \/>\n\t<meta property=\"og:image:type\" content=\"image\/jpeg\" \/>\n<meta name=\"twitter:card\" content=\"summary_large_image\" \/>\n<script type=\"application\/ld+json\" class=\"yoast-schema-graph\">{\"@context\":\"https:\\\/\\\/schema.org\",\"@graph\":[{\"@type\":\"WebPage\",\"@id\":\"https:\\\/\\\/www.neilmed.com\\\/fra\\\/ressources-sinus-et-allergies\\\/\",\"url\":\"https:\\\/\\\/www.neilmed.com\\\/fra\\\/ressources-sinus-et-allergies\\\/\",\"name\":\"Ressources Sinus Et Allergies - NeilMed Pharmaceuticals - French Canadian\",\"isPartOf\":{\"@id\":\"https:\\\/\\\/www.neilmed.com\\\/fra\\\/#website\"},\"primaryImageOfPage\":{\"@id\":\"https:\\\/\\\/www.neilmed.com\\\/fra\\\/ressources-sinus-et-allergies\\\/#primaryimage\"},\"image\":{\"@id\":\"https:\\\/\\\/www.neilmed.com\\\/fra\\\/ressources-sinus-et-allergies\\\/#primaryimage\"},\"thumbnailUrl\":\"https:\\\/\\\/www.neilmed.com\\\/fra\\\/wp-content\\\/uploads\\\/sites\\\/11\\\/2022\\\/03\\\/Human-Sinus-Anatomy-scaled.jpeg\",\"datePublished\":\"2022-02-17T18:41:13+00:00\",\"dateModified\":\"2022-09-07T16:57:54+00:00\",\"description\":\"Learn more about nasal care by using our helpful tools. Ask a doctor or take the sinus & allergy quiz today!\",\"breadcrumb\":{\"@id\":\"https:\\\/\\\/www.neilmed.com\\\/fra\\\/ressources-sinus-et-allergies\\\/#breadcrumb\"},\"inLanguage\":\"fr-CA\",\"potentialAction\":[{\"@type\":\"ReadAction\",\"target\":[\"https:\\\/\\\/www.neilmed.com\\\/fra\\\/ressources-sinus-et-allergies\\\/\"]}]},{\"@type\":\"ImageObject\",\"inLanguage\":\"fr-CA\",\"@id\":\"https:\\\/\\\/www.neilmed.com\\\/fra\\\/ressources-sinus-et-allergies\\\/#primaryimage\",\"url\":\"https:\\\/\\\/www.neilmed.com\\\/fra\\\/wp-content\\\/uploads\\\/sites\\\/11\\\/2022\\\/03\\\/Human-Sinus-Anatomy-scaled.jpeg\",\"contentUrl\":\"https:\\\/\\\/www.neilmed.com\\\/fra\\\/wp-content\\\/uploads\\\/sites\\\/11\\\/2022\\\/03\\\/Human-Sinus-Anatomy-scaled.jpeg\",\"width\":2560,\"height\":2560,\"caption\":\"Human Sinus Anatomy - Sinus & Allergies\"},{\"@type\":\"BreadcrumbList\",\"@id\":\"https:\\\/\\\/www.neilmed.com\\\/fra\\\/ressources-sinus-et-allergies\\\/#breadcrumb\",\"itemListElement\":[{\"@type\":\"ListItem\",\"position\":1,\"name\":\"Home\",\"item\":\"https:\\\/\\\/www.neilmed.com\\\/fra\\\/\"},{\"@type\":\"ListItem\",\"position\":2,\"name\":\"Ressources Sinus Et Allergies\"}]},{\"@type\":\"WebSite\",\"@id\":\"https:\\\/\\\/www.neilmed.com\\\/fra\\\/#website\",\"url\":\"https:\\\/\\\/www.neilmed.com\\\/fra\\\/\",\"name\":\"NeilMed Pharmaceuticals - French Canadian\",\"description\":\"NeilMed Pharmaceuticals: world leader in nasal saline irrigation system | Sinus Rinse | Neti Pot | Nasal Irrigation\",\"potentialAction\":[{\"@type\":\"SearchAction\",\"target\":{\"@type\":\"EntryPoint\",\"urlTemplate\":\"https:\\\/\\\/www.neilmed.com\\\/fra\\\/?s={search_term_string}\"},\"query-input\":{\"@type\":\"PropertyValueSpecification\",\"valueRequired\":true,\"valueName\":\"search_term_string\"}}],\"inLanguage\":\"fr-CA\"}]}<\/script>\n<!-- \/ Yoast SEO Premium plugin. -->","yoast_head_json":{"title":"Ressources Sinus Et Allergies - NeilMed Pharmaceuticals - French Canadian","description":"Learn more about nasal care by using our helpful tools. Ask a doctor or take the sinus & allergy quiz today!","robots":{"index":"index","follow":"follow","max-snippet":"max-snippet:-1","max-image-preview":"max-image-preview:large","max-video-preview":"max-video-preview:-1"},"canonical":"https:\/\/www.neilmed.com\/fra\/ressources-sinus-et-allergies\/","og_locale":"fr_CA","og_type":"article","og_title":"Ressources Sinus Et Allergies","og_description":"Learn more about nasal care by using our helpful tools. Ask a doctor or take the sinus & allergy quiz today!","og_url":"https:\/\/www.neilmed.com\/fra\/ressources-sinus-et-allergies\/","og_site_name":"NeilMed Pharmaceuticals - French Canadian","article_modified_time":"2022-09-07T16:57:54+00:00","og_image":[{"width":2560,"height":2560,"url":"https:\/\/www.neilmed.com\/fra\/wp-content\/uploads\/sites\/11\/2022\/03\/Human-Sinus-Anatomy-scaled.jpeg","type":"image\/jpeg"}],"twitter_card":"summary_large_image","schema":{"@context":"https:\/\/schema.org","@graph":[{"@type":"WebPage","@id":"https:\/\/www.neilmed.com\/fra\/ressources-sinus-et-allergies\/","url":"https:\/\/www.neilmed.com\/fra\/ressources-sinus-et-allergies\/","name":"Ressources Sinus Et Allergies - NeilMed Pharmaceuticals - French Canadian","isPartOf":{"@id":"https:\/\/www.neilmed.com\/fra\/#website"},"primaryImageOfPage":{"@id":"https:\/\/www.neilmed.com\/fra\/ressources-sinus-et-allergies\/#primaryimage"},"image":{"@id":"https:\/\/www.neilmed.com\/fra\/ressources-sinus-et-allergies\/#primaryimage"},"thumbnailUrl":"https:\/\/www.neilmed.com\/fra\/wp-content\/uploads\/sites\/11\/2022\/03\/Human-Sinus-Anatomy-scaled.jpeg","datePublished":"2022-02-17T18:41:13+00:00","dateModified":"2022-09-07T16:57:54+00:00","description":"Learn more about nasal care by using our helpful tools. Ask a doctor or take the sinus & allergy quiz today!","breadcrumb":{"@id":"https:\/\/www.neilmed.com\/fra\/ressources-sinus-et-allergies\/#breadcrumb"},"inLanguage":"fr-CA","potentialAction":[{"@type":"ReadAction","target":["https:\/\/www.neilmed.com\/fra\/ressources-sinus-et-allergies\/"]}]},{"@type":"ImageObject","inLanguage":"fr-CA","@id":"https:\/\/www.neilmed.com\/fra\/ressources-sinus-et-allergies\/#primaryimage","url":"https:\/\/www.neilmed.com\/fra\/wp-content\/uploads\/sites\/11\/2022\/03\/Human-Sinus-Anatomy-scaled.jpeg","contentUrl":"https:\/\/www.neilmed.com\/fra\/wp-content\/uploads\/sites\/11\/2022\/03\/Human-Sinus-Anatomy-scaled.jpeg","width":2560,"height":2560,"caption":"Human Sinus Anatomy - Sinus & Allergies"},{"@type":"BreadcrumbList","@id":"https:\/\/www.neilmed.com\/fra\/ressources-sinus-et-allergies\/#breadcrumb","itemListElement":[{"@type":"ListItem","position":1,"name":"Home","item":"https:\/\/www.neilmed.com\/fra\/"},{"@type":"ListItem","position":2,"name":"Ressources Sinus Et Allergies"}]},{"@type":"WebSite","@id":"https:\/\/www.neilmed.com\/fra\/#website","url":"https:\/\/www.neilmed.com\/fra\/","name":"NeilMed Pharmaceuticals - French Canadian","description":"NeilMed Pharmaceuticals: world leader in nasal saline irrigation system | Sinus Rinse | Neti Pot | Nasal Irrigation","potentialAction":[{"@type":"SearchAction","target":{"@type":"EntryPoint","urlTemplate":"https:\/\/www.neilmed.com\/fra\/?s={search_term_string}"},"query-input":{"@type":"PropertyValueSpecification","valueRequired":true,"valueName":"search_term_string"}}],"inLanguage":"fr-CA"}]}},"acf":[],"_links":{"self":[{"href":"https:\/\/www.neilmed.com\/fra\/wp-json\/wp\/v2\/pages\/61","targetHints":{"allow":["GET"]}}],"collection":[{"href":"https:\/\/www.neilmed.com\/fra\/wp-json\/wp\/v2\/pages"}],"about":[{"href":"https:\/\/www.neilmed.com\/fra\/wp-json\/wp\/v2\/types\/page"}],"author":[{"embeddable":true,"href":"https:\/\/www.neilmed.com\/fra\/wp-json\/wp\/v2\/users\/1"}],"replies":[{"embeddable":true,"href":"https:\/\/www.neilmed.com\/fra\/wp-json\/wp\/v2\/comments?post=61"}],"version-history":[{"count":2,"href":"https:\/\/www.neilmed.com\/fra\/wp-json\/wp\/v2\/pages\/61\/revisions"}],"predecessor-version":[{"id":4267,"href":"https:\/\/www.neilmed.com\/fra\/wp-json\/wp\/v2\/pages\/61\/revisions\/4267"}],"wp:featuredmedia":[{"embeddable":true,"href":"https:\/\/www.neilmed.com\/fra\/wp-json\/wp\/v2\/media\/1515"}],"wp:attachment":[{"href":"https:\/\/www.neilmed.com\/fra\/wp-json\/wp\/v2\/media?parent=61"}],"wp:term":[{"taxonomy":"category","embeddable":true,"href":"https:\/\/www.neilmed.com\/fra\/wp-json\/wp\/v2\/categories?post=61"},{"taxonomy":"post_tag","embeddable":true,"href":"https:\/\/www.neilmed.com\/fra\/wp-json\/wp\/v2\/tags?post=61"}],"curies":[{"name":"wp","href":"https:\/\/api.w.org\/{rel}","templated":true}]}}