{"id":79,"date":"2022-02-17T10:51:16","date_gmt":"2022-02-17T18:51:16","guid":{"rendered":"https:\/\/dev.neilmed.com\/fra\/?page_id=79"},"modified":"2022-09-07T14:10:00","modified_gmt":"2022-09-07T18:10:00","slug":"articles-et-litterature-medicaux","status":"publish","type":"page","link":"https:\/\/www.neilmed.com\/fra\/articles-et-litterature-medicaux\/","title":{"rendered":"Articles Et Litt\u00e9rature M\u00e9dicaux"},"content":{"rendered":"\n\n\t<span><span><a href=\"https:\/\/www.neilmed.com\/fra\/\">Home<\/a><\/span><\/span>\n\t<p>Litt\u00e9rature Et Articles M\u00e9dicaux G\u00e9n\u00e9raux<sup>\u00ae<\/sup><\/p>\n\t<p>Les renseignements contenus dans le pr\u00e9sent document sont fournis uniquement \u00e0 titre d&rsquo;information g\u00e9n\u00e9rale et peuvent ne pas concerner les produits de NeilMed en particulier. Aucun des articles fournis et aucun autre renseignement figurant sur le site Web de NeilMed ne doit \u00eatre interpr\u00e9t\u00e9 comme \u00e9tant un avis m\u00e9dical. Consultez votre professionnel de la sant\u00e9 si vous avez des questions concernant vos besoins m\u00e9dicaux personnels.<\/p>\n\t\t\t<a href=\"https:\/\/www.neilmed.com\/fra\/medical-publications\/\" target=\"_self\" role=\"button\" rel=\"noopener\">\n\t\t\t\t\t\t\tCliquer ici pour consulter les publications m\u00e9dicales\n\t\t\t<\/a>\n\t\t<h3>Respirez ais\u00e9ment gr\u00e2ce \u00e0 un nez bien d\u00e9gag\u00e9 et \u00ab retrouvez cette sensation de nez d\u00e9gag\u00e9 \u00bb<\/h3>\n\t\t\t<a href=\"https:\/\/www.neilmed.com\/fra\/order-now\/\" target=\"_self\" role=\"button\" rel=\"noopener\">\n\t\t\t\t\t\t\tCOMMANDER MAINTENANT\n\t\t\t<\/a>\n\t\t\t\t<img loading=\"lazy\" decoding=\"async\" src=\"https:\/\/www.neilmed.com\/fra\/wp-content\/uploads\/sites\/11\/2022\/04\/mail-icon-newsletter.svg\" alt=\"mail-icon-newsletter\" itemprop=\"image\" height=\"0\" width=\"0\" title=\"mail-icon-newsletter\" onerror=\"this.style.display='none'\"  \/>\n\tInscrivez-vous \u00e0 notre newsletter\n\t<p>Inscrivez-vous \u00e0 notre liste de distribution pour vous tenir au courant des derni\u00e8res nouvelles sur les offres sp\u00e9ciales, les promotions, la litt\u00e9rature m\u00e9dicale et les publications.<\/p>\n\t<form method=\"post\" action=\"\/fra\/newsletter-sign-up\/\" id=\"ContactFooter\">\n          <input type=\"email\" autocomplete=\"email\" placeholder=\"Your email\"\/>\n      <button type=\"submit\" name=\"commit\" id=\"Subscribe\">\n        S&rsquo;inscrire\n        Go\n      <\/button><\/form>\n\n","protected":false},"excerpt":{"rendered":"<p>Litt\u00e9rature Et Articles M\u00e9dicaux G\u00e9n\u00e9raux\u00ae Les renseignements contenus dans le pr\u00e9sent document sont fournis uniquement \u00e0 titre d&rsquo;information g\u00e9n\u00e9rale et peuvent ne pas concerner les produits de NeilMed en particulier. Aucun des articles fournis et aucun autre renseignement figurant sur le site Web de NeilMed ne doit \u00eatre interpr\u00e9t\u00e9 comme \u00e9tant un avis m\u00e9dical. Consultez&hellip;<\/p>\n","protected":false},"author":1,"featured_media":1519,"parent":0,"menu_order":11,"comment_status":"closed","ping_status":"closed","template":"","meta":{"_acf_changed":false,"inline_featured_image":false,"footnotes":""},"categories":[5,10,6],"tags":[],"class_list":["post-79","page","type-page","status-publish","has-post-thumbnail","hentry","category-a-propos-de-neilmed","category-articles-et-litterature-medicaux","category-sinus-allergy"],"yoast_head":"<!-- This site is optimized with the Yoast SEO Premium plugin v27.2 (Yoast SEO v27.3) - https:\/\/yoast.com\/product\/yoast-seo-premium-wordpress\/ -->\n<title>Articles Et Litt\u00e9rature M\u00e9dicaux - NeilMed Pharmaceuticals - French Canadian<\/title>\n<meta name=\"description\" content=\"Browse medical articles &amp; literatures to learn more about saline nasal irrigation and other treatments and information for the sinuses.\" \/>\n<meta name=\"robots\" content=\"index, follow, max-snippet:-1, max-image-preview:large, max-video-preview:-1\" \/>\n<link rel=\"canonical\" href=\"https:\/\/www.neilmed.com\/fra\/articles-et-litterature-medicaux\/\" \/>\n<meta property=\"og:locale\" content=\"fr_CA\" \/>\n<meta property=\"og:type\" content=\"article\" \/>\n<meta property=\"og:title\" content=\"Articles Et Litt\u00e9rature M\u00e9dicaux\" \/>\n<meta property=\"og:description\" content=\"Browse medical articles &amp; literatures to learn more about saline nasal irrigation and other treatments and information for the sinuses.\" \/>\n<meta property=\"og:url\" content=\"https:\/\/www.neilmed.com\/fra\/articles-et-litterature-medicaux\/\" \/>\n<meta property=\"og:site_name\" content=\"NeilMed Pharmaceuticals - French Canadian\" \/>\n<meta property=\"article:modified_time\" content=\"2022-09-07T18:10:00+00:00\" \/>\n<meta property=\"og:image\" content=\"https:\/\/www.neilmed.com\/fra\/wp-content\/uploads\/sites\/11\/2022\/03\/medical-literatures-scaled.jpeg\" \/>\n\t<meta property=\"og:image:width\" content=\"2560\" \/>\n\t<meta property=\"og:image:height\" content=\"2560\" \/>\n\t<meta property=\"og:image:type\" content=\"image\/jpeg\" \/>\n<meta name=\"twitter:card\" content=\"summary_large_image\" \/>\n<meta name=\"twitter:label1\" content=\"Estimation du temps de lecture\" \/>\n\t<meta name=\"twitter:data1\" content=\"1 minute\" \/>\n<script type=\"application\/ld+json\" class=\"yoast-schema-graph\">{\"@context\":\"https:\\\/\\\/schema.org\",\"@graph\":[{\"@type\":\"WebPage\",\"@id\":\"https:\\\/\\\/www.neilmed.com\\\/fra\\\/articles-et-litterature-medicaux\\\/\",\"url\":\"https:\\\/\\\/www.neilmed.com\\\/fra\\\/articles-et-litterature-medicaux\\\/\",\"name\":\"Articles Et Litt\u00e9rature M\u00e9dicaux - NeilMed Pharmaceuticals - French Canadian\",\"isPartOf\":{\"@id\":\"https:\\\/\\\/www.neilmed.com\\\/fra\\\/#website\"},\"primaryImageOfPage\":{\"@id\":\"https:\\\/\\\/www.neilmed.com\\\/fra\\\/articles-et-litterature-medicaux\\\/#primaryimage\"},\"image\":{\"@id\":\"https:\\\/\\\/www.neilmed.com\\\/fra\\\/articles-et-litterature-medicaux\\\/#primaryimage\"},\"thumbnailUrl\":\"https:\\\/\\\/www.neilmed.com\\\/fra\\\/wp-content\\\/uploads\\\/sites\\\/11\\\/2022\\\/03\\\/medical-literatures-scaled.jpeg\",\"datePublished\":\"2022-02-17T18:51:16+00:00\",\"dateModified\":\"2022-09-07T18:10:00+00:00\",\"description\":\"Browse medical articles & literatures to learn more about saline nasal irrigation and other treatments and information for the sinuses.\",\"breadcrumb\":{\"@id\":\"https:\\\/\\\/www.neilmed.com\\\/fra\\\/articles-et-litterature-medicaux\\\/#breadcrumb\"},\"inLanguage\":\"fr-CA\",\"potentialAction\":[{\"@type\":\"ReadAction\",\"target\":[\"https:\\\/\\\/www.neilmed.com\\\/fra\\\/articles-et-litterature-medicaux\\\/\"]}]},{\"@type\":\"ImageObject\",\"inLanguage\":\"fr-CA\",\"@id\":\"https:\\\/\\\/www.neilmed.com\\\/fra\\\/articles-et-litterature-medicaux\\\/#primaryimage\",\"url\":\"https:\\\/\\\/www.neilmed.com\\\/fra\\\/wp-content\\\/uploads\\\/sites\\\/11\\\/2022\\\/03\\\/medical-literatures-scaled.jpeg\",\"contentUrl\":\"https:\\\/\\\/www.neilmed.com\\\/fra\\\/wp-content\\\/uploads\\\/sites\\\/11\\\/2022\\\/03\\\/medical-literatures-scaled.jpeg\",\"width\":2560,\"height\":2560,\"caption\":\"An overhead closeup shot of open books of literature - perfect for background\"},{\"@type\":\"BreadcrumbList\",\"@id\":\"https:\\\/\\\/www.neilmed.com\\\/fra\\\/articles-et-litterature-medicaux\\\/#breadcrumb\",\"itemListElement\":[{\"@type\":\"ListItem\",\"position\":1,\"name\":\"Home\",\"item\":\"https:\\\/\\\/www.neilmed.com\\\/fra\\\/\"},{\"@type\":\"ListItem\",\"position\":2,\"name\":\"Articles Et Litt\u00e9rature M\u00e9dicaux\"}]},{\"@type\":\"WebSite\",\"@id\":\"https:\\\/\\\/www.neilmed.com\\\/fra\\\/#website\",\"url\":\"https:\\\/\\\/www.neilmed.com\\\/fra\\\/\",\"name\":\"NeilMed Pharmaceuticals - French Canadian\",\"description\":\"NeilMed Pharmaceuticals: world leader in nasal saline irrigation system | Sinus Rinse | Neti Pot | Nasal Irrigation\",\"potentialAction\":[{\"@type\":\"SearchAction\",\"target\":{\"@type\":\"EntryPoint\",\"urlTemplate\":\"https:\\\/\\\/www.neilmed.com\\\/fra\\\/?s={search_term_string}\"},\"query-input\":{\"@type\":\"PropertyValueSpecification\",\"valueRequired\":true,\"valueName\":\"search_term_string\"}}],\"inLanguage\":\"fr-CA\"}]}<\/script>\n<!-- \/ Yoast SEO Premium plugin. -->","yoast_head_json":{"title":"Articles Et Litt\u00e9rature M\u00e9dicaux - NeilMed Pharmaceuticals - French Canadian","description":"Browse medical articles & literatures to learn more about saline nasal irrigation and other treatments and information for the sinuses.","robots":{"index":"index","follow":"follow","max-snippet":"max-snippet:-1","max-image-preview":"max-image-preview:large","max-video-preview":"max-video-preview:-1"},"canonical":"https:\/\/www.neilmed.com\/fra\/articles-et-litterature-medicaux\/","og_locale":"fr_CA","og_type":"article","og_title":"Articles Et Litt\u00e9rature M\u00e9dicaux","og_description":"Browse medical articles & literatures to learn more about saline nasal irrigation and other treatments and information for the sinuses.","og_url":"https:\/\/www.neilmed.com\/fra\/articles-et-litterature-medicaux\/","og_site_name":"NeilMed Pharmaceuticals - French Canadian","article_modified_time":"2022-09-07T18:10:00+00:00","og_image":[{"width":2560,"height":2560,"url":"https:\/\/www.neilmed.com\/fra\/wp-content\/uploads\/sites\/11\/2022\/03\/medical-literatures-scaled.jpeg","type":"image\/jpeg"}],"twitter_card":"summary_large_image","twitter_misc":{"Estimation du temps de lecture":"1 minute"},"schema":{"@context":"https:\/\/schema.org","@graph":[{"@type":"WebPage","@id":"https:\/\/www.neilmed.com\/fra\/articles-et-litterature-medicaux\/","url":"https:\/\/www.neilmed.com\/fra\/articles-et-litterature-medicaux\/","name":"Articles Et Litt\u00e9rature M\u00e9dicaux - NeilMed Pharmaceuticals - French Canadian","isPartOf":{"@id":"https:\/\/www.neilmed.com\/fra\/#website"},"primaryImageOfPage":{"@id":"https:\/\/www.neilmed.com\/fra\/articles-et-litterature-medicaux\/#primaryimage"},"image":{"@id":"https:\/\/www.neilmed.com\/fra\/articles-et-litterature-medicaux\/#primaryimage"},"thumbnailUrl":"https:\/\/www.neilmed.com\/fra\/wp-content\/uploads\/sites\/11\/2022\/03\/medical-literatures-scaled.jpeg","datePublished":"2022-02-17T18:51:16+00:00","dateModified":"2022-09-07T18:10:00+00:00","description":"Browse medical articles & literatures to learn more about saline nasal irrigation and other treatments and information for the sinuses.","breadcrumb":{"@id":"https:\/\/www.neilmed.com\/fra\/articles-et-litterature-medicaux\/#breadcrumb"},"inLanguage":"fr-CA","potentialAction":[{"@type":"ReadAction","target":["https:\/\/www.neilmed.com\/fra\/articles-et-litterature-medicaux\/"]}]},{"@type":"ImageObject","inLanguage":"fr-CA","@id":"https:\/\/www.neilmed.com\/fra\/articles-et-litterature-medicaux\/#primaryimage","url":"https:\/\/www.neilmed.com\/fra\/wp-content\/uploads\/sites\/11\/2022\/03\/medical-literatures-scaled.jpeg","contentUrl":"https:\/\/www.neilmed.com\/fra\/wp-content\/uploads\/sites\/11\/2022\/03\/medical-literatures-scaled.jpeg","width":2560,"height":2560,"caption":"An overhead closeup shot of open books of literature - perfect for background"},{"@type":"BreadcrumbList","@id":"https:\/\/www.neilmed.com\/fra\/articles-et-litterature-medicaux\/#breadcrumb","itemListElement":[{"@type":"ListItem","position":1,"name":"Home","item":"https:\/\/www.neilmed.com\/fra\/"},{"@type":"ListItem","position":2,"name":"Articles Et Litt\u00e9rature M\u00e9dicaux"}]},{"@type":"WebSite","@id":"https:\/\/www.neilmed.com\/fra\/#website","url":"https:\/\/www.neilmed.com\/fra\/","name":"NeilMed Pharmaceuticals - French Canadian","description":"NeilMed Pharmaceuticals: world leader in nasal saline irrigation system | Sinus Rinse | Neti Pot | Nasal Irrigation","potentialAction":[{"@type":"SearchAction","target":{"@type":"EntryPoint","urlTemplate":"https:\/\/www.neilmed.com\/fra\/?s={search_term_string}"},"query-input":{"@type":"PropertyValueSpecification","valueRequired":true,"valueName":"search_term_string"}}],"inLanguage":"fr-CA"}]}},"acf":[],"_links":{"self":[{"href":"https:\/\/www.neilmed.com\/fra\/wp-json\/wp\/v2\/pages\/79","targetHints":{"allow":["GET"]}}],"collection":[{"href":"https:\/\/www.neilmed.com\/fra\/wp-json\/wp\/v2\/pages"}],"about":[{"href":"https:\/\/www.neilmed.com\/fra\/wp-json\/wp\/v2\/types\/page"}],"author":[{"embeddable":true,"href":"https:\/\/www.neilmed.com\/fra\/wp-json\/wp\/v2\/users\/1"}],"replies":[{"embeddable":true,"href":"https:\/\/www.neilmed.com\/fra\/wp-json\/wp\/v2\/comments?post=79"}],"version-history":[{"count":1,"href":"https:\/\/www.neilmed.com\/fra\/wp-json\/wp\/v2\/pages\/79\/revisions"}],"predecessor-version":[{"id":4269,"href":"https:\/\/www.neilmed.com\/fra\/wp-json\/wp\/v2\/pages\/79\/revisions\/4269"}],"wp:featuredmedia":[{"embeddable":true,"href":"https:\/\/www.neilmed.com\/fra\/wp-json\/wp\/v2\/media\/1519"}],"wp:attachment":[{"href":"https:\/\/www.neilmed.com\/fra\/wp-json\/wp\/v2\/media?parent=79"}],"wp:term":[{"taxonomy":"category","embeddable":true,"href":"https:\/\/www.neilmed.com\/fra\/wp-json\/wp\/v2\/categories?post=79"},{"taxonomy":"post_tag","embeddable":true,"href":"https:\/\/www.neilmed.com\/fra\/wp-json\/wp\/v2\/tags?post=79"}],"curies":[{"name":"wp","href":"https:\/\/api.w.org\/{rel}","templated":true}]}}