{"id":83,"date":"2022-02-17T10:51:57","date_gmt":"2022-02-17T18:51:57","guid":{"rendered":"https:\/\/dev.neilmed.com\/fra\/?page_id=83"},"modified":"2022-02-17T10:51:57","modified_gmt":"2022-02-17T18:51:57","slug":"pourquoi-les-medecins-preferent-neilmed","status":"publish","type":"page","link":"https:\/\/www.neilmed.com\/fra\/pourquoi-les-medecins-preferent-neilmed\/","title":{"rendered":"Pourquoi les m\u00e9decins pr\u00e9f\u00e8rent NeilMed"},"content":{"rendered":"\n\n\t<span><span><a href=\"https:\/\/www.neilmed.com\/fra\/\">Home<\/a><\/span><\/span>\n\t<p>Pourquoi D&rsquo;\u00e9minents M\u00e9decins Pr\u00e9conisent-ils la Marque NeilMed&reg; Plut\u00f4t que Toute Autre Marque de Produits de Solution Saline?<\/p>\n\t<ul>\n<li>A \u00e9t\u00e9 \u00e9tudi\u00e9e, con\u00e7ue, brevet\u00e9e et constamment perfectionn\u00e9e par des m\u00e9decins.<\/li>\n<li>Le syst\u00e8me le plus prescrit au Canada et aux \u00c9tats-Unis pour l&rsquo;irrigation nasale et des sinus.<\/li>\n<li>Garantie sans sensation de br\u00fblure ni de picotements<\/li>\n<li>Abordable et portative<\/li>\n<li>Flacon semi-transparent, plut\u00f4t que solide ou opaque, facilitant l&rsquo;inspection visuelle de la propret\u00e9<\/li>\n<li>Chlorure de sodium et bicarbonate de sodium de qualit\u00e9 USP (qualit\u00e9 pharmaceutique) procurant une irrigation nasale hydratante et apaisante Irrigation et hydratation nasale par administration  L&rsquo;irrigation \u00e0 grand volume est indispensable \u00e0 un soulagement optimum des allergies et de la congestion des sinus La forme la plus pure (99,90 %) de chlorure de sodium et de bicarbonate de sodium de l&rsquo;industrie pharmaceutique, r\u00e9sultats confirm\u00e9s par un laboratoire ind\u00e9pendant <\/li>\n<li>Meilleur rapport qualit\u00e9-prix avec garantie de remboursement complet de 90 jours <\/li>\n<li>Approuv\u00e9e par des allergologues et chirurgiens ORL \u00e0 l&rsquo;\u00e9chelle nationale (sans r\u00e9mun\u00e9ration financi\u00e8re) <\/li>\n<li>Offerte dans la plupart des pharmacies de centres m\u00e9dicaux universitaires et cabinets de m\u00e9decins dans tout le pays <\/li>\n<li>Ne co\u00fbte que 13 cents par 240 mL (8 oz) de solution, comparativement aux 3 $ \u00e0 5 $ pour 60 \u00e0 90 mL (2 \u00e0 3 oz) de solution pour les autres syst\u00e8mes <\/li>\n<li>Une bo\u00eete de 100 sachets de recharge donne 800 onces de solution. Ce qui \u00e9quivaut \u00e0 24 litres (6,7 gallons) de solution pour SEULEMENT 12,99 $<\/li>\n<\/ul>\n\t<h2>Actuellement en stock et prescrite par les principaux centres m\u00e9dicaux et h\u00f4pitaux universitaires des \u00c9tats-Unis, du Canada et d&rsquo;Australie, dont les suivants:<\/h2>\n\t<table border=\"0\" width=\"100%\" cellspacing=\"4\" cellpadding=\"0\" bgcolor=\"#EFEFEF\">\n<tbody>\n<tr>\n<td align=\"left\" valign=\"top\" bgcolor=\"#FFFFFF\">\u00a0&amp;bullet;\u00a0Armed forces Naval and Air force bases medical centers<\/td>\n<td align=\"left\" valign=\"top\" bgcolor=\"#FFFFFF\">\u00a0&amp;bullet;\u00a0Baylor College of Medicine, Houston, TX<\/td>\n<td align=\"left\" valign=\"top\" bgcolor=\"#FFFFFF\">\u00a0&amp;bullet;\u00a0Boston University Medical Center, Boston, MA<\/td>\n<\/tr>\n<tr>\n<td align=\"left\" valign=\"top\" bgcolor=\"#FFFFFF\">\u00a0&amp;bullet;\u00a0Children&rsquo;s Hospital of Michigan, Detroit, MI<\/td>\n<td align=\"left\" valign=\"top\" bgcolor=\"#FFFFFF\">\u00a0&amp;bullet;\u00a0Children&rsquo;s Hospital of Pittsburgh<\/td>\n<td align=\"left\" valign=\"top\" bgcolor=\"#FFFFFF\">\u00a0&amp;bullet;\u00a0East Carolina Univ School of Medicine<\/td>\n<\/tr>\n<tr>\n<td align=\"left\" valign=\"top\" bgcolor=\"#FFFFFF\">\u00a0&amp;bullet;\u00a0Eastern Virginia Medical School<\/td>\n<td align=\"left\" valign=\"top\" bgcolor=\"#FFFFFF\">\u00a0&amp;bullet;\u00a0Henry Ford Health System, Allergy &amp; Immunology, Detroit, MI<\/td>\n<td align=\"left\" valign=\"top\" bgcolor=\"#FFFFFF\">\u00a0&amp;bullet;\u00a0Kaiser Permanente Medical Center<\/td>\n<\/tr>\n<tr>\n<td align=\"left\" valign=\"top\" bgcolor=\"#FFFFFF\">\u00a0&amp;bullet;\u00a0Kansas University Medical Center, Kansas City, KS<\/td>\n<td align=\"left\" valign=\"top\" bgcolor=\"#FFFFFF\">\u00a0&amp;bullet;\u00a0M D Anderson Medical Center, Houston, TX<\/td>\n<td align=\"left\" valign=\"top\" bgcolor=\"#FFFFFF\">\u00a0&amp;bullet;\u00a0Massachusetts Eye &amp; Ear Infirmary, Boston, MA<\/td>\n<\/tr>\n<tr>\n<td align=\"left\" valign=\"top\" bgcolor=\"#FFFFFF\">\u00a0&amp;bullet;\u00a0Mayo Clinic, Minnesota<\/td>\n<td align=\"left\" valign=\"top\" bgcolor=\"#FFFFFF\">\u00a0&amp;bullet;\u00a0McGill University, Montreal, Canada<\/td>\n<td align=\"left\" valign=\"top\" bgcolor=\"#FFFFFF\">\u00a0&amp;bullet;\u00a0McMaster University, Hamilton<\/td>\n<\/tr>\n<tr>\n<td align=\"left\" valign=\"top\" bgcolor=\"#FFFFFF\">\u00a0&amp;bullet;\u00a0Mount Sinai Medical Center, Toronto, Canada<\/td>\n<td align=\"left\" valign=\"top\" bgcolor=\"#FFFFFF\">\u00a0&amp;bullet;\u00a0National Jewish Medical Center, Denver, CO<\/td>\n<td align=\"left\" valign=\"top\" bgcolor=\"#FFFFFF\">\u00a0&amp;bullet;\u00a0Nellis Air Force Base, Las Vegas, NV<\/td>\n<\/tr>\n<tr>\n<td align=\"left\" valign=\"top\" bgcolor=\"#FFFFFF\">\u00a0&amp;bullet;\u00a0Ochsner Clinic, New Orleans, LA<\/td>\n<td align=\"left\" valign=\"top\" bgcolor=\"#FFFFFF\">\u00a0&amp;bullet;\u00a0Oregon Health Sciences University, Portland, Oregon<\/td>\n<td align=\"left\" valign=\"top\" bgcolor=\"#FFFFFF\">\u00a0&amp;bullet;\u00a0Philadelphia Children&rsquo;s Hospital, Philadelphia, PA<\/td>\n<\/tr>\n<tr>\n<td align=\"left\" valign=\"top\" bgcolor=\"#FFFFFF\">\u00a0&amp;bullet;\u00a0Rush-Presbyterian-St Luke&rsquo;s Medical Center, Chicago, IL<\/td>\n<td align=\"left\" valign=\"top\" bgcolor=\"#FFFFFF\">\u00a0&amp;bullet;\u00a0St Johns Health System, Anderson, IN<\/td>\n<td align=\"left\" valign=\"top\" bgcolor=\"#FFFFFF\">\u00a0&amp;bullet;\u00a0St Louis University School of Medicine, St. Louis, MO<\/td>\n<\/tr>\n<tr>\n<td align=\"left\" valign=\"top\" bgcolor=\"#FFFFFF\">\u00a0&amp;bullet;\u00a0Texas Childrens Hospital, Houston, TX<\/td>\n<td align=\"left\" valign=\"top\" bgcolor=\"#FFFFFF\">\u00a0&amp;bullet;\u00a0Tulane University Clinic, New Orleans, LA<\/td>\n<td align=\"left\" valign=\"top\" bgcolor=\"#FFFFFF\">\u00a0&amp;bullet;\u00a0UC SAN DIEGO MEDICAL CENTER, San Diego, CA<\/td>\n<\/tr>\n<tr>\n<td align=\"left\" valign=\"top\" bgcolor=\"#FFFFFF\">\u00a0&amp;bullet;\u00a0UCLA Medical Center, Los Angeles, CA<\/td>\n<td align=\"left\" valign=\"top\" bgcolor=\"#FFFFFF\">\u00a0&amp;bullet;\u00a0UCSF Medical Center, San Francisco, CA<\/td>\n<td align=\"left\" valign=\"top\" bgcolor=\"#FFFFFF\">\u00a0&amp;bullet;\u00a0University of British Colombia<\/td>\n<\/tr>\n<tr>\n<td align=\"left\" valign=\"top\" bgcolor=\"#FFFFFF\">\u00a0&amp;bullet;\u00a0University of Colorado Medical Center, Denver, CO<\/td>\n<td align=\"left\" valign=\"top\" bgcolor=\"#FFFFFF\">\u00a0&amp;bullet;\u00a0University of Iowa Medical Center, Iowa City, IA<\/td>\n<td align=\"left\" valign=\"top\" bgcolor=\"#FFFFFF\">\u00a0&amp;bullet;\u00a0University of Michigan Medical Center, Ann Arbor, MI<\/td>\n<\/tr>\n<tr>\n<td align=\"left\" valign=\"top\" bgcolor=\"#FFFFFF\">\u00a0&amp;bullet;\u00a0University of Montreal<\/td>\n<td align=\"left\" valign=\"top\" bgcolor=\"#FFFFFF\">\u00a0&amp;bullet;\u00a0University of Toronto<\/td>\n<td align=\"left\" valign=\"top\" bgcolor=\"#FFFFFF\">\u00a0&amp;bullet;\u00a0University of Washington Medical Center, Seattle, WA<\/td>\n<\/tr>\n<tr>\n<td align=\"left\" valign=\"top\" bgcolor=\"#FFFFFF\">\u00a0&amp;bullet;\u00a0University of Wisconsin Medical Center, Madison, WI<\/td>\n<td align=\"left\" valign=\"top\" bgcolor=\"#FFFFFF\">\u00a0&amp;bullet;\u00a0Walter Reed Army Medical Center<\/td>\n<td align=\"left\" valign=\"top\" bgcolor=\"#FFFFFF\">\u00a0&amp;bullet;\u00a0Western University, London, ON<\/td>\n<\/tr>\n<tr>\n<td align=\"left\" valign=\"top\" bgcolor=\"#FFFFFF\">\u00a0&amp;bullet;\u00a0Yale School of Medicine, New Haven, CT<\/td>\n<td align=\"left\" valign=\"top\" bgcolor=\"#FFFFFF\"><\/td>\n<td align=\"left\" valign=\"top\" bgcolor=\"#FFFFFF\"><\/td>\n<\/tr>\n<\/tbody>\n<\/table>\n\t\t<h3>Respirez ais\u00e9ment gr\u00e2ce \u00e0 un nez bien d\u00e9gag\u00e9 et \u00ab retrouvez cette sensation de nez d\u00e9gag\u00e9 \u00bb<\/h3>\n\t\t\t<a href=\"https:\/\/shop.neilmed.com\/\" target=\"_self\" role=\"button\" rel=\"noopener\">\n\t\t\t\t\t\t\tCOMMANDER MAINTENANT\n\t\t\t<\/a>\n\t\t\t\t<img decoding=\"async\" src=\"https:\/\/www.neilmed.com\/fra\/wp-content\/uploads\/sites\/11\/2022\/04\/mail-icon-newsletter.svg\" alt=\"mail-icon-newsletter\" title=\"mail-icon-newsletter\" \/>\n\tInscrivez-vous \u00e0 notre newsletter\n\t<p>Inscrivez-vous \u00e0 notre liste de distribution pour vous tenir au courant des derni\u00e8res nouvelles sur les offres sp\u00e9ciales, les promotions, la litt\u00e9rature m\u00e9dicale et les publications.<\/p>\n\t\n          \n      <button type=\"submit\" name=\"commit\" id=\"Subscribe\">\n        S&rsquo;inscrire\n        Go\n      <\/button>\n\n","protected":false},"excerpt":{"rendered":"<p>Pourquoi D&rsquo;\u00e9minents M\u00e9decins Pr\u00e9conisent-ils la Marque NeilMed&reg; Plut\u00f4t que Toute Autre Marque de Produits de Solution Saline? A \u00e9t\u00e9 \u00e9tudi\u00e9e, con\u00e7ue, brevet\u00e9e et constamment perfectionn\u00e9e par des m\u00e9decins. Le syst\u00e8me le plus prescrit au Canada et aux \u00c9tats-Unis pour l&rsquo;irrigation nasale et des sinus. Garantie sans sensation de br\u00fblure ni de picotements Abordable et portative&hellip;<\/p>\n","protected":false},"author":1,"featured_media":1521,"parent":0,"menu_order":13,"comment_status":"closed","ping_status":"closed","template":"","meta":{"_acf_changed":false,"inline_featured_image":false,"footnotes":""},"categories":[10,6],"tags":[],"class_list":["post-83","page","type-page","status-publish","has-post-thumbnail","hentry","category-articles-et-litterature-medicaux","category-sinus-allergy"],"yoast_head":"<!-- This site is optimized with the Yoast SEO Premium plugin v27.2 (Yoast SEO v27.3) - https:\/\/yoast.com\/product\/yoast-seo-premium-wordpress\/ -->\n<title>Pourquoi les m\u00e9decins pr\u00e9f\u00e8rent NeilMed - NeilMed Pharmaceuticals - French Canadian<\/title>\n<meta name=\"description\" content=\"Find out why leading doctors prefer NeilMed brand products over all other saline nasal irrigation products.\" \/>\n<meta name=\"robots\" content=\"index, follow, max-snippet:-1, max-image-preview:large, max-video-preview:-1\" \/>\n<link rel=\"canonical\" href=\"https:\/\/www.neilmed.com\/fra\/pourquoi-les-medecins-preferent-neilmed\/\" \/>\n<meta property=\"og:locale\" content=\"fr_CA\" \/>\n<meta property=\"og:type\" content=\"article\" \/>\n<meta property=\"og:title\" content=\"Pourquoi les m\u00e9decins pr\u00e9f\u00e8rent NeilMed\" \/>\n<meta property=\"og:description\" content=\"Find out why leading doctors prefer NeilMed brand products over all other saline nasal irrigation products.\" \/>\n<meta property=\"og:url\" content=\"https:\/\/www.neilmed.com\/fra\/pourquoi-les-medecins-preferent-neilmed\/\" \/>\n<meta property=\"og:site_name\" content=\"NeilMed Pharmaceuticals - French Canadian\" \/>\n<meta property=\"og:image\" content=\"https:\/\/www.neilmed.com\/fra\/wp-content\/uploads\/sites\/11\/2022\/03\/dr-stethoscope.jpeg\" \/>\n\t<meta property=\"og:image:width\" content=\"1083\" \/>\n\t<meta property=\"og:image:height\" content=\"1084\" \/>\n\t<meta property=\"og:image:type\" content=\"image\/jpeg\" \/>\n<meta name=\"twitter:card\" content=\"summary_large_image\" \/>\n<meta name=\"twitter:label1\" content=\"Estimation du temps de lecture\" \/>\n\t<meta name=\"twitter:data1\" content=\"3 minutes\" \/>\n<script type=\"application\/ld+json\" class=\"yoast-schema-graph\">{\"@context\":\"https:\\\/\\\/schema.org\",\"@graph\":[{\"@type\":\"WebPage\",\"@id\":\"https:\\\/\\\/www.neilmed.com\\\/fra\\\/pourquoi-les-medecins-preferent-neilmed\\\/\",\"url\":\"https:\\\/\\\/www.neilmed.com\\\/fra\\\/pourquoi-les-medecins-preferent-neilmed\\\/\",\"name\":\"Pourquoi les m\u00e9decins pr\u00e9f\u00e8rent NeilMed - NeilMed Pharmaceuticals - French Canadian\",\"isPartOf\":{\"@id\":\"https:\\\/\\\/www.neilmed.com\\\/fra\\\/#website\"},\"primaryImageOfPage\":{\"@id\":\"https:\\\/\\\/www.neilmed.com\\\/fra\\\/pourquoi-les-medecins-preferent-neilmed\\\/#primaryimage\"},\"image\":{\"@id\":\"https:\\\/\\\/www.neilmed.com\\\/fra\\\/pourquoi-les-medecins-preferent-neilmed\\\/#primaryimage\"},\"thumbnailUrl\":\"https:\\\/\\\/www.neilmed.com\\\/fra\\\/wp-content\\\/uploads\\\/sites\\\/11\\\/2022\\\/03\\\/dr-stethoscope.jpeg\",\"datePublished\":\"2022-02-17T18:51:57+00:00\",\"description\":\"Find out why leading doctors prefer NeilMed brand products over all other saline nasal irrigation products.\",\"breadcrumb\":{\"@id\":\"https:\\\/\\\/www.neilmed.com\\\/fra\\\/pourquoi-les-medecins-preferent-neilmed\\\/#breadcrumb\"},\"inLanguage\":\"fr-CA\",\"potentialAction\":[{\"@type\":\"ReadAction\",\"target\":[\"https:\\\/\\\/www.neilmed.com\\\/fra\\\/pourquoi-les-medecins-preferent-neilmed\\\/\"]}]},{\"@type\":\"ImageObject\",\"inLanguage\":\"fr-CA\",\"@id\":\"https:\\\/\\\/www.neilmed.com\\\/fra\\\/pourquoi-les-medecins-preferent-neilmed\\\/#primaryimage\",\"url\":\"https:\\\/\\\/www.neilmed.com\\\/fra\\\/wp-content\\\/uploads\\\/sites\\\/11\\\/2022\\\/03\\\/dr-stethoscope.jpeg\",\"contentUrl\":\"https:\\\/\\\/www.neilmed.com\\\/fra\\\/wp-content\\\/uploads\\\/sites\\\/11\\\/2022\\\/03\\\/dr-stethoscope.jpeg\",\"width\":1083,\"height\":1084,\"caption\":\"Medical physician doctor man over hospital background.\"},{\"@type\":\"BreadcrumbList\",\"@id\":\"https:\\\/\\\/www.neilmed.com\\\/fra\\\/pourquoi-les-medecins-preferent-neilmed\\\/#breadcrumb\",\"itemListElement\":[{\"@type\":\"ListItem\",\"position\":1,\"name\":\"Home\",\"item\":\"https:\\\/\\\/www.neilmed.com\\\/fra\\\/\"},{\"@type\":\"ListItem\",\"position\":2,\"name\":\"Pourquoi les m\u00e9decins pr\u00e9f\u00e8rent NeilMed\"}]},{\"@type\":\"WebSite\",\"@id\":\"https:\\\/\\\/www.neilmed.com\\\/fra\\\/#website\",\"url\":\"https:\\\/\\\/www.neilmed.com\\\/fra\\\/\",\"name\":\"NeilMed Pharmaceuticals - French Canadian\",\"description\":\"NeilMed Pharmaceuticals: world leader in nasal saline irrigation system | Sinus Rinse | Neti Pot | Nasal Irrigation\",\"potentialAction\":[{\"@type\":\"SearchAction\",\"target\":{\"@type\":\"EntryPoint\",\"urlTemplate\":\"https:\\\/\\\/www.neilmed.com\\\/fra\\\/?s={search_term_string}\"},\"query-input\":{\"@type\":\"PropertyValueSpecification\",\"valueRequired\":true,\"valueName\":\"search_term_string\"}}],\"inLanguage\":\"fr-CA\"}]}<\/script>\n<!-- \/ Yoast SEO Premium plugin. -->","yoast_head_json":{"title":"Pourquoi les m\u00e9decins pr\u00e9f\u00e8rent NeilMed - NeilMed Pharmaceuticals - French Canadian","description":"Find out why leading doctors prefer NeilMed brand products over all other saline nasal irrigation products.","robots":{"index":"index","follow":"follow","max-snippet":"max-snippet:-1","max-image-preview":"max-image-preview:large","max-video-preview":"max-video-preview:-1"},"canonical":"https:\/\/www.neilmed.com\/fra\/pourquoi-les-medecins-preferent-neilmed\/","og_locale":"fr_CA","og_type":"article","og_title":"Pourquoi les m\u00e9decins pr\u00e9f\u00e8rent NeilMed","og_description":"Find out why leading doctors prefer NeilMed brand products over all other saline nasal irrigation products.","og_url":"https:\/\/www.neilmed.com\/fra\/pourquoi-les-medecins-preferent-neilmed\/","og_site_name":"NeilMed Pharmaceuticals - French Canadian","og_image":[{"width":1083,"height":1084,"url":"https:\/\/www.neilmed.com\/fra\/wp-content\/uploads\/sites\/11\/2022\/03\/dr-stethoscope.jpeg","type":"image\/jpeg"}],"twitter_card":"summary_large_image","twitter_misc":{"Estimation du temps de lecture":"3 minutes"},"schema":{"@context":"https:\/\/schema.org","@graph":[{"@type":"WebPage","@id":"https:\/\/www.neilmed.com\/fra\/pourquoi-les-medecins-preferent-neilmed\/","url":"https:\/\/www.neilmed.com\/fra\/pourquoi-les-medecins-preferent-neilmed\/","name":"Pourquoi les m\u00e9decins pr\u00e9f\u00e8rent NeilMed - NeilMed Pharmaceuticals - French Canadian","isPartOf":{"@id":"https:\/\/www.neilmed.com\/fra\/#website"},"primaryImageOfPage":{"@id":"https:\/\/www.neilmed.com\/fra\/pourquoi-les-medecins-preferent-neilmed\/#primaryimage"},"image":{"@id":"https:\/\/www.neilmed.com\/fra\/pourquoi-les-medecins-preferent-neilmed\/#primaryimage"},"thumbnailUrl":"https:\/\/www.neilmed.com\/fra\/wp-content\/uploads\/sites\/11\/2022\/03\/dr-stethoscope.jpeg","datePublished":"2022-02-17T18:51:57+00:00","description":"Find out why leading doctors prefer NeilMed brand products over all other saline nasal irrigation products.","breadcrumb":{"@id":"https:\/\/www.neilmed.com\/fra\/pourquoi-les-medecins-preferent-neilmed\/#breadcrumb"},"inLanguage":"fr-CA","potentialAction":[{"@type":"ReadAction","target":["https:\/\/www.neilmed.com\/fra\/pourquoi-les-medecins-preferent-neilmed\/"]}]},{"@type":"ImageObject","inLanguage":"fr-CA","@id":"https:\/\/www.neilmed.com\/fra\/pourquoi-les-medecins-preferent-neilmed\/#primaryimage","url":"https:\/\/www.neilmed.com\/fra\/wp-content\/uploads\/sites\/11\/2022\/03\/dr-stethoscope.jpeg","contentUrl":"https:\/\/www.neilmed.com\/fra\/wp-content\/uploads\/sites\/11\/2022\/03\/dr-stethoscope.jpeg","width":1083,"height":1084,"caption":"Medical physician doctor man over hospital background."},{"@type":"BreadcrumbList","@id":"https:\/\/www.neilmed.com\/fra\/pourquoi-les-medecins-preferent-neilmed\/#breadcrumb","itemListElement":[{"@type":"ListItem","position":1,"name":"Home","item":"https:\/\/www.neilmed.com\/fra\/"},{"@type":"ListItem","position":2,"name":"Pourquoi les m\u00e9decins pr\u00e9f\u00e8rent NeilMed"}]},{"@type":"WebSite","@id":"https:\/\/www.neilmed.com\/fra\/#website","url":"https:\/\/www.neilmed.com\/fra\/","name":"NeilMed Pharmaceuticals - French Canadian","description":"NeilMed Pharmaceuticals: world leader in nasal saline irrigation system | Sinus Rinse | Neti Pot | Nasal Irrigation","potentialAction":[{"@type":"SearchAction","target":{"@type":"EntryPoint","urlTemplate":"https:\/\/www.neilmed.com\/fra\/?s={search_term_string}"},"query-input":{"@type":"PropertyValueSpecification","valueRequired":true,"valueName":"search_term_string"}}],"inLanguage":"fr-CA"}]}},"acf":[],"_links":{"self":[{"href":"https:\/\/www.neilmed.com\/fra\/wp-json\/wp\/v2\/pages\/83","targetHints":{"allow":["GET"]}}],"collection":[{"href":"https:\/\/www.neilmed.com\/fra\/wp-json\/wp\/v2\/pages"}],"about":[{"href":"https:\/\/www.neilmed.com\/fra\/wp-json\/wp\/v2\/types\/page"}],"author":[{"embeddable":true,"href":"https:\/\/www.neilmed.com\/fra\/wp-json\/wp\/v2\/users\/1"}],"replies":[{"embeddable":true,"href":"https:\/\/www.neilmed.com\/fra\/wp-json\/wp\/v2\/comments?post=83"}],"version-history":[{"count":0,"href":"https:\/\/www.neilmed.com\/fra\/wp-json\/wp\/v2\/pages\/83\/revisions"}],"wp:featuredmedia":[{"embeddable":true,"href":"https:\/\/www.neilmed.com\/fra\/wp-json\/wp\/v2\/media\/1521"}],"wp:attachment":[{"href":"https:\/\/www.neilmed.com\/fra\/wp-json\/wp\/v2\/media?parent=83"}],"wp:term":[{"taxonomy":"category","embeddable":true,"href":"https:\/\/www.neilmed.com\/fra\/wp-json\/wp\/v2\/categories?post=83"},{"taxonomy":"post_tag","embeddable":true,"href":"https:\/\/www.neilmed.com\/fra\/wp-json\/wp\/v2\/tags?post=83"}],"curies":[{"name":"wp","href":"https:\/\/api.w.org\/{rel}","templated":true}]}}