{"id":190,"date":"2022-02-17T14:45:43","date_gmt":"2022-02-17T13:45:43","guid":{"rendered":"https:\/\/dev.neilmed.com\/ger\/?page_id=190"},"modified":"2026-02-17T22:40:08","modified_gmt":"2026-02-17T21:40:08","slug":"contact-us","status":"publish","type":"page","link":"https:\/\/www.neilmed.com\/ger\/contact-us\/","title":{"rendered":"Contact Us"},"content":{"rendered":"\n<h1>\n\t\t\t Kontaktieren Sie uns\t<\/h1>\n\t<a href=\"https:\/\/www.neilmed.com\/ger\/\">Home<\/a> \u00bb <strong aria-current=\"page\">\nKontaktieren Sie uns<\/strong>\n\t<a href=\"#contact-us\"><br \/>\nKontaktieren Sie uns<\/a>\n\t<iframe src=\"https:\/\/www.google.com\/maps\/embed\/v1\/place?q=NeilMed+Pharma+GmbH%0AHarkortstra%C3%9Fe+12+%2F+A6+40880%0ARatingen%2C+Germany&#038;key=AIzaSyD09zQ9PNDNNy9TadMuzRV_UsPUoWKntt8\" aria-hidden=\"true\"><\/iframe>\n<h2>\n\t\t\t\u00d6RTLICHES B\u00dcRO\t<\/h2>\n\t\tNeilMed Pharma GmbH<br \/>\nHarkortstra\u00dfe 12 \/ A6 40880<br \/>\nRatingen, Germany\n\t\t<p><a href=\"mailto:info.de@neilmed.com\">info.de@neilmed.com<\/a><\/p>\n<h2>\n\t\t\tIN VERBINDUNG BLEIBEN\t<\/h2>\n\t<strong>NeilMed<\/strong> bietet Ihnen gr\u00f6\u00dftm\u00f6gliche Unterst\u00fctzung und Service. Wir m\u00f6chten, dass Sie bei Fragen zu unserer Nasendusche oder anderen NeilMed Produkten, schnell und einfach die Antworten erhalten.<br \/>\n<strong>Kontaktformular<\/strong><br \/>\nSchreiben Sie uns Ihr Anliegen mit dem Kontaktformular &#8211; siehe unten. Wir bem\u00fchen uns Ihnen die Antwort innerhalb von zwei Arbeitstagen zukommen zu lassen..<br \/>\n<strong>Email<\/strong><br \/>\nSchreiben Sie uns Ihr Anliegen oder Ihre Erfahrungsberichte per E-Mail. Ihre Erfahrungen sind wichtig f\u00fcr uns, schreiben Sie an service@neilmed.com\n<p><strong>Wenn Sie Fragen oder Kommentare haben, f\u00fcllen Sie bitte das folgende Formular aus und senden Sie es uns.<\/strong><\/p>\n\t\t<h3>Erlebe das Gef\u00fchl einer freien Nase<\/h3>\n\t\t\t<a href=\"https:\/\/www.neilmed.com\/ger\/unsere-marktplaetze\/\" target=\"_self\">\n\t\t\t\t\t\t\tJETZT BESTELLEN\n\t\t\t<\/a>\n\t\t\t\t<img decoding=\"async\" src=\"https:\/\/www.neilmed.com\/ger\/wp-content\/uploads\/sites\/10\/2022\/04\/mail-icon-newsletter.svg\" alt=\"mail-icon-newsletter\" itemprop=\"image\" height=\"0\" width=\"0\" title=\"mail-icon-newsletter\" onerror=\"this.style.display='none'\" loading=\"lazy\" \/>\n\tJoin Our Newsletter\n\t<p>Tragen Sie sich in unsere Mailingliste ein, um auf dem neuesten Stand zu bleiben und aktuelle Informationen zu Sonderangeboten, Werbeaktionen, medizinischen Literaturen und Ver\u00f6ffentlichungen zu erhalten.<\/p>\n\t<form method=\"post\" action=\"\/usa\/newsletter-sign-up\/\" id=\"ContactFooter\">\n          <input type=\"email\" autocomplete=\"email\" placeholder=\"Your email\"\/>\n      <button type=\"submit\" name=\"commit\" id=\"Subscribe\">\n        Subscribe\n        Go\n      <\/button><\/form>\n\n","protected":false},"excerpt":{"rendered":"<p>Kontaktieren Sie uns Home \u00bb Kontaktieren Sie uns Kontaktieren Sie uns \u00d6RTLICHES B\u00dcRO NeilMed Pharma GmbH Harkortstra\u00dfe 12 \/ A6 40880 Ratingen, Germany info.de@neilmed.com IN VERBINDUNG BLEIBEN NeilMed bietet Ihnen gr\u00f6\u00dftm\u00f6gliche Unterst\u00fctzung und Service. Wir m\u00f6chten, dass Sie bei Fragen zu unserer Nasendusche oder anderen NeilMed Produkten, schnell und einfach die Antworten erhalten. Kontaktformular Schreiben&hellip;<\/p>\n","protected":false},"author":1,"featured_media":2422,"parent":0,"menu_order":14,"comment_status":"closed","ping_status":"closed","template":"","meta":{"_acf_changed":false,"inline_featured_image":false,"footnotes":""},"categories":[5,17,13],"tags":[],"class_list":["post-190","page","type-page","status-publish","has-post-thumbnail","hentry","category-about","category-contact-us","category-important-links"],"yoast_head":"<!-- This site is optimized with the Yoast SEO Premium plugin v27.4 (Yoast SEO v27.5) - https:\/\/yoast.com\/product\/yoast-seo-premium-wordpress\/ -->\n<title>Contact Us - NeilMed Pharmaceuticals - Germany<\/title>\n<meta name=\"description\" content=\"Contact Us! We&#039;re available 24\/7 to answer any questions you may have. You can reach us on social media too!\" \/>\n<meta name=\"robots\" content=\"index, follow, max-snippet:-1, max-image-preview:large, max-video-preview:-1\" \/>\n<link rel=\"canonical\" href=\"https:\/\/www.neilmed.com\/ger\/contact-us\/\" \/>\n<meta property=\"og:locale\" content=\"de_DE\" \/>\n<meta property=\"og:type\" content=\"article\" \/>\n<meta property=\"og:title\" content=\"Contact Us\" \/>\n<meta property=\"og:description\" content=\"Contact Us! We&#039;re available 24\/7 to answer any questions you may have. You can reach us on social media too!\" \/>\n<meta property=\"og:url\" content=\"https:\/\/www.neilmed.com\/ger\/contact-us\/\" \/>\n<meta property=\"og:site_name\" content=\"NeilMed Pharmaceuticals - Germany\" \/>\n<meta property=\"article:modified_time\" content=\"2026-02-17T21:40:08+00:00\" \/>\n<meta property=\"og:image\" content=\"https:\/\/www.neilmed.com\/ger\/wp-content\/uploads\/sites\/10\/2022\/03\/nm-logo.jpg\" \/>\n\t<meta property=\"og:image:width\" content=\"241\" \/>\n\t<meta property=\"og:image:height\" content=\"200\" \/>\n\t<meta property=\"og:image:type\" content=\"image\/jpeg\" \/>\n<meta name=\"twitter:card\" content=\"summary_large_image\" \/>\n<meta name=\"twitter:label1\" content=\"Gesch\u00e4tzte Lesezeit\" \/>\n\t<meta name=\"twitter:data1\" content=\"1\u00a0Minute\" \/>\n<script type=\"application\/ld+json\" class=\"yoast-schema-graph\">{\"@context\":\"https:\\\/\\\/schema.org\",\"@graph\":[{\"@type\":\"WebPage\",\"@id\":\"https:\\\/\\\/www.neilmed.com\\\/ger\\\/contact-us\\\/\",\"url\":\"https:\\\/\\\/www.neilmed.com\\\/ger\\\/contact-us\\\/\",\"name\":\"Contact Us - NeilMed Pharmaceuticals - Germany\",\"isPartOf\":{\"@id\":\"https:\\\/\\\/www.neilmed.com\\\/ger\\\/#website\"},\"primaryImageOfPage\":{\"@id\":\"https:\\\/\\\/www.neilmed.com\\\/ger\\\/contact-us\\\/#primaryimage\"},\"image\":{\"@id\":\"https:\\\/\\\/www.neilmed.com\\\/ger\\\/contact-us\\\/#primaryimage\"},\"thumbnailUrl\":\"https:\\\/\\\/www.neilmed.com\\\/ger\\\/wp-content\\\/uploads\\\/sites\\\/10\\\/2022\\\/03\\\/nm-logo.jpg\",\"datePublished\":\"2022-02-17T13:45:43+00:00\",\"dateModified\":\"2026-02-17T21:40:08+00:00\",\"description\":\"Contact Us! We're available 24\\\/7 to answer any questions you may have. You can reach us on social media too!\",\"breadcrumb\":{\"@id\":\"https:\\\/\\\/www.neilmed.com\\\/ger\\\/contact-us\\\/#breadcrumb\"},\"inLanguage\":\"de\",\"potentialAction\":[{\"@type\":\"ReadAction\",\"target\":[\"https:\\\/\\\/www.neilmed.com\\\/ger\\\/contact-us\\\/\"]}]},{\"@type\":\"ImageObject\",\"inLanguage\":\"de\",\"@id\":\"https:\\\/\\\/www.neilmed.com\\\/ger\\\/contact-us\\\/#primaryimage\",\"url\":\"https:\\\/\\\/www.neilmed.com\\\/ger\\\/wp-content\\\/uploads\\\/sites\\\/10\\\/2022\\\/03\\\/nm-logo.jpg\",\"contentUrl\":\"https:\\\/\\\/www.neilmed.com\\\/ger\\\/wp-content\\\/uploads\\\/sites\\\/10\\\/2022\\\/03\\\/nm-logo.jpg\",\"width\":241,\"height\":200},{\"@type\":\"BreadcrumbList\",\"@id\":\"https:\\\/\\\/www.neilmed.com\\\/ger\\\/contact-us\\\/#breadcrumb\",\"itemListElement\":[{\"@type\":\"ListItem\",\"position\":1,\"name\":\"Home\",\"item\":\"https:\\\/\\\/www.neilmed.com\\\/ger\\\/\"},{\"@type\":\"ListItem\",\"position\":2,\"name\":\"Contact Us\"}]},{\"@type\":\"WebSite\",\"@id\":\"https:\\\/\\\/www.neilmed.com\\\/ger\\\/#website\",\"url\":\"https:\\\/\\\/www.neilmed.com\\\/ger\\\/\",\"name\":\"NeilMed Pharmaceuticals - Germany\",\"description\":\"NeilMed Pharmaceuticals: world leader in nasal saline irrigation system | Sinus Rinse | Neti Pot | Nasal Irrigation\",\"potentialAction\":[{\"@type\":\"SearchAction\",\"target\":{\"@type\":\"EntryPoint\",\"urlTemplate\":\"https:\\\/\\\/www.neilmed.com\\\/ger\\\/?s={search_term_string}\"},\"query-input\":{\"@type\":\"PropertyValueSpecification\",\"valueRequired\":true,\"valueName\":\"search_term_string\"}}],\"inLanguage\":\"de\"}]}<\/script>\n<!-- \/ Yoast SEO Premium plugin. -->","yoast_head_json":{"title":"Contact Us - NeilMed Pharmaceuticals - Germany","description":"Contact Us! We're available 24\/7 to answer any questions you may have. You can reach us on social media too!","robots":{"index":"index","follow":"follow","max-snippet":"max-snippet:-1","max-image-preview":"max-image-preview:large","max-video-preview":"max-video-preview:-1"},"canonical":"https:\/\/www.neilmed.com\/ger\/contact-us\/","og_locale":"de_DE","og_type":"article","og_title":"Contact Us","og_description":"Contact Us! We're available 24\/7 to answer any questions you may have. You can reach us on social media too!","og_url":"https:\/\/www.neilmed.com\/ger\/contact-us\/","og_site_name":"NeilMed Pharmaceuticals - Germany","article_modified_time":"2026-02-17T21:40:08+00:00","og_image":[{"width":241,"height":200,"url":"https:\/\/www.neilmed.com\/ger\/wp-content\/uploads\/sites\/10\/2022\/03\/nm-logo.jpg","type":"image\/jpeg"}],"twitter_card":"summary_large_image","twitter_misc":{"Gesch\u00e4tzte Lesezeit":"1\u00a0Minute"},"schema":{"@context":"https:\/\/schema.org","@graph":[{"@type":"WebPage","@id":"https:\/\/www.neilmed.com\/ger\/contact-us\/","url":"https:\/\/www.neilmed.com\/ger\/contact-us\/","name":"Contact Us - NeilMed Pharmaceuticals - Germany","isPartOf":{"@id":"https:\/\/www.neilmed.com\/ger\/#website"},"primaryImageOfPage":{"@id":"https:\/\/www.neilmed.com\/ger\/contact-us\/#primaryimage"},"image":{"@id":"https:\/\/www.neilmed.com\/ger\/contact-us\/#primaryimage"},"thumbnailUrl":"https:\/\/www.neilmed.com\/ger\/wp-content\/uploads\/sites\/10\/2022\/03\/nm-logo.jpg","datePublished":"2022-02-17T13:45:43+00:00","dateModified":"2026-02-17T21:40:08+00:00","description":"Contact Us! We're available 24\/7 to answer any questions you may have. You can reach us on social media too!","breadcrumb":{"@id":"https:\/\/www.neilmed.com\/ger\/contact-us\/#breadcrumb"},"inLanguage":"de","potentialAction":[{"@type":"ReadAction","target":["https:\/\/www.neilmed.com\/ger\/contact-us\/"]}]},{"@type":"ImageObject","inLanguage":"de","@id":"https:\/\/www.neilmed.com\/ger\/contact-us\/#primaryimage","url":"https:\/\/www.neilmed.com\/ger\/wp-content\/uploads\/sites\/10\/2022\/03\/nm-logo.jpg","contentUrl":"https:\/\/www.neilmed.com\/ger\/wp-content\/uploads\/sites\/10\/2022\/03\/nm-logo.jpg","width":241,"height":200},{"@type":"BreadcrumbList","@id":"https:\/\/www.neilmed.com\/ger\/contact-us\/#breadcrumb","itemListElement":[{"@type":"ListItem","position":1,"name":"Home","item":"https:\/\/www.neilmed.com\/ger\/"},{"@type":"ListItem","position":2,"name":"Contact Us"}]},{"@type":"WebSite","@id":"https:\/\/www.neilmed.com\/ger\/#website","url":"https:\/\/www.neilmed.com\/ger\/","name":"NeilMed Pharmaceuticals - Germany","description":"NeilMed Pharmaceuticals: world leader in nasal saline irrigation system | Sinus Rinse | Neti Pot | Nasal Irrigation","potentialAction":[{"@type":"SearchAction","target":{"@type":"EntryPoint","urlTemplate":"https:\/\/www.neilmed.com\/ger\/?s={search_term_string}"},"query-input":{"@type":"PropertyValueSpecification","valueRequired":true,"valueName":"search_term_string"}}],"inLanguage":"de"}]}},"acf":[],"_links":{"self":[{"href":"https:\/\/www.neilmed.com\/ger\/wp-json\/wp\/v2\/pages\/190","targetHints":{"allow":["GET"]}}],"collection":[{"href":"https:\/\/www.neilmed.com\/ger\/wp-json\/wp\/v2\/pages"}],"about":[{"href":"https:\/\/www.neilmed.com\/ger\/wp-json\/wp\/v2\/types\/page"}],"author":[{"embeddable":true,"href":"https:\/\/www.neilmed.com\/ger\/wp-json\/wp\/v2\/users\/1"}],"replies":[{"embeddable":true,"href":"https:\/\/www.neilmed.com\/ger\/wp-json\/wp\/v2\/comments?post=190"}],"version-history":[{"count":9,"href":"https:\/\/www.neilmed.com\/ger\/wp-json\/wp\/v2\/pages\/190\/revisions"}],"predecessor-version":[{"id":5182,"href":"https:\/\/www.neilmed.com\/ger\/wp-json\/wp\/v2\/pages\/190\/revisions\/5182"}],"wp:featuredmedia":[{"embeddable":true,"href":"https:\/\/www.neilmed.com\/ger\/wp-json\/wp\/v2\/media\/2422"}],"wp:attachment":[{"href":"https:\/\/www.neilmed.com\/ger\/wp-json\/wp\/v2\/media?parent=190"}],"wp:term":[{"taxonomy":"category","embeddable":true,"href":"https:\/\/www.neilmed.com\/ger\/wp-json\/wp\/v2\/categories?post=190"},{"taxonomy":"post_tag","embeddable":true,"href":"https:\/\/www.neilmed.com\/ger\/wp-json\/wp\/v2\/tags?post=190"}],"curies":[{"name":"wp","href":"https:\/\/api.w.org\/{rel}","templated":true}]}}