{"id":22,"date":"2022-02-17T10:04:29","date_gmt":"2022-02-17T09:04:29","guid":{"rendered":"https:\/\/dev.neilmed.com\/ger\/?page_id=22"},"modified":"2024-09-13T00:12:48","modified_gmt":"2024-09-12T22:12:48","slug":"gebrauchsanweisung-und-warnhinweise","status":"publish","type":"page","link":"https:\/\/www.neilmed.com\/ger\/gebrauchsanweisung-und-warnhinweise\/","title":{"rendered":"Gebrauchsanweisung und Warnhinweise"},"content":{"rendered":"\r\n<h1>\r\n\t\tGebrauchsanweisung\r\n\t<\/h1>\r\n\t<a href=\"https:\/\/www.neilmed.com\/ger\/\">Startseite<\/a> \u00bb <strong aria-current=\"page\">Gebrauchsanweisung<\/strong>\r\n\t<h2><strong><a href=\"#warning\">Bitte lesen Sie die HINWEISE vor Gebrauch.<\/a><\/strong><\/h2>\r\n\r\n<h3>Anwendung ausschlie\u00dflich in der vorgeschriebenen Weise, falls Symptome weiterbestehen konsultieren Sie Ihren Arzt. Lesen Sie immer die Packungstexte und die Gebrauchsinformation..<\/h3>\r\n\t\t\t\t\t<a href=\"#\" id=\"fl-accordion--label-0\" tabindex=\"0\" aria-controls=\"fl-accordion--panel-0\">SINUS RINSE Nasendusche<\/a>\r\n\t\t\t\t\t\t\t\t\t\t\t<a href=\"#\" id=\"fl-accordion--icon-0\" tabindex=\"-1\"><i>Collapse<\/i><\/a>\r\n\t\t\t\t\t<p><strong>Bitte lesen Sie die HINWEISE vor Gebrauch.<\/strong><br \/>Anwendung ausschlie\u00dflich in der vorgeschriebenen Weise, falls Symptome weiterbestehen konsultieren Sie Ihren Arzt. Lesen Sie immer die Packungstexte und die Gebrauchsinformation.<\/p>\r\n<h4><strong>Schritt1<\/strong><\/h4>\r\n<p>Bitte waschen Sie Ihre H\u00e4nde. F\u00fcllen Sie die saubere Flasche mit dem angegebenen Volumen an destilliertem Wasser, stillem Mineralwasser oder kurz zuvor gekochtem und abgek\u00fchltem Wasser. Sp\u00fclen Sie Ihre Naseng\u00e4nge immer nur mit dem NeilMed&reg; Nasensp\u00fclsalz. Unsere fertig gemischten Salzsachets enthalten eine Mischung aus Natriumchlorid und Natriumbicarbonat in Arzneiqualit\u00e4t (nach USA Normen). Diese Zutaten sind von der reinsten verf\u00fcgbaren Qualit\u00e4t, um diese Salzmischung herzustellen. Bei der Sp\u00fclung der Naseng\u00e4nge nur mit Wasser kann es zu einem Brennen in der Nase kommen, da reines Wasser nicht die physiologischen Eigenschaften der Nasenschleimh\u00e4ute hat. Zu Ihrer eigenen Sicherheit verwenden Sie bitte kein Leitungswasser um das Salz aufzul\u00f6sen, bevor dieses nicht f\u00fcr mindestens 5 Minuten abgekocht wurde. Das Kochen sterilisiert das Wasser. Lassen Sie das abgekochte Wasser auf K\u00f6rpertemperatur abk\u00fchlen. Andere M\u00f6glichkeiten sind destilliertes Wasser oder stilles Mineralwasser. Abgekochtes Wasser k\u00f6nnen Sie in einem sauberen geschlossenen Gef\u00e4\u00df im K\u00fchlschrank bis zu 7 Tage aufbewahren.<\/p>\r\n<h4><strong>Schritt 2<\/strong><\/h4>\r\n<p>Schneiden Sie das NeilMed Salzsachet an der Ecke ab und gie\u00dfen Sie den Inhalt in die Flasche. Ziehen Sie den Aufsatz mit dem R\u00f6hrchen fest. Legen Sie einen Finger \u00fcber die Spitze und sch\u00fctteln Sie die Flasche vorsichtig, um die Salzmischung aufzul\u00f6sen.<\/p>\r\n<h4><strong>Schritt 3<\/strong><\/h4>\r\n<p>Stellen Sie sich vor ein Waschbecken, beugen Sie sich nach vorne und neigen Sie den Kopf nach unten. Halten Sie den Mund offen, ohne den Atem anzuhalten und setzen Sie die Spitze fest an Ihre Nasen\u00f6ffnung. Dr\u00fccken Sie die Flasche vorsichtig zusammen, bis die L\u00f6sung aus dem gegen\u00fcberliegenden Nasenloch abflie\u00dft. Einige Tropfen k\u00f6nnen auch aus Ihrem Mund abflie\u00dfen. Dr\u00fccken Sie die Flasche vorsichtig weiter, bis mindestens ein Viertel bis etwa zur H\u00e4lfte (60 ml bis 120 ml) der Sp\u00fcll\u00f6sung verwendet ist. Schlucken Sie die L\u00f6sung nicht.<\/p>\r\n<h4><strong>Schritt 4<\/strong><\/h4>\r\n<p>Putzen Sie Ihre Nase sehr sanft, ohne die Nase vollst\u00e4ndig zu verschlie\u00dfen, um Druck auf das Trommelfell zu vermeiden. Wenn es ertr\u00e4glich ist, schn\u00fcffeln Sie ein- oder zweimal vorsichtig an der verbleibenden Restl\u00f6sung im Nasengang, da dies den hinteren Nasopharyngealbereich reinigen kann, der sich auf der R\u00fcckseite Ihres Nasengangs befindet. Manchmal erreichen einige Tropfen der L\u00f6sung Ihren Rachen, spucken Sie sie bitte aus. Um die restliche Fl\u00fcssigkeit aus der Nase zu bekommen, putzen Sie Ihre Nase vorsichtig, w\u00e4hrend Sie Ihren Kopf nach vorne und zur gegen\u00fcberliegenden Seite des gerade gesp\u00fclten Nasengangs neigen.<\/p>\r\n<h4><strong>Schritt 5<\/strong><\/h4>\r\n<p>Wiederholen Sie nun die Schritte 3 und 4 an Ihren anderen Nasengang. Die meisten Benutzer finden, dass zweimal t\u00e4glich gesp\u00fclt werden sollte, \u00e4hnlich wie beim Z\u00e4hneputzen. Viele \u00c4rzte empfehlen 3-4 Mal t\u00e4glich zu sp\u00fclen. Unter besonderen Umst\u00e4nden ist auch das Sp\u00fclen bis zu 6 Mal t\u00e4glich m\u00f6glich und absolut sicher. Bitte befolgen Sie die Anweisungen Ihres Arztes.<\/p>\r\n<h4><strong>Schritt 6<\/strong><\/h4>\r\n<p>Reinigen Sie die Flasche und den Verschluss (R\u00f6hrchen mit Spitze). Trocknen Sie die Flasche, die Spitze und das R\u00f6hrchen an der Luft auf einem sauberen Papiertuch verwenden Sie ein fusselfreies sauberes Handtuch um die Flasche, die Spitze und das R\u00f6hrchen aufzubewahren.<\/p>\r\n\t\t\t\t\t<a href=\"#\" id=\"fl-accordion--label-1\" tabindex=\"0\" aria-controls=\"fl-accordion--panel-1\">ANWEISUNGEN ZUR REINIGUNG UND DESINFEKTION DER SINUS RINSE NASENDUSCHE FLASCHE <\/a>\r\n\t\t\t\t\t\t\t\t\t\t\t<a href=\"#\" id=\"fl-accordion--icon-1\" tabindex=\"-1\"><i>Expand<\/i><\/a>\r\n\t\t\t\t\t<h4><strong>Es ist wichtig diese Produkte sauber und frei von Verschmutzung zu halten. Ersetzen Sie die Flasche alle 3 Monate.<\/strong><\/h4>\r\n<p>NeilMed SINUS RINSE Flasche: Bitte pr\u00fcfen Sie die Flasche und den Aufsatz regelm\u00e4\u00dfig auf Farbver\u00e4nderungen oder Risse. Falls Anzeichen von Verschlei\u00df \/ Alterung oder dauerhafter Farbver\u00e4nderungen sichtbar sind, reinigen Sie die Flasche sorgf\u00e4ltig. Falls die Farbver\u00e4nderungen bestehen bleiben entsorgen Sie das Produkt und kaufen Sie ein Neues. Unsere Empfehlung ist die Flasche alle 3 Monate zu ersetzen. Wir empfehlen dringend die nachfolgenden Reinigungsschritte nach jedem Gebrauch des Produktes auszuf\u00fchren:<\/p>\r\n<p><strong>Schritt 1:<\/strong> Reinigen Sie die Flasche, Aufsatz und R\u00f6hrchen unter flie\u00dfendem Wasser. F\u00fcllen Sie die Flasche mit destilliertem Wasser oder abgekochtem und abgek\u00fchltem Wasser.<\/p>\r\n<p><strong>Schritt 2:<\/strong> F\u00fcgen Sie ein paar Tropfen Geschirrsp\u00fclmittel hinzu.<\/p>\r\n<p><strong>Schritt 3:<\/strong> Schrauben Sie den Aufsatz mit dem R\u00f6hrchen auf die Flasche; halten Sie den Finger auf die \u00d6ffnung und sch\u00fctteln Sie die Flasche kr\u00e4ftig.<\/p>\r\n<p><strong>Schritt 4:<\/strong> Dr\u00fccken Sie kr\u00e4ftig auf die Flasche damit die Seifenl\u00f6sung auch das Innere des R\u00f6hrchens und des Aufsatzes sp\u00fclt. Entleeren Sie die Flasche vollst\u00e4ndig.<\/p>\r\n<h4><strong>Reinigung im Geschirrsp\u00fcler:<\/strong><\/h4>\r\n<p>Bitte verwenden Sie keinen Geschirrsp\u00fcler m das Innere der Flasche zu reinigen. Unsere Flasche ist zwar f\u00fcr die Reinigung im Geschirrsp\u00fcler geeignet aber der Geschirrsp\u00fcler reinigt die SINUS RINSE Nasendusche Flasche nicht ordentlich. Die Wasserd\u00fcsen des Geschirrsp\u00fclers k\u00f6nnen nicht durch den engen Flaschenhals eindringen und dadurch wird das Inneren der Falsche nicht gr\u00fcndlich gereinigt. Sie k\u00f6nnen die Flasche auch mit konzentriertem Essig oder mit Isopropylalkohol (70 % Konzentration) reinigen und aussp\u00fclen, wie oben beschrieben.<\/p>\r\n<h4><strong>Desinfektion in der Mikrowelle:<\/strong><\/h4>\r\n<p>Reinigen und sp\u00fclen Sie die Flasche wie oben beschrieben und sch\u00fctteln Sie \u00fcbersch\u00fcssiges Wasser aus der Flasche heraus. Legen Sie nun die Flasche, den Aufsatz und das R\u00f6hrchen f\u00fcr 60 Sekunden bei 800 Watt oder weniger in die Mikrowelle. Liegt die Leistung \u00fcber 800 Watt so reduzieren Sie auf 40 Sekunden. Auf diese Weise werden Flasche, Aufsatz und R\u00f6hrchen desinfiziert. Diese Empfehlung kommt von NeilMed ist aber auch in medizinischen Fachzeitschriften ver\u00f6ffentlicht. Falls die Mikrowelle kurz vorher benutzt wurde, lassen Sie sie vor Gebrauch erst auf Raumtemperatur abk\u00fchlen. Mikrowellen die kurz zuvor benutzt wurden produzieren viel mehr Energie.<\/p>\r\n<p><strong>NUR NACH ANWEISUNG ANWENDEN, WENN DIE SYMPTOME BESTEHEN BLEIBEN SUCHEN SIE IHREN ARZT AUF. LESEN SIE IMMER DIE ANGABEN IN DER GEBRAUCHSANLEITUNG UND AUF DER PACKUNG<\/strong><\/p>\r\n\t<p><img loading=\"lazy\" decoding=\"async\" src=\"https:\/\/www.neilmed.com\/ger\/wp-content\/uploads\/sites\/10\/2022\/02\/dir_tap_icon.png\" alt=\"Type Of Water NetiPot\" width=\"150\" height=\"150\" \/><strong>HINWEISE: Bitte vor Gebrauch lesen.<\/strong><\/p>\r\n<p>&nbsp;<\/p>\r\n<p>&nbsp;<\/p>\r\n<p><strong>VERWENDEN SIE KEIN Hahnwasser, es sei denn, es wird durch Kochen sterilisiert<\/strong><\/p>\r\n<p>&nbsp;<\/p>\r\n<p>&nbsp;<\/p>\r\n<p>Sp\u00fclen Sie Ihre Nase immer mit dem NeilMed Nasensp\u00fclsalz. Unser Nasensp\u00fclsalz besteht aus einer Mischung von Natriumchlorid und Natriumbikarbonat in Arzneiqualit\u00e4t. Diese Inhaltsstoffe werden ausschlie\u00dflich in der h\u00f6chsten Reinheitsstufe verwendet. Bei der Reinigung der Naseng\u00e4nge nur mit Wasser kann es zu einem Brennen in der Nase kommen, da reines Wasser nicht die physiologischen Eigenschaften der Nasenschleimh\u00e4ute hat. Zu Ihrer eigenen Sicherheit verwenden Sie bitte kein Leitungswasser um das Salz aufzul\u00f6sen, bevor dieses nicht f\u00fcr mindestens 5 Minuten abgekocht wurde. Das Kochen sterilisiert das Wasser. Lassen Sie das abgekochte Wasser auf K\u00f6rpertemperatur abk\u00fchlen. Andere M\u00f6glichkeiten sind destilliertes Wasser oder stilles Mineralwasser. Abgekochtes Wasser k\u00f6nnen Sie in einem sauberen geschlossenen Gef\u00e4\u00df im K\u00fchlschrank bis zu 7 Tage aufbewahren. Falls die Nase komplett verstopft istoder bei einer Ohrinfektion sollte die Nase nicht gesp\u00fclt werden. Wurden Sie vor kurzem an den Ohren oder Nasennebenh\u00f6hlen operiert, so befragen Sie vor einer Nasensp\u00fclung Ihren Arzt. Wenn Sie in den Ohren Druck bemerken oder wenn es sticht oder in irgendeiner Form schmerzt, dann sollten Sie keine Nasensp\u00fclung anwenden.<\/p>\r\n<p>Die NeilMed Nasendusche ist ausschlie\u00dflich f\u00fcr die Nasensp\u00fclung bestimmt, verwende Sie sie nicht f\u00fcr andere Zwecke.<\/p>\r\n<p>Wir empfehlen die Nase eine Stunde vor dem Schlafengehen zu sp\u00fclen um zu vermeiden, dass noch Reste der Salzl\u00f6sung in den Hals tropfen.<\/p>\r\n<p>Falls Kinder oder Erwachsene die Handhabung oder die Anwendungsbeschreibung nicht verstehen, raten wir von der Nasensp\u00fclung ab. Unzug\u00e4nglich f\u00fcr Kinder aufbewahren. Schlucken Sie nicht die Salzl\u00f6sung, falls es doch versehentlich passiert, so ist dies in nicht gef\u00e4hrlich da die Menge an Natriumchlorid bei einem Schluck v\u00f6llig unerheblich ist. Patienten die nicht stehen oder sich nicht \u00fcber das Waschbecken beugen k\u00f6nnen sollten dieses Produkt NICHT verwenden. Wir empfehlen dieses Produkt NICHT bei Patienten anzuwenden die bettl\u00e4gerig oder sehr geschw\u00e4cht sind.<br \/>Ratschl\u00e4ge zur Vermeidung von Ohrenproblemen w\u00e4hrend dem Nasensp\u00fclen<br \/><strong>Ratschl\u00e4ge zur Vermeidung von Ohrenproblemen w\u00e4hrend dem Nasensp\u00fclen<\/strong><br \/>Wurden Sie vor kurzem an den Ohren operiert, so befragen Sie vor einer Nasensp\u00fclung Ihren Arzt.<br \/>Haben Sie eine Ohrinfektion oder zugesetzte Ohren, dann sollten Sie keine Nasensp\u00fclung durchf\u00fchren.<br \/>Sp\u00fclen Sie mit kurz vorher abgekochtem Wasser oder mit destilliertem Wasser.<br \/>Halten Sie den Mund w\u00e4hrend der Nsensp\u00fclung offen.<br \/>Atmen sie w\u00e4hrend dem Sp\u00fclen normal weiter.<br \/>Halten Sie Ihrem Kopf w\u00e4hrend dem Sp\u00fclen so geneigt, wie auf der Abbildung weiter unten.<br \/>Dr\u00fccken Sie beim Sp\u00fclen sanft auf die Flasche &#8211; dr\u00fccken Sie nicht zu stark.<br \/>Wichtig, putzen sie Ihre Nase nach der Nasensp\u00fclung sanft und vorsichtig.<br \/><strong>Zur Vermeidung unerwartetem Abflie\u00dfen nach der Nasensp\u00fclung:<\/strong><br \/>In seltenen Situationen, speziell wenn Sie sich einer Nasennebenh\u00f6hlenoperation unterzogen haben, kann sich die Salzl\u00f6sung in den Nasennebenh\u00f6hlen und Naseng\u00e4ngen ansammeln und noch Stunden sp\u00e4ter aus Ihren Nasenl\u00f6chern tropfen. Um diese ungef\u00e4hrliche aber doch l\u00e4stige Unannehmlichkeit zu vermeiden beugen Sie sich nach der Nasensp\u00fclung leicht vor, neigen Sie Ihren Kopf zur Seite und putzen Sie sanft und vorsichtig Ihre Nase. Neigen Sie anschlie\u00dfend den Kopf auf die andere Seite und putzen Sie nochmals vorsichtig Ihre Nase. Eventuell m\u00fcssen Sie dies ein paar Mal wiederholen. Dies wird dazu beitragen Ihre Nasenwege von \u00fcbersch\u00fcssigen Sekret und Salzl\u00f6sung zu befreien. Falls Sie diesen verz\u00f6gerten Abfluss \u00f6fters bemerken sollten Sie Ihre Nase nicht direkt vor dem Weggehen oder dem Schlafengehen sp\u00fclen.<br \/><strong>Vorsicht beim Gebrauch der NeilMed Nasendusche mit selbstgemachten Salzmischungen:<\/strong><br \/>Selbstgemachte L\u00f6sungen haben m\u00f6glicherweise falsche Salzkonzentrationen, dies kann zu einer unzureichenden Linderung f\u00fchren, Brennen und Stechen oder sogar zu einer verstopften Nase. Dar\u00fcber hinaus besitzt im Laden gekauftes Speisesalz keine pharmazeutische Qualit\u00e4t f\u00fcr medizinische Zwecke und kann auch Verunreinigungen enthalten. Sp\u00fclen Sie daher NUR mit NeilMed&reg; Nasensp\u00fclsalz &#8211; fertig gemischten Sachets, die Natriumchlorid und Natriumbicarbonat in Arzneiqualit\u00e4t (nach USA Normen) enthalten. Das NeilMed&reg; SINUS RINSE &trade; Nasensp\u00fclsystem ist eine gro\u00dfvolumige Nasensp\u00fclung, die mit 120 ml bis 240 ml Spezialsalzl\u00f6sung die Naseng\u00e4nge sp\u00fclt. Wenn Sie ein zus\u00e4tzliches Sachet Salz der NeilMed Nasendusche zu 240 ml Wasser hinzuf\u00fcgen, erhalten Sie eine isotonische Salzl\u00f6sung (hypertonisch mit 2 oder mehr Sachets), die einen ausgeglichenen pH-Wert aufweist und frei von Konservierungsstoffen ist.<\/p>\r\n<p><strong>VERWENDUNG NUR ENTSPRECHEND DER GEBRAUCHSANWEISUNG, WENN SYMPTOME ANHALTEN SUCHEN SIE EINEN ARZT AUF. LESEN SIE IMMER DIE GEBRAUCHSANWEISUNG UND DEN PACKUNGSTEXT.<\/strong><\/p>\r\n\t\t<h3>Erlebe das Gef\u00fchl einer freien Nase<\/h3>\r\n\t\t\t<a href=\"https:\/\/www.neilmed.com\/ger\/unsere-marktplaetze\/\" target=\"_self\" rel=\"noopener\">\r\n\t\t\t\t\t\t\tJETZT BESTELLEN\r\n\t\t\t<\/a>\r\n\t\t\t\t<img loading=\"lazy\" decoding=\"async\" src=\"https:\/\/www.neilmed.com\/ger\/wp-content\/uploads\/sites\/10\/2022\/04\/mail-icon-newsletter.svg\" alt=\"mail-icon-newsletter\" itemprop=\"image\" height=\"0\" width=\"0\" title=\"mail-icon-newsletter\" onerror=\"this.style.display='none'\"  \/>\r\n\tJoin Our Newsletter\r\n\t<p>Tragen Sie sich in unsere Mailingliste ein, um auf dem neuesten Stand zu bleiben und aktuelle Informationen zu Sonderangeboten, Werbeaktionen, medizinischen Literaturen und Ver\u00f6ffentlichungen zu erhalten.<\/p>\r\n\t<form method=\"post\" action=\"\/usa\/newsletter-sign-up\/\" id=\"ContactFooter\">\r\n          <input type=\"email\" autocomplete=\"email\" placeholder=\"Your email\"\/>\r\n      <button type=\"submit\" name=\"commit\" id=\"Subscribe\">\r\n        Subscribe\r\n        Go\r\n      <\/button><\/form>\r\n\r\n","protected":false},"excerpt":{"rendered":"<p>Gebrauchsanweisung Startseite \u00bb Gebrauchsanweisung Bitte lesen Sie die HINWEISE vor Gebrauch. Anwendung ausschlie\u00dflich in der vorgeschriebenen Weise, falls Symptome weiterbestehen konsultieren Sie Ihren Arzt. Lesen Sie immer die Packungstexte und die Gebrauchsinformation.. SINUS RINSE Nasendusche Collapse Bitte lesen Sie die HINWEISE vor Gebrauch.Anwendung ausschlie\u00dflich in der vorgeschriebenen Weise, falls Symptome weiterbestehen konsultieren Sie Ihren Arzt.&hellip;<\/p>\n","protected":false},"author":1,"featured_media":2404,"parent":0,"menu_order":7,"comment_status":"closed","ping_status":"closed","template":"","meta":{"_acf_changed":false,"inline_featured_image":false,"footnotes":""},"categories":[7,4],"tags":[],"class_list":["post-22","page","type-page","status-publish","has-post-thumbnail","hentry","category-product-information","category-products"],"yoast_head":"<!-- This site is optimized with the Yoast SEO Premium plugin v27.2 (Yoast SEO v27.3) - https:\/\/yoast.com\/product\/yoast-seo-premium-wordpress\/ -->\n<title>Gebrauchsanweisung und Warnhinweise - NeilMed Pharmaceuticals - Germany<\/title>\n<meta name=\"description\" content=\"Directions for use and warnings. Learn more about all of our products, how to use them properly, and how to keep them clean.\" \/>\n<meta name=\"robots\" content=\"index, follow, max-snippet:-1, max-image-preview:large, max-video-preview:-1\" \/>\n<link rel=\"canonical\" href=\"https:\/\/www.neilmed.com\/ger\/gebrauchsanweisung-und-warnhinweise\/\" \/>\n<meta property=\"og:locale\" content=\"de_DE\" \/>\n<meta property=\"og:type\" content=\"article\" \/>\n<meta property=\"og:title\" content=\"Gebrauchsanweisung und Warnhinweise\" \/>\n<meta property=\"og:description\" content=\"Directions for use and warnings. Learn more about all of our products, how to use them properly, and how to keep them clean.\" \/>\n<meta property=\"og:url\" content=\"https:\/\/www.neilmed.com\/ger\/gebrauchsanweisung-und-warnhinweise\/\" \/>\n<meta property=\"og:site_name\" content=\"NeilMed Pharmaceuticals - Germany\" \/>\n<meta property=\"article:modified_time\" content=\"2024-09-12T22:12:48+00:00\" \/>\n<meta property=\"og:image\" content=\"https:\/\/www.neilmed.com\/ger\/wp-content\/uploads\/sites\/10\/2022\/03\/Neilmed-Products.jpg\" \/>\n\t<meta property=\"og:image:width\" content=\"1200\" \/>\n\t<meta property=\"og:image:height\" content=\"249\" \/>\n\t<meta property=\"og:image:type\" content=\"image\/jpeg\" \/>\n<meta name=\"twitter:card\" content=\"summary_large_image\" \/>\n<meta name=\"twitter:label1\" content=\"Gesch\u00e4tzte Lesezeit\" \/>\n\t<meta name=\"twitter:data1\" content=\"10\u00a0Minuten\" \/>\n<script type=\"application\/ld+json\" class=\"yoast-schema-graph\">{\"@context\":\"https:\\\/\\\/schema.org\",\"@graph\":[{\"@type\":\"WebPage\",\"@id\":\"https:\\\/\\\/www.neilmed.com\\\/ger\\\/gebrauchsanweisung-und-warnhinweise\\\/\",\"url\":\"https:\\\/\\\/www.neilmed.com\\\/ger\\\/gebrauchsanweisung-und-warnhinweise\\\/\",\"name\":\"Gebrauchsanweisung und Warnhinweise - NeilMed Pharmaceuticals - Germany\",\"isPartOf\":{\"@id\":\"https:\\\/\\\/www.neilmed.com\\\/ger\\\/#website\"},\"primaryImageOfPage\":{\"@id\":\"https:\\\/\\\/www.neilmed.com\\\/ger\\\/gebrauchsanweisung-und-warnhinweise\\\/#primaryimage\"},\"image\":{\"@id\":\"https:\\\/\\\/www.neilmed.com\\\/ger\\\/gebrauchsanweisung-und-warnhinweise\\\/#primaryimage\"},\"thumbnailUrl\":\"https:\\\/\\\/www.neilmed.com\\\/ger\\\/wp-content\\\/uploads\\\/sites\\\/10\\\/2022\\\/03\\\/Neilmed-Products.jpg\",\"datePublished\":\"2022-02-17T09:04:29+00:00\",\"dateModified\":\"2024-09-12T22:12:48+00:00\",\"description\":\"Directions for use and warnings. Learn more about all of our products, how to use them properly, and how to keep them clean.\",\"breadcrumb\":{\"@id\":\"https:\\\/\\\/www.neilmed.com\\\/ger\\\/gebrauchsanweisung-und-warnhinweise\\\/#breadcrumb\"},\"inLanguage\":\"de\",\"potentialAction\":[{\"@type\":\"ReadAction\",\"target\":[\"https:\\\/\\\/www.neilmed.com\\\/ger\\\/gebrauchsanweisung-und-warnhinweise\\\/\"]}]},{\"@type\":\"ImageObject\",\"inLanguage\":\"de\",\"@id\":\"https:\\\/\\\/www.neilmed.com\\\/ger\\\/gebrauchsanweisung-und-warnhinweise\\\/#primaryimage\",\"url\":\"https:\\\/\\\/www.neilmed.com\\\/ger\\\/wp-content\\\/uploads\\\/sites\\\/10\\\/2022\\\/03\\\/Neilmed-Products.jpg\",\"contentUrl\":\"https:\\\/\\\/www.neilmed.com\\\/ger\\\/wp-content\\\/uploads\\\/sites\\\/10\\\/2022\\\/03\\\/Neilmed-Products.jpg\",\"width\":1200,\"height\":249,\"caption\":\"NeilMed Products - Sample Request Form\"},{\"@type\":\"BreadcrumbList\",\"@id\":\"https:\\\/\\\/www.neilmed.com\\\/ger\\\/gebrauchsanweisung-und-warnhinweise\\\/#breadcrumb\",\"itemListElement\":[{\"@type\":\"ListItem\",\"position\":1,\"name\":\"Home\",\"item\":\"https:\\\/\\\/www.neilmed.com\\\/ger\\\/\"},{\"@type\":\"ListItem\",\"position\":2,\"name\":\"Gebrauchsanweisung und Warnhinweise\"}]},{\"@type\":\"WebSite\",\"@id\":\"https:\\\/\\\/www.neilmed.com\\\/ger\\\/#website\",\"url\":\"https:\\\/\\\/www.neilmed.com\\\/ger\\\/\",\"name\":\"NeilMed Pharmaceuticals - Germany\",\"description\":\"NeilMed Pharmaceuticals: world leader in nasal saline irrigation system | Sinus Rinse | Neti Pot | Nasal Irrigation\",\"potentialAction\":[{\"@type\":\"SearchAction\",\"target\":{\"@type\":\"EntryPoint\",\"urlTemplate\":\"https:\\\/\\\/www.neilmed.com\\\/ger\\\/?s={search_term_string}\"},\"query-input\":{\"@type\":\"PropertyValueSpecification\",\"valueRequired\":true,\"valueName\":\"search_term_string\"}}],\"inLanguage\":\"de\"}]}<\/script>\n<!-- \/ Yoast SEO Premium plugin. -->","yoast_head_json":{"title":"Gebrauchsanweisung und Warnhinweise - NeilMed Pharmaceuticals - Germany","description":"Directions for use and warnings. Learn more about all of our products, how to use them properly, and how to keep them clean.","robots":{"index":"index","follow":"follow","max-snippet":"max-snippet:-1","max-image-preview":"max-image-preview:large","max-video-preview":"max-video-preview:-1"},"canonical":"https:\/\/www.neilmed.com\/ger\/gebrauchsanweisung-und-warnhinweise\/","og_locale":"de_DE","og_type":"article","og_title":"Gebrauchsanweisung und Warnhinweise","og_description":"Directions for use and warnings. Learn more about all of our products, how to use them properly, and how to keep them clean.","og_url":"https:\/\/www.neilmed.com\/ger\/gebrauchsanweisung-und-warnhinweise\/","og_site_name":"NeilMed Pharmaceuticals - Germany","article_modified_time":"2024-09-12T22:12:48+00:00","og_image":[{"width":1200,"height":249,"url":"https:\/\/www.neilmed.com\/ger\/wp-content\/uploads\/sites\/10\/2022\/03\/Neilmed-Products.jpg","type":"image\/jpeg"}],"twitter_card":"summary_large_image","twitter_misc":{"Gesch\u00e4tzte Lesezeit":"10\u00a0Minuten"},"schema":{"@context":"https:\/\/schema.org","@graph":[{"@type":"WebPage","@id":"https:\/\/www.neilmed.com\/ger\/gebrauchsanweisung-und-warnhinweise\/","url":"https:\/\/www.neilmed.com\/ger\/gebrauchsanweisung-und-warnhinweise\/","name":"Gebrauchsanweisung und Warnhinweise - NeilMed Pharmaceuticals - Germany","isPartOf":{"@id":"https:\/\/www.neilmed.com\/ger\/#website"},"primaryImageOfPage":{"@id":"https:\/\/www.neilmed.com\/ger\/gebrauchsanweisung-und-warnhinweise\/#primaryimage"},"image":{"@id":"https:\/\/www.neilmed.com\/ger\/gebrauchsanweisung-und-warnhinweise\/#primaryimage"},"thumbnailUrl":"https:\/\/www.neilmed.com\/ger\/wp-content\/uploads\/sites\/10\/2022\/03\/Neilmed-Products.jpg","datePublished":"2022-02-17T09:04:29+00:00","dateModified":"2024-09-12T22:12:48+00:00","description":"Directions for use and warnings. Learn more about all of our products, how to use them properly, and how to keep them clean.","breadcrumb":{"@id":"https:\/\/www.neilmed.com\/ger\/gebrauchsanweisung-und-warnhinweise\/#breadcrumb"},"inLanguage":"de","potentialAction":[{"@type":"ReadAction","target":["https:\/\/www.neilmed.com\/ger\/gebrauchsanweisung-und-warnhinweise\/"]}]},{"@type":"ImageObject","inLanguage":"de","@id":"https:\/\/www.neilmed.com\/ger\/gebrauchsanweisung-und-warnhinweise\/#primaryimage","url":"https:\/\/www.neilmed.com\/ger\/wp-content\/uploads\/sites\/10\/2022\/03\/Neilmed-Products.jpg","contentUrl":"https:\/\/www.neilmed.com\/ger\/wp-content\/uploads\/sites\/10\/2022\/03\/Neilmed-Products.jpg","width":1200,"height":249,"caption":"NeilMed Products - Sample Request Form"},{"@type":"BreadcrumbList","@id":"https:\/\/www.neilmed.com\/ger\/gebrauchsanweisung-und-warnhinweise\/#breadcrumb","itemListElement":[{"@type":"ListItem","position":1,"name":"Home","item":"https:\/\/www.neilmed.com\/ger\/"},{"@type":"ListItem","position":2,"name":"Gebrauchsanweisung und Warnhinweise"}]},{"@type":"WebSite","@id":"https:\/\/www.neilmed.com\/ger\/#website","url":"https:\/\/www.neilmed.com\/ger\/","name":"NeilMed Pharmaceuticals - Germany","description":"NeilMed Pharmaceuticals: world leader in nasal saline irrigation system | Sinus Rinse | Neti Pot | Nasal Irrigation","potentialAction":[{"@type":"SearchAction","target":{"@type":"EntryPoint","urlTemplate":"https:\/\/www.neilmed.com\/ger\/?s={search_term_string}"},"query-input":{"@type":"PropertyValueSpecification","valueRequired":true,"valueName":"search_term_string"}}],"inLanguage":"de"}]}},"acf":[],"_links":{"self":[{"href":"https:\/\/www.neilmed.com\/ger\/wp-json\/wp\/v2\/pages\/22","targetHints":{"allow":["GET"]}}],"collection":[{"href":"https:\/\/www.neilmed.com\/ger\/wp-json\/wp\/v2\/pages"}],"about":[{"href":"https:\/\/www.neilmed.com\/ger\/wp-json\/wp\/v2\/types\/page"}],"author":[{"embeddable":true,"href":"https:\/\/www.neilmed.com\/ger\/wp-json\/wp\/v2\/users\/1"}],"replies":[{"embeddable":true,"href":"https:\/\/www.neilmed.com\/ger\/wp-json\/wp\/v2\/comments?post=22"}],"version-history":[{"count":2,"href":"https:\/\/www.neilmed.com\/ger\/wp-json\/wp\/v2\/pages\/22\/revisions"}],"predecessor-version":[{"id":4643,"href":"https:\/\/www.neilmed.com\/ger\/wp-json\/wp\/v2\/pages\/22\/revisions\/4643"}],"wp:featuredmedia":[{"embeddable":true,"href":"https:\/\/www.neilmed.com\/ger\/wp-json\/wp\/v2\/media\/2404"}],"wp:attachment":[{"href":"https:\/\/www.neilmed.com\/ger\/wp-json\/wp\/v2\/media?parent=22"}],"wp:term":[{"taxonomy":"category","embeddable":true,"href":"https:\/\/www.neilmed.com\/ger\/wp-json\/wp\/v2\/categories?post=22"},{"taxonomy":"post_tag","embeddable":true,"href":"https:\/\/www.neilmed.com\/ger\/wp-json\/wp\/v2\/tags?post=22"}],"curies":[{"name":"wp","href":"https:\/\/api.w.org\/{rel}","templated":true}]}}