{"id":247,"date":"2022-02-17T16:42:04","date_gmt":"2022-02-18T00:42:04","guid":{"rendered":"https:\/\/dev.neilmed.com\/ger\/?page_id=247"},"modified":"2024-09-16T21:16:28","modified_gmt":"2024-09-16T19:16:28","slug":"about-neilmed","status":"publish","type":"page","link":"https:\/\/www.neilmed.com\/ger\/about-neilmed\/","title":{"rendered":"About NeilMed"},"content":{"rendered":"\n<h1>\n\t\t\u00dcber uns\n\t<\/h1>\n\t<a href=\"https:\/\/www.neilmed.com\/ger\/\">Home<\/a> \u00bb <strong aria-current=\"page\">\u00dcber uns<\/strong>\n\t\t\t\t<img loading=\"lazy\" decoding=\"async\" src=\"https:\/\/www.neilmed.com\/ger\/wp-content\/uploads\/sites\/10\/2022\/03\/neilmed-tagline.svg\" alt=\"NeilMed&amp;reg; - World Leader in Large Volume &amp; Low Pressure&amp;trade; Saline Nasal Irrigation\" itemprop=\"image\" height=\"0\" width=\"0\" title=\"neilmed-tagline\" onerror=\"this.style.display='none'\"  \/>\n<h2>\n\t\tUnternehmensprofil:\n\t<\/h2>\n\t<p>Dr. med. Ketan Mehta, und Nina Mehta haben NeilMed&reg; Pharmaceuticals, Inc. im Januar 2000 aus der Arztpraxis von Dr. Mehta heraus gegr\u00fcndet. In kurzer Zeit werden \u00fcber 500 Mitarbeiter besch\u00e4ftigt. NeilMed&reg; ist heute der weltweit gr\u00f6\u00dfte Hersteller und Anbieter von Nasensp\u00fclsystemen mit Salzl\u00f6sungen. Die NeilMed-Produkte helfen dabei, h\u00e4ufige Nasen- und Nasennebenh\u00f6hlenbeschwerden auf einfache, sichere, effektive und kosteng\u00fcnstige Weise zu lindern. Das Unternehmen beliefert Verbraucher \u00fcber verschiedene Handelskan\u00e4le. Der Hauptsitz und die Produktionsst\u00e4tte von NeilMed befinden sich in Santa Rosa, Kalifornien, USA. Dar\u00fcber hinaus befinden sich Niederlassungen in Kanada, Australien, Neuseeland, Deutschland, Gro\u00dfbritannien, Malaysia, Singapur und Indien. Derzeit werden die M\u00e4rkte in S\u00fcdostasien und S\u00fcdamerika aufgebaut. Mit dem Gesch\u00e4ftsmodell einer sehr strikten vertikalen Integration, wird eine hohe Pr\u00e4zision und eine schnelle Ausf\u00fchrung auf allen Ebenen erreicht. NeilMed ist stolz darauf, Teil der kleinen Gemeinde Santa Rosa zu sein, die sich im Herzen von Sonoma Countys Weinland Nordkalifornien befindet.<\/p>\n<p>Hauptprodukte sind die NeilMed SINUS RINSE &trade; Nasenduschen, die in den meisten Gesch\u00e4ften in den USA, Kanada und vielen anderen L\u00e4ndern erh\u00e4ltlich sind. NeilMed bietet derzeit \u00fcber 40 verschiedene Produkte f\u00fcr die Nasen- und Nasennebenh\u00f6hlenpflege an. Alle Produkte sind als Selbstmedikationsprodukte rezeptfrei erh\u00e4ltlich. Mit einem kleinen Team von \u00e4u\u00dferst engagierten, loyalen und hart arbeitenden F\u00fchrungskr\u00e4ften entwickelt NeilMed weiterhin innovative Ideen f\u00fcr den Gesundheitsmarkt. Dar\u00fcber hinaus sehen Diversifizierungspl\u00e4ne die Einf\u00fchrung von chirurgischen Ger\u00e4ten f\u00fcr Krankenh\u00e4user und Notaufnahmen vor. NeilMed unterst\u00fctzt die medizinische Forschung in mehreren L\u00e4ndern, spendet bei Naturkatastrophen und schult Fachkr\u00e4fte im Gesundheitswesen.<\/p>\n<p><strong>Die Mission<\/strong> des Unternehmens ist es eine zuverl\u00e4ssige Versorgung von Millionen von Verbrauchern mit wirksamen und preisg\u00fcnstigen Selbstmedikationsprodukten zur Pflege der Nase und Nasennebenh\u00f6hlen zu gew\u00e4hrleisten.<\/p>\n\t<h3>Firmeninformation:<\/h3>\n\t<p><strong>Headquarters<\/strong><br \/>601 Aviation Blvd.,<br \/>Santa Rosa, California 95403<br \/>USA<br \/>Telefon: <strong><a href=\"tel:707-525-3784\">+1 707 525 3784<\/a><\/strong><br \/>Fax: +1 707 525 3785<br \/>Email:\u00a0<strong><a href=\"mailto:questions@neilmed.com\">questions@neilmed.com<\/a><\/strong><\/p>\n<p>Pr\u00e4sidentin:\u00a0<strong>Nina Mehta<\/strong><br \/>VORSITZENDER:\u00a0<strong>Dr. Ketan C. Mehta , MD<\/strong><\/p>\n\t<h3>Eingetragene B\u00fcros und Unternehmen<\/h3>\n<p>USA, Kanada, Australien, Neuseeland, Gro\u00dfbritannien, Irland, Singapur, Japan, Chile, Costa Rica und Indien<\/p>\n\t<h3>Globale Distribution<\/h3>\n\t<h4>Europa<\/h4>\n<p>Gro\u00dfbritannien<br \/>Irland<br \/>Polen<br \/>Ungarn<br \/>Griechenland<br \/>Deutschland<br \/>Norwegen<br \/>D\u00e4nemark<br \/>Rum\u00e4nien<\/p>\n\t<h4>Asien-Pazifik<\/h4>\n<p>Australien<br \/>Neuseeland<br \/>Singapur<br \/>Malaysia<br \/>Mongolei<br \/>Japan<br \/>Philippinen<br \/>Vietnam<br \/>Libanon<br \/>Hongkong<\/p>\n\t<h4>Andere internationale Standorte<\/h4>\nChile<br \/>\nKolumbien<br \/>\nPanama<br \/>\nCosta Rica<br \/>\nHonduras<br \/>\nTrinidad &amp; Tobago\n\t\t<h3>Erlebe das Gef\u00fchl einer freien Nase<\/h3>\n\t\t\t<a href=\"https:\/\/www.neilmed.com\/ger\/unsere-marktplaetze\/\" target=\"_self\" rel=\"noopener\">\n\t\t\t\t\t\t\tJETZT BESTELLEN\n\t\t\t<\/a>\n\t\t\t\t<img loading=\"lazy\" decoding=\"async\" src=\"https:\/\/www.neilmed.com\/ger\/wp-content\/uploads\/sites\/10\/2022\/04\/mail-icon-newsletter.svg\" alt=\"mail-icon-newsletter\" itemprop=\"image\" height=\"0\" width=\"0\" title=\"mail-icon-newsletter\" onerror=\"this.style.display='none'\"  \/>\n\tJoin Our Newsletter\n\t<p>Tragen Sie sich in unsere Mailingliste ein, um auf dem neuesten Stand zu bleiben und aktuelle Informationen zu Sonderangeboten, Werbeaktionen, medizinischen Literaturen und Ver\u00f6ffentlichungen zu erhalten.<\/p>\n\t<form method=\"post\" action=\"\/usa\/newsletter-sign-up\/\" id=\"ContactFooter\">\n          <input type=\"email\" autocomplete=\"email\" placeholder=\"Your email\"\/>\n      <button type=\"submit\" name=\"commit\" id=\"Subscribe\">\n        Subscribe\n        Go\n      <\/button><\/form>\n\n","protected":false},"excerpt":{"rendered":"<p>\u00dcber uns Home \u00bb \u00dcber uns Unternehmensprofil: Dr. med. Ketan Mehta, und Nina Mehta haben NeilMed&reg; Pharmaceuticals, Inc. im Januar 2000 aus der Arztpraxis von Dr. Mehta heraus gegr\u00fcndet. In kurzer Zeit werden \u00fcber 500 Mitarbeiter besch\u00e4ftigt. NeilMed&reg; ist heute der weltweit gr\u00f6\u00dfte Hersteller und Anbieter von Nasensp\u00fclsystemen mit Salzl\u00f6sungen. Die NeilMed-Produkte helfen dabei, h\u00e4ufige&hellip;<\/p>\n","protected":false},"author":1,"featured_media":2422,"parent":0,"menu_order":1,"comment_status":"closed","ping_status":"closed","template":"","meta":{"_acf_changed":false,"inline_featured_image":false,"footnotes":""},"categories":[5],"tags":[],"class_list":["post-247","page","type-page","status-publish","has-post-thumbnail","hentry","category-about"],"yoast_head":"<!-- This site is optimized with the Yoast SEO Premium plugin v27.2 (Yoast SEO v27.3) - https:\/\/yoast.com\/product\/yoast-seo-premium-wordpress\/ -->\n<title>About NeilMed - NeilMed Pharmaceuticals - Germany<\/title>\n<meta name=\"robots\" content=\"index, follow, max-snippet:-1, max-image-preview:large, max-video-preview:-1\" \/>\n<link rel=\"canonical\" href=\"https:\/\/www.neilmed.com\/ger\/about-neilmed\/\" \/>\n<meta property=\"og:locale\" content=\"de_DE\" \/>\n<meta property=\"og:type\" content=\"article\" \/>\n<meta property=\"og:title\" content=\"About NeilMed\" \/>\n<meta property=\"og:description\" content=\"\u00dcber uns Home \u00bb \u00dcber uns Unternehmensprofil: Dr. med. Ketan Mehta, und Nina Mehta haben NeilMed&reg; Pharmaceuticals, Inc. im Januar 2000 aus der Arztpraxis von Dr. Mehta heraus gegr\u00fcndet. In kurzer Zeit werden \u00fcber 500 Mitarbeiter besch\u00e4ftigt. NeilMed&reg; ist heute der weltweit gr\u00f6\u00dfte Hersteller und Anbieter von Nasensp\u00fclsystemen mit Salzl\u00f6sungen. Die NeilMed-Produkte helfen dabei, h\u00e4ufige&hellip;\" \/>\n<meta property=\"og:url\" content=\"https:\/\/www.neilmed.com\/ger\/about-neilmed\/\" \/>\n<meta property=\"og:site_name\" content=\"NeilMed Pharmaceuticals - Germany\" \/>\n<meta property=\"article:modified_time\" content=\"2024-09-16T19:16:28+00:00\" \/>\n<meta property=\"og:image\" content=\"https:\/\/i0.wp.com\/www.neilmed.com\/ger\/wp-content\/uploads\/sites\/10\/2022\/03\/nm-logo.jpg?fit=241%2C200&ssl=1\" \/>\n\t<meta property=\"og:image:width\" content=\"241\" \/>\n\t<meta property=\"og:image:height\" content=\"200\" \/>\n\t<meta property=\"og:image:type\" content=\"image\/jpeg\" \/>\n<meta name=\"twitter:card\" content=\"summary_large_image\" \/>\n<meta name=\"twitter:label1\" content=\"Gesch\u00e4tzte Lesezeit\" \/>\n\t<meta name=\"twitter:data1\" content=\"2\u00a0Minuten\" \/>\n<script type=\"application\/ld+json\" class=\"yoast-schema-graph\">{\"@context\":\"https:\\\/\\\/schema.org\",\"@graph\":[{\"@type\":\"WebPage\",\"@id\":\"https:\\\/\\\/www.neilmed.com\\\/ger\\\/about-neilmed\\\/\",\"url\":\"https:\\\/\\\/www.neilmed.com\\\/ger\\\/about-neilmed\\\/\",\"name\":\"About NeilMed - NeilMed Pharmaceuticals - Germany\",\"isPartOf\":{\"@id\":\"https:\\\/\\\/www.neilmed.com\\\/ger\\\/#website\"},\"primaryImageOfPage\":{\"@id\":\"https:\\\/\\\/www.neilmed.com\\\/ger\\\/about-neilmed\\\/#primaryimage\"},\"image\":{\"@id\":\"https:\\\/\\\/www.neilmed.com\\\/ger\\\/about-neilmed\\\/#primaryimage\"},\"thumbnailUrl\":\"https:\\\/\\\/www.neilmed.com\\\/ger\\\/wp-content\\\/uploads\\\/sites\\\/10\\\/2022\\\/03\\\/nm-logo.jpg\",\"datePublished\":\"2022-02-18T00:42:04+00:00\",\"dateModified\":\"2024-09-16T19:16:28+00:00\",\"breadcrumb\":{\"@id\":\"https:\\\/\\\/www.neilmed.com\\\/ger\\\/about-neilmed\\\/#breadcrumb\"},\"inLanguage\":\"de\",\"potentialAction\":[{\"@type\":\"ReadAction\",\"target\":[\"https:\\\/\\\/www.neilmed.com\\\/ger\\\/about-neilmed\\\/\"]}]},{\"@type\":\"ImageObject\",\"inLanguage\":\"de\",\"@id\":\"https:\\\/\\\/www.neilmed.com\\\/ger\\\/about-neilmed\\\/#primaryimage\",\"url\":\"https:\\\/\\\/www.neilmed.com\\\/ger\\\/wp-content\\\/uploads\\\/sites\\\/10\\\/2022\\\/03\\\/nm-logo.jpg\",\"contentUrl\":\"https:\\\/\\\/www.neilmed.com\\\/ger\\\/wp-content\\\/uploads\\\/sites\\\/10\\\/2022\\\/03\\\/nm-logo.jpg\",\"width\":241,\"height\":200},{\"@type\":\"BreadcrumbList\",\"@id\":\"https:\\\/\\\/www.neilmed.com\\\/ger\\\/about-neilmed\\\/#breadcrumb\",\"itemListElement\":[{\"@type\":\"ListItem\",\"position\":1,\"name\":\"Home\",\"item\":\"https:\\\/\\\/www.neilmed.com\\\/ger\\\/\"},{\"@type\":\"ListItem\",\"position\":2,\"name\":\"About NeilMed\"}]},{\"@type\":\"WebSite\",\"@id\":\"https:\\\/\\\/www.neilmed.com\\\/ger\\\/#website\",\"url\":\"https:\\\/\\\/www.neilmed.com\\\/ger\\\/\",\"name\":\"NeilMed Pharmaceuticals - Germany\",\"description\":\"NeilMed Pharmaceuticals: world leader in nasal saline irrigation system | Sinus Rinse | Neti Pot | Nasal Irrigation\",\"potentialAction\":[{\"@type\":\"SearchAction\",\"target\":{\"@type\":\"EntryPoint\",\"urlTemplate\":\"https:\\\/\\\/www.neilmed.com\\\/ger\\\/?s={search_term_string}\"},\"query-input\":{\"@type\":\"PropertyValueSpecification\",\"valueRequired\":true,\"valueName\":\"search_term_string\"}}],\"inLanguage\":\"de\"}]}<\/script>\n<!-- \/ Yoast SEO Premium plugin. -->","yoast_head_json":{"title":"About NeilMed - NeilMed Pharmaceuticals - Germany","robots":{"index":"index","follow":"follow","max-snippet":"max-snippet:-1","max-image-preview":"max-image-preview:large","max-video-preview":"max-video-preview:-1"},"canonical":"https:\/\/www.neilmed.com\/ger\/about-neilmed\/","og_locale":"de_DE","og_type":"article","og_title":"About NeilMed","og_description":"\u00dcber uns Home \u00bb \u00dcber uns Unternehmensprofil: Dr. med. Ketan Mehta, und Nina Mehta haben NeilMed&reg; Pharmaceuticals, Inc. im Januar 2000 aus der Arztpraxis von Dr. Mehta heraus gegr\u00fcndet. In kurzer Zeit werden \u00fcber 500 Mitarbeiter besch\u00e4ftigt. NeilMed&reg; ist heute der weltweit gr\u00f6\u00dfte Hersteller und Anbieter von Nasensp\u00fclsystemen mit Salzl\u00f6sungen. Die NeilMed-Produkte helfen dabei, h\u00e4ufige&hellip;","og_url":"https:\/\/www.neilmed.com\/ger\/about-neilmed\/","og_site_name":"NeilMed Pharmaceuticals - Germany","article_modified_time":"2024-09-16T19:16:28+00:00","og_image":[{"width":241,"height":200,"url":"https:\/\/i0.wp.com\/www.neilmed.com\/ger\/wp-content\/uploads\/sites\/10\/2022\/03\/nm-logo.jpg?fit=241%2C200&ssl=1","type":"image\/jpeg"}],"twitter_card":"summary_large_image","twitter_misc":{"Gesch\u00e4tzte Lesezeit":"2\u00a0Minuten"},"schema":{"@context":"https:\/\/schema.org","@graph":[{"@type":"WebPage","@id":"https:\/\/www.neilmed.com\/ger\/about-neilmed\/","url":"https:\/\/www.neilmed.com\/ger\/about-neilmed\/","name":"About NeilMed - NeilMed Pharmaceuticals - Germany","isPartOf":{"@id":"https:\/\/www.neilmed.com\/ger\/#website"},"primaryImageOfPage":{"@id":"https:\/\/www.neilmed.com\/ger\/about-neilmed\/#primaryimage"},"image":{"@id":"https:\/\/www.neilmed.com\/ger\/about-neilmed\/#primaryimage"},"thumbnailUrl":"https:\/\/www.neilmed.com\/ger\/wp-content\/uploads\/sites\/10\/2022\/03\/nm-logo.jpg","datePublished":"2022-02-18T00:42:04+00:00","dateModified":"2024-09-16T19:16:28+00:00","breadcrumb":{"@id":"https:\/\/www.neilmed.com\/ger\/about-neilmed\/#breadcrumb"},"inLanguage":"de","potentialAction":[{"@type":"ReadAction","target":["https:\/\/www.neilmed.com\/ger\/about-neilmed\/"]}]},{"@type":"ImageObject","inLanguage":"de","@id":"https:\/\/www.neilmed.com\/ger\/about-neilmed\/#primaryimage","url":"https:\/\/www.neilmed.com\/ger\/wp-content\/uploads\/sites\/10\/2022\/03\/nm-logo.jpg","contentUrl":"https:\/\/www.neilmed.com\/ger\/wp-content\/uploads\/sites\/10\/2022\/03\/nm-logo.jpg","width":241,"height":200},{"@type":"BreadcrumbList","@id":"https:\/\/www.neilmed.com\/ger\/about-neilmed\/#breadcrumb","itemListElement":[{"@type":"ListItem","position":1,"name":"Home","item":"https:\/\/www.neilmed.com\/ger\/"},{"@type":"ListItem","position":2,"name":"About NeilMed"}]},{"@type":"WebSite","@id":"https:\/\/www.neilmed.com\/ger\/#website","url":"https:\/\/www.neilmed.com\/ger\/","name":"NeilMed Pharmaceuticals - Germany","description":"NeilMed Pharmaceuticals: world leader in nasal saline irrigation system | Sinus Rinse | Neti Pot | Nasal Irrigation","potentialAction":[{"@type":"SearchAction","target":{"@type":"EntryPoint","urlTemplate":"https:\/\/www.neilmed.com\/ger\/?s={search_term_string}"},"query-input":{"@type":"PropertyValueSpecification","valueRequired":true,"valueName":"search_term_string"}}],"inLanguage":"de"}]}},"acf":[],"_links":{"self":[{"href":"https:\/\/www.neilmed.com\/ger\/wp-json\/wp\/v2\/pages\/247","targetHints":{"allow":["GET"]}}],"collection":[{"href":"https:\/\/www.neilmed.com\/ger\/wp-json\/wp\/v2\/pages"}],"about":[{"href":"https:\/\/www.neilmed.com\/ger\/wp-json\/wp\/v2\/types\/page"}],"author":[{"embeddable":true,"href":"https:\/\/www.neilmed.com\/ger\/wp-json\/wp\/v2\/users\/1"}],"replies":[{"embeddable":true,"href":"https:\/\/www.neilmed.com\/ger\/wp-json\/wp\/v2\/comments?post=247"}],"version-history":[{"count":1,"href":"https:\/\/www.neilmed.com\/ger\/wp-json\/wp\/v2\/pages\/247\/revisions"}],"predecessor-version":[{"id":4672,"href":"https:\/\/www.neilmed.com\/ger\/wp-json\/wp\/v2\/pages\/247\/revisions\/4672"}],"wp:featuredmedia":[{"embeddable":true,"href":"https:\/\/www.neilmed.com\/ger\/wp-json\/wp\/v2\/media\/2422"}],"wp:attachment":[{"href":"https:\/\/www.neilmed.com\/ger\/wp-json\/wp\/v2\/media?parent=247"}],"wp:term":[{"taxonomy":"category","embeddable":true,"href":"https:\/\/www.neilmed.com\/ger\/wp-json\/wp\/v2\/categories?post=247"},{"taxonomy":"post_tag","embeddable":true,"href":"https:\/\/www.neilmed.com\/ger\/wp-json\/wp\/v2\/tags?post=247"}],"curies":[{"name":"wp","href":"https:\/\/api.w.org\/{rel}","templated":true}]}}