{"id":2847,"date":"2022-03-18T10:06:19","date_gmt":"2022-03-18T17:06:19","guid":{"rendered":"https:\/\/dev.neilmed.com\/ger\/?page_id=2847"},"modified":"2024-10-15T00:07:37","modified_gmt":"2024-10-14T22:07:37","slug":"global-locations","status":"publish","type":"page","link":"https:\/\/www.neilmed.com\/ger\/global-locations\/","title":{"rendered":"Global Locations"},"content":{"rendered":"\n<h1>\n\t\tGlobale Standorte\n\t<\/h1>\n\t<a href=\"https:\/\/www.neilmed.com\/ger\/\">Home<\/a> \u00bb <strong aria-current=\"page\">Globale Standorte<\/strong>\n\t<p>Haben Sie Fragen? TEL :\u00a0<a href=\"tel:707-525-3784\">+1 707 525 3784<\/a> oder Email an\u00a0<a href=\"mailto:questions@neilmed.com\">questions@neilmed.com<\/a><\/p>\n<h2>\n\t\tGLOBALES B\u00dcRO STANDORTE\n\t<\/h2>\n<h3>\n\t\tUSA\n\t<\/h3>\n\t<p><strong>NeilMed\u00a0Pharmaceuticals, Inc.<\/strong><br \/>601 Aviation Blvd<br \/>Santa Rosa, CA\u00a0 95403<br \/>TOLL FREE:\u00a0 +1 877-477-8633<br \/>TEL:\u00a0 +1 707-525-3784<br \/>FAX:\u00a0 +1 707-525-3785<\/p>\n<h3>\n\t\t KANADA\n\t<\/h3>\n\t<p><strong>NeilMed\u00a0Pharmaceuticals, Inc.<\/strong><br \/>1300 Rodick Rd, Unit A<br \/>Markham, ON L3R8C3<br \/>TOLL FREE:\u00a0 +1 877-477-8633<br \/>TEL:\u00a0 +1 905-480-0202<br \/>FAX:\u00a0 +1 905-480-0201<\/p>\n<h3>\n\t\tGro\u00dfbritannien\n\t<\/h3>\n\t<p><strong>NeilMed\u00a0Pharmaceuticals Ltd.<\/strong><br \/>P.O. Box 2853<br \/>Coulsdon, Surrey CR5 2WN<br \/>United Kingdom<br \/>TEL:\u00a0 +44 208 660 9447<br \/>FAX:\u00a0 +44 207 900 6414<\/p>\n<h3>\n\t\tIRELAND &#038; EUROPE\n\t<\/h3>\n\t<p><strong>NeilMed\u00a0Pharmaceuticals Ltd.<\/strong><br \/>P.O. Box 2853<br \/>Coulsdon, Surrey CR5 2WN<br \/>United Kingdom<br \/>TEL:\u00a0 +353 16569710<\/p>\n<h3>\n\t\tAustralien\n\t<\/h3>\n\t<p><strong>NeilMed\u00a0Pharmaceutical Australia Pty. Limited<\/strong><br \/>12-354 Chisholm Rd<br \/>Auburn, NSW 2144<br \/>TEL:\u00a0 +61 1300 652 148<br \/>FAX:\u00a0 +61 (03) 8677 9989<br \/>TOLL FREE:\u00a0 +61 1800 158 900<\/p>\n<h3>\n\t\tNeuseeland\n\t<\/h3>\n\t<p><strong>NeilMed\u00a0Pharmaceuticals New Zealand Pty. Limited<\/strong><br \/>67 Church Street<br \/>Onehunga, Auckland 1061<br \/>New Zealand<br \/>TEL:\u00a0 +64 9 820 7279<br \/>FAX:\u00a0 +64 9 353 1430<br \/>TOLL FREE:\u00a0 0800 634 5633<\/p>\n<h3>\n\t\tSingapur\n\t<\/h3>\n\t<p><strong>NeilMed\u00a0Pharmaceuticals Pte. Ltd.<\/strong><br \/>66 Tannery Lane<br \/>#01-02D Sindo Indl Building<br \/>Singapore 347805<br \/>Tel: +65 6221 8948<br \/>Fax: +65 6491 5930<\/p>\n<h3>\n\t\tINDIEN\n\t<\/h3>\n\t<strong>NeilMed\u00a0Devices Pvt. Ltd.<\/strong><br \/>\nTrifecta Adatto<br \/>\n12th floor B wing #66\/2,67\/1,<br \/>\nITPL Main Road,<br \/>\nGarudacharpalya, Mahadevapura Post<br \/>\nBangalore-560048<br \/>\nTEL:\u00a0 +91-80-41613512 &#8211; 13\n<h3>\n\t\tJAPAN\n\t<\/h3>\n\t<p><strong>NeilMed\u00a0Pharmaceuticals K.K.<\/strong><br \/>2-3-3 Nishikanda, Chiyoda<br \/>Tokyo, 101-0065<br \/>TEL:\u00a0 +81 03-6261-4446<br \/>FAX:\u00a0 +81 03-6701-7407<\/p>\n<p>&nbsp;<\/p>\n<h3>\n\t\tHONGKONG\n\t<\/h3>\n\t<p><strong>NeilMed Pharmaceutical Pvt Limited<\/strong><br \/>Unit 06 &amp; 07, 15\/F, Billion Trade Centre,<br \/>31 Hung To Road, Kwun Tong,<br \/>Kowloon, Hong Kong.<br \/>TEL: +852 2880 0500 \/ +852 2880 0522<br \/>FAX: +852 3010 7540<\/p>\n<h3>\n\t\tDeutschland\n\t<\/h3>\n\t<strong>NeilMed Pharma GmbH<\/strong><br \/>\nWerdauer Str. 162<br \/>\n08060 Zwickau, Germany<br \/>\nTel: +49 375 2118 6236<br \/>\nFax: +49 375 2118 6238\n<h2>\n\t\tSCHWEDEN\n\t<\/h2>\n\t<p>ENTpro AB,<br \/>Box 2148, 103 14<br \/>Stockholm, Sweden<br \/>www.entpro.com<\/p>\n<h3>\n\t\tMEXIKO\n\t<\/h3>\n\t<p><strong>Neilmed Pharmaceuticals M\u00e9xico Inc.<\/strong><br \/>S. de R.L. De C.V.<br \/>Sach Office Hosting<br \/>Av. Vasco de Quiroga, No. Ext 3900,<br \/>No int TORRE A Piso 10, Cuajimalpa de Morelos<br \/>CP 05348 CDMX<\/p>\n<h3>\n\t\tCHILE\n\t<\/h3>\n\t<p><strong>NeilMed LatAm Chile SpA,<\/strong><br \/>Alonso De Cordova 3827, Piso 8,<br \/>Vitacura, Santiago, Chile<br \/>Tel: +569 9973-3177<\/p>\n<p>&nbsp;<\/p>\n<p>&nbsp;<\/p>\n<h3>\n\t\tCOSTA RICA\n\t<\/h3>\n\t<p><strong>NeilMed LatAm Costa Rica<\/strong><br \/>Office #401,4th Floor Torres Paseo Col\u00f3n<br \/>San Jos\u00e9, Paseo Col\u00f3n<br \/>Tel: (+506) 4106-3445<\/p>\n<p>&nbsp;<\/p>\n<h3>\n\t\tKOLUMBIEN\n\t<\/h3>\n\t<p><strong>NeilMed Latam Colombia S.A.S.<\/strong><br \/>Calle 79 N\u00b0 14 &#8211; 56 Oficina 401,<br \/>Tel: +57 60 1 6944026<br \/>www.neilmed.com.co<\/p>\n<p>&nbsp;<\/p>\n<p>&nbsp;<\/p>\n<h2>\n\t\tGLOBALE VERTRIEBSSTANDORTE\n\t<\/h2>\n<h3>\n\t\tEuropa\n\t<\/h3>\n\t\t\t\t<img loading=\"lazy\" decoding=\"async\" src=\"https:\/\/www.neilmed.com\/ger\/wp-content\/uploads\/sites\/10\/2022\/02\/gb.jpg\" alt=\"United Kingdom Flag\" itemprop=\"image\" height=\"320\" width=\"640\" title=\"United Kingdom Flag\" onerror=\"this.style.display='none'\"  \/>\n\t\t<h3>Gro\u00dfbritannien<\/h3>\t\n\t\t\t\t<img loading=\"lazy\" decoding=\"async\" src=\"https:\/\/www.neilmed.com\/ger\/wp-content\/uploads\/sites\/10\/2022\/02\/ie.jpg\" alt=\"Ireland Flag\" itemprop=\"image\" height=\"320\" width=\"640\" title=\"Ireland Flag\" onerror=\"this.style.display='none'\"  \/>\n\t\t<h3>Irland<\/h3>\t\n\t\t\t\t<img loading=\"lazy\" decoding=\"async\" src=\"https:\/\/www.neilmed.com\/ger\/wp-content\/uploads\/sites\/10\/2022\/02\/pl.jpg\" alt=\"Poland Flag\" itemprop=\"image\" height=\"400\" width=\"640\" title=\"Poland Flag\" onerror=\"this.style.display='none'\"  \/>\n\t\t<h3>Polen<\/h3>\t\n\t\t\t\t<img loading=\"lazy\" decoding=\"async\" src=\"https:\/\/www.neilmed.com\/ger\/wp-content\/uploads\/sites\/10\/2022\/02\/hu.jpg\" alt=\"Hungary Flag\" itemprop=\"image\" height=\"320\" width=\"640\" title=\"Hungary Flag\" onerror=\"this.style.display='none'\"  \/>\n\t\t<h3>Ungarn<\/h3>\t\n\t\t\t\t<img loading=\"lazy\" decoding=\"async\" src=\"https:\/\/www.neilmed.com\/ger\/wp-content\/uploads\/sites\/10\/2022\/03\/gr.jpg\" alt=\"Greece Flag\" itemprop=\"image\" height=\"427\" width=\"640\" title=\"Greece Flag\" onerror=\"this.style.display='none'\"  \/>\n\t\t<h3>Griechenland<\/h3>\t\n\t\t\t\t<img loading=\"lazy\" decoding=\"async\" src=\"https:\/\/www.neilmed.com\/ger\/wp-content\/uploads\/sites\/10\/2022\/02\/de.jpg\" alt=\"Germany Flag\" itemprop=\"image\" height=\"384\" width=\"640\" title=\"Germany Flag\" onerror=\"this.style.display='none'\"  \/>\n\t\t<h3>Deutschland<\/h3>\t\n\t\t\t\t<img loading=\"lazy\" decoding=\"async\" src=\"https:\/\/www.neilmed.com\/ger\/wp-content\/uploads\/sites\/10\/2022\/03\/no.jpg\" alt=\"Norway Flag\" itemprop=\"image\" height=\"465\" width=\"640\" title=\"Norway Flag\" onerror=\"this.style.display='none'\"  \/>\n\t\t<h3>Norwegen<\/h3>\t\n\t\t\t\t<img loading=\"lazy\" decoding=\"async\" src=\"https:\/\/www.neilmed.com\/ger\/wp-content\/uploads\/sites\/10\/2022\/03\/dk.jpg\" alt=\"Denmark Flag\" itemprop=\"image\" height=\"484\" width=\"640\" title=\"Denmark Flag\" onerror=\"this.style.display='none'\"  \/>\n\t\t<h3>D\u00e4nemark<\/h3>\t\n\t\t\t\t<img loading=\"lazy\" decoding=\"async\" src=\"https:\/\/www.neilmed.com\/ger\/wp-content\/uploads\/sites\/10\/2022\/03\/ro.jpg\" alt=\"Romania Flag\" itemprop=\"image\" height=\"427\" width=\"640\" title=\"Romania Flag\" onerror=\"this.style.display='none'\"  \/>\n\t\t<h3>Rum\u00e4nien<\/h3>\t\n<h3>\n\t\tAsien-Pazifik\n\t<\/h3>\n\t\t\t\t<img loading=\"lazy\" decoding=\"async\" src=\"https:\/\/www.neilmed.com\/ger\/wp-content\/uploads\/sites\/10\/2022\/02\/au.jpg\" alt=\"Australia Flag\" itemprop=\"image\" height=\"320\" width=\"640\" title=\"Australia Flag\" onerror=\"this.style.display='none'\"  \/>\n\t\t<h3>Australien<\/h3>\t\n\t\t\t\t<img loading=\"lazy\" decoding=\"async\" src=\"https:\/\/www.neilmed.com\/ger\/wp-content\/uploads\/sites\/10\/2022\/02\/nz.jpg\" alt=\"New Zealand Flag\" itemprop=\"image\" height=\"320\" width=\"640\" title=\"New Zealand Flag\" onerror=\"this.style.display='none'\"  \/>\n\t\t<h3>Neuseeland<\/h3>\t\n\t\t\t\t<img loading=\"lazy\" decoding=\"async\" src=\"https:\/\/www.neilmed.com\/ger\/wp-content\/uploads\/sites\/10\/2022\/02\/sg.jpg\" alt=\"Singapore Flag\" itemprop=\"image\" height=\"427\" width=\"640\" title=\"Singapore Flag\" onerror=\"this.style.display='none'\"  \/>\n\t\t<h3>Singapur<\/h3>\t\n\t\t\t\t<img loading=\"lazy\" decoding=\"async\" src=\"https:\/\/www.neilmed.com\/ger\/wp-content\/uploads\/sites\/10\/2022\/02\/jp.jpg\" alt=\"Japan Flag\" itemprop=\"image\" height=\"427\" width=\"640\" title=\"Japan Flag\" onerror=\"this.style.display='none'\"  \/>\n\t\t<h3>Japan<\/h3>\t\n\t\t\t\t<img loading=\"lazy\" decoding=\"async\" src=\"https:\/\/www.neilmed.com\/ger\/wp-content\/uploads\/sites\/10\/2022\/03\/my.jpg\" alt=\"Malaysia Flag\" itemprop=\"image\" height=\"320\" width=\"640\" title=\"Malaysia Flag\" onerror=\"this.style.display='none'\"  \/>\n\t\t<h3>Malaysia<\/h3>\t\n\t\t\t\t<img loading=\"lazy\" decoding=\"async\" src=\"https:\/\/www.neilmed.com\/ger\/wp-content\/uploads\/sites\/10\/2022\/03\/mn.jpg\" alt=\"Mongolia Flag\" itemprop=\"image\" height=\"320\" width=\"640\" title=\"Mongolia Flag\" onerror=\"this.style.display='none'\"  \/>\n\t\t<h3>Mongolei<\/h3>\t\n\t\t\t\t<img loading=\"lazy\" decoding=\"async\" src=\"https:\/\/www.neilmed.com\/ger\/wp-content\/uploads\/sites\/10\/2022\/02\/hk.jpg\" alt=\"Hong Kong Flag\" itemprop=\"image\" height=\"427\" width=\"640\" title=\"Hong Kong Flag\" onerror=\"this.style.display='none'\"  \/>\n\t\t<h3>Hongkong<\/h3>\t\n\t\t\t\t<img loading=\"lazy\" decoding=\"async\" src=\"https:\/\/www.neilmed.com\/ger\/wp-content\/uploads\/sites\/10\/2022\/03\/lb.jpg\" alt=\"Lebanon Flag\" itemprop=\"image\" height=\"427\" width=\"640\" title=\"Lebanon Flag\" onerror=\"this.style.display='none'\"  \/>\n\t\t<h3>Libanon<\/h3>\t\n\t\t\t\t<img loading=\"lazy\" decoding=\"async\" src=\"https:\/\/www.neilmed.com\/ger\/wp-content\/uploads\/sites\/10\/2022\/03\/ph.jpg\" alt=\"Philippines Flag\" itemprop=\"image\" height=\"320\" width=\"640\" title=\"Philippines Flag\" onerror=\"this.style.display='none'\"  \/>\n\t\t<h3>Philippinen<\/h3>\t\n\t\t\t\t<img loading=\"lazy\" decoding=\"async\" src=\"https:\/\/www.neilmed.com\/ger\/wp-content\/uploads\/sites\/10\/2022\/03\/vn.jpg\" alt=\"Vietnam Flag\" itemprop=\"image\" height=\"427\" width=\"640\" title=\"Vietnam Flag\" onerror=\"this.style.display='none'\"  \/>\n\t\t<h3>Vietnam<\/h3>\t\n<h3>\n\t\tAndere internationale Standorte\n\t<\/h3>\n\t\t\t\t<img loading=\"lazy\" decoding=\"async\" src=\"https:\/\/www.neilmed.com\/ger\/wp-content\/uploads\/sites\/10\/2022\/02\/cl.jpg\" alt=\"Chile Flag\" itemprop=\"image\" height=\"427\" width=\"640\" title=\"Chile Flag\" onerror=\"this.style.display='none'\"  \/>\n\t\t<h3>Chile<\/h3>\t\n\t\t\t\t<img loading=\"lazy\" decoding=\"async\" src=\"https:\/\/www.neilmed.com\/ger\/wp-content\/uploads\/sites\/10\/2022\/02\/co.jpg\" alt=\"Colombia Flag\" itemprop=\"image\" height=\"427\" width=\"640\" title=\"Colombia Flag\" onerror=\"this.style.display='none'\"  \/>\n\t\t<h3>Kolumbien<\/h3>\t\n\t\t\t\t<img loading=\"lazy\" decoding=\"async\" src=\"https:\/\/www.neilmed.com\/ger\/wp-content\/uploads\/sites\/10\/2022\/03\/pa.jpg\" alt=\"Panama Flag\" itemprop=\"image\" height=\"427\" width=\"640\" title=\"Panama Flag\" onerror=\"this.style.display='none'\"  \/>\n\t\t<h3>Panama<\/h3>\t\n\t\t\t\t<img loading=\"lazy\" decoding=\"async\" src=\"https:\/\/www.neilmed.com\/ger\/wp-content\/uploads\/sites\/10\/2022\/02\/cr.jpg\" alt=\"Costa Rica Flag\" itemprop=\"image\" height=\"384\" width=\"640\" title=\"Costa Rica Flag\" onerror=\"this.style.display='none'\"  \/>\n\t\t<h3>Costa Rica<\/h3>\t\n\t\t\t\t<img loading=\"lazy\" decoding=\"async\" src=\"https:\/\/www.neilmed.com\/ger\/wp-content\/uploads\/sites\/10\/2022\/03\/hn.jpg\" alt=\"Honduras Flag\" itemprop=\"image\" height=\"320\" width=\"640\" title=\"Honduras Flag\" onerror=\"this.style.display='none'\"  \/>\n\t\t<h3>Honduras<\/h3>\t\n\t\t\t\t<img loading=\"lazy\" decoding=\"async\" src=\"https:\/\/www.neilmed.com\/ger\/wp-content\/uploads\/sites\/10\/2022\/03\/tt.jpg\" alt=\"Trinidad &amp; Tobago Flag\" itemprop=\"image\" height=\"384\" width=\"640\" title=\"Trinidad &amp; Tobago Flag\" onerror=\"this.style.display='none'\"  \/>\n\t\t<h3>Trinidad &#038; Tobago<\/h3>\t\n\t<strong>NeilMed<\/strong> bietet Ihnen gr\u00f6\u00dftm\u00f6gliche Unterst\u00fctzung und Service. Wir m\u00f6chten, dass Sie bei Fragen zu unserer Nasendusche oder anderen NeilMed Produkten, schnell und einfach die Antworten erhalten.<br \/>\n<strong>Telefon<\/strong><br \/>\nRufen Sie uns w\u00e4hrend den normalen B\u00fcrozeiten an &#8211; wir sind gerne f\u00fcr Sie da und beantworten Ihre Fragen umgehend.<br \/>\n<strong>Email<\/strong><br \/>\nSchreiben Sie uns Ihr Anliegen oder Ihre Erfahrungsberichte per E-Mail. Ihre Erfahrungen sind wichtig f\u00fcr uns, schreiben Sie an service@neilmed.com\n<p><strong>Wenn Sie Fragen oder Kommentare haben, f\u00fcllen Sie bitte das folgende <a href=\"https:\/\/www.neilmed.com\/ger\/contact-us\/\">Formular<\/a> aus und senden Sie es uns.<\/strong><\/p>\n\t\t<h3>Erlebe das Gef\u00fchl einer freien Nase<\/h3>\n\t\t\t<a href=\"https:\/\/www.neilmed.com\/ger\/unsere-marktplaetze\/\" target=\"_self\" rel=\"noopener\">\n\t\t\t\t\t\t\tJETZT BESTELLEN\n\t\t\t<\/a>\n\t\t\t\t<img loading=\"lazy\" decoding=\"async\" src=\"https:\/\/www.neilmed.com\/ger\/wp-content\/uploads\/sites\/10\/2022\/04\/mail-icon-newsletter.svg\" alt=\"mail-icon-newsletter\" itemprop=\"image\" height=\"0\" width=\"0\" title=\"mail-icon-newsletter\" onerror=\"this.style.display='none'\"  \/>\n\tJoin Our Newsletter\n\t<p>Tragen Sie sich in unsere Mailingliste ein, um auf dem neuesten Stand zu bleiben und aktuelle Informationen zu Sonderangeboten, Werbeaktionen, medizinischen Literaturen und Ver\u00f6ffentlichungen zu erhalten.<\/p>\n\t<form method=\"post\" action=\"\/usa\/newsletter-sign-up\/\" id=\"ContactFooter\">\n          <input type=\"email\" autocomplete=\"email\" placeholder=\"Your email\"\/>\n      <button type=\"submit\" name=\"commit\" id=\"Subscribe\">\n        Subscribe\n        Go\n      <\/button><\/form>\n\n","protected":false},"excerpt":{"rendered":"<p>Globale Standorte Home \u00bb Globale Standorte Haben Sie Fragen? TEL :\u00a0+1 707 525 3784 oder Email an\u00a0questions@neilmed.com GLOBALES B\u00dcRO STANDORTE USA NeilMed\u00a0Pharmaceuticals, Inc.601 Aviation BlvdSanta Rosa, CA\u00a0 95403TOLL FREE:\u00a0 +1 877-477-8633TEL:\u00a0 +1 707-525-3784FAX:\u00a0 +1 707-525-3785 KANADA NeilMed\u00a0Pharmaceuticals, Inc.1300 Rodick Rd, Unit AMarkham, ON L3R8C3TOLL FREE:\u00a0 +1 877-477-8633TEL:\u00a0 +1 905-480-0202FAX:\u00a0 +1 905-480-0201 Gro\u00dfbritannien NeilMed\u00a0Pharmaceuticals Ltd.P.O. Box&hellip;<\/p>\n","protected":false},"author":1,"featured_media":1975,"parent":0,"menu_order":15,"comment_status":"closed","ping_status":"closed","template":"","meta":{"_acf_changed":false,"inline_featured_image":false,"footnotes":""},"categories":[5,17],"tags":[],"class_list":["post-2847","page","type-page","status-publish","has-post-thumbnail","hentry","category-about","category-contact-us"],"yoast_head":"<!-- This site is optimized with the Yoast SEO Premium plugin v27.4 (Yoast SEO v27.4) - https:\/\/yoast.com\/product\/yoast-seo-premium-wordpress\/ -->\n<title>Global Locations - NeilMed Pharmaceuticals - Germany<\/title>\n<meta name=\"description\" content=\"NeilMed&reg; Pharmaceuticals is an international company and we have offices and supply depots in many different global locations.\" \/>\n<meta name=\"robots\" content=\"index, follow, max-snippet:-1, max-image-preview:large, max-video-preview:-1\" \/>\n<link rel=\"canonical\" href=\"https:\/\/www.neilmed.com\/ger\/global-locations\/\" \/>\n<meta property=\"og:locale\" content=\"de_DE\" \/>\n<meta property=\"og:type\" content=\"article\" \/>\n<meta property=\"og:title\" content=\"Global Locations\" \/>\n<meta property=\"og:description\" content=\"NeilMed&reg; Pharmaceuticals is an international company and we have offices and supply depots in many different global locations.\" \/>\n<meta property=\"og:url\" content=\"https:\/\/www.neilmed.com\/ger\/global-locations\/\" \/>\n<meta property=\"og:site_name\" content=\"NeilMed Pharmaceuticals - Germany\" \/>\n<meta property=\"article:modified_time\" content=\"2024-10-14T22:07:37+00:00\" \/>\n<meta property=\"og:image\" content=\"https:\/\/www.neilmed.com\/ger\/wp-content\/uploads\/sites\/10\/2022\/03\/global-distribution-scaled.jpeg\" \/>\n\t<meta property=\"og:image:width\" content=\"1\" \/>\n\t<meta property=\"og:image:height\" content=\"1\" \/>\n\t<meta property=\"og:image:type\" content=\"image\/jpeg\" \/>\n<meta name=\"twitter:card\" content=\"summary_large_image\" \/>\n<meta name=\"twitter:label1\" content=\"Gesch\u00e4tzte Lesezeit\" \/>\n\t<meta name=\"twitter:data1\" content=\"2\u00a0Minuten\" \/>\n<script type=\"application\/ld+json\" class=\"yoast-schema-graph\">{\"@context\":\"https:\\\/\\\/schema.org\",\"@graph\":[{\"@type\":\"WebPage\",\"@id\":\"https:\\\/\\\/www.neilmed.com\\\/ger\\\/global-locations\\\/\",\"url\":\"https:\\\/\\\/www.neilmed.com\\\/ger\\\/global-locations\\\/\",\"name\":\"Global Locations - NeilMed Pharmaceuticals - Germany\",\"isPartOf\":{\"@id\":\"https:\\\/\\\/www.neilmed.com\\\/ger\\\/#website\"},\"primaryImageOfPage\":{\"@id\":\"https:\\\/\\\/www.neilmed.com\\\/ger\\\/global-locations\\\/#primaryimage\"},\"image\":{\"@id\":\"https:\\\/\\\/www.neilmed.com\\\/ger\\\/global-locations\\\/#primaryimage\"},\"thumbnailUrl\":\"https:\\\/\\\/www.neilmed.com\\\/ger\\\/wp-content\\\/uploads\\\/sites\\\/10\\\/2022\\\/03\\\/global-distribution-scaled.jpeg\",\"datePublished\":\"2022-03-18T17:06:19+00:00\",\"dateModified\":\"2024-10-14T22:07:37+00:00\",\"description\":\"NeilMed&reg; Pharmaceuticals is an international company and we have offices and supply depots in many different global locations.\",\"breadcrumb\":{\"@id\":\"https:\\\/\\\/www.neilmed.com\\\/ger\\\/global-locations\\\/#breadcrumb\"},\"inLanguage\":\"de\",\"potentialAction\":[{\"@type\":\"ReadAction\",\"target\":[\"https:\\\/\\\/www.neilmed.com\\\/ger\\\/global-locations\\\/\"]}]},{\"@type\":\"ImageObject\",\"inLanguage\":\"de\",\"@id\":\"https:\\\/\\\/www.neilmed.com\\\/ger\\\/global-locations\\\/#primaryimage\",\"url\":\"https:\\\/\\\/www.neilmed.com\\\/ger\\\/wp-content\\\/uploads\\\/sites\\\/10\\\/2022\\\/03\\\/global-distribution-scaled.jpeg\",\"contentUrl\":\"https:\\\/\\\/www.neilmed.com\\\/ger\\\/wp-content\\\/uploads\\\/sites\\\/10\\\/2022\\\/03\\\/global-distribution-scaled.jpeg\",\"caption\":\"World Map Globe - Global Locations\"},{\"@type\":\"BreadcrumbList\",\"@id\":\"https:\\\/\\\/www.neilmed.com\\\/ger\\\/global-locations\\\/#breadcrumb\",\"itemListElement\":[{\"@type\":\"ListItem\",\"position\":1,\"name\":\"Home\",\"item\":\"https:\\\/\\\/www.neilmed.com\\\/ger\\\/\"},{\"@type\":\"ListItem\",\"position\":2,\"name\":\"Global Locations\"}]},{\"@type\":\"WebSite\",\"@id\":\"https:\\\/\\\/www.neilmed.com\\\/ger\\\/#website\",\"url\":\"https:\\\/\\\/www.neilmed.com\\\/ger\\\/\",\"name\":\"NeilMed Pharmaceuticals - Germany\",\"description\":\"NeilMed Pharmaceuticals: world leader in nasal saline irrigation system | Sinus Rinse | Neti Pot | Nasal Irrigation\",\"potentialAction\":[{\"@type\":\"SearchAction\",\"target\":{\"@type\":\"EntryPoint\",\"urlTemplate\":\"https:\\\/\\\/www.neilmed.com\\\/ger\\\/?s={search_term_string}\"},\"query-input\":{\"@type\":\"PropertyValueSpecification\",\"valueRequired\":true,\"valueName\":\"search_term_string\"}}],\"inLanguage\":\"de\"}]}<\/script>\n<!-- \/ Yoast SEO Premium plugin. -->","yoast_head_json":{"title":"Global Locations - NeilMed Pharmaceuticals - Germany","description":"NeilMed&reg; Pharmaceuticals is an international company and we have offices and supply depots in many different global locations.","robots":{"index":"index","follow":"follow","max-snippet":"max-snippet:-1","max-image-preview":"max-image-preview:large","max-video-preview":"max-video-preview:-1"},"canonical":"https:\/\/www.neilmed.com\/ger\/global-locations\/","og_locale":"de_DE","og_type":"article","og_title":"Global Locations","og_description":"NeilMed&reg; Pharmaceuticals is an international company and we have offices and supply depots in many different global locations.","og_url":"https:\/\/www.neilmed.com\/ger\/global-locations\/","og_site_name":"NeilMed Pharmaceuticals - Germany","article_modified_time":"2024-10-14T22:07:37+00:00","og_image":[{"url":"https:\/\/www.neilmed.com\/ger\/wp-content\/uploads\/sites\/10\/2022\/03\/global-distribution-scaled.jpeg","width":1,"height":1,"type":"image\/jpeg"}],"twitter_card":"summary_large_image","twitter_misc":{"Gesch\u00e4tzte Lesezeit":"2\u00a0Minuten"},"schema":{"@context":"https:\/\/schema.org","@graph":[{"@type":"WebPage","@id":"https:\/\/www.neilmed.com\/ger\/global-locations\/","url":"https:\/\/www.neilmed.com\/ger\/global-locations\/","name":"Global Locations - NeilMed Pharmaceuticals - Germany","isPartOf":{"@id":"https:\/\/www.neilmed.com\/ger\/#website"},"primaryImageOfPage":{"@id":"https:\/\/www.neilmed.com\/ger\/global-locations\/#primaryimage"},"image":{"@id":"https:\/\/www.neilmed.com\/ger\/global-locations\/#primaryimage"},"thumbnailUrl":"https:\/\/www.neilmed.com\/ger\/wp-content\/uploads\/sites\/10\/2022\/03\/global-distribution-scaled.jpeg","datePublished":"2022-03-18T17:06:19+00:00","dateModified":"2024-10-14T22:07:37+00:00","description":"NeilMed&reg; Pharmaceuticals is an international company and we have offices and supply depots in many different global locations.","breadcrumb":{"@id":"https:\/\/www.neilmed.com\/ger\/global-locations\/#breadcrumb"},"inLanguage":"de","potentialAction":[{"@type":"ReadAction","target":["https:\/\/www.neilmed.com\/ger\/global-locations\/"]}]},{"@type":"ImageObject","inLanguage":"de","@id":"https:\/\/www.neilmed.com\/ger\/global-locations\/#primaryimage","url":"https:\/\/www.neilmed.com\/ger\/wp-content\/uploads\/sites\/10\/2022\/03\/global-distribution-scaled.jpeg","contentUrl":"https:\/\/www.neilmed.com\/ger\/wp-content\/uploads\/sites\/10\/2022\/03\/global-distribution-scaled.jpeg","caption":"World Map Globe - Global Locations"},{"@type":"BreadcrumbList","@id":"https:\/\/www.neilmed.com\/ger\/global-locations\/#breadcrumb","itemListElement":[{"@type":"ListItem","position":1,"name":"Home","item":"https:\/\/www.neilmed.com\/ger\/"},{"@type":"ListItem","position":2,"name":"Global Locations"}]},{"@type":"WebSite","@id":"https:\/\/www.neilmed.com\/ger\/#website","url":"https:\/\/www.neilmed.com\/ger\/","name":"NeilMed Pharmaceuticals - Germany","description":"NeilMed Pharmaceuticals: world leader in nasal saline irrigation system | Sinus Rinse | Neti Pot | Nasal Irrigation","potentialAction":[{"@type":"SearchAction","target":{"@type":"EntryPoint","urlTemplate":"https:\/\/www.neilmed.com\/ger\/?s={search_term_string}"},"query-input":{"@type":"PropertyValueSpecification","valueRequired":true,"valueName":"search_term_string"}}],"inLanguage":"de"}]}},"acf":[],"_links":{"self":[{"href":"https:\/\/www.neilmed.com\/ger\/wp-json\/wp\/v2\/pages\/2847","targetHints":{"allow":["GET"]}}],"collection":[{"href":"https:\/\/www.neilmed.com\/ger\/wp-json\/wp\/v2\/pages"}],"about":[{"href":"https:\/\/www.neilmed.com\/ger\/wp-json\/wp\/v2\/types\/page"}],"author":[{"embeddable":true,"href":"https:\/\/www.neilmed.com\/ger\/wp-json\/wp\/v2\/users\/1"}],"replies":[{"embeddable":true,"href":"https:\/\/www.neilmed.com\/ger\/wp-json\/wp\/v2\/comments?post=2847"}],"version-history":[{"count":7,"href":"https:\/\/www.neilmed.com\/ger\/wp-json\/wp\/v2\/pages\/2847\/revisions"}],"predecessor-version":[{"id":4721,"href":"https:\/\/www.neilmed.com\/ger\/wp-json\/wp\/v2\/pages\/2847\/revisions\/4721"}],"wp:featuredmedia":[{"embeddable":true,"href":"https:\/\/www.neilmed.com\/ger\/wp-json\/wp\/v2\/media\/1975"}],"wp:attachment":[{"href":"https:\/\/www.neilmed.com\/ger\/wp-json\/wp\/v2\/media?parent=2847"}],"wp:term":[{"taxonomy":"category","embeddable":true,"href":"https:\/\/www.neilmed.com\/ger\/wp-json\/wp\/v2\/categories?post=2847"},{"taxonomy":"post_tag","embeddable":true,"href":"https:\/\/www.neilmed.com\/ger\/wp-json\/wp\/v2\/tags?post=2847"}],"curies":[{"name":"wp","href":"https:\/\/api.w.org\/{rel}","templated":true}]}}