{"id":4581,"date":"2024-08-31T22:56:19","date_gmt":"2024-08-31T20:56:19","guid":{"rendered":"https:\/\/www.neilmed.com\/ger\/?page_id=4581"},"modified":"2026-03-26T20:32:13","modified_gmt":"2026-03-26T19:32:13","slug":"in-der-online-apotheke","status":"publish","type":"page","link":"https:\/\/www.neilmed.com\/ger\/in-der-online-apotheke\/","title":{"rendered":"In der Online-Apotheke"},"content":{"rendered":"\n<h1>\n\t\t\tGlobale Einkaufsm\u00f6glichkeiten: Jetzt online bestellen\t<\/h1>\n\t<span><span><a href=\"https:\/\/www.neilmed.com\/ger\/\">Home<\/a><\/span><\/span>\n<h2>\n\t\t\tGlobale Partnerschaften f\u00fcr weltweite zuverl\u00e4ssige Patientenversorgung\t<\/h2>\n\tUnsere globalen Kooperationen mit f\u00fchrenden Akteuren der Patientenversorgung sind der Grundpfeiler unseres Erfolgs. Durch ein dichtes Netzwerk aus Partnern k\u00f6nnen wir sicherstellen, dass unsere hochwertigen Medizinprodukte weltweit zug\u00e4nglich sind. Diese Partnerschaften erm\u00f6glichen den Patienten einen Zugang \u00fcber diverse Kan\u00e4le &#8211; sei es online, in \u00f6rtlichen Apotheken oder im Einzelhandel.\nUnsere rezeptfreien Produkte sind in vielen L\u00e4ndern rund um den Globus erh\u00e4ltlich, darunter in Amerika, Europa, Asien und Australien. Unsere Produkte sind weltweit von den entsprechenden Zulassungsbeh\u00f6rden zertifiziert und entsprechen den h\u00f6chsten Qualit\u00e4tsstandards. Die weltweite Verf\u00fcgbarkeit gew\u00e4hrleistet, dass Patienten jederzeit und \u00fcberall auf unsere Gesundheitsl\u00f6sungen zugreifen k\u00f6nnen. Dank unserer internationalen Pr\u00e4senz k\u00f6nnen wir kontinuierlich eine zuverl\u00e4ssige Versorgung bieten, die den hohen Anforderungen der modernen Gesundheitsversorgung entspricht.\nUnser Engagement f\u00fcr Exzellenz und Kundenzufriedenheit treibt uns an, stetig nach neuen Wegen zu suchen, um die Gesundheit von Millionen von Menschen mit risikofreien Medizinprodukten zu verbessern.\n<h3>\n\t\t\tSie sind interessiert an einer Partnerschaft?\t<\/h3>\n\t<p>Kontaktieren Sie uns f\u00fcr weitere Informationen.<\/p>\n\t\t\t<a href=\"https:\/\/www.neilmed.com\/ger\/contact-us\/\" target=\"_self\">\n\t\t\t\t\t\t\tKontaktieren Sie uns\n\t\t\t<\/a>\n\t<p><strong>Entdecken Sie unsere Produkte bei unseren Partnern &#8211; Klicken Sie einfach auf das entsprechende Logo!<\/strong><\/p>\n\t\t\t\t<a href=\"https:\/\/www.apodiscounter.de\/search.php?query=neilmed\"  target=\"_blank\" rel=\"noopener\"  itemprop=\"url\">\n\t\t\t\t<img decoding=\"async\" src=\"https:\/\/www.neilmed.com\/ger\/wp-content\/uploads\/sites\/10\/2026\/03\/APO_LO_3-300x62.png\" alt=\"APO_LO_3\" itemprop=\"image\" height=\"62\" width=\"300\" title=\"APO_LO_3\" onerror=\"this.style.display='none'\" loading=\"lazy\" \/>\n\t\t\t\t<\/a>\n\t\t\t\t<a href=\"https:\/\/www.docmorris.de\/search?query=neilmed\"  target=\"_blank\" rel=\"noopener\"  itemprop=\"url\">\n\t\t\t\t<img decoding=\"async\" src=\"https:\/\/www.neilmed.com\/ger\/wp-content\/uploads\/sites\/10\/2024\/08\/docmorris_logo_jpg-mp89ewpzMNi4PEkx1-1024x138.jpg\" alt=\"docmorris_logo_jpg-mp89ewpzMNi4PEkx[1]\" itemprop=\"image\" height=\"138\" width=\"1024\" title=\"docmorris_logo_jpg-mp89ewpzMNi4PEkx[1]\" onerror=\"this.style.display='none'\" loading=\"lazy\" \/>\n\t\t\t\t<\/a>\n\t\t\t\t<a href=\"https:\/\/www.medpex.de\/search.do?q=neilmed\"  target=\"_blank\" rel=\"noopener\"  itemprop=\"url\">\n\t\t\t\t<img decoding=\"async\" src=\"https:\/\/www.neilmed.com\/ger\/wp-content\/uploads\/sites\/10\/2024\/08\/medpex_logo_jpg-AwvkEwpZKaiw2vJl1-300x144.jpg\" alt=\"medpex_logo_jpg-AwvkEwpZKaiw2vJl[1]\" itemprop=\"image\" height=\"144\" width=\"300\" title=\"medpex_logo_jpg-AwvkEwpZKaiw2vJl[1]\" onerror=\"this.style.display='none'\" loading=\"lazy\" \/>\n\t\t\t\t<\/a>\n\t\t\t\t<a href=\"https:\/\/www.aliva.de\/search?sSearch=neilmed\"  target=\"_blank\" rel=\"noopener\"  itemprop=\"url\">\n\t\t\t\t<img decoding=\"async\" src=\"https:\/\/www.neilmed.com\/ger\/wp-content\/uploads\/sites\/10\/2024\/08\/aliva-logo_rgb_mc-AoPGnwVpMKT7ozvj1-300x150.png\" alt=\"aliva-logo_rgb_mc-AoPGnwVpMKT7ozvj[1]\" itemprop=\"image\" height=\"150\" width=\"300\" title=\"aliva-logo_rgb_mc-AoPGnwVpMKT7ozvj[1]\" onerror=\"this.style.display='none'\" loading=\"lazy\" \/>\n\t\t\t\t<\/a>\n\t\t\t\t<a href=\"https:\/\/www.sanicare.de\/factfinder\/result?query=neilmed\"  target=\"_blank\" rel=\"noopener\"  itemprop=\"url\">\n\t\t\t\t<img decoding=\"async\" src=\"https:\/\/www.neilmed.com\/ger\/wp-content\/uploads\/sites\/10\/2024\/08\/neues-sanicare-logo-AoPGnwV5Q1s1kZxx1.png\" alt=\"neues-sanicare-logo-AoPGnwV5Q1s1kZxx[1]\" itemprop=\"image\" height=\"593\" width=\"1570\" title=\"neues-sanicare-logo-AoPGnwV5Q1s1kZxx[1]\" onerror=\"this.style.display='none'\" loading=\"lazy\" \/>\n\t\t\t\t<\/a>\n\t\t\t\t<a href=\"https:\/\/www.aliva.de\/factfinder\/result?query=neilmed\"  target=\"_self\" itemprop=\"url\">\n\t\t\t\t<img decoding=\"async\" src=\"https:\/\/www.neilmed.com\/ger\/wp-content\/uploads\/sites\/10\/2024\/08\/aviva_med.png\" alt=\"aviva_med\" itemprop=\"image\" height=\"122\" width=\"276\" title=\"aviva_med\" onerror=\"this.style.display='none'\" loading=\"lazy\" \/>\n\t\t\t\t<\/a>\n\t\t\t\t<a href=\"https:\/\/www.apo.com\/search.php?query=neilmed\"  target=\"_blank\" rel=\"noopener\"  itemprop=\"url\">\n\t\t\t\t<img decoding=\"async\" src=\"https:\/\/www.neilmed.com\/ger\/wp-content\/uploads\/sites\/10\/2026\/03\/Logo-Descriptor2OCoDarkBlue-300x156.png\" alt=\"Logo-Descriptor2\u00d4\u00c7\u00f4DarkBlue\" itemprop=\"image\" height=\"156\" width=\"300\" title=\"Logo-Descriptor2\u00d4\u00c7\u00f4DarkBlue\" onerror=\"this.style.display='none'\" loading=\"lazy\" \/>\n\t\t\t\t<\/a>\n\t\t\t\t<a href=\"https:\/\/www.medikamente-per-klick.de\/search\/NEILMED\"  target=\"_blank\" rel=\"noopener\"  itemprop=\"url\">\n\t\t\t\t<img decoding=\"async\" src=\"https:\/\/www.neilmed.com\/ger\/wp-content\/uploads\/sites\/10\/2024\/09\/MPK.svg\" alt=\"MPK\" itemprop=\"image\" height=\"767\" width=\"2400\" title=\"MPK\" onerror=\"this.style.display='none'\" loading=\"lazy\" \/>\n\t\t\t\t<\/a>\n\t\t\t\t<a href=\"https:\/\/shop.apotal.de\/search\/neilmed\"  target=\"_blank\" rel=\"noopener\"  itemprop=\"url\">\n\t\t\t\t<img decoding=\"async\" src=\"https:\/\/www.neilmed.com\/ger\/wp-content\/uploads\/sites\/10\/2024\/09\/logo-apotal.jpg\" alt=\"logo apotal\" itemprop=\"image\" height=\"338\" width=\"614\" title=\"logo apotal\" onerror=\"this.style.display='none'\" loading=\"lazy\" \/>\n\t\t\t\t<\/a>\n\n","protected":false},"excerpt":{"rendered":"<p>Globale Einkaufsm\u00f6glichkeiten: Jetzt online bestellen Globale Partnerschaften f\u00fcr weltweite zuverl\u00e4ssige Patientenversorgung Unsere globalen Kooperationen mit f\u00fchrenden Akteuren der Patientenversorgung sind der Grundpfeiler unseres Erfolgs. Durch ein dichtes Netzwerk aus Partnern k\u00f6nnen wir sicherstellen, dass unsere hochwertigen Medizinprodukte weltweit zug\u00e4nglich sind. Diese Partnerschaften erm\u00f6glichen den Patienten einen Zugang \u00fcber diverse Kan\u00e4le &#8211; sei es online, in&hellip;<\/p>\n","protected":false},"author":1,"featured_media":0,"parent":0,"menu_order":0,"comment_status":"closed","ping_status":"closed","template":"","meta":{"_acf_changed":false,"inline_featured_image":false,"footnotes":""},"categories":[],"tags":[],"class_list":["post-4581","page","type-page","status-publish","hentry"],"yoast_head":"<!-- This site is optimized with the Yoast SEO Premium plugin v27.4 (Yoast SEO v27.4) - https:\/\/yoast.com\/product\/yoast-seo-premium-wordpress\/ -->\n<title>In der Online-Apotheke - NeilMed Pharmaceuticals - Germany<\/title>\n<meta name=\"robots\" content=\"index, follow, max-snippet:-1, max-image-preview:large, max-video-preview:-1\" \/>\n<link rel=\"canonical\" href=\"https:\/\/www.neilmed.com\/ger\/in-der-online-apotheke\/\" \/>\n<meta property=\"og:locale\" content=\"de_DE\" \/>\n<meta property=\"og:type\" content=\"article\" \/>\n<meta property=\"og:title\" content=\"In der Online-Apotheke\" \/>\n<meta property=\"og:description\" content=\"Globale Einkaufsm\u00f6glichkeiten: Jetzt online bestellen Globale Partnerschaften f\u00fcr weltweite zuverl\u00e4ssige Patientenversorgung Unsere globalen Kooperationen mit f\u00fchrenden Akteuren der Patientenversorgung sind der Grundpfeiler unseres Erfolgs. Durch ein dichtes Netzwerk aus Partnern k\u00f6nnen wir sicherstellen, dass unsere hochwertigen Medizinprodukte weltweit zug\u00e4nglich sind. Diese Partnerschaften erm\u00f6glichen den Patienten einen Zugang \u00fcber diverse Kan\u00e4le &#8211; sei es online, in&hellip;\" \/>\n<meta property=\"og:url\" content=\"https:\/\/www.neilmed.com\/ger\/in-der-online-apotheke\/\" \/>\n<meta property=\"og:site_name\" content=\"NeilMed Pharmaceuticals - Germany\" \/>\n<meta property=\"article:modified_time\" content=\"2026-03-26T19:32:13+00:00\" \/>\n<meta property=\"og:image\" content=\"https:\/\/www.neilmed.com\/ger\/wp-content\/uploads\/sites\/10\/2026\/03\/APO_LO_3-300x62.png\" \/>\n<meta name=\"twitter:card\" content=\"summary_large_image\" \/>\n<meta name=\"twitter:label1\" content=\"Gesch\u00e4tzte Lesezeit\" \/>\n\t<meta name=\"twitter:data1\" content=\"4\u00a0Minuten\" \/>\n<script type=\"application\/ld+json\" class=\"yoast-schema-graph\">{\"@context\":\"https:\\\/\\\/schema.org\",\"@graph\":[{\"@type\":\"WebPage\",\"@id\":\"https:\\\/\\\/www.neilmed.com\\\/ger\\\/in-der-online-apotheke\\\/\",\"url\":\"https:\\\/\\\/www.neilmed.com\\\/ger\\\/in-der-online-apotheke\\\/\",\"name\":\"In der Online-Apotheke - NeilMed Pharmaceuticals - Germany\",\"isPartOf\":{\"@id\":\"https:\\\/\\\/www.neilmed.com\\\/ger\\\/#website\"},\"primaryImageOfPage\":{\"@id\":\"https:\\\/\\\/www.neilmed.com\\\/ger\\\/in-der-online-apotheke\\\/#primaryimage\"},\"image\":{\"@id\":\"https:\\\/\\\/www.neilmed.com\\\/ger\\\/in-der-online-apotheke\\\/#primaryimage\"},\"thumbnailUrl\":\"https:\\\/\\\/www.neilmed.com\\\/ger\\\/wp-content\\\/uploads\\\/sites\\\/10\\\/2026\\\/03\\\/APO_LO_3-300x62.png\",\"datePublished\":\"2024-08-31T20:56:19+00:00\",\"dateModified\":\"2026-03-26T19:32:13+00:00\",\"breadcrumb\":{\"@id\":\"https:\\\/\\\/www.neilmed.com\\\/ger\\\/in-der-online-apotheke\\\/#breadcrumb\"},\"inLanguage\":\"de\",\"potentialAction\":[{\"@type\":\"ReadAction\",\"target\":[\"https:\\\/\\\/www.neilmed.com\\\/ger\\\/in-der-online-apotheke\\\/\"]}]},{\"@type\":\"ImageObject\",\"inLanguage\":\"de\",\"@id\":\"https:\\\/\\\/www.neilmed.com\\\/ger\\\/in-der-online-apotheke\\\/#primaryimage\",\"url\":\"https:\\\/\\\/www.neilmed.com\\\/ger\\\/wp-content\\\/uploads\\\/sites\\\/10\\\/2026\\\/03\\\/APO_LO_3.png\",\"contentUrl\":\"https:\\\/\\\/www.neilmed.com\\\/ger\\\/wp-content\\\/uploads\\\/sites\\\/10\\\/2026\\\/03\\\/APO_LO_3.png\",\"width\":1432,\"height\":298},{\"@type\":\"BreadcrumbList\",\"@id\":\"https:\\\/\\\/www.neilmed.com\\\/ger\\\/in-der-online-apotheke\\\/#breadcrumb\",\"itemListElement\":[{\"@type\":\"ListItem\",\"position\":1,\"name\":\"Home\",\"item\":\"https:\\\/\\\/www.neilmed.com\\\/ger\\\/\"},{\"@type\":\"ListItem\",\"position\":2,\"name\":\"In der Online-Apotheke\"}]},{\"@type\":\"WebSite\",\"@id\":\"https:\\\/\\\/www.neilmed.com\\\/ger\\\/#website\",\"url\":\"https:\\\/\\\/www.neilmed.com\\\/ger\\\/\",\"name\":\"NeilMed Pharmaceuticals - Germany\",\"description\":\"NeilMed Pharmaceuticals: world leader in nasal saline irrigation system | Sinus Rinse | Neti Pot | Nasal Irrigation\",\"potentialAction\":[{\"@type\":\"SearchAction\",\"target\":{\"@type\":\"EntryPoint\",\"urlTemplate\":\"https:\\\/\\\/www.neilmed.com\\\/ger\\\/?s={search_term_string}\"},\"query-input\":{\"@type\":\"PropertyValueSpecification\",\"valueRequired\":true,\"valueName\":\"search_term_string\"}}],\"inLanguage\":\"de\"}]}<\/script>\n<!-- \/ Yoast SEO Premium plugin. -->","yoast_head_json":{"title":"In der Online-Apotheke - NeilMed Pharmaceuticals - Germany","robots":{"index":"index","follow":"follow","max-snippet":"max-snippet:-1","max-image-preview":"max-image-preview:large","max-video-preview":"max-video-preview:-1"},"canonical":"https:\/\/www.neilmed.com\/ger\/in-der-online-apotheke\/","og_locale":"de_DE","og_type":"article","og_title":"In der Online-Apotheke","og_description":"Globale Einkaufsm\u00f6glichkeiten: Jetzt online bestellen Globale Partnerschaften f\u00fcr weltweite zuverl\u00e4ssige Patientenversorgung Unsere globalen Kooperationen mit f\u00fchrenden Akteuren der Patientenversorgung sind der Grundpfeiler unseres Erfolgs. Durch ein dichtes Netzwerk aus Partnern k\u00f6nnen wir sicherstellen, dass unsere hochwertigen Medizinprodukte weltweit zug\u00e4nglich sind. Diese Partnerschaften erm\u00f6glichen den Patienten einen Zugang \u00fcber diverse Kan\u00e4le &#8211; sei es online, in&hellip;","og_url":"https:\/\/www.neilmed.com\/ger\/in-der-online-apotheke\/","og_site_name":"NeilMed Pharmaceuticals - Germany","article_modified_time":"2026-03-26T19:32:13+00:00","og_image":[{"url":"https:\/\/www.neilmed.com\/ger\/wp-content\/uploads\/sites\/10\/2026\/03\/APO_LO_3-300x62.png","type":"","width":"","height":""}],"twitter_card":"summary_large_image","twitter_misc":{"Gesch\u00e4tzte Lesezeit":"4\u00a0Minuten"},"schema":{"@context":"https:\/\/schema.org","@graph":[{"@type":"WebPage","@id":"https:\/\/www.neilmed.com\/ger\/in-der-online-apotheke\/","url":"https:\/\/www.neilmed.com\/ger\/in-der-online-apotheke\/","name":"In der Online-Apotheke - NeilMed Pharmaceuticals - Germany","isPartOf":{"@id":"https:\/\/www.neilmed.com\/ger\/#website"},"primaryImageOfPage":{"@id":"https:\/\/www.neilmed.com\/ger\/in-der-online-apotheke\/#primaryimage"},"image":{"@id":"https:\/\/www.neilmed.com\/ger\/in-der-online-apotheke\/#primaryimage"},"thumbnailUrl":"https:\/\/www.neilmed.com\/ger\/wp-content\/uploads\/sites\/10\/2026\/03\/APO_LO_3-300x62.png","datePublished":"2024-08-31T20:56:19+00:00","dateModified":"2026-03-26T19:32:13+00:00","breadcrumb":{"@id":"https:\/\/www.neilmed.com\/ger\/in-der-online-apotheke\/#breadcrumb"},"inLanguage":"de","potentialAction":[{"@type":"ReadAction","target":["https:\/\/www.neilmed.com\/ger\/in-der-online-apotheke\/"]}]},{"@type":"ImageObject","inLanguage":"de","@id":"https:\/\/www.neilmed.com\/ger\/in-der-online-apotheke\/#primaryimage","url":"https:\/\/www.neilmed.com\/ger\/wp-content\/uploads\/sites\/10\/2026\/03\/APO_LO_3.png","contentUrl":"https:\/\/www.neilmed.com\/ger\/wp-content\/uploads\/sites\/10\/2026\/03\/APO_LO_3.png","width":1432,"height":298},{"@type":"BreadcrumbList","@id":"https:\/\/www.neilmed.com\/ger\/in-der-online-apotheke\/#breadcrumb","itemListElement":[{"@type":"ListItem","position":1,"name":"Home","item":"https:\/\/www.neilmed.com\/ger\/"},{"@type":"ListItem","position":2,"name":"In der Online-Apotheke"}]},{"@type":"WebSite","@id":"https:\/\/www.neilmed.com\/ger\/#website","url":"https:\/\/www.neilmed.com\/ger\/","name":"NeilMed Pharmaceuticals - Germany","description":"NeilMed Pharmaceuticals: world leader in nasal saline irrigation system | Sinus Rinse | Neti Pot | Nasal Irrigation","potentialAction":[{"@type":"SearchAction","target":{"@type":"EntryPoint","urlTemplate":"https:\/\/www.neilmed.com\/ger\/?s={search_term_string}"},"query-input":{"@type":"PropertyValueSpecification","valueRequired":true,"valueName":"search_term_string"}}],"inLanguage":"de"}]}},"acf":[],"_links":{"self":[{"href":"https:\/\/www.neilmed.com\/ger\/wp-json\/wp\/v2\/pages\/4581","targetHints":{"allow":["GET"]}}],"collection":[{"href":"https:\/\/www.neilmed.com\/ger\/wp-json\/wp\/v2\/pages"}],"about":[{"href":"https:\/\/www.neilmed.com\/ger\/wp-json\/wp\/v2\/types\/page"}],"author":[{"embeddable":true,"href":"https:\/\/www.neilmed.com\/ger\/wp-json\/wp\/v2\/users\/1"}],"replies":[{"embeddable":true,"href":"https:\/\/www.neilmed.com\/ger\/wp-json\/wp\/v2\/comments?post=4581"}],"version-history":[{"count":16,"href":"https:\/\/www.neilmed.com\/ger\/wp-json\/wp\/v2\/pages\/4581\/revisions"}],"predecessor-version":[{"id":5208,"href":"https:\/\/www.neilmed.com\/ger\/wp-json\/wp\/v2\/pages\/4581\/revisions\/5208"}],"wp:attachment":[{"href":"https:\/\/www.neilmed.com\/ger\/wp-json\/wp\/v2\/media?parent=4581"}],"wp:term":[{"taxonomy":"category","embeddable":true,"href":"https:\/\/www.neilmed.com\/ger\/wp-json\/wp\/v2\/categories?post=4581"},{"taxonomy":"post_tag","embeddable":true,"href":"https:\/\/www.neilmed.com\/ger\/wp-json\/wp\/v2\/tags?post=4581"}],"curies":[{"name":"wp","href":"https:\/\/api.w.org\/{rel}","templated":true}]}}