{"id":4605,"date":"2024-09-01T00:05:37","date_gmt":"2024-08-31T22:05:37","guid":{"rendered":"https:\/\/www.neilmed.com\/ger\/?page_id=4605"},"modified":"2025-02-18T23:49:08","modified_gmt":"2025-02-18T22:49:08","slug":"kongresse","status":"publish","type":"page","link":"https:\/\/www.neilmed.com\/ger\/kongresse\/","title":{"rendered":"Kongresse"},"content":{"rendered":"\n<h1>\n\t\tUnsere Kongressteilnahmen\n\t<\/h1>\n\t<p><strong>Treffen Sie NeilMed Pharmaceuticals auf f\u00fchrenden Kongressen weltweit!<\/strong><\/p>\n<p><strong>NeilMed<\/strong>\u00ae Pharmaceuticals ist stolz darauf, auf den wichtigsten medizinischen und pharmazeutischen Kongressen pr\u00e4sent zu sein. Entdecken Sie unsere neuesten L\u00f6sungen zur Behandlung chronischer Sinusitis, Allergien und postoperativer Nasenpflege sowie unsere spezialisierten Produkte f\u00fcr die P\u00e4diatrie. Nutzen Sie die Gelegenheit, sich mit unseren Experten auszutauschen und zu erfahren, wie unsere innovativen Ans\u00e4tze die Gesundheitsversorgung in diesen Bereichen verbessern k\u00f6nnen. Besuchen Sie uns an unserem Stand und erleben Sie die Zukunft der Patientenversorgung.<\/p>\n<p><strong>Kongress-Kalender:<\/strong><\/p>\n<p><strong>D\u00fcsseldorfer\u00a0Allergie- und Immunologietage 2025<\/strong><\/p>\n<p>14. &#8211; 15. M\u00e4rz 2025 | CCD Congress Center D\u00fcsseldorf S\u00dcD| <a href=\"https:\/\/www.dait.nrw\/\">Weitere Informationen<\/a><\/p>\n<hr \/>\n<p><strong>17th Congress of the European Society of Pediatric Otorhinolaryngology<\/strong><\/p>\n<p>03. &#8211; 06. Mai 2025 | ICS International Congress Center Stuttgart| <a href=\"https:\/\/www.espo2025.com\/\">Weitere Informationen<\/a><\/p>\n<hr \/>\n<p><strong>96. Jahresversammlung der Deutschen Gesellschaft f\u00fcr Hals-Nasen-Ohren-Heilkunde, Kopf- und Hals-Chirurgie e. V.<\/strong><\/p>\n<p>28. &#8211; 31. Mai 2025 | Messe Frankfurt| <a href=\"https:\/\/kongress-hno.de\/\">Weitere Informationen<\/a><\/p>\n<hr \/>\n<p><strong>Expopharm 2025<\/strong><\/p>\n<p>16. &#8211; 18. September 2025 | Messe D\u00fcsseldorf| <a href=\"https:\/\/www.expopharm.de\/messe\/apotheken\/event.php\">Weitere Informationen<\/a><\/p>\n<hr \/>\n<p><strong>20. <\/strong><strong>Deutscher Allergiekongress<\/strong><\/p>\n<p>02. &#8211; 04. Oktober 2025 | CCD Congress Center D\u00fcsseldorf| <a href=\"https:\/\/allergiekongress.de\/\">Weitere Informationen<\/a><\/p>\n<hr \/>\n<p><strong>58. <\/strong><strong>Fortbildungsveranstaltung f\u00fcr HNO-\u00c4rzte<\/strong><\/p>\n<p>30.Okt. &#8211; 01. November 2025 | Congress Center Rosengarten Mannheim| <a href=\"https:\/\/www.fg-hno-aerzte.de\/\">Weitere Informationen<\/a><\/p>\n<hr \/>\n\t\t\t<a href=\"https:\/\/outlook.office.com\/bookwithme\/user\/1ba5c342789442a08f46dccfaba954bc@neilmed.com?anonymous&#038;ep=plink\" target=\"_self\">\n\t\t\t\t\t\tKongress-Meeting vereinbaren\n\t\t\t\t\t<\/a>\n\n","protected":false},"excerpt":{"rendered":"<p>Unsere Kongressteilnahmen Treffen Sie NeilMed Pharmaceuticals auf f\u00fchrenden Kongressen weltweit! NeilMed\u00ae Pharmaceuticals ist stolz darauf, auf den wichtigsten medizinischen und pharmazeutischen Kongressen pr\u00e4sent zu sein. Entdecken Sie unsere neuesten L\u00f6sungen zur Behandlung chronischer Sinusitis, Allergien und postoperativer Nasenpflege sowie unsere spezialisierten Produkte f\u00fcr die P\u00e4diatrie. Nutzen Sie die Gelegenheit, sich mit unseren Experten auszutauschen und&hellip;<\/p>\n","protected":false},"author":1,"featured_media":0,"parent":0,"menu_order":0,"comment_status":"closed","ping_status":"closed","template":"","meta":{"_acf_changed":false,"inline_featured_image":false,"footnotes":""},"categories":[],"tags":[],"class_list":["post-4605","page","type-page","status-publish","hentry"],"yoast_head":"<!-- This site is optimized with the Yoast SEO Premium plugin v27.4 (Yoast SEO v27.4) - https:\/\/yoast.com\/product\/yoast-seo-premium-wordpress\/ -->\n<title>Kongresse - NeilMed Pharmaceuticals - Germany<\/title>\n<meta name=\"robots\" content=\"index, follow, max-snippet:-1, max-image-preview:large, max-video-preview:-1\" \/>\n<link rel=\"canonical\" href=\"https:\/\/www.neilmed.com\/ger\/kongresse\/\" \/>\n<meta property=\"og:locale\" content=\"de_DE\" \/>\n<meta property=\"og:type\" content=\"article\" \/>\n<meta property=\"og:title\" content=\"Kongresse\" \/>\n<meta property=\"og:description\" content=\"Unsere Kongressteilnahmen Treffen Sie NeilMed Pharmaceuticals auf f\u00fchrenden Kongressen weltweit! NeilMed\u00ae Pharmaceuticals ist stolz darauf, auf den wichtigsten medizinischen und pharmazeutischen Kongressen pr\u00e4sent zu sein. Entdecken Sie unsere neuesten L\u00f6sungen zur Behandlung chronischer Sinusitis, Allergien und postoperativer Nasenpflege sowie unsere spezialisierten Produkte f\u00fcr die P\u00e4diatrie. Nutzen Sie die Gelegenheit, sich mit unseren Experten auszutauschen und&hellip;\" \/>\n<meta property=\"og:url\" content=\"https:\/\/www.neilmed.com\/ger\/kongresse\/\" \/>\n<meta property=\"og:site_name\" content=\"NeilMed Pharmaceuticals - Germany\" \/>\n<meta property=\"article:modified_time\" content=\"2025-02-18T22:49:08+00:00\" \/>\n<meta name=\"twitter:card\" content=\"summary_large_image\" \/>\n<script type=\"application\/ld+json\" class=\"yoast-schema-graph\">{\"@context\":\"https:\\\/\\\/schema.org\",\"@graph\":[{\"@type\":\"WebPage\",\"@id\":\"https:\\\/\\\/www.neilmed.com\\\/ger\\\/kongresse\\\/\",\"url\":\"https:\\\/\\\/www.neilmed.com\\\/ger\\\/kongresse\\\/\",\"name\":\"Kongresse - NeilMed Pharmaceuticals - Germany\",\"isPartOf\":{\"@id\":\"https:\\\/\\\/www.neilmed.com\\\/ger\\\/#website\"},\"datePublished\":\"2024-08-31T22:05:37+00:00\",\"dateModified\":\"2025-02-18T22:49:08+00:00\",\"breadcrumb\":{\"@id\":\"https:\\\/\\\/www.neilmed.com\\\/ger\\\/kongresse\\\/#breadcrumb\"},\"inLanguage\":\"de\",\"potentialAction\":[{\"@type\":\"ReadAction\",\"target\":[\"https:\\\/\\\/www.neilmed.com\\\/ger\\\/kongresse\\\/\"]}]},{\"@type\":\"BreadcrumbList\",\"@id\":\"https:\\\/\\\/www.neilmed.com\\\/ger\\\/kongresse\\\/#breadcrumb\",\"itemListElement\":[{\"@type\":\"ListItem\",\"position\":1,\"name\":\"Home\",\"item\":\"https:\\\/\\\/www.neilmed.com\\\/ger\\\/\"},{\"@type\":\"ListItem\",\"position\":2,\"name\":\"Kongresse\"}]},{\"@type\":\"WebSite\",\"@id\":\"https:\\\/\\\/www.neilmed.com\\\/ger\\\/#website\",\"url\":\"https:\\\/\\\/www.neilmed.com\\\/ger\\\/\",\"name\":\"NeilMed Pharmaceuticals - Germany\",\"description\":\"NeilMed Pharmaceuticals: world leader in nasal saline irrigation system | Sinus Rinse | Neti Pot | Nasal Irrigation\",\"potentialAction\":[{\"@type\":\"SearchAction\",\"target\":{\"@type\":\"EntryPoint\",\"urlTemplate\":\"https:\\\/\\\/www.neilmed.com\\\/ger\\\/?s={search_term_string}\"},\"query-input\":{\"@type\":\"PropertyValueSpecification\",\"valueRequired\":true,\"valueName\":\"search_term_string\"}}],\"inLanguage\":\"de\"}]}<\/script>\n<!-- \/ Yoast SEO Premium plugin. -->","yoast_head_json":{"title":"Kongresse - NeilMed Pharmaceuticals - Germany","robots":{"index":"index","follow":"follow","max-snippet":"max-snippet:-1","max-image-preview":"max-image-preview:large","max-video-preview":"max-video-preview:-1"},"canonical":"https:\/\/www.neilmed.com\/ger\/kongresse\/","og_locale":"de_DE","og_type":"article","og_title":"Kongresse","og_description":"Unsere Kongressteilnahmen Treffen Sie NeilMed Pharmaceuticals auf f\u00fchrenden Kongressen weltweit! NeilMed\u00ae Pharmaceuticals ist stolz darauf, auf den wichtigsten medizinischen und pharmazeutischen Kongressen pr\u00e4sent zu sein. Entdecken Sie unsere neuesten L\u00f6sungen zur Behandlung chronischer Sinusitis, Allergien und postoperativer Nasenpflege sowie unsere spezialisierten Produkte f\u00fcr die P\u00e4diatrie. Nutzen Sie die Gelegenheit, sich mit unseren Experten auszutauschen und&hellip;","og_url":"https:\/\/www.neilmed.com\/ger\/kongresse\/","og_site_name":"NeilMed Pharmaceuticals - Germany","article_modified_time":"2025-02-18T22:49:08+00:00","twitter_card":"summary_large_image","schema":{"@context":"https:\/\/schema.org","@graph":[{"@type":"WebPage","@id":"https:\/\/www.neilmed.com\/ger\/kongresse\/","url":"https:\/\/www.neilmed.com\/ger\/kongresse\/","name":"Kongresse - NeilMed Pharmaceuticals - Germany","isPartOf":{"@id":"https:\/\/www.neilmed.com\/ger\/#website"},"datePublished":"2024-08-31T22:05:37+00:00","dateModified":"2025-02-18T22:49:08+00:00","breadcrumb":{"@id":"https:\/\/www.neilmed.com\/ger\/kongresse\/#breadcrumb"},"inLanguage":"de","potentialAction":[{"@type":"ReadAction","target":["https:\/\/www.neilmed.com\/ger\/kongresse\/"]}]},{"@type":"BreadcrumbList","@id":"https:\/\/www.neilmed.com\/ger\/kongresse\/#breadcrumb","itemListElement":[{"@type":"ListItem","position":1,"name":"Home","item":"https:\/\/www.neilmed.com\/ger\/"},{"@type":"ListItem","position":2,"name":"Kongresse"}]},{"@type":"WebSite","@id":"https:\/\/www.neilmed.com\/ger\/#website","url":"https:\/\/www.neilmed.com\/ger\/","name":"NeilMed Pharmaceuticals - Germany","description":"NeilMed Pharmaceuticals: world leader in nasal saline irrigation system | Sinus Rinse | Neti Pot | Nasal Irrigation","potentialAction":[{"@type":"SearchAction","target":{"@type":"EntryPoint","urlTemplate":"https:\/\/www.neilmed.com\/ger\/?s={search_term_string}"},"query-input":{"@type":"PropertyValueSpecification","valueRequired":true,"valueName":"search_term_string"}}],"inLanguage":"de"}]}},"acf":[],"_links":{"self":[{"href":"https:\/\/www.neilmed.com\/ger\/wp-json\/wp\/v2\/pages\/4605","targetHints":{"allow":["GET"]}}],"collection":[{"href":"https:\/\/www.neilmed.com\/ger\/wp-json\/wp\/v2\/pages"}],"about":[{"href":"https:\/\/www.neilmed.com\/ger\/wp-json\/wp\/v2\/types\/page"}],"author":[{"embeddable":true,"href":"https:\/\/www.neilmed.com\/ger\/wp-json\/wp\/v2\/users\/1"}],"replies":[{"embeddable":true,"href":"https:\/\/www.neilmed.com\/ger\/wp-json\/wp\/v2\/comments?post=4605"}],"version-history":[{"count":8,"href":"https:\/\/www.neilmed.com\/ger\/wp-json\/wp\/v2\/pages\/4605\/revisions"}],"predecessor-version":[{"id":4869,"href":"https:\/\/www.neilmed.com\/ger\/wp-json\/wp\/v2\/pages\/4605\/revisions\/4869"}],"wp:attachment":[{"href":"https:\/\/www.neilmed.com\/ger\/wp-json\/wp\/v2\/media?parent=4605"}],"wp:term":[{"taxonomy":"category","embeddable":true,"href":"https:\/\/www.neilmed.com\/ger\/wp-json\/wp\/v2\/categories?post=4605"},{"taxonomy":"post_tag","embeddable":true,"href":"https:\/\/www.neilmed.com\/ger\/wp-json\/wp\/v2\/tags?post=4605"}],"curies":[{"name":"wp","href":"https:\/\/api.w.org\/{rel}","templated":true}]}}