{"id":4610,"date":"2024-09-01T00:12:11","date_gmt":"2024-08-31T22:12:11","guid":{"rendered":"https:\/\/www.neilmed.com\/ger\/?page_id=4610"},"modified":"2026-03-03T20:44:01","modified_gmt":"2026-03-03T19:44:01","slug":"unsere-webinare","status":"publish","type":"page","link":"https:\/\/www.neilmed.com\/ger\/unsere-webinare\/","title":{"rendered":"Unsere Webinare"},"content":{"rendered":"\n<h1>\n\t\t\tUnsere Webinare\t<\/h1>\n\t<p><strong>Kostenlose Fortbildung: Webinare mit renommierten Spezialisten.<\/strong><\/p>\n<strong>NeilMed<\/strong>\u00ae bietet hochwertige Webinare an, um wissenschaftliche Erkenntnisse und klinischen Alltag zusammenzubringen.<br \/>\nEine Webinar-Reihe rund um die Nase wird von <strong><a href=\"http:\/\/www.rainerweber.de\/\" target=\"_blank\" rel=\"noopener\">Prof. Dr. Rainer Weber<\/a><\/strong> geleitet, der zusammen mit renommierten Experten klinisch relevante rhinologische Fragen auf dem neuesten Stand diskutiert.\n<p>Schauen Sie in unseren Kalender, um die aktuellen Termine, Themen und Referenten zu sehen. Nutzen Sie den jeweiligen Link zur Anmeldung, um an unseren Live-Webinaren teilzunehmen.<\/p>\n\t<p><strong>Webinar-Kalender<\/strong><\/p>\n<p><strong>Webinar 1: Nasensp\u00fclungen: warum, wann und wie?<\/strong><\/p>\n<p>Nasensp\u00fclungen sind bei vielen Erkrankungen der Nase und Nasennebenh\u00f6hlen sowie nach Operationen wirksam. In diesem Webinar werden der aktuelle Wissensstand zur Wirkungsweise von Nasensp\u00fclungen, sinnvolle Indikationen und Details der Anwendung dargestellt. Insbesondere soll die Frage beantwortet werden, welche Art der Nasendusche sinnvoll ist, welche Zus\u00e4tze bei welchen Indikationen empfohlen sind und auf welche Weise gesp\u00fclt worden sollte, um den bestm\u00f6glichen Effekt zu erzielen.<\/p>\n<p><strong>Referenten:<\/strong><\/p>\n<p><strong>Prof. Dr. med. Rainer Weber:<\/strong><\/p>\n<ul>\n<li>Leiter der Sektion Nasennebenh\u00f6hlen- und Sch\u00e4delbasischirurgie, Traumatologie (HNO-Klinik, St\u00e4dtisches Klinikum Karlsruhe)<\/li>\n<li>Gr\u00fcnder und Leiter der\u00a0<a href=\"http:\/\/www.sinus-academy.com\/\">Sinus Academy<\/a><\/li>\n<\/ul>\n<p><strong>Dr. med. Robert B\u00f6scke:<\/strong><\/p>\n<ul>\n<li>Oberarzt an der HNO-Universit\u00e4tsmedizin Oldenburg im Evangelischen Krankenhaus Oldenburg<\/li>\n<li>Vorstandsmitglied der Arbeitsgemeinschaft Rhinologie und Rhinochirurgie der DGHNO<\/li>\n<\/ul>\n<ul>\n<li>Autor der Aktualisierung des Kapitels \u201eNicht-medikament\u00f6se Therapie der Chronischen Rhinosinusitis&#8220; der S2K-Leitlinie \u201eRhinosinusitis&#8220;\u00a0(2026)<\/li>\n<\/ul>\n<a href=\"https:\/\/www.neilmed.com\/ger\/wp-content\/uploads\/sites\/10\/2026\/03\/Programm-Webinar-02.06.2026_2.pdf\" target=\"_blank\" rel=\"noopener\"><strong>Zum Programm<\/strong><\/a><br \/>\n<a href=\"https:\/\/my.demio.com\/ref\/ohSU8CpHrUFytCJs\" target=\"_blank\" rel=\"noopener\"><strong>Zur Anmeldung<\/strong><\/a>\n<p><strong>Datum, Uhrzeit: 02. Juni 2026, 20 Uhr &#8211; 21 Uhr<\/strong><\/p>\n<hr \/>\n<p><strong>Webinar 2: Trockene Nase: was k\u00f6nnen wir tun?<\/strong><\/p>\n<p>Die trockene Nase ist ein von Patienten h\u00e4ufig angegebenes Symptom, das bisher nicht ausreichend objektiviert und quantifizierend \u201egemessen&#8220; werden kann und dem unterschiedliche Krankheitsentit\u00e4ten und ausl\u00f6sende Faktoren zugrunde liegen k\u00f6nnen. In diesem Webinar werden die h\u00e4ufigsten Ursachen diskutiert und die therapeutischen Optionen beleuchtet, wobei neben der Eliminierung m\u00f6glicher kausaler Faktoren der Schleimhautpflege Befeuchtung und Schutzfilmapplikation besondere Bedeutung zukommt.<\/p>\n<p><strong>Referenten:<\/strong><\/p>\n<p><strong>Prof. Dr. med. Rainer Weber:<\/strong><\/p>\n<ul>\n<li>Leiter der Sektion Nasennebenh\u00f6hlen- und Sch\u00e4delbasischirurgie, Traumatologie (HNO-Klinik, St\u00e4dtisches Klinikum Karlsruhe)<\/li>\n<li>Gr\u00fcnder und Leiter der\u00a0<a href=\"http:\/\/www.sinus-academy.com\/\" target=\"_blank\" rel=\"noopener\">Sinus Academy<\/a><\/li>\n<\/ul>\n<p><strong>Prof. Dr. med. Tanja Hildenbrand<\/strong><\/p>\n<ul>\n<li>Ober\u00e4rztin an der HNO-Klinik am Universit\u00e4tsklinikum Freiburg<\/li>\n<li>Leitung der Sektion Rhinologie (HNO-Klinik, Universit\u00e4tsklinikum Freiburg)<\/li>\n<\/ul>\n<a href=\"https:\/\/www.neilmed.com\/ger\/wp-content\/uploads\/sites\/10\/2026\/02\/Programm-Webinar-22.09.2026.pdf\" target=\"_blank\" rel=\"noopener\"><strong>Zum Programm<\/strong><\/a><br \/>\n<a href=\"https:\/\/my.demio.com\/ref\/YYqHCTRALDpashA9\" target=\"_blank\" rel=\"noopener\"><strong>Zur Anmeldung<\/strong><\/a>\n<p><strong>Datum, Uhrzeit: 22. September 2026, 20 Uhr &#8211; 21 Uhr<\/strong><\/p>\n<hr \/>\n<p><strong>Webinar 3: Rhinologische Erkrankungen bei Kindern und Nasensp\u00fclungen<\/strong><\/p>\n<p>Rhinologische Erkrankungen bei Kindern sind sehr h\u00e4ufig und f\u00fchren zu einer signifikanten Beeintr\u00e4chtigung von Kindern und Familien.<\/p>\n<p>In diesem Webinar werden die aktuellen Therapiem\u00f6glichkeiten vorgestellt. Einen besonderen Stellenwert nimmt hierbei die Nasensp\u00fclung ein. Es soll die Frage beantwortet werden, ob Nasensp\u00fclungen bei Kindern erfolgen sollen und ob bzw. wie dies m\u00f6glich ist.<\/p>\n<p><strong>Referenten:<\/strong><\/p>\n<p><strong>Prof. Dr. med. Rainer Weber<\/strong><\/p>\n<p>Weitere Referenten werden noch ver\u00f6ffentlicht.<\/p>\n<p><a href=\"https:\/\/my.demio.com\/ref\/MBibrG5FftTU9hPG\" target=\"_blank\" rel=\"noopener\"><strong>Zur Anmeldung<\/strong><\/a><\/p>\n<p><strong>Datum, Uhrzeit: 01. Dezember 2026, 20 Uhr &#8211; 21 Uhr<\/strong><\/p>\n<hr \/>\n<p>Entdecken Sie weitere Fortbildungen f\u00fcr \u00c4rztinnen und \u00c4rzte bei <a href=\"https:\/\/hnonet.de\/aerzte\/fortbildungen\/aktuelle-fortbildungen?utm_medium=email&amp;_hsenc=p2ANqtz-8B72slemjgriugMJwWVh_dUGsbNmT7ff2KcnZ3J7w7_8wViIPtYu30g8L4xJf7YBIluBgtY8rYwpYDN_2yc4NvLcHBvw&amp;_hsmi=2&amp;utm_content=2&amp;utm_source=hs_email\" target=\"_blank\" rel=\"noopener\">HNOnet<\/a><\/p>\n\t\t\t\t<img decoding=\"async\" src=\"https:\/\/www.neilmed.com\/ger\/wp-content\/uploads\/sites\/10\/2025\/01\/Prof-Weber-Bild.jpg\" alt=\"Prof. Dr. med. Rainer Weber\" itemprop=\"image\" height=\"1998\" width=\"1495\" title=\"Prof. Dr. med. Rainer Weber\" onerror=\"this.style.display='none'\" loading=\"lazy\" \/>\n\t\tProf. Dr. med. Rainer Weber\n\t\t\t\t<img decoding=\"async\" src=\"https:\/\/www.neilmed.com\/ger\/wp-content\/uploads\/sites\/10\/2026\/02\/Prof.-Dr.-med.-Hildenbrand.jpg\" alt=\"Prof. Dr. med. Tanja Hildenbrand\" itemprop=\"image\" height=\"1623\" width=\"1217\" title=\"Prof. Dr. med. Tanja Hildenbrand\" onerror=\"this.style.display='none'\" loading=\"lazy\" \/>\n\t\tProf. Dr. med. Tanja Hildenbrand\n\t\t\t\t<img decoding=\"async\" src=\"https:\/\/www.neilmed.com\/ger\/wp-content\/uploads\/sites\/10\/2026\/02\/Dr.-med.-Boescke-scaled.jpg\" alt=\"Dr. med. Robert B\u00f6scke\" itemprop=\"image\" height=\"2560\" width=\"1920\" title=\"Dr. med. Robert B\u00f6scke\" onerror=\"this.style.display='none'\" loading=\"lazy\" \/>\n\t\tDr. med. Robert B\u00f6scke\n\t<p>2 Fortbildungspunkte (anerkannt AEKNO)<\/p>\n\n","protected":false},"excerpt":{"rendered":"<p>Unsere Webinare Kostenlose Fortbildung: Webinare mit renommierten Spezialisten. NeilMed\u00ae bietet hochwertige Webinare an, um wissenschaftliche Erkenntnisse und klinischen Alltag zusammenzubringen. Eine Webinar-Reihe rund um die Nase wird von Prof. Dr. Rainer Weber geleitet, der zusammen mit renommierten Experten klinisch relevante rhinologische Fragen auf dem neuesten Stand diskutiert. Schauen Sie in unseren Kalender, um die aktuellen&hellip;<\/p>\n","protected":false},"author":1,"featured_media":0,"parent":0,"menu_order":0,"comment_status":"closed","ping_status":"closed","template":"","meta":{"_acf_changed":false,"inline_featured_image":false,"footnotes":""},"categories":[],"tags":[],"class_list":["post-4610","page","type-page","status-publish","hentry"],"yoast_head":"<!-- This site is optimized with the Yoast SEO Premium plugin v27.4 (Yoast SEO v27.4) - https:\/\/yoast.com\/product\/yoast-seo-premium-wordpress\/ -->\n<title>Unsere Webinare - NeilMed Pharmaceuticals - Germany<\/title>\n<meta name=\"robots\" content=\"index, follow, max-snippet:-1, max-image-preview:large, max-video-preview:-1\" \/>\n<link rel=\"canonical\" href=\"https:\/\/www.neilmed.com\/ger\/unsere-webinare\/\" \/>\n<meta property=\"og:locale\" content=\"de_DE\" \/>\n<meta property=\"og:type\" content=\"article\" \/>\n<meta property=\"og:title\" content=\"Unsere Webinare\" \/>\n<meta property=\"og:description\" content=\"Unsere Webinare Kostenlose Fortbildung: Webinare mit renommierten Spezialisten. NeilMed\u00ae bietet hochwertige Webinare an, um wissenschaftliche Erkenntnisse und klinischen Alltag zusammenzubringen. Eine Webinar-Reihe rund um die Nase wird von Prof. Dr. Rainer Weber geleitet, der zusammen mit renommierten Experten klinisch relevante rhinologische Fragen auf dem neuesten Stand diskutiert. Schauen Sie in unseren Kalender, um die aktuellen&hellip;\" \/>\n<meta property=\"og:url\" content=\"https:\/\/www.neilmed.com\/ger\/unsere-webinare\/\" \/>\n<meta property=\"og:site_name\" content=\"NeilMed Pharmaceuticals - Germany\" \/>\n<meta property=\"article:modified_time\" content=\"2026-03-03T19:44:01+00:00\" \/>\n<meta property=\"og:image\" content=\"https:\/\/www.neilmed.com\/ger\/wp-content\/uploads\/sites\/10\/2025\/01\/Prof-Weber-Bild.jpg\" \/>\n<meta name=\"twitter:card\" content=\"summary_large_image\" \/>\n<script type=\"application\/ld+json\" class=\"yoast-schema-graph\">{\"@context\":\"https:\\\/\\\/schema.org\",\"@graph\":[{\"@type\":\"WebPage\",\"@id\":\"https:\\\/\\\/www.neilmed.com\\\/ger\\\/unsere-webinare\\\/\",\"url\":\"https:\\\/\\\/www.neilmed.com\\\/ger\\\/unsere-webinare\\\/\",\"name\":\"Unsere Webinare - NeilMed Pharmaceuticals - Germany\",\"isPartOf\":{\"@id\":\"https:\\\/\\\/www.neilmed.com\\\/ger\\\/#website\"},\"primaryImageOfPage\":{\"@id\":\"https:\\\/\\\/www.neilmed.com\\\/ger\\\/unsere-webinare\\\/#primaryimage\"},\"image\":{\"@id\":\"https:\\\/\\\/www.neilmed.com\\\/ger\\\/unsere-webinare\\\/#primaryimage\"},\"thumbnailUrl\":\"https:\\\/\\\/www.neilmed.com\\\/ger\\\/wp-content\\\/uploads\\\/sites\\\/10\\\/2025\\\/01\\\/Prof-Weber-Bild.jpg\",\"datePublished\":\"2024-08-31T22:12:11+00:00\",\"dateModified\":\"2026-03-03T19:44:01+00:00\",\"breadcrumb\":{\"@id\":\"https:\\\/\\\/www.neilmed.com\\\/ger\\\/unsere-webinare\\\/#breadcrumb\"},\"inLanguage\":\"de\",\"potentialAction\":[{\"@type\":\"ReadAction\",\"target\":[\"https:\\\/\\\/www.neilmed.com\\\/ger\\\/unsere-webinare\\\/\"]}]},{\"@type\":\"ImageObject\",\"inLanguage\":\"de\",\"@id\":\"https:\\\/\\\/www.neilmed.com\\\/ger\\\/unsere-webinare\\\/#primaryimage\",\"url\":\"https:\\\/\\\/www.neilmed.com\\\/ger\\\/wp-content\\\/uploads\\\/sites\\\/10\\\/2025\\\/01\\\/Prof-Weber-Bild.jpg\",\"contentUrl\":\"https:\\\/\\\/www.neilmed.com\\\/ger\\\/wp-content\\\/uploads\\\/sites\\\/10\\\/2025\\\/01\\\/Prof-Weber-Bild.jpg\",\"width\":1495,\"height\":1998,\"caption\":\"Prof. Dr. med. Rainer Weber\"},{\"@type\":\"BreadcrumbList\",\"@id\":\"https:\\\/\\\/www.neilmed.com\\\/ger\\\/unsere-webinare\\\/#breadcrumb\",\"itemListElement\":[{\"@type\":\"ListItem\",\"position\":1,\"name\":\"Home\",\"item\":\"https:\\\/\\\/www.neilmed.com\\\/ger\\\/\"},{\"@type\":\"ListItem\",\"position\":2,\"name\":\"Unsere Webinare\"}]},{\"@type\":\"WebSite\",\"@id\":\"https:\\\/\\\/www.neilmed.com\\\/ger\\\/#website\",\"url\":\"https:\\\/\\\/www.neilmed.com\\\/ger\\\/\",\"name\":\"NeilMed Pharmaceuticals - Germany\",\"description\":\"NeilMed Pharmaceuticals: world leader in nasal saline irrigation system | Sinus Rinse | Neti Pot | Nasal Irrigation\",\"potentialAction\":[{\"@type\":\"SearchAction\",\"target\":{\"@type\":\"EntryPoint\",\"urlTemplate\":\"https:\\\/\\\/www.neilmed.com\\\/ger\\\/?s={search_term_string}\"},\"query-input\":{\"@type\":\"PropertyValueSpecification\",\"valueRequired\":true,\"valueName\":\"search_term_string\"}}],\"inLanguage\":\"de\"}]}<\/script>\n<!-- \/ Yoast SEO Premium plugin. -->","yoast_head_json":{"title":"Unsere Webinare - NeilMed Pharmaceuticals - Germany","robots":{"index":"index","follow":"follow","max-snippet":"max-snippet:-1","max-image-preview":"max-image-preview:large","max-video-preview":"max-video-preview:-1"},"canonical":"https:\/\/www.neilmed.com\/ger\/unsere-webinare\/","og_locale":"de_DE","og_type":"article","og_title":"Unsere Webinare","og_description":"Unsere Webinare Kostenlose Fortbildung: Webinare mit renommierten Spezialisten. NeilMed\u00ae bietet hochwertige Webinare an, um wissenschaftliche Erkenntnisse und klinischen Alltag zusammenzubringen. Eine Webinar-Reihe rund um die Nase wird von Prof. Dr. Rainer Weber geleitet, der zusammen mit renommierten Experten klinisch relevante rhinologische Fragen auf dem neuesten Stand diskutiert. Schauen Sie in unseren Kalender, um die aktuellen&hellip;","og_url":"https:\/\/www.neilmed.com\/ger\/unsere-webinare\/","og_site_name":"NeilMed Pharmaceuticals - Germany","article_modified_time":"2026-03-03T19:44:01+00:00","og_image":[{"url":"https:\/\/www.neilmed.com\/ger\/wp-content\/uploads\/sites\/10\/2025\/01\/Prof-Weber-Bild.jpg","type":"","width":"","height":""}],"twitter_card":"summary_large_image","schema":{"@context":"https:\/\/schema.org","@graph":[{"@type":"WebPage","@id":"https:\/\/www.neilmed.com\/ger\/unsere-webinare\/","url":"https:\/\/www.neilmed.com\/ger\/unsere-webinare\/","name":"Unsere Webinare - NeilMed Pharmaceuticals - Germany","isPartOf":{"@id":"https:\/\/www.neilmed.com\/ger\/#website"},"primaryImageOfPage":{"@id":"https:\/\/www.neilmed.com\/ger\/unsere-webinare\/#primaryimage"},"image":{"@id":"https:\/\/www.neilmed.com\/ger\/unsere-webinare\/#primaryimage"},"thumbnailUrl":"https:\/\/www.neilmed.com\/ger\/wp-content\/uploads\/sites\/10\/2025\/01\/Prof-Weber-Bild.jpg","datePublished":"2024-08-31T22:12:11+00:00","dateModified":"2026-03-03T19:44:01+00:00","breadcrumb":{"@id":"https:\/\/www.neilmed.com\/ger\/unsere-webinare\/#breadcrumb"},"inLanguage":"de","potentialAction":[{"@type":"ReadAction","target":["https:\/\/www.neilmed.com\/ger\/unsere-webinare\/"]}]},{"@type":"ImageObject","inLanguage":"de","@id":"https:\/\/www.neilmed.com\/ger\/unsere-webinare\/#primaryimage","url":"https:\/\/www.neilmed.com\/ger\/wp-content\/uploads\/sites\/10\/2025\/01\/Prof-Weber-Bild.jpg","contentUrl":"https:\/\/www.neilmed.com\/ger\/wp-content\/uploads\/sites\/10\/2025\/01\/Prof-Weber-Bild.jpg","width":1495,"height":1998,"caption":"Prof. Dr. med. Rainer Weber"},{"@type":"BreadcrumbList","@id":"https:\/\/www.neilmed.com\/ger\/unsere-webinare\/#breadcrumb","itemListElement":[{"@type":"ListItem","position":1,"name":"Home","item":"https:\/\/www.neilmed.com\/ger\/"},{"@type":"ListItem","position":2,"name":"Unsere Webinare"}]},{"@type":"WebSite","@id":"https:\/\/www.neilmed.com\/ger\/#website","url":"https:\/\/www.neilmed.com\/ger\/","name":"NeilMed Pharmaceuticals - Germany","description":"NeilMed Pharmaceuticals: world leader in nasal saline irrigation system | Sinus Rinse | Neti Pot | Nasal Irrigation","potentialAction":[{"@type":"SearchAction","target":{"@type":"EntryPoint","urlTemplate":"https:\/\/www.neilmed.com\/ger\/?s={search_term_string}"},"query-input":{"@type":"PropertyValueSpecification","valueRequired":true,"valueName":"search_term_string"}}],"inLanguage":"de"}]}},"acf":[],"_links":{"self":[{"href":"https:\/\/www.neilmed.com\/ger\/wp-json\/wp\/v2\/pages\/4610","targetHints":{"allow":["GET"]}}],"collection":[{"href":"https:\/\/www.neilmed.com\/ger\/wp-json\/wp\/v2\/pages"}],"about":[{"href":"https:\/\/www.neilmed.com\/ger\/wp-json\/wp\/v2\/types\/page"}],"author":[{"embeddable":true,"href":"https:\/\/www.neilmed.com\/ger\/wp-json\/wp\/v2\/users\/1"}],"replies":[{"embeddable":true,"href":"https:\/\/www.neilmed.com\/ger\/wp-json\/wp\/v2\/comments?post=4610"}],"version-history":[{"count":51,"href":"https:\/\/www.neilmed.com\/ger\/wp-json\/wp\/v2\/pages\/4610\/revisions"}],"predecessor-version":[{"id":5198,"href":"https:\/\/www.neilmed.com\/ger\/wp-json\/wp\/v2\/pages\/4610\/revisions\/5198"}],"wp:attachment":[{"href":"https:\/\/www.neilmed.com\/ger\/wp-json\/wp\/v2\/media?parent=4610"}],"wp:term":[{"taxonomy":"category","embeddable":true,"href":"https:\/\/www.neilmed.com\/ger\/wp-json\/wp\/v2\/categories?post=4610"},{"taxonomy":"post_tag","embeddable":true,"href":"https:\/\/www.neilmed.com\/ger\/wp-json\/wp\/v2\/tags?post=4610"}],"curies":[{"name":"wp","href":"https:\/\/api.w.org\/{rel}","templated":true}]}}