{"id":4876,"date":"2025-02-19T02:58:39","date_gmt":"2025-02-19T01:58:39","guid":{"rendered":"https:\/\/www.neilmed.com\/ger\/?page_id=4876"},"modified":"2025-02-19T23:46:06","modified_gmt":"2025-02-19T22:46:06","slug":"sinus-rinse-nasendusche","status":"publish","type":"page","link":"https:\/\/www.neilmed.com\/ger\/sinus-rinse-nasendusche\/","title":{"rendered":"Sinus Rinse\u00ae Nasendusche"},"content":{"rendered":"\n<h1>\n\t\tNeilMed\u00ae Sinus Rinse\u00ae Nasendusche &#8211; Befreien Sie Ihre Nase, atmen Sie auf!\n\t<\/h1>\n\t\t\t\t<a href=\"https:\/\/www.neilmed.com\/ger\/wp-content\/uploads\/sites\/10\/2025\/02\/sinus-rinse-deutsch-front.jpg\"  target=\"_self\" itemprop=\"url\">\n\t\t\t\t<img loading=\"lazy\" decoding=\"async\" src=\"https:\/\/www.neilmed.com\/ger\/wp-content\/uploads\/sites\/10\/2025\/02\/sinus-rinse-deutsch-front.jpg\" alt=\"sinus rinse deutsch front\" itemprop=\"image\" height=\"790\" width=\"693\" title=\"sinus rinse deutsch front\" onerror=\"this.style.display='none'\"  \/>\n\t\t\t\t<\/a>\n\t<p>PZN: 15297276<\/p>\n\t\t\t\t<a href=\"https:\/\/www.neilmed.com\/ger\/wp-content\/uploads\/sites\/10\/2025\/02\/Sinus-Rinse-Starter-10.jpg\"  target=\"_self\" itemprop=\"url\">\n\t\t\t\t<img loading=\"lazy\" decoding=\"async\" src=\"https:\/\/www.neilmed.com\/ger\/wp-content\/uploads\/sites\/10\/2025\/02\/Sinus-Rinse-Starter-10.jpg\" alt=\"Sinus Rinse Starter-10\" itemprop=\"image\" height=\"1866\" width=\"1240\" title=\"Sinus Rinse Starter-10\" onerror=\"this.style.display='none'\"  \/>\n\t\t\t\t<\/a>\n\t<p>PZN: 15297253<\/p>\n\tErleben Sie das erfrischende Gef\u00fchl einer freien Nase! Die Sinus Rinse\u00ae Nasendusche entfernt sanft Schleim, Pollen und Schadstoffe aus der Nase und Nebenh\u00f6hlen und hilft Ihnen, wieder ungehindert<br \/>\ndurchzuatmen. Ideal f\u00fcr alle, die unter Erk\u00e4ltungen, Allergien oder Reizungen der Schleimhaut leiden.\n<p>Varianten:<\/p>\n<ul>\n<li>NeilMed\u00ae Sinus Rinse\u00ae Nasendusche mit 10 Beuteln Nasensp\u00fclsalz<\/li>\n<li>NeilMed\u00ae Sinus Rinse\u00ae Nasendusche mit 60 Beuteln Nasensp\u00fclsalz<\/li>\n<\/ul>\n\t<p><strong>Die Vorteile:<\/strong><\/p>\n<ul>\n<li>Frei von Arzneimitteln &#8211; reine isotonische &amp; ph-neutrale Salzl\u00f6sung f\u00fcr nat\u00fcrliche Reinigung<\/li>\n<li>240 ml Druckflasche f\u00fcr eine m\u00fchelose Reinigung von Nase und Nebenh\u00f6hlen<\/li>\n<li>Funktioniert ohne Schwerkraftprinzip &#8211; f\u00fcr eine bequeme und aufrechte Kopfhaltung<\/li>\n<li>Komfortable Kontrolle &#8211; durch sanften Handdruck statt umst\u00e4ndlicher Ventilbedienung<\/li>\n<li>F\u00fcr Kinder und Erwachsene geeignet (ab dem 4. Lebensjahr)<\/li>\n<\/ul>\n\t<p><strong>Empfehlungen bei:<\/strong><\/p>\n<ul>\n<li>Chronischen Entz\u00fcndungen der Nase und Nasennebenh\u00f6hlen<\/li>\n<li>Akuten, unkomplizierten Infektionen der oberen Atemwege<\/li>\n<li>Postoperativer Nachsorge im Bereich der Nase und Nasennebenh\u00f6hlen<\/li>\n<li>Akuten und chronischen Entz\u00fcndungen im Nasenraum mit erh\u00f6hter Schleimbildung und Schleimhautschwellung<\/li>\n<\/ul>\n<h2>\n\t\tDie optimale Anwendung mit der Sinus Rinse\u00ae Nasendusche\n\t<\/h2>\n\t\t\t\t<img loading=\"lazy\" decoding=\"async\" src=\"https:\/\/www.neilmed.com\/ger\/wp-content\/uploads\/sites\/10\/2025\/02\/instructions1.jpg\" alt=\"instructions1\" itemprop=\"image\" height=\"596\" width=\"411\" title=\"instructions1\" onerror=\"this.style.display='none'\"  \/>\n\t<p>1. F\u00fcllen Sie die Flasche mit lauwarmem oder abgekochtem Wasser bis zur gekennzeichneten Stelle.<\/p>\n\t\t\t\t<img loading=\"lazy\" decoding=\"async\" src=\"https:\/\/www.neilmed.com\/ger\/wp-content\/uploads\/sites\/10\/2025\/02\/instructions2.jpg\" alt=\"instructions2\" itemprop=\"image\" height=\"610\" width=\"411\" title=\"instructions2\" onerror=\"this.style.display='none'\"  \/>\n\t<p>2. Geben Sie in die Flasche nun ein Beutel des Sinus Rinse\u00ae Nasensp\u00fclsalzes. Sch\u00fctteln Sie die Flasche 15-30 Sekunden bis sich das Salz aufl\u00f6st.<\/p>\n<p>Kleiner Tipp: Bei starken Beschwerden k\u00f6nnen 2 Salzbeutel in die Flasche gef\u00fcllt werden, um mit einer hypertonen L\u00f6sung eine abschwellende Wirkung hervorzurufen.<\/p>\n\t\t\t\t<img loading=\"lazy\" decoding=\"async\" src=\"https:\/\/www.neilmed.com\/ger\/wp-content\/uploads\/sites\/10\/2025\/02\/instructions3.jpg\" alt=\"instructions3\" itemprop=\"image\" height=\"625\" width=\"411\" title=\"instructions3\" onerror=\"this.style.display='none'\"  \/>\n\t<p>3. Beugen Sie sich leicht \u00fcber das Waschbecken und halten Sie die Flasche dabei in einer aufrechten Position. Dr\u00fccken Sie die Flasche leicht und kontrolliert, um Ihre Nase und Nebenh\u00f6hlen zu sp\u00fclen. Verwenden Sie je Nasenloch die H\u00e4lfte der Fl\u00fcssigkeit und halten Sie Ihren Mund dabei ge\u00f6ffnet. Es empfiehlt sich die Anwendung 1 Stunde vor dem Schlafen gehen oder vor dem Verlassen des Zuhauses.<\/p>\n\t<p><a href=\"https:\/\/www.neilmed.com\/ger\/wp-content\/uploads\/sites\/10\/2024\/10\/german-manual-sinus-rinse.pdf\">Zum Beipackzettel<\/a><\/p>\n\t\t\t<a href=\"https:\/\/shopeu.neilmed.com\/collections\/nasal-care\" target=\"_self\">\n\t\t\t\t\t\t\tSinus Rinse\u00ae Nasendusche bestellen &#038; frei durchatmen\n\t\t\t\t\t<\/a>\n\n","protected":false},"excerpt":{"rendered":"<p>NeilMed\u00ae Sinus Rinse\u00ae Nasendusche &#8211; Befreien Sie Ihre Nase, atmen Sie auf! PZN: 15297276 PZN: 15297253 Erleben Sie das erfrischende Gef\u00fchl einer freien Nase! Die Sinus Rinse\u00ae Nasendusche entfernt sanft Schleim, Pollen und Schadstoffe aus der Nase und Nebenh\u00f6hlen und hilft Ihnen, wieder ungehindert durchzuatmen. Ideal f\u00fcr alle, die unter Erk\u00e4ltungen, Allergien oder Reizungen der&hellip;<\/p>\n","protected":false},"author":1,"featured_media":0,"parent":0,"menu_order":0,"comment_status":"closed","ping_status":"closed","template":"","meta":{"_acf_changed":false,"inline_featured_image":false,"footnotes":""},"categories":[],"tags":[],"class_list":["post-4876","page","type-page","status-publish","hentry"],"yoast_head":"<!-- This site is optimized with the Yoast SEO Premium plugin v27.4 (Yoast SEO v27.4) - https:\/\/yoast.com\/product\/yoast-seo-premium-wordpress\/ -->\n<title>Sinus Rinse\u00ae Nasendusche - NeilMed Pharmaceuticals - Germany<\/title>\n<meta name=\"robots\" content=\"index, follow, max-snippet:-1, max-image-preview:large, max-video-preview:-1\" \/>\n<link rel=\"canonical\" href=\"https:\/\/www.neilmed.com\/ger\/sinus-rinse-nasendusche\/\" \/>\n<meta property=\"og:locale\" content=\"de_DE\" \/>\n<meta property=\"og:type\" content=\"article\" \/>\n<meta property=\"og:title\" content=\"Sinus Rinse\u00ae Nasendusche\" \/>\n<meta property=\"og:description\" content=\"NeilMed\u00ae Sinus Rinse\u00ae Nasendusche &#8211; Befreien Sie Ihre Nase, atmen Sie auf! PZN: 15297276 PZN: 15297253 Erleben Sie das erfrischende Gef\u00fchl einer freien Nase! Die Sinus Rinse\u00ae Nasendusche entfernt sanft Schleim, Pollen und Schadstoffe aus der Nase und Nebenh\u00f6hlen und hilft Ihnen, wieder ungehindert durchzuatmen. Ideal f\u00fcr alle, die unter Erk\u00e4ltungen, Allergien oder Reizungen der&hellip;\" \/>\n<meta property=\"og:url\" content=\"https:\/\/www.neilmed.com\/ger\/sinus-rinse-nasendusche\/\" \/>\n<meta property=\"og:site_name\" content=\"NeilMed Pharmaceuticals - Germany\" \/>\n<meta property=\"article:modified_time\" content=\"2025-02-19T22:46:06+00:00\" \/>\n<meta property=\"og:image\" content=\"https:\/\/www.neilmed.com\/ger\/wp-content\/uploads\/sites\/10\/2025\/02\/sinus-rinse-deutsch-front.jpg\" \/>\n<meta name=\"twitter:card\" content=\"summary_large_image\" \/>\n<script type=\"application\/ld+json\" class=\"yoast-schema-graph\">{\"@context\":\"https:\\\/\\\/schema.org\",\"@graph\":[{\"@type\":\"WebPage\",\"@id\":\"https:\\\/\\\/www.neilmed.com\\\/ger\\\/sinus-rinse-nasendusche\\\/\",\"url\":\"https:\\\/\\\/www.neilmed.com\\\/ger\\\/sinus-rinse-nasendusche\\\/\",\"name\":\"Sinus Rinse\u00ae Nasendusche - NeilMed Pharmaceuticals - Germany\",\"isPartOf\":{\"@id\":\"https:\\\/\\\/www.neilmed.com\\\/ger\\\/#website\"},\"primaryImageOfPage\":{\"@id\":\"https:\\\/\\\/www.neilmed.com\\\/ger\\\/sinus-rinse-nasendusche\\\/#primaryimage\"},\"image\":{\"@id\":\"https:\\\/\\\/www.neilmed.com\\\/ger\\\/sinus-rinse-nasendusche\\\/#primaryimage\"},\"thumbnailUrl\":\"https:\\\/\\\/www.neilmed.com\\\/ger\\\/wp-content\\\/uploads\\\/sites\\\/10\\\/2025\\\/02\\\/sinus-rinse-deutsch-front.jpg\",\"datePublished\":\"2025-02-19T01:58:39+00:00\",\"dateModified\":\"2025-02-19T22:46:06+00:00\",\"breadcrumb\":{\"@id\":\"https:\\\/\\\/www.neilmed.com\\\/ger\\\/sinus-rinse-nasendusche\\\/#breadcrumb\"},\"inLanguage\":\"de\",\"potentialAction\":[{\"@type\":\"ReadAction\",\"target\":[\"https:\\\/\\\/www.neilmed.com\\\/ger\\\/sinus-rinse-nasendusche\\\/\"]}]},{\"@type\":\"ImageObject\",\"inLanguage\":\"de\",\"@id\":\"https:\\\/\\\/www.neilmed.com\\\/ger\\\/sinus-rinse-nasendusche\\\/#primaryimage\",\"url\":\"https:\\\/\\\/www.neilmed.com\\\/ger\\\/wp-content\\\/uploads\\\/sites\\\/10\\\/2025\\\/02\\\/sinus-rinse-deutsch-front.jpg\",\"contentUrl\":\"https:\\\/\\\/www.neilmed.com\\\/ger\\\/wp-content\\\/uploads\\\/sites\\\/10\\\/2025\\\/02\\\/sinus-rinse-deutsch-front.jpg\",\"width\":693,\"height\":790},{\"@type\":\"BreadcrumbList\",\"@id\":\"https:\\\/\\\/www.neilmed.com\\\/ger\\\/sinus-rinse-nasendusche\\\/#breadcrumb\",\"itemListElement\":[{\"@type\":\"ListItem\",\"position\":1,\"name\":\"Home\",\"item\":\"https:\\\/\\\/www.neilmed.com\\\/ger\\\/\"},{\"@type\":\"ListItem\",\"position\":2,\"name\":\"Sinus Rinse\u00ae Nasendusche\"}]},{\"@type\":\"WebSite\",\"@id\":\"https:\\\/\\\/www.neilmed.com\\\/ger\\\/#website\",\"url\":\"https:\\\/\\\/www.neilmed.com\\\/ger\\\/\",\"name\":\"NeilMed Pharmaceuticals - Germany\",\"description\":\"NeilMed Pharmaceuticals: world leader in nasal saline irrigation system | Sinus Rinse | Neti Pot | Nasal Irrigation\",\"potentialAction\":[{\"@type\":\"SearchAction\",\"target\":{\"@type\":\"EntryPoint\",\"urlTemplate\":\"https:\\\/\\\/www.neilmed.com\\\/ger\\\/?s={search_term_string}\"},\"query-input\":{\"@type\":\"PropertyValueSpecification\",\"valueRequired\":true,\"valueName\":\"search_term_string\"}}],\"inLanguage\":\"de\"}]}<\/script>\n<!-- \/ Yoast SEO Premium plugin. -->","yoast_head_json":{"title":"Sinus Rinse\u00ae Nasendusche - NeilMed Pharmaceuticals - Germany","robots":{"index":"index","follow":"follow","max-snippet":"max-snippet:-1","max-image-preview":"max-image-preview:large","max-video-preview":"max-video-preview:-1"},"canonical":"https:\/\/www.neilmed.com\/ger\/sinus-rinse-nasendusche\/","og_locale":"de_DE","og_type":"article","og_title":"Sinus Rinse\u00ae Nasendusche","og_description":"NeilMed\u00ae Sinus Rinse\u00ae Nasendusche &#8211; Befreien Sie Ihre Nase, atmen Sie auf! PZN: 15297276 PZN: 15297253 Erleben Sie das erfrischende Gef\u00fchl einer freien Nase! Die Sinus Rinse\u00ae Nasendusche entfernt sanft Schleim, Pollen und Schadstoffe aus der Nase und Nebenh\u00f6hlen und hilft Ihnen, wieder ungehindert durchzuatmen. Ideal f\u00fcr alle, die unter Erk\u00e4ltungen, Allergien oder Reizungen der&hellip;","og_url":"https:\/\/www.neilmed.com\/ger\/sinus-rinse-nasendusche\/","og_site_name":"NeilMed Pharmaceuticals - Germany","article_modified_time":"2025-02-19T22:46:06+00:00","og_image":[{"url":"https:\/\/www.neilmed.com\/ger\/wp-content\/uploads\/sites\/10\/2025\/02\/sinus-rinse-deutsch-front.jpg","type":"","width":"","height":""}],"twitter_card":"summary_large_image","schema":{"@context":"https:\/\/schema.org","@graph":[{"@type":"WebPage","@id":"https:\/\/www.neilmed.com\/ger\/sinus-rinse-nasendusche\/","url":"https:\/\/www.neilmed.com\/ger\/sinus-rinse-nasendusche\/","name":"Sinus Rinse\u00ae Nasendusche - NeilMed Pharmaceuticals - Germany","isPartOf":{"@id":"https:\/\/www.neilmed.com\/ger\/#website"},"primaryImageOfPage":{"@id":"https:\/\/www.neilmed.com\/ger\/sinus-rinse-nasendusche\/#primaryimage"},"image":{"@id":"https:\/\/www.neilmed.com\/ger\/sinus-rinse-nasendusche\/#primaryimage"},"thumbnailUrl":"https:\/\/www.neilmed.com\/ger\/wp-content\/uploads\/sites\/10\/2025\/02\/sinus-rinse-deutsch-front.jpg","datePublished":"2025-02-19T01:58:39+00:00","dateModified":"2025-02-19T22:46:06+00:00","breadcrumb":{"@id":"https:\/\/www.neilmed.com\/ger\/sinus-rinse-nasendusche\/#breadcrumb"},"inLanguage":"de","potentialAction":[{"@type":"ReadAction","target":["https:\/\/www.neilmed.com\/ger\/sinus-rinse-nasendusche\/"]}]},{"@type":"ImageObject","inLanguage":"de","@id":"https:\/\/www.neilmed.com\/ger\/sinus-rinse-nasendusche\/#primaryimage","url":"https:\/\/www.neilmed.com\/ger\/wp-content\/uploads\/sites\/10\/2025\/02\/sinus-rinse-deutsch-front.jpg","contentUrl":"https:\/\/www.neilmed.com\/ger\/wp-content\/uploads\/sites\/10\/2025\/02\/sinus-rinse-deutsch-front.jpg","width":693,"height":790},{"@type":"BreadcrumbList","@id":"https:\/\/www.neilmed.com\/ger\/sinus-rinse-nasendusche\/#breadcrumb","itemListElement":[{"@type":"ListItem","position":1,"name":"Home","item":"https:\/\/www.neilmed.com\/ger\/"},{"@type":"ListItem","position":2,"name":"Sinus Rinse\u00ae Nasendusche"}]},{"@type":"WebSite","@id":"https:\/\/www.neilmed.com\/ger\/#website","url":"https:\/\/www.neilmed.com\/ger\/","name":"NeilMed Pharmaceuticals - Germany","description":"NeilMed Pharmaceuticals: world leader in nasal saline irrigation system | Sinus Rinse | Neti Pot | Nasal Irrigation","potentialAction":[{"@type":"SearchAction","target":{"@type":"EntryPoint","urlTemplate":"https:\/\/www.neilmed.com\/ger\/?s={search_term_string}"},"query-input":{"@type":"PropertyValueSpecification","valueRequired":true,"valueName":"search_term_string"}}],"inLanguage":"de"}]}},"acf":[],"_links":{"self":[{"href":"https:\/\/www.neilmed.com\/ger\/wp-json\/wp\/v2\/pages\/4876","targetHints":{"allow":["GET"]}}],"collection":[{"href":"https:\/\/www.neilmed.com\/ger\/wp-json\/wp\/v2\/pages"}],"about":[{"href":"https:\/\/www.neilmed.com\/ger\/wp-json\/wp\/v2\/types\/page"}],"author":[{"embeddable":true,"href":"https:\/\/www.neilmed.com\/ger\/wp-json\/wp\/v2\/users\/1"}],"replies":[{"embeddable":true,"href":"https:\/\/www.neilmed.com\/ger\/wp-json\/wp\/v2\/comments?post=4876"}],"version-history":[{"count":11,"href":"https:\/\/www.neilmed.com\/ger\/wp-json\/wp\/v2\/pages\/4876\/revisions"}],"predecessor-version":[{"id":4954,"href":"https:\/\/www.neilmed.com\/ger\/wp-json\/wp\/v2\/pages\/4876\/revisions\/4954"}],"wp:attachment":[{"href":"https:\/\/www.neilmed.com\/ger\/wp-json\/wp\/v2\/media?parent=4876"}],"wp:term":[{"taxonomy":"category","embeddable":true,"href":"https:\/\/www.neilmed.com\/ger\/wp-json\/wp\/v2\/categories?post=4876"},{"taxonomy":"post_tag","embeddable":true,"href":"https:\/\/www.neilmed.com\/ger\/wp-json\/wp\/v2\/tags?post=4876"}],"curies":[{"name":"wp","href":"https:\/\/api.w.org\/{rel}","templated":true}]}}