{"id":4880,"date":"2025-02-19T20:52:17","date_gmt":"2025-02-19T19:52:17","guid":{"rendered":"https:\/\/www.neilmed.com\/ger\/?page_id=4880"},"modified":"2025-02-20T19:14:49","modified_gmt":"2025-02-20T18:14:49","slug":"nasogel-spray-fuer-trockene-nasen","status":"publish","type":"page","link":"https:\/\/www.neilmed.com\/ger\/nasogel-spray-fuer-trockene-nasen\/","title":{"rendered":"NasoGel Spray\u00ae f\u00fcr trockene Nasen"},"content":{"rendered":"\n<h1>\n\t\tNeilMed\u00ae NasoGel\u00ae Spray &#8211; Das nat\u00fcrliche Gel zur Befeuchtung der Nase mit Aloe Vera, Allantoin &#038; Hyaluron!\n\t<\/h1>\n\t\t\t\t<a href=\"https:\/\/www.neilmed.com\/ger\/wp-content\/uploads\/sites\/10\/2025\/02\/NasoGel_Spray.jpg\"  target=\"_self\" itemprop=\"url\">\n\t\t\t\t<img loading=\"lazy\" decoding=\"async\" src=\"https:\/\/www.neilmed.com\/ger\/wp-content\/uploads\/sites\/10\/2025\/02\/NasoGel_Spray.jpg\" alt=\"NasoGel_Spray\" itemprop=\"image\" height=\"896\" width=\"784\" title=\"NasoGel_Spray\" onerror=\"this.style.display='none'\"  \/>\n\t\t\t\t<\/a>\n\t<p>PZN: 18352797<\/p>\n\t<p>Das Nasogel\u00ae Spray sorgt f\u00fcr schnelle Erleichterung bei verstopfter oder trockener Nase. Es befeuchtet die Schleimh\u00e4ute, lindert Reizungen und sorgt f\u00fcr eine langanhaltende Frische. Die spezielle Formel mit nat\u00fcrlichen Inhaltsstoffen unterst\u00fctzt die Regeneration der Nasenschleimhaut und hilft, das Wohlbefinden langfristig zu steigern &#8211; besonders in trockenen oder klimatisierten Umgebungen.<\/p>\n\t<h2>Inhaltsstoffe:<\/h2>\n<p>Das Nasogel\u00ae Spray enth\u00e4lt eine Kombination aus Natriumchlorid, Natriumbicarbonat, Natriumhyaluronat, Aloe Vera, Allantoin, Glycerin, Propylenglykol und Benzalkoniumchlorid zur dauerhaften Befeuchtung der Naseng\u00e4nge.<\/p>\n\t<p><strong>Die Vorteile:<\/strong><\/p>\n<ul>\n<li>Befeuchtung und Bes\u00e4nftigung der Schleimhaut durch Aloe Vera und Hyaluron, die die Nasenschleimh\u00e4ute effektiv pflegen<\/li>\n<li>Allantoin zur Schmerzlinderung und Beruhigung gereizter Schleimh\u00e4ute.<\/li>\n<li>Schutzschichtbildung, die die Nasenschleimh\u00e4ute langfristig befeuchtet und ihre nat\u00fcrliche Funktion unterst\u00fctzt, einschlie\u00dflich der F\u00f6rderung des Sekretflusses<\/li>\n<li>Gro\u00dfz\u00fcgiger Inhalt (30 ml) und ein praktischer Spender, der eine gezielte Anwendung erm\u00f6glicht und auch die oberen Naseng\u00e4nge problemlos erreicht<\/li>\n<\/ul>\n\t<p><strong>Empfehlungen bei:<\/strong><\/p>\n<ul>\n<li>Trockener Nasenschleimh\u00e4ute durch Schlaftherapie, Sauerstoff-Therapie und Chemotherapie<\/li>\n<li>Trockener Luft &#8211; Zum Befeuchten der Nasenschleimh\u00e4ute<\/li>\n<li>Erk\u00e4ltungen &#8211; Zur Linderung von Nasentrockenheit und geschwollenen Nasenr\u00e4umen<\/li>\n<li>Allergien &#8211; Bei gereizten Nasenschleimh\u00e4uten durch Pollen oder Staub<\/li>\n<li>Postoperativ &#8211; Das Gel bildet eine Schutzschicht in der Nase, die die Schleimh\u00e4ute sch\u00fctzt und die Heilung f\u00f6rdert<\/li>\n<\/ul>\n\t<p><strong>Die optimale Anwendung des NasoGel\u00ae Sprays:<\/strong><\/p>\n<ol>\n<li>Entfernen Sie die Schutzkappe und primen Sie den Spr\u00fchmechanismus, indem Sie 4-5 Mal auf den Pumpkopf dr\u00fccken, bis das Gel austritt.<\/li>\n<li>Neigen Sie den Kopf leicht nach vorne und spr\u00fchen Sie 2-4 Spr\u00fchst\u00f6\u00dfe in jedes Nasenloch.<\/li>\n<li>Wiederholen Sie den Vorgang f\u00fcr das andere Nasenloch.<\/li>\n<li>Verwenden Sie das Spray alle 4-6 Stunden oder nach Bedarf. Bei h\u00e4ufigerer Anwendung konsultieren Sie einen Arzt.<\/li>\n<\/ol>\n<p>Nach der Anwendung wischen Sie den Spr\u00fchkopf ab und setzen die Schutzkappe wieder auf. Bei anhaltenden Beschwerden konsultieren Sie bitte einen Arzt.<\/p>\n\t\t\t\t<img loading=\"lazy\" decoding=\"async\" src=\"https:\/\/www.neilmed.com\/ger\/wp-content\/uploads\/sites\/10\/2025\/02\/Instructions-NasoGel.jpg\" alt=\"Instructions NasoGel\" itemprop=\"image\" height=\"218\" width=\"447\" title=\"Instructions NasoGel\" onerror=\"this.style.display='none'\"  \/>\n\t\t\t<a href=\"https:\/\/shopeu.neilmed.com\/products\/nasogel-spray-de\" target=\"_self\">\n\t\t\t\t\t\t\tEntdecken Sie das NasoGel\u00ae Spray und unterst\u00fctzen Sie das Wohlbefinden Ihrer Nase!\n\t\t\t\t\t<\/a>\n\t\t\t\t<a href=\"https:\/\/www.neilmed.com\/ger\/wp-content\/uploads\/sites\/10\/2025\/02\/NasoGel-german.jpg\"  target=\"_self\" itemprop=\"url\">\n\t\t\t\t<img loading=\"lazy\" decoding=\"async\" src=\"https:\/\/www.neilmed.com\/ger\/wp-content\/uploads\/sites\/10\/2025\/02\/NasoGel-german.jpg\" alt=\"NasoGel german\" itemprop=\"image\" height=\"1918\" width=\"800\" title=\"NasoGel german\" onerror=\"this.style.display='none'\"  \/>\n\t\t\t\t<\/a>\n\t<p>PZN: 18352797<\/p>\n\n","protected":false},"excerpt":{"rendered":"<p>NeilMed\u00ae NasoGel\u00ae Spray &#8211; Das nat\u00fcrliche Gel zur Befeuchtung der Nase mit Aloe Vera, Allantoin &#038; Hyaluron! PZN: 18352797 Das Nasogel\u00ae Spray sorgt f\u00fcr schnelle Erleichterung bei verstopfter oder trockener Nase. Es befeuchtet die Schleimh\u00e4ute, lindert Reizungen und sorgt f\u00fcr eine langanhaltende Frische. Die spezielle Formel mit nat\u00fcrlichen Inhaltsstoffen unterst\u00fctzt die Regeneration der Nasenschleimhaut und&hellip;<\/p>\n","protected":false},"author":1,"featured_media":0,"parent":0,"menu_order":0,"comment_status":"closed","ping_status":"closed","template":"","meta":{"_acf_changed":false,"inline_featured_image":false,"footnotes":""},"categories":[],"tags":[],"class_list":["post-4880","page","type-page","status-publish","hentry"],"yoast_head":"<!-- This site is optimized with the Yoast SEO Premium plugin v27.4 (Yoast SEO v27.4) - https:\/\/yoast.com\/product\/yoast-seo-premium-wordpress\/ -->\n<title>NasoGel Spray\u00ae f\u00fcr trockene Nasen - NeilMed Pharmaceuticals - Germany<\/title>\n<meta name=\"robots\" content=\"index, follow, max-snippet:-1, max-image-preview:large, max-video-preview:-1\" \/>\n<link rel=\"canonical\" href=\"https:\/\/www.neilmed.com\/ger\/nasogel-spray-fuer-trockene-nasen\/\" \/>\n<meta property=\"og:locale\" content=\"de_DE\" \/>\n<meta property=\"og:type\" content=\"article\" \/>\n<meta property=\"og:title\" content=\"NasoGel Spray\u00ae f\u00fcr trockene Nasen\" \/>\n<meta property=\"og:description\" content=\"NeilMed\u00ae NasoGel\u00ae Spray &#8211; Das nat\u00fcrliche Gel zur Befeuchtung der Nase mit Aloe Vera, Allantoin &#038; Hyaluron! PZN: 18352797 Das Nasogel\u00ae Spray sorgt f\u00fcr schnelle Erleichterung bei verstopfter oder trockener Nase. Es befeuchtet die Schleimh\u00e4ute, lindert Reizungen und sorgt f\u00fcr eine langanhaltende Frische. Die spezielle Formel mit nat\u00fcrlichen Inhaltsstoffen unterst\u00fctzt die Regeneration der Nasenschleimhaut und&hellip;\" \/>\n<meta property=\"og:url\" content=\"https:\/\/www.neilmed.com\/ger\/nasogel-spray-fuer-trockene-nasen\/\" \/>\n<meta property=\"og:site_name\" content=\"NeilMed Pharmaceuticals - Germany\" \/>\n<meta property=\"article:modified_time\" content=\"2025-02-20T18:14:49+00:00\" \/>\n<meta property=\"og:image\" content=\"https:\/\/www.neilmed.com\/ger\/wp-content\/uploads\/sites\/10\/2025\/02\/NasoGel_Spray.jpg\" \/>\n<meta name=\"twitter:card\" content=\"summary_large_image\" \/>\n<script type=\"application\/ld+json\" class=\"yoast-schema-graph\">{\"@context\":\"https:\\\/\\\/schema.org\",\"@graph\":[{\"@type\":\"WebPage\",\"@id\":\"https:\\\/\\\/www.neilmed.com\\\/ger\\\/nasogel-spray-fuer-trockene-nasen\\\/\",\"url\":\"https:\\\/\\\/www.neilmed.com\\\/ger\\\/nasogel-spray-fuer-trockene-nasen\\\/\",\"name\":\"NasoGel Spray\u00ae f\u00fcr trockene Nasen - NeilMed Pharmaceuticals - Germany\",\"isPartOf\":{\"@id\":\"https:\\\/\\\/www.neilmed.com\\\/ger\\\/#website\"},\"primaryImageOfPage\":{\"@id\":\"https:\\\/\\\/www.neilmed.com\\\/ger\\\/nasogel-spray-fuer-trockene-nasen\\\/#primaryimage\"},\"image\":{\"@id\":\"https:\\\/\\\/www.neilmed.com\\\/ger\\\/nasogel-spray-fuer-trockene-nasen\\\/#primaryimage\"},\"thumbnailUrl\":\"https:\\\/\\\/www.neilmed.com\\\/ger\\\/wp-content\\\/uploads\\\/sites\\\/10\\\/2025\\\/02\\\/NasoGel_Spray.jpg\",\"datePublished\":\"2025-02-19T19:52:17+00:00\",\"dateModified\":\"2025-02-20T18:14:49+00:00\",\"breadcrumb\":{\"@id\":\"https:\\\/\\\/www.neilmed.com\\\/ger\\\/nasogel-spray-fuer-trockene-nasen\\\/#breadcrumb\"},\"inLanguage\":\"de\",\"potentialAction\":[{\"@type\":\"ReadAction\",\"target\":[\"https:\\\/\\\/www.neilmed.com\\\/ger\\\/nasogel-spray-fuer-trockene-nasen\\\/\"]}]},{\"@type\":\"ImageObject\",\"inLanguage\":\"de\",\"@id\":\"https:\\\/\\\/www.neilmed.com\\\/ger\\\/nasogel-spray-fuer-trockene-nasen\\\/#primaryimage\",\"url\":\"https:\\\/\\\/www.neilmed.com\\\/ger\\\/wp-content\\\/uploads\\\/sites\\\/10\\\/2025\\\/02\\\/NasoGel_Spray.jpg\",\"contentUrl\":\"https:\\\/\\\/www.neilmed.com\\\/ger\\\/wp-content\\\/uploads\\\/sites\\\/10\\\/2025\\\/02\\\/NasoGel_Spray.jpg\"},{\"@type\":\"BreadcrumbList\",\"@id\":\"https:\\\/\\\/www.neilmed.com\\\/ger\\\/nasogel-spray-fuer-trockene-nasen\\\/#breadcrumb\",\"itemListElement\":[{\"@type\":\"ListItem\",\"position\":1,\"name\":\"Home\",\"item\":\"https:\\\/\\\/www.neilmed.com\\\/ger\\\/\"},{\"@type\":\"ListItem\",\"position\":2,\"name\":\"NasoGel Spray\u00ae f\u00fcr trockene Nasen\"}]},{\"@type\":\"WebSite\",\"@id\":\"https:\\\/\\\/www.neilmed.com\\\/ger\\\/#website\",\"url\":\"https:\\\/\\\/www.neilmed.com\\\/ger\\\/\",\"name\":\"NeilMed Pharmaceuticals - Germany\",\"description\":\"NeilMed Pharmaceuticals: world leader in nasal saline irrigation system | Sinus Rinse | Neti Pot | Nasal Irrigation\",\"potentialAction\":[{\"@type\":\"SearchAction\",\"target\":{\"@type\":\"EntryPoint\",\"urlTemplate\":\"https:\\\/\\\/www.neilmed.com\\\/ger\\\/?s={search_term_string}\"},\"query-input\":{\"@type\":\"PropertyValueSpecification\",\"valueRequired\":true,\"valueName\":\"search_term_string\"}}],\"inLanguage\":\"de\"}]}<\/script>\n<!-- \/ Yoast SEO Premium plugin. -->","yoast_head_json":{"title":"NasoGel Spray\u00ae f\u00fcr trockene Nasen - NeilMed Pharmaceuticals - Germany","robots":{"index":"index","follow":"follow","max-snippet":"max-snippet:-1","max-image-preview":"max-image-preview:large","max-video-preview":"max-video-preview:-1"},"canonical":"https:\/\/www.neilmed.com\/ger\/nasogel-spray-fuer-trockene-nasen\/","og_locale":"de_DE","og_type":"article","og_title":"NasoGel Spray\u00ae f\u00fcr trockene Nasen","og_description":"NeilMed\u00ae NasoGel\u00ae Spray &#8211; Das nat\u00fcrliche Gel zur Befeuchtung der Nase mit Aloe Vera, Allantoin &#038; Hyaluron! PZN: 18352797 Das Nasogel\u00ae Spray sorgt f\u00fcr schnelle Erleichterung bei verstopfter oder trockener Nase. Es befeuchtet die Schleimh\u00e4ute, lindert Reizungen und sorgt f\u00fcr eine langanhaltende Frische. Die spezielle Formel mit nat\u00fcrlichen Inhaltsstoffen unterst\u00fctzt die Regeneration der Nasenschleimhaut und&hellip;","og_url":"https:\/\/www.neilmed.com\/ger\/nasogel-spray-fuer-trockene-nasen\/","og_site_name":"NeilMed Pharmaceuticals - Germany","article_modified_time":"2025-02-20T18:14:49+00:00","og_image":[{"url":"https:\/\/www.neilmed.com\/ger\/wp-content\/uploads\/sites\/10\/2025\/02\/NasoGel_Spray.jpg","type":"","width":"","height":""}],"twitter_card":"summary_large_image","schema":{"@context":"https:\/\/schema.org","@graph":[{"@type":"WebPage","@id":"https:\/\/www.neilmed.com\/ger\/nasogel-spray-fuer-trockene-nasen\/","url":"https:\/\/www.neilmed.com\/ger\/nasogel-spray-fuer-trockene-nasen\/","name":"NasoGel Spray\u00ae f\u00fcr trockene Nasen - NeilMed Pharmaceuticals - Germany","isPartOf":{"@id":"https:\/\/www.neilmed.com\/ger\/#website"},"primaryImageOfPage":{"@id":"https:\/\/www.neilmed.com\/ger\/nasogel-spray-fuer-trockene-nasen\/#primaryimage"},"image":{"@id":"https:\/\/www.neilmed.com\/ger\/nasogel-spray-fuer-trockene-nasen\/#primaryimage"},"thumbnailUrl":"https:\/\/www.neilmed.com\/ger\/wp-content\/uploads\/sites\/10\/2025\/02\/NasoGel_Spray.jpg","datePublished":"2025-02-19T19:52:17+00:00","dateModified":"2025-02-20T18:14:49+00:00","breadcrumb":{"@id":"https:\/\/www.neilmed.com\/ger\/nasogel-spray-fuer-trockene-nasen\/#breadcrumb"},"inLanguage":"de","potentialAction":[{"@type":"ReadAction","target":["https:\/\/www.neilmed.com\/ger\/nasogel-spray-fuer-trockene-nasen\/"]}]},{"@type":"ImageObject","inLanguage":"de","@id":"https:\/\/www.neilmed.com\/ger\/nasogel-spray-fuer-trockene-nasen\/#primaryimage","url":"https:\/\/www.neilmed.com\/ger\/wp-content\/uploads\/sites\/10\/2025\/02\/NasoGel_Spray.jpg","contentUrl":"https:\/\/www.neilmed.com\/ger\/wp-content\/uploads\/sites\/10\/2025\/02\/NasoGel_Spray.jpg"},{"@type":"BreadcrumbList","@id":"https:\/\/www.neilmed.com\/ger\/nasogel-spray-fuer-trockene-nasen\/#breadcrumb","itemListElement":[{"@type":"ListItem","position":1,"name":"Home","item":"https:\/\/www.neilmed.com\/ger\/"},{"@type":"ListItem","position":2,"name":"NasoGel Spray\u00ae f\u00fcr trockene Nasen"}]},{"@type":"WebSite","@id":"https:\/\/www.neilmed.com\/ger\/#website","url":"https:\/\/www.neilmed.com\/ger\/","name":"NeilMed Pharmaceuticals - Germany","description":"NeilMed Pharmaceuticals: world leader in nasal saline irrigation system | Sinus Rinse | Neti Pot | Nasal Irrigation","potentialAction":[{"@type":"SearchAction","target":{"@type":"EntryPoint","urlTemplate":"https:\/\/www.neilmed.com\/ger\/?s={search_term_string}"},"query-input":{"@type":"PropertyValueSpecification","valueRequired":true,"valueName":"search_term_string"}}],"inLanguage":"de"}]}},"acf":[],"_links":{"self":[{"href":"https:\/\/www.neilmed.com\/ger\/wp-json\/wp\/v2\/pages\/4880","targetHints":{"allow":["GET"]}}],"collection":[{"href":"https:\/\/www.neilmed.com\/ger\/wp-json\/wp\/v2\/pages"}],"about":[{"href":"https:\/\/www.neilmed.com\/ger\/wp-json\/wp\/v2\/types\/page"}],"author":[{"embeddable":true,"href":"https:\/\/www.neilmed.com\/ger\/wp-json\/wp\/v2\/users\/1"}],"replies":[{"embeddable":true,"href":"https:\/\/www.neilmed.com\/ger\/wp-json\/wp\/v2\/comments?post=4880"}],"version-history":[{"count":6,"href":"https:\/\/www.neilmed.com\/ger\/wp-json\/wp\/v2\/pages\/4880\/revisions"}],"predecessor-version":[{"id":4959,"href":"https:\/\/www.neilmed.com\/ger\/wp-json\/wp\/v2\/pages\/4880\/revisions\/4959"}],"wp:attachment":[{"href":"https:\/\/www.neilmed.com\/ger\/wp-json\/wp\/v2\/media?parent=4880"}],"wp:term":[{"taxonomy":"category","embeddable":true,"href":"https:\/\/www.neilmed.com\/ger\/wp-json\/wp\/v2\/categories?post=4880"},{"taxonomy":"post_tag","embeddable":true,"href":"https:\/\/www.neilmed.com\/ger\/wp-json\/wp\/v2\/tags?post=4880"}],"curies":[{"name":"wp","href":"https:\/\/api.w.org\/{rel}","templated":true}]}}