{"id":4882,"date":"2025-02-19T21:07:52","date_gmt":"2025-02-19T20:07:52","guid":{"rendered":"https:\/\/www.neilmed.com\/ger\/?page_id=4882"},"modified":"2025-02-20T19:14:01","modified_gmt":"2025-02-20T18:14:01","slug":"sinus-rinse-kids-nasendusche","status":"publish","type":"page","link":"https:\/\/www.neilmed.com\/ger\/sinus-rinse-kids-nasendusche\/","title":{"rendered":"Sinus Rinse\u00ae Kids Nasendusche&#8220;"},"content":{"rendered":"\n<h1>\n\t\tNeilMed\u00ae Sinus Rinse\u00ae Kids Nasendusche &#8211;  Sanfte Erleichterung f\u00fcr die ganz Kleinen!\n\t<\/h1>\n\t\t\t\t<a href=\"https:\/\/www.neilmed.com\/ger\/wp-content\/uploads\/sites\/10\/2025\/02\/PK30-ENG-INTL_576x.webp\"  target=\"_self\" itemprop=\"url\">\n\t\t\t\t<img loading=\"lazy\" decoding=\"async\" src=\"https:\/\/www.neilmed.com\/ger\/wp-content\/uploads\/sites\/10\/2025\/02\/PK30-ENG-INTL_576x-300x300.webp\" alt=\"PK30-ENG-INTL_576x\" itemprop=\"image\" height=\"300\" width=\"300\" title=\"PK30-ENG-INTL_576x\" onerror=\"this.style.display='none'\"  \/>\n\t\t\t\t<\/a>\n\t<p>Fr\u00fchzeitige Nasensp\u00fclungen k\u00f6nnen allergiebedingte Probleme verhindern, indem sie Schleim und Pollen aus den Nasenwegen entfernen. Die Sinus Rinse\u00ae Kids Nasendusche bietet eine nat\u00fcrliche L\u00f6sung, Entz\u00fcndungsmediatoren sanft zu entfernen. Besonders geeignet f\u00fcr die empfindliche Schleimhaut von Kleinkindern (ab dem 2. Lebensjahr), hilft sie, die Nase und Nebenh\u00f6hlen zu befreien, sodass Ihr Kind wieder frei und ungehindert atmen kann. Ideal f\u00fcr Kinder, die unter Erk\u00e4ltungen oder Allergien leiden.<\/p>\n<p>Das Sinus Rinse\u00ae Kids Nasendusche enth\u00e4lt zus\u00e4tzlich 30 Beutel mit Nasensp\u00fclsalz mit einer isotonischen und speziell f\u00fcr Kinder formulierte Salzl\u00f6sung.<\/p>\n\t<p><strong>Die Vorteile:<\/strong><\/p>\n<ul>\n<li>Frei von Arzneimitteln &#8211; reine &amp; speziell abgestimmte Salzl\u00f6sung f\u00fcr Babys &amp;Kleinkinder zur nat\u00fcrliche Reinigung der empfindlichen Schleimhaut<\/li>\n<li>120 ml Druckflasche &#8211; die Nasendusche ist ideal auf die Gr\u00f6\u00dfe von Kleinkindern abgestimmt, sodass sie bequem und sicher angewendet werden kann<\/li>\n<li>Funktioniert ohne Schwerkraftprinzip &#8211; eine bequeme und aufrechte Kopfhaltung erm\u00f6glicht den Kindern die eigenst\u00e4ndige Anwendung<\/li>\n<li>Komfortable Kontrolle durch sanften Handdruck der Kinder anstatt komplizierter Ventilbedienung<\/li>\n<li>F\u00fcr Kleinkinder ab dem 2. Lebensjahr<\/li>\n<\/ul>\n\t<p><strong>Empfehlungen bei:<\/strong><\/p>\n<ul>\n<li>Chronischen Entz\u00fcndungen der Nase und Nasennebenh\u00f6hlen<\/li>\n<li>Akuten, unkomplizierten Infektionen der oberen Atemwege<\/li>\n<li>Postoperativer Nachsorge im Bereich der Nase und Nasennebenh\u00f6hlen<\/li>\n<li>Akuten und chronischen Entz\u00fcndungen im Nasenraum mit erh\u00f6hter Schleimbildung und Schleimhautschwellung<\/li>\n<li>Nasenausfluss und verstopfter Nase, um die Atemwege zu befreien und das Atmen zu erleichtern<\/li>\n<\/ul>\n<h2>\n\t\tDie empfohlene Anwendung der Sinus Rinse\u00ae Kids f\u00fcr Kinder ab 2 Jahren\n\t<\/h2>\n\t<ol>\n<li>Vorbereitung der L\u00f6sung: Waschen Sie sich gr\u00fcndlich die H\u00e4nde. F\u00fcllen Sie die Flasche bis zur Markierung mit lauwarmem Wasser (oder zuvor abgekochtem Wasser, das auf eine angenehme Temperatur abgek\u00fchlt ist) und geben Sie den beiliegenden Salzbeutel hinzu. Sch\u00fctteln Sie die Flasche gut, bis das Salz vollst\u00e4ndig aufgel\u00f6st ist.<\/li>\n<li>Ihr Kind auf die Sp\u00fclung vorbereiten: Setzen Sie Ihr Kind bequem hin, beispielsweise vor einem Waschbecken oder in der Badewanne, und erkl\u00e4ren Sie ihm den Ablauf spielerisch, um es zu beruhigen.<\/li>\n<li>Anwendung: Lassen Sie Ihr Kind leicht nach vorne gebeugt sitzen und halten Sie die Flasche aufrecht. Setzen Sie die Flasche sanft an ein Nasenloch und dr\u00fccken Sie sie mit leichtem Druck zusammen &#8211; es gen\u00fcgt ein niedriger Druck, damit die L\u00f6sung durch die Nase flie\u00dft und Schleim sowie Allergene ausgesp\u00fclt werden. Wiederholen Sie den Vorgang auf der anderen Seite.<\/li>\n<li>Nach der Anwendung: Lassen Sie Ihr Kind sanft die Nase schn\u00e4uzen oder verwenden Sie ein Tuch, um die Nase abzuwischen.<\/li>\n<\/ol>\n<p>Tipp: Um die Anwendung angenehmer zu gestalten, k\u00f6nnen Sie Ihr Kind w\u00e4hrend der Sp\u00fclung ermutigen, eine beliebte Melodie zu summen, die es mag. Dies kann helfen, die Anwendung entspannter und unterhaltsamer zu gestalten.<\/p>\n\t\t\t<a href=\"https:\/\/shopeu.neilmed.com\/products\/sinus-rinse-pediatric-starter-kit\" target=\"_self\">\n\t\t\t\t\t\t\tErleichterung f\u00fcr Ihr Kind &#8211; Entdecken Sie Sinus Rinse\u00ae  Kids.\n\t\t\t\t\t<\/a>\n\n","protected":false},"excerpt":{"rendered":"<p>NeilMed\u00ae Sinus Rinse\u00ae Kids Nasendusche &#8211; Sanfte Erleichterung f\u00fcr die ganz Kleinen! Fr\u00fchzeitige Nasensp\u00fclungen k\u00f6nnen allergiebedingte Probleme verhindern, indem sie Schleim und Pollen aus den Nasenwegen entfernen. Die Sinus Rinse\u00ae Kids Nasendusche bietet eine nat\u00fcrliche L\u00f6sung, Entz\u00fcndungsmediatoren sanft zu entfernen. Besonders geeignet f\u00fcr die empfindliche Schleimhaut von Kleinkindern (ab dem 2. Lebensjahr), hilft sie, die&hellip;<\/p>\n","protected":false},"author":1,"featured_media":0,"parent":0,"menu_order":0,"comment_status":"closed","ping_status":"closed","template":"","meta":{"_acf_changed":false,"inline_featured_image":false,"footnotes":""},"categories":[],"tags":[],"class_list":["post-4882","page","type-page","status-publish","hentry"],"yoast_head":"<!-- This site is optimized with the Yoast SEO Premium plugin v27.2 (Yoast SEO v27.3) - https:\/\/yoast.com\/product\/yoast-seo-premium-wordpress\/ -->\n<title>Sinus Rinse\u00ae Kids Nasendusche&quot; - NeilMed Pharmaceuticals - Germany<\/title>\n<meta name=\"robots\" content=\"index, follow, max-snippet:-1, max-image-preview:large, max-video-preview:-1\" \/>\n<link rel=\"canonical\" href=\"https:\/\/www.neilmed.com\/ger\/sinus-rinse-kids-nasendusche\/\" \/>\n<meta property=\"og:locale\" content=\"de_DE\" \/>\n<meta property=\"og:type\" content=\"article\" \/>\n<meta property=\"og:title\" content=\"Sinus Rinse\u00ae Kids Nasendusche&quot;\" \/>\n<meta property=\"og:description\" content=\"NeilMed\u00ae Sinus Rinse\u00ae Kids Nasendusche &#8211; Sanfte Erleichterung f\u00fcr die ganz Kleinen! Fr\u00fchzeitige Nasensp\u00fclungen k\u00f6nnen allergiebedingte Probleme verhindern, indem sie Schleim und Pollen aus den Nasenwegen entfernen. Die Sinus Rinse\u00ae Kids Nasendusche bietet eine nat\u00fcrliche L\u00f6sung, Entz\u00fcndungsmediatoren sanft zu entfernen. Besonders geeignet f\u00fcr die empfindliche Schleimhaut von Kleinkindern (ab dem 2. Lebensjahr), hilft sie, die&hellip;\" \/>\n<meta property=\"og:url\" content=\"https:\/\/www.neilmed.com\/ger\/sinus-rinse-kids-nasendusche\/\" \/>\n<meta property=\"og:site_name\" content=\"NeilMed Pharmaceuticals - Germany\" \/>\n<meta property=\"article:modified_time\" content=\"2025-02-20T18:14:01+00:00\" \/>\n<meta property=\"og:image\" content=\"https:\/\/www.neilmed.com\/ger\/wp-content\/uploads\/sites\/10\/2025\/02\/PK30-ENG-INTL_576x-300x300.webp\" \/>\n<meta name=\"twitter:card\" content=\"summary_large_image\" \/>\n<script type=\"application\/ld+json\" class=\"yoast-schema-graph\">{\"@context\":\"https:\\\/\\\/schema.org\",\"@graph\":[{\"@type\":\"WebPage\",\"@id\":\"https:\\\/\\\/www.neilmed.com\\\/ger\\\/sinus-rinse-kids-nasendusche\\\/\",\"url\":\"https:\\\/\\\/www.neilmed.com\\\/ger\\\/sinus-rinse-kids-nasendusche\\\/\",\"name\":\"Sinus Rinse\u00ae Kids Nasendusche\\\" - NeilMed Pharmaceuticals - Germany\",\"isPartOf\":{\"@id\":\"https:\\\/\\\/www.neilmed.com\\\/ger\\\/#website\"},\"primaryImageOfPage\":{\"@id\":\"https:\\\/\\\/www.neilmed.com\\\/ger\\\/sinus-rinse-kids-nasendusche\\\/#primaryimage\"},\"image\":{\"@id\":\"https:\\\/\\\/www.neilmed.com\\\/ger\\\/sinus-rinse-kids-nasendusche\\\/#primaryimage\"},\"thumbnailUrl\":\"https:\\\/\\\/www.neilmed.com\\\/ger\\\/wp-content\\\/uploads\\\/sites\\\/10\\\/2025\\\/02\\\/PK30-ENG-INTL_576x-300x300.webp\",\"datePublished\":\"2025-02-19T20:07:52+00:00\",\"dateModified\":\"2025-02-20T18:14:01+00:00\",\"breadcrumb\":{\"@id\":\"https:\\\/\\\/www.neilmed.com\\\/ger\\\/sinus-rinse-kids-nasendusche\\\/#breadcrumb\"},\"inLanguage\":\"de\",\"potentialAction\":[{\"@type\":\"ReadAction\",\"target\":[\"https:\\\/\\\/www.neilmed.com\\\/ger\\\/sinus-rinse-kids-nasendusche\\\/\"]}]},{\"@type\":\"ImageObject\",\"inLanguage\":\"de\",\"@id\":\"https:\\\/\\\/www.neilmed.com\\\/ger\\\/sinus-rinse-kids-nasendusche\\\/#primaryimage\",\"url\":\"https:\\\/\\\/www.neilmed.com\\\/ger\\\/wp-content\\\/uploads\\\/sites\\\/10\\\/2025\\\/02\\\/PK30-ENG-INTL_576x-300x300.webp\",\"contentUrl\":\"https:\\\/\\\/www.neilmed.com\\\/ger\\\/wp-content\\\/uploads\\\/sites\\\/10\\\/2025\\\/02\\\/PK30-ENG-INTL_576x-300x300.webp\"},{\"@type\":\"BreadcrumbList\",\"@id\":\"https:\\\/\\\/www.neilmed.com\\\/ger\\\/sinus-rinse-kids-nasendusche\\\/#breadcrumb\",\"itemListElement\":[{\"@type\":\"ListItem\",\"position\":1,\"name\":\"Home\",\"item\":\"https:\\\/\\\/www.neilmed.com\\\/ger\\\/\"},{\"@type\":\"ListItem\",\"position\":2,\"name\":\"Sinus Rinse\u00ae Kids Nasendusche&#8220;\"}]},{\"@type\":\"WebSite\",\"@id\":\"https:\\\/\\\/www.neilmed.com\\\/ger\\\/#website\",\"url\":\"https:\\\/\\\/www.neilmed.com\\\/ger\\\/\",\"name\":\"NeilMed Pharmaceuticals - Germany\",\"description\":\"NeilMed Pharmaceuticals: world leader in nasal saline irrigation system | Sinus Rinse | Neti Pot | Nasal Irrigation\",\"potentialAction\":[{\"@type\":\"SearchAction\",\"target\":{\"@type\":\"EntryPoint\",\"urlTemplate\":\"https:\\\/\\\/www.neilmed.com\\\/ger\\\/?s={search_term_string}\"},\"query-input\":{\"@type\":\"PropertyValueSpecification\",\"valueRequired\":true,\"valueName\":\"search_term_string\"}}],\"inLanguage\":\"de\"}]}<\/script>\n<!-- \/ Yoast SEO Premium plugin. -->","yoast_head_json":{"title":"Sinus Rinse\u00ae Kids Nasendusche\" - NeilMed Pharmaceuticals - Germany","robots":{"index":"index","follow":"follow","max-snippet":"max-snippet:-1","max-image-preview":"max-image-preview:large","max-video-preview":"max-video-preview:-1"},"canonical":"https:\/\/www.neilmed.com\/ger\/sinus-rinse-kids-nasendusche\/","og_locale":"de_DE","og_type":"article","og_title":"Sinus Rinse\u00ae Kids Nasendusche\"","og_description":"NeilMed\u00ae Sinus Rinse\u00ae Kids Nasendusche &#8211; Sanfte Erleichterung f\u00fcr die ganz Kleinen! Fr\u00fchzeitige Nasensp\u00fclungen k\u00f6nnen allergiebedingte Probleme verhindern, indem sie Schleim und Pollen aus den Nasenwegen entfernen. Die Sinus Rinse\u00ae Kids Nasendusche bietet eine nat\u00fcrliche L\u00f6sung, Entz\u00fcndungsmediatoren sanft zu entfernen. Besonders geeignet f\u00fcr die empfindliche Schleimhaut von Kleinkindern (ab dem 2. Lebensjahr), hilft sie, die&hellip;","og_url":"https:\/\/www.neilmed.com\/ger\/sinus-rinse-kids-nasendusche\/","og_site_name":"NeilMed Pharmaceuticals - Germany","article_modified_time":"2025-02-20T18:14:01+00:00","og_image":[{"url":"https:\/\/www.neilmed.com\/ger\/wp-content\/uploads\/sites\/10\/2025\/02\/PK30-ENG-INTL_576x-300x300.webp","type":"","width":"","height":""}],"twitter_card":"summary_large_image","schema":{"@context":"https:\/\/schema.org","@graph":[{"@type":"WebPage","@id":"https:\/\/www.neilmed.com\/ger\/sinus-rinse-kids-nasendusche\/","url":"https:\/\/www.neilmed.com\/ger\/sinus-rinse-kids-nasendusche\/","name":"Sinus Rinse\u00ae Kids Nasendusche\" - NeilMed Pharmaceuticals - Germany","isPartOf":{"@id":"https:\/\/www.neilmed.com\/ger\/#website"},"primaryImageOfPage":{"@id":"https:\/\/www.neilmed.com\/ger\/sinus-rinse-kids-nasendusche\/#primaryimage"},"image":{"@id":"https:\/\/www.neilmed.com\/ger\/sinus-rinse-kids-nasendusche\/#primaryimage"},"thumbnailUrl":"https:\/\/www.neilmed.com\/ger\/wp-content\/uploads\/sites\/10\/2025\/02\/PK30-ENG-INTL_576x-300x300.webp","datePublished":"2025-02-19T20:07:52+00:00","dateModified":"2025-02-20T18:14:01+00:00","breadcrumb":{"@id":"https:\/\/www.neilmed.com\/ger\/sinus-rinse-kids-nasendusche\/#breadcrumb"},"inLanguage":"de","potentialAction":[{"@type":"ReadAction","target":["https:\/\/www.neilmed.com\/ger\/sinus-rinse-kids-nasendusche\/"]}]},{"@type":"ImageObject","inLanguage":"de","@id":"https:\/\/www.neilmed.com\/ger\/sinus-rinse-kids-nasendusche\/#primaryimage","url":"https:\/\/www.neilmed.com\/ger\/wp-content\/uploads\/sites\/10\/2025\/02\/PK30-ENG-INTL_576x-300x300.webp","contentUrl":"https:\/\/www.neilmed.com\/ger\/wp-content\/uploads\/sites\/10\/2025\/02\/PK30-ENG-INTL_576x-300x300.webp"},{"@type":"BreadcrumbList","@id":"https:\/\/www.neilmed.com\/ger\/sinus-rinse-kids-nasendusche\/#breadcrumb","itemListElement":[{"@type":"ListItem","position":1,"name":"Home","item":"https:\/\/www.neilmed.com\/ger\/"},{"@type":"ListItem","position":2,"name":"Sinus Rinse\u00ae Kids Nasendusche&#8220;"}]},{"@type":"WebSite","@id":"https:\/\/www.neilmed.com\/ger\/#website","url":"https:\/\/www.neilmed.com\/ger\/","name":"NeilMed Pharmaceuticals - Germany","description":"NeilMed Pharmaceuticals: world leader in nasal saline irrigation system | Sinus Rinse | Neti Pot | Nasal Irrigation","potentialAction":[{"@type":"SearchAction","target":{"@type":"EntryPoint","urlTemplate":"https:\/\/www.neilmed.com\/ger\/?s={search_term_string}"},"query-input":{"@type":"PropertyValueSpecification","valueRequired":true,"valueName":"search_term_string"}}],"inLanguage":"de"}]}},"acf":[],"_links":{"self":[{"href":"https:\/\/www.neilmed.com\/ger\/wp-json\/wp\/v2\/pages\/4882","targetHints":{"allow":["GET"]}}],"collection":[{"href":"https:\/\/www.neilmed.com\/ger\/wp-json\/wp\/v2\/pages"}],"about":[{"href":"https:\/\/www.neilmed.com\/ger\/wp-json\/wp\/v2\/types\/page"}],"author":[{"embeddable":true,"href":"https:\/\/www.neilmed.com\/ger\/wp-json\/wp\/v2\/users\/1"}],"replies":[{"embeddable":true,"href":"https:\/\/www.neilmed.com\/ger\/wp-json\/wp\/v2\/comments?post=4882"}],"version-history":[{"count":6,"href":"https:\/\/www.neilmed.com\/ger\/wp-json\/wp\/v2\/pages\/4882\/revisions"}],"predecessor-version":[{"id":4958,"href":"https:\/\/www.neilmed.com\/ger\/wp-json\/wp\/v2\/pages\/4882\/revisions\/4958"}],"wp:attachment":[{"href":"https:\/\/www.neilmed.com\/ger\/wp-json\/wp\/v2\/media?parent=4882"}],"wp:term":[{"taxonomy":"category","embeddable":true,"href":"https:\/\/www.neilmed.com\/ger\/wp-json\/wp\/v2\/categories?post=4882"},{"taxonomy":"post_tag","embeddable":true,"href":"https:\/\/www.neilmed.com\/ger\/wp-json\/wp\/v2\/tags?post=4882"}],"curies":[{"name":"wp","href":"https:\/\/api.w.org\/{rel}","templated":true}]}}