{"id":4884,"date":"2025-02-19T19:41:50","date_gmt":"2025-02-19T18:41:50","guid":{"rendered":"https:\/\/www.neilmed.com\/ger\/?page_id=4884"},"modified":"2025-02-19T22:48:55","modified_gmt":"2025-02-19T21:48:55","slug":"sinus-rinse-nasenspuelsalz","status":"publish","type":"page","link":"https:\/\/www.neilmed.com\/ger\/sinus-rinse-nasenspuelsalz\/","title":{"rendered":"Sinus Rinse\u00ae Nasensp\u00fclsalz"},"content":{"rendered":"\n<h1>\n\t\tNeilMed\u00ae Sinus Rinse\u00ae Nasensp\u00fclsalz &#8211; Das nat\u00fcrliche &#038; schonende Salz f\u00fcr die Nasensp\u00fclung\n\t<\/h1>\n\t\t\t\t<img loading=\"lazy\" decoding=\"async\" src=\"https:\/\/www.neilmed.com\/ger\/wp-content\/uploads\/sites\/10\/2025\/02\/Ansicht-schraeg-links.jpg\" alt=\"Ansicht schr\u00e4g links\" itemprop=\"image\" height=\"512\" width=\"512\" title=\"Ansicht schr\u00e4g links\" onerror=\"this.style.display='none'\"  \/>\n\t<p>PZN: 15297282<\/p>\n\t<h2><strong>Inhaltsstoffe:<\/strong><\/h2>\n<p>Das Sinus Rinse\u00ae Nasensp\u00fclsalz besteht aus reinem Natriumchlorid und Natriumbicarbonat- Im Gegensatz zu vielen anderen Nasensp\u00fclsalzen schont und befeuchtet es die Nase durch eine ph-neutrale Salzl\u00f6sung, ohne sie zu reizen. Dank seiner feinen Beschaffenheit l\u00f6st es sich schnell und vollst\u00e4ndig in Wasser auf, sodass eine angenehme und effektive Nasensp\u00fclung gew\u00e4hrleistet wird. Es hilft, Schleim, Pollen und Reizstoffe zu entfernen und erleichtert die Nasenatmung bei Allergien, Erk\u00e4ltungen oder Sinusitis.<\/p>\n<p>In der Packung sind 60 Beutel Nasensp\u00fclsalz enthalten.<\/p>\n<p>Finden Sie das optimale Nasensp\u00fclsalz in unserem <a href=\"https:\/\/shopeu.neilmed.com\/products\/sinus-rinse-nasenspulsalz-60-beutel\" target=\"_blank\" rel=\"noopener\">Shop<\/a>.<\/p>\n\t<p><strong>Die Vorteile:<\/strong><\/p>\n<ul>\n<li>pH-neutral &amp; sanft &#8211; Schont und befeuchtet die Schleimhaut ohne Reizungen<\/li>\n<li>Isotonische L\u00f6sung (0,9%) &#8211; Optimale Salzkonzentration f\u00fcr eine sanfte und vertr\u00e4gliche Nasensp\u00fclung<\/li>\n<li>Reine Inhaltsstoffe &#8211; Besteht aus Natriumchlorid und Natriumbicarbonat, ohne Zusatzstoffe<\/li>\n<li>Feine K\u00f6rnung &#8211; L\u00f6st sich schnell und vollst\u00e4ndig in Wasser auf<\/li>\n<li>F\u00fcr die einfache &amp; t\u00e4gliche Anwendung mit der Sinus Rinse\u00ae Nasensp\u00fclung<\/li>\n<\/ul>\n\t<p><strong>Empfehlungen bei:<\/strong><\/p>\n<ul>\n<li>Chronischen Entz\u00fcndungen der Nase und Nasennebenh\u00f6hlen<\/li>\n<li>Akuten, unkomplizierten Infektionen der oberen Atemwege<\/li>\n<li>Postoperativer Nachsorge im Bereich der Nase und Nasennebenh\u00f6hlen<\/li>\n<li>Akuten und chronischen Entz\u00fcndungen im Nasenraum mit erh\u00f6hter Schleimbildung und Schleimhautschwellung<\/li>\n<\/ul>\n\n","protected":false},"excerpt":{"rendered":"<p>NeilMed\u00ae Sinus Rinse\u00ae Nasensp\u00fclsalz &#8211; Das nat\u00fcrliche &#038; schonende Salz f\u00fcr die Nasensp\u00fclung PZN: 15297282 Inhaltsstoffe: Das Sinus Rinse\u00ae Nasensp\u00fclsalz besteht aus reinem Natriumchlorid und Natriumbicarbonat- Im Gegensatz zu vielen anderen Nasensp\u00fclsalzen schont und befeuchtet es die Nase durch eine ph-neutrale Salzl\u00f6sung, ohne sie zu reizen. Dank seiner feinen Beschaffenheit l\u00f6st es sich schnell und&hellip;<\/p>\n","protected":false},"author":1,"featured_media":0,"parent":0,"menu_order":0,"comment_status":"closed","ping_status":"closed","template":"","meta":{"_acf_changed":false,"inline_featured_image":false,"footnotes":""},"categories":[],"tags":[],"class_list":["post-4884","page","type-page","status-publish","hentry"],"yoast_head":"<!-- This site is optimized with the Yoast SEO Premium plugin v27.4 (Yoast SEO v27.4) - https:\/\/yoast.com\/product\/yoast-seo-premium-wordpress\/ -->\n<title>Sinus Rinse\u00ae Nasensp\u00fclsalz - NeilMed Pharmaceuticals - Germany<\/title>\n<meta name=\"robots\" content=\"index, follow, max-snippet:-1, max-image-preview:large, max-video-preview:-1\" \/>\n<link rel=\"canonical\" href=\"https:\/\/www.neilmed.com\/ger\/sinus-rinse-nasenspuelsalz\/\" \/>\n<meta property=\"og:locale\" content=\"de_DE\" \/>\n<meta property=\"og:type\" content=\"article\" \/>\n<meta property=\"og:title\" content=\"Sinus Rinse\u00ae Nasensp\u00fclsalz\" \/>\n<meta property=\"og:description\" content=\"NeilMed\u00ae Sinus Rinse\u00ae Nasensp\u00fclsalz &#8211; Das nat\u00fcrliche &#038; schonende Salz f\u00fcr die Nasensp\u00fclung PZN: 15297282 Inhaltsstoffe: Das Sinus Rinse\u00ae Nasensp\u00fclsalz besteht aus reinem Natriumchlorid und Natriumbicarbonat- Im Gegensatz zu vielen anderen Nasensp\u00fclsalzen schont und befeuchtet es die Nase durch eine ph-neutrale Salzl\u00f6sung, ohne sie zu reizen. Dank seiner feinen Beschaffenheit l\u00f6st es sich schnell und&hellip;\" \/>\n<meta property=\"og:url\" content=\"https:\/\/www.neilmed.com\/ger\/sinus-rinse-nasenspuelsalz\/\" \/>\n<meta property=\"og:site_name\" content=\"NeilMed Pharmaceuticals - Germany\" \/>\n<meta property=\"article:modified_time\" content=\"2025-02-19T21:48:55+00:00\" \/>\n<meta property=\"og:image\" content=\"https:\/\/www.neilmed.com\/ger\/wp-content\/uploads\/sites\/10\/2025\/02\/Ansicht-schraeg-links.jpg\" \/>\n<meta name=\"twitter:card\" content=\"summary_large_image\" \/>\n<meta name=\"twitter:label1\" content=\"Gesch\u00e4tzte Lesezeit\" \/>\n\t<meta name=\"twitter:data1\" content=\"2\u00a0Minuten\" \/>\n<script type=\"application\/ld+json\" class=\"yoast-schema-graph\">{\"@context\":\"https:\\\/\\\/schema.org\",\"@graph\":[{\"@type\":\"WebPage\",\"@id\":\"https:\\\/\\\/www.neilmed.com\\\/ger\\\/sinus-rinse-nasenspuelsalz\\\/\",\"url\":\"https:\\\/\\\/www.neilmed.com\\\/ger\\\/sinus-rinse-nasenspuelsalz\\\/\",\"name\":\"Sinus Rinse\u00ae Nasensp\u00fclsalz - NeilMed Pharmaceuticals - Germany\",\"isPartOf\":{\"@id\":\"https:\\\/\\\/www.neilmed.com\\\/ger\\\/#website\"},\"primaryImageOfPage\":{\"@id\":\"https:\\\/\\\/www.neilmed.com\\\/ger\\\/sinus-rinse-nasenspuelsalz\\\/#primaryimage\"},\"image\":{\"@id\":\"https:\\\/\\\/www.neilmed.com\\\/ger\\\/sinus-rinse-nasenspuelsalz\\\/#primaryimage\"},\"thumbnailUrl\":\"https:\\\/\\\/www.neilmed.com\\\/ger\\\/wp-content\\\/uploads\\\/sites\\\/10\\\/2025\\\/02\\\/Ansicht-schraeg-links.jpg\",\"datePublished\":\"2025-02-19T18:41:50+00:00\",\"dateModified\":\"2025-02-19T21:48:55+00:00\",\"breadcrumb\":{\"@id\":\"https:\\\/\\\/www.neilmed.com\\\/ger\\\/sinus-rinse-nasenspuelsalz\\\/#breadcrumb\"},\"inLanguage\":\"de\",\"potentialAction\":[{\"@type\":\"ReadAction\",\"target\":[\"https:\\\/\\\/www.neilmed.com\\\/ger\\\/sinus-rinse-nasenspuelsalz\\\/\"]}]},{\"@type\":\"ImageObject\",\"inLanguage\":\"de\",\"@id\":\"https:\\\/\\\/www.neilmed.com\\\/ger\\\/sinus-rinse-nasenspuelsalz\\\/#primaryimage\",\"url\":\"https:\\\/\\\/www.neilmed.com\\\/ger\\\/wp-content\\\/uploads\\\/sites\\\/10\\\/2025\\\/02\\\/Ansicht-schraeg-links.jpg\",\"contentUrl\":\"https:\\\/\\\/www.neilmed.com\\\/ger\\\/wp-content\\\/uploads\\\/sites\\\/10\\\/2025\\\/02\\\/Ansicht-schraeg-links.jpg\",\"width\":512,\"height\":512},{\"@type\":\"BreadcrumbList\",\"@id\":\"https:\\\/\\\/www.neilmed.com\\\/ger\\\/sinus-rinse-nasenspuelsalz\\\/#breadcrumb\",\"itemListElement\":[{\"@type\":\"ListItem\",\"position\":1,\"name\":\"Home\",\"item\":\"https:\\\/\\\/www.neilmed.com\\\/ger\\\/\"},{\"@type\":\"ListItem\",\"position\":2,\"name\":\"Sinus Rinse\u00ae Nasensp\u00fclsalz\"}]},{\"@type\":\"WebSite\",\"@id\":\"https:\\\/\\\/www.neilmed.com\\\/ger\\\/#website\",\"url\":\"https:\\\/\\\/www.neilmed.com\\\/ger\\\/\",\"name\":\"NeilMed Pharmaceuticals - Germany\",\"description\":\"NeilMed Pharmaceuticals: world leader in nasal saline irrigation system | Sinus Rinse | Neti Pot | Nasal Irrigation\",\"potentialAction\":[{\"@type\":\"SearchAction\",\"target\":{\"@type\":\"EntryPoint\",\"urlTemplate\":\"https:\\\/\\\/www.neilmed.com\\\/ger\\\/?s={search_term_string}\"},\"query-input\":{\"@type\":\"PropertyValueSpecification\",\"valueRequired\":true,\"valueName\":\"search_term_string\"}}],\"inLanguage\":\"de\"}]}<\/script>\n<!-- \/ Yoast SEO Premium plugin. -->","yoast_head_json":{"title":"Sinus Rinse\u00ae Nasensp\u00fclsalz - NeilMed Pharmaceuticals - Germany","robots":{"index":"index","follow":"follow","max-snippet":"max-snippet:-1","max-image-preview":"max-image-preview:large","max-video-preview":"max-video-preview:-1"},"canonical":"https:\/\/www.neilmed.com\/ger\/sinus-rinse-nasenspuelsalz\/","og_locale":"de_DE","og_type":"article","og_title":"Sinus Rinse\u00ae Nasensp\u00fclsalz","og_description":"NeilMed\u00ae Sinus Rinse\u00ae Nasensp\u00fclsalz &#8211; Das nat\u00fcrliche &#038; schonende Salz f\u00fcr die Nasensp\u00fclung PZN: 15297282 Inhaltsstoffe: Das Sinus Rinse\u00ae Nasensp\u00fclsalz besteht aus reinem Natriumchlorid und Natriumbicarbonat- Im Gegensatz zu vielen anderen Nasensp\u00fclsalzen schont und befeuchtet es die Nase durch eine ph-neutrale Salzl\u00f6sung, ohne sie zu reizen. Dank seiner feinen Beschaffenheit l\u00f6st es sich schnell und&hellip;","og_url":"https:\/\/www.neilmed.com\/ger\/sinus-rinse-nasenspuelsalz\/","og_site_name":"NeilMed Pharmaceuticals - Germany","article_modified_time":"2025-02-19T21:48:55+00:00","og_image":[{"url":"https:\/\/www.neilmed.com\/ger\/wp-content\/uploads\/sites\/10\/2025\/02\/Ansicht-schraeg-links.jpg","type":"","width":"","height":""}],"twitter_card":"summary_large_image","twitter_misc":{"Gesch\u00e4tzte Lesezeit":"2\u00a0Minuten"},"schema":{"@context":"https:\/\/schema.org","@graph":[{"@type":"WebPage","@id":"https:\/\/www.neilmed.com\/ger\/sinus-rinse-nasenspuelsalz\/","url":"https:\/\/www.neilmed.com\/ger\/sinus-rinse-nasenspuelsalz\/","name":"Sinus Rinse\u00ae Nasensp\u00fclsalz - NeilMed Pharmaceuticals - Germany","isPartOf":{"@id":"https:\/\/www.neilmed.com\/ger\/#website"},"primaryImageOfPage":{"@id":"https:\/\/www.neilmed.com\/ger\/sinus-rinse-nasenspuelsalz\/#primaryimage"},"image":{"@id":"https:\/\/www.neilmed.com\/ger\/sinus-rinse-nasenspuelsalz\/#primaryimage"},"thumbnailUrl":"https:\/\/www.neilmed.com\/ger\/wp-content\/uploads\/sites\/10\/2025\/02\/Ansicht-schraeg-links.jpg","datePublished":"2025-02-19T18:41:50+00:00","dateModified":"2025-02-19T21:48:55+00:00","breadcrumb":{"@id":"https:\/\/www.neilmed.com\/ger\/sinus-rinse-nasenspuelsalz\/#breadcrumb"},"inLanguage":"de","potentialAction":[{"@type":"ReadAction","target":["https:\/\/www.neilmed.com\/ger\/sinus-rinse-nasenspuelsalz\/"]}]},{"@type":"ImageObject","inLanguage":"de","@id":"https:\/\/www.neilmed.com\/ger\/sinus-rinse-nasenspuelsalz\/#primaryimage","url":"https:\/\/www.neilmed.com\/ger\/wp-content\/uploads\/sites\/10\/2025\/02\/Ansicht-schraeg-links.jpg","contentUrl":"https:\/\/www.neilmed.com\/ger\/wp-content\/uploads\/sites\/10\/2025\/02\/Ansicht-schraeg-links.jpg","width":512,"height":512},{"@type":"BreadcrumbList","@id":"https:\/\/www.neilmed.com\/ger\/sinus-rinse-nasenspuelsalz\/#breadcrumb","itemListElement":[{"@type":"ListItem","position":1,"name":"Home","item":"https:\/\/www.neilmed.com\/ger\/"},{"@type":"ListItem","position":2,"name":"Sinus Rinse\u00ae Nasensp\u00fclsalz"}]},{"@type":"WebSite","@id":"https:\/\/www.neilmed.com\/ger\/#website","url":"https:\/\/www.neilmed.com\/ger\/","name":"NeilMed Pharmaceuticals - Germany","description":"NeilMed Pharmaceuticals: world leader in nasal saline irrigation system | Sinus Rinse | Neti Pot | Nasal Irrigation","potentialAction":[{"@type":"SearchAction","target":{"@type":"EntryPoint","urlTemplate":"https:\/\/www.neilmed.com\/ger\/?s={search_term_string}"},"query-input":{"@type":"PropertyValueSpecification","valueRequired":true,"valueName":"search_term_string"}}],"inLanguage":"de"}]}},"acf":[],"_links":{"self":[{"href":"https:\/\/www.neilmed.com\/ger\/wp-json\/wp\/v2\/pages\/4884","targetHints":{"allow":["GET"]}}],"collection":[{"href":"https:\/\/www.neilmed.com\/ger\/wp-json\/wp\/v2\/pages"}],"about":[{"href":"https:\/\/www.neilmed.com\/ger\/wp-json\/wp\/v2\/types\/page"}],"author":[{"embeddable":true,"href":"https:\/\/www.neilmed.com\/ger\/wp-json\/wp\/v2\/users\/1"}],"replies":[{"embeddable":true,"href":"https:\/\/www.neilmed.com\/ger\/wp-json\/wp\/v2\/comments?post=4884"}],"version-history":[{"count":8,"href":"https:\/\/www.neilmed.com\/ger\/wp-json\/wp\/v2\/pages\/4884\/revisions"}],"predecessor-version":[{"id":4949,"href":"https:\/\/www.neilmed.com\/ger\/wp-json\/wp\/v2\/pages\/4884\/revisions\/4949"}],"wp:attachment":[{"href":"https:\/\/www.neilmed.com\/ger\/wp-json\/wp\/v2\/media?parent=4884"}],"wp:term":[{"taxonomy":"category","embeddable":true,"href":"https:\/\/www.neilmed.com\/ger\/wp-json\/wp\/v2\/categories?post=4884"},{"taxonomy":"post_tag","embeddable":true,"href":"https:\/\/www.neilmed.com\/ger\/wp-json\/wp\/v2\/tags?post=4884"}],"curies":[{"name":"wp","href":"https:\/\/api.w.org\/{rel}","templated":true}]}}