{"id":4886,"date":"2025-02-19T21:34:32","date_gmt":"2025-02-19T20:34:32","guid":{"rendered":"https:\/\/www.neilmed.com\/ger\/?page_id=4886"},"modified":"2025-02-19T21:34:32","modified_gmt":"2025-02-19T20:34:32","slug":"pediamist-nasenspray-fuer-babys","status":"publish","type":"page","link":"https:\/\/www.neilmed.com\/ger\/pediamist-nasenspray-fuer-babys\/","title":{"rendered":"PediaMist\u00ae Nasenspray f\u00fcr Babys"},"content":{"rendered":"\n<h1>\n\t\tNeilMed\u00ae PediaMist\u00ae Nasenspray &#8211; Die L\u00f6sung f\u00fcr verstopfte Nasen von Babys &#038; Kleinkindern\n\t<\/h1>\n\t\t\t\t<a href=\"https:\/\/www.neilmed.com\/ger\/wp-content\/uploads\/sites\/10\/2025\/02\/PediaMist.jpg\"  target=\"_self\" itemprop=\"url\">\n\t\t\t\t<img loading=\"lazy\" decoding=\"async\" src=\"https:\/\/www.neilmed.com\/ger\/wp-content\/uploads\/sites\/10\/2025\/02\/PediaMist.jpg\" alt=\"PediaMist\" itemprop=\"image\" height=\"800\" width=\"800\" title=\"PediaMist\" onerror=\"this.style.display='none'\"  \/>\n\t\t\t\t<\/a>\n\t<p>Das PediaMist\u00ae Nasenspray bietet eine sanfte, effektive L\u00f6sung f\u00fcr verstopfte Nasen bei Kleinkindern (ab dem 1. Lebensjahr). Durch den hohen Druck wird nicht nur die Nase, sondern auch die Nebenh\u00f6hlen befreit &#8211; und das ganz ohne chemische Zus\u00e4tze oder riskante Wirkstoffe. Es hilft bei Erk\u00e4ltungen, Allergien und trockener Luft, f\u00f6rdert die nat\u00fcrliche Nasenatmung und unterst\u00fctzt das Wohlbefinden der empfindlichen Nasenschleimh\u00e4ute.<\/p>\n<p>Finden Sie das PediaMist\u00ae Nasenspray in unserem <a href=\"https:\/\/shopeu.neilmed.com\/products\/pediamist\">Shop<\/a>.<\/p>\n<p>&nbsp;<\/p>\n<p><strong>Inhaltsstoffe:<\/strong><\/p>\nDas PediaMist\u00ae Nasenspray Spray enth\u00e4lt eine isotonische und ph-neutrale Salzl\u00f6sung durch die<br \/>\nKombination aus Natriumchlorid, Natriumbicarbonat und gereinigtem Wasser.\n\t<p><strong>Die Vorteile:<\/strong><\/p>\n<ul>\n<li>Befeuchtung und Bes\u00e4nftigung der Schleimhaut durch eine isotonische &amp; ph-neutrale Salzl\u00f6sung<\/li>\n<li>Befreiung der Nase und Nasennebenh\u00f6hlen durch einen sanften Druck<\/li>\n<li>Ganz ohne chemische Zus\u00e4tze, Konservierungsstoffe oder Medikamente &#8211; vollkommene nat\u00fcrliche Pflege f\u00fcr die Nase der Kleinen<\/li>\n<li>Verwendung bereits ab dem 1. Lebensjahr m\u00f6glich, bei j\u00fcngeren Kindern nur nach Absprache mit dem Arzt oder der \u00c4rztin<\/li>\n<\/ul>\n\t<p><strong>Empfehlungen bei:<\/strong><\/p>\n<ul>\n<li>Verstopfter Nase oder Nasenausfluss bei Babys durch Erk\u00e4ltungen oder Allergien<\/li>\n<li>gereizter Nasenschleimh\u00e4ute durch trockene Raumluft oder Heizungsluft<\/li>\n<li>Schleim und Reizstoffen in den Nasenwegen entfernen, um die Atmung des Babys zu erleichtern<\/li>\n<li>akuten oder chronischen Entz\u00fcndungen der oberen Atemwege des Babys<\/li>\n<li>Vorbeugende Anwendung bei verstopfter Nase durch Umwelteinfl\u00fcsse<\/li>\n<\/ul>\n\t<h2><strong>Die optimale Anwendung des PediaMist\u00ae Nasensprays:<\/strong><\/h2>\n<ol>\n<li>Vorbereitung: Stellen Sie sicher, dass die Flasche sauber und gebrauchsfertig ist.<\/li>\n<li>Kopfposition: Neigen Sie das Baby leicht nach vorne und zur Seite, um das Spray gezielt in die Nase zu leiten.<\/li>\n<li>Anwendung: F\u00fchren Sie den Spraykopf sanft in ein Nasenloch ein und dr\u00fccken Sie einmal leicht auf die Flasche.<\/li>\n<li>Nach der Anwendung: Lassen Sie das Baby den Kopf sanft nach unten neigen oder vorsichtig schn\u00e4uzen, um \u00fcbersch\u00fcssige Fl\u00fcssigkeit zu entfernen.<\/li>\n<\/ol>\n<p>Verwenden Sie das Spray 1-2 Mal t\u00e4glich oder nach Bedarf, bei l\u00e4nger anhaltenden Beschwerden des Babys konsultieren Sie einen Arzt.<\/p>\n\n","protected":false},"excerpt":{"rendered":"<p>NeilMed\u00ae PediaMist\u00ae Nasenspray &#8211; Die L\u00f6sung f\u00fcr verstopfte Nasen von Babys &#038; Kleinkindern Das PediaMist\u00ae Nasenspray bietet eine sanfte, effektive L\u00f6sung f\u00fcr verstopfte Nasen bei Kleinkindern (ab dem 1. Lebensjahr). Durch den hohen Druck wird nicht nur die Nase, sondern auch die Nebenh\u00f6hlen befreit &#8211; und das ganz ohne chemische Zus\u00e4tze oder riskante Wirkstoffe. Es&hellip;<\/p>\n","protected":false},"author":1,"featured_media":0,"parent":0,"menu_order":0,"comment_status":"closed","ping_status":"closed","template":"","meta":{"_acf_changed":false,"inline_featured_image":false,"footnotes":""},"categories":[],"tags":[],"class_list":["post-4886","page","type-page","status-publish","hentry"],"yoast_head":"<!-- This site is optimized with the Yoast SEO Premium plugin v27.4 (Yoast SEO v27.4) - https:\/\/yoast.com\/product\/yoast-seo-premium-wordpress\/ -->\n<title>PediaMist\u00ae Nasenspray f\u00fcr Babys - NeilMed Pharmaceuticals - Germany<\/title>\n<meta name=\"robots\" content=\"index, follow, max-snippet:-1, max-image-preview:large, max-video-preview:-1\" \/>\n<link rel=\"canonical\" href=\"https:\/\/www.neilmed.com\/ger\/pediamist-nasenspray-fuer-babys\/\" \/>\n<meta property=\"og:locale\" content=\"de_DE\" \/>\n<meta property=\"og:type\" content=\"article\" \/>\n<meta property=\"og:title\" content=\"PediaMist\u00ae Nasenspray f\u00fcr Babys\" \/>\n<meta property=\"og:description\" content=\"NeilMed\u00ae PediaMist\u00ae Nasenspray &#8211; Die L\u00f6sung f\u00fcr verstopfte Nasen von Babys &#038; Kleinkindern Das PediaMist\u00ae Nasenspray bietet eine sanfte, effektive L\u00f6sung f\u00fcr verstopfte Nasen bei Kleinkindern (ab dem 1. Lebensjahr). Durch den hohen Druck wird nicht nur die Nase, sondern auch die Nebenh\u00f6hlen befreit &#8211; und das ganz ohne chemische Zus\u00e4tze oder riskante Wirkstoffe. Es&hellip;\" \/>\n<meta property=\"og:url\" content=\"https:\/\/www.neilmed.com\/ger\/pediamist-nasenspray-fuer-babys\/\" \/>\n<meta property=\"og:site_name\" content=\"NeilMed Pharmaceuticals - Germany\" \/>\n<meta property=\"og:image\" content=\"https:\/\/www.neilmed.com\/ger\/wp-content\/uploads\/sites\/10\/2025\/02\/PediaMist.jpg\" \/>\n<meta name=\"twitter:card\" content=\"summary_large_image\" \/>\n<script type=\"application\/ld+json\" class=\"yoast-schema-graph\">{\"@context\":\"https:\\\/\\\/schema.org\",\"@graph\":[{\"@type\":\"WebPage\",\"@id\":\"https:\\\/\\\/www.neilmed.com\\\/ger\\\/pediamist-nasenspray-fuer-babys\\\/\",\"url\":\"https:\\\/\\\/www.neilmed.com\\\/ger\\\/pediamist-nasenspray-fuer-babys\\\/\",\"name\":\"PediaMist\u00ae Nasenspray f\u00fcr Babys - NeilMed Pharmaceuticals - Germany\",\"isPartOf\":{\"@id\":\"https:\\\/\\\/www.neilmed.com\\\/ger\\\/#website\"},\"primaryImageOfPage\":{\"@id\":\"https:\\\/\\\/www.neilmed.com\\\/ger\\\/pediamist-nasenspray-fuer-babys\\\/#primaryimage\"},\"image\":{\"@id\":\"https:\\\/\\\/www.neilmed.com\\\/ger\\\/pediamist-nasenspray-fuer-babys\\\/#primaryimage\"},\"thumbnailUrl\":\"https:\\\/\\\/www.neilmed.com\\\/ger\\\/wp-content\\\/uploads\\\/sites\\\/10\\\/2025\\\/02\\\/PediaMist.jpg\",\"datePublished\":\"2025-02-19T20:34:32+00:00\",\"breadcrumb\":{\"@id\":\"https:\\\/\\\/www.neilmed.com\\\/ger\\\/pediamist-nasenspray-fuer-babys\\\/#breadcrumb\"},\"inLanguage\":\"de\",\"potentialAction\":[{\"@type\":\"ReadAction\",\"target\":[\"https:\\\/\\\/www.neilmed.com\\\/ger\\\/pediamist-nasenspray-fuer-babys\\\/\"]}]},{\"@type\":\"ImageObject\",\"inLanguage\":\"de\",\"@id\":\"https:\\\/\\\/www.neilmed.com\\\/ger\\\/pediamist-nasenspray-fuer-babys\\\/#primaryimage\",\"url\":\"https:\\\/\\\/www.neilmed.com\\\/ger\\\/wp-content\\\/uploads\\\/sites\\\/10\\\/2025\\\/02\\\/PediaMist.jpg\",\"contentUrl\":\"https:\\\/\\\/www.neilmed.com\\\/ger\\\/wp-content\\\/uploads\\\/sites\\\/10\\\/2025\\\/02\\\/PediaMist.jpg\"},{\"@type\":\"BreadcrumbList\",\"@id\":\"https:\\\/\\\/www.neilmed.com\\\/ger\\\/pediamist-nasenspray-fuer-babys\\\/#breadcrumb\",\"itemListElement\":[{\"@type\":\"ListItem\",\"position\":1,\"name\":\"Home\",\"item\":\"https:\\\/\\\/www.neilmed.com\\\/ger\\\/\"},{\"@type\":\"ListItem\",\"position\":2,\"name\":\"PediaMist\u00ae Nasenspray f\u00fcr Babys\"}]},{\"@type\":\"WebSite\",\"@id\":\"https:\\\/\\\/www.neilmed.com\\\/ger\\\/#website\",\"url\":\"https:\\\/\\\/www.neilmed.com\\\/ger\\\/\",\"name\":\"NeilMed Pharmaceuticals - Germany\",\"description\":\"NeilMed Pharmaceuticals: world leader in nasal saline irrigation system | Sinus Rinse | Neti Pot | Nasal Irrigation\",\"potentialAction\":[{\"@type\":\"SearchAction\",\"target\":{\"@type\":\"EntryPoint\",\"urlTemplate\":\"https:\\\/\\\/www.neilmed.com\\\/ger\\\/?s={search_term_string}\"},\"query-input\":{\"@type\":\"PropertyValueSpecification\",\"valueRequired\":true,\"valueName\":\"search_term_string\"}}],\"inLanguage\":\"de\"}]}<\/script>\n<!-- \/ Yoast SEO Premium plugin. -->","yoast_head_json":{"title":"PediaMist\u00ae Nasenspray f\u00fcr Babys - NeilMed Pharmaceuticals - Germany","robots":{"index":"index","follow":"follow","max-snippet":"max-snippet:-1","max-image-preview":"max-image-preview:large","max-video-preview":"max-video-preview:-1"},"canonical":"https:\/\/www.neilmed.com\/ger\/pediamist-nasenspray-fuer-babys\/","og_locale":"de_DE","og_type":"article","og_title":"PediaMist\u00ae Nasenspray f\u00fcr Babys","og_description":"NeilMed\u00ae PediaMist\u00ae Nasenspray &#8211; Die L\u00f6sung f\u00fcr verstopfte Nasen von Babys &#038; Kleinkindern Das PediaMist\u00ae Nasenspray bietet eine sanfte, effektive L\u00f6sung f\u00fcr verstopfte Nasen bei Kleinkindern (ab dem 1. Lebensjahr). Durch den hohen Druck wird nicht nur die Nase, sondern auch die Nebenh\u00f6hlen befreit &#8211; und das ganz ohne chemische Zus\u00e4tze oder riskante Wirkstoffe. Es&hellip;","og_url":"https:\/\/www.neilmed.com\/ger\/pediamist-nasenspray-fuer-babys\/","og_site_name":"NeilMed Pharmaceuticals - Germany","og_image":[{"url":"https:\/\/www.neilmed.com\/ger\/wp-content\/uploads\/sites\/10\/2025\/02\/PediaMist.jpg","type":"","width":"","height":""}],"twitter_card":"summary_large_image","schema":{"@context":"https:\/\/schema.org","@graph":[{"@type":"WebPage","@id":"https:\/\/www.neilmed.com\/ger\/pediamist-nasenspray-fuer-babys\/","url":"https:\/\/www.neilmed.com\/ger\/pediamist-nasenspray-fuer-babys\/","name":"PediaMist\u00ae Nasenspray f\u00fcr Babys - NeilMed Pharmaceuticals - Germany","isPartOf":{"@id":"https:\/\/www.neilmed.com\/ger\/#website"},"primaryImageOfPage":{"@id":"https:\/\/www.neilmed.com\/ger\/pediamist-nasenspray-fuer-babys\/#primaryimage"},"image":{"@id":"https:\/\/www.neilmed.com\/ger\/pediamist-nasenspray-fuer-babys\/#primaryimage"},"thumbnailUrl":"https:\/\/www.neilmed.com\/ger\/wp-content\/uploads\/sites\/10\/2025\/02\/PediaMist.jpg","datePublished":"2025-02-19T20:34:32+00:00","breadcrumb":{"@id":"https:\/\/www.neilmed.com\/ger\/pediamist-nasenspray-fuer-babys\/#breadcrumb"},"inLanguage":"de","potentialAction":[{"@type":"ReadAction","target":["https:\/\/www.neilmed.com\/ger\/pediamist-nasenspray-fuer-babys\/"]}]},{"@type":"ImageObject","inLanguage":"de","@id":"https:\/\/www.neilmed.com\/ger\/pediamist-nasenspray-fuer-babys\/#primaryimage","url":"https:\/\/www.neilmed.com\/ger\/wp-content\/uploads\/sites\/10\/2025\/02\/PediaMist.jpg","contentUrl":"https:\/\/www.neilmed.com\/ger\/wp-content\/uploads\/sites\/10\/2025\/02\/PediaMist.jpg"},{"@type":"BreadcrumbList","@id":"https:\/\/www.neilmed.com\/ger\/pediamist-nasenspray-fuer-babys\/#breadcrumb","itemListElement":[{"@type":"ListItem","position":1,"name":"Home","item":"https:\/\/www.neilmed.com\/ger\/"},{"@type":"ListItem","position":2,"name":"PediaMist\u00ae Nasenspray f\u00fcr Babys"}]},{"@type":"WebSite","@id":"https:\/\/www.neilmed.com\/ger\/#website","url":"https:\/\/www.neilmed.com\/ger\/","name":"NeilMed Pharmaceuticals - Germany","description":"NeilMed Pharmaceuticals: world leader in nasal saline irrigation system | Sinus Rinse | Neti Pot | Nasal Irrigation","potentialAction":[{"@type":"SearchAction","target":{"@type":"EntryPoint","urlTemplate":"https:\/\/www.neilmed.com\/ger\/?s={search_term_string}"},"query-input":{"@type":"PropertyValueSpecification","valueRequired":true,"valueName":"search_term_string"}}],"inLanguage":"de"}]}},"acf":[],"_links":{"self":[{"href":"https:\/\/www.neilmed.com\/ger\/wp-json\/wp\/v2\/pages\/4886","targetHints":{"allow":["GET"]}}],"collection":[{"href":"https:\/\/www.neilmed.com\/ger\/wp-json\/wp\/v2\/pages"}],"about":[{"href":"https:\/\/www.neilmed.com\/ger\/wp-json\/wp\/v2\/types\/page"}],"author":[{"embeddable":true,"href":"https:\/\/www.neilmed.com\/ger\/wp-json\/wp\/v2\/users\/1"}],"replies":[{"embeddable":true,"href":"https:\/\/www.neilmed.com\/ger\/wp-json\/wp\/v2\/comments?post=4886"}],"version-history":[{"count":2,"href":"https:\/\/www.neilmed.com\/ger\/wp-json\/wp\/v2\/pages\/4886\/revisions"}],"predecessor-version":[{"id":4931,"href":"https:\/\/www.neilmed.com\/ger\/wp-json\/wp\/v2\/pages\/4886\/revisions\/4931"}],"wp:attachment":[{"href":"https:\/\/www.neilmed.com\/ger\/wp-json\/wp\/v2\/media?parent=4886"}],"wp:term":[{"taxonomy":"category","embeddable":true,"href":"https:\/\/www.neilmed.com\/ger\/wp-json\/wp\/v2\/categories?post=4886"},{"taxonomy":"post_tag","embeddable":true,"href":"https:\/\/www.neilmed.com\/ger\/wp-json\/wp\/v2\/tags?post=4886"}],"curies":[{"name":"wp","href":"https:\/\/api.w.org\/{rel}","templated":true}]}}