{"id":7,"date":"2022-02-17T09:06:02","date_gmt":"2022-02-17T17:06:02","guid":{"rendered":"https:\/\/dev.neilmed.com\/ger\/?page_id=7"},"modified":"2026-02-11T19:02:27","modified_gmt":"2026-02-11T18:02:27","slug":"home","status":"publish","type":"page","link":"https:\/\/www.neilmed.com\/ger\/","title":{"rendered":"Home"},"content":{"rendered":"\n\n\t    <video autoplay muted loop>\n      <source src=\"https:\/\/www.neilmed.com\/ger\/wp-content\/uploads\/sites\/10\/2025\/03\/Render-1920x1080-v6.mp4\"\/>\n      Your browser does not support HTML5 video.\n    <\/video>\n\t<h1>GET THAT CLEAN NOSE FEELING<sup>\u00ae<\/sup><\/h1>\n\t<h2>SICHER \u2022 EINFACH \u2022 WIRKSAM \u2022 PREISWERT<\/h2>\n\t<p><strong>NeilMed<\/strong><sup>\u00ae<\/sup> ist ein f\u00fchrender Hersteller von OTC-Medizinprodukten zur Nasen- und Nasennebenh\u00f6hlenpflege und ist ein weltweit f\u00fchrender Anbieter von Nasensp\u00fclungen mit der Produktreihe Sinus Rinse\u2122. Das Ziel ist es, sichere, effektive und erschwingliche L\u00f6sungen zu entwickeln, um Patienten weltweit zu unterst\u00fctzen. Die Sinus Rinse\u2122-Produkte nutzen eine innovative Low-Pressure\u2122-Methode mit gro\u00dfem Sp\u00fclvolumen, um Allergene, Schleim und Reizstoffe sanft und vollst\u00e4ndig auszusp\u00fclen. Wissenschaftliche Studien best\u00e4tigen Sicherheit und Wirksamkeit zur Linderung von Rhinitis und Sinusitis f\u00fcr Erwachsene, Kinder und schwangere Personen.<\/p>\n\t\t\t\t<a href=\"https:\/\/shopeu.neilmed.com\/collections\/nasal-care\"  target=\"_blank\" rel=\"noopener\"  itemprop=\"url\">\n\t\t\t\t<img decoding=\"async\" src=\"https:\/\/www.neilmed.com\/ger\/wp-content\/uploads\/sites\/10\/2024\/08\/1.png\" alt=\"1\" itemprop=\"image\" height=\"350\" width=\"350\" title=\"1\" onerror=\"this.style.display='none'\" loading=\"lazy\" \/>\n\t\t\t\t<\/a>\n<h4>\n\t\t\tNasen- und Atemwegspflege\t<\/h4>\n\t<p>Erfahren Sie mehr \u00fcber innovative L\u00f6sungen zur Pflege und Behandlung der Nase und Nasennebenh\u00f6hlen.<\/p>\n\t\t\t\t<a href=\"https:\/\/shopeu.neilmed.com\/collections\/babies-kids\"  target=\"_blank\" rel=\"noopener\"  itemprop=\"url\">\n\t\t\t\t<img decoding=\"async\" src=\"https:\/\/www.neilmed.com\/ger\/wp-content\/uploads\/sites\/10\/2025\/02\/Baby_Pediamist2.png\" alt=\"Baby_Pediamist2\" itemprop=\"image\" height=\"350\" width=\"350\" title=\"Baby_Pediamist2\" onerror=\"this.style.display='none'\" loading=\"lazy\" \/>\n\t\t\t\t<\/a>\n<h4>\n\t\t\tBabys &#038; Kinder\t<\/h4>\n\t<p>Entdecken Sie unsere sanften Produkte speziell f\u00fcr die Pflege der empfindlichen Nasen von Babys und Kindern.<\/p>\n\t\t\t\t<a href=\"https:\/\/shopeu.neilmed.com\/collections\/first-aid\"  target=\"_blank\" rel=\"noopener\"  itemprop=\"url\">\n\t\t\t\t<img decoding=\"async\" src=\"https:\/\/www.neilmed.com\/ger\/wp-content\/uploads\/sites\/10\/2024\/08\/3.png\" alt=\"3\" itemprop=\"image\" height=\"350\" width=\"350\" title=\"3\" onerror=\"this.style.display='none'\" loading=\"lazy\" \/>\n\t\t\t\t<\/a>\n<h4>\n\t\t\tWundpflege\t<\/h4>\n\t<p>Erhalten Sie Einblicke \u00fcber unsere naturbasierten Wundpflegemittel.<\/p>\n\t<p>NeilMed\u00ae &#8211; Weltweit marktf\u00fchrend f\u00fcr nat\u00fcrliche Produkte in der Nasenpflege<\/p>\n<p>Nase \u2022 Nasennebenh\u00f6hlen \u2022 Allergien \u2022 Erk\u00e4ltungen \u2022 Heuschnupfen<\/p>\n\t\t\t\t<img decoding=\"async\" src=\"https:\/\/www.neilmed.com\/ger\/wp-content\/uploads\/sites\/10\/2024\/10\/PSD-Slides-2000-x-650-GER_cropped.jpg\" alt=\"PSD-Slides-2000-x-650-GER_cropped\" itemprop=\"image\" height=\"360\" width=\"2000\" title=\"PSD-Slides-2000-x-650-GER_cropped\" onerror=\"this.style.display='none'\" loading=\"lazy\" \/>\n\t\n<p>\u2605\u2605\u2605\u2605\u2605<\/p>\n<p>\u201e<em>Die NeilMed Nasendusche hat meinen Alltag bereichert. Seit ich sie t\u00e4glich benutze, atme ich viel freier und f\u00fchle mich rundum wohler. Sie ist kinderleicht in der Anwendung und die Wirkung ist einfach grandios. Kein Wunder, dass ich sie nicht mehr missen m\u00f6chte &#8211; ein echtes Must-have f\u00fcr alle, die ihre Nasenpflege ernst nehmen. Gerade jetzt in der kalten Jahreszeit ein treuer Begleiter. Absolute Kaufempfehlung!&#8220;<\/em><\/p>\n\t\n<p>\u2605\u2605\u2605\u2605\u2605<\/p>\n<p>\u201e<em>Tolles Produkt, Kind kann es easy verwenden.&#8220;<\/em><\/p>\n\t\n<p>\u2605\u2605\u2605\u2605\u2605<\/p>\n<p>\u201e<em>F\u00fcr wenig Geld, ein Super Produkt. Bin geistert. W\u00fcrde 5\/5 Sternen vergeben. Falls ich es nochmal brauche, dann w\u00fcrde ich es aufjedenfall nochmal kaufen. Absolute Kaufempfehlung.&#8220;<\/em><\/p>\n<h2>\n\t\t\tHighlights und Neuigkeiten\t<\/h2>\n\t\t\t\t<img decoding=\"async\" src=\"https:\/\/www.neilmed.com\/ger\/wp-content\/uploads\/sites\/10\/2024\/10\/highlights1.jpg\" alt=\"highlights1\" itemprop=\"image\" height=\"400\" width=\"566\" title=\"highlights1\" onerror=\"this.style.display='none'\" loading=\"lazy\" \/>\n\t<p>20% Rabatt f\u00fcr Neukunden in unserem Webshop mit dem Code SINUS20.<\/p>\n\t\t\t<a href=\"https:\/\/shopeu.neilmed.com\" target=\"_blank\" rel=\"noopener\">\n\t\t\t\t\t\t\tHier klicken\n\t\t\t\t\t<\/a>\n\t\t\t\t<img decoding=\"async\" src=\"https:\/\/www.neilmed.com\/ger\/wp-content\/uploads\/sites\/10\/2024\/10\/ihreapotheken.jpg\" alt=\"ihreapotheken\" itemprop=\"image\" height=\"400\" width=\"400\" title=\"ihreapotheken\" onerror=\"this.style.display='none'\" loading=\"lazy\" \/>\n\t<p>Finden Sie unsere rezeptfreien und nat\u00fcrlichen Produkte in Ihrer Apotheke in der N\u00e4he.<\/p>\n\t\t\t<a href=\"#\" target=\"_self\">\n\t\t\t\t\t\t\tHier klicken\n\t\t\t\t\t<\/a>\n\t\t\t\t<img decoding=\"async\" src=\"https:\/\/www.neilmed.com\/ger\/wp-content\/uploads\/sites\/10\/2024\/10\/highlights3-Photoroom-Photoroom.jpg\" alt=\"highlights3-Photoroom-Photoroom\" itemprop=\"image\" height=\"400\" width=\"500\" title=\"highlights3-Photoroom-Photoroom\" onerror=\"this.style.display='none'\" loading=\"lazy\" \/>\n\t<p>Erkunden Sie die effektiven und simplen L\u00f6sungen f\u00fcr Beschwerden bei Allergien sowie Erk\u00e4ltungen von NeilMed\u00ae bei unseren zuverl\u00e4ssigen Online-Partnern.<\/p>\n\t\t\t<a href=\"https:\/\/www.neilmed.com\/ger\/in-der-online-apotheke\/\" target=\"_self\">\n\t\t\t\t\t\t\tHier klicken\n\t\t\t\t\t<\/a>\n\t\t\t\t<img decoding=\"async\" src=\"https:\/\/www.neilmed.com\/ger\/wp-content\/uploads\/sites\/10\/2024\/10\/Carrusel_Post_02.jpg\" alt=\"Carrusel_Post_02\" itemprop=\"image\" height=\"400\" width=\"400\" title=\"Carrusel_Post_02\" onerror=\"this.style.display='none'\" loading=\"lazy\" \/>\n\t<p>Anwendungsempfehlungen &amp; Tipps von \u00c4rztinnen und \u00c4rzten. Finden Sie Ratschl\u00e4ge , um die sanfte Nase von Kindern zu sch\u00fctzen.<\/p>\n\t\t\t<a href=\"https:\/\/www.neilmed.com\/ger\/aerztliche-empfehlungen-fuer-ihre-gesundheit\/\" target=\"_self\">\n\t\t\t\t\t\t\tHier klicken\n\t\t\t\t\t<\/a>\n\t\t\t\t<img decoding=\"async\" src=\"https:\/\/www.neilmed.com\/ger\/wp-content\/uploads\/sites\/10\/2024\/10\/neilmed-stronger-better-1.jpg\" alt=\"neilmed stronger better\" itemprop=\"image\" height=\"400\" width=\"398\" title=\"neilmed stronger better\" onerror=\"this.style.display='none'\" loading=\"lazy\" \/>\n\t<p>Folgen Sie uns auf Instagram und sichern Sie sich exklusive Angebote und Aktionen! Erhalten Sie regelm\u00e4\u00dfig exklusive Promo-Codes f\u00fcr unseren Online-Shop.<\/p>\n\t\t\t<a href=\"https:\/\/www.instagram.com\/neilmed_nasendusche\/\" target=\"_blank\" rel=\"noopener\">\n\t\t\t\t\t\t\tHier klicken\n\t\t\t\t\t<\/a>\n\t\t\t\t<img decoding=\"async\" src=\"https:\/\/www.neilmed.com\/ger\/wp-content\/uploads\/sites\/10\/2024\/10\/sinus_inflammation.jpg\" alt=\"Sinus Inflamation\" itemprop=\"image\" height=\"646\" width=\"800\" title=\"sinus_inflammation\" onerror=\"this.style.display='none'\" loading=\"lazy\" \/>\n\t<p>Live-Webinare f\u00fcr \u00c4rztinnen und \u00c4rzte: <strong>Zwei Fortbildungspunkte (AEKNO)<\/strong>. Unter der wissenschaftlichen Leitung von Prof. Dr. Rainer Weber bieten wir Live-Webinare zu den neuesten Behandlungsmethoden bei CRS, allergischer Rhinitis und weiteren nasalen Erkrankungen an.<\/p>\n<p>Die Teilnahme ist kostenlos. <a href=\"https:\/\/www.neilmed.com\/ger\/unsere-webinare\/\">Hier<\/a> anmelden und mehr erfahren!<\/p>\n\t\t\t<a href=\"https:\/\/www.neilmed.com\/ger\/unsere-webinare\/\" target=\"_self\">\n\t\t\t\t\t\t\tHier klicken\n\t\t\t\t\t<\/a>\n\t\t<h3>Erlebe das Gef\u00fchl einer freien Nase<\/h3>\n\t\t\t<a href=\"https:\/\/www.neilmed.com\/ger\/unsere-marktplaetze\/\" target=\"_self\">\n\t\t\t\t\t\t\tJETZT BESTELLEN\n\t\t\t<\/a>\n\t\t\t\t<img decoding=\"async\" src=\"https:\/\/www.neilmed.com\/ger\/wp-content\/uploads\/sites\/10\/2022\/04\/mail-icon-newsletter.svg\" alt=\"mail-icon-newsletter\" itemprop=\"image\" height=\"0\" width=\"0\" title=\"mail-icon-newsletter\" onerror=\"this.style.display='none'\" loading=\"lazy\" \/>\n\tJoin Our Newsletter\n\t<p>Tragen Sie sich in unsere Mailingliste ein, um auf dem neuesten Stand zu bleiben und aktuelle Informationen zu Sonderangeboten, Werbeaktionen, medizinischen Literaturen und Ver\u00f6ffentlichungen zu erhalten.<\/p>\n\t<form method=\"post\" action=\"\/usa\/newsletter-sign-up\/\" id=\"ContactFooter\">\n          <input type=\"email\" autocomplete=\"email\" placeholder=\"Your email\"\/>\n      <button type=\"submit\" name=\"commit\" id=\"Subscribe\">\n        Subscribe\n        Go\n      <\/button><\/form>\n\n","protected":false},"excerpt":{"rendered":"<p>Your browser does not support HTML5 video. GET THAT CLEAN NOSE FEELING\u00ae SICHER \u2022 EINFACH \u2022 WIRKSAM \u2022 PREISWERT NeilMed\u00ae ist ein f\u00fchrender Hersteller von OTC-Medizinprodukten zur Nasen- und Nasennebenh\u00f6hlenpflege und ist ein weltweit f\u00fchrender Anbieter von Nasensp\u00fclungen mit der Produktreihe Sinus Rinse\u2122. Das Ziel ist es, sichere, effektive und erschwingliche L\u00f6sungen zu entwickeln, um&hellip;<\/p>\n","protected":false},"author":1,"featured_media":0,"parent":0,"menu_order":0,"comment_status":"closed","ping_status":"closed","template":"","meta":{"_acf_changed":false,"inline_featured_image":false,"footnotes":""},"categories":[],"tags":[],"class_list":["post-7","page","type-page","status-publish","hentry"],"yoast_head":"<!-- This site is optimized with the Yoast SEO Premium plugin v27.2 (Yoast SEO v27.3) - https:\/\/yoast.com\/product\/yoast-seo-premium-wordpress\/ -->\n<title>NeilMed&reg; Pharmaceuticals - Get That Clean Nose Feeling Today!<\/title>\n<meta name=\"description\" content=\"At NeilMed&reg; Pharmaceuticals, our goal is to create safe, effective, simple and affordable products for nasal and sinus care.\" \/>\n<meta name=\"robots\" content=\"index, follow, max-snippet:-1, max-image-preview:large, max-video-preview:-1\" \/>\n<link rel=\"canonical\" href=\"https:\/\/www.neilmed.com\/ger\/\" \/>\n<meta property=\"og:locale\" content=\"de_DE\" \/>\n<meta property=\"og:type\" content=\"article\" \/>\n<meta property=\"og:title\" content=\"Home\" \/>\n<meta property=\"og:description\" content=\"At NeilMed&reg; Pharmaceuticals, our goal is to create safe, effective, simple and affordable products for nasal and sinus care.\" \/>\n<meta property=\"og:url\" content=\"https:\/\/www.neilmed.com\/ger\/\" \/>\n<meta property=\"og:site_name\" content=\"NeilMed Pharmaceuticals - Germany\" \/>\n<meta property=\"article:modified_time\" content=\"2026-02-11T18:02:27+00:00\" \/>\n<meta property=\"og:image\" content=\"https:\/\/www.neilmed.com\/ger\/wp-content\/uploads\/sites\/10\/2024\/08\/1.png\" \/>\n<meta name=\"twitter:card\" content=\"summary_large_image\" \/>\n<meta name=\"twitter:label1\" content=\"Gesch\u00e4tzte Lesezeit\" \/>\n\t<meta name=\"twitter:data1\" content=\"3\u00a0Minuten\" \/>\n<script type=\"application\/ld+json\" class=\"yoast-schema-graph\">{\"@context\":\"https:\\\/\\\/schema.org\",\"@graph\":[{\"@type\":\"WebPage\",\"@id\":\"https:\\\/\\\/www.neilmed.com\\\/ger\\\/\",\"url\":\"https:\\\/\\\/www.neilmed.com\\\/ger\\\/\",\"name\":\"NeilMed&reg; Pharmaceuticals - Get That Clean Nose Feeling Today!\",\"isPartOf\":{\"@id\":\"https:\\\/\\\/www.neilmed.com\\\/ger\\\/#website\"},\"primaryImageOfPage\":{\"@id\":\"https:\\\/\\\/www.neilmed.com\\\/ger\\\/#primaryimage\"},\"image\":{\"@id\":\"https:\\\/\\\/www.neilmed.com\\\/ger\\\/#primaryimage\"},\"thumbnailUrl\":\"https:\\\/\\\/www.neilmed.com\\\/ger\\\/wp-content\\\/uploads\\\/sites\\\/10\\\/2024\\\/08\\\/1.png\",\"datePublished\":\"2022-02-17T17:06:02+00:00\",\"dateModified\":\"2026-02-11T18:02:27+00:00\",\"description\":\"At NeilMed&reg; Pharmaceuticals, our goal is to create safe, effective, simple and affordable products for nasal and sinus care.\",\"breadcrumb\":{\"@id\":\"https:\\\/\\\/www.neilmed.com\\\/ger\\\/#breadcrumb\"},\"inLanguage\":\"de\",\"potentialAction\":[{\"@type\":\"ReadAction\",\"target\":[\"https:\\\/\\\/www.neilmed.com\\\/ger\\\/\"]}]},{\"@type\":\"ImageObject\",\"inLanguage\":\"de\",\"@id\":\"https:\\\/\\\/www.neilmed.com\\\/ger\\\/#primaryimage\",\"url\":\"https:\\\/\\\/www.neilmed.com\\\/ger\\\/wp-content\\\/uploads\\\/sites\\\/10\\\/2024\\\/08\\\/1.png\",\"contentUrl\":\"https:\\\/\\\/www.neilmed.com\\\/ger\\\/wp-content\\\/uploads\\\/sites\\\/10\\\/2024\\\/08\\\/1.png\",\"width\":350,\"height\":350},{\"@type\":\"BreadcrumbList\",\"@id\":\"https:\\\/\\\/www.neilmed.com\\\/ger\\\/#breadcrumb\",\"itemListElement\":[{\"@type\":\"ListItem\",\"position\":1,\"name\":\"Home\",\"item\":\"https:\\\/\\\/www.neilmed.com\\\/ger\\\/\"},{\"@type\":\"ListItem\",\"position\":2,\"name\":\"Home\"}]},{\"@type\":\"WebSite\",\"@id\":\"https:\\\/\\\/www.neilmed.com\\\/ger\\\/#website\",\"url\":\"https:\\\/\\\/www.neilmed.com\\\/ger\\\/\",\"name\":\"NeilMed Pharmaceuticals - Germany\",\"description\":\"NeilMed Pharmaceuticals: world leader in nasal saline irrigation system | Sinus Rinse | Neti Pot | Nasal Irrigation\",\"potentialAction\":[{\"@type\":\"SearchAction\",\"target\":{\"@type\":\"EntryPoint\",\"urlTemplate\":\"https:\\\/\\\/www.neilmed.com\\\/ger\\\/?s={search_term_string}\"},\"query-input\":{\"@type\":\"PropertyValueSpecification\",\"valueRequired\":true,\"valueName\":\"search_term_string\"}}],\"inLanguage\":\"de\"}]}<\/script>\n<!-- \/ Yoast SEO Premium plugin. -->","yoast_head_json":{"title":"NeilMed&reg; Pharmaceuticals - Get That Clean Nose Feeling Today!","description":"At NeilMed&reg; Pharmaceuticals, our goal is to create safe, effective, simple and affordable products for nasal and sinus care.","robots":{"index":"index","follow":"follow","max-snippet":"max-snippet:-1","max-image-preview":"max-image-preview:large","max-video-preview":"max-video-preview:-1"},"canonical":"https:\/\/www.neilmed.com\/ger\/","og_locale":"de_DE","og_type":"article","og_title":"Home","og_description":"At NeilMed&reg; Pharmaceuticals, our goal is to create safe, effective, simple and affordable products for nasal and sinus care.","og_url":"https:\/\/www.neilmed.com\/ger\/","og_site_name":"NeilMed Pharmaceuticals - Germany","article_modified_time":"2026-02-11T18:02:27+00:00","og_image":[{"url":"https:\/\/www.neilmed.com\/ger\/wp-content\/uploads\/sites\/10\/2024\/08\/1.png","type":"","width":"","height":""}],"twitter_card":"summary_large_image","twitter_misc":{"Gesch\u00e4tzte Lesezeit":"3\u00a0Minuten"},"schema":{"@context":"https:\/\/schema.org","@graph":[{"@type":"WebPage","@id":"https:\/\/www.neilmed.com\/ger\/","url":"https:\/\/www.neilmed.com\/ger\/","name":"NeilMed&reg; Pharmaceuticals - Get That Clean Nose Feeling Today!","isPartOf":{"@id":"https:\/\/www.neilmed.com\/ger\/#website"},"primaryImageOfPage":{"@id":"https:\/\/www.neilmed.com\/ger\/#primaryimage"},"image":{"@id":"https:\/\/www.neilmed.com\/ger\/#primaryimage"},"thumbnailUrl":"https:\/\/www.neilmed.com\/ger\/wp-content\/uploads\/sites\/10\/2024\/08\/1.png","datePublished":"2022-02-17T17:06:02+00:00","dateModified":"2026-02-11T18:02:27+00:00","description":"At NeilMed&reg; Pharmaceuticals, our goal is to create safe, effective, simple and affordable products for nasal and sinus care.","breadcrumb":{"@id":"https:\/\/www.neilmed.com\/ger\/#breadcrumb"},"inLanguage":"de","potentialAction":[{"@type":"ReadAction","target":["https:\/\/www.neilmed.com\/ger\/"]}]},{"@type":"ImageObject","inLanguage":"de","@id":"https:\/\/www.neilmed.com\/ger\/#primaryimage","url":"https:\/\/www.neilmed.com\/ger\/wp-content\/uploads\/sites\/10\/2024\/08\/1.png","contentUrl":"https:\/\/www.neilmed.com\/ger\/wp-content\/uploads\/sites\/10\/2024\/08\/1.png","width":350,"height":350},{"@type":"BreadcrumbList","@id":"https:\/\/www.neilmed.com\/ger\/#breadcrumb","itemListElement":[{"@type":"ListItem","position":1,"name":"Home","item":"https:\/\/www.neilmed.com\/ger\/"},{"@type":"ListItem","position":2,"name":"Home"}]},{"@type":"WebSite","@id":"https:\/\/www.neilmed.com\/ger\/#website","url":"https:\/\/www.neilmed.com\/ger\/","name":"NeilMed Pharmaceuticals - Germany","description":"NeilMed Pharmaceuticals: world leader in nasal saline irrigation system | Sinus Rinse | Neti Pot | Nasal Irrigation","potentialAction":[{"@type":"SearchAction","target":{"@type":"EntryPoint","urlTemplate":"https:\/\/www.neilmed.com\/ger\/?s={search_term_string}"},"query-input":{"@type":"PropertyValueSpecification","valueRequired":true,"valueName":"search_term_string"}}],"inLanguage":"de"}]}},"acf":[],"_links":{"self":[{"href":"https:\/\/www.neilmed.com\/ger\/wp-json\/wp\/v2\/pages\/7","targetHints":{"allow":["GET"]}}],"collection":[{"href":"https:\/\/www.neilmed.com\/ger\/wp-json\/wp\/v2\/pages"}],"about":[{"href":"https:\/\/www.neilmed.com\/ger\/wp-json\/wp\/v2\/types\/page"}],"author":[{"embeddable":true,"href":"https:\/\/www.neilmed.com\/ger\/wp-json\/wp\/v2\/users\/1"}],"replies":[{"embeddable":true,"href":"https:\/\/www.neilmed.com\/ger\/wp-json\/wp\/v2\/comments?post=7"}],"version-history":[{"count":45,"href":"https:\/\/www.neilmed.com\/ger\/wp-json\/wp\/v2\/pages\/7\/revisions"}],"predecessor-version":[{"id":5175,"href":"https:\/\/www.neilmed.com\/ger\/wp-json\/wp\/v2\/pages\/7\/revisions\/5175"}],"wp:attachment":[{"href":"https:\/\/www.neilmed.com\/ger\/wp-json\/wp\/v2\/media?parent=7"}],"wp:term":[{"taxonomy":"category","embeddable":true,"href":"https:\/\/www.neilmed.com\/ger\/wp-json\/wp\/v2\/categories?post=7"},{"taxonomy":"post_tag","embeddable":true,"href":"https:\/\/www.neilmed.com\/ger\/wp-json\/wp\/v2\/tags?post=7"}],"curies":[{"name":"wp","href":"https:\/\/api.w.org\/{rel}","templated":true}]}}