{"id":190,"date":"2022-02-17T14:45:43","date_gmt":"2022-02-17T22:45:43","guid":{"rendered":"https:\/\/dev.neilmed.com\/gt\/?page_id=190"},"modified":"2022-02-17T14:45:43","modified_gmt":"2022-02-17T22:45:43","slug":"contactenos","status":"publish","type":"page","link":"https:\/\/www.neilmed.com\/gt\/contactenos\/","title":{"rendered":"Cont\u00e1ctenos"},"content":{"rendered":"\n\n\t<span><span><a href=\"https:\/\/www.neilmed.com\/gt\/\">Home<\/a><\/span><\/span>\n\t<p><a href=\"#contact-us\">Contact Us Below:<\/a><\/p>\n\t\n<h2>\n\t\tLOCAL OFFICE\n\t<\/h2>\n\t\t\t\t\n\t\t\tNeilMed Latam Costa Rica SRL<br \/>\nBarrio Escalante, setenta y cinco metros sur de la Rotonda del Farolito.<br \/>\nSan Jos\u00e9, Costa Rica.\n\t\t\t\t\n\t\t\t<p><a href=\"mailto:questions@neilmed.com\">questions@neilmed.com<\/a><\/p>\n\t\t\t\t\n\t\t\t<p>+50687065216<\/p>\n<h2>\n\t\tSTAY CONNECTED\n\t<\/h2>\n\t<p><strong>NeilMed<sup>&reg;<\/sup><\/strong> est\u00e1 comprometido a proporcionarle el m\u00e1s alto nivel de apoyo. Hacemos que sea f\u00e1cil para usted obtener respuestas a cualquier consulta que tenga sobre irrigaci\u00f3n nasal, salud nasal y de los productos NeilMed. Ofrecemos varias opciones para que obtenga ayuda o nos deje sus comentarios. Seleccione de las opciones m\u00e1s abajo la que m\u00e1s le acomode para comunicarse con nosotros.<\/p>\n<strong>1. FAQ<\/strong><br \/>\nVisite nuestra p\u00e1gina de preguntas frecuentes para obtener respuestas a las preguntas que se nos formulan con mayor frecuencia. <a href=\"https:\/\/www.neilmed.com\/gt\/faqs\/\">Haga clic aqu\u00ed<\/a>.<br \/>\n<strong>2. Tel\u00e9fono<\/strong><br \/>\nComun\u00edquese directamente con un representante de Servicio al Cliente al +50687065216. Nuestras alternativas de venta y Servicio al Cliente est\u00e1n disponibles v\u00eda on-line y directo en farmacias.<br \/>\n<strong>3. Formulario de Contacto<\/strong><br \/>\nComplete el siguiente formulario y le enviaremos un mensaje de correo electr\u00f3nico. El tiempo de respuesta es generalmente dos d\u00edas h\u00e1biles o menos<br \/>\n<strong>4. Email<\/strong><br \/>\nPrefiere el correo electr\u00f3nico o desea dejarnos un comentario o Testimonio? Agradecemos sus comentarios. Env\u00edenos un correo electr\u00f3nico a: <a href=\"mailto:questions@neilmed.com\">questions@neilmed.com<\/a>.\n<p><strong>Si usted tiene alguna pregunta o comentario, por favor complete el siguiente formulario y env\u00edenoslo.<\/strong><\/p>\n\t\t\t\t<img decoding=\"async\" src=\"https:\/\/www.neilmed.com\/gt\/wp-content\/uploads\/sites\/19\/2022\/03\/neilmed-tagline.svg\" alt=\"NeilMed&reg; - World Leader in Large Volume &amp; Low Pressure&trade; Saline Nasal Irrigation\" title=\"neilmed-tagline\" \/>\n\t\t<h3>Respira f\u00e1cilmente y vuelve a sentir esa agradable sensaci\u00f3n de nariz &#8220;despejada&#8221;<\/h3>\n\t\t\t<a href=\"https:\/\/webstore.neilmed.com\/cl\/\" target=\"_self\" role=\"button\" rel=\"noopener\">\n\t\t\t\t\t\t\tOrdene Ahora\n\t\t\t<\/a>\n\t\t\t\t<img decoding=\"async\" src=\"https:\/\/www.neilmed.com\/gt\/wp-content\/uploads\/sites\/19\/2022\/04\/mail-icon-newsletter.svg\" alt=\"mail-icon-newsletter\" title=\"mail-icon-newsletter\" \/>\n\t<p>En la lista de correos NeilMed para estar al dia en Literatura Medica y Ofertas Promocionales<\/p>\n\t\n          \n      <button type=\"submit\" name=\"commit\" id=\"Subscribe\">\n        Subscribe\n        Go\n      <\/button>\n\n","protected":false},"excerpt":{"rendered":"<p>Contact Us Below: LOCAL OFFICE NeilMed Latam Costa Rica SRL Barrio Escalante, setenta y cinco metros sur de la Rotonda del Farolito. San Jos\u00e9, Costa Rica. questions@neilmed.com +50687065216 STAY CONNECTED NeilMed&reg; est\u00e1 comprometido a proporcionarle el m\u00e1s alto nivel de apoyo. Hacemos que sea f\u00e1cil para usted obtener respuestas a cualquier consulta que tenga sobre&hellip;<\/p>\n","protected":false},"author":1,"featured_media":2422,"parent":0,"menu_order":14,"comment_status":"closed","ping_status":"closed","template":"","meta":{"_acf_changed":false,"inline_featured_image":false,"footnotes":""},"categories":[],"tags":[],"class_list":["post-190","page","type-page","status-publish","has-post-thumbnail","hentry"],"yoast_head":"<!-- This site is optimized with the Yoast SEO Premium plugin v27.2 (Yoast SEO v27.3) - https:\/\/yoast.com\/product\/yoast-seo-premium-wordpress\/ -->\n<title>Cont\u00e1ctenos - NeilMed Pharmaceuticals - Guatemala<\/title>\n<meta name=\"description\" content=\"Contact Us! We&#039;re available 24\/7 to answer any questions you may have. You can reach us on social media too!\" \/>\n<meta name=\"robots\" content=\"index, follow, max-snippet:-1, max-image-preview:large, max-video-preview:-1\" \/>\n<link rel=\"canonical\" href=\"https:\/\/www.neilmed.com\/gt\/contactenos\/\" \/>\n<meta property=\"og:locale\" content=\"es_ES\" \/>\n<meta property=\"og:type\" content=\"article\" \/>\n<meta property=\"og:title\" content=\"Cont\u00e1ctenos\" \/>\n<meta property=\"og:description\" content=\"Contact Us! We&#039;re available 24\/7 to answer any questions you may have. You can reach us on social media too!\" \/>\n<meta property=\"og:url\" content=\"https:\/\/www.neilmed.com\/gt\/contactenos\/\" \/>\n<meta property=\"og:site_name\" content=\"NeilMed Pharmaceuticals - Guatemala\" \/>\n<meta property=\"og:image\" content=\"https:\/\/www.neilmed.com\/gt\/wp-content\/uploads\/sites\/19\/2022\/03\/nm-logo.jpg\" \/>\n\t<meta property=\"og:image:width\" content=\"241\" \/>\n\t<meta property=\"og:image:height\" content=\"200\" \/>\n\t<meta property=\"og:image:type\" content=\"image\/jpeg\" \/>\n<meta name=\"twitter:card\" content=\"summary_large_image\" \/>\n<meta name=\"twitter:label1\" content=\"Tiempo estimado de lectura\" \/>\n\t<meta name=\"twitter:data1\" content=\"1 minuto\" \/>\n<script type=\"application\/ld+json\" class=\"yoast-schema-graph\">{\"@context\":\"https:\\\/\\\/schema.org\",\"@graph\":[{\"@type\":\"WebPage\",\"@id\":\"https:\\\/\\\/www.neilmed.com\\\/gt\\\/contactenos\\\/\",\"url\":\"https:\\\/\\\/www.neilmed.com\\\/gt\\\/contactenos\\\/\",\"name\":\"Cont\u00e1ctenos - NeilMed Pharmaceuticals - Guatemala\",\"isPartOf\":{\"@id\":\"https:\\\/\\\/www.neilmed.com\\\/gt\\\/#website\"},\"primaryImageOfPage\":{\"@id\":\"https:\\\/\\\/www.neilmed.com\\\/gt\\\/contactenos\\\/#primaryimage\"},\"image\":{\"@id\":\"https:\\\/\\\/www.neilmed.com\\\/gt\\\/contactenos\\\/#primaryimage\"},\"thumbnailUrl\":\"https:\\\/\\\/www.neilmed.com\\\/gt\\\/wp-content\\\/uploads\\\/sites\\\/19\\\/2022\\\/03\\\/nm-logo.jpg\",\"datePublished\":\"2022-02-17T22:45:43+00:00\",\"description\":\"Contact Us! We're available 24\\\/7 to answer any questions you may have. You can reach us on social media too!\",\"breadcrumb\":{\"@id\":\"https:\\\/\\\/www.neilmed.com\\\/gt\\\/contactenos\\\/#breadcrumb\"},\"inLanguage\":\"es-CL\",\"potentialAction\":[{\"@type\":\"ReadAction\",\"target\":[\"https:\\\/\\\/www.neilmed.com\\\/gt\\\/contactenos\\\/\"]}]},{\"@type\":\"ImageObject\",\"inLanguage\":\"es-CL\",\"@id\":\"https:\\\/\\\/www.neilmed.com\\\/gt\\\/contactenos\\\/#primaryimage\",\"url\":\"https:\\\/\\\/www.neilmed.com\\\/gt\\\/wp-content\\\/uploads\\\/sites\\\/19\\\/2022\\\/03\\\/nm-logo.jpg\",\"contentUrl\":\"https:\\\/\\\/www.neilmed.com\\\/gt\\\/wp-content\\\/uploads\\\/sites\\\/19\\\/2022\\\/03\\\/nm-logo.jpg\",\"width\":241,\"height\":200},{\"@type\":\"BreadcrumbList\",\"@id\":\"https:\\\/\\\/www.neilmed.com\\\/gt\\\/contactenos\\\/#breadcrumb\",\"itemListElement\":[{\"@type\":\"ListItem\",\"position\":1,\"name\":\"Home\",\"item\":\"https:\\\/\\\/www.neilmed.com\\\/gt\\\/\"},{\"@type\":\"ListItem\",\"position\":2,\"name\":\"Cont\u00e1ctenos\"}]},{\"@type\":\"WebSite\",\"@id\":\"https:\\\/\\\/www.neilmed.com\\\/gt\\\/#website\",\"url\":\"https:\\\/\\\/www.neilmed.com\\\/gt\\\/\",\"name\":\"NeilMed Pharmaceuticals - Guatemala\",\"description\":\"NeilMed Pharmaceuticals: world leader in nasal saline irrigation system | Sinus Rinse | Neti Pot | Nasal Irrigation\",\"potentialAction\":[{\"@type\":\"SearchAction\",\"target\":{\"@type\":\"EntryPoint\",\"urlTemplate\":\"https:\\\/\\\/www.neilmed.com\\\/gt\\\/?s={search_term_string}\"},\"query-input\":{\"@type\":\"PropertyValueSpecification\",\"valueRequired\":true,\"valueName\":\"search_term_string\"}}],\"inLanguage\":\"es-CL\"}]}<\/script>\n<!-- \/ Yoast SEO Premium plugin. -->","yoast_head_json":{"title":"Cont\u00e1ctenos - NeilMed Pharmaceuticals - Guatemala","description":"Contact Us! We're available 24\/7 to answer any questions you may have. You can reach us on social media too!","robots":{"index":"index","follow":"follow","max-snippet":"max-snippet:-1","max-image-preview":"max-image-preview:large","max-video-preview":"max-video-preview:-1"},"canonical":"https:\/\/www.neilmed.com\/gt\/contactenos\/","og_locale":"es_ES","og_type":"article","og_title":"Cont\u00e1ctenos","og_description":"Contact Us! We're available 24\/7 to answer any questions you may have. You can reach us on social media too!","og_url":"https:\/\/www.neilmed.com\/gt\/contactenos\/","og_site_name":"NeilMed Pharmaceuticals - Guatemala","og_image":[{"width":241,"height":200,"url":"https:\/\/www.neilmed.com\/gt\/wp-content\/uploads\/sites\/19\/2022\/03\/nm-logo.jpg","type":"image\/jpeg"}],"twitter_card":"summary_large_image","twitter_misc":{"Tiempo estimado de lectura":"1 minuto"},"schema":{"@context":"https:\/\/schema.org","@graph":[{"@type":"WebPage","@id":"https:\/\/www.neilmed.com\/gt\/contactenos\/","url":"https:\/\/www.neilmed.com\/gt\/contactenos\/","name":"Cont\u00e1ctenos - NeilMed Pharmaceuticals - Guatemala","isPartOf":{"@id":"https:\/\/www.neilmed.com\/gt\/#website"},"primaryImageOfPage":{"@id":"https:\/\/www.neilmed.com\/gt\/contactenos\/#primaryimage"},"image":{"@id":"https:\/\/www.neilmed.com\/gt\/contactenos\/#primaryimage"},"thumbnailUrl":"https:\/\/www.neilmed.com\/gt\/wp-content\/uploads\/sites\/19\/2022\/03\/nm-logo.jpg","datePublished":"2022-02-17T22:45:43+00:00","description":"Contact Us! We're available 24\/7 to answer any questions you may have. You can reach us on social media too!","breadcrumb":{"@id":"https:\/\/www.neilmed.com\/gt\/contactenos\/#breadcrumb"},"inLanguage":"es-CL","potentialAction":[{"@type":"ReadAction","target":["https:\/\/www.neilmed.com\/gt\/contactenos\/"]}]},{"@type":"ImageObject","inLanguage":"es-CL","@id":"https:\/\/www.neilmed.com\/gt\/contactenos\/#primaryimage","url":"https:\/\/www.neilmed.com\/gt\/wp-content\/uploads\/sites\/19\/2022\/03\/nm-logo.jpg","contentUrl":"https:\/\/www.neilmed.com\/gt\/wp-content\/uploads\/sites\/19\/2022\/03\/nm-logo.jpg","width":241,"height":200},{"@type":"BreadcrumbList","@id":"https:\/\/www.neilmed.com\/gt\/contactenos\/#breadcrumb","itemListElement":[{"@type":"ListItem","position":1,"name":"Home","item":"https:\/\/www.neilmed.com\/gt\/"},{"@type":"ListItem","position":2,"name":"Cont\u00e1ctenos"}]},{"@type":"WebSite","@id":"https:\/\/www.neilmed.com\/gt\/#website","url":"https:\/\/www.neilmed.com\/gt\/","name":"NeilMed Pharmaceuticals - Guatemala","description":"NeilMed Pharmaceuticals: world leader in nasal saline irrigation system | Sinus Rinse | Neti Pot | Nasal Irrigation","potentialAction":[{"@type":"SearchAction","target":{"@type":"EntryPoint","urlTemplate":"https:\/\/www.neilmed.com\/gt\/?s={search_term_string}"},"query-input":{"@type":"PropertyValueSpecification","valueRequired":true,"valueName":"search_term_string"}}],"inLanguage":"es-CL"}]}},"acf":[],"_links":{"self":[{"href":"https:\/\/www.neilmed.com\/gt\/wp-json\/wp\/v2\/pages\/190","targetHints":{"allow":["GET"]}}],"collection":[{"href":"https:\/\/www.neilmed.com\/gt\/wp-json\/wp\/v2\/pages"}],"about":[{"href":"https:\/\/www.neilmed.com\/gt\/wp-json\/wp\/v2\/types\/page"}],"author":[{"embeddable":true,"href":"https:\/\/www.neilmed.com\/gt\/wp-json\/wp\/v2\/users\/1"}],"replies":[{"embeddable":true,"href":"https:\/\/www.neilmed.com\/gt\/wp-json\/wp\/v2\/comments?post=190"}],"version-history":[{"count":0,"href":"https:\/\/www.neilmed.com\/gt\/wp-json\/wp\/v2\/pages\/190\/revisions"}],"wp:featuredmedia":[{"embeddable":true,"href":"https:\/\/www.neilmed.com\/gt\/wp-json\/wp\/v2\/media\/2422"}],"wp:attachment":[{"href":"https:\/\/www.neilmed.com\/gt\/wp-json\/wp\/v2\/media?parent=190"}],"wp:term":[{"taxonomy":"category","embeddable":true,"href":"https:\/\/www.neilmed.com\/gt\/wp-json\/wp\/v2\/categories?post=190"},{"taxonomy":"post_tag","embeddable":true,"href":"https:\/\/www.neilmed.com\/gt\/wp-json\/wp\/v2\/tags?post=190"}],"curies":[{"name":"wp","href":"https:\/\/api.w.org\/{rel}","templated":true}]}}