{"id":200,"date":"2022-02-17T14:47:53","date_gmt":"2022-02-17T22:47:53","guid":{"rendered":"https:\/\/dev.neilmed.com\/gt\/?page_id=200"},"modified":"2022-02-17T14:47:53","modified_gmt":"2022-02-17T22:47:53","slug":"garantia","status":"publish","type":"page","link":"https:\/\/www.neilmed.com\/gt\/garantia\/","title":{"rendered":"Garant\u00eda"},"content":{"rendered":"\n\n\t<span><span><a href=\"https:\/\/www.neilmed.com\/gt\/\">Home<\/a><\/span><\/span>\n\t<h2><em><strong>Devoluci\u00f3n total del dinero durante los 90 d\u00edas de garant\u00eda.<\/strong><\/em><\/h2>\n<p>Por favor, devuelva el producto dentro de los 90 d\u00edas realizada la compra. Debe escribir el motivo de la devoluci\u00f3n y enviar por correo todo lo no utilizado a nuestra oficina en: Los Militares 5885, oficina 501, Las Condes, Santiago de Chile. Le devolveremos la cantidad facturada, menos gastos de env\u00edo y manipulaci\u00f3n.<\/p>\n<p>Si alguno de los componentes del kit no se encuentra o est\u00e1 da\u00f1ado, por favor no realizar la devoluci\u00f3n. Enviar un correo electr\u00f3nico a questions@neilmed.com o llame a nuestro servicio del cliente al +56 2 26624858. Le enviaremos los reemplazos GRATIS.<\/p>\n\t\t\t\t<img decoding=\"async\" src=\"https:\/\/www.neilmed.com\/gt\/wp-content\/uploads\/sites\/19\/2022\/03\/neilmed-tagline.svg\" alt=\"NeilMed&reg; - World Leader in Large Volume &amp; Low Pressure&trade; Saline Nasal Irrigation\" title=\"neilmed-tagline\" \/>\n\t\t<h3>Respira f\u00e1cilmente y vuelve a sentir esa agradable sensaci\u00f3n de nariz &#8220;despejada&#8221;<\/h3>\n\t\t\t<a href=\"https:\/\/webstore.neilmed.com\/cr\/\" target=\"_self\" role=\"button\" rel=\"noopener\">\n\t\t\t\t\t\t\tOrdene Ahora\n\t\t\t<\/a>\n\t\t\t\t<img decoding=\"async\" src=\"https:\/\/www.neilmed.com\/gt\/wp-content\/uploads\/sites\/19\/2022\/04\/mail-icon-newsletter.svg\" alt=\"mail-icon-newsletter\" title=\"mail-icon-newsletter\" \/>\n\t<p>En la lista de correos NeilMed para estar al dia en Literatura Medica y Ofertas Promocionales<\/p>\n\t\n          \n      <button type=\"submit\" name=\"commit\" id=\"Subscribe\">\n        Subscribe\n        Go\n      <\/button>\n\n","protected":false},"excerpt":{"rendered":"<p>Devoluci\u00f3n total del dinero durante los 90 d\u00edas de garant\u00eda. Por favor, devuelva el producto dentro de los 90 d\u00edas realizada la compra. Debe escribir el motivo de la devoluci\u00f3n y enviar por correo todo lo no utilizado a nuestra oficina en: Los Militares 5885, oficina 501, Las Condes, Santiago de Chile. Le devolveremos la&hellip;<\/p>\n","protected":false},"author":1,"featured_media":1490,"parent":0,"menu_order":19,"comment_status":"closed","ping_status":"closed","template":"","meta":{"_acf_changed":false,"inline_featured_image":false,"footnotes":""},"categories":[],"tags":[],"class_list":["post-200","page","type-page","status-publish","has-post-thumbnail","hentry"],"yoast_head":"<!-- This site is optimized with the Yoast SEO Premium plugin v27.2 (Yoast SEO v27.3) - https:\/\/yoast.com\/product\/yoast-seo-premium-wordpress\/ -->\n<title>Garant\u00eda - NeilMed Pharmaceuticals - Guatemala<\/title>\n<meta name=\"description\" content=\"Garant\u00eda\" \/>\n<meta name=\"robots\" content=\"index, follow, max-snippet:-1, max-image-preview:large, max-video-preview:-1\" \/>\n<link rel=\"canonical\" href=\"https:\/\/www.neilmed.com\/gt\/garantia\/\" \/>\n<meta property=\"og:locale\" content=\"es_ES\" \/>\n<meta property=\"og:type\" content=\"article\" \/>\n<meta property=\"og:title\" content=\"Garant\u00eda\" \/>\n<meta property=\"og:description\" content=\"Garant\u00eda\" \/>\n<meta property=\"og:url\" content=\"https:\/\/www.neilmed.com\/gt\/garantia\/\" \/>\n<meta property=\"og:site_name\" content=\"NeilMed Pharmaceuticals - Guatemala\" \/>\n<meta property=\"og:image\" content=\"https:\/\/www.neilmed.com\/gt\/wp-content\/uploads\/sites\/19\/2022\/03\/doctors-scaled.jpeg\" \/>\n\t<meta property=\"og:image:width\" content=\"2560\" \/>\n\t<meta property=\"og:image:height\" content=\"896\" \/>\n\t<meta property=\"og:image:type\" content=\"image\/jpeg\" \/>\n<meta name=\"twitter:card\" content=\"summary_large_image\" \/>\n<meta name=\"twitter:label1\" content=\"Tiempo estimado de lectura\" \/>\n\t<meta name=\"twitter:data1\" content=\"1 minuto\" \/>\n<script type=\"application\/ld+json\" class=\"yoast-schema-graph\">{\"@context\":\"https:\\\/\\\/schema.org\",\"@graph\":[{\"@type\":\"WebPage\",\"@id\":\"https:\\\/\\\/www.neilmed.com\\\/gt\\\/garantia\\\/\",\"url\":\"https:\\\/\\\/www.neilmed.com\\\/gt\\\/garantia\\\/\",\"name\":\"Garant\u00eda - NeilMed Pharmaceuticals - Guatemala\",\"isPartOf\":{\"@id\":\"https:\\\/\\\/www.neilmed.com\\\/gt\\\/#website\"},\"primaryImageOfPage\":{\"@id\":\"https:\\\/\\\/www.neilmed.com\\\/gt\\\/garantia\\\/#primaryimage\"},\"image\":{\"@id\":\"https:\\\/\\\/www.neilmed.com\\\/gt\\\/garantia\\\/#primaryimage\"},\"thumbnailUrl\":\"https:\\\/\\\/www.neilmed.com\\\/gt\\\/wp-content\\\/uploads\\\/sites\\\/19\\\/2022\\\/03\\\/doctors-scaled.jpeg\",\"datePublished\":\"2022-02-17T22:47:53+00:00\",\"description\":\"Garant\u00eda\",\"breadcrumb\":{\"@id\":\"https:\\\/\\\/www.neilmed.com\\\/gt\\\/garantia\\\/#breadcrumb\"},\"inLanguage\":\"es-CL\",\"potentialAction\":[{\"@type\":\"ReadAction\",\"target\":[\"https:\\\/\\\/www.neilmed.com\\\/gt\\\/garantia\\\/\"]}]},{\"@type\":\"ImageObject\",\"inLanguage\":\"es-CL\",\"@id\":\"https:\\\/\\\/www.neilmed.com\\\/gt\\\/garantia\\\/#primaryimage\",\"url\":\"https:\\\/\\\/www.neilmed.com\\\/gt\\\/wp-content\\\/uploads\\\/sites\\\/19\\\/2022\\\/03\\\/doctors-scaled.jpeg\",\"contentUrl\":\"https:\\\/\\\/www.neilmed.com\\\/gt\\\/wp-content\\\/uploads\\\/sites\\\/19\\\/2022\\\/03\\\/doctors-scaled.jpeg\",\"width\":2560,\"height\":896,\"caption\":\"Doctors\"},{\"@type\":\"BreadcrumbList\",\"@id\":\"https:\\\/\\\/www.neilmed.com\\\/gt\\\/garantia\\\/#breadcrumb\",\"itemListElement\":[{\"@type\":\"ListItem\",\"position\":1,\"name\":\"Home\",\"item\":\"https:\\\/\\\/www.neilmed.com\\\/gt\\\/\"},{\"@type\":\"ListItem\",\"position\":2,\"name\":\"Garant\u00eda\"}]},{\"@type\":\"WebSite\",\"@id\":\"https:\\\/\\\/www.neilmed.com\\\/gt\\\/#website\",\"url\":\"https:\\\/\\\/www.neilmed.com\\\/gt\\\/\",\"name\":\"NeilMed Pharmaceuticals - Guatemala\",\"description\":\"NeilMed Pharmaceuticals: world leader in nasal saline irrigation system | Sinus Rinse | Neti Pot | Nasal Irrigation\",\"potentialAction\":[{\"@type\":\"SearchAction\",\"target\":{\"@type\":\"EntryPoint\",\"urlTemplate\":\"https:\\\/\\\/www.neilmed.com\\\/gt\\\/?s={search_term_string}\"},\"query-input\":{\"@type\":\"PropertyValueSpecification\",\"valueRequired\":true,\"valueName\":\"search_term_string\"}}],\"inLanguage\":\"es-CL\"}]}<\/script>\n<!-- \/ Yoast SEO Premium plugin. -->","yoast_head_json":{"title":"Garant\u00eda - NeilMed Pharmaceuticals - Guatemala","description":"Garant\u00eda","robots":{"index":"index","follow":"follow","max-snippet":"max-snippet:-1","max-image-preview":"max-image-preview:large","max-video-preview":"max-video-preview:-1"},"canonical":"https:\/\/www.neilmed.com\/gt\/garantia\/","og_locale":"es_ES","og_type":"article","og_title":"Garant\u00eda","og_description":"Garant\u00eda","og_url":"https:\/\/www.neilmed.com\/gt\/garantia\/","og_site_name":"NeilMed Pharmaceuticals - Guatemala","og_image":[{"width":2560,"height":896,"url":"https:\/\/www.neilmed.com\/gt\/wp-content\/uploads\/sites\/19\/2022\/03\/doctors-scaled.jpeg","type":"image\/jpeg"}],"twitter_card":"summary_large_image","twitter_misc":{"Tiempo estimado de lectura":"1 minuto"},"schema":{"@context":"https:\/\/schema.org","@graph":[{"@type":"WebPage","@id":"https:\/\/www.neilmed.com\/gt\/garantia\/","url":"https:\/\/www.neilmed.com\/gt\/garantia\/","name":"Garant\u00eda - NeilMed Pharmaceuticals - Guatemala","isPartOf":{"@id":"https:\/\/www.neilmed.com\/gt\/#website"},"primaryImageOfPage":{"@id":"https:\/\/www.neilmed.com\/gt\/garantia\/#primaryimage"},"image":{"@id":"https:\/\/www.neilmed.com\/gt\/garantia\/#primaryimage"},"thumbnailUrl":"https:\/\/www.neilmed.com\/gt\/wp-content\/uploads\/sites\/19\/2022\/03\/doctors-scaled.jpeg","datePublished":"2022-02-17T22:47:53+00:00","description":"Garant\u00eda","breadcrumb":{"@id":"https:\/\/www.neilmed.com\/gt\/garantia\/#breadcrumb"},"inLanguage":"es-CL","potentialAction":[{"@type":"ReadAction","target":["https:\/\/www.neilmed.com\/gt\/garantia\/"]}]},{"@type":"ImageObject","inLanguage":"es-CL","@id":"https:\/\/www.neilmed.com\/gt\/garantia\/#primaryimage","url":"https:\/\/www.neilmed.com\/gt\/wp-content\/uploads\/sites\/19\/2022\/03\/doctors-scaled.jpeg","contentUrl":"https:\/\/www.neilmed.com\/gt\/wp-content\/uploads\/sites\/19\/2022\/03\/doctors-scaled.jpeg","width":2560,"height":896,"caption":"Doctors"},{"@type":"BreadcrumbList","@id":"https:\/\/www.neilmed.com\/gt\/garantia\/#breadcrumb","itemListElement":[{"@type":"ListItem","position":1,"name":"Home","item":"https:\/\/www.neilmed.com\/gt\/"},{"@type":"ListItem","position":2,"name":"Garant\u00eda"}]},{"@type":"WebSite","@id":"https:\/\/www.neilmed.com\/gt\/#website","url":"https:\/\/www.neilmed.com\/gt\/","name":"NeilMed Pharmaceuticals - Guatemala","description":"NeilMed Pharmaceuticals: world leader in nasal saline irrigation system | Sinus Rinse | Neti Pot | Nasal Irrigation","potentialAction":[{"@type":"SearchAction","target":{"@type":"EntryPoint","urlTemplate":"https:\/\/www.neilmed.com\/gt\/?s={search_term_string}"},"query-input":{"@type":"PropertyValueSpecification","valueRequired":true,"valueName":"search_term_string"}}],"inLanguage":"es-CL"}]}},"acf":[],"_links":{"self":[{"href":"https:\/\/www.neilmed.com\/gt\/wp-json\/wp\/v2\/pages\/200","targetHints":{"allow":["GET"]}}],"collection":[{"href":"https:\/\/www.neilmed.com\/gt\/wp-json\/wp\/v2\/pages"}],"about":[{"href":"https:\/\/www.neilmed.com\/gt\/wp-json\/wp\/v2\/types\/page"}],"author":[{"embeddable":true,"href":"https:\/\/www.neilmed.com\/gt\/wp-json\/wp\/v2\/users\/1"}],"replies":[{"embeddable":true,"href":"https:\/\/www.neilmed.com\/gt\/wp-json\/wp\/v2\/comments?post=200"}],"version-history":[{"count":0,"href":"https:\/\/www.neilmed.com\/gt\/wp-json\/wp\/v2\/pages\/200\/revisions"}],"wp:featuredmedia":[{"embeddable":true,"href":"https:\/\/www.neilmed.com\/gt\/wp-json\/wp\/v2\/media\/1490"}],"wp:attachment":[{"href":"https:\/\/www.neilmed.com\/gt\/wp-json\/wp\/v2\/media?parent=200"}],"wp:term":[{"taxonomy":"category","embeddable":true,"href":"https:\/\/www.neilmed.com\/gt\/wp-json\/wp\/v2\/categories?post=200"},{"taxonomy":"post_tag","embeddable":true,"href":"https:\/\/www.neilmed.com\/gt\/wp-json\/wp\/v2\/tags?post=200"}],"curies":[{"name":"wp","href":"https:\/\/api.w.org\/{rel}","templated":true}]}}