{"id":2847,"date":"2022-03-18T10:06:19","date_gmt":"2022-03-18T17:06:19","guid":{"rendered":"https:\/\/dev.neilmed.com\/gt\/?page_id=2847"},"modified":"2022-11-09T17:56:45","modified_gmt":"2022-11-10T01:56:45","slug":"neilmed-alrededor-del-mundo","status":"publish","type":"page","link":"https:\/\/www.neilmed.com\/gt\/neilmed-alrededor-del-mundo\/","title":{"rendered":"NeilMed alrededor del Mundo"},"content":{"rendered":"\n\n\t<span><span><a href=\"https:\/\/www.neilmed.com\/gt\/\">Home<\/a><\/span><\/span>\n<h2>\n\t\tConsultas??\n\t<\/h2>\n\t<p>Llamada Gratuita solamente en Estados Unidos y Canad\u00e1: <a href=\"tel:877-477-8633\">+1 877 477 8633<\/a>,\u00a0TEL : +50687065216 o env\u00edenos un e-mail a <a href=\"mailto:questions@neilmed.com\">questions@neilmed.com<\/a><\/p>\n<h2>\n\t\tOficinas Internacionales\n\t<\/h2>\n<h3>\n\t\tEstados Unidos\n\t<\/h3>\n\t<p><strong>NeilMed\u00a0Pharmaceuticals, Inc.<\/strong><br \/>601 Aviation Blvd<br \/>Santa Rosa, CA\u00a0 95403<br \/>TOLL FREE:\u00a0 +1 877-477-8633<br \/>TEL:\u00a0 +1 707-525-3784<br \/>FAX:\u00a0 +1 707-525-3785<\/p>\n<h3>\n\t\tCanad\u00e1\n\t<\/h3>\n\t<p><strong>NeilMed\u00a0Pharmaceuticals, Inc.<\/strong><br \/>1300 Rodick Rd, Unit A<br \/>Markham, ON L3R8C3<br \/>TOLL FREE:\u00a0 +1 877-477-8633<br \/>TEL:\u00a0 +1 905-480-0202<br \/>FAX:\u00a0 +1 905-480-0201<\/p>\n<h3>\n\t\tReino Unido\n\t<\/h3>\n\t<p><strong>NeilMed\u00a0Pharmaceuticals Ltd.<\/strong><br \/>P.O. Box 2853<br \/>Coulsdon, Surrey CR5 2WN<br \/>United Kingdom<br \/>TEL:\u00a0 +44 208 660 9447<br \/>FAX:\u00a0 +44 207 900 6414<\/p>\n<h3>\n\t\tIrlanda y Europa\n\t<\/h3>\n\t<p><strong>NeilMed\u00a0Pharmaceuticals Ltd.<\/strong><br \/>P.O. Box 2853<br \/>Coulsdon, Surrey CR5 2WN<br \/>United Kingdom<br \/>TEL:\u00a0 +353 16569710<\/p>\n<h3>\n\t\tAUSTRALIA\n\t<\/h3>\n\t<p><strong>NeilMed\u00a0Pharmaceutical Australia Pty. Limited<\/strong><br \/>12-354 Chisholm Rd<br \/>Auburn, NSW 2144<br \/>TEL:\u00a0 +61 1300 652 148<br \/>FAX:\u00a0 +61 (03) 8677 9989<br \/>TOLL FREE:\u00a0 +61 1800 158 900<\/p>\n<h3>\n\t\tNueva Zelanda\n\t<\/h3>\n\t<p><strong>NeilMed\u00a0Pharmaceuticals New Zealand Pty. Limited<\/strong><br \/>67 Church Street<br \/>Onehunga, Auckland 1061<br \/>New Zealand<br \/>TEL:\u00a0 +64 9 820 7279<br \/>FAX:\u00a0 +64 9 353 1430<br \/>TOLL FREE:\u00a0 0800 634 5633<\/p>\n<h3>\n\t\tSingapur\n\t<\/h3>\n\t<p><strong>NeilMed\u00a0Pharmaceuticals Pte. Ltd.<\/strong><br \/>66 Tannery Lane<br \/>#01-02D Sindo Indl Building<br \/>Singapore 347805<br \/>Tel: +65 6221 8948<br \/>Fax: +65 6491 5930<\/p>\n<h3>\n\t\tINDIA\n\t<\/h3>\n\t<strong>NeilMed\u00a0Devices Pvt. Ltd.<\/strong><br \/>\nTrifecta Adatto<br \/>\n12th floor B wing #66\/2,67\/1,<br \/>\nITPL Main Road,<br \/>\nGarudacharpalya, Mahadevapura Post<br \/>\nBangalore-560048<br \/>\nTEL:\u00a0 +91-80-41613512 &#8211; 13\n<h3>\n\t\tJAPAN\n\t<\/h3>\n\t<p><strong>NeilMed\u00a0Pharmaceuticals K.K.<\/strong><br \/>2-3-3 Nishikanda, Chiyoda<br \/>Tokyo, 101-0065<br \/>TEL:\u00a0 +81 03-6261-4446<br \/>FAX:\u00a0 +81 03-6701-7407<\/p>\n<p>&nbsp;<\/p>\n<h3>\n\t\tHONG KONG\n\t<\/h3>\n\t<p><strong>NeilMed Pharmaceutical Pvt Limited<\/strong><br \/>Unit 06 &amp; 07, 15\/F, Billion Trade Centre,<br \/>31 Hung To Road, Kwun Tong,<br \/>Kowloon, Hong Kong.<br \/>TEL: +852 2880 0500 \/ +852 2880 0522<br \/>FAX: +852 3010 7540<\/p>\n<h3>\n\t\tAlemania\n\t<\/h3>\n\t<p><strong>NeilMed Pharma GmbH<\/strong><br \/>Werdauer Str. 162<br \/>08060 Zwickau, Germany<br \/>Tel: +49 375 2118 6236<br \/>Fax: +49 375 2118 6238<\/p>\n<h2>\n\t\tSuecia\n\t<\/h2>\n\t<p>ENTpro AB,<br \/>Box 2148, 103 14<br \/>Stockholm, Sweden<br \/>www.entpro.com<\/p>\n<h3>\n\t\tM\u00e9xico\n\t<\/h3>\n\t<p><strong>Neilmed Pharmaceuticals M\u00e9xico Inc.<\/strong><br \/>S. de R.L. De C.V.<br \/>Sach Office Hosting<br \/>Av. Vasco de Quiroga, No. Ext 3900,<br \/>No int TORRE A Piso 10, Cuajimalpa de Morelos<br \/>CP 05348 CDMX<\/p>\n<h3>\n\t\tCHILE\n\t<\/h3>\n\t<p><strong>NeilMed LatAm Chile SpA,<\/strong><br \/>Alonso De Cordova 3827, Piso 8,<br \/>Vitacura, Santiago, Chile<br \/>Tel: +569 9973-3177<\/p>\n<p>&nbsp;<\/p>\n<p>&nbsp;<\/p>\n<h3>\n\t\tCOSTA RICA\n\t<\/h3>\n\t<p><strong>NeilMed LatAm Costa Rica<\/strong><br \/>Office #401,4th Floor Torres Paseo Col\u00f3n<br \/>San Jos\u00e9, Paseo Col\u00f3n<br \/>Tel: (+506) 4106-3445<\/p>\n<p>&nbsp;<\/p>\n<h3>\n\t\tCOLOMBIA\n\t<\/h3>\n\t<p><strong>NeilMed Latam Colombia S.A.S.<\/strong><br \/>Calle 79 N\u00b0 14 &#8211; 56 Oficina 401,<br \/>Tel: +57 60 1 6944026<br \/>www.neilmed.com.co<\/p>\n<p>&nbsp;<\/p>\n<p>&nbsp;<\/p>\n<h2>\n\t\tDistribuci\u00f3n Internacional\n\t<\/h2>\n<h2>\n\t\tEuropa\n\t<\/h2>\n\t\t\t\t<img decoding=\"async\" src=\"https:\/\/www.neilmed.com\/mx\/wp-content\/uploads\/sites\/13\/2022\/02\/gb.jpg\" alt=\"United Kingdom Flag\" itemprop=\"image\" title=\"United Kingdom Flag\" onerror=\"this.style.display='none'\"  \/>\n\t\t<h3>Reino Unido<\/h3>\t\t\n\t\t\t\t<img decoding=\"async\" src=\"https:\/\/www.neilmed.com\/mx\/wp-content\/uploads\/sites\/13\/2022\/02\/ie.jpg\" alt=\"Ireland Flag\" itemprop=\"image\" title=\"Ireland Flag\" onerror=\"this.style.display='none'\"  \/>\n\t\t<h3>Irlanda<\/h3>\t\t\n\t\t\t\t<img decoding=\"async\" src=\"https:\/\/www.neilmed.com\/mx\/wp-content\/uploads\/sites\/13\/2022\/02\/pl.jpg\" alt=\"Poland Flag\" itemprop=\"image\" title=\"Poland Flag\" onerror=\"this.style.display='none'\"  \/>\n\t\t<h3>Polonia<\/h3>\t\t\n\t\t\t\t<img decoding=\"async\" src=\"https:\/\/www.neilmed.com\/mx\/wp-content\/uploads\/sites\/13\/2022\/02\/hu.jpg\" alt=\"Hungary Flag\" itemprop=\"image\" title=\"Hungary Flag\" onerror=\"this.style.display='none'\"  \/>\n\t\t<h3>Hungr\u00eda<\/h3>\t\t\n\t\t\t\t<img decoding=\"async\" src=\"https:\/\/www.neilmed.com\/mx\/wp-content\/uploads\/sites\/13\/2022\/03\/gr.jpg\" alt=\"Greece Flag\" itemprop=\"image\" title=\"Greece Flag\" onerror=\"this.style.display='none'\"  \/>\n\t\t<h3>Grecia<\/h3>\t\t\n\t\t\t\t<img decoding=\"async\" src=\"https:\/\/www.neilmed.com\/mx\/wp-content\/uploads\/sites\/13\/2022\/02\/de.jpg\" alt=\"Germany Flag\" itemprop=\"image\" title=\"Germany Flag\" onerror=\"this.style.display='none'\"  \/>\n\t\t<h3>Alemania<\/h3>\t\t\n\t\t\t\t<img decoding=\"async\" src=\"https:\/\/www.neilmed.com\/mx\/wp-content\/uploads\/sites\/13\/2022\/03\/no.jpg\" alt=\"Norway Flag\" itemprop=\"image\" title=\"Norway Flag\" onerror=\"this.style.display='none'\"  \/>\n\t\t<h3>Noruega<\/h3>\t\t\n\t\t\t\t<img decoding=\"async\" src=\"https:\/\/www.neilmed.com\/mx\/wp-content\/uploads\/sites\/13\/2022\/03\/dk.jpg\" alt=\"Denmark Flag\" itemprop=\"image\" title=\"Denmark Flag\" onerror=\"this.style.display='none'\"  \/>\n\t\t<h3>Dinamarca<\/h3>\t\t\n\t\t\t\t<img decoding=\"async\" src=\"https:\/\/www.neilmed.com\/mx\/wp-content\/uploads\/sites\/13\/2022\/03\/ro.jpg\" alt=\"Romania Flag\" itemprop=\"image\" title=\"Romania Flag\" onerror=\"this.style.display='none'\"  \/>\n\t\t<h3>Rumania<\/h3>\t\t\n<h2>\n\t\tAsia Pacifico\n\t<\/h2>\n\t\t\t\t<img decoding=\"async\" src=\"https:\/\/www.neilmed.com\/mx\/wp-content\/uploads\/sites\/13\/2022\/02\/au.jpg\" alt=\"Australia Flag\" itemprop=\"image\" title=\"Australia Flag\" onerror=\"this.style.display='none'\"  \/>\n\t\t<h3>Australia<\/h3>\t\t\n\t\t\t\t<img decoding=\"async\" src=\"https:\/\/www.neilmed.com\/mx\/wp-content\/uploads\/sites\/13\/2022\/02\/nz.jpg\" alt=\"New Zealand Flag\" itemprop=\"image\" title=\"New Zealand Flag\" onerror=\"this.style.display='none'\"  \/>\n\t\t<h3>Nueva Zelanda<\/h3>\t\t\n\t\t\t\t<img decoding=\"async\" src=\"https:\/\/www.neilmed.com\/mx\/wp-content\/uploads\/sites\/13\/2022\/02\/sg.jpg\" alt=\"Singapore Flag\" itemprop=\"image\" title=\"Singapore Flag\" onerror=\"this.style.display='none'\"  \/>\n\t\t<h3>Singapur<\/h3>\t\t\n\t\t\t\t<img decoding=\"async\" src=\"https:\/\/www.neilmed.com\/mx\/wp-content\/uploads\/sites\/13\/2022\/02\/jp.jpg\" alt=\"Japan Flag\" itemprop=\"image\" title=\"Japan Flag\" onerror=\"this.style.display='none'\"  \/>\n\t\t<h3>Japan<\/h3>\t\t\n\t\t\t\t<img decoding=\"async\" src=\"https:\/\/www.neilmed.com\/mx\/wp-content\/uploads\/sites\/13\/2022\/03\/my.jpg\" alt=\"Malaysia Flag\" itemprop=\"image\" title=\"Malaysia Flag\" onerror=\"this.style.display='none'\"  \/>\n\t\t<h3>Malasia<\/h3>\t\t\n\t\t\t\t<img decoding=\"async\" src=\"https:\/\/www.neilmed.com\/mx\/wp-content\/uploads\/sites\/13\/2022\/03\/mn.jpg\" alt=\"Mongolia Flag\" itemprop=\"image\" title=\"Mongolia Flag\" onerror=\"this.style.display='none'\"  \/>\n\t\t<h3>Mongolia<\/h3>\t\t\n\t\t\t\t<img decoding=\"async\" src=\"https:\/\/www.neilmed.com\/mx\/wp-content\/uploads\/sites\/13\/2022\/02\/hk.jpg\" alt=\"Hong Kong Flag\" itemprop=\"image\" title=\"Hong Kong Flag\" onerror=\"this.style.display='none'\"  \/>\n\t\t<h3>Hong Kong<\/h3>\t\t\n\t\t\t\t<img decoding=\"async\" src=\"https:\/\/www.neilmed.com\/mx\/wp-content\/uploads\/sites\/13\/2022\/03\/lb.jpg\" alt=\"Lebanon Flag\" itemprop=\"image\" title=\"Lebanon Flag\" onerror=\"this.style.display='none'\"  \/>\n\t\t<h3>L\u00edbano<\/h3>\t\t\n\t\t\t\t<img decoding=\"async\" src=\"https:\/\/www.neilmed.com\/mx\/wp-content\/uploads\/sites\/13\/2022\/03\/ph.jpg\" alt=\"Philippines Flag\" itemprop=\"image\" title=\"Philippines Flag\" onerror=\"this.style.display='none'\"  \/>\n\t\t<h3>Filipinas<\/h3>\t\t\n\t\t\t\t<img decoding=\"async\" src=\"https:\/\/www.neilmed.com\/mx\/wp-content\/uploads\/sites\/13\/2022\/03\/vn.jpg\" alt=\"Vietnam Flag\" itemprop=\"image\" title=\"Vietnam Flag\" onerror=\"this.style.display='none'\"  \/>\n\t\t<h3>Vietnam<\/h3>\t\t\n<h2>\n\t\tOtros Mercados\n\t<\/h2>\n\t\t\t\t<img decoding=\"async\" src=\"https:\/\/www.neilmed.com\/mx\/wp-content\/uploads\/sites\/13\/2022\/02\/cl.jpg\" alt=\"Chile Flag\" itemprop=\"image\" title=\"Chile Flag\" onerror=\"this.style.display='none'\"  \/>\n\t\t<h3>Chile<\/h3>\t\t\n\t\t\t\t<img decoding=\"async\" src=\"https:\/\/www.neilmed.com\/mx\/wp-content\/uploads\/sites\/13\/2022\/02\/co.jpg\" alt=\"Colombia Flag\" itemprop=\"image\" title=\"Colombia Flag\" onerror=\"this.style.display='none'\"  \/>\n\t\t<h3>Colombia<\/h3>\t\t\n\t\t\t\t<img decoding=\"async\" src=\"https:\/\/www.neilmed.com\/mx\/wp-content\/uploads\/sites\/13\/2022\/03\/pa.jpg\" alt=\"Panama Flag\" itemprop=\"image\" title=\"Panama Flag\" onerror=\"this.style.display='none'\"  \/>\n\t\t<h3>Panam\u00e1<\/h3>\t\t\n\t\t\t\t<img decoding=\"async\" src=\"https:\/\/www.neilmed.com\/mx\/wp-content\/uploads\/sites\/13\/2022\/02\/cr.jpg\" alt=\"Costa Rica Flag\" itemprop=\"image\" title=\"Costa Rica Flag\" onerror=\"this.style.display='none'\"  \/>\n\t\t<h3>Costa Rica<\/h3>\t\t\n\t\t\t\t<img decoding=\"async\" src=\"https:\/\/www.neilmed.com\/mx\/wp-content\/uploads\/sites\/13\/2022\/03\/hn.jpg\" alt=\"Honduras Flag\" itemprop=\"image\" title=\"Honduras Flag\" onerror=\"this.style.display='none'\"  \/>\n\t\t<h3>Honduras<\/h3>\t\t\n\t\t\t\t<img decoding=\"async\" src=\"https:\/\/www.neilmed.com\/mx\/wp-content\/uploads\/sites\/13\/2022\/03\/tt.jpg\" alt=\"Trinidad &amp; Tobago Flag\" itemprop=\"image\" title=\"Trinidad &amp; Tobago Flag\" onerror=\"this.style.display='none'\"  \/>\n\t\t<h3>Trinidad &#038; Tobago<\/h3>\t\t\n\t<p>NeilMed<sup>&reg;<\/sup> est\u00e1 comprometido a proporcionarle el m\u00e1s alto nivel de apoyo. Hacemos que sea f\u00e1cil para usted obtener respuestas a cualquier consulta que tenga sobre irrigaci\u00f3n nasal, salud nasal y de los productos NeilMed. Ofrecemos varias opciones para que obtenga ayuda o nos deje sus comentarios. Seleccione de las opciones m\u00e1s abajo la que m\u00e1s le acomode para comunicarse con nosotros.<\/p>\n<h4><strong>1. FAQ<\/strong><\/h4>\n<p>Visite nuestra p\u00e1gina de preguntas frecuentes para obtener respuestas a las preguntas que se nos formulan con mayor frecuencia. <a href=\"https:\/\/www.neilmed.com\/gt\/faqs\/\">Haga clic aqu\u00ed<\/a>.<\/p>\n<h4><strong>2. Tel\u00e9fono<\/strong><\/h4>\n<p>Comun\u00edquese directamente con un representante de Servicio al Cliente al +50687065216. Nuestras alternativas de venta y Servicio al Cliente est\u00e1n disponibles v\u00eda on-line y directo en farmacias<\/p>\n<h4><strong>3. Formulario de Contacto<\/strong><\/h4>\n<p>Complete el siguiente formulario y le enviaremos un mensaje de correo electr\u00f3nico. El tiempo de respuesta es generalmente dos d\u00edas h\u00e1biles o menos<\/p>\n<h4><strong>4. Email<\/strong><\/h4>\n<p>Prefiere el correo electr\u00f3nico o desea dejarnos un comentario o Testimonio? Agradecemos sus comentarios. Env\u00edenos un correo electr\u00f3nico a: <a href=\"mailto:questions@neilmed.com\">questions@neilmed.com<\/a>.<\/p>\n\t\t<h3>Respira f\u00e1cilmente y vuelve a sentir esa agradable sensaci\u00f3n de nariz &#8220;despejada&#8221;<\/h3>\n\t\t\t<a href=\"https:\/\/www.neilmed.com\/gt\/live-soon\/\" target=\"_self\" role=\"button\" rel=\"noopener\">\n\t\t\t\t\t\t\tOrdene Ahora\n\t\t\t<\/a>\n\t\t\t\t<img loading=\"lazy\" decoding=\"async\" src=\"https:\/\/www.neilmed.com\/gt\/wp-content\/uploads\/sites\/19\/2022\/04\/mail-icon-newsletter.svg\" alt=\"mail-icon-newsletter\" itemprop=\"image\" height=\"0\" width=\"0\" title=\"mail-icon-newsletter\" onerror=\"this.style.display='none'\"  \/>\n\t<p>En la lista de correos NeilMed para estar al dia en Literatura Medica y Ofertas Promocionales<\/p>\n\t<form method=\"post\" action=\"\/gt\/newsletter-sign-up\/\" id=\"ContactFooter\">\n          <input type=\"email\" autocomplete=\"email\" placeholder=\"Your email\"\/>\n      <button type=\"submit\" name=\"commit\" id=\"Subscribe\">\n        Subscribe\n        Go\n      <\/button><\/form>\n\n","protected":false},"excerpt":{"rendered":"<p>Consultas?? Llamada Gratuita solamente en Estados Unidos y Canad\u00e1: +1 877 477 8633,\u00a0TEL : +50687065216 o env\u00edenos un e-mail a questions@neilmed.com Oficinas Internacionales Estados Unidos NeilMed\u00a0Pharmaceuticals, Inc.601 Aviation BlvdSanta Rosa, CA\u00a0 95403TOLL FREE:\u00a0 +1 877-477-8633TEL:\u00a0 +1 707-525-3784FAX:\u00a0 +1 707-525-3785 Canad\u00e1 NeilMed\u00a0Pharmaceuticals, Inc.1300 Rodick Rd, Unit AMarkham, ON L3R8C3TOLL FREE:\u00a0 +1 877-477-8633TEL:\u00a0 +1 905-480-0202FAX:\u00a0 +1 905-480-0201&hellip;<\/p>\n","protected":false},"author":1,"featured_media":1975,"parent":0,"menu_order":15,"comment_status":"closed","ping_status":"closed","template":"","meta":{"_acf_changed":false,"inline_featured_image":false,"footnotes":""},"categories":[],"tags":[],"class_list":["post-2847","page","type-page","status-publish","has-post-thumbnail","hentry"],"yoast_head":"<!-- This site is optimized with the Yoast SEO Premium plugin v27.2 (Yoast SEO v27.3) - https:\/\/yoast.com\/product\/yoast-seo-premium-wordpress\/ -->\n<title>NeilMed alrededor del Mundo - NeilMed Pharmaceuticals - Guatemala<\/title>\n<meta name=\"description\" content=\"NeilMed&reg; alrededor del Mundo\" \/>\n<meta name=\"robots\" content=\"index, follow, max-snippet:-1, max-image-preview:large, max-video-preview:-1\" \/>\n<link rel=\"canonical\" href=\"https:\/\/www.neilmed.com\/gt\/neilmed-alrededor-del-mundo\/\" \/>\n<meta property=\"og:locale\" content=\"es_ES\" \/>\n<meta property=\"og:type\" content=\"article\" \/>\n<meta property=\"og:title\" content=\"NeilMed alrededor del Mundo\" \/>\n<meta property=\"og:description\" content=\"NeilMed&reg; alrededor del Mundo\" \/>\n<meta property=\"og:url\" content=\"https:\/\/www.neilmed.com\/gt\/neilmed-alrededor-del-mundo\/\" \/>\n<meta property=\"og:site_name\" content=\"NeilMed Pharmaceuticals - Guatemala\" \/>\n<meta property=\"article:modified_time\" content=\"2022-11-10T01:56:45+00:00\" \/>\n<meta property=\"og:image\" content=\"https:\/\/www.neilmed.com\/gt\/wp-content\/uploads\/sites\/19\/2022\/03\/global-distribution-scaled.jpeg\" \/>\n\t<meta property=\"og:image:width\" content=\"1\" \/>\n\t<meta property=\"og:image:height\" content=\"1\" \/>\n\t<meta property=\"og:image:type\" content=\"image\/jpeg\" \/>\n<meta name=\"twitter:card\" content=\"summary_large_image\" \/>\n<meta name=\"twitter:label1\" content=\"Tiempo estimado de lectura\" \/>\n\t<meta name=\"twitter:data1\" content=\"3 minutos\" \/>\n<script type=\"application\/ld+json\" class=\"yoast-schema-graph\">{\"@context\":\"https:\\\/\\\/schema.org\",\"@graph\":[{\"@type\":\"WebPage\",\"@id\":\"https:\\\/\\\/www.neilmed.com\\\/gt\\\/neilmed-alrededor-del-mundo\\\/\",\"url\":\"https:\\\/\\\/www.neilmed.com\\\/gt\\\/neilmed-alrededor-del-mundo\\\/\",\"name\":\"NeilMed alrededor del Mundo - NeilMed Pharmaceuticals - Guatemala\",\"isPartOf\":{\"@id\":\"https:\\\/\\\/www.neilmed.com\\\/gt\\\/#website\"},\"primaryImageOfPage\":{\"@id\":\"https:\\\/\\\/www.neilmed.com\\\/gt\\\/neilmed-alrededor-del-mundo\\\/#primaryimage\"},\"image\":{\"@id\":\"https:\\\/\\\/www.neilmed.com\\\/gt\\\/neilmed-alrededor-del-mundo\\\/#primaryimage\"},\"thumbnailUrl\":\"https:\\\/\\\/www.neilmed.com\\\/gt\\\/wp-content\\\/uploads\\\/sites\\\/19\\\/2022\\\/03\\\/global-distribution-scaled.jpeg\",\"datePublished\":\"2022-03-18T17:06:19+00:00\",\"dateModified\":\"2022-11-10T01:56:45+00:00\",\"description\":\"NeilMed&reg; alrededor del Mundo\",\"breadcrumb\":{\"@id\":\"https:\\\/\\\/www.neilmed.com\\\/gt\\\/neilmed-alrededor-del-mundo\\\/#breadcrumb\"},\"inLanguage\":\"es-CL\",\"potentialAction\":[{\"@type\":\"ReadAction\",\"target\":[\"https:\\\/\\\/www.neilmed.com\\\/gt\\\/neilmed-alrededor-del-mundo\\\/\"]}]},{\"@type\":\"ImageObject\",\"inLanguage\":\"es-CL\",\"@id\":\"https:\\\/\\\/www.neilmed.com\\\/gt\\\/neilmed-alrededor-del-mundo\\\/#primaryimage\",\"url\":\"https:\\\/\\\/www.neilmed.com\\\/gt\\\/wp-content\\\/uploads\\\/sites\\\/19\\\/2022\\\/03\\\/global-distribution-scaled.jpeg\",\"contentUrl\":\"https:\\\/\\\/www.neilmed.com\\\/gt\\\/wp-content\\\/uploads\\\/sites\\\/19\\\/2022\\\/03\\\/global-distribution-scaled.jpeg\",\"caption\":\"World Map Globe - Global Locations\"},{\"@type\":\"BreadcrumbList\",\"@id\":\"https:\\\/\\\/www.neilmed.com\\\/gt\\\/neilmed-alrededor-del-mundo\\\/#breadcrumb\",\"itemListElement\":[{\"@type\":\"ListItem\",\"position\":1,\"name\":\"Home\",\"item\":\"https:\\\/\\\/www.neilmed.com\\\/gt\\\/\"},{\"@type\":\"ListItem\",\"position\":2,\"name\":\"NeilMed alrededor del Mundo\"}]},{\"@type\":\"WebSite\",\"@id\":\"https:\\\/\\\/www.neilmed.com\\\/gt\\\/#website\",\"url\":\"https:\\\/\\\/www.neilmed.com\\\/gt\\\/\",\"name\":\"NeilMed Pharmaceuticals - Guatemala\",\"description\":\"NeilMed Pharmaceuticals: world leader in nasal saline irrigation system | Sinus Rinse | Neti Pot | Nasal Irrigation\",\"potentialAction\":[{\"@type\":\"SearchAction\",\"target\":{\"@type\":\"EntryPoint\",\"urlTemplate\":\"https:\\\/\\\/www.neilmed.com\\\/gt\\\/?s={search_term_string}\"},\"query-input\":{\"@type\":\"PropertyValueSpecification\",\"valueRequired\":true,\"valueName\":\"search_term_string\"}}],\"inLanguage\":\"es-CL\"}]}<\/script>\n<!-- \/ Yoast SEO Premium plugin. -->","yoast_head_json":{"title":"NeilMed alrededor del Mundo - NeilMed Pharmaceuticals - Guatemala","description":"NeilMed&reg; alrededor del Mundo","robots":{"index":"index","follow":"follow","max-snippet":"max-snippet:-1","max-image-preview":"max-image-preview:large","max-video-preview":"max-video-preview:-1"},"canonical":"https:\/\/www.neilmed.com\/gt\/neilmed-alrededor-del-mundo\/","og_locale":"es_ES","og_type":"article","og_title":"NeilMed alrededor del Mundo","og_description":"NeilMed&reg; alrededor del Mundo","og_url":"https:\/\/www.neilmed.com\/gt\/neilmed-alrededor-del-mundo\/","og_site_name":"NeilMed Pharmaceuticals - Guatemala","article_modified_time":"2022-11-10T01:56:45+00:00","og_image":[{"url":"https:\/\/www.neilmed.com\/gt\/wp-content\/uploads\/sites\/19\/2022\/03\/global-distribution-scaled.jpeg","width":1,"height":1,"type":"image\/jpeg"}],"twitter_card":"summary_large_image","twitter_misc":{"Tiempo estimado de lectura":"3 minutos"},"schema":{"@context":"https:\/\/schema.org","@graph":[{"@type":"WebPage","@id":"https:\/\/www.neilmed.com\/gt\/neilmed-alrededor-del-mundo\/","url":"https:\/\/www.neilmed.com\/gt\/neilmed-alrededor-del-mundo\/","name":"NeilMed alrededor del Mundo - NeilMed Pharmaceuticals - Guatemala","isPartOf":{"@id":"https:\/\/www.neilmed.com\/gt\/#website"},"primaryImageOfPage":{"@id":"https:\/\/www.neilmed.com\/gt\/neilmed-alrededor-del-mundo\/#primaryimage"},"image":{"@id":"https:\/\/www.neilmed.com\/gt\/neilmed-alrededor-del-mundo\/#primaryimage"},"thumbnailUrl":"https:\/\/www.neilmed.com\/gt\/wp-content\/uploads\/sites\/19\/2022\/03\/global-distribution-scaled.jpeg","datePublished":"2022-03-18T17:06:19+00:00","dateModified":"2022-11-10T01:56:45+00:00","description":"NeilMed&reg; alrededor del Mundo","breadcrumb":{"@id":"https:\/\/www.neilmed.com\/gt\/neilmed-alrededor-del-mundo\/#breadcrumb"},"inLanguage":"es-CL","potentialAction":[{"@type":"ReadAction","target":["https:\/\/www.neilmed.com\/gt\/neilmed-alrededor-del-mundo\/"]}]},{"@type":"ImageObject","inLanguage":"es-CL","@id":"https:\/\/www.neilmed.com\/gt\/neilmed-alrededor-del-mundo\/#primaryimage","url":"https:\/\/www.neilmed.com\/gt\/wp-content\/uploads\/sites\/19\/2022\/03\/global-distribution-scaled.jpeg","contentUrl":"https:\/\/www.neilmed.com\/gt\/wp-content\/uploads\/sites\/19\/2022\/03\/global-distribution-scaled.jpeg","caption":"World Map Globe - Global Locations"},{"@type":"BreadcrumbList","@id":"https:\/\/www.neilmed.com\/gt\/neilmed-alrededor-del-mundo\/#breadcrumb","itemListElement":[{"@type":"ListItem","position":1,"name":"Home","item":"https:\/\/www.neilmed.com\/gt\/"},{"@type":"ListItem","position":2,"name":"NeilMed alrededor del Mundo"}]},{"@type":"WebSite","@id":"https:\/\/www.neilmed.com\/gt\/#website","url":"https:\/\/www.neilmed.com\/gt\/","name":"NeilMed Pharmaceuticals - Guatemala","description":"NeilMed Pharmaceuticals: world leader in nasal saline irrigation system | Sinus Rinse | Neti Pot | Nasal Irrigation","potentialAction":[{"@type":"SearchAction","target":{"@type":"EntryPoint","urlTemplate":"https:\/\/www.neilmed.com\/gt\/?s={search_term_string}"},"query-input":{"@type":"PropertyValueSpecification","valueRequired":true,"valueName":"search_term_string"}}],"inLanguage":"es-CL"}]}},"acf":[],"_links":{"self":[{"href":"https:\/\/www.neilmed.com\/gt\/wp-json\/wp\/v2\/pages\/2847","targetHints":{"allow":["GET"]}}],"collection":[{"href":"https:\/\/www.neilmed.com\/gt\/wp-json\/wp\/v2\/pages"}],"about":[{"href":"https:\/\/www.neilmed.com\/gt\/wp-json\/wp\/v2\/types\/page"}],"author":[{"embeddable":true,"href":"https:\/\/www.neilmed.com\/gt\/wp-json\/wp\/v2\/users\/1"}],"replies":[{"embeddable":true,"href":"https:\/\/www.neilmed.com\/gt\/wp-json\/wp\/v2\/comments?post=2847"}],"version-history":[{"count":1,"href":"https:\/\/www.neilmed.com\/gt\/wp-json\/wp\/v2\/pages\/2847\/revisions"}],"predecessor-version":[{"id":4222,"href":"https:\/\/www.neilmed.com\/gt\/wp-json\/wp\/v2\/pages\/2847\/revisions\/4222"}],"wp:featuredmedia":[{"embeddable":true,"href":"https:\/\/www.neilmed.com\/gt\/wp-json\/wp\/v2\/media\/1975"}],"wp:attachment":[{"href":"https:\/\/www.neilmed.com\/gt\/wp-json\/wp\/v2\/media?parent=2847"}],"wp:term":[{"taxonomy":"category","embeddable":true,"href":"https:\/\/www.neilmed.com\/gt\/wp-json\/wp\/v2\/categories?post=2847"},{"taxonomy":"post_tag","embeddable":true,"href":"https:\/\/www.neilmed.com\/gt\/wp-json\/wp\/v2\/tags?post=2847"}],"curies":[{"name":"wp","href":"https:\/\/api.w.org\/{rel}","templated":true}]}}