{"id":3823,"date":"2022-05-27T09:48:07","date_gmt":"2022-05-27T16:48:07","guid":{"rendered":"https:\/\/dev.neilmed.com\/gt\/?page_id=3823"},"modified":"2022-05-27T09:48:07","modified_gmt":"2022-05-27T16:48:07","slug":"live-soon","status":"publish","type":"page","link":"https:\/\/www.neilmed.com\/gt\/live-soon\/","title":{"rendered":"Live Soon"},"content":{"rendered":"\n\n\t<span><span><a href=\"https:\/\/www.neilmed.com\/gt\/\">Home<\/a><\/span><\/span>\n\t<h2>ESTA P\u00c1GINA ESTAR\u00c1 PRONTO ACTIVA<\/h2>\n\t\t<h3>Respira f\u00e1cilmente y vuelve a sentir esa agradable sensaci\u00f3n de nariz &#8220;despejada&#8221;<\/h3>\n\t\t\t<a href=\"https:\/\/www.neilmed.com\/gt\/live-soon\/\" target=\"_self\" role=\"button\" rel=\"noopener\">\n\t\t\t\t\t\t\tOrdene Ahora\n\t\t\t<\/a>\n\t\t\t\t<img decoding=\"async\" src=\"https:\/\/www.neilmed.com\/gt\/wp-content\/uploads\/sites\/19\/2022\/04\/mail-icon-newsletter.svg\" alt=\"mail-icon-newsletter\" title=\"mail-icon-newsletter\" \/>\n\t<p>En la lista de correos NeilMed para estar al dia en Literatura Medica y Ofertas Promocionales<\/p>\n\t\n          \n      <button type=\"submit\" name=\"commit\" id=\"Subscribe\">\n        Subscribe\n        Go\n      <\/button>\n\n","protected":false},"excerpt":{"rendered":"<p>ESTA P\u00c1GINA ESTAR\u00c1 PRONTO ACTIVA Respira f\u00e1cilmente y vuelve a sentir esa agradable sensaci\u00f3n de nariz &#8220;despejada&#8221; Ordene Ahora En la lista de correos NeilMed para estar al dia en Literatura Medica y Ofertas Promocionales Subscribe Go<\/p>\n","protected":false},"author":1,"featured_media":0,"parent":0,"menu_order":0,"comment_status":"closed","ping_status":"closed","template":"","meta":{"_acf_changed":false,"inline_featured_image":false,"footnotes":""},"categories":[],"tags":[],"class_list":["post-3823","page","type-page","status-publish","hentry"],"yoast_head":"<!-- This site is optimized with the Yoast SEO Premium plugin v27.2 (Yoast SEO v27.3) - https:\/\/yoast.com\/product\/yoast-seo-premium-wordpress\/ -->\n<title>Live Soon - NeilMed Pharmaceuticals - Guatemala<\/title>\n<meta name=\"robots\" content=\"index, follow, max-snippet:-1, max-image-preview:large, max-video-preview:-1\" \/>\n<link rel=\"canonical\" href=\"https:\/\/www.neilmed.com\/gt\/live-soon\/\" \/>\n<meta property=\"og:locale\" content=\"es_ES\" \/>\n<meta property=\"og:type\" content=\"article\" \/>\n<meta property=\"og:title\" content=\"Live Soon\" \/>\n<meta property=\"og:description\" content=\"ESTA P\u00c1GINA ESTAR\u00c1 PRONTO ACTIVA Respira f\u00e1cilmente y vuelve a sentir esa agradable sensaci\u00f3n de nariz &#8220;despejada&#8221; Ordene Ahora En la lista de correos NeilMed para estar al dia en Literatura Medica y Ofertas Promocionales Subscribe Go\" \/>\n<meta property=\"og:url\" content=\"https:\/\/www.neilmed.com\/gt\/live-soon\/\" \/>\n<meta property=\"og:site_name\" content=\"NeilMed Pharmaceuticals - Guatemala\" \/>\n<meta property=\"og:image\" content=\"https:\/\/www.neilmed.com\/gt\/wp-content\/uploads\/sites\/19\/2022\/04\/mail-icon-newsletter.svg\" \/>\n<meta name=\"twitter:card\" content=\"summary_large_image\" \/>\n<meta name=\"twitter:label1\" content=\"Tiempo estimado de lectura\" \/>\n\t<meta name=\"twitter:data1\" content=\"1 minuto\" \/>\n<script type=\"application\/ld+json\" class=\"yoast-schema-graph\">{\"@context\":\"https:\\\/\\\/schema.org\",\"@graph\":[{\"@type\":\"WebPage\",\"@id\":\"https:\\\/\\\/www.neilmed.com\\\/gt\\\/live-soon\\\/\",\"url\":\"https:\\\/\\\/www.neilmed.com\\\/gt\\\/live-soon\\\/\",\"name\":\"Live Soon - NeilMed Pharmaceuticals - Guatemala\",\"isPartOf\":{\"@id\":\"https:\\\/\\\/www.neilmed.com\\\/gt\\\/#website\"},\"primaryImageOfPage\":{\"@id\":\"https:\\\/\\\/www.neilmed.com\\\/gt\\\/live-soon\\\/#primaryimage\"},\"image\":{\"@id\":\"https:\\\/\\\/www.neilmed.com\\\/gt\\\/live-soon\\\/#primaryimage\"},\"thumbnailUrl\":\"https:\\\/\\\/www.neilmed.com\\\/gt\\\/wp-content\\\/uploads\\\/sites\\\/19\\\/2022\\\/04\\\/mail-icon-newsletter.svg\",\"datePublished\":\"2022-05-27T16:48:07+00:00\",\"breadcrumb\":{\"@id\":\"https:\\\/\\\/www.neilmed.com\\\/gt\\\/live-soon\\\/#breadcrumb\"},\"inLanguage\":\"es-CL\",\"potentialAction\":[{\"@type\":\"ReadAction\",\"target\":[\"https:\\\/\\\/www.neilmed.com\\\/gt\\\/live-soon\\\/\"]}]},{\"@type\":\"ImageObject\",\"inLanguage\":\"es-CL\",\"@id\":\"https:\\\/\\\/www.neilmed.com\\\/gt\\\/live-soon\\\/#primaryimage\",\"url\":\"https:\\\/\\\/www.neilmed.com\\\/gt\\\/wp-content\\\/uploads\\\/sites\\\/19\\\/2022\\\/04\\\/mail-icon-newsletter.svg\",\"contentUrl\":\"https:\\\/\\\/www.neilmed.com\\\/gt\\\/wp-content\\\/uploads\\\/sites\\\/19\\\/2022\\\/04\\\/mail-icon-newsletter.svg\"},{\"@type\":\"BreadcrumbList\",\"@id\":\"https:\\\/\\\/www.neilmed.com\\\/gt\\\/live-soon\\\/#breadcrumb\",\"itemListElement\":[{\"@type\":\"ListItem\",\"position\":1,\"name\":\"Home\",\"item\":\"https:\\\/\\\/www.neilmed.com\\\/gt\\\/\"},{\"@type\":\"ListItem\",\"position\":2,\"name\":\"Live Soon\"}]},{\"@type\":\"WebSite\",\"@id\":\"https:\\\/\\\/www.neilmed.com\\\/gt\\\/#website\",\"url\":\"https:\\\/\\\/www.neilmed.com\\\/gt\\\/\",\"name\":\"NeilMed Pharmaceuticals - Guatemala\",\"description\":\"NeilMed Pharmaceuticals: world leader in nasal saline irrigation system | Sinus Rinse | Neti Pot | Nasal Irrigation\",\"potentialAction\":[{\"@type\":\"SearchAction\",\"target\":{\"@type\":\"EntryPoint\",\"urlTemplate\":\"https:\\\/\\\/www.neilmed.com\\\/gt\\\/?s={search_term_string}\"},\"query-input\":{\"@type\":\"PropertyValueSpecification\",\"valueRequired\":true,\"valueName\":\"search_term_string\"}}],\"inLanguage\":\"es-CL\"}]}<\/script>\n<!-- \/ Yoast SEO Premium plugin. -->","yoast_head_json":{"title":"Live Soon - NeilMed Pharmaceuticals - Guatemala","robots":{"index":"index","follow":"follow","max-snippet":"max-snippet:-1","max-image-preview":"max-image-preview:large","max-video-preview":"max-video-preview:-1"},"canonical":"https:\/\/www.neilmed.com\/gt\/live-soon\/","og_locale":"es_ES","og_type":"article","og_title":"Live Soon","og_description":"ESTA P\u00c1GINA ESTAR\u00c1 PRONTO ACTIVA Respira f\u00e1cilmente y vuelve a sentir esa agradable sensaci\u00f3n de nariz &#8220;despejada&#8221; Ordene Ahora En la lista de correos NeilMed para estar al dia en Literatura Medica y Ofertas Promocionales Subscribe Go","og_url":"https:\/\/www.neilmed.com\/gt\/live-soon\/","og_site_name":"NeilMed Pharmaceuticals - Guatemala","og_image":[{"url":"https:\/\/www.neilmed.com\/gt\/wp-content\/uploads\/sites\/19\/2022\/04\/mail-icon-newsletter.svg","type":"","width":"","height":""}],"twitter_card":"summary_large_image","twitter_misc":{"Tiempo estimado de lectura":"1 minuto"},"schema":{"@context":"https:\/\/schema.org","@graph":[{"@type":"WebPage","@id":"https:\/\/www.neilmed.com\/gt\/live-soon\/","url":"https:\/\/www.neilmed.com\/gt\/live-soon\/","name":"Live Soon - NeilMed Pharmaceuticals - Guatemala","isPartOf":{"@id":"https:\/\/www.neilmed.com\/gt\/#website"},"primaryImageOfPage":{"@id":"https:\/\/www.neilmed.com\/gt\/live-soon\/#primaryimage"},"image":{"@id":"https:\/\/www.neilmed.com\/gt\/live-soon\/#primaryimage"},"thumbnailUrl":"https:\/\/www.neilmed.com\/gt\/wp-content\/uploads\/sites\/19\/2022\/04\/mail-icon-newsletter.svg","datePublished":"2022-05-27T16:48:07+00:00","breadcrumb":{"@id":"https:\/\/www.neilmed.com\/gt\/live-soon\/#breadcrumb"},"inLanguage":"es-CL","potentialAction":[{"@type":"ReadAction","target":["https:\/\/www.neilmed.com\/gt\/live-soon\/"]}]},{"@type":"ImageObject","inLanguage":"es-CL","@id":"https:\/\/www.neilmed.com\/gt\/live-soon\/#primaryimage","url":"https:\/\/www.neilmed.com\/gt\/wp-content\/uploads\/sites\/19\/2022\/04\/mail-icon-newsletter.svg","contentUrl":"https:\/\/www.neilmed.com\/gt\/wp-content\/uploads\/sites\/19\/2022\/04\/mail-icon-newsletter.svg"},{"@type":"BreadcrumbList","@id":"https:\/\/www.neilmed.com\/gt\/live-soon\/#breadcrumb","itemListElement":[{"@type":"ListItem","position":1,"name":"Home","item":"https:\/\/www.neilmed.com\/gt\/"},{"@type":"ListItem","position":2,"name":"Live Soon"}]},{"@type":"WebSite","@id":"https:\/\/www.neilmed.com\/gt\/#website","url":"https:\/\/www.neilmed.com\/gt\/","name":"NeilMed Pharmaceuticals - Guatemala","description":"NeilMed Pharmaceuticals: world leader in nasal saline irrigation system | Sinus Rinse | Neti Pot | Nasal Irrigation","potentialAction":[{"@type":"SearchAction","target":{"@type":"EntryPoint","urlTemplate":"https:\/\/www.neilmed.com\/gt\/?s={search_term_string}"},"query-input":{"@type":"PropertyValueSpecification","valueRequired":true,"valueName":"search_term_string"}}],"inLanguage":"es-CL"}]}},"acf":[],"_links":{"self":[{"href":"https:\/\/www.neilmed.com\/gt\/wp-json\/wp\/v2\/pages\/3823","targetHints":{"allow":["GET"]}}],"collection":[{"href":"https:\/\/www.neilmed.com\/gt\/wp-json\/wp\/v2\/pages"}],"about":[{"href":"https:\/\/www.neilmed.com\/gt\/wp-json\/wp\/v2\/types\/page"}],"author":[{"embeddable":true,"href":"https:\/\/www.neilmed.com\/gt\/wp-json\/wp\/v2\/users\/1"}],"replies":[{"embeddable":true,"href":"https:\/\/www.neilmed.com\/gt\/wp-json\/wp\/v2\/comments?post=3823"}],"version-history":[{"count":0,"href":"https:\/\/www.neilmed.com\/gt\/wp-json\/wp\/v2\/pages\/3823\/revisions"}],"wp:attachment":[{"href":"https:\/\/www.neilmed.com\/gt\/wp-json\/wp\/v2\/media?parent=3823"}],"wp:term":[{"taxonomy":"category","embeddable":true,"href":"https:\/\/www.neilmed.com\/gt\/wp-json\/wp\/v2\/categories?post=3823"},{"taxonomy":"post_tag","embeddable":true,"href":"https:\/\/www.neilmed.com\/gt\/wp-json\/wp\/v2\/tags?post=3823"}],"curies":[{"name":"wp","href":"https:\/\/api.w.org\/{rel}","templated":true}]}}