{"id":194,"date":"2022-02-17T14:46:47","date_gmt":"2022-02-17T22:46:47","guid":{"rendered":"https:\/\/dev.neilmed.com\/pan\/?page_id=194"},"modified":"2022-08-12T11:55:47","modified_gmt":"2022-08-12T18:55:47","slug":"politica-de-privacidad","status":"publish","type":"page","link":"https:\/\/www.neilmed.com\/pan\/politica-de-privacidad\/","title":{"rendered":"Pol\u00edtica De Privacidad"},"content":{"rendered":"\n\n\t<span><span><a href=\"https:\/\/www.neilmed.com\/pan\/\">Home<\/a><\/span><\/span>\n\t<h2>Pol\u00edtica de Privacidad NeilMed&reg; Pharmaceuticals.<\/h2>\n<p>NeilMed&reg; Pharmaceuticals, Inc. respeta la privacidad de los clientes. La informaci\u00f3n proporcionada por un cliente no se entrega a ning\u00fan tercero para futuras campa\u00f1as de marketing. No tenemos asociaci\u00f3n o afiliaci\u00f3n con ninguna otra empresa que pueda utilizar sus datos. Si usted proporciona el nombre y direcci\u00f3n de su m\u00e9dico, es s\u00f3lo con el prop\u00f3sito de enviarle informaci\u00f3n de producto, y no revelaremos ninguna de informaci\u00f3n personal suya a ese m\u00e9dico. Si usted escribe cualquier problema asociado a producto, es con el prop\u00f3sito de mejorar o solucionar \u00e9ste.<\/p>\n<p>Le agradecemos su apoyo y valoramos su aporte como cliente.<\/p>\n\t\t\t\t<img decoding=\"async\" src=\"https:\/\/www.neilmed.com\/pan\/wp-content\/uploads\/sites\/23\/2022\/03\/neilmed-tagline.svg\" alt=\"neilmed-tagline\" itemprop=\"image\" title=\"neilmed-tagline\" onerror=\"this.style.display='none'\"  \/>\n\t\t<h3>Respira f\u00e1cilmente y vuelve a sentir esa agradable sensaci\u00f3n de nariz &#8220;despejada&#8221;<\/h3>\n\t\t\t<a href=\"https:\/\/www.neilmed.com\/pan\/live-soon\/\" target=\"_self\" role=\"button\" rel=\"noopener\">\n\t\t\t\t\t\t\tOrdene Ahora\n\t\t\t<\/a>\n\t\t\t\t<img decoding=\"async\" src=\"https:\/\/www.neilmed.com\/pan\/wp-content\/uploads\/sites\/23\/2022\/04\/mail-icon-newsletter.svg\" alt=\"mail-icon-newsletter\" itemprop=\"image\" title=\"mail-icon-newsletter\" onerror=\"this.style.display='none'\"  \/>\n\t<p>En la lista de correos NeilMed para estar al dia en Literatura Medica y Ofertas Promocionales<\/p>\n\t<form method=\"post\" action=\"\/pan\/newsletter-sign-up\/\" id=\"ContactFooter\">\n          <input type=\"email\" autocomplete=\"email\" placeholder=\"Your email\"\/>\n      <button type=\"submit\" name=\"commit\" id=\"Subscribe\">\n        Subscribe\n        Go\n      <\/button><\/form>\n\n","protected":false},"excerpt":{"rendered":"<p>Pol\u00edtica de Privacidad NeilMed&reg; Pharmaceuticals. NeilMed&reg; Pharmaceuticals, Inc. respeta la privacidad de los clientes. La informaci\u00f3n proporcionada por un cliente no se entrega a ning\u00fan tercero para futuras campa\u00f1as de marketing. No tenemos asociaci\u00f3n o afiliaci\u00f3n con ninguna otra empresa que pueda utilizar sus datos. Si usted proporciona el nombre y direcci\u00f3n de su m\u00e9dico,&hellip;<\/p>\n","protected":false},"author":1,"featured_media":0,"parent":0,"menu_order":16,"comment_status":"closed","ping_status":"closed","template":"","meta":{"_acf_changed":false,"inline_featured_image":false,"footnotes":""},"categories":[13],"tags":[],"class_list":["post-194","page","type-page","status-publish","hentry","category-important-links"],"yoast_head":"<!-- This site is optimized with the Yoast SEO Premium plugin v27.2 (Yoast SEO v27.3) - https:\/\/yoast.com\/product\/yoast-seo-premium-wordpress\/ -->\n<title>Pol\u00edtica De Privacidad - NeilMed Pharmaceuticals - Panama<\/title>\n<meta name=\"description\" content=\"View our NeilMed&reg; Pol\u00edtica De Privacida\" \/>\n<meta name=\"robots\" content=\"index, follow, max-snippet:-1, max-image-preview:large, max-video-preview:-1\" \/>\n<link rel=\"canonical\" href=\"https:\/\/www.neilmed.com\/pan\/politica-de-privacidad\/\" \/>\n<meta property=\"og:locale\" content=\"es_ES\" \/>\n<meta property=\"og:type\" content=\"article\" \/>\n<meta property=\"og:title\" content=\"Pol\u00edtica De Privacidad\" \/>\n<meta property=\"og:description\" content=\"View our NeilMed&reg; Pol\u00edtica De Privacida\" \/>\n<meta property=\"og:url\" content=\"https:\/\/www.neilmed.com\/pan\/politica-de-privacidad\/\" \/>\n<meta property=\"og:site_name\" content=\"NeilMed Pharmaceuticals - Panama\" \/>\n<meta property=\"article:modified_time\" content=\"2022-08-12T18:55:47+00:00\" \/>\n<meta property=\"og:image\" content=\"https:\/\/www.neilmed.com\/pan\/wp-content\/uploads\/sites\/23\/2022\/03\/neilmed-tagline.svg\" \/>\n<meta name=\"twitter:card\" content=\"summary_large_image\" \/>\n<meta name=\"twitter:label1\" content=\"Tiempo estimado de lectura\" \/>\n\t<meta name=\"twitter:data1\" content=\"1 minuto\" \/>\n<script type=\"application\/ld+json\" class=\"yoast-schema-graph\">{\"@context\":\"https:\\\/\\\/schema.org\",\"@graph\":[{\"@type\":\"WebPage\",\"@id\":\"https:\\\/\\\/www.neilmed.com\\\/pan\\\/politica-de-privacidad\\\/\",\"url\":\"https:\\\/\\\/www.neilmed.com\\\/pan\\\/politica-de-privacidad\\\/\",\"name\":\"Pol\u00edtica De Privacidad - NeilMed Pharmaceuticals - Panama\",\"isPartOf\":{\"@id\":\"https:\\\/\\\/www.neilmed.com\\\/pan\\\/#website\"},\"primaryImageOfPage\":{\"@id\":\"https:\\\/\\\/www.neilmed.com\\\/pan\\\/politica-de-privacidad\\\/#primaryimage\"},\"image\":{\"@id\":\"https:\\\/\\\/www.neilmed.com\\\/pan\\\/politica-de-privacidad\\\/#primaryimage\"},\"thumbnailUrl\":\"https:\\\/\\\/www.neilmed.com\\\/pan\\\/wp-content\\\/uploads\\\/sites\\\/23\\\/2022\\\/03\\\/neilmed-tagline.svg\",\"datePublished\":\"2022-02-17T22:46:47+00:00\",\"dateModified\":\"2022-08-12T18:55:47+00:00\",\"description\":\"View our NeilMed&reg; Pol\u00edtica De Privacida\",\"breadcrumb\":{\"@id\":\"https:\\\/\\\/www.neilmed.com\\\/pan\\\/politica-de-privacidad\\\/#breadcrumb\"},\"inLanguage\":\"es-CL\",\"potentialAction\":[{\"@type\":\"ReadAction\",\"target\":[\"https:\\\/\\\/www.neilmed.com\\\/pan\\\/politica-de-privacidad\\\/\"]}]},{\"@type\":\"ImageObject\",\"inLanguage\":\"es-CL\",\"@id\":\"https:\\\/\\\/www.neilmed.com\\\/pan\\\/politica-de-privacidad\\\/#primaryimage\",\"url\":\"https:\\\/\\\/www.neilmed.com\\\/pan\\\/wp-content\\\/uploads\\\/sites\\\/23\\\/2022\\\/03\\\/neilmed-tagline.svg\",\"contentUrl\":\"https:\\\/\\\/www.neilmed.com\\\/pan\\\/wp-content\\\/uploads\\\/sites\\\/23\\\/2022\\\/03\\\/neilmed-tagline.svg\"},{\"@type\":\"BreadcrumbList\",\"@id\":\"https:\\\/\\\/www.neilmed.com\\\/pan\\\/politica-de-privacidad\\\/#breadcrumb\",\"itemListElement\":[{\"@type\":\"ListItem\",\"position\":1,\"name\":\"Home\",\"item\":\"https:\\\/\\\/www.neilmed.com\\\/pan\\\/\"},{\"@type\":\"ListItem\",\"position\":2,\"name\":\"Pol\u00edtica De Privacidad\"}]},{\"@type\":\"WebSite\",\"@id\":\"https:\\\/\\\/www.neilmed.com\\\/pan\\\/#website\",\"url\":\"https:\\\/\\\/www.neilmed.com\\\/pan\\\/\",\"name\":\"NeilMed Pharmaceuticals - Panama\",\"description\":\"NeilMed Pharmaceuticals: world leader in nasal saline irrigation system | Sinus Rinse | Neti Pot | Nasal Irrigation\",\"potentialAction\":[{\"@type\":\"SearchAction\",\"target\":{\"@type\":\"EntryPoint\",\"urlTemplate\":\"https:\\\/\\\/www.neilmed.com\\\/pan\\\/?s={search_term_string}\"},\"query-input\":{\"@type\":\"PropertyValueSpecification\",\"valueRequired\":true,\"valueName\":\"search_term_string\"}}],\"inLanguage\":\"es-CL\"}]}<\/script>\n<!-- \/ Yoast SEO Premium plugin. -->","yoast_head_json":{"title":"Pol\u00edtica De Privacidad - NeilMed Pharmaceuticals - Panama","description":"View our NeilMed&reg; Pol\u00edtica De Privacida","robots":{"index":"index","follow":"follow","max-snippet":"max-snippet:-1","max-image-preview":"max-image-preview:large","max-video-preview":"max-video-preview:-1"},"canonical":"https:\/\/www.neilmed.com\/pan\/politica-de-privacidad\/","og_locale":"es_ES","og_type":"article","og_title":"Pol\u00edtica De Privacidad","og_description":"View our NeilMed&reg; Pol\u00edtica De Privacida","og_url":"https:\/\/www.neilmed.com\/pan\/politica-de-privacidad\/","og_site_name":"NeilMed Pharmaceuticals - Panama","article_modified_time":"2022-08-12T18:55:47+00:00","og_image":[{"url":"https:\/\/www.neilmed.com\/pan\/wp-content\/uploads\/sites\/23\/2022\/03\/neilmed-tagline.svg","type":"","width":"","height":""}],"twitter_card":"summary_large_image","twitter_misc":{"Tiempo estimado de lectura":"1 minuto"},"schema":{"@context":"https:\/\/schema.org","@graph":[{"@type":"WebPage","@id":"https:\/\/www.neilmed.com\/pan\/politica-de-privacidad\/","url":"https:\/\/www.neilmed.com\/pan\/politica-de-privacidad\/","name":"Pol\u00edtica De Privacidad - NeilMed Pharmaceuticals - Panama","isPartOf":{"@id":"https:\/\/www.neilmed.com\/pan\/#website"},"primaryImageOfPage":{"@id":"https:\/\/www.neilmed.com\/pan\/politica-de-privacidad\/#primaryimage"},"image":{"@id":"https:\/\/www.neilmed.com\/pan\/politica-de-privacidad\/#primaryimage"},"thumbnailUrl":"https:\/\/www.neilmed.com\/pan\/wp-content\/uploads\/sites\/23\/2022\/03\/neilmed-tagline.svg","datePublished":"2022-02-17T22:46:47+00:00","dateModified":"2022-08-12T18:55:47+00:00","description":"View our NeilMed&reg; Pol\u00edtica De Privacida","breadcrumb":{"@id":"https:\/\/www.neilmed.com\/pan\/politica-de-privacidad\/#breadcrumb"},"inLanguage":"es-CL","potentialAction":[{"@type":"ReadAction","target":["https:\/\/www.neilmed.com\/pan\/politica-de-privacidad\/"]}]},{"@type":"ImageObject","inLanguage":"es-CL","@id":"https:\/\/www.neilmed.com\/pan\/politica-de-privacidad\/#primaryimage","url":"https:\/\/www.neilmed.com\/pan\/wp-content\/uploads\/sites\/23\/2022\/03\/neilmed-tagline.svg","contentUrl":"https:\/\/www.neilmed.com\/pan\/wp-content\/uploads\/sites\/23\/2022\/03\/neilmed-tagline.svg"},{"@type":"BreadcrumbList","@id":"https:\/\/www.neilmed.com\/pan\/politica-de-privacidad\/#breadcrumb","itemListElement":[{"@type":"ListItem","position":1,"name":"Home","item":"https:\/\/www.neilmed.com\/pan\/"},{"@type":"ListItem","position":2,"name":"Pol\u00edtica De Privacidad"}]},{"@type":"WebSite","@id":"https:\/\/www.neilmed.com\/pan\/#website","url":"https:\/\/www.neilmed.com\/pan\/","name":"NeilMed Pharmaceuticals - Panama","description":"NeilMed Pharmaceuticals: world leader in nasal saline irrigation system | Sinus Rinse | Neti Pot | Nasal Irrigation","potentialAction":[{"@type":"SearchAction","target":{"@type":"EntryPoint","urlTemplate":"https:\/\/www.neilmed.com\/pan\/?s={search_term_string}"},"query-input":{"@type":"PropertyValueSpecification","valueRequired":true,"valueName":"search_term_string"}}],"inLanguage":"es-CL"}]}},"acf":[],"_links":{"self":[{"href":"https:\/\/www.neilmed.com\/pan\/wp-json\/wp\/v2\/pages\/194","targetHints":{"allow":["GET"]}}],"collection":[{"href":"https:\/\/www.neilmed.com\/pan\/wp-json\/wp\/v2\/pages"}],"about":[{"href":"https:\/\/www.neilmed.com\/pan\/wp-json\/wp\/v2\/types\/page"}],"author":[{"embeddable":true,"href":"https:\/\/www.neilmed.com\/pan\/wp-json\/wp\/v2\/users\/1"}],"replies":[{"embeddable":true,"href":"https:\/\/www.neilmed.com\/pan\/wp-json\/wp\/v2\/comments?post=194"}],"version-history":[{"count":1,"href":"https:\/\/www.neilmed.com\/pan\/wp-json\/wp\/v2\/pages\/194\/revisions"}],"predecessor-version":[{"id":4109,"href":"https:\/\/www.neilmed.com\/pan\/wp-json\/wp\/v2\/pages\/194\/revisions\/4109"}],"wp:attachment":[{"href":"https:\/\/www.neilmed.com\/pan\/wp-json\/wp\/v2\/media?parent=194"}],"wp:term":[{"taxonomy":"category","embeddable":true,"href":"https:\/\/www.neilmed.com\/pan\/wp-json\/wp\/v2\/categories?post=194"},{"taxonomy":"post_tag","embeddable":true,"href":"https:\/\/www.neilmed.com\/pan\/wp-json\/wp\/v2\/tags?post=194"}],"curies":[{"name":"wp","href":"https:\/\/api.w.org\/{rel}","templated":true}]}}