{"id":5696,"date":"2018-05-31T17:12:13","date_gmt":"2018-06-01T00:12:13","guid":{"rendered":"https:\/\/webstore.neilmed.com\/cr\/?post_type=product&#038;p=5696"},"modified":"2025-07-17T15:40:20","modified_gmt":"2025-07-17T22:40:20","slug":"nasamist-isotonico-75-ml","status":"publish","type":"product","link":"https:\/\/www.neilmed.com\/pan\/product\/nasamist-isotonico-75-ml\/","title":{"rendered":"NasaMist Isot\u00f3nico 75-ml"},"content":{"rendered":"<p>NasaMist\u00ae Soluci\u00f3n Salina Isot\u00f3nica es un spray calmante natural est\u00e9ril. Rociando una suave niebla fina en la nariz es una excelente forma de mantener las fosas nasales hidratadas. NasaMist\u00ae Soluci\u00f3n Isot\u00f3nica viene en dos presentaciones; isot\u00f3nica e hipert\u00f3nica de alta concentraci\u00f3n. Los sprays nasales no deben ser confundidos con sistemas de riego de gran volumen como SINURINSE\u2122\u00a0 Nasal Wash.<\/p>\n<p>NasaMist\u00ae Spray Salino ayuda a aliviar:<br \/>\n* Alergias nasales y sequedad<br \/>\n* Sinusitis rinitis<br \/>\n* Asma al\u00e9rgica<br \/>\n* Post goteo nasal<br \/>\n* Presi\u00f3n sinusal y Congesti\u00f3n nasal<br \/>\n* S\u00edntomas del resfr\u00edo y gripe<br \/>\n* Irritaci\u00f3n nasal ocupacional y polvo de la casa, humo, caspa de los animales, c\u00e9sped, polen, contaminantes ambientales<\/p>\n<p><b>Contiene:<\/b><br \/>\n* 1 frasco 75-mL (2,53 fl oz)<br \/>\n* Folleto educativo e instrucciones de uso<\/p>\n<p><b>Instrucciones de Uso y Advertencias<br \/>\n<\/b>Por favor lea las Advertencias antes de usar.<br \/>\nUSAR S\u00d3LO COMO SE INDICA, SI LOS S\u00cdNTOMAS PERSISTEN VISITE UN M\u00c9DICO O PROFESIONAL DE LA SALUD SIEMPRE LEA LA ETIQUETA<\/p>\n<p>Este spray salino sin f\u00e1rmacos, que no produce ardor, ayuda a aliviar las alergias nasales, sequedad, post-goteo nasal y congesti\u00f3n del resfriado com\u00fan o la gripe. Hipert\u00f3nicos ofrecen m\u00e1s del doble de la concentraci\u00f3n de la soluci\u00f3n salina isot\u00f3nica. El Pedi\u00e1trico proporciona un estuche especialmente dise\u00f1ado para beb\u00e9s y ni\u00f1os, y la boquilla es la misma como nuestra la boquilla del estuche azul. P\u00f3ngase en contacto con su m\u00e9dico antes de utilizar en beb\u00e9s menores de 6 meses.<\/p>\n<p>Paso 1: Insertar la boquilla en la fosa nasal y presione la v\u00e1lvula suavemente hasta que el volumen adecuado haya sido rociado, y las fosas nasales est\u00e9n hidratadas.<br \/>\nPaso 2: Repita el mismo procedimiento para la otra fosa nasal. En el caso de beb\u00e9s y ni\u00f1os, no insertar la boquilla m\u00e1s all\u00e1 del ribete. Utilice tan a menudo como sea necesario para hidratar.<\/p>\n<p>Ventajas de la Soluci\u00f3n Hipert\u00f3nica &#8211; Extra Fuerte*<br \/>\nEstudios demuestran que una soluci\u00f3n hipert\u00f3nica al 2,7%, o soluciones m\u00e1s concentradas, pueden ayudar a reducir la congesti\u00f3n mejor que una soluci\u00f3n isot\u00f3nica (0,9%). Esto es porque una soluci\u00f3n m\u00e1s concentrada de sal absorber\u00e1 m\u00e1s agua del tejido congestionado, reducir\u00e1 la inflamaci\u00f3n y abrir\u00e1 las fosas nasales y sinusales, permitiendo un mejor drenaje. Es posible que experimente ardor o escozor temporal con la soluci\u00f3n hipert\u00f3nica. Si el problema persiste, por favor use nuestra soluci\u00f3n isot\u00f3nica spray.<\/p>\n<p><span style=\"color: #ff0000;\"><b>ADVERTENCIAS<\/b><\/span><\/p>\n<p>\u2022 El sistema est\u00e1 dise\u00f1ado para un solo usuario, reduciendo el riesgo de contaminaci\u00f3n<br \/>\n\u2022 No bloquear completamente u ocluir pasaje nasal durante su uso para evitar cualquier presi\u00f3n en la nariz y los o\u00eddos<br \/>\n\u2022 Mantener fuera del alcance de los ni\u00f1os<br \/>\n\u2022 Contenido bajo presi\u00f3n; por favor no perfore ni incinere<br \/>\n\u2022 Almacenar entre 41\u00b0F (5\u00b0C) y 131\u00b0F (55\u00b0C), fuera de la luz solar, y lejos de fuentes de calor. Evitar la congelaci\u00f3n<br \/>\n\u2022 Consulte a un m\u00e9dico antes de su uso en beb\u00e9s y ni\u00f1os peque\u00f1os<\/p>\n<p>*Comparado a soluci\u00f3n Isot\u00f3nica<\/p>\n","protected":false},"excerpt":{"rendered":"<p>NasaMist\u00ae Soluci\u00f3n salina isot\u00f3nica spray para proteger, limpiar, hidratar y suavizar sus delicadas fosas nasales.<\/p>\n","protected":false},"featured_media":6080,"comment_status":"open","ping_status":"closed","template":"","meta":{"_acf_changed":false,"inline_featured_image":false},"product_brand":[],"product_cat":[51],"product_tag":[],"class_list":{"0":"post-5696","1":"product","2":"type-product","3":"status-publish","4":"has-post-thumbnail","6":"product_cat-spray-solucion-salina-esteril","8":"first","9":"instock","10":"shipping-taxable","11":"purchasable","12":"product-type-simple"},"yoast_head":"<!-- This site is optimized with the Yoast SEO Premium plugin v27.2 (Yoast SEO v27.3) - https:\/\/yoast.com\/product\/yoast-seo-premium-wordpress\/ -->\n<title>NasaMist Isot\u00f3nico 75-ml - NeilMed Pharmaceuticals - Panama<\/title>\n<meta name=\"robots\" content=\"index, follow, max-snippet:-1, max-image-preview:large, max-video-preview:-1\" \/>\n<link rel=\"canonical\" href=\"https:\/\/www.neilmed.com\/pan\/product\/nasamist-isotonico-75-ml\/\" \/>\n<meta property=\"og:locale\" content=\"es_ES\" \/>\n<meta property=\"og:type\" content=\"article\" \/>\n<meta property=\"og:title\" content=\"NasaMist Isot\u00f3nico 75-ml\" \/>\n<meta property=\"og:description\" content=\"NasaMist\u00ae Soluci\u00f3n salina isot\u00f3nica spray para proteger, limpiar, hidratar y suavizar sus delicadas fosas nasales.\" \/>\n<meta property=\"og:url\" content=\"https:\/\/www.neilmed.com\/pan\/product\/nasamist-isotonico-75-ml\/\" \/>\n<meta property=\"og:site_name\" content=\"NeilMed Pharmaceuticals - Panama\" \/>\n<meta property=\"article:modified_time\" content=\"2025-07-17T22:40:20+00:00\" \/>\n<meta property=\"og:image\" content=\"https:\/\/www.neilmed.com\/pan\/wp-content\/uploads\/sites\/23\/2024\/12\/2701-SPA-INT-Rev8-R1.jpg\" \/>\n\t<meta property=\"og:image:width\" content=\"1000\" \/>\n\t<meta property=\"og:image:height\" content=\"1000\" \/>\n\t<meta property=\"og:image:type\" content=\"image\/jpeg\" \/>\n<meta name=\"twitter:card\" content=\"summary_large_image\" \/>\n<meta name=\"twitter:label1\" content=\"Tiempo estimado de lectura\" \/>\n\t<meta name=\"twitter:data1\" content=\"3 minutos\" \/>\n<script type=\"application\/ld+json\" class=\"yoast-schema-graph\">{\"@context\":\"https:\\\/\\\/schema.org\",\"@graph\":[{\"@type\":\"WebPage\",\"@id\":\"https:\\\/\\\/www.neilmed.com\\\/pan\\\/product\\\/nasamist-isotonico-75-ml\\\/\",\"url\":\"https:\\\/\\\/www.neilmed.com\\\/pan\\\/product\\\/nasamist-isotonico-75-ml\\\/\",\"name\":\"NasaMist Isot\u00f3nico 75-ml - NeilMed Pharmaceuticals - Panama\",\"isPartOf\":{\"@id\":\"https:\\\/\\\/www.neilmed.com\\\/pan\\\/#website\"},\"primaryImageOfPage\":{\"@id\":\"https:\\\/\\\/www.neilmed.com\\\/pan\\\/product\\\/nasamist-isotonico-75-ml\\\/#primaryimage\"},\"image\":{\"@id\":\"https:\\\/\\\/www.neilmed.com\\\/pan\\\/product\\\/nasamist-isotonico-75-ml\\\/#primaryimage\"},\"thumbnailUrl\":\"https:\\\/\\\/www.neilmed.com\\\/pan\\\/wp-content\\\/uploads\\\/sites\\\/23\\\/2024\\\/12\\\/2701-SPA-INT-Rev8-R1.jpg\",\"datePublished\":\"2018-06-01T00:12:13+00:00\",\"dateModified\":\"2025-07-17T22:40:20+00:00\",\"breadcrumb\":{\"@id\":\"https:\\\/\\\/www.neilmed.com\\\/pan\\\/product\\\/nasamist-isotonico-75-ml\\\/#breadcrumb\"},\"inLanguage\":\"es-CL\",\"potentialAction\":[{\"@type\":\"ReadAction\",\"target\":[\"https:\\\/\\\/www.neilmed.com\\\/pan\\\/product\\\/nasamist-isotonico-75-ml\\\/\"]}]},{\"@type\":\"ImageObject\",\"inLanguage\":\"es-CL\",\"@id\":\"https:\\\/\\\/www.neilmed.com\\\/pan\\\/product\\\/nasamist-isotonico-75-ml\\\/#primaryimage\",\"url\":\"https:\\\/\\\/www.neilmed.com\\\/pan\\\/wp-content\\\/uploads\\\/sites\\\/23\\\/2024\\\/12\\\/2701-SPA-INT-Rev8-R1.jpg\",\"contentUrl\":\"https:\\\/\\\/www.neilmed.com\\\/pan\\\/wp-content\\\/uploads\\\/sites\\\/23\\\/2024\\\/12\\\/2701-SPA-INT-Rev8-R1.jpg\",\"width\":1000,\"height\":1000,\"caption\":\"NasaMist Isot\u00f3nico 75-ml\"},{\"@type\":\"BreadcrumbList\",\"@id\":\"https:\\\/\\\/www.neilmed.com\\\/pan\\\/product\\\/nasamist-isotonico-75-ml\\\/#breadcrumb\",\"itemListElement\":[{\"@type\":\"ListItem\",\"position\":1,\"name\":\"Home\",\"item\":\"https:\\\/\\\/www.neilmed.com\\\/pan\\\/\"},{\"@type\":\"ListItem\",\"position\":2,\"name\":\"Tienda\",\"item\":\"https:\\\/\\\/www.neilmed.com\\\/pan\\\/tienda\\\/\"},{\"@type\":\"ListItem\",\"position\":3,\"name\":\"NasaMist Isot\u00f3nico 75-ml\"}]},{\"@type\":\"WebSite\",\"@id\":\"https:\\\/\\\/www.neilmed.com\\\/pan\\\/#website\",\"url\":\"https:\\\/\\\/www.neilmed.com\\\/pan\\\/\",\"name\":\"NeilMed Pharmaceuticals - Panama\",\"description\":\"NeilMed Pharmaceuticals: world leader in nasal saline irrigation system | Sinus Rinse | Neti Pot | Nasal Irrigation\",\"potentialAction\":[{\"@type\":\"SearchAction\",\"target\":{\"@type\":\"EntryPoint\",\"urlTemplate\":\"https:\\\/\\\/www.neilmed.com\\\/pan\\\/?s={search_term_string}\"},\"query-input\":{\"@type\":\"PropertyValueSpecification\",\"valueRequired\":true,\"valueName\":\"search_term_string\"}}],\"inLanguage\":\"es-CL\"}]}<\/script>\n<!-- \/ Yoast SEO Premium plugin. -->","yoast_head_json":{"title":"NasaMist Isot\u00f3nico 75-ml - NeilMed Pharmaceuticals - Panama","robots":{"index":"index","follow":"follow","max-snippet":"max-snippet:-1","max-image-preview":"max-image-preview:large","max-video-preview":"max-video-preview:-1"},"canonical":"https:\/\/www.neilmed.com\/pan\/product\/nasamist-isotonico-75-ml\/","og_locale":"es_ES","og_type":"article","og_title":"NasaMist Isot\u00f3nico 75-ml","og_description":"NasaMist\u00ae Soluci\u00f3n salina isot\u00f3nica spray para proteger, limpiar, hidratar y suavizar sus delicadas fosas nasales.","og_url":"https:\/\/www.neilmed.com\/pan\/product\/nasamist-isotonico-75-ml\/","og_site_name":"NeilMed Pharmaceuticals - Panama","article_modified_time":"2025-07-17T22:40:20+00:00","og_image":[{"width":1000,"height":1000,"url":"https:\/\/www.neilmed.com\/pan\/wp-content\/uploads\/sites\/23\/2024\/12\/2701-SPA-INT-Rev8-R1.jpg","type":"image\/jpeg"}],"twitter_card":"summary_large_image","twitter_misc":{"Tiempo estimado de lectura":"3 minutos"},"schema":{"@context":"https:\/\/schema.org","@graph":[{"@type":"WebPage","@id":"https:\/\/www.neilmed.com\/pan\/product\/nasamist-isotonico-75-ml\/","url":"https:\/\/www.neilmed.com\/pan\/product\/nasamist-isotonico-75-ml\/","name":"NasaMist Isot\u00f3nico 75-ml - NeilMed Pharmaceuticals - Panama","isPartOf":{"@id":"https:\/\/www.neilmed.com\/pan\/#website"},"primaryImageOfPage":{"@id":"https:\/\/www.neilmed.com\/pan\/product\/nasamist-isotonico-75-ml\/#primaryimage"},"image":{"@id":"https:\/\/www.neilmed.com\/pan\/product\/nasamist-isotonico-75-ml\/#primaryimage"},"thumbnailUrl":"https:\/\/www.neilmed.com\/pan\/wp-content\/uploads\/sites\/23\/2024\/12\/2701-SPA-INT-Rev8-R1.jpg","datePublished":"2018-06-01T00:12:13+00:00","dateModified":"2025-07-17T22:40:20+00:00","breadcrumb":{"@id":"https:\/\/www.neilmed.com\/pan\/product\/nasamist-isotonico-75-ml\/#breadcrumb"},"inLanguage":"es-CL","potentialAction":[{"@type":"ReadAction","target":["https:\/\/www.neilmed.com\/pan\/product\/nasamist-isotonico-75-ml\/"]}]},{"@type":"ImageObject","inLanguage":"es-CL","@id":"https:\/\/www.neilmed.com\/pan\/product\/nasamist-isotonico-75-ml\/#primaryimage","url":"https:\/\/www.neilmed.com\/pan\/wp-content\/uploads\/sites\/23\/2024\/12\/2701-SPA-INT-Rev8-R1.jpg","contentUrl":"https:\/\/www.neilmed.com\/pan\/wp-content\/uploads\/sites\/23\/2024\/12\/2701-SPA-INT-Rev8-R1.jpg","width":1000,"height":1000,"caption":"NasaMist Isot\u00f3nico 75-ml"},{"@type":"BreadcrumbList","@id":"https:\/\/www.neilmed.com\/pan\/product\/nasamist-isotonico-75-ml\/#breadcrumb","itemListElement":[{"@type":"ListItem","position":1,"name":"Home","item":"https:\/\/www.neilmed.com\/pan\/"},{"@type":"ListItem","position":2,"name":"Tienda","item":"https:\/\/www.neilmed.com\/pan\/tienda\/"},{"@type":"ListItem","position":3,"name":"NasaMist Isot\u00f3nico 75-ml"}]},{"@type":"WebSite","@id":"https:\/\/www.neilmed.com\/pan\/#website","url":"https:\/\/www.neilmed.com\/pan\/","name":"NeilMed Pharmaceuticals - Panama","description":"NeilMed Pharmaceuticals: world leader in nasal saline irrigation system | Sinus Rinse | Neti Pot | Nasal Irrigation","potentialAction":[{"@type":"SearchAction","target":{"@type":"EntryPoint","urlTemplate":"https:\/\/www.neilmed.com\/pan\/?s={search_term_string}"},"query-input":{"@type":"PropertyValueSpecification","valueRequired":true,"valueName":"search_term_string"}}],"inLanguage":"es-CL"}]}},"acf":[],"_links":{"self":[{"href":"https:\/\/www.neilmed.com\/pan\/wp-json\/wp\/v2\/product\/5696","targetHints":{"allow":["GET"]}}],"collection":[{"href":"https:\/\/www.neilmed.com\/pan\/wp-json\/wp\/v2\/product"}],"about":[{"href":"https:\/\/www.neilmed.com\/pan\/wp-json\/wp\/v2\/types\/product"}],"replies":[{"embeddable":true,"href":"https:\/\/www.neilmed.com\/pan\/wp-json\/wp\/v2\/comments?post=5696"}],"wp:featuredmedia":[{"embeddable":true,"href":"https:\/\/www.neilmed.com\/pan\/wp-json\/wp\/v2\/media\/6080"}],"wp:attachment":[{"href":"https:\/\/www.neilmed.com\/pan\/wp-json\/wp\/v2\/media?parent=5696"}],"wp:term":[{"taxonomy":"product_brand","embeddable":true,"href":"https:\/\/www.neilmed.com\/pan\/wp-json\/wp\/v2\/product_brand?post=5696"},{"taxonomy":"product_cat","embeddable":true,"href":"https:\/\/www.neilmed.com\/pan\/wp-json\/wp\/v2\/product_cat?post=5696"},{"taxonomy":"product_tag","embeddable":true,"href":"https:\/\/www.neilmed.com\/pan\/wp-json\/wp\/v2\/product_tag?post=5696"}],"curies":[{"name":"wp","href":"https:\/\/api.w.org\/{rel}","templated":true}]}}