{"id":5701,"date":"2018-05-31T17:22:13","date_gmt":"2018-06-01T00:22:13","guid":{"rendered":"https:\/\/webstore.neilmed.com\/cr\/?post_type=product&#038;p=5701"},"modified":"2025-07-17T15:54:25","modified_gmt":"2025-07-17T22:54:25","slug":"neilmed-sinugator","status":"publish","type":"product","link":"https:\/\/www.neilmed.com\/pan\/product\/neilmed-sinugator\/","title":{"rendered":"NeilMed Sinugator"},"content":{"rendered":"<ul>\n<li>Sistema calmante, sin ardor ni escozor, de volumen grande y presi\u00f3n baja\u2122 para la irrigaci\u00f3n, humectaci\u00f3n e higiene nasal diaria mediante soluci\u00f3n salina \u2022 Sin conservantes, drogas, yodo, BPA, gluten o l\u00e1tex<\/li>\n<li>Sobres premezclados de cloruro de sodio y bicarbonato de sodio de grado USP (nivel de pureza de 99 % o m\u00e1s alto)<\/li>\n<li>Excelente limpieza antes de aplicar atomizaciones de corticosteroides nasales<\/li>\n<li>De pH equilibrado e isot\u00f3nic0, o hipert\u00f3nico con dos o m\u00e1s sobres<\/li>\n<li>Flujo puls\u00e1til<\/li>\n<li>Puede usarse despu\u00e9s de cirug\u00eda de los senos paranasales y durante el embarazo Consulte sus dudas con su m\u00e9dico.<\/li>\n<li>Garant\u00eda de reembolso de dinero de 120 d\u00edas<\/li>\n<li>5 a\u00f1os de garant\u00eda incondicional del fabricante<\/li>\n<\/ul>\n<p><strong>Contiene:<\/strong> Un irrigador, 30 sobres, 3 pilas AA, folleto educativo e instrucciones de uso<\/p>\n","protected":false},"excerpt":{"rendered":"<p>Limpiador Nasal inal\u00e1mbrico pulsante<\/p>\n<ul>\n<li>Cuidado nasal y de los senos paranasales<\/li>\n<li>5 a\u00f1os de garant\u00eda incondicional del fabricante<\/li>\n<li>Garant\u00eda de reembolso de dinero de 120 d\u00edas<\/li>\n<\/ul>\n","protected":false},"featured_media":6081,"comment_status":"open","ping_status":"closed","template":"","meta":{"_acf_changed":false,"inline_featured_image":false},"product_brand":[],"product_cat":[49],"product_tag":[],"class_list":{"0":"post-5701","1":"product","2":"type-product","3":"status-publish","4":"has-post-thumbnail","6":"product_cat-cuidado-nasal","8":"first","9":"instock","10":"featured","11":"shipping-taxable","12":"purchasable","13":"product-type-simple"},"yoast_head":"<!-- This site is optimized with the Yoast SEO Premium plugin v27.2 (Yoast SEO v27.3) - https:\/\/yoast.com\/product\/yoast-seo-premium-wordpress\/ -->\n<title>NeilMed Sinugator - NeilMed Pharmaceuticals - Panama<\/title>\n<meta name=\"robots\" content=\"index, follow, max-snippet:-1, max-image-preview:large, max-video-preview:-1\" \/>\n<link rel=\"canonical\" href=\"https:\/\/www.neilmed.com\/pan\/product\/neilmed-sinugator\/\" \/>\n<meta property=\"og:locale\" content=\"es_ES\" \/>\n<meta property=\"og:type\" content=\"article\" \/>\n<meta property=\"og:title\" content=\"NeilMed Sinugator\" \/>\n<meta property=\"og:description\" content=\"Limpiador Nasal inal\u00e1mbrico pulsante   Cuidado nasal y de los senos paranasales  5 a\u00f1os de garant\u00eda incondicional del fabricante  Garant\u00eda de reembolso de dinero de 120 d\u00edas\" \/>\n<meta property=\"og:url\" content=\"https:\/\/www.neilmed.com\/pan\/product\/neilmed-sinugator\/\" \/>\n<meta property=\"og:site_name\" content=\"NeilMed Pharmaceuticals - Panama\" \/>\n<meta property=\"article:modified_time\" content=\"2025-07-17T22:54:25+00:00\" \/>\n<meta property=\"og:image\" content=\"https:\/\/www.neilmed.com\/pan\/wp-content\/uploads\/sites\/23\/2024\/12\/2941-SPA-INT-Rev1-R1.jpg\" \/>\n\t<meta property=\"og:image:width\" content=\"1000\" \/>\n\t<meta property=\"og:image:height\" content=\"1000\" \/>\n\t<meta property=\"og:image:type\" content=\"image\/jpeg\" \/>\n<meta name=\"twitter:card\" content=\"summary_large_image\" \/>\n<meta name=\"twitter:label1\" content=\"Tiempo estimado de lectura\" \/>\n\t<meta name=\"twitter:data1\" content=\"1 minuto\" \/>\n<script type=\"application\/ld+json\" class=\"yoast-schema-graph\">{\"@context\":\"https:\\\/\\\/schema.org\",\"@graph\":[{\"@type\":\"WebPage\",\"@id\":\"https:\\\/\\\/www.neilmed.com\\\/pan\\\/product\\\/neilmed-sinugator\\\/\",\"url\":\"https:\\\/\\\/www.neilmed.com\\\/pan\\\/product\\\/neilmed-sinugator\\\/\",\"name\":\"NeilMed Sinugator - NeilMed Pharmaceuticals - Panama\",\"isPartOf\":{\"@id\":\"https:\\\/\\\/www.neilmed.com\\\/pan\\\/#website\"},\"primaryImageOfPage\":{\"@id\":\"https:\\\/\\\/www.neilmed.com\\\/pan\\\/product\\\/neilmed-sinugator\\\/#primaryimage\"},\"image\":{\"@id\":\"https:\\\/\\\/www.neilmed.com\\\/pan\\\/product\\\/neilmed-sinugator\\\/#primaryimage\"},\"thumbnailUrl\":\"https:\\\/\\\/www.neilmed.com\\\/pan\\\/wp-content\\\/uploads\\\/sites\\\/23\\\/2024\\\/12\\\/2941-SPA-INT-Rev1-R1.jpg\",\"datePublished\":\"2018-06-01T00:22:13+00:00\",\"dateModified\":\"2025-07-17T22:54:25+00:00\",\"breadcrumb\":{\"@id\":\"https:\\\/\\\/www.neilmed.com\\\/pan\\\/product\\\/neilmed-sinugator\\\/#breadcrumb\"},\"inLanguage\":\"es-CL\",\"potentialAction\":[{\"@type\":\"ReadAction\",\"target\":[\"https:\\\/\\\/www.neilmed.com\\\/pan\\\/product\\\/neilmed-sinugator\\\/\"]}]},{\"@type\":\"ImageObject\",\"inLanguage\":\"es-CL\",\"@id\":\"https:\\\/\\\/www.neilmed.com\\\/pan\\\/product\\\/neilmed-sinugator\\\/#primaryimage\",\"url\":\"https:\\\/\\\/www.neilmed.com\\\/pan\\\/wp-content\\\/uploads\\\/sites\\\/23\\\/2024\\\/12\\\/2941-SPA-INT-Rev1-R1.jpg\",\"contentUrl\":\"https:\\\/\\\/www.neilmed.com\\\/pan\\\/wp-content\\\/uploads\\\/sites\\\/23\\\/2024\\\/12\\\/2941-SPA-INT-Rev1-R1.jpg\",\"width\":1000,\"height\":1000,\"caption\":\"NeilMed Sinugator\"},{\"@type\":\"BreadcrumbList\",\"@id\":\"https:\\\/\\\/www.neilmed.com\\\/pan\\\/product\\\/neilmed-sinugator\\\/#breadcrumb\",\"itemListElement\":[{\"@type\":\"ListItem\",\"position\":1,\"name\":\"Home\",\"item\":\"https:\\\/\\\/www.neilmed.com\\\/pan\\\/\"},{\"@type\":\"ListItem\",\"position\":2,\"name\":\"Tienda\",\"item\":\"https:\\\/\\\/www.neilmed.com\\\/pan\\\/tienda\\\/\"},{\"@type\":\"ListItem\",\"position\":3,\"name\":\"NeilMed Sinugator\"}]},{\"@type\":\"WebSite\",\"@id\":\"https:\\\/\\\/www.neilmed.com\\\/pan\\\/#website\",\"url\":\"https:\\\/\\\/www.neilmed.com\\\/pan\\\/\",\"name\":\"NeilMed Pharmaceuticals - Panama\",\"description\":\"NeilMed Pharmaceuticals: world leader in nasal saline irrigation system | Sinus Rinse | Neti Pot | Nasal Irrigation\",\"potentialAction\":[{\"@type\":\"SearchAction\",\"target\":{\"@type\":\"EntryPoint\",\"urlTemplate\":\"https:\\\/\\\/www.neilmed.com\\\/pan\\\/?s={search_term_string}\"},\"query-input\":{\"@type\":\"PropertyValueSpecification\",\"valueRequired\":true,\"valueName\":\"search_term_string\"}}],\"inLanguage\":\"es-CL\"}]}<\/script>\n<!-- \/ Yoast SEO Premium plugin. -->","yoast_head_json":{"title":"NeilMed Sinugator - NeilMed Pharmaceuticals - Panama","robots":{"index":"index","follow":"follow","max-snippet":"max-snippet:-1","max-image-preview":"max-image-preview:large","max-video-preview":"max-video-preview:-1"},"canonical":"https:\/\/www.neilmed.com\/pan\/product\/neilmed-sinugator\/","og_locale":"es_ES","og_type":"article","og_title":"NeilMed Sinugator","og_description":"Limpiador Nasal inal\u00e1mbrico pulsante   Cuidado nasal y de los senos paranasales  5 a\u00f1os de garant\u00eda incondicional del fabricante  Garant\u00eda de reembolso de dinero de 120 d\u00edas","og_url":"https:\/\/www.neilmed.com\/pan\/product\/neilmed-sinugator\/","og_site_name":"NeilMed Pharmaceuticals - Panama","article_modified_time":"2025-07-17T22:54:25+00:00","og_image":[{"width":1000,"height":1000,"url":"https:\/\/www.neilmed.com\/pan\/wp-content\/uploads\/sites\/23\/2024\/12\/2941-SPA-INT-Rev1-R1.jpg","type":"image\/jpeg"}],"twitter_card":"summary_large_image","twitter_misc":{"Tiempo estimado de lectura":"1 minuto"},"schema":{"@context":"https:\/\/schema.org","@graph":[{"@type":"WebPage","@id":"https:\/\/www.neilmed.com\/pan\/product\/neilmed-sinugator\/","url":"https:\/\/www.neilmed.com\/pan\/product\/neilmed-sinugator\/","name":"NeilMed Sinugator - NeilMed Pharmaceuticals - Panama","isPartOf":{"@id":"https:\/\/www.neilmed.com\/pan\/#website"},"primaryImageOfPage":{"@id":"https:\/\/www.neilmed.com\/pan\/product\/neilmed-sinugator\/#primaryimage"},"image":{"@id":"https:\/\/www.neilmed.com\/pan\/product\/neilmed-sinugator\/#primaryimage"},"thumbnailUrl":"https:\/\/www.neilmed.com\/pan\/wp-content\/uploads\/sites\/23\/2024\/12\/2941-SPA-INT-Rev1-R1.jpg","datePublished":"2018-06-01T00:22:13+00:00","dateModified":"2025-07-17T22:54:25+00:00","breadcrumb":{"@id":"https:\/\/www.neilmed.com\/pan\/product\/neilmed-sinugator\/#breadcrumb"},"inLanguage":"es-CL","potentialAction":[{"@type":"ReadAction","target":["https:\/\/www.neilmed.com\/pan\/product\/neilmed-sinugator\/"]}]},{"@type":"ImageObject","inLanguage":"es-CL","@id":"https:\/\/www.neilmed.com\/pan\/product\/neilmed-sinugator\/#primaryimage","url":"https:\/\/www.neilmed.com\/pan\/wp-content\/uploads\/sites\/23\/2024\/12\/2941-SPA-INT-Rev1-R1.jpg","contentUrl":"https:\/\/www.neilmed.com\/pan\/wp-content\/uploads\/sites\/23\/2024\/12\/2941-SPA-INT-Rev1-R1.jpg","width":1000,"height":1000,"caption":"NeilMed Sinugator"},{"@type":"BreadcrumbList","@id":"https:\/\/www.neilmed.com\/pan\/product\/neilmed-sinugator\/#breadcrumb","itemListElement":[{"@type":"ListItem","position":1,"name":"Home","item":"https:\/\/www.neilmed.com\/pan\/"},{"@type":"ListItem","position":2,"name":"Tienda","item":"https:\/\/www.neilmed.com\/pan\/tienda\/"},{"@type":"ListItem","position":3,"name":"NeilMed Sinugator"}]},{"@type":"WebSite","@id":"https:\/\/www.neilmed.com\/pan\/#website","url":"https:\/\/www.neilmed.com\/pan\/","name":"NeilMed Pharmaceuticals - Panama","description":"NeilMed Pharmaceuticals: world leader in nasal saline irrigation system | Sinus Rinse | Neti Pot | Nasal Irrigation","potentialAction":[{"@type":"SearchAction","target":{"@type":"EntryPoint","urlTemplate":"https:\/\/www.neilmed.com\/pan\/?s={search_term_string}"},"query-input":{"@type":"PropertyValueSpecification","valueRequired":true,"valueName":"search_term_string"}}],"inLanguage":"es-CL"}]}},"acf":[],"_links":{"self":[{"href":"https:\/\/www.neilmed.com\/pan\/wp-json\/wp\/v2\/product\/5701","targetHints":{"allow":["GET"]}}],"collection":[{"href":"https:\/\/www.neilmed.com\/pan\/wp-json\/wp\/v2\/product"}],"about":[{"href":"https:\/\/www.neilmed.com\/pan\/wp-json\/wp\/v2\/types\/product"}],"replies":[{"embeddable":true,"href":"https:\/\/www.neilmed.com\/pan\/wp-json\/wp\/v2\/comments?post=5701"}],"wp:featuredmedia":[{"embeddable":true,"href":"https:\/\/www.neilmed.com\/pan\/wp-json\/wp\/v2\/media\/6081"}],"wp:attachment":[{"href":"https:\/\/www.neilmed.com\/pan\/wp-json\/wp\/v2\/media?parent=5701"}],"wp:term":[{"taxonomy":"product_brand","embeddable":true,"href":"https:\/\/www.neilmed.com\/pan\/wp-json\/wp\/v2\/product_brand?post=5701"},{"taxonomy":"product_cat","embeddable":true,"href":"https:\/\/www.neilmed.com\/pan\/wp-json\/wp\/v2\/product_cat?post=5701"},{"taxonomy":"product_tag","embeddable":true,"href":"https:\/\/www.neilmed.com\/pan\/wp-json\/wp\/v2\/product_tag?post=5701"}],"curies":[{"name":"wp","href":"https:\/\/api.w.org\/{rel}","templated":true}]}}