{"id":5703,"date":"2018-05-31T17:25:17","date_gmt":"2018-06-01T00:25:17","guid":{"rendered":"https:\/\/webstore.neilmed.com\/cr\/?post_type=product&#038;p=5703"},"modified":"2025-07-17T15:57:05","modified_gmt":"2025-07-17T22:57:05","slug":"sinu-rinse-kit-x-60-sobres","status":"publish","type":"product","link":"https:\/\/www.neilmed.com\/pan\/product\/sinu-rinse-kit-x-60-sobres\/","title":{"rendered":"Sinu Rinse\u2122 Kit x 60 Sobres"},"content":{"rendered":"<p>SinuRinse\u2122 es un lavado nasal salino calmante natural. Lavado nasal de gran volumen y baja presi\u00f3n positiva, la forma m\u00e1s efectiva para irrigar la nariz sobre la base de los actuales estudios de medicina. La irrigaci\u00f3n nasal es una excelente manera de limpiar la mucosidad de la nariz, facilitando y haciendo m\u00e1s eficaz la acci\u00f3n del medicamento. Tambi\u00e9n limpia los al\u00e9rgenos, irritantes, las bacterias y los virus de la nariz, reduciendo la frecuencia de la infecci\u00f3n. Adem\u00e1s, ayuda a disminuir la hinchaz\u00f3n en la nariz y aumentar el flujo de aire. SinuRinse\u2122 es excelente para todas las edades; est\u00e1 disponible en concentraciones isot\u00f3nica, hipert\u00f3nica y pedi\u00e1tricas.<\/p>\n<p>SinuRinse\u2122 ayuda a aliviar:<br \/>\n* Alergias y sequedad nasal<br \/>\n* Sinusitis, rinitis<br \/>\n* Asma al\u00e9rgica<br \/>\n* Post goteo nasal<br \/>\n* Presi\u00f3n sinusal y Congesti\u00f3n nasal<br \/>\n* S\u00edntomas del resfr\u00edo y gripe<br \/>\n* Irritaci\u00f3n nasal ocupacional y polvo de la casa, humo, caspa de los animales, c\u00e9sped, polen, contaminantes ambientales<br \/>\n* Congesti\u00f3n Nasal<\/p>\n<p><b>Contiene:<\/b><br \/>\n&#8211; 1 botella personalizada de 8oz. (240ml)<br \/>\n&#8211; 60 sobres con mezcla de pH equilibrado de cloruro de sodio y bicarbonato de sodio (grado USP, ingredientes naturales, isot\u00f3nico y libre de yodo)<br \/>\n&#8211; Manual educativo<br \/>\n&#8211; Instrucciones en Ingl\u00e9s, Espa\u00f1ol o Franc\u00e9s<\/p>\n<p><b>Instrucciones de Uso y Advertencias<\/b><br \/>\nPor favor lea las Advertencias antes de usar. Nuestra recomendaci\u00f3n es reemplazar la botella cada tres meses.<br \/>\nUSAR S\u00d3LO COMO SE INDICA, SI LOS S\u00cdNTOMAS PERSISTEN VISITE UN M\u00c9DICO O PROFESIONAL DE LA SALUD SIEMPRE LEA LA ETIQUETA<\/p>\n<p>Paso 1:<br \/>\nPor favor l\u00e1vese las manos. Llenar el frasco limpio con el volumen designado de agua tibia destilada, filtrada o hervida previamente. Puede calentar el agua en el microondas en intervalos de 5 a 10 segundos para evitar el sobrecalentamiento del agua, da\u00f1ar el dispositivo o quemar la fosa nasal.<\/p>\n<p>Paso 2:<br \/>\nCortar en la parte superior del sobre con mezcla SINURINSE\u2122 y vierta su contenido en la botella. Apretar el tap\u00f3n y el tubo de la botella de forma segura. Coloque un dedo sobre la punta de la tapa y agite el frasco suavemente para disolver la mezcla.<\/p>\n<p>Paso 3:<br \/>\nP\u00e1rese frente al lavamanos, incl\u00ednese hacia adelante a un nivel que le acomode, e incline la cabeza hacia un costado. Manteniendo la boca abierta y sin aguantar la respiraci\u00f3n, sit\u00fae la punta del dispositivo c\u00f3modamente contra su fosa nasal. Presione la botella suavemente hasta que la soluci\u00f3n comience a vaciarse a trav\u00e9s de la fosa nasal opuesta. Algo puede drenar por la boca. Para un enjuague adecuado, seguir apretando la botella suavemente hasta que al menos 1\/4 a 1\/2 (60 mL a 120 mL o 2 a 4 fl. oz) de la botella se haya usado. No ingiera la soluci\u00f3n.<\/p>\n<p>Paso 4:<br \/>\nSu\u00e9nese la nariz muy suavemente, sin aplastarla para evitar la presi\u00f3n en los t\u00edmpanos. Si es tolerable, suene suavemente una o dos veces cualquier soluci\u00f3n residual restante en el pasaje nasal, porque esto puede despejar el \u00e1rea posterior naso-faringe, correspondiendo al pasaje nasal. A veces algo de soluci\u00f3n puede llegar a la parte posterior de la garganta, si es el caso, escupa.<\/p>\n<p>Para ayudar a drenar cualquier resto de soluci\u00f3n, suene la nariz suavemente mientras inclina la cabeza hacia adelante y hacia el mismo lado del pasaje nasal que acaba de enjuagar.<\/p>\n<p>Paso 5:<br \/>\nAhora repita los pasos 3 y 4 en el otro pasaje nasal.<\/p>\n<p>Paso 6:<br \/>\nLimpie la botella y la tapa (vea las instrucciones a continuaci\u00f3n). Secar al aire sobre un papel toalla limpio la tapa, botella y tubo, o utilice NeilMed\u00ae NasaDOCK o NasaDOCK\u00ae Plus\u2122 (se vende por separado) para guardarlos las partes.<\/p>\n<p>Por favor lea las Advertencias antes de usar. Nuestra recomendaci\u00f3n es reemplazar la botella cada tres meses.<br \/>\n<span style=\"color: #ff0000;\"><b><br \/>\nADVERTENCIA:<\/b><\/span> Por favor lea antes de usar<br \/>\nSiempre lave las fosas nasales con la soluci\u00f3n NeilMed\u00ae SINURINSE\u2122. Nuestra soluci\u00f3n en sobres contiene una mezcla calidad USP de cloruro de sodio y bicarbonato de sodio. Estos ingredientes son de la m\u00e1s alta calidad disponibles para hacer la mezcla de polvo seco. Lavar sus fosas nasales con agua pura sin nuestra mezcla dar\u00e1 como resultado una fuerte sensaci\u00f3n de ardor, ya que el agua potable no es fisiol\u00f3gicamente adecuada para el revestimiento nasal, pero s\u00ed para el consumo. Adem\u00e1s, para su seguridad, no utilice agua potable de la llave para disolver la mezcla, a menos que haya sido previamente hervida durante cinco minutos o m\u00e1s, ya que la ebullici\u00f3n esteriliza el agua. Otras opciones son destilados, micro-filtrada (a trav\u00e9s de 0,2 micras), comercialmente o embotellada, como se mencion\u00f3 anteriormente, previamente hervida, pero tibia o a temperatura corporal. Puede almacenar agua hervida en un recipiente limpio durante siete o m\u00e1s d\u00edas si se mantiene refrigerada. No usar agua sin cloro, o agua de pozo que no haya sido previamente ultra filtrada (0,2 micras), a menos que se hierva antes, y luego se enfr\u00ede a temperatura corporal o tibia. No enjuague si sus fosas nasales est\u00e1n totalmente bloqueadas, o si tiene alguna infecci\u00f3n de o\u00eddos, o tapados. Si usted ha sido sometido recientemente a cirug\u00eda de o\u00eddo o de los senos nasales, p\u00f3ngase en contacto con su m\u00e9dico antes de irrigar. Si usted experimenta cualquier presi\u00f3n en los o\u00eddos o ardor en las fosas nasales, detenga el lavado, y consulte a su m\u00e9dico. Mantener fuera del alcance de los ni\u00f1os. Lea y conserve este folleto adjunto como instructivo y otra informaci\u00f3n importante.<\/p>\n<p>Utilice siempre agua destilada, Micro-Filtrada (0,2 micras),\u00a0 embotellada, o previamente hervida y tibia, o a temperatura corporal. No use agua potable o de la llave cuando lave las fosas nasales con los dispositivos NeilMed, a menos que haya sido previamente hervida y tibia.<\/p>\n<p>Antes de usar SINURINSE\u2122 por primera vez, por favor, inspeccione cuidadosamente las condiciones de la tapa, el tubo y la botella. Si alguna de las partes aparece descolorida o agrietada, p\u00f3ngase en contacto con NeilMed\u00ae para solicitar un recambio. Siga las instrucciones de limpieza proporcionado en este folleto o tarjeta de instrucciones, o a trav\u00e9s de nuestro sitio web antes de cada uso.<\/p>\n<p>La botella y soluci\u00f3n en sobre SINURINSE\u2122 se utilizan exclusivamente para el lavado de las fosas nasales. No usar para otros fines.<\/p>\n<p>Si usted ha sido sometido recientemente a cirug\u00eda de o\u00eddo o de los senos nasales, consulte a su m\u00e9dico antes de irrigar. Si experimenta cualquier presi\u00f3n en los o\u00eddos o ardor en las fosas nasales, detenga el lavado, y consulte a su m\u00e9dico. Mantener fuera del alcance de los ni\u00f1os. Lea y conserve este folleto adjunto como instructivo y otra informaci\u00f3n importante.<\/p>\n<p>Recomendamos encarecidamente el NO uso de nuestro kit en ni\u00f1os o adultos que presentan limitaciones f\u00edsicas o mentales debido a discapacidades de desarrollo o trastornos adquiridos. Los adultos deber\u00edan leer las instrucciones antes de usarlo en sus hijos. Mantener fuera del alcance de los ni\u00f1os. No ingiera la soluci\u00f3n; sin embargo, si lo hace accidentalmente, no hay riesgos, ya que la cantidad de sodio ingerida es insignificante.<\/p>\n<p>Pacientes con impedimento de levantarse o inclinarse frente al lavamanos NO DEBER\u00cdAN usar este producto. Le aconsejamos NO utilizar este producto en pacientes que se encuentren muy debilitados o postrados en cama.<\/p>\n<p>Consejos para evitar molestias en los o\u00eddos mientras se lava:<\/p>\n<p>\u00b7 Si ha sido sometido a cirug\u00eda de o\u00eddo, por favor contacte a su m\u00e9dico antes de irrigar<br \/>\n\u00b7 No utilizar si tiene alguna infecci\u00f3n de o\u00eddo, u o\u00eddos tapados<br \/>\n\u00b7 Enjuagar con agua destilada, filtrada o previamente hervida<br \/>\n\u00b7 Mantenga su boca abierta<br \/>\n\u00b7 No interrumpa la respiraci\u00f3n mientras se lava<br \/>\n\u00b7 Mientras se lava, aseg\u00farese de inclinar su cabeza como se muestra en la foto m\u00e1s abajo<br \/>\n\u00b7 Apriete suavemente la botella mientras se lava; no apriete el frasco muy en\u00e9rgicamente<br \/>\n\u00b7 Detenga el enjuague si siente alguna sensaci\u00f3n de l\u00edquido cerca de los o\u00eddos<br \/>\n\u00b7 Lo m\u00e1s importante, siempre suene la nariz suavemente<\/p>\n<p>Para evitar el drenaje inesperado despu\u00e9s del enjuague:<br \/>\nEn casos excepcionales, especialmente si ha sido sometido a cirug\u00eda de los senos para-nasales, la soluci\u00f3n salina puede acumularse en las cavidades de los senos para-nasales y fosas nasales, y luego gotear a trav\u00e9s de su nariz horas despu\u00e9s del enjuague. Para evitar este inofensivo, pero molesto inconveniente, tome un paso extra despu\u00e9s del enjuague: incl\u00ednese hacia adelante, e incline la cabeza hacia los lados, y suene la nariz suavemente. Luego, incline la cabeza hacia el otro lado y suene nuevamente. Puede que tenga que repetir esta operaci\u00f3n varias veces. Esto ayudar\u00e1 a eliminar de sus fosas nasales cualquier exceso de mucosidad, y restos de soluci\u00f3n salina. Si el drenaje persiste posteriormente, no se lave justo antes de salir de casa o de acostarse.<\/p>\n<p>Precauci\u00f3n, NO usar sal de cocina con los dispositivos m\u00e9dicos NeilMed\u00ae:<\/p>\n<p>Las soluciones caseras pueden tener concentraciones incorrectas, provocando un alivio inadecuado o incluso la congesti\u00f3n nasal. Adem\u00e1s, la sal de mesa y el bicarbonato de sodio no son de grado farmac\u00e9utico para uso m\u00e9dico y pueden contener impurezas.<\/p>\n<p>El sistema de lavado de las fosas nasales NeilMed\u00ae SINURINSE\u2122 es de gran volumen, el cual proporcionar\u00e1 120-mL a 240-mL (8 fl oz) de soluci\u00f3n salina. Agregando un sobre azul de NeilMed\u00ae SINURINSE\u2122 a 240-mL (8 fl oz) de agua formar\u00e1 una soluci\u00f3n salina isot\u00f3nica (hipert\u00f3nica con 2 o m\u00e1s sobres) que es de pH neutro, y libre de preservantes.<\/p>\n<p>USAR S\u00d3LO COMO SE INDICA, SI LOS S\u00cdNTOMAS PERSISTEN VISITE UN M\u00c9DICO O PROFESIONAL DE LA SALUD SIEMPRE LEA LA ETIQUETA<\/p>\n","protected":false},"excerpt":{"rendered":"<p>El m\u00e1s recomendado por los m\u00e9dicos. Kit de lavado nasal calmante natural con suero salino.<\/p>\n","protected":false},"featured_media":6085,"comment_status":"open","ping_status":"closed","template":"","meta":{"_acf_changed":false,"inline_featured_image":false},"product_brand":[],"product_cat":[49],"product_tag":[],"class_list":{"0":"post-5703","1":"product","2":"type-product","3":"status-publish","4":"has-post-thumbnail","6":"product_cat-cuidado-nasal","8":"first","9":"instock","10":"featured","11":"shipping-taxable","12":"purchasable","13":"product-type-simple"},"yoast_head":"<!-- This site is optimized with the Yoast SEO Premium plugin v27.2 (Yoast SEO v27.3) - https:\/\/yoast.com\/product\/yoast-seo-premium-wordpress\/ -->\n<title>Sinu Rinse\u2122 Kit x 60 Sobres - NeilMed Pharmaceuticals - Panama<\/title>\n<meta name=\"robots\" content=\"index, follow, max-snippet:-1, max-image-preview:large, max-video-preview:-1\" \/>\n<link rel=\"canonical\" href=\"https:\/\/www.neilmed.com\/pan\/product\/sinu-rinse-kit-x-60-sobres\/\" \/>\n<meta property=\"og:locale\" content=\"es_ES\" \/>\n<meta property=\"og:type\" content=\"article\" \/>\n<meta property=\"og:title\" content=\"Sinu Rinse\u2122 Kit x 60 Sobres\" \/>\n<meta property=\"og:description\" content=\"El m\u00e1s recomendado por los m\u00e9dicos. Kit de lavado nasal calmante natural con suero salino.\" \/>\n<meta property=\"og:url\" content=\"https:\/\/www.neilmed.com\/pan\/product\/sinu-rinse-kit-x-60-sobres\/\" \/>\n<meta property=\"og:site_name\" content=\"NeilMed Pharmaceuticals - Panama\" \/>\n<meta property=\"article:modified_time\" content=\"2025-07-17T22:57:05+00:00\" \/>\n<meta property=\"og:image\" content=\"https:\/\/www.neilmed.com\/pan\/wp-content\/uploads\/sites\/23\/2024\/12\/2101-SPM-INT-Rev4-R1.jpg\" \/>\n\t<meta property=\"og:image:width\" content=\"1000\" \/>\n\t<meta property=\"og:image:height\" content=\"1000\" \/>\n\t<meta property=\"og:image:type\" content=\"image\/jpeg\" \/>\n<meta name=\"twitter:card\" content=\"summary_large_image\" \/>\n<meta name=\"twitter:label1\" content=\"Tiempo estimado de lectura\" \/>\n\t<meta name=\"twitter:data1\" content=\"8 minutos\" \/>\n<script type=\"application\/ld+json\" class=\"yoast-schema-graph\">{\"@context\":\"https:\\\/\\\/schema.org\",\"@graph\":[{\"@type\":\"WebPage\",\"@id\":\"https:\\\/\\\/www.neilmed.com\\\/pan\\\/product\\\/sinu-rinse-kit-x-60-sobres\\\/\",\"url\":\"https:\\\/\\\/www.neilmed.com\\\/pan\\\/product\\\/sinu-rinse-kit-x-60-sobres\\\/\",\"name\":\"Sinu Rinse\u2122 Kit x 60 Sobres - NeilMed Pharmaceuticals - Panama\",\"isPartOf\":{\"@id\":\"https:\\\/\\\/www.neilmed.com\\\/pan\\\/#website\"},\"primaryImageOfPage\":{\"@id\":\"https:\\\/\\\/www.neilmed.com\\\/pan\\\/product\\\/sinu-rinse-kit-x-60-sobres\\\/#primaryimage\"},\"image\":{\"@id\":\"https:\\\/\\\/www.neilmed.com\\\/pan\\\/product\\\/sinu-rinse-kit-x-60-sobres\\\/#primaryimage\"},\"thumbnailUrl\":\"https:\\\/\\\/www.neilmed.com\\\/pan\\\/wp-content\\\/uploads\\\/sites\\\/23\\\/2024\\\/12\\\/2101-SPM-INT-Rev4-R1.jpg\",\"datePublished\":\"2018-06-01T00:25:17+00:00\",\"dateModified\":\"2025-07-17T22:57:05+00:00\",\"breadcrumb\":{\"@id\":\"https:\\\/\\\/www.neilmed.com\\\/pan\\\/product\\\/sinu-rinse-kit-x-60-sobres\\\/#breadcrumb\"},\"inLanguage\":\"es-CL\",\"potentialAction\":[{\"@type\":\"ReadAction\",\"target\":[\"https:\\\/\\\/www.neilmed.com\\\/pan\\\/product\\\/sinu-rinse-kit-x-60-sobres\\\/\"]}]},{\"@type\":\"ImageObject\",\"inLanguage\":\"es-CL\",\"@id\":\"https:\\\/\\\/www.neilmed.com\\\/pan\\\/product\\\/sinu-rinse-kit-x-60-sobres\\\/#primaryimage\",\"url\":\"https:\\\/\\\/www.neilmed.com\\\/pan\\\/wp-content\\\/uploads\\\/sites\\\/23\\\/2024\\\/12\\\/2101-SPM-INT-Rev4-R1.jpg\",\"contentUrl\":\"https:\\\/\\\/www.neilmed.com\\\/pan\\\/wp-content\\\/uploads\\\/sites\\\/23\\\/2024\\\/12\\\/2101-SPM-INT-Rev4-R1.jpg\",\"width\":1000,\"height\":1000,\"caption\":\"Sinu Rinse\u2122 Kit x 60 Sobres\"},{\"@type\":\"BreadcrumbList\",\"@id\":\"https:\\\/\\\/www.neilmed.com\\\/pan\\\/product\\\/sinu-rinse-kit-x-60-sobres\\\/#breadcrumb\",\"itemListElement\":[{\"@type\":\"ListItem\",\"position\":1,\"name\":\"Home\",\"item\":\"https:\\\/\\\/www.neilmed.com\\\/pan\\\/\"},{\"@type\":\"ListItem\",\"position\":2,\"name\":\"Tienda\",\"item\":\"https:\\\/\\\/www.neilmed.com\\\/pan\\\/tienda\\\/\"},{\"@type\":\"ListItem\",\"position\":3,\"name\":\"Sinu Rinse\u2122 Kit x 60 Sobres\"}]},{\"@type\":\"WebSite\",\"@id\":\"https:\\\/\\\/www.neilmed.com\\\/pan\\\/#website\",\"url\":\"https:\\\/\\\/www.neilmed.com\\\/pan\\\/\",\"name\":\"NeilMed Pharmaceuticals - Panama\",\"description\":\"NeilMed Pharmaceuticals: world leader in nasal saline irrigation system | Sinus Rinse | Neti Pot | Nasal Irrigation\",\"potentialAction\":[{\"@type\":\"SearchAction\",\"target\":{\"@type\":\"EntryPoint\",\"urlTemplate\":\"https:\\\/\\\/www.neilmed.com\\\/pan\\\/?s={search_term_string}\"},\"query-input\":{\"@type\":\"PropertyValueSpecification\",\"valueRequired\":true,\"valueName\":\"search_term_string\"}}],\"inLanguage\":\"es-CL\"}]}<\/script>\n<!-- \/ Yoast SEO Premium plugin. -->","yoast_head_json":{"title":"Sinu Rinse\u2122 Kit x 60 Sobres - NeilMed Pharmaceuticals - Panama","robots":{"index":"index","follow":"follow","max-snippet":"max-snippet:-1","max-image-preview":"max-image-preview:large","max-video-preview":"max-video-preview:-1"},"canonical":"https:\/\/www.neilmed.com\/pan\/product\/sinu-rinse-kit-x-60-sobres\/","og_locale":"es_ES","og_type":"article","og_title":"Sinu Rinse\u2122 Kit x 60 Sobres","og_description":"El m\u00e1s recomendado por los m\u00e9dicos. Kit de lavado nasal calmante natural con suero salino.","og_url":"https:\/\/www.neilmed.com\/pan\/product\/sinu-rinse-kit-x-60-sobres\/","og_site_name":"NeilMed Pharmaceuticals - Panama","article_modified_time":"2025-07-17T22:57:05+00:00","og_image":[{"width":1000,"height":1000,"url":"https:\/\/www.neilmed.com\/pan\/wp-content\/uploads\/sites\/23\/2024\/12\/2101-SPM-INT-Rev4-R1.jpg","type":"image\/jpeg"}],"twitter_card":"summary_large_image","twitter_misc":{"Tiempo estimado de lectura":"8 minutos"},"schema":{"@context":"https:\/\/schema.org","@graph":[{"@type":"WebPage","@id":"https:\/\/www.neilmed.com\/pan\/product\/sinu-rinse-kit-x-60-sobres\/","url":"https:\/\/www.neilmed.com\/pan\/product\/sinu-rinse-kit-x-60-sobres\/","name":"Sinu Rinse\u2122 Kit x 60 Sobres - NeilMed Pharmaceuticals - Panama","isPartOf":{"@id":"https:\/\/www.neilmed.com\/pan\/#website"},"primaryImageOfPage":{"@id":"https:\/\/www.neilmed.com\/pan\/product\/sinu-rinse-kit-x-60-sobres\/#primaryimage"},"image":{"@id":"https:\/\/www.neilmed.com\/pan\/product\/sinu-rinse-kit-x-60-sobres\/#primaryimage"},"thumbnailUrl":"https:\/\/www.neilmed.com\/pan\/wp-content\/uploads\/sites\/23\/2024\/12\/2101-SPM-INT-Rev4-R1.jpg","datePublished":"2018-06-01T00:25:17+00:00","dateModified":"2025-07-17T22:57:05+00:00","breadcrumb":{"@id":"https:\/\/www.neilmed.com\/pan\/product\/sinu-rinse-kit-x-60-sobres\/#breadcrumb"},"inLanguage":"es-CL","potentialAction":[{"@type":"ReadAction","target":["https:\/\/www.neilmed.com\/pan\/product\/sinu-rinse-kit-x-60-sobres\/"]}]},{"@type":"ImageObject","inLanguage":"es-CL","@id":"https:\/\/www.neilmed.com\/pan\/product\/sinu-rinse-kit-x-60-sobres\/#primaryimage","url":"https:\/\/www.neilmed.com\/pan\/wp-content\/uploads\/sites\/23\/2024\/12\/2101-SPM-INT-Rev4-R1.jpg","contentUrl":"https:\/\/www.neilmed.com\/pan\/wp-content\/uploads\/sites\/23\/2024\/12\/2101-SPM-INT-Rev4-R1.jpg","width":1000,"height":1000,"caption":"Sinu Rinse\u2122 Kit x 60 Sobres"},{"@type":"BreadcrumbList","@id":"https:\/\/www.neilmed.com\/pan\/product\/sinu-rinse-kit-x-60-sobres\/#breadcrumb","itemListElement":[{"@type":"ListItem","position":1,"name":"Home","item":"https:\/\/www.neilmed.com\/pan\/"},{"@type":"ListItem","position":2,"name":"Tienda","item":"https:\/\/www.neilmed.com\/pan\/tienda\/"},{"@type":"ListItem","position":3,"name":"Sinu Rinse\u2122 Kit x 60 Sobres"}]},{"@type":"WebSite","@id":"https:\/\/www.neilmed.com\/pan\/#website","url":"https:\/\/www.neilmed.com\/pan\/","name":"NeilMed Pharmaceuticals - Panama","description":"NeilMed Pharmaceuticals: world leader in nasal saline irrigation system | Sinus Rinse | Neti Pot | Nasal Irrigation","potentialAction":[{"@type":"SearchAction","target":{"@type":"EntryPoint","urlTemplate":"https:\/\/www.neilmed.com\/pan\/?s={search_term_string}"},"query-input":{"@type":"PropertyValueSpecification","valueRequired":true,"valueName":"search_term_string"}}],"inLanguage":"es-CL"}]}},"acf":[],"_links":{"self":[{"href":"https:\/\/www.neilmed.com\/pan\/wp-json\/wp\/v2\/product\/5703","targetHints":{"allow":["GET"]}}],"collection":[{"href":"https:\/\/www.neilmed.com\/pan\/wp-json\/wp\/v2\/product"}],"about":[{"href":"https:\/\/www.neilmed.com\/pan\/wp-json\/wp\/v2\/types\/product"}],"replies":[{"embeddable":true,"href":"https:\/\/www.neilmed.com\/pan\/wp-json\/wp\/v2\/comments?post=5703"}],"wp:featuredmedia":[{"embeddable":true,"href":"https:\/\/www.neilmed.com\/pan\/wp-json\/wp\/v2\/media\/6085"}],"wp:attachment":[{"href":"https:\/\/www.neilmed.com\/pan\/wp-json\/wp\/v2\/media?parent=5703"}],"wp:term":[{"taxonomy":"product_brand","embeddable":true,"href":"https:\/\/www.neilmed.com\/pan\/wp-json\/wp\/v2\/product_brand?post=5703"},{"taxonomy":"product_cat","embeddable":true,"href":"https:\/\/www.neilmed.com\/pan\/wp-json\/wp\/v2\/product_cat?post=5703"},{"taxonomy":"product_tag","embeddable":true,"href":"https:\/\/www.neilmed.com\/pan\/wp-json\/wp\/v2\/product_tag?post=5703"}],"curies":[{"name":"wp","href":"https:\/\/api.w.org\/{rel}","templated":true}]}}