{"id":5847,"date":"2021-09-14T12:50:06","date_gmt":"2021-09-14T18:50:06","guid":{"rendered":"https:\/\/webstore.neilmed.com\/cr\/?post_type=product&#038;p=5847"},"modified":"2025-07-17T15:33:09","modified_gmt":"2025-07-17T22:33:09","slug":"nasamist-hipertonico-extra-fuerte","status":"publish","type":"product","link":"https:\/\/www.neilmed.com\/pan\/product\/nasamist-hipertonico-extra-fuerte\/","title":{"rendered":"Nasamist Hipert\u00f3nico \u2013 Extra Fuerte"},"content":{"rendered":"<p>Spray nasal de soluci\u00f3n salina hipert\u00f3nica (2,7% NaCl), que ayuda aliviar las alergias, irritaci\u00f3n nasal, sequedad y la congesti\u00f3n del resfriado com\u00fan o gripe. Hidrata y lubrica los conductos nasales secos para adultos y ni\u00f1os.<\/p>\n","protected":false},"excerpt":{"rendered":"<p>Nasamist Hipert\u00f3nico \u2013 Extra Fuerte<\/p>\n","protected":false},"featured_media":6103,"comment_status":"open","ping_status":"closed","template":"","meta":{"_acf_changed":false,"inline_featured_image":false},"product_brand":[],"product_cat":[51],"product_tag":[],"class_list":{"0":"post-5847","1":"product","2":"type-product","3":"status-publish","4":"has-post-thumbnail","6":"product_cat-spray-solucion-salina-esteril","8":"first","9":"instock","10":"shipping-taxable","11":"purchasable","12":"product-type-simple"},"yoast_head":"<!-- This site is optimized with the Yoast SEO Premium plugin v27.2 (Yoast SEO v27.3) - https:\/\/yoast.com\/product\/yoast-seo-premium-wordpress\/ -->\n<title>Nasamist Hipert\u00f3nico \u2013 Extra Fuerte - NeilMed Pharmaceuticals - Panama<\/title>\n<meta name=\"robots\" content=\"index, follow, max-snippet:-1, max-image-preview:large, max-video-preview:-1\" \/>\n<link rel=\"canonical\" href=\"https:\/\/www.neilmed.com\/pan\/product\/nasamist-hipertonico-extra-fuerte\/\" \/>\n<meta property=\"og:locale\" content=\"es_ES\" \/>\n<meta property=\"og:type\" content=\"article\" \/>\n<meta property=\"og:title\" content=\"Nasamist Hipert\u00f3nico \u2013 Extra Fuerte\" \/>\n<meta property=\"og:description\" content=\"Nasamist Hipert\u00f3nico \u2013 Extra Fuerte\" \/>\n<meta property=\"og:url\" content=\"https:\/\/www.neilmed.com\/pan\/product\/nasamist-hipertonico-extra-fuerte\/\" \/>\n<meta property=\"og:site_name\" content=\"NeilMed Pharmaceuticals - Panama\" \/>\n<meta property=\"article:modified_time\" content=\"2025-07-17T22:33:09+00:00\" \/>\n<meta property=\"og:image\" content=\"https:\/\/www.neilmed.com\/pan\/wp-content\/uploads\/sites\/23\/2021\/09\/2702-SPA-INT-Rev8-R1.jpg\" \/>\n\t<meta property=\"og:image:width\" content=\"1000\" \/>\n\t<meta property=\"og:image:height\" content=\"1000\" \/>\n\t<meta property=\"og:image:type\" content=\"image\/jpeg\" \/>\n<meta name=\"twitter:card\" content=\"summary_large_image\" \/>\n<meta name=\"twitter:label1\" content=\"Tiempo estimado de lectura\" \/>\n\t<meta name=\"twitter:data1\" content=\"1 minuto\" \/>\n<script type=\"application\/ld+json\" class=\"yoast-schema-graph\">{\"@context\":\"https:\\\/\\\/schema.org\",\"@graph\":[{\"@type\":\"WebPage\",\"@id\":\"https:\\\/\\\/www.neilmed.com\\\/pan\\\/product\\\/nasamist-hipertonico-extra-fuerte\\\/\",\"url\":\"https:\\\/\\\/www.neilmed.com\\\/pan\\\/product\\\/nasamist-hipertonico-extra-fuerte\\\/\",\"name\":\"Nasamist Hipert\u00f3nico \u2013 Extra Fuerte - NeilMed Pharmaceuticals - Panama\",\"isPartOf\":{\"@id\":\"https:\\\/\\\/www.neilmed.com\\\/pan\\\/#website\"},\"primaryImageOfPage\":{\"@id\":\"https:\\\/\\\/www.neilmed.com\\\/pan\\\/product\\\/nasamist-hipertonico-extra-fuerte\\\/#primaryimage\"},\"image\":{\"@id\":\"https:\\\/\\\/www.neilmed.com\\\/pan\\\/product\\\/nasamist-hipertonico-extra-fuerte\\\/#primaryimage\"},\"thumbnailUrl\":\"https:\\\/\\\/www.neilmed.com\\\/pan\\\/wp-content\\\/uploads\\\/sites\\\/23\\\/2021\\\/09\\\/2702-SPA-INT-Rev8-R1.jpg\",\"datePublished\":\"2021-09-14T18:50:06+00:00\",\"dateModified\":\"2025-07-17T22:33:09+00:00\",\"breadcrumb\":{\"@id\":\"https:\\\/\\\/www.neilmed.com\\\/pan\\\/product\\\/nasamist-hipertonico-extra-fuerte\\\/#breadcrumb\"},\"inLanguage\":\"es-CL\",\"potentialAction\":[{\"@type\":\"ReadAction\",\"target\":[\"https:\\\/\\\/www.neilmed.com\\\/pan\\\/product\\\/nasamist-hipertonico-extra-fuerte\\\/\"]}]},{\"@type\":\"ImageObject\",\"inLanguage\":\"es-CL\",\"@id\":\"https:\\\/\\\/www.neilmed.com\\\/pan\\\/product\\\/nasamist-hipertonico-extra-fuerte\\\/#primaryimage\",\"url\":\"https:\\\/\\\/www.neilmed.com\\\/pan\\\/wp-content\\\/uploads\\\/sites\\\/23\\\/2021\\\/09\\\/2702-SPA-INT-Rev8-R1.jpg\",\"contentUrl\":\"https:\\\/\\\/www.neilmed.com\\\/pan\\\/wp-content\\\/uploads\\\/sites\\\/23\\\/2021\\\/09\\\/2702-SPA-INT-Rev8-R1.jpg\",\"width\":1000,\"height\":1000,\"caption\":\"Nasamist Hipert\u00f3nico \u2013 Extra Fuerte\"},{\"@type\":\"BreadcrumbList\",\"@id\":\"https:\\\/\\\/www.neilmed.com\\\/pan\\\/product\\\/nasamist-hipertonico-extra-fuerte\\\/#breadcrumb\",\"itemListElement\":[{\"@type\":\"ListItem\",\"position\":1,\"name\":\"Home\",\"item\":\"https:\\\/\\\/www.neilmed.com\\\/pan\\\/\"},{\"@type\":\"ListItem\",\"position\":2,\"name\":\"Tienda\",\"item\":\"https:\\\/\\\/www.neilmed.com\\\/pan\\\/tienda\\\/\"},{\"@type\":\"ListItem\",\"position\":3,\"name\":\"Nasamist Hipert\u00f3nico \u2013 Extra Fuerte\"}]},{\"@type\":\"WebSite\",\"@id\":\"https:\\\/\\\/www.neilmed.com\\\/pan\\\/#website\",\"url\":\"https:\\\/\\\/www.neilmed.com\\\/pan\\\/\",\"name\":\"NeilMed Pharmaceuticals - Panama\",\"description\":\"NeilMed Pharmaceuticals: world leader in nasal saline irrigation system | Sinus Rinse | Neti Pot | Nasal Irrigation\",\"potentialAction\":[{\"@type\":\"SearchAction\",\"target\":{\"@type\":\"EntryPoint\",\"urlTemplate\":\"https:\\\/\\\/www.neilmed.com\\\/pan\\\/?s={search_term_string}\"},\"query-input\":{\"@type\":\"PropertyValueSpecification\",\"valueRequired\":true,\"valueName\":\"search_term_string\"}}],\"inLanguage\":\"es-CL\"}]}<\/script>\n<!-- \/ Yoast SEO Premium plugin. -->","yoast_head_json":{"title":"Nasamist Hipert\u00f3nico \u2013 Extra Fuerte - NeilMed Pharmaceuticals - Panama","robots":{"index":"index","follow":"follow","max-snippet":"max-snippet:-1","max-image-preview":"max-image-preview:large","max-video-preview":"max-video-preview:-1"},"canonical":"https:\/\/www.neilmed.com\/pan\/product\/nasamist-hipertonico-extra-fuerte\/","og_locale":"es_ES","og_type":"article","og_title":"Nasamist Hipert\u00f3nico \u2013 Extra Fuerte","og_description":"Nasamist Hipert\u00f3nico \u2013 Extra Fuerte","og_url":"https:\/\/www.neilmed.com\/pan\/product\/nasamist-hipertonico-extra-fuerte\/","og_site_name":"NeilMed Pharmaceuticals - Panama","article_modified_time":"2025-07-17T22:33:09+00:00","og_image":[{"width":1000,"height":1000,"url":"https:\/\/www.neilmed.com\/pan\/wp-content\/uploads\/sites\/23\/2021\/09\/2702-SPA-INT-Rev8-R1.jpg","type":"image\/jpeg"}],"twitter_card":"summary_large_image","twitter_misc":{"Tiempo estimado de lectura":"1 minuto"},"schema":{"@context":"https:\/\/schema.org","@graph":[{"@type":"WebPage","@id":"https:\/\/www.neilmed.com\/pan\/product\/nasamist-hipertonico-extra-fuerte\/","url":"https:\/\/www.neilmed.com\/pan\/product\/nasamist-hipertonico-extra-fuerte\/","name":"Nasamist Hipert\u00f3nico \u2013 Extra Fuerte - NeilMed Pharmaceuticals - Panama","isPartOf":{"@id":"https:\/\/www.neilmed.com\/pan\/#website"},"primaryImageOfPage":{"@id":"https:\/\/www.neilmed.com\/pan\/product\/nasamist-hipertonico-extra-fuerte\/#primaryimage"},"image":{"@id":"https:\/\/www.neilmed.com\/pan\/product\/nasamist-hipertonico-extra-fuerte\/#primaryimage"},"thumbnailUrl":"https:\/\/www.neilmed.com\/pan\/wp-content\/uploads\/sites\/23\/2021\/09\/2702-SPA-INT-Rev8-R1.jpg","datePublished":"2021-09-14T18:50:06+00:00","dateModified":"2025-07-17T22:33:09+00:00","breadcrumb":{"@id":"https:\/\/www.neilmed.com\/pan\/product\/nasamist-hipertonico-extra-fuerte\/#breadcrumb"},"inLanguage":"es-CL","potentialAction":[{"@type":"ReadAction","target":["https:\/\/www.neilmed.com\/pan\/product\/nasamist-hipertonico-extra-fuerte\/"]}]},{"@type":"ImageObject","inLanguage":"es-CL","@id":"https:\/\/www.neilmed.com\/pan\/product\/nasamist-hipertonico-extra-fuerte\/#primaryimage","url":"https:\/\/www.neilmed.com\/pan\/wp-content\/uploads\/sites\/23\/2021\/09\/2702-SPA-INT-Rev8-R1.jpg","contentUrl":"https:\/\/www.neilmed.com\/pan\/wp-content\/uploads\/sites\/23\/2021\/09\/2702-SPA-INT-Rev8-R1.jpg","width":1000,"height":1000,"caption":"Nasamist Hipert\u00f3nico \u2013 Extra Fuerte"},{"@type":"BreadcrumbList","@id":"https:\/\/www.neilmed.com\/pan\/product\/nasamist-hipertonico-extra-fuerte\/#breadcrumb","itemListElement":[{"@type":"ListItem","position":1,"name":"Home","item":"https:\/\/www.neilmed.com\/pan\/"},{"@type":"ListItem","position":2,"name":"Tienda","item":"https:\/\/www.neilmed.com\/pan\/tienda\/"},{"@type":"ListItem","position":3,"name":"Nasamist Hipert\u00f3nico \u2013 Extra Fuerte"}]},{"@type":"WebSite","@id":"https:\/\/www.neilmed.com\/pan\/#website","url":"https:\/\/www.neilmed.com\/pan\/","name":"NeilMed Pharmaceuticals - Panama","description":"NeilMed Pharmaceuticals: world leader in nasal saline irrigation system | Sinus Rinse | Neti Pot | Nasal Irrigation","potentialAction":[{"@type":"SearchAction","target":{"@type":"EntryPoint","urlTemplate":"https:\/\/www.neilmed.com\/pan\/?s={search_term_string}"},"query-input":{"@type":"PropertyValueSpecification","valueRequired":true,"valueName":"search_term_string"}}],"inLanguage":"es-CL"}]}},"acf":[],"_links":{"self":[{"href":"https:\/\/www.neilmed.com\/pan\/wp-json\/wp\/v2\/product\/5847","targetHints":{"allow":["GET"]}}],"collection":[{"href":"https:\/\/www.neilmed.com\/pan\/wp-json\/wp\/v2\/product"}],"about":[{"href":"https:\/\/www.neilmed.com\/pan\/wp-json\/wp\/v2\/types\/product"}],"replies":[{"embeddable":true,"href":"https:\/\/www.neilmed.com\/pan\/wp-json\/wp\/v2\/comments?post=5847"}],"wp:featuredmedia":[{"embeddable":true,"href":"https:\/\/www.neilmed.com\/pan\/wp-json\/wp\/v2\/media\/6103"}],"wp:attachment":[{"href":"https:\/\/www.neilmed.com\/pan\/wp-json\/wp\/v2\/media?parent=5847"}],"wp:term":[{"taxonomy":"product_brand","embeddable":true,"href":"https:\/\/www.neilmed.com\/pan\/wp-json\/wp\/v2\/product_brand?post=5847"},{"taxonomy":"product_cat","embeddable":true,"href":"https:\/\/www.neilmed.com\/pan\/wp-json\/wp\/v2\/product_cat?post=5847"},{"taxonomy":"product_tag","embeddable":true,"href":"https:\/\/www.neilmed.com\/pan\/wp-json\/wp\/v2\/product_tag?post=5847"}],"curies":[{"name":"wp","href":"https:\/\/api.w.org\/{rel}","templated":true}]}}