{"id":6111,"date":"2025-07-31T13:51:03","date_gmt":"2025-07-31T20:51:03","guid":{"rendered":"https:\/\/www.neilmed.com\/pan\/?post_type=product&#038;p=6111"},"modified":"2025-07-31T13:51:04","modified_gmt":"2025-07-31T20:51:04","slug":"nasadrops-15ct-15ml-ampollas","status":"publish","type":"product","link":"https:\/\/www.neilmed.com\/pan\/product\/nasadrops-15ct-15ml-ampollas\/","title":{"rendered":"Nasadrops 15ct-15ml Ampollas"},"content":{"rendered":"<p>-Solucion Salina Para Bebes<\/p>\n<p>NeilMed NasaDrops es una soluci\u00f3n salina est\u00e9ril isot\u00f3nica sin conservantes ni medicamentos con una tapa f\u00e1cil de abrir y es conveniente para usar en el hogar, la guarder\u00eda, la escuela, el patio de juegos y el hospital. 15 Ampollas de 15 ml<\/p>\n","protected":false},"excerpt":{"rendered":"<p>-Solucion Salina Para Bebes NeilMed NasaDrops es una soluci\u00f3n salina est\u00e9ril isot\u00f3nica sin conservantes ni medicamentos con una tapa f\u00e1cil de abrir y es conveniente para usar en el hogar, la guarder\u00eda, la escuela, el patio de juegos y el hospital. 15 Ampollas de 15 ml<\/p>\n","protected":false},"featured_media":6112,"comment_status":"open","ping_status":"closed","template":"","meta":{"_acf_changed":false,"inline_featured_image":false},"product_brand":[],"product_cat":[50],"product_tag":[],"class_list":{"0":"post-6111","1":"product","2":"type-product","3":"status-publish","4":"has-post-thumbnail","6":"product_cat-bebes-ninos","8":"first","9":"instock","10":"shipping-taxable","11":"purchasable","12":"product-type-simple"},"yoast_head":"<!-- This site is optimized with the Yoast SEO Premium plugin v27.2 (Yoast SEO v27.3) - https:\/\/yoast.com\/product\/yoast-seo-premium-wordpress\/ -->\n<title>Nasadrops 15ct-15ml Ampollas - NeilMed Pharmaceuticals - Panama<\/title>\n<meta name=\"robots\" content=\"index, follow, max-snippet:-1, max-image-preview:large, max-video-preview:-1\" \/>\n<link rel=\"canonical\" href=\"https:\/\/www.neilmed.com\/pan\/product\/nasadrops-15ct-15ml-ampollas\/\" \/>\n<meta property=\"og:locale\" content=\"es_ES\" \/>\n<meta property=\"og:type\" content=\"article\" \/>\n<meta property=\"og:title\" content=\"Nasadrops 15ct-15ml Ampollas\" \/>\n<meta property=\"og:description\" content=\"-Solucion Salina Para Bebes NeilMed NasaDrops es una soluci\u00f3n salina est\u00e9ril isot\u00f3nica sin conservantes ni medicamentos con una tapa f\u00e1cil de abrir y es conveniente para usar en el hogar, la guarder\u00eda, la escuela, el patio de juegos y el hospital. 15 Ampollas de 15 ml\" \/>\n<meta property=\"og:url\" content=\"https:\/\/www.neilmed.com\/pan\/product\/nasadrops-15ct-15ml-ampollas\/\" \/>\n<meta property=\"og:site_name\" content=\"NeilMed Pharmaceuticals - Panama\" \/>\n<meta property=\"article:modified_time\" content=\"2025-07-31T20:51:04+00:00\" \/>\n<meta property=\"og:image\" content=\"https:\/\/www.neilmed.com\/pan\/wp-content\/uploads\/sites\/23\/2025\/07\/2925-SPA-INT-rev7-Right-SPA1.png\" \/>\n\t<meta property=\"og:image:width\" content=\"1000\" \/>\n\t<meta property=\"og:image:height\" content=\"1000\" \/>\n\t<meta property=\"og:image:type\" content=\"image\/png\" \/>\n<meta name=\"twitter:card\" content=\"summary_large_image\" \/>\n<meta name=\"twitter:label1\" content=\"Tiempo estimado de lectura\" \/>\n\t<meta name=\"twitter:data1\" content=\"1 minuto\" \/>\n<script type=\"application\/ld+json\" class=\"yoast-schema-graph\">{\"@context\":\"https:\\\/\\\/schema.org\",\"@graph\":[{\"@type\":\"WebPage\",\"@id\":\"https:\\\/\\\/www.neilmed.com\\\/pan\\\/product\\\/nasadrops-15ct-15ml-ampollas\\\/\",\"url\":\"https:\\\/\\\/www.neilmed.com\\\/pan\\\/product\\\/nasadrops-15ct-15ml-ampollas\\\/\",\"name\":\"Nasadrops 15ct-15ml Ampollas - NeilMed Pharmaceuticals - Panama\",\"isPartOf\":{\"@id\":\"https:\\\/\\\/www.neilmed.com\\\/pan\\\/#website\"},\"primaryImageOfPage\":{\"@id\":\"https:\\\/\\\/www.neilmed.com\\\/pan\\\/product\\\/nasadrops-15ct-15ml-ampollas\\\/#primaryimage\"},\"image\":{\"@id\":\"https:\\\/\\\/www.neilmed.com\\\/pan\\\/product\\\/nasadrops-15ct-15ml-ampollas\\\/#primaryimage\"},\"thumbnailUrl\":\"https:\\\/\\\/www.neilmed.com\\\/pan\\\/wp-content\\\/uploads\\\/sites\\\/23\\\/2025\\\/07\\\/2925-SPA-INT-rev7-Right-SPA1.png\",\"datePublished\":\"2025-07-31T20:51:03+00:00\",\"dateModified\":\"2025-07-31T20:51:04+00:00\",\"breadcrumb\":{\"@id\":\"https:\\\/\\\/www.neilmed.com\\\/pan\\\/product\\\/nasadrops-15ct-15ml-ampollas\\\/#breadcrumb\"},\"inLanguage\":\"es-CL\",\"potentialAction\":[{\"@type\":\"ReadAction\",\"target\":[\"https:\\\/\\\/www.neilmed.com\\\/pan\\\/product\\\/nasadrops-15ct-15ml-ampollas\\\/\"]}]},{\"@type\":\"ImageObject\",\"inLanguage\":\"es-CL\",\"@id\":\"https:\\\/\\\/www.neilmed.com\\\/pan\\\/product\\\/nasadrops-15ct-15ml-ampollas\\\/#primaryimage\",\"url\":\"https:\\\/\\\/www.neilmed.com\\\/pan\\\/wp-content\\\/uploads\\\/sites\\\/23\\\/2025\\\/07\\\/2925-SPA-INT-rev7-Right-SPA1.png\",\"contentUrl\":\"https:\\\/\\\/www.neilmed.com\\\/pan\\\/wp-content\\\/uploads\\\/sites\\\/23\\\/2025\\\/07\\\/2925-SPA-INT-rev7-Right-SPA1.png\",\"width\":1000,\"height\":1000,\"caption\":\"Nasadrops 15ct-15ml Ampollas\"},{\"@type\":\"BreadcrumbList\",\"@id\":\"https:\\\/\\\/www.neilmed.com\\\/pan\\\/product\\\/nasadrops-15ct-15ml-ampollas\\\/#breadcrumb\",\"itemListElement\":[{\"@type\":\"ListItem\",\"position\":1,\"name\":\"Home\",\"item\":\"https:\\\/\\\/www.neilmed.com\\\/pan\\\/\"},{\"@type\":\"ListItem\",\"position\":2,\"name\":\"Tienda\",\"item\":\"https:\\\/\\\/www.neilmed.com\\\/pan\\\/tienda\\\/\"},{\"@type\":\"ListItem\",\"position\":3,\"name\":\"Nasadrops 15ct-15ml Ampollas\"}]},{\"@type\":\"WebSite\",\"@id\":\"https:\\\/\\\/www.neilmed.com\\\/pan\\\/#website\",\"url\":\"https:\\\/\\\/www.neilmed.com\\\/pan\\\/\",\"name\":\"NeilMed Pharmaceuticals - Panama\",\"description\":\"NeilMed Pharmaceuticals: world leader in nasal saline irrigation system | Sinus Rinse | Neti Pot | Nasal Irrigation\",\"potentialAction\":[{\"@type\":\"SearchAction\",\"target\":{\"@type\":\"EntryPoint\",\"urlTemplate\":\"https:\\\/\\\/www.neilmed.com\\\/pan\\\/?s={search_term_string}\"},\"query-input\":{\"@type\":\"PropertyValueSpecification\",\"valueRequired\":true,\"valueName\":\"search_term_string\"}}],\"inLanguage\":\"es-CL\"}]}<\/script>\n<!-- \/ Yoast SEO Premium plugin. -->","yoast_head_json":{"title":"Nasadrops 15ct-15ml Ampollas - NeilMed Pharmaceuticals - Panama","robots":{"index":"index","follow":"follow","max-snippet":"max-snippet:-1","max-image-preview":"max-image-preview:large","max-video-preview":"max-video-preview:-1"},"canonical":"https:\/\/www.neilmed.com\/pan\/product\/nasadrops-15ct-15ml-ampollas\/","og_locale":"es_ES","og_type":"article","og_title":"Nasadrops 15ct-15ml Ampollas","og_description":"-Solucion Salina Para Bebes NeilMed NasaDrops es una soluci\u00f3n salina est\u00e9ril isot\u00f3nica sin conservantes ni medicamentos con una tapa f\u00e1cil de abrir y es conveniente para usar en el hogar, la guarder\u00eda, la escuela, el patio de juegos y el hospital. 15 Ampollas de 15 ml","og_url":"https:\/\/www.neilmed.com\/pan\/product\/nasadrops-15ct-15ml-ampollas\/","og_site_name":"NeilMed Pharmaceuticals - Panama","article_modified_time":"2025-07-31T20:51:04+00:00","og_image":[{"width":1000,"height":1000,"url":"https:\/\/www.neilmed.com\/pan\/wp-content\/uploads\/sites\/23\/2025\/07\/2925-SPA-INT-rev7-Right-SPA1.png","type":"image\/png"}],"twitter_card":"summary_large_image","twitter_misc":{"Tiempo estimado de lectura":"1 minuto"},"schema":{"@context":"https:\/\/schema.org","@graph":[{"@type":"WebPage","@id":"https:\/\/www.neilmed.com\/pan\/product\/nasadrops-15ct-15ml-ampollas\/","url":"https:\/\/www.neilmed.com\/pan\/product\/nasadrops-15ct-15ml-ampollas\/","name":"Nasadrops 15ct-15ml Ampollas - NeilMed Pharmaceuticals - Panama","isPartOf":{"@id":"https:\/\/www.neilmed.com\/pan\/#website"},"primaryImageOfPage":{"@id":"https:\/\/www.neilmed.com\/pan\/product\/nasadrops-15ct-15ml-ampollas\/#primaryimage"},"image":{"@id":"https:\/\/www.neilmed.com\/pan\/product\/nasadrops-15ct-15ml-ampollas\/#primaryimage"},"thumbnailUrl":"https:\/\/www.neilmed.com\/pan\/wp-content\/uploads\/sites\/23\/2025\/07\/2925-SPA-INT-rev7-Right-SPA1.png","datePublished":"2025-07-31T20:51:03+00:00","dateModified":"2025-07-31T20:51:04+00:00","breadcrumb":{"@id":"https:\/\/www.neilmed.com\/pan\/product\/nasadrops-15ct-15ml-ampollas\/#breadcrumb"},"inLanguage":"es-CL","potentialAction":[{"@type":"ReadAction","target":["https:\/\/www.neilmed.com\/pan\/product\/nasadrops-15ct-15ml-ampollas\/"]}]},{"@type":"ImageObject","inLanguage":"es-CL","@id":"https:\/\/www.neilmed.com\/pan\/product\/nasadrops-15ct-15ml-ampollas\/#primaryimage","url":"https:\/\/www.neilmed.com\/pan\/wp-content\/uploads\/sites\/23\/2025\/07\/2925-SPA-INT-rev7-Right-SPA1.png","contentUrl":"https:\/\/www.neilmed.com\/pan\/wp-content\/uploads\/sites\/23\/2025\/07\/2925-SPA-INT-rev7-Right-SPA1.png","width":1000,"height":1000,"caption":"Nasadrops 15ct-15ml Ampollas"},{"@type":"BreadcrumbList","@id":"https:\/\/www.neilmed.com\/pan\/product\/nasadrops-15ct-15ml-ampollas\/#breadcrumb","itemListElement":[{"@type":"ListItem","position":1,"name":"Home","item":"https:\/\/www.neilmed.com\/pan\/"},{"@type":"ListItem","position":2,"name":"Tienda","item":"https:\/\/www.neilmed.com\/pan\/tienda\/"},{"@type":"ListItem","position":3,"name":"Nasadrops 15ct-15ml Ampollas"}]},{"@type":"WebSite","@id":"https:\/\/www.neilmed.com\/pan\/#website","url":"https:\/\/www.neilmed.com\/pan\/","name":"NeilMed Pharmaceuticals - Panama","description":"NeilMed Pharmaceuticals: world leader in nasal saline irrigation system | Sinus Rinse | Neti Pot | Nasal Irrigation","potentialAction":[{"@type":"SearchAction","target":{"@type":"EntryPoint","urlTemplate":"https:\/\/www.neilmed.com\/pan\/?s={search_term_string}"},"query-input":{"@type":"PropertyValueSpecification","valueRequired":true,"valueName":"search_term_string"}}],"inLanguage":"es-CL"}]}},"acf":[],"_links":{"self":[{"href":"https:\/\/www.neilmed.com\/pan\/wp-json\/wp\/v2\/product\/6111","targetHints":{"allow":["GET"]}}],"collection":[{"href":"https:\/\/www.neilmed.com\/pan\/wp-json\/wp\/v2\/product"}],"about":[{"href":"https:\/\/www.neilmed.com\/pan\/wp-json\/wp\/v2\/types\/product"}],"replies":[{"embeddable":true,"href":"https:\/\/www.neilmed.com\/pan\/wp-json\/wp\/v2\/comments?post=6111"}],"wp:featuredmedia":[{"embeddable":true,"href":"https:\/\/www.neilmed.com\/pan\/wp-json\/wp\/v2\/media\/6112"}],"wp:attachment":[{"href":"https:\/\/www.neilmed.com\/pan\/wp-json\/wp\/v2\/media?parent=6111"}],"wp:term":[{"taxonomy":"product_brand","embeddable":true,"href":"https:\/\/www.neilmed.com\/pan\/wp-json\/wp\/v2\/product_brand?post=6111"},{"taxonomy":"product_cat","embeddable":true,"href":"https:\/\/www.neilmed.com\/pan\/wp-json\/wp\/v2\/product_cat?post=6111"},{"taxonomy":"product_tag","embeddable":true,"href":"https:\/\/www.neilmed.com\/pan\/wp-json\/wp\/v2\/product_tag?post=6111"}],"curies":[{"name":"wp","href":"https:\/\/api.w.org\/{rel}","templated":true}]}}